{"id":115453,"date":"2025-05-13T14:04:14","date_gmt":"2025-05-13T14:04:14","guid":{"rendered":"https:\/\/www.lifenatura.com\/produto\/guarana-bio-polvo-100g-salud-viva\/"},"modified":"2025-08-02T16:19:18","modified_gmt":"2025-08-02T16:19:18","slug":"guarana-bio-polvo-100g-salud-viva","status":"publish","type":"product","link":"https:\/\/www.lifenatura.com\/es\/produto\/guarana-bio-polvo-100g-salud-viva\/","title":{"rendered":"Guaran\u00e1 Bio polvo 100g &#8211; Salud Viva"},"content":{"rendered":"<h2 style=\"text-align: left;\" data-start=\"189\" data-end=\"229\"><strong>Guaran\u00e1 Bio Polvo tu bebida energ\u00e9tica natural<\/strong><\/h2>\n<p>&nbsp;<\/p>\n<p style=\"text-align: left;\" data-start=\"284\" data-end=\"719\"><strong data-start=\"286\" data-end=\"321\">El Guaran\u00e1 Bio Polvo de Salud Viva<\/strong> es un suplemento natural y org\u00e1nico obtenido de las semillas de la planta amaz\u00f3nica <em data-start=\"408\" data-end=\"426\">Paullinia cupana<\/em>, utilizada tradicionalmente por las poblaciones ind\u00edgenas por sus propiedades energizantes y revitalizantes. Rico en <strong data-start=\"544\" data-end=\"557\">guaranina<\/strong>, un compuesto similar a la cafe\u00edna, el guaran\u00e1 es conocido por proporcionar un <strong data-start=\"635\" data-end=\"667\">impulso gradual y duradero<\/strong>, sin los picos y bajones de energ\u00eda t\u00edpicos del caf\u00e9.<\/p>\n<p style=\"text-align: left;\" data-start=\"721\" data-end=\"952\">Este polvo 100% puro y sin aditivos es ideal para mezclar en batidos, zumos, bebidas vegetales o infusiones. Es una excelente alternativa natural para quienes necesitan m\u00e1s atenci\u00f3n, concentraci\u00f3n y resistencia f\u00edsica y mental a lo largo del d\u00eda.<\/p>\n<p style=\"text-align: left;\" data-start=\"954\" data-end=\"1182\">Adem\u00e1s de su efecto estimulante, el guaran\u00e1 tambi\u00e9n es apreciado por sus propiedades <strong data-start=\"1036\" data-end=\"1053\">antioxidantes<\/strong> y por favorecer <strong data-start=\"1070\" data-end=\"1096\">el metabolismo energ\u00e9tico<\/strong> y el <strong data-start=\"1102\" data-end=\"1125\">control del apetito<\/strong>, lo que lo convierte en un ingrediente popular en los programas de control de peso.<\/p>\n<p style=\"text-align: left;\" data-start=\"1184\" data-end=\"1210\"><strong>Principales ventajas:<\/strong><\/p>\n<ul style=\"text-align: left;\" data-start=\"1211\" data-end=\"1528\">\n<li data-start=\"1211\" data-end=\"1269\">\n<p data-start=\"1213\" data-end=\"1269\"><strong data-start=\"1213\" data-end=\"1266\">Aumenta la energ\u00eda y la resistencia f\u00edsica y mental<\/strong>;<\/p>\n<\/li>\n<li data-start=\"1270\" data-end=\"1325\">\n<p data-start=\"1272\" data-end=\"1325\">Estimula <strong data-start=\"1283\" data-end=\"1322\">la concentraci\u00f3n, la atenci\u00f3n y la claridad mental<\/strong>;<\/p>\n<\/li>\n<li data-start=\"1326\" data-end=\"1394\">\n<p data-start=\"1328\" data-end=\"1394\">Rica en <strong data-start=\"1336\" data-end=\"1362\">antioxidantes naturales<\/strong>, combate el estr\u00e9s oxidativo;<\/p>\n<\/li>\n<li data-start=\"1395\" data-end=\"1467\">\n<p data-start=\"1397\" data-end=\"1467\">Puede ayudar a <strong data-start=\"1412\" data-end=\"1435\">controlar el apetito<\/strong> y favorecer la quema de grasas;<\/p>\n<\/li>\n<li data-start=\"1468\" data-end=\"1528\">\n<p data-start=\"1470\" data-end=\"1528\">Efecto estimulante <strong data-start=\"1489\" data-end=\"1516\">m\u00e1s suave y duradero<\/strong> que el del caf\u00e9.<\/p>\n<\/li>\n<\/ul>\n<p style=\"text-align: left;\" data-start=\"1530\" data-end=\"1545\"><strong>Indicaciones:<\/strong><\/p>\n<p style=\"text-align: left;\" data-start=\"1546\" data-end=\"1602\"><strong data-start=\"1548\" data-end=\"1583\">Guaran\u00e1 Bio Polvo de Salud<\/strong> Viva est\u00e1 indicado para:<\/p>\n<ul style=\"text-align: left;\" data-start=\"1603\" data-end=\"1848\">\n<li data-start=\"1603\" data-end=\"1647\">\n<p data-start=\"1605\" data-end=\"1647\">Personas con <strong data-start=\"1617\" data-end=\"1644\">fatiga f\u00edsica o mental<\/strong>;<\/p>\n<\/li>\n<li data-start=\"1648\" data-end=\"1732\">\n<p data-start=\"1650\" data-end=\"1732\">Estudiantes, profesionales o deportistas que necesitan m\u00e1s concentraci\u00f3n y energ\u00eda;<\/p>\n<\/li>\n<li data-start=\"1733\" data-end=\"1784\">\n<p data-start=\"1735\" data-end=\"1784\">Los que buscan <strong data-start=\"1748\" data-end=\"1781\">un sustituto natural del caf\u00e9<\/strong>;<\/p>\n<\/li>\n<li data-start=\"1785\" data-end=\"1848\">\n<p data-start=\"1787\" data-end=\"1848\">Apoyo <strong data-start=\"1796\" data-end=\"1826\">a las dietas de control de peso<\/strong> o metabolismo lento.<\/p>\n<\/li>\n<\/ul>\n<p style=\"text-align: left;\"><strong>Presentaci\u00f3n:<\/strong><\/p>\n<p style=\"text-align: left;\">100g<\/p>\n<p style=\"text-align: left;\">\n","protected":false},"excerpt":{"rendered":"<p>Guaran\u00e1 Bio Polvo Salud Viva &#8211; Est\u00edmulo natural y duradero para la energ\u00eda, la concentraci\u00f3n y la vitalidad. Ideal para sustituir al caf\u00e9 y apoyar el metabolismo. [&#8230;]<\/p>\n<p><a class=\"btn btn-secondary understrap-read-more-link\" href=\"https:\/\/www.lifenatura.com\/es\/produto\/guarana-bio-polvo-100g-salud-viva\/\">Leer m\u00e1s&#8230;<span class=\"screen-reader-text\"> from Guaran\u00e1 Bio polvo 100g &#8211; Salud Viva<\/span><\/a><\/p>\n","protected":false},"featured_media":111527,"template":"","meta":{"_acf_changed":false},"product_brand":[8295],"product_cat":[7064,7223,7722,7659,7100,7883],"product_tag":[],"class_list":{"0":"post-115453","1":"product","2":"type-product","3":"status-publish","4":"has-post-thumbnail","6":"product_brand-salud-viva","7":"product_cat-alimentacion-sana","8":"product_cat-concentracion-memoria-salud","9":"product_cat-guarana-es","10":"product_cat-ingrediente-natural-bio","11":"product_cat-superalimentos-bio","12":"product_cat-suplementos-alimenticios","14":"first","15":"instock","16":"shipping-taxable","17":"purchasable","18":"product-type-simple","19":"add-to-wishlist-before_image"},"acf":[],"yoast_head":"<!-- This site is optimized with the Yoast SEO Premium plugin v27.1 (Yoast SEO v27.3) - https:\/\/yoast.com\/product\/yoast-seo-premium-wordpress\/ -->\n<title>Guaran\u00e1 Bio polvo 100g - Salud Viva - Lifenatura<\/title>\n<meta name=\"description\" content=\"Guaran\u00e1 Bio Polvo Salud Viva, est\u00edmulo natural y duradero para la energ\u00eda, la concentraci\u00f3n y la vitalidad. Ideal para sustituir al caf\u00e9.\" \/>\n<meta name=\"robots\" content=\"index, follow, max-snippet:-1, max-image-preview:large, max-video-preview:-1\" \/>\n<link rel=\"canonical\" href=\"https:\/\/www.lifenatura.com\/es\/produto\/guarana-bio-polvo-100g-salud-viva\/\" \/>\n<meta property=\"og:locale\" content=\"es_ES\" \/>\n<meta property=\"og:type\" content=\"article\" \/>\n<meta property=\"og:title\" content=\"Guaran\u00e1 Bio polvo 100g - Salud Viva - Lifenatura\" \/>\n<meta property=\"og:description\" content=\"Compre aqui o seu Guaran\u00e1 Bio polvo 100g - Salud Viva e a Lifenatura Online envia em 48 H com Portes Gratis &gt;35\u20ac de Pedido.\" \/>\n<meta property=\"og:url\" content=\"https:\/\/www.lifenatura.com\/es\/produto\/guarana-bio-polvo-100g-salud-viva\/\" \/>\n<meta property=\"og:site_name\" content=\"Lifenatura\" \/>\n<meta property=\"article:publisher\" content=\"https:\/\/www.facebook.com\/lifenatura\" \/>\n<meta property=\"article:modified_time\" content=\"2025-08-02T16:19:18+00:00\" \/>\n<meta property=\"og:image\" content=\"https:\/\/www.lifenatura.com\/wp-content\/uploads\/2025\/05\/guarana-en-po-100g-salud-viva.jpg\" \/>\n\t<meta property=\"og:image:width\" content=\"1000\" \/>\n\t<meta property=\"og:image:height\" content=\"1000\" \/>\n\t<meta property=\"og:image:type\" content=\"image\/jpeg\" \/>\n<meta name=\"twitter:card\" content=\"summary_large_image\" \/>\n<meta name=\"twitter:label1\" content=\"Precio\" \/>\n\t<meta name=\"twitter:data1\" content=\"14,26&nbsp;&euro;\" \/>\n\t<meta name=\"twitter:label2\" content=\"Disponibilidad\" \/>\n\t<meta name=\"twitter:data2\" content=\"Disponible\" \/>\n<meta property=\"product:price:amount\" content=\"14.26\" \/>\n<meta property=\"product:price:currency\" content=\"EUR\" \/>\n<meta property=\"og:availability\" content=\"instock\" \/>\n<meta property=\"product:availability\" content=\"instock\" \/>\n<meta property=\"product:retailer_item_id\" content=\"12890000008\" \/>\n<meta property=\"product:condition\" content=\"new\" \/>\n<!-- \/ Yoast SEO Premium plugin. -->","yoast_head_json":{"title":"Guaran\u00e1 Bio polvo 100g - Salud Viva - Lifenatura","description":"Guaran\u00e1 Bio Polvo Salud Viva, est\u00edmulo natural y duradero para la energ\u00eda, la concentraci\u00f3n y la vitalidad. Ideal para sustituir al caf\u00e9.","robots":{"index":"index","follow":"follow","max-snippet":"max-snippet:-1","max-image-preview":"max-image-preview:large","max-video-preview":"max-video-preview:-1"},"canonical":"https:\/\/www.lifenatura.com\/es\/produto\/guarana-bio-polvo-100g-salud-viva\/","og_locale":"es_ES","og_type":"article","og_title":"Guaran\u00e1 Bio polvo 100g - Salud Viva - Lifenatura","og_description":"Compre aqui o seu Guaran\u00e1 Bio polvo 100g - Salud Viva e a Lifenatura Online envia em 48 H com Portes Gratis >35\u20ac de Pedido.","og_url":"https:\/\/www.lifenatura.com\/es\/produto\/guarana-bio-polvo-100g-salud-viva\/","og_site_name":"Lifenatura","article_publisher":"https:\/\/www.facebook.com\/lifenatura","article_modified_time":"2025-08-02T16:19:18+00:00","og_image":[{"width":1000,"height":1000,"url":"https:\/\/www.lifenatura.com\/wp-content\/uploads\/2025\/05\/guarana-en-po-100g-salud-viva.jpg","type":"image\/jpeg"}],"twitter_card":"summary_large_image","twitter_misc":{"Precio":"14,26&nbsp;&euro;","Disponibilidad":"Disponible"},"schema":{"@context":"https:\/\/schema.org","@graph":[{"@type":"WebPage","@id":"https:\/\/www.lifenatura.com\/es\/produto\/guarana-bio-polvo-100g-salud-viva\/","url":"https:\/\/www.lifenatura.com\/es\/produto\/guarana-bio-polvo-100g-salud-viva\/","name":"Guaran\u00e1 Bio polvo 100g - Salud Viva - Lifenatura","isPartOf":{"@id":"https:\/\/www.lifenatura.com\/es\/#website"},"primaryImageOfPage":{"@id":"https:\/\/www.lifenatura.com\/es\/produto\/guarana-bio-polvo-100g-salud-viva\/#primaryimage"},"image":{"@id":"https:\/\/www.lifenatura.com\/es\/produto\/guarana-bio-polvo-100g-salud-viva\/#primaryimage"},"thumbnailUrl":"https:\/\/www.lifenatura.com\/wp-content\/uploads\/2025\/05\/guarana-en-po-100g-salud-viva.jpg","datePublished":"2025-05-13T14:04:14+00:00","dateModified":"2025-08-02T16:19:18+00:00","description":"Guaran\u00e1 Bio Polvo Salud Viva, est\u00edmulo natural y duradero para la energ\u00eda, la concentraci\u00f3n y la vitalidad. Ideal para sustituir al caf\u00e9.","breadcrumb":{"@id":"https:\/\/www.lifenatura.com\/es\/produto\/guarana-bio-polvo-100g-salud-viva\/#breadcrumb"},"inLanguage":"es","potentialAction":[{"@type":"ReadAction","target":["https:\/\/www.lifenatura.com\/es\/produto\/guarana-bio-polvo-100g-salud-viva\/"]}]},{"@type":"ImageObject","inLanguage":"es","@id":"https:\/\/www.lifenatura.com\/es\/produto\/guarana-bio-polvo-100g-salud-viva\/#primaryimage","url":"https:\/\/www.lifenatura.com\/wp-content\/uploads\/2025\/05\/guarana-en-po-100g-salud-viva.jpg","contentUrl":"https:\/\/www.lifenatura.com\/wp-content\/uploads\/2025\/05\/guarana-en-po-100g-salud-viva.jpg","width":1000,"height":1000},{"@type":"BreadcrumbList","@id":"https:\/\/www.lifenatura.com\/es\/produto\/guarana-bio-polvo-100g-salud-viva\/#breadcrumb","itemListElement":[{"@type":"ListItem","position":1,"name":"In\u00edcio","item":"https:\/\/www.lifenatura.com\/es\/"},{"@type":"ListItem","position":2,"name":"Todos los Productos","item":"https:\/\/www.lifenatura.com\/es\/tienda\/"},{"@type":"ListItem","position":3,"name":"Guaran\u00e1 Bio polvo 100g &#8211; Salud Viva"}]},{"@type":"WebSite","@id":"https:\/\/www.lifenatura.com\/es\/#website","url":"https:\/\/www.lifenatura.com\/es\/","name":"Lifenatura","description":"A Lifenatura \u00e9 uma loja de produtos naturais, cosm\u00e9tica natural e alimenta\u00e7\u00e3o Biol\u00f3gica.","publisher":{"@id":"https:\/\/www.lifenatura.com\/es\/#organization"},"potentialAction":[{"@type":"SearchAction","target":{"@type":"EntryPoint","urlTemplate":"https:\/\/www.lifenatura.com\/es\/?s={search_term_string}"},"query-input":{"@type":"PropertyValueSpecification","valueRequired":true,"valueName":"search_term_string"}}],"inLanguage":"es"},{"@type":"Organization","@id":"https:\/\/www.lifenatura.com\/es\/#organization","name":"Lifenatura","url":"https:\/\/www.lifenatura.com\/es\/","logo":{"@type":"ImageObject","inLanguage":"es","@id":"https:\/\/www.lifenatura.com\/es\/#\/schema\/logo\/image\/","url":"https:\/\/www.lifenatura.com\/wp-content\/uploads\/2021\/11\/logo.png","contentUrl":"https:\/\/www.lifenatura.com\/wp-content\/uploads\/2021\/11\/logo.png","width":175,"height":55,"caption":"Lifenatura"},"image":{"@id":"https:\/\/www.lifenatura.com\/es\/#\/schema\/logo\/image\/"},"sameAs":["https:\/\/www.facebook.com\/lifenatura","https:\/\/www.instagram.com\/lifenaturapt\/"]}]},"product_price_amount":"14.26","product_price_currency":"EUR","og_availability":"instock","product_availability":"instock","product_retailer_item_id":"12890000008","product_condition":"new"},"df_price":14.26,"df_sale_price":"","df_regular_price":14.26,"df_image_link":"https:\/\/www.lifenatura.com\/wp-content\/uploads\/2025\/05\/guarana-en-po-100g-salud-viva-300x300.jpg","_links":{"self":[{"href":"https:\/\/www.lifenatura.com\/es\/wp-json\/wp\/v2\/product\/115453","targetHints":{"allow":["GET"]}}],"collection":[{"href":"https:\/\/www.lifenatura.com\/es\/wp-json\/wp\/v2\/product"}],"about":[{"href":"https:\/\/www.lifenatura.com\/es\/wp-json\/wp\/v2\/types\/product"}],"wp:featuredmedia":[{"embeddable":true,"href":"https:\/\/www.lifenatura.com\/es\/wp-json\/wp\/v2\/media\/111527"}],"wp:attachment":[{"href":"https:\/\/www.lifenatura.com\/es\/wp-json\/wp\/v2\/media?parent=115453"}],"wp:term":[{"taxonomy":"product_brand","embeddable":true,"href":"https:\/\/www.lifenatura.com\/es\/wp-json\/wp\/v2\/product_brand?post=115453"},{"taxonomy":"product_cat","embeddable":true,"href":"https:\/\/www.lifenatura.com\/es\/wp-json\/wp\/v2\/product_cat?post=115453"},{"taxonomy":"product_tag","embeddable":true,"href":"https:\/\/www.lifenatura.com\/es\/wp-json\/wp\/v2\/product_tag?post=115453"}],"curies":[{"name":"wp","href":"https:\/\/api.w.org\/{rel}","templated":true}]}}