{"id":115448,"date":"2025-05-13T14:04:24","date_gmt":"2025-05-13T14:04:24","guid":{"rendered":"https:\/\/www.lifenatura.com\/produto\/longevidad-125g-salud-viva\/"},"modified":"2025-08-04T00:00:38","modified_gmt":"2025-08-04T00:00:38","slug":"longevidad-125g-salud-viva","status":"publish","type":"product","link":"https:\/\/www.lifenatura.com\/es\/produto\/longevidad-125g-salud-viva\/","title":{"rendered":"Longevidad 125g &#8211; Salud Viva"},"content":{"rendered":"<h2 style=\"text-align: left;\" data-start=\"182\" data-end=\"214\"><strong>Longevidad &#8211; una mezcla para fomentar la vitalidad<\/strong><\/h2>\n<p>&nbsp;<\/p>\n<p data-start=\"283\" data-end=\"672\"><strong data-start=\"285\" data-end=\"312\">Longevity de Salud Viva<\/strong> es una mezcla funcional y 100% natural desarrollada para promover <strong data-start=\"381\" data-end=\"442\">la vitalidad, la longevidad celular y el equilibrio del organismo<\/strong>. Esta f\u00f3rmula \u00fanica combina superalimentos y plantas adapt\u00f3genas como la <strong data-start=\"515\" data-end=\"579\">moringa, el amla, el camu camu, el azafr\u00e1n, la canela, el jengibre y la l\u00facuma<\/strong>, todos de origen org\u00e1nico, creando un suplemento completo para el bienestar f\u00edsico y mental.<\/p>\n<p data-start=\"674\" data-end=\"1025\">Rica en <strong data-start=\"682\" data-end=\"779\">vitaminas (como la vitamina C natural), minerales, antioxidantes y compuestos antiinflamatorios<\/strong>, la Longevidad refuerza el sistema inmunitario, protege las c\u00e9lulas contra el estr\u00e9s oxidativo y favorece una digesti\u00f3n equilibrada. Adem\u00e1s, gracias a sus propiedades adapt\u00f3genas, ayuda al organismo a afrontar mejor el estr\u00e9s y la fatiga cotidianos.<\/p>\n<p data-start=\"1027\" data-end=\"1156\">Con su sabor suave y ligeramente ex\u00f3tico, se puede a\u00f1adir f\u00e1cilmente a batidos, zumos, gachas, smoothies o bebidas vegetales.<\/p>\n<p data-start=\"1158\" data-end=\"1184\"><strong>Principales ventajas:<\/strong><\/p>\n<ul data-start=\"1185\" data-end=\"1598\">\n<li data-start=\"1185\" data-end=\"1284\">\n<p data-start=\"1187\" data-end=\"1284\">Rico en <strong data-start=\"1195\" data-end=\"1221\">antioxidantes naturales<\/strong> que combaten los radicales libres y el envejecimiento celular;<\/p>\n<\/li>\n<li data-start=\"1285\" data-end=\"1358\">\n<p data-start=\"1287\" data-end=\"1358\">Contribuye a <strong data-start=\"1304\" data-end=\"1337\">reforzar el sistema inmunitario<\/strong> y el bienestar general;<\/p>\n<\/li>\n<li data-start=\"1359\" data-end=\"1421\">\n<p data-start=\"1361\" data-end=\"1421\">Favorece <strong data-start=\"1369\" data-end=\"1405\">la digesti\u00f3n y el metabolismo natural<\/strong> del cuerpo;<\/p>\n<\/li>\n<li data-start=\"1422\" data-end=\"1501\">\n<p data-start=\"1424\" data-end=\"1501\">Contiene <strong data-start=\"1431\" data-end=\"1453\">vitamina C natural<\/strong>, esencial para la energ\u00eda y la protecci\u00f3n celular;<\/p>\n<\/li>\n<li data-start=\"1502\" data-end=\"1598\">\n<p data-start=\"1504\" data-end=\"1598\">Propiedades <strong data-start=\"1517\" data-end=\"1555\">antiinflamatorias y adapt\u00f3genas<\/strong> que favorecen el equilibrio f\u00edsico y mental.<\/p>\n<\/li>\n<\/ul>\n<p data-start=\"1600\" data-end=\"1617\"><strong>Indicaciones:<\/strong><\/p>\n<p data-start=\"1618\" data-end=\"1666\"><strong data-start=\"1620\" data-end=\"1647\">Longevidad de Salud<\/strong> Viva est\u00e1 indicado para:<\/p>\n<ul data-start=\"1667\" data-end=\"1944\">\n<li data-start=\"1667\" data-end=\"1735\">\n<p data-start=\"1669\" data-end=\"1735\">Quienes buscan <strong data-start=\"1682\" data-end=\"1732\">mejorar su salud de forma preventiva y natural<\/strong>;<\/p>\n<\/li>\n<li data-start=\"1736\" data-end=\"1807\">\n<p data-start=\"1738\" data-end=\"1807\">Personas con un estilo de vida activo o sometidas a estr\u00e9s f\u00edsico y emocional;<\/p>\n<\/li>\n<li data-start=\"1808\" data-end=\"1883\">\n<p data-start=\"1810\" data-end=\"1883\">Cualquier persona que quiera contribuir a <strong data-start=\"1831\" data-end=\"1880\">un envejecimiento saludable y a la vitalidad diaria<\/strong>;<\/p>\n<\/li>\n<li data-start=\"1884\" data-end=\"1944\">\n<p data-start=\"1886\" data-end=\"1944\">Dietas funcionales, desintoxicantes, veganas e inmunol\u00f3gicas.<\/p>\n<\/li>\n<\/ul>\n<p><strong>Presentaci\u00f3n:<\/strong><\/p>\n<p>125g<\/p>\n<p>&nbsp;<\/p>\n","protected":false},"excerpt":{"rendered":"<p>Longevidad Salud Viva &#8211; F\u00f3rmula natural con superalimentos y antioxidantes para la energ\u00eda, la inmunidad y el envejecimiento saludable. [&#8230;]<\/p>\n<p><a class=\"btn btn-secondary understrap-read-more-link\" href=\"https:\/\/www.lifenatura.com\/es\/produto\/longevidad-125g-salud-viva\/\">Leer m\u00e1s&#8230;<span class=\"screen-reader-text\"> from Longevidad 125g &#8211; Salud Viva<\/span><\/a><\/p>\n","protected":false},"featured_media":111511,"template":"","meta":{"_acf_changed":false},"product_brand":[8295],"product_cat":[7064,7100],"product_tag":[],"class_list":{"0":"post-115448","1":"product","2":"type-product","3":"status-publish","4":"has-post-thumbnail","6":"product_brand-salud-viva","7":"product_cat-alimentacion-sana","8":"product_cat-superalimentos-bio","10":"first","11":"instock","12":"shipping-taxable","13":"purchasable","14":"product-type-simple","15":"add-to-wishlist-before_image"},"acf":[],"yoast_head":"<!-- This site is optimized with the Yoast SEO Premium plugin v27.1 (Yoast SEO v27.3) - https:\/\/yoast.com\/product\/yoast-seo-premium-wordpress\/ -->\n<title>Longevidad 125g - Salud Viva - Lifenatura<\/title>\n<meta name=\"description\" content=\"Longevidad Salud Viva - F\u00f3rmula natural con superalimentos y antioxidantes para la energ\u00eda, la inmunidad y el envejecimiento saludable.\" \/>\n<meta name=\"robots\" content=\"index, follow, max-snippet:-1, max-image-preview:large, max-video-preview:-1\" \/>\n<link rel=\"canonical\" href=\"https:\/\/www.lifenatura.com\/es\/produto\/longevidad-125g-salud-viva\/\" \/>\n<meta property=\"og:locale\" content=\"es_ES\" \/>\n<meta property=\"og:type\" content=\"article\" \/>\n<meta property=\"og:title\" content=\"Longevidad 125g - Salud Viva - Lifenatura\" \/>\n<meta property=\"og:description\" content=\"Compre aqui o seu Longevidad 125g - Salud Viva e a Lifenatura Online envia em 48 H com Portes Gratis &gt;35\u20ac de Pedido.\" \/>\n<meta property=\"og:url\" content=\"https:\/\/www.lifenatura.com\/es\/produto\/longevidad-125g-salud-viva\/\" \/>\n<meta property=\"og:site_name\" content=\"Lifenatura\" \/>\n<meta property=\"article:publisher\" content=\"https:\/\/www.facebook.com\/lifenatura\" \/>\n<meta property=\"article:modified_time\" content=\"2025-08-04T00:00:38+00:00\" \/>\n<meta property=\"og:image\" content=\"https:\/\/www.lifenatura.com\/wp-content\/uploads\/2025\/05\/longevity-125g-salud-viva.jpg\" \/>\n\t<meta property=\"og:image:width\" content=\"1000\" \/>\n\t<meta property=\"og:image:height\" content=\"1000\" \/>\n\t<meta property=\"og:image:type\" content=\"image\/jpeg\" \/>\n<meta name=\"twitter:card\" content=\"summary_large_image\" \/>\n<meta name=\"twitter:label1\" content=\"Precio\" \/>\n\t<meta name=\"twitter:data1\" content=\"11,03&nbsp;&euro;\" \/>\n\t<meta name=\"twitter:label2\" content=\"Disponibilidad\" \/>\n\t<meta name=\"twitter:data2\" content=\"Disponible\" \/>\n<meta property=\"product:price:amount\" content=\"11.03\" \/>\n<meta property=\"product:price:currency\" content=\"EUR\" \/>\n<meta property=\"og:availability\" content=\"instock\" \/>\n<meta property=\"product:availability\" content=\"instock\" \/>\n<meta property=\"product:retailer_item_id\" content=\"21610000006\" \/>\n<meta property=\"product:condition\" content=\"new\" \/>\n<!-- \/ Yoast SEO Premium plugin. -->","yoast_head_json":{"title":"Longevidad 125g - Salud Viva - Lifenatura","description":"Longevidad Salud Viva - F\u00f3rmula natural con superalimentos y antioxidantes para la energ\u00eda, la inmunidad y el envejecimiento saludable.","robots":{"index":"index","follow":"follow","max-snippet":"max-snippet:-1","max-image-preview":"max-image-preview:large","max-video-preview":"max-video-preview:-1"},"canonical":"https:\/\/www.lifenatura.com\/es\/produto\/longevidad-125g-salud-viva\/","og_locale":"es_ES","og_type":"article","og_title":"Longevidad 125g - Salud Viva - Lifenatura","og_description":"Compre aqui o seu Longevidad 125g - Salud Viva e a Lifenatura Online envia em 48 H com Portes Gratis >35\u20ac de Pedido.","og_url":"https:\/\/www.lifenatura.com\/es\/produto\/longevidad-125g-salud-viva\/","og_site_name":"Lifenatura","article_publisher":"https:\/\/www.facebook.com\/lifenatura","article_modified_time":"2025-08-04T00:00:38+00:00","og_image":[{"width":1000,"height":1000,"url":"https:\/\/www.lifenatura.com\/wp-content\/uploads\/2025\/05\/longevity-125g-salud-viva.jpg","type":"image\/jpeg"}],"twitter_card":"summary_large_image","twitter_misc":{"Precio":"11,03&nbsp;&euro;","Disponibilidad":"Disponible"},"schema":{"@context":"https:\/\/schema.org","@graph":[{"@type":"WebPage","@id":"https:\/\/www.lifenatura.com\/es\/produto\/longevidad-125g-salud-viva\/","url":"https:\/\/www.lifenatura.com\/es\/produto\/longevidad-125g-salud-viva\/","name":"Longevidad 125g - Salud Viva - Lifenatura","isPartOf":{"@id":"https:\/\/www.lifenatura.com\/es\/#website"},"primaryImageOfPage":{"@id":"https:\/\/www.lifenatura.com\/es\/produto\/longevidad-125g-salud-viva\/#primaryimage"},"image":{"@id":"https:\/\/www.lifenatura.com\/es\/produto\/longevidad-125g-salud-viva\/#primaryimage"},"thumbnailUrl":"https:\/\/www.lifenatura.com\/wp-content\/uploads\/2025\/05\/longevity-125g-salud-viva.jpg","datePublished":"2025-05-13T14:04:24+00:00","dateModified":"2025-08-04T00:00:38+00:00","description":"Longevidad Salud Viva - F\u00f3rmula natural con superalimentos y antioxidantes para la energ\u00eda, la inmunidad y el envejecimiento saludable.","breadcrumb":{"@id":"https:\/\/www.lifenatura.com\/es\/produto\/longevidad-125g-salud-viva\/#breadcrumb"},"inLanguage":"es","potentialAction":[{"@type":"ReadAction","target":["https:\/\/www.lifenatura.com\/es\/produto\/longevidad-125g-salud-viva\/"]}]},{"@type":"ImageObject","inLanguage":"es","@id":"https:\/\/www.lifenatura.com\/es\/produto\/longevidad-125g-salud-viva\/#primaryimage","url":"https:\/\/www.lifenatura.com\/wp-content\/uploads\/2025\/05\/longevity-125g-salud-viva.jpg","contentUrl":"https:\/\/www.lifenatura.com\/wp-content\/uploads\/2025\/05\/longevity-125g-salud-viva.jpg","width":1000,"height":1000},{"@type":"BreadcrumbList","@id":"https:\/\/www.lifenatura.com\/es\/produto\/longevidad-125g-salud-viva\/#breadcrumb","itemListElement":[{"@type":"ListItem","position":1,"name":"In\u00edcio","item":"https:\/\/www.lifenatura.com\/es\/"},{"@type":"ListItem","position":2,"name":"Todos los Productos","item":"https:\/\/www.lifenatura.com\/es\/tienda\/"},{"@type":"ListItem","position":3,"name":"Longevidad 125g &#8211; Salud Viva"}]},{"@type":"WebSite","@id":"https:\/\/www.lifenatura.com\/es\/#website","url":"https:\/\/www.lifenatura.com\/es\/","name":"Lifenatura","description":"A Lifenatura \u00e9 uma loja de produtos naturais, cosm\u00e9tica natural e alimenta\u00e7\u00e3o Biol\u00f3gica.","publisher":{"@id":"https:\/\/www.lifenatura.com\/es\/#organization"},"potentialAction":[{"@type":"SearchAction","target":{"@type":"EntryPoint","urlTemplate":"https:\/\/www.lifenatura.com\/es\/?s={search_term_string}"},"query-input":{"@type":"PropertyValueSpecification","valueRequired":true,"valueName":"search_term_string"}}],"inLanguage":"es"},{"@type":"Organization","@id":"https:\/\/www.lifenatura.com\/es\/#organization","name":"Lifenatura","url":"https:\/\/www.lifenatura.com\/es\/","logo":{"@type":"ImageObject","inLanguage":"es","@id":"https:\/\/www.lifenatura.com\/es\/#\/schema\/logo\/image\/","url":"https:\/\/www.lifenatura.com\/wp-content\/uploads\/2021\/11\/logo.png","contentUrl":"https:\/\/www.lifenatura.com\/wp-content\/uploads\/2021\/11\/logo.png","width":175,"height":55,"caption":"Lifenatura"},"image":{"@id":"https:\/\/www.lifenatura.com\/es\/#\/schema\/logo\/image\/"},"sameAs":["https:\/\/www.facebook.com\/lifenatura","https:\/\/www.instagram.com\/lifenaturapt\/"]}]},"product_price_amount":"11.03","product_price_currency":"EUR","og_availability":"instock","product_availability":"instock","product_retailer_item_id":"21610000006","product_condition":"new"},"df_price":11.03,"df_sale_price":"","df_regular_price":11.03,"df_image_link":"https:\/\/www.lifenatura.com\/wp-content\/uploads\/2025\/05\/longevity-125g-salud-viva-300x300.jpg","_links":{"self":[{"href":"https:\/\/www.lifenatura.com\/es\/wp-json\/wp\/v2\/product\/115448","targetHints":{"allow":["GET"]}}],"collection":[{"href":"https:\/\/www.lifenatura.com\/es\/wp-json\/wp\/v2\/product"}],"about":[{"href":"https:\/\/www.lifenatura.com\/es\/wp-json\/wp\/v2\/types\/product"}],"wp:featuredmedia":[{"embeddable":true,"href":"https:\/\/www.lifenatura.com\/es\/wp-json\/wp\/v2\/media\/111511"}],"wp:attachment":[{"href":"https:\/\/www.lifenatura.com\/es\/wp-json\/wp\/v2\/media?parent=115448"}],"wp:term":[{"taxonomy":"product_brand","embeddable":true,"href":"https:\/\/www.lifenatura.com\/es\/wp-json\/wp\/v2\/product_brand?post=115448"},{"taxonomy":"product_cat","embeddable":true,"href":"https:\/\/www.lifenatura.com\/es\/wp-json\/wp\/v2\/product_cat?post=115448"},{"taxonomy":"product_tag","embeddable":true,"href":"https:\/\/www.lifenatura.com\/es\/wp-json\/wp\/v2\/product_tag?post=115448"}],"curies":[{"name":"wp","href":"https:\/\/api.w.org\/{rel}","templated":true}]}}