{"id":115445,"date":"2025-05-13T14:04:22","date_gmt":"2025-05-13T14:04:22","guid":{"rendered":"https:\/\/www.lifenatura.com\/produto\/levadura-nutricional-vitamina-b12-125g-salud-viva\/"},"modified":"2025-08-04T00:06:06","modified_gmt":"2025-08-04T00:06:06","slug":"levadura-nutricional-vitamina-b12-125g-salud-viva","status":"publish","type":"product","link":"https:\/\/www.lifenatura.com\/es\/produto\/levadura-nutricional-vitamina-b12-125g-salud-viva\/","title":{"rendered":"Levadura Nutricional Vitamina B12 125g &#8211; Salud Viva"},"content":{"rendered":"<h2 style=\"text-align: left;\" data-start=\"205\" data-end=\"265\"><strong>Levadura Nutricional con Vitamina B12 &#8211; Salud Viva<\/strong><\/h2>\n<p>&nbsp;<\/p>\n<p data-start=\"331\" data-end=\"718\"><strong data-start=\"333\" data-end=\"388\">La levadura nutricional con vitamina B12 de Salud Viva<\/strong> es un superalimento 100% vegetal enriquecido con <strong data-start=\"439\" data-end=\"455\">vitamina B12<\/strong>, esencial para el funcionamiento del sistema nervioso, el metabolismo energ\u00e9tico y la formaci\u00f3n de gl\u00f3bulos rojos. Presentada en finos copos con un <strong data-start=\"600\" data-end=\"643\">sabor naturalmente similar al queso<\/strong>, es perfecta para a\u00f1adir un toque nutritivo y delicioso a los platos cotidianos.<\/p>\n<p data-start=\"720\" data-end=\"1109\">Elaborada a partir de levadura inactiva (no fermenta ni crece en el organismo), esta levadura es <strong data-start=\"815\" data-end=\"852\">rica en prote\u00ednas vegetales completas<\/strong>, <strong data-start=\"854\" data-end=\"881\">vitaminas del grupo B<\/strong> y <strong data-start=\"884\" data-end=\"910\">minerales antioxidantes<\/strong> como el zinc y el selenio. Es ideal para <strong data-start=\"946\" data-end=\"1008\">veganos, vegetarianos y personas con carencias nutricionales<\/strong>, sobre todo de vitamina B12, un nutriente esencial que normalmente est\u00e1 ausente en las dietas vegetales.<\/p>\n<p data-start=\"1111\" data-end=\"1266\">Naturalmente <strong data-start=\"1124\" data-end=\"1201\">sin gluten, sin lactosa, sin az\u00facares a\u00f1adidos y sin aditivos artificiales<\/strong>, es adecuado para una dieta funcional, sana y sabrosa.<\/p>\n<p data-start=\"1268\" data-end=\"1294\"><strong>Principales ventajas:<\/strong><\/p>\n<ul data-start=\"1295\" data-end=\"1654\">\n<li data-start=\"1295\" data-end=\"1380\">\n<p data-start=\"1297\" data-end=\"1380\"><strong data-start=\"1297\" data-end=\"1329\">Enriquecido con vitamina B12<\/strong>, esencial para la energ\u00eda, la concentraci\u00f3n y el sistema nervioso;<\/p>\n<\/li>\n<li data-start=\"1381\" data-end=\"1440\">\n<p data-start=\"1383\" data-end=\"1440\">Rico en <strong data-start=\"1391\" data-end=\"1411\">prote\u00ednas vegetales<\/strong> y vitaminas del grupo B;<\/p>\n<\/li>\n<li data-start=\"1441\" data-end=\"1516\">\n<p data-start=\"1443\" data-end=\"1516\">Contribuye a <strong data-start=\"1460\" data-end=\"1500\">reforzar el sistema inmunitario<\/strong> y la vitalidad;<\/p>\n<\/li>\n<li data-start=\"1517\" data-end=\"1608\">\n<p data-start=\"1519\" data-end=\"1608\">Una alternativa natural al queso, con un sabor agradable y sin ingredientes animales;<\/p>\n<\/li>\n<li data-start=\"1609\" data-end=\"1654\">\n<p data-start=\"1611\" data-end=\"1654\"><strong data-start=\"1611\" data-end=\"1653\">Sin gluten, sin lactosa y 100% vegetal<\/strong>.<\/p>\n<\/li>\n<\/ul>\n<p data-start=\"1656\" data-end=\"1671\"><strong>Indicaciones:<\/strong><\/p>\n<p data-start=\"1672\" data-end=\"1739\"><strong data-start=\"1674\" data-end=\"1720\">Salud Viva Levadura Nutricional con B12<\/strong> est\u00e1 indicada para:<\/p>\n<ul data-start=\"1740\" data-end=\"2013\">\n<li data-start=\"1740\" data-end=\"1798\">\n<p data-start=\"1742\" data-end=\"1798\"><strong data-start=\"1742\" data-end=\"1767\">Veganos, vegetarianos<\/strong> y personas con d\u00e9ficit de B12;<\/p>\n<\/li>\n<li data-start=\"1799\" data-end=\"1871\">\n<p data-start=\"1801\" data-end=\"1871\">Quienes deseen aumentar su ingesta de <strong data-start=\"1834\" data-end=\"1868\">vitaminas del grupo B y prote\u00ednas vegetales<\/strong>;<\/p>\n<\/li>\n<li data-start=\"1872\" data-end=\"1940\">\n<p data-start=\"1874\" data-end=\"1940\">Dietas sin gluten y sin lactosa centradas en la nutrici\u00f3n funcional;<\/p>\n<\/li>\n<li data-start=\"1941\" data-end=\"2013\">\n<p data-start=\"1943\" data-end=\"2013\">Cualquiera que busque un condimento nutritivo y sabroso para sus recetas.<\/p>\n<\/li>\n<\/ul>\n<p><strong>Presentaci\u00f3n:<\/strong><\/p>\n<p>125g<\/p>\n<p>&nbsp;<\/p>\n","protected":false},"excerpt":{"rendered":"<p>Levadura Nutricional con B12 Salud Viva &#8211; Fuente de prote\u00edna vegetal y vitamina B12. Ideal para la energ\u00eda, el sistema nervioso y las recetas veganas. [&#8230;]<\/p>\n<p><a class=\"btn btn-secondary understrap-read-more-link\" href=\"https:\/\/www.lifenatura.com\/es\/produto\/levadura-nutricional-vitamina-b12-125g-salud-viva\/\">Leer m\u00e1s&#8230;<span class=\"screen-reader-text\"> from Levadura Nutricional Vitamina B12 125g &#8211; Salud Viva<\/span><\/a><\/p>\n","protected":false},"featured_media":111503,"template":"","meta":{"_acf_changed":false},"product_brand":[8295],"product_cat":[7064,7085,7074,7100],"product_tag":[],"class_list":{"0":"post-115445","1":"product","2":"type-product","3":"status-publish","4":"has-post-thumbnail","6":"product_brand-salud-viva","7":"product_cat-alimentacion-sana","8":"product_cat-levaduras-y-fermentos","9":"product_cat-productos-alimenticios","10":"product_cat-superalimentos-bio","12":"first","13":"instock","14":"shipping-taxable","15":"purchasable","16":"product-type-simple","17":"add-to-wishlist-before_image"},"acf":[],"yoast_head":"<!-- This site is optimized with the Yoast SEO Premium plugin v27.1 (Yoast SEO v27.3) - https:\/\/yoast.com\/product\/yoast-seo-premium-wordpress\/ -->\n<title>Levadura Nutricional Vitamina B12 125g - Salud Viva - Lifenatura<\/title>\n<meta name=\"description\" content=\"Levadura Nutricional con B12 Salud Viva - Fuente de prote\u00edna vegetal y vitamina B12. Ideal para la energ\u00eda, el sistema nervioso y las recetas veganas.\" \/>\n<meta name=\"robots\" content=\"index, follow, max-snippet:-1, max-image-preview:large, max-video-preview:-1\" \/>\n<link rel=\"canonical\" href=\"https:\/\/www.lifenatura.com\/es\/produto\/levadura-nutricional-vitamina-b12-125g-salud-viva\/\" \/>\n<meta property=\"og:locale\" content=\"es_ES\" \/>\n<meta property=\"og:type\" content=\"article\" \/>\n<meta property=\"og:title\" content=\"Levadura Nutricional Vitamina B12 125g - Salud Viva - Lifenatura\" \/>\n<meta property=\"og:description\" content=\"Compre aqui o seu Levadura Nutricional Vitamina B12 125g - Salud Viva e a Lifenatura Online envia em 48 H com Portes Gratis &gt;35\u20ac de Pedido.\" \/>\n<meta property=\"og:url\" content=\"https:\/\/www.lifenatura.com\/es\/produto\/levadura-nutricional-vitamina-b12-125g-salud-viva\/\" \/>\n<meta property=\"og:site_name\" content=\"Lifenatura\" \/>\n<meta property=\"article:publisher\" content=\"https:\/\/www.facebook.com\/lifenatura\" \/>\n<meta property=\"article:modified_time\" content=\"2025-08-04T00:06:06+00:00\" \/>\n<meta property=\"og:image\" content=\"https:\/\/www.lifenatura.com\/wp-content\/uploads\/2025\/05\/levadura-nutricional-vit-b12-125g-salud-viva.jpg\" \/>\n\t<meta property=\"og:image:width\" content=\"1000\" \/>\n\t<meta property=\"og:image:height\" content=\"1000\" \/>\n\t<meta property=\"og:image:type\" content=\"image\/jpeg\" \/>\n<meta name=\"twitter:card\" content=\"summary_large_image\" \/>\n<meta name=\"twitter:label1\" content=\"Precio\" \/>\n\t<meta name=\"twitter:data1\" content=\"9,03&nbsp;&euro;\" \/>\n\t<meta name=\"twitter:label2\" content=\"Disponibilidad\" \/>\n\t<meta name=\"twitter:data2\" content=\"Disponible\" \/>\n<meta property=\"product:price:amount\" content=\"9.03\" \/>\n<meta property=\"product:price:currency\" content=\"EUR\" \/>\n<meta property=\"og:availability\" content=\"instock\" \/>\n<meta property=\"product:availability\" content=\"instock\" \/>\n<meta property=\"product:retailer_item_id\" content=\"14050000002\" \/>\n<meta property=\"product:condition\" content=\"new\" \/>\n<!-- \/ Yoast SEO Premium plugin. -->","yoast_head_json":{"title":"Levadura Nutricional Vitamina B12 125g - Salud Viva - Lifenatura","description":"Levadura Nutricional con B12 Salud Viva - Fuente de prote\u00edna vegetal y vitamina B12. Ideal para la energ\u00eda, el sistema nervioso y las recetas veganas.","robots":{"index":"index","follow":"follow","max-snippet":"max-snippet:-1","max-image-preview":"max-image-preview:large","max-video-preview":"max-video-preview:-1"},"canonical":"https:\/\/www.lifenatura.com\/es\/produto\/levadura-nutricional-vitamina-b12-125g-salud-viva\/","og_locale":"es_ES","og_type":"article","og_title":"Levadura Nutricional Vitamina B12 125g - Salud Viva - Lifenatura","og_description":"Compre aqui o seu Levadura Nutricional Vitamina B12 125g - Salud Viva e a Lifenatura Online envia em 48 H com Portes Gratis >35\u20ac de Pedido.","og_url":"https:\/\/www.lifenatura.com\/es\/produto\/levadura-nutricional-vitamina-b12-125g-salud-viva\/","og_site_name":"Lifenatura","article_publisher":"https:\/\/www.facebook.com\/lifenatura","article_modified_time":"2025-08-04T00:06:06+00:00","og_image":[{"width":1000,"height":1000,"url":"https:\/\/www.lifenatura.com\/wp-content\/uploads\/2025\/05\/levadura-nutricional-vit-b12-125g-salud-viva.jpg","type":"image\/jpeg"}],"twitter_card":"summary_large_image","twitter_misc":{"Precio":"9,03&nbsp;&euro;","Disponibilidad":"Disponible"},"schema":{"@context":"https:\/\/schema.org","@graph":[{"@type":"WebPage","@id":"https:\/\/www.lifenatura.com\/es\/produto\/levadura-nutricional-vitamina-b12-125g-salud-viva\/","url":"https:\/\/www.lifenatura.com\/es\/produto\/levadura-nutricional-vitamina-b12-125g-salud-viva\/","name":"Levadura Nutricional Vitamina B12 125g - Salud Viva - Lifenatura","isPartOf":{"@id":"https:\/\/www.lifenatura.com\/es\/#website"},"primaryImageOfPage":{"@id":"https:\/\/www.lifenatura.com\/es\/produto\/levadura-nutricional-vitamina-b12-125g-salud-viva\/#primaryimage"},"image":{"@id":"https:\/\/www.lifenatura.com\/es\/produto\/levadura-nutricional-vitamina-b12-125g-salud-viva\/#primaryimage"},"thumbnailUrl":"https:\/\/www.lifenatura.com\/wp-content\/uploads\/2025\/05\/levadura-nutricional-vit-b12-125g-salud-viva.jpg","datePublished":"2025-05-13T14:04:22+00:00","dateModified":"2025-08-04T00:06:06+00:00","description":"Levadura Nutricional con B12 Salud Viva - Fuente de prote\u00edna vegetal y vitamina B12. Ideal para la energ\u00eda, el sistema nervioso y las recetas veganas.","breadcrumb":{"@id":"https:\/\/www.lifenatura.com\/es\/produto\/levadura-nutricional-vitamina-b12-125g-salud-viva\/#breadcrumb"},"inLanguage":"es","potentialAction":[{"@type":"ReadAction","target":["https:\/\/www.lifenatura.com\/es\/produto\/levadura-nutricional-vitamina-b12-125g-salud-viva\/"]}]},{"@type":"ImageObject","inLanguage":"es","@id":"https:\/\/www.lifenatura.com\/es\/produto\/levadura-nutricional-vitamina-b12-125g-salud-viva\/#primaryimage","url":"https:\/\/www.lifenatura.com\/wp-content\/uploads\/2025\/05\/levadura-nutricional-vit-b12-125g-salud-viva.jpg","contentUrl":"https:\/\/www.lifenatura.com\/wp-content\/uploads\/2025\/05\/levadura-nutricional-vit-b12-125g-salud-viva.jpg","width":1000,"height":1000},{"@type":"BreadcrumbList","@id":"https:\/\/www.lifenatura.com\/es\/produto\/levadura-nutricional-vitamina-b12-125g-salud-viva\/#breadcrumb","itemListElement":[{"@type":"ListItem","position":1,"name":"In\u00edcio","item":"https:\/\/www.lifenatura.com\/es\/"},{"@type":"ListItem","position":2,"name":"Todos los Productos","item":"https:\/\/www.lifenatura.com\/es\/tienda\/"},{"@type":"ListItem","position":3,"name":"Levadura Nutricional Vitamina B12 125g &#8211; Salud Viva"}]},{"@type":"WebSite","@id":"https:\/\/www.lifenatura.com\/es\/#website","url":"https:\/\/www.lifenatura.com\/es\/","name":"Lifenatura","description":"A Lifenatura \u00e9 uma loja de produtos naturais, cosm\u00e9tica natural e alimenta\u00e7\u00e3o Biol\u00f3gica.","publisher":{"@id":"https:\/\/www.lifenatura.com\/es\/#organization"},"potentialAction":[{"@type":"SearchAction","target":{"@type":"EntryPoint","urlTemplate":"https:\/\/www.lifenatura.com\/es\/?s={search_term_string}"},"query-input":{"@type":"PropertyValueSpecification","valueRequired":true,"valueName":"search_term_string"}}],"inLanguage":"es"},{"@type":"Organization","@id":"https:\/\/www.lifenatura.com\/es\/#organization","name":"Lifenatura","url":"https:\/\/www.lifenatura.com\/es\/","logo":{"@type":"ImageObject","inLanguage":"es","@id":"https:\/\/www.lifenatura.com\/es\/#\/schema\/logo\/image\/","url":"https:\/\/www.lifenatura.com\/wp-content\/uploads\/2021\/11\/logo.png","contentUrl":"https:\/\/www.lifenatura.com\/wp-content\/uploads\/2021\/11\/logo.png","width":175,"height":55,"caption":"Lifenatura"},"image":{"@id":"https:\/\/www.lifenatura.com\/es\/#\/schema\/logo\/image\/"},"sameAs":["https:\/\/www.facebook.com\/lifenatura","https:\/\/www.instagram.com\/lifenaturapt\/"]}]},"product_price_amount":"9.03","product_price_currency":"EUR","og_availability":"instock","product_availability":"instock","product_retailer_item_id":"14050000002","product_condition":"new"},"df_price":9.03,"df_sale_price":"","df_regular_price":9.03,"df_image_link":"https:\/\/www.lifenatura.com\/wp-content\/uploads\/2025\/05\/levadura-nutricional-vit-b12-125g-salud-viva-300x300.jpg","_links":{"self":[{"href":"https:\/\/www.lifenatura.com\/es\/wp-json\/wp\/v2\/product\/115445","targetHints":{"allow":["GET"]}}],"collection":[{"href":"https:\/\/www.lifenatura.com\/es\/wp-json\/wp\/v2\/product"}],"about":[{"href":"https:\/\/www.lifenatura.com\/es\/wp-json\/wp\/v2\/types\/product"}],"wp:featuredmedia":[{"embeddable":true,"href":"https:\/\/www.lifenatura.com\/es\/wp-json\/wp\/v2\/media\/111503"}],"wp:attachment":[{"href":"https:\/\/www.lifenatura.com\/es\/wp-json\/wp\/v2\/media?parent=115445"}],"wp:term":[{"taxonomy":"product_brand","embeddable":true,"href":"https:\/\/www.lifenatura.com\/es\/wp-json\/wp\/v2\/product_brand?post=115445"},{"taxonomy":"product_cat","embeddable":true,"href":"https:\/\/www.lifenatura.com\/es\/wp-json\/wp\/v2\/product_cat?post=115445"},{"taxonomy":"product_tag","embeddable":true,"href":"https:\/\/www.lifenatura.com\/es\/wp-json\/wp\/v2\/product_tag?post=115445"}],"curies":[{"name":"wp","href":"https:\/\/api.w.org\/{rel}","templated":true}]}}