{"id":115444,"date":"2025-05-13T14:04:43","date_gmt":"2025-05-13T14:04:43","guid":{"rendered":"https:\/\/www.lifenatura.com\/produto\/name-en-polvo-125g-salud-viva\/"},"modified":"2025-08-04T00:07:49","modified_gmt":"2025-08-04T00:07:49","slug":"name-en-polvo-125g-salud-viva","status":"publish","type":"product","link":"https:\/\/www.lifenatura.com\/es\/produto\/name-en-polvo-125g-salud-viva\/","title":{"rendered":"\u00d1ame en polvo 125g &#8211; Salud Viva"},"content":{"rendered":"<h2 style=\"text-align: left;\" data-start=\"184\" data-end=\"219\">\u00d1ame en polvo &#8211; Salud Viva<\/h2>\n<p>&nbsp;<\/p>\n<p data-start=\"273\" data-end=\"717\"><strong data-start=\"275\" data-end=\"305\">Salud Viva \u00d1ame en Polvo<\/strong> es un suplemento natural obtenido de la ra\u00edz de <em data-start=\"357\" data-end=\"376\">Dioscorea villosa<\/em>, una planta utilizada tradicionalmente para favorecer el <strong data-start=\"428\" data-end=\"451\">equilibrio hormonal<\/strong> y el <strong data-start=\"456\" data-end=\"478\">bienestar femenino<\/strong>. Rico en <strong data-start=\"488\" data-end=\"558\">fitonutrientes, fibra, almid\u00f3n resistente, minerales y antioxidantes<\/strong>, este producto es ideal para quienes buscan una alternativa natural para apoyar al organismo en fases de transici\u00f3n hormonal, como la menopausia o el ciclo menstrual.<\/p>\n<p data-start=\"719\" data-end=\"946\">Con su textura fina y sabor suave, el \u00f1ame en polvo es f\u00e1cil de incorporar a la vida cotidiana. Se puede a\u00f1adir a batidos, sopas, gachas, smoothies o incluso recetas de cocina, contribuyendo a una dieta funcional y equilibrada.<\/p>\n<p data-start=\"948\" data-end=\"1104\">Este suplemento est\u00e1 elaborado con boniatos ecol\u00f3gicos, sin aditivos artificiales, gluten ni lactosa, por lo que es apto para vegetarianos y veganos.<\/p>\n<p data-start=\"1106\" data-end=\"1132\"><strong>Principales ventajas:<\/strong><\/p>\n<ul data-start=\"1133\" data-end=\"1511\">\n<li data-start=\"1133\" data-end=\"1198\">\n<p data-start=\"1135\" data-end=\"1198\">Favorece <strong data-start=\"1145\" data-end=\"1168\">el equilibrio hormonal<\/strong>, especialmente en las mujeres;<\/p>\n<\/li>\n<li data-start=\"1199\" data-end=\"1267\">\n<p data-start=\"1201\" data-end=\"1267\">Favorece el <strong data-start=\"1209\" data-end=\"1231\">sistema inmunitario<\/strong> y contribuye a la energ\u00eda vital;<\/p>\n<\/li>\n<li data-start=\"1268\" data-end=\"1343\">\n<p data-start=\"1270\" data-end=\"1343\">Rica en <strong data-start=\"1278\" data-end=\"1307\">fibra y almid\u00f3n<\/strong> resistente, favorece la digesti\u00f3n y la saciedad;<\/p>\n<\/li>\n<li data-start=\"1344\" data-end=\"1423\">\n<p data-start=\"1346\" data-end=\"1423\">Contiene <strong data-start=\"1353\" data-end=\"1379\">antioxidantes naturales<\/strong> que protegen contra el estr\u00e9s oxidativo;<\/p>\n<\/li>\n<li data-start=\"1424\" data-end=\"1511\">\n<p data-start=\"1426\" data-end=\"1511\">Puede ayudar a aliviar los s\u00edntomas de la<strong> menstruaci\u00f3n y la menopausia<\/strong>, como la irritabilidad y el cansancio.<\/p>\n<\/li>\n<\/ul>\n<p data-start=\"1513\" data-end=\"1528\"><strong>Indicaciones:<\/strong><\/p>\n<p data-start=\"1529\" data-end=\"1580\"><strong data-start=\"1531\" data-end=\"1561\">Salud Viva Yam en polvo<\/strong> est\u00e1 indicado para:<\/p>\n<ul data-start=\"1581\" data-end=\"1856\">\n<li data-start=\"1581\" data-end=\"1633\">\n<p data-start=\"1583\" data-end=\"1633\">Mujeres en <strong data-start=\"1595\" data-end=\"1630\">fase premenstrual o menopausia<\/strong>;<\/p>\n<\/li>\n<li data-start=\"1634\" data-end=\"1698\">\n<p data-start=\"1636\" data-end=\"1698\">Cualquier persona que desee reforzar <strong data-start=\"1658\" data-end=\"1695\">su sistema inmunitario de forma natural<\/strong>;<\/p>\n<\/li>\n<li data-start=\"1699\" data-end=\"1787\">\n<p data-start=\"1701\" data-end=\"1787\">Personas que desean un suplemento funcional para el <strong data-start=\"1750\" data-end=\"1784\">bienestar hormonal y digestivo<\/strong>;<\/p>\n<\/li>\n<li data-start=\"1788\" data-end=\"1856\">\n<p data-start=\"1790\" data-end=\"1856\">Estilos de vida saludables y dietas basadas en alimentos naturales.<\/p>\n<\/li>\n<\/ul>\n<p><strong>Presentaci\u00f3n:<\/strong><\/p>\n<p>125g<\/p>\n<p>&nbsp;<\/p>\n","protected":false},"excerpt":{"rendered":"<p>Salud Viva Yam en polvo &#8211; Favorece el equilibrio hormonal y refuerza la inmunidad. Ideal para mujeres premenstruales y menop\u00e1usicas. [&#8230;]<\/p>\n<p><a class=\"btn btn-secondary understrap-read-more-link\" href=\"https:\/\/www.lifenatura.com\/es\/produto\/name-en-polvo-125g-salud-viva\/\">Leer m\u00e1s&#8230;<span class=\"screen-reader-text\"> from \u00d1ame en polvo 125g &#8211; Salud Viva<\/span><\/a><\/p>\n","protected":false},"featured_media":111475,"template":"","meta":{"_acf_changed":false},"product_brand":[8295],"product_cat":[7064,7243,7179,7100,7883],"product_tag":[],"class_list":{"0":"post-115444","1":"product","2":"type-product","3":"status-publish","4":"has-post-thumbnail","6":"product_brand-salud-viva","7":"product_cat-alimentacion-sana","8":"product_cat-menopausia","9":"product_cat-salud","10":"product_cat-superalimentos-bio","11":"product_cat-suplementos-alimenticios","13":"first","14":"instock","15":"shipping-taxable","16":"purchasable","17":"product-type-simple","18":"add-to-wishlist-before_image"},"acf":[],"yoast_head":"<!-- This site is optimized with the Yoast SEO Premium plugin v27.1 (Yoast SEO v27.4) - https:\/\/yoast.com\/product\/yoast-seo-premium-wordpress\/ -->\n<title>\u00d1ame en polvo 125g - Salud Viva - Lifenatura<\/title>\n<meta name=\"description\" content=\"Salud Viva Yam en polvo - Favorece el equilibrio hormonal y refuerza la inmunidad. Ideal para mujeres premenstruales y menop\u00e1usicas.\" \/>\n<meta name=\"robots\" content=\"index, follow, max-snippet:-1, max-image-preview:large, max-video-preview:-1\" \/>\n<link rel=\"canonical\" href=\"https:\/\/www.lifenatura.com\/es\/produto\/name-en-polvo-125g-salud-viva\/\" \/>\n<meta property=\"og:locale\" content=\"es_ES\" \/>\n<meta property=\"og:type\" content=\"article\" \/>\n<meta property=\"og:title\" content=\"\u00d1ame en polvo 125g - Salud Viva - Lifenatura\" \/>\n<meta property=\"og:description\" content=\"Compre aqui o seu \u00d1ame en polvo 125g - Salud Viva e a Lifenatura Online envia em 48 H com Portes Gratis &gt;35\u20ac de Pedido.\" \/>\n<meta property=\"og:url\" content=\"https:\/\/www.lifenatura.com\/es\/produto\/name-en-polvo-125g-salud-viva\/\" \/>\n<meta property=\"og:site_name\" content=\"Lifenatura\" \/>\n<meta property=\"article:publisher\" content=\"https:\/\/www.facebook.com\/lifenatura\" \/>\n<meta property=\"article:modified_time\" content=\"2025-08-04T00:07:49+00:00\" \/>\n<meta property=\"og:image\" content=\"https:\/\/www.lifenatura.com\/wp-content\/uploads\/2025\/05\/inhame-roxo-125g-salud-viva.jpg\" \/>\n\t<meta property=\"og:image:width\" content=\"1000\" \/>\n\t<meta property=\"og:image:height\" content=\"1000\" \/>\n\t<meta property=\"og:image:type\" content=\"image\/jpeg\" \/>\n<meta name=\"twitter:card\" content=\"summary_large_image\" \/>\n<meta name=\"twitter:label1\" content=\"Precio\" \/>\n\t<meta name=\"twitter:data1\" content=\"12,08&nbsp;&euro;\" \/>\n\t<meta name=\"twitter:label2\" content=\"Disponibilidad\" \/>\n\t<meta name=\"twitter:data2\" content=\"Disponible\" \/>\n<meta property=\"product:price:amount\" content=\"12.08\" \/>\n<meta property=\"product:price:currency\" content=\"EUR\" \/>\n<meta property=\"og:availability\" content=\"instock\" \/>\n<meta property=\"product:availability\" content=\"instock\" \/>\n<meta property=\"product:retailer_item_id\" content=\"21550000005\" \/>\n<meta property=\"product:condition\" content=\"new\" \/>\n<!-- \/ Yoast SEO Premium plugin. -->","yoast_head_json":{"title":"\u00d1ame en polvo 125g - Salud Viva - Lifenatura","description":"Salud Viva Yam en polvo - Favorece el equilibrio hormonal y refuerza la inmunidad. Ideal para mujeres premenstruales y menop\u00e1usicas.","robots":{"index":"index","follow":"follow","max-snippet":"max-snippet:-1","max-image-preview":"max-image-preview:large","max-video-preview":"max-video-preview:-1"},"canonical":"https:\/\/www.lifenatura.com\/es\/produto\/name-en-polvo-125g-salud-viva\/","og_locale":"es_ES","og_type":"article","og_title":"\u00d1ame en polvo 125g - Salud Viva - Lifenatura","og_description":"Compre aqui o seu \u00d1ame en polvo 125g - Salud Viva e a Lifenatura Online envia em 48 H com Portes Gratis >35\u20ac de Pedido.","og_url":"https:\/\/www.lifenatura.com\/es\/produto\/name-en-polvo-125g-salud-viva\/","og_site_name":"Lifenatura","article_publisher":"https:\/\/www.facebook.com\/lifenatura","article_modified_time":"2025-08-04T00:07:49+00:00","og_image":[{"width":1000,"height":1000,"url":"https:\/\/www.lifenatura.com\/wp-content\/uploads\/2025\/05\/inhame-roxo-125g-salud-viva.jpg","type":"image\/jpeg"}],"twitter_card":"summary_large_image","twitter_misc":{"Precio":"12,08&nbsp;&euro;","Disponibilidad":"Disponible"},"schema":{"@context":"https:\/\/schema.org","@graph":[{"@type":"WebPage","@id":"https:\/\/www.lifenatura.com\/es\/produto\/name-en-polvo-125g-salud-viva\/","url":"https:\/\/www.lifenatura.com\/es\/produto\/name-en-polvo-125g-salud-viva\/","name":"\u00d1ame en polvo 125g - Salud Viva - Lifenatura","isPartOf":{"@id":"https:\/\/www.lifenatura.com\/#website"},"primaryImageOfPage":{"@id":"https:\/\/www.lifenatura.com\/es\/produto\/name-en-polvo-125g-salud-viva\/#primaryimage"},"image":{"@id":"https:\/\/www.lifenatura.com\/es\/produto\/name-en-polvo-125g-salud-viva\/#primaryimage"},"thumbnailUrl":"https:\/\/www.lifenatura.com\/wp-content\/uploads\/2025\/05\/inhame-roxo-125g-salud-viva.jpg","datePublished":"2025-05-13T14:04:43+00:00","dateModified":"2025-08-04T00:07:49+00:00","description":"Salud Viva Yam en polvo - Favorece el equilibrio hormonal y refuerza la inmunidad. Ideal para mujeres premenstruales y menop\u00e1usicas.","breadcrumb":{"@id":"https:\/\/www.lifenatura.com\/es\/produto\/name-en-polvo-125g-salud-viva\/#breadcrumb"},"inLanguage":"es","potentialAction":[{"@type":"ReadAction","target":["https:\/\/www.lifenatura.com\/es\/produto\/name-en-polvo-125g-salud-viva\/"]}]},{"@type":"ImageObject","inLanguage":"es","@id":"https:\/\/www.lifenatura.com\/es\/produto\/name-en-polvo-125g-salud-viva\/#primaryimage","url":"https:\/\/www.lifenatura.com\/wp-content\/uploads\/2025\/05\/inhame-roxo-125g-salud-viva.jpg","contentUrl":"https:\/\/www.lifenatura.com\/wp-content\/uploads\/2025\/05\/inhame-roxo-125g-salud-viva.jpg","width":1000,"height":1000},{"@type":"BreadcrumbList","@id":"https:\/\/www.lifenatura.com\/es\/produto\/name-en-polvo-125g-salud-viva\/#breadcrumb","itemListElement":[{"@type":"ListItem","position":1,"name":"In\u00edcio","item":"https:\/\/www.lifenatura.com\/es\/"},{"@type":"ListItem","position":2,"name":"Todos los Productos","item":"https:\/\/www.lifenatura.com\/es\/tienda\/"},{"@type":"ListItem","position":3,"name":"\u00d1ame en polvo 125g &#8211; Salud Viva"}]},{"@type":"WebSite","@id":"https:\/\/www.lifenatura.com\/#website","url":"https:\/\/www.lifenatura.com\/","name":"Lifenatura","description":"A Lifenatura \u00e9 uma loja de produtos naturais, cosm\u00e9tica natural e alimenta\u00e7\u00e3o Biol\u00f3gica.","publisher":{"@id":"https:\/\/www.lifenatura.com\/#organization"},"potentialAction":[{"@type":"SearchAction","target":{"@type":"EntryPoint","urlTemplate":"https:\/\/www.lifenatura.com\/?s={search_term_string}"},"query-input":{"@type":"PropertyValueSpecification","valueRequired":true,"valueName":"search_term_string"}}],"inLanguage":"es"},{"@type":"Organization","@id":"https:\/\/www.lifenatura.com\/#organization","name":"Lifenatura","url":"https:\/\/www.lifenatura.com\/","logo":{"@type":"ImageObject","inLanguage":"es","@id":"https:\/\/www.lifenatura.com\/#\/schema\/logo\/image\/","url":"https:\/\/www.lifenatura.com\/wp-content\/uploads\/2021\/11\/logo.png","contentUrl":"https:\/\/www.lifenatura.com\/wp-content\/uploads\/2021\/11\/logo.png","width":175,"height":55,"caption":"Lifenatura"},"image":{"@id":"https:\/\/www.lifenatura.com\/#\/schema\/logo\/image\/"},"sameAs":["https:\/\/www.facebook.com\/lifenatura","https:\/\/www.instagram.com\/lifenaturapt\/"]}]},"product_price_amount":"12.08","product_price_currency":"EUR","og_availability":"instock","product_availability":"instock","product_retailer_item_id":"21550000005","product_condition":"new"},"df_price":12.08,"df_sale_price":"","df_regular_price":12.08,"df_image_link":"https:\/\/www.lifenatura.com\/wp-content\/uploads\/2025\/05\/inhame-roxo-125g-salud-viva-300x300.jpg","_links":{"self":[{"href":"https:\/\/www.lifenatura.com\/es\/wp-json\/wp\/v2\/product\/115444","targetHints":{"allow":["GET"]}}],"collection":[{"href":"https:\/\/www.lifenatura.com\/es\/wp-json\/wp\/v2\/product"}],"about":[{"href":"https:\/\/www.lifenatura.com\/es\/wp-json\/wp\/v2\/types\/product"}],"wp:featuredmedia":[{"embeddable":true,"href":"https:\/\/www.lifenatura.com\/es\/wp-json\/wp\/v2\/media\/111475"}],"wp:attachment":[{"href":"https:\/\/www.lifenatura.com\/es\/wp-json\/wp\/v2\/media?parent=115444"}],"wp:term":[{"taxonomy":"product_brand","embeddable":true,"href":"https:\/\/www.lifenatura.com\/es\/wp-json\/wp\/v2\/product_brand?post=115444"},{"taxonomy":"product_cat","embeddable":true,"href":"https:\/\/www.lifenatura.com\/es\/wp-json\/wp\/v2\/product_cat?post=115444"},{"taxonomy":"product_tag","embeddable":true,"href":"https:\/\/www.lifenatura.com\/es\/wp-json\/wp\/v2\/product_tag?post=115444"}],"curies":[{"name":"wp","href":"https:\/\/api.w.org\/{rel}","templated":true}]}}