{"id":115442,"date":"2025-05-13T14:04:21","date_gmt":"2025-05-13T14:04:21","guid":{"rendered":"https:\/\/www.lifenatura.com\/produto\/levadura-nutricional-belleza-125g-salud-viva\/"},"modified":"2025-08-03T23:57:22","modified_gmt":"2025-08-03T23:57:22","slug":"levadura-nutricional-belleza-125g-salud-viva","status":"publish","type":"product","link":"https:\/\/www.lifenatura.com\/es\/produto\/levadura-nutricional-belleza-125g-salud-viva\/","title":{"rendered":"Levadura Nutricional Belleza 125g &#8211; Salud Viva"},"content":{"rendered":"<h2 style=\"text-align: left;\" data-start=\"199\" data-end=\"249\"><strong>Levadura Nutricional de Belleza &#8211; Salud Viva<\/strong><\/h2>\n<p>&nbsp;<\/p>\n<p data-start=\"315\" data-end=\"741\"><strong data-start=\"317\" data-end=\"362\">La levadura nutricional Belleza de Salud Viva<\/strong> es una f\u00f3rmula innovadora que combina los beneficios de la levadura nutricional tradicional con ingredientes naturales que promueven la <strong data-start=\"490\" data-end=\"517\">belleza desde el interior<\/strong>. Con un suave y agradable sabor a queso, esta levadura inactiva est\u00e1 enriquecida con <strong data-start=\"613\" data-end=\"666\">vitaminas del grupo B, zinc, selenio y biotina<\/strong>, esenciales para mantener la salud y el brillo del cabello, la piel y las u\u00f1as.<\/p>\n<p data-start=\"743\" data-end=\"1077\">Este superalimento es 100% vegetal, <strong data-start=\"778\" data-end=\"842\">sin gluten, sin lactosa y sin az\u00facares a\u00f1adidos ni aditivos<\/strong>, lo que lo convierte en una opci\u00f3n excelente para las dietas veganas o para quienes buscan una nutrici\u00f3n funcional y natural. Presentado en copos, puede incorporarse f\u00e1cilmente a las comidas cotidianas, como aderezo de ensaladas, pasta, sopas o batidos.<\/p>\n<p data-start=\"1079\" data-end=\"1289\">La Levadura Nutritiva de Belleza no s\u00f3lo contribuye a la belleza externa, sino que tambi\u00e9n refuerza el sistema inmunitario y favorece el metabolismo energ\u00e9tico gracias a su riqueza en nutrientes altamente biodisponibles.<\/p>\n<p data-start=\"1291\" data-end=\"1317\"><strong>Principales ventajas:<\/strong><\/p>\n<ul data-start=\"1318\" data-end=\"1706\">\n<li data-start=\"1318\" data-end=\"1428\">\n<p data-start=\"1320\" data-end=\"1428\"><strong data-start=\"1320\" data-end=\"1356\">Rico en biotina, zinc y selenio<\/strong>, que contribuyen a un pelo brillante y una piel y u\u00f1as sanas;<\/p>\n<\/li>\n<li data-start=\"1429\" data-end=\"1509\">\n<p data-start=\"1431\" data-end=\"1509\">Alto contenido en <strong data-start=\"1447\" data-end=\"1474\">vitaminas del grupo B<\/strong>, incluidas B1, B2, B3, B6 y B12;<\/p>\n<\/li>\n<li data-start=\"1510\" data-end=\"1556\">\n<p data-start=\"1512\" data-end=\"1556\"><strong data-start=\"1512\" data-end=\"1553\">Prote\u00edna vegetal de f\u00e1cil asimilaci\u00f3n<\/strong>;<\/p>\n<\/li>\n<li data-start=\"1557\" data-end=\"1637\">\n<p data-start=\"1559\" data-end=\"1637\">Contribuye al <strong data-start=\"1576\" data-end=\"1634\">metabolismo energ\u00e9tico y al equilibrio del sistema nervioso<\/strong>;<\/p>\n<\/li>\n<li data-start=\"1638\" data-end=\"1706\">\n<p data-start=\"1640\" data-end=\"1706\">Sabor a queso natural, ideal para recetas sanas y sabrosas.<\/p>\n<\/li>\n<\/ul>\n<p data-start=\"1708\" data-end=\"1723\"><strong>Indicaciones:<\/strong><\/p>\n<p data-start=\"1724\" data-end=\"1776\"><strong data-start=\"1726\" data-end=\"1757\">La Levadura Nutricional de Belleza<\/strong> est\u00e1 indicada para<\/p>\n<ul data-start=\"1777\" data-end=\"2022\">\n<li data-start=\"1777\" data-end=\"1848\">\n<p data-start=\"1779\" data-end=\"1848\">Quienes buscan <strong data-start=\"1792\" data-end=\"1845\">potenciar la salud y belleza de su piel, cabello y u\u00f1as<\/strong>;<\/p>\n<\/li>\n<li data-start=\"1849\" data-end=\"1896\">\n<p data-start=\"1851\" data-end=\"1896\">Dietas veganas, vegetarianas o sin gluten;<\/p>\n<\/li>\n<li data-start=\"1897\" data-end=\"1950\">\n<p data-start=\"1899\" data-end=\"1950\">Personas <strong data-start=\"1911\" data-end=\"1947\">con d\u00e9ficit de vitaminas del grupo B o biotina<\/strong>;<\/p>\n<\/li>\n<li data-start=\"1951\" data-end=\"2022\">\n<p data-start=\"1953\" data-end=\"2022\">Quien quiera un <strong data-start=\"1968\" data-end=\"2004\">condimento funcional y nutritivo<\/strong> para la vida cotidiana.<\/p>\n<\/li>\n<\/ul>\n<p>Presentaci\u00f3n:<\/p>\n<p>125g<\/p>\n<p>&nbsp;<\/p>\n","protected":false},"excerpt":{"rendered":"<p>Beauty Salud Viva Levadura Nutricional &#8211; Rica en biotina, zinc y vitaminas del grupo B. Ideal para fortalecer el cabello, la piel y las u\u00f1as de forma natural. Sin gluten, vegano. [&#8230;]<\/p>\n<p><a class=\"btn btn-secondary understrap-read-more-link\" href=\"https:\/\/www.lifenatura.com\/es\/produto\/levadura-nutricional-belleza-125g-salud-viva\/\">Leer m\u00e1s&#8230;<span class=\"screen-reader-text\"> from Levadura Nutricional Belleza 125g &#8211; Salud Viva<\/span><\/a><\/p>\n","protected":false},"featured_media":111505,"template":"","meta":{"_acf_changed":false},"product_brand":[8295],"product_cat":[7064,7085,7074,7100],"product_tag":[],"class_list":{"0":"post-115442","1":"product","2":"type-product","3":"status-publish","4":"has-post-thumbnail","6":"product_brand-salud-viva","7":"product_cat-alimentacion-sana","8":"product_cat-levaduras-y-fermentos","9":"product_cat-productos-alimenticios","10":"product_cat-superalimentos-bio","12":"first","13":"instock","14":"shipping-taxable","15":"purchasable","16":"product-type-simple","17":"add-to-wishlist-before_image"},"acf":[],"yoast_head":"<!-- This site is optimized with the Yoast SEO Premium plugin v27.1 (Yoast SEO v27.3) - https:\/\/yoast.com\/product\/yoast-seo-premium-wordpress\/ -->\n<title>Levadura Nutricional Belleza 125g - Salud Viva - Lifenatura<\/title>\n<meta name=\"description\" content=\"Levadura Nutricional Beauty rica en biotina, zinc y vitaminas del grupo B. Ideal para fortalecer el cabello, la piel y las u\u00f1as de forma natural.\" \/>\n<meta name=\"robots\" content=\"index, follow, max-snippet:-1, max-image-preview:large, max-video-preview:-1\" \/>\n<link rel=\"canonical\" href=\"https:\/\/www.lifenatura.com\/es\/produto\/levadura-nutricional-belleza-125g-salud-viva\/\" \/>\n<meta property=\"og:locale\" content=\"es_ES\" \/>\n<meta property=\"og:type\" content=\"article\" \/>\n<meta property=\"og:title\" content=\"Levadura Nutricional Belleza 125g - Salud Viva - Lifenatura\" \/>\n<meta property=\"og:description\" content=\"Compre aqui o seu Levadura Nutricional Belleza 125g - Salud Viva e a Lifenatura Online envia em 48 H com Portes Gratis &gt;35\u20ac de Pedido.\" \/>\n<meta property=\"og:url\" content=\"https:\/\/www.lifenatura.com\/es\/produto\/levadura-nutricional-belleza-125g-salud-viva\/\" \/>\n<meta property=\"og:site_name\" content=\"Lifenatura\" \/>\n<meta property=\"article:publisher\" content=\"https:\/\/www.facebook.com\/lifenatura\" \/>\n<meta property=\"article:modified_time\" content=\"2025-08-03T23:57:22+00:00\" \/>\n<meta property=\"og:image\" content=\"https:\/\/www.lifenatura.com\/wp-content\/uploads\/2025\/05\/levadura-nutricional-beauty-125g-salud-viva.jpg\" \/>\n\t<meta property=\"og:image:width\" content=\"1000\" \/>\n\t<meta property=\"og:image:height\" content=\"1000\" \/>\n\t<meta property=\"og:image:type\" content=\"image\/jpeg\" \/>\n<meta name=\"twitter:card\" content=\"summary_large_image\" \/>\n<meta name=\"twitter:label1\" content=\"Precio\" \/>\n\t<meta name=\"twitter:data1\" content=\"8,82&nbsp;&euro;\" \/>\n\t<meta name=\"twitter:label2\" content=\"Disponibilidad\" \/>\n\t<meta name=\"twitter:data2\" content=\"Disponible\" \/>\n<meta property=\"product:price:amount\" content=\"8.82\" \/>\n<meta property=\"product:price:currency\" content=\"EUR\" \/>\n<meta property=\"og:availability\" content=\"instock\" \/>\n<meta property=\"product:availability\" content=\"instock\" \/>\n<meta property=\"product:retailer_item_id\" content=\"22610000003\" \/>\n<meta property=\"product:condition\" content=\"new\" \/>\n<!-- \/ Yoast SEO Premium plugin. -->","yoast_head_json":{"title":"Levadura Nutricional Belleza 125g - Salud Viva - Lifenatura","description":"Levadura Nutricional Beauty rica en biotina, zinc y vitaminas del grupo B. Ideal para fortalecer el cabello, la piel y las u\u00f1as de forma natural.","robots":{"index":"index","follow":"follow","max-snippet":"max-snippet:-1","max-image-preview":"max-image-preview:large","max-video-preview":"max-video-preview:-1"},"canonical":"https:\/\/www.lifenatura.com\/es\/produto\/levadura-nutricional-belleza-125g-salud-viva\/","og_locale":"es_ES","og_type":"article","og_title":"Levadura Nutricional Belleza 125g - Salud Viva - Lifenatura","og_description":"Compre aqui o seu Levadura Nutricional Belleza 125g - Salud Viva e a Lifenatura Online envia em 48 H com Portes Gratis >35\u20ac de Pedido.","og_url":"https:\/\/www.lifenatura.com\/es\/produto\/levadura-nutricional-belleza-125g-salud-viva\/","og_site_name":"Lifenatura","article_publisher":"https:\/\/www.facebook.com\/lifenatura","article_modified_time":"2025-08-03T23:57:22+00:00","og_image":[{"width":1000,"height":1000,"url":"https:\/\/www.lifenatura.com\/wp-content\/uploads\/2025\/05\/levadura-nutricional-beauty-125g-salud-viva.jpg","type":"image\/jpeg"}],"twitter_card":"summary_large_image","twitter_misc":{"Precio":"8,82&nbsp;&euro;","Disponibilidad":"Disponible"},"schema":{"@context":"https:\/\/schema.org","@graph":[{"@type":"WebPage","@id":"https:\/\/www.lifenatura.com\/es\/produto\/levadura-nutricional-belleza-125g-salud-viva\/","url":"https:\/\/www.lifenatura.com\/es\/produto\/levadura-nutricional-belleza-125g-salud-viva\/","name":"Levadura Nutricional Belleza 125g - Salud Viva - Lifenatura","isPartOf":{"@id":"https:\/\/www.lifenatura.com\/es\/#website"},"primaryImageOfPage":{"@id":"https:\/\/www.lifenatura.com\/es\/produto\/levadura-nutricional-belleza-125g-salud-viva\/#primaryimage"},"image":{"@id":"https:\/\/www.lifenatura.com\/es\/produto\/levadura-nutricional-belleza-125g-salud-viva\/#primaryimage"},"thumbnailUrl":"https:\/\/www.lifenatura.com\/wp-content\/uploads\/2025\/05\/levadura-nutricional-beauty-125g-salud-viva.jpg","datePublished":"2025-05-13T14:04:21+00:00","dateModified":"2025-08-03T23:57:22+00:00","description":"Levadura Nutricional Beauty rica en biotina, zinc y vitaminas del grupo B. Ideal para fortalecer el cabello, la piel y las u\u00f1as de forma natural.","breadcrumb":{"@id":"https:\/\/www.lifenatura.com\/es\/produto\/levadura-nutricional-belleza-125g-salud-viva\/#breadcrumb"},"inLanguage":"es","potentialAction":[{"@type":"ReadAction","target":["https:\/\/www.lifenatura.com\/es\/produto\/levadura-nutricional-belleza-125g-salud-viva\/"]}]},{"@type":"ImageObject","inLanguage":"es","@id":"https:\/\/www.lifenatura.com\/es\/produto\/levadura-nutricional-belleza-125g-salud-viva\/#primaryimage","url":"https:\/\/www.lifenatura.com\/wp-content\/uploads\/2025\/05\/levadura-nutricional-beauty-125g-salud-viva.jpg","contentUrl":"https:\/\/www.lifenatura.com\/wp-content\/uploads\/2025\/05\/levadura-nutricional-beauty-125g-salud-viva.jpg","width":1000,"height":1000},{"@type":"BreadcrumbList","@id":"https:\/\/www.lifenatura.com\/es\/produto\/levadura-nutricional-belleza-125g-salud-viva\/#breadcrumb","itemListElement":[{"@type":"ListItem","position":1,"name":"In\u00edcio","item":"https:\/\/www.lifenatura.com\/es\/"},{"@type":"ListItem","position":2,"name":"Todos los Productos","item":"https:\/\/www.lifenatura.com\/es\/tienda\/"},{"@type":"ListItem","position":3,"name":"Levadura Nutricional Belleza 125g &#8211; Salud Viva"}]},{"@type":"WebSite","@id":"https:\/\/www.lifenatura.com\/es\/#website","url":"https:\/\/www.lifenatura.com\/es\/","name":"Lifenatura","description":"A Lifenatura \u00e9 uma loja de produtos naturais, cosm\u00e9tica natural e alimenta\u00e7\u00e3o Biol\u00f3gica.","publisher":{"@id":"https:\/\/www.lifenatura.com\/es\/#organization"},"potentialAction":[{"@type":"SearchAction","target":{"@type":"EntryPoint","urlTemplate":"https:\/\/www.lifenatura.com\/es\/?s={search_term_string}"},"query-input":{"@type":"PropertyValueSpecification","valueRequired":true,"valueName":"search_term_string"}}],"inLanguage":"es"},{"@type":"Organization","@id":"https:\/\/www.lifenatura.com\/es\/#organization","name":"Lifenatura","url":"https:\/\/www.lifenatura.com\/es\/","logo":{"@type":"ImageObject","inLanguage":"es","@id":"https:\/\/www.lifenatura.com\/es\/#\/schema\/logo\/image\/","url":"https:\/\/www.lifenatura.com\/wp-content\/uploads\/2021\/11\/logo.png","contentUrl":"https:\/\/www.lifenatura.com\/wp-content\/uploads\/2021\/11\/logo.png","width":175,"height":55,"caption":"Lifenatura"},"image":{"@id":"https:\/\/www.lifenatura.com\/es\/#\/schema\/logo\/image\/"},"sameAs":["https:\/\/www.facebook.com\/lifenatura","https:\/\/www.instagram.com\/lifenaturapt\/"]}]},"product_price_amount":"8.82","product_price_currency":"EUR","og_availability":"instock","product_availability":"instock","product_retailer_item_id":"22610000003","product_condition":"new"},"df_price":8.82,"df_sale_price":"","df_regular_price":8.82,"df_image_link":"https:\/\/www.lifenatura.com\/wp-content\/uploads\/2025\/05\/levadura-nutricional-beauty-125g-salud-viva-300x300.jpg","_links":{"self":[{"href":"https:\/\/www.lifenatura.com\/es\/wp-json\/wp\/v2\/product\/115442","targetHints":{"allow":["GET"]}}],"collection":[{"href":"https:\/\/www.lifenatura.com\/es\/wp-json\/wp\/v2\/product"}],"about":[{"href":"https:\/\/www.lifenatura.com\/es\/wp-json\/wp\/v2\/types\/product"}],"wp:featuredmedia":[{"embeddable":true,"href":"https:\/\/www.lifenatura.com\/es\/wp-json\/wp\/v2\/media\/111505"}],"wp:attachment":[{"href":"https:\/\/www.lifenatura.com\/es\/wp-json\/wp\/v2\/media?parent=115442"}],"wp:term":[{"taxonomy":"product_brand","embeddable":true,"href":"https:\/\/www.lifenatura.com\/es\/wp-json\/wp\/v2\/product_brand?post=115442"},{"taxonomy":"product_cat","embeddable":true,"href":"https:\/\/www.lifenatura.com\/es\/wp-json\/wp\/v2\/product_cat?post=115442"},{"taxonomy":"product_tag","embeddable":true,"href":"https:\/\/www.lifenatura.com\/es\/wp-json\/wp\/v2\/product_tag?post=115442"}],"curies":[{"name":"wp","href":"https:\/\/api.w.org\/{rel}","templated":true}]}}