{"id":115440,"date":"2025-08-01T15:36:31","date_gmt":"2025-08-01T15:36:31","guid":{"rendered":"https:\/\/www.lifenatura.com\/produto\/jengibre-bio-en-polvo-200-g-sensacion-de-energia\/"},"modified":"2025-09-25T06:49:58","modified_gmt":"2025-09-25T06:49:58","slug":"jengibre-bio-en-polvo-200-g-sensacion-de-energia","status":"publish","type":"product","link":"https:\/\/www.lifenatura.com\/es\/produto\/jengibre-bio-en-polvo-200-g-sensacion-de-energia\/","title":{"rendered":"Jengibre Bio en polvo 200 g &#8211; Energy Feelings"},"content":{"rendered":"<h2 data-start=\"191\" data-end=\"232\">Jengibre Bio en Polvo &#8211; Estimulante Natural de la Digesti\u00f3n, la Inmunidad y la Energ\u00eda Vital<\/h2>\n<p>&nbsp;<\/p>\n<p data-start=\"296\" data-end=\"718\"><strong data-start=\"298\" data-end=\"339\">El Jengibre Org\u00e1nico en Polvo Energy Feelings<\/strong> es un superalimento 100% natural y ecol\u00f3gico obtenido de la ra\u00edz de jengibre<em data-start=\"422\" data-end=\"443\">(Zingiber officinale<\/em>) que ha sido cuidadosamente deshidratada y molida a baja temperatura, conservando todo su perfil nutricional y su intenso sabor. Con su sabor picante y vigorizante, este polvo es ideal para a\u00f1adir un toque funcional y ex\u00f3tico a bebidas, infusiones, sopas, zumos, batidos o recetas dulces y saladas.<\/p>\n<p data-start=\"720\" data-end=\"1002\">El jengibre es ampliamente conocido por sus propiedades <strong data-start=\"778\" data-end=\"842\">digestivas, antiinflamatorias, antioxidantes y termog\u00e9nicas<\/strong>, lo que lo convierte en un aliado natural para <strong data-start=\"875\" data-end=\"915\">reforzar el sistema inmunitario<\/strong>, aliviar las n\u00e1useas y las molestias gastrointestinales y activar el metabolismo.<\/p>\n<p data-start=\"1004\" data-end=\"1221\">Gracias a su efecto tonificante y estimulante, el jengibre en polvo es ideal para combatir el cansancio y potenciar la vitalidad a diario, especialmente durante el invierno o los periodos de mayor exigencia f\u00edsica y mental.<\/p>\n<h3 data-start=\"1223\" data-end=\"1249\">Principales ventajas:<\/h3>\n<ul data-start=\"1250\" data-end=\"1603\">\n<li data-start=\"1250\" data-end=\"1318\">\n<p data-start=\"1252\" data-end=\"1318\"><strong data-start=\"1252\" data-end=\"1274\">Mejora la digesti\u00f3n<\/strong> y alivia las n\u00e1useas y las molestias abdominales;<\/p>\n<\/li>\n<li data-start=\"1319\" data-end=\"1398\">\n<p data-start=\"1321\" data-end=\"1398\">Acci\u00f3n <strong data-start=\"1326\" data-end=\"1355\">antiinflamatoria natural<\/strong>, \u00fatil para el dolor articular y muscular;<\/p>\n<\/li>\n<li data-start=\"1399\" data-end=\"1470\">\n<p data-start=\"1401\" data-end=\"1470\">Rico en <strong data-start=\"1409\" data-end=\"1426\">antioxidantes<\/strong>, que protegen contra el estr\u00e9s oxidativo;<\/p>\n<\/li>\n<li data-start=\"1471\" data-end=\"1533\">\n<p data-start=\"1473\" data-end=\"1533\"><strong data-start=\"1473\" data-end=\"1499\">Estimula el metabolismo<\/strong> y contribuye a la termog\u00e9nesis;<\/p>\n<\/li>\n<li data-start=\"1534\" data-end=\"1603\">\n<p data-start=\"1536\" data-end=\"1603\">Refuerza el <strong data-start=\"1548\" data-end=\"1570\">sistema inmunitario<\/strong> y ayuda a prevenir los resfriados.<\/p>\n<\/li>\n<\/ul>\n<h3 data-start=\"1605\" data-end=\"1622\">Indicaciones:<\/h3>\n<p data-start=\"1623\" data-end=\"1685\"><strong data-start=\"1625\" data-end=\"1666\">Energy Feelings Bio Jengibre en Polvo<\/strong> est\u00e1 indicado para:<\/p>\n<ul data-start=\"1686\" data-end=\"1924\">\n<li data-start=\"1686\" data-end=\"1734\">\n<p data-start=\"1688\" data-end=\"1734\">Cualquier persona que sufra <strong data-start=\"1702\" data-end=\"1731\">digesti\u00f3n lenta o n\u00e1useas<\/strong>;<\/p>\n<\/li>\n<li data-start=\"1735\" data-end=\"1794\">\n<p data-start=\"1737\" data-end=\"1794\">Personas con <strong data-start=\"1749\" data-end=\"1791\">poca energ\u00eda o inmunidad debilitada<\/strong>;<\/p>\n<\/li>\n<li data-start=\"1795\" data-end=\"1868\">\n<p data-start=\"1797\" data-end=\"1868\">Quienes buscan una <strong data-start=\"1814\" data-end=\"1865\">alternativa natural para aumentar su metabolismo<\/strong>;<\/p>\n<\/li>\n<li data-start=\"1869\" data-end=\"1924\">\n<p data-start=\"1871\" data-end=\"1924\">Aficionados a la cocina funcional, sana y ecol\u00f3gica.<\/p>\n<\/li>\n<\/ul>\n<p>El jengibre tiene una larga historia de uso en la medicina tradicional. Se ha utilizado para facilitar la digesti\u00f3n, combatir la gripe y el resfriado com\u00fan y reducir las n\u00e1useas, por nombrar algunos usos.<\/p>\n<p>El gingerol es el principal compuesto bioactivo del jengibre, responsable de muchas de sus propiedades medicinales. Tiene potentes efectos antiinflamatorios y antioxidantes.<\/p>\n<p><strong>PRESENTACI\u00d3N<\/strong><\/p>\n<p>200g<\/p>\n<p>&nbsp;<\/p>\n","protected":false},"excerpt":{"rendered":"<p>Jengibre Bio en Polvo Sensaci\u00f3n Energ\u00e9tica, digestivo, antiinflamatorio y un energizante natural. Ideal para la inmunidad, el metabolismo y las recetas saludables. [&#8230;]<\/p>\n<p><a class=\"btn btn-secondary understrap-read-more-link\" href=\"https:\/\/www.lifenatura.com\/es\/produto\/jengibre-bio-en-polvo-200-g-sensacion-de-energia\/\">Leer m\u00e1s&#8230;<span class=\"screen-reader-text\"> from Jengibre Bio en polvo 200 g &#8211; Energy Feelings<\/span><\/a><\/p>\n","protected":false},"featured_media":115417,"template":"","meta":{"_acf_changed":false},"product_brand":[8563],"product_cat":[7064,7659,7165,7100],"product_tag":[],"class_list":{"0":"post-115440","1":"product","2":"type-product","3":"status-publish","4":"has-post-thumbnail","6":"product_brand-energy-feelings-es","7":"product_cat-alimentacion-sana","8":"product_cat-ingrediente-natural-bio","9":"product_cat-jengibre","10":"product_cat-superalimentos-bio","12":"first","13":"instock","14":"sale","15":"shipping-taxable","16":"purchasable","17":"product-type-simple","18":"add-to-wishlist-before_image"},"acf":[],"yoast_head":"<!-- This site is optimized with the Yoast SEO Premium plugin v27.1 (Yoast SEO v27.3) - https:\/\/yoast.com\/product\/yoast-seo-premium-wordpress\/ -->\n<title>Jengibre Bio en polvo 200 g - Energy Feelings - Lifenatura<\/title>\n<meta name=\"description\" content=\"Jengibre Bio en Polvo Sensaci\u00f3n Energ\u00e9tica, digestivo, antiinflamatorio y un energizante natural. Ideal para la inmunidad y las recetas saludables.\" \/>\n<meta name=\"robots\" content=\"index, follow, max-snippet:-1, max-image-preview:large, max-video-preview:-1\" \/>\n<link rel=\"canonical\" href=\"https:\/\/www.lifenatura.com\/es\/produto\/jengibre-bio-en-polvo-200-g-sensacion-de-energia\/\" \/>\n<meta property=\"og:locale\" content=\"es_ES\" \/>\n<meta property=\"og:type\" content=\"article\" \/>\n<meta property=\"og:title\" content=\"Jengibre Bio en polvo 200 g - Energy Feelings - Lifenatura\" \/>\n<meta property=\"og:description\" content=\"Compre aqui o seu Jengibre Bio en polvo 200 g - Energy Feelings e a Lifenatura Online envia em 48 H com Portes Gratis &gt;35\u20ac de Pedido.\" \/>\n<meta property=\"og:url\" content=\"https:\/\/www.lifenatura.com\/es\/produto\/jengibre-bio-en-polvo-200-g-sensacion-de-energia\/\" \/>\n<meta property=\"og:site_name\" content=\"Lifenatura\" \/>\n<meta property=\"article:publisher\" content=\"https:\/\/www.facebook.com\/lifenatura\" \/>\n<meta property=\"article:modified_time\" content=\"2025-09-25T06:49:58+00:00\" \/>\n<meta property=\"og:image\" content=\"https:\/\/www.lifenatura.com\/wp-content\/uploads\/2025\/08\/gengibre-po-200g-energy-feelings.jpg\" \/>\n\t<meta property=\"og:image:width\" content=\"1000\" \/>\n\t<meta property=\"og:image:height\" content=\"1000\" \/>\n\t<meta property=\"og:image:type\" content=\"image\/jpeg\" \/>\n<meta name=\"twitter:card\" content=\"summary_large_image\" \/>\n<meta name=\"twitter:label1\" content=\"Precio\" \/>\n\t<meta name=\"twitter:data1\" content=\"7,43&nbsp;&euro;\" \/>\n\t<meta name=\"twitter:label2\" content=\"Disponibilidad\" \/>\n\t<meta name=\"twitter:data2\" content=\"Disponible\" \/>\n<meta property=\"product:price:amount\" content=\"7.43\" \/>\n<meta property=\"product:price:currency\" content=\"EUR\" \/>\n<meta property=\"og:availability\" content=\"instock\" \/>\n<meta property=\"product:availability\" content=\"instock\" \/>\n<meta property=\"product:retailer_item_id\" content=\"8436565921337\" \/>\n<meta property=\"product:condition\" content=\"new\" \/>\n<!-- \/ Yoast SEO Premium plugin. -->","yoast_head_json":{"title":"Jengibre Bio en polvo 200 g - Energy Feelings - Lifenatura","description":"Jengibre Bio en Polvo Sensaci\u00f3n Energ\u00e9tica, digestivo, antiinflamatorio y un energizante natural. Ideal para la inmunidad y las recetas saludables.","robots":{"index":"index","follow":"follow","max-snippet":"max-snippet:-1","max-image-preview":"max-image-preview:large","max-video-preview":"max-video-preview:-1"},"canonical":"https:\/\/www.lifenatura.com\/es\/produto\/jengibre-bio-en-polvo-200-g-sensacion-de-energia\/","og_locale":"es_ES","og_type":"article","og_title":"Jengibre Bio en polvo 200 g - Energy Feelings - Lifenatura","og_description":"Compre aqui o seu Jengibre Bio en polvo 200 g - Energy Feelings e a Lifenatura Online envia em 48 H com Portes Gratis >35\u20ac de Pedido.","og_url":"https:\/\/www.lifenatura.com\/es\/produto\/jengibre-bio-en-polvo-200-g-sensacion-de-energia\/","og_site_name":"Lifenatura","article_publisher":"https:\/\/www.facebook.com\/lifenatura","article_modified_time":"2025-09-25T06:49:58+00:00","og_image":[{"width":1000,"height":1000,"url":"https:\/\/www.lifenatura.com\/wp-content\/uploads\/2025\/08\/gengibre-po-200g-energy-feelings.jpg","type":"image\/jpeg"}],"twitter_card":"summary_large_image","twitter_misc":{"Precio":"7,43&nbsp;&euro;","Disponibilidad":"Disponible"},"schema":{"@context":"https:\/\/schema.org","@graph":[{"@type":"WebPage","@id":"https:\/\/www.lifenatura.com\/es\/produto\/jengibre-bio-en-polvo-200-g-sensacion-de-energia\/","url":"https:\/\/www.lifenatura.com\/es\/produto\/jengibre-bio-en-polvo-200-g-sensacion-de-energia\/","name":"Jengibre Bio en polvo 200 g - Energy Feelings - Lifenatura","isPartOf":{"@id":"https:\/\/www.lifenatura.com\/es\/#website"},"primaryImageOfPage":{"@id":"https:\/\/www.lifenatura.com\/es\/produto\/jengibre-bio-en-polvo-200-g-sensacion-de-energia\/#primaryimage"},"image":{"@id":"https:\/\/www.lifenatura.com\/es\/produto\/jengibre-bio-en-polvo-200-g-sensacion-de-energia\/#primaryimage"},"thumbnailUrl":"https:\/\/www.lifenatura.com\/wp-content\/uploads\/2025\/08\/gengibre-po-200g-energy-feelings.jpg","datePublished":"2025-08-01T15:36:31+00:00","dateModified":"2025-09-25T06:49:58+00:00","description":"Jengibre Bio en Polvo Sensaci\u00f3n Energ\u00e9tica, digestivo, antiinflamatorio y un energizante natural. Ideal para la inmunidad y las recetas saludables.","breadcrumb":{"@id":"https:\/\/www.lifenatura.com\/es\/produto\/jengibre-bio-en-polvo-200-g-sensacion-de-energia\/#breadcrumb"},"inLanguage":"es","potentialAction":[{"@type":"ReadAction","target":["https:\/\/www.lifenatura.com\/es\/produto\/jengibre-bio-en-polvo-200-g-sensacion-de-energia\/"]}]},{"@type":"ImageObject","inLanguage":"es","@id":"https:\/\/www.lifenatura.com\/es\/produto\/jengibre-bio-en-polvo-200-g-sensacion-de-energia\/#primaryimage","url":"https:\/\/www.lifenatura.com\/wp-content\/uploads\/2025\/08\/gengibre-po-200g-energy-feelings.jpg","contentUrl":"https:\/\/www.lifenatura.com\/wp-content\/uploads\/2025\/08\/gengibre-po-200g-energy-feelings.jpg","width":1000,"height":1000,"caption":"Sentimientos energ\u00e9ticos jengibre en polvo"},{"@type":"BreadcrumbList","@id":"https:\/\/www.lifenatura.com\/es\/produto\/jengibre-bio-en-polvo-200-g-sensacion-de-energia\/#breadcrumb","itemListElement":[{"@type":"ListItem","position":1,"name":"In\u00edcio","item":"https:\/\/www.lifenatura.com\/es\/"},{"@type":"ListItem","position":2,"name":"Todos los Productos","item":"https:\/\/www.lifenatura.com\/es\/tienda\/"},{"@type":"ListItem","position":3,"name":"Jengibre Bio en polvo 200 g &#8211; Energy Feelings"}]},{"@type":"WebSite","@id":"https:\/\/www.lifenatura.com\/es\/#website","url":"https:\/\/www.lifenatura.com\/es\/","name":"Lifenatura","description":"A Lifenatura \u00e9 uma loja de produtos naturais, cosm\u00e9tica natural e alimenta\u00e7\u00e3o Biol\u00f3gica.","publisher":{"@id":"https:\/\/www.lifenatura.com\/es\/#organization"},"potentialAction":[{"@type":"SearchAction","target":{"@type":"EntryPoint","urlTemplate":"https:\/\/www.lifenatura.com\/es\/?s={search_term_string}"},"query-input":{"@type":"PropertyValueSpecification","valueRequired":true,"valueName":"search_term_string"}}],"inLanguage":"es"},{"@type":"Organization","@id":"https:\/\/www.lifenatura.com\/es\/#organization","name":"Lifenatura","url":"https:\/\/www.lifenatura.com\/es\/","logo":{"@type":"ImageObject","inLanguage":"es","@id":"https:\/\/www.lifenatura.com\/es\/#\/schema\/logo\/image\/","url":"https:\/\/www.lifenatura.com\/wp-content\/uploads\/2021\/11\/logo.png","contentUrl":"https:\/\/www.lifenatura.com\/wp-content\/uploads\/2021\/11\/logo.png","width":175,"height":55,"caption":"Lifenatura"},"image":{"@id":"https:\/\/www.lifenatura.com\/es\/#\/schema\/logo\/image\/"},"sameAs":["https:\/\/www.facebook.com\/lifenatura","https:\/\/www.instagram.com\/lifenaturapt\/"]}]},"product_price_amount":"7.43","product_price_currency":"EUR","og_availability":"instock","product_availability":"instock","product_retailer_item_id":"8436565921337","product_condition":"new"},"df_price":7.43,"df_sale_price":7.43,"df_regular_price":8.26,"df_image_link":"https:\/\/www.lifenatura.com\/wp-content\/uploads\/2025\/08\/gengibre-po-200g-energy-feelings-300x300.jpg","_links":{"self":[{"href":"https:\/\/www.lifenatura.com\/es\/wp-json\/wp\/v2\/product\/115440","targetHints":{"allow":["GET"]}}],"collection":[{"href":"https:\/\/www.lifenatura.com\/es\/wp-json\/wp\/v2\/product"}],"about":[{"href":"https:\/\/www.lifenatura.com\/es\/wp-json\/wp\/v2\/types\/product"}],"wp:featuredmedia":[{"embeddable":true,"href":"https:\/\/www.lifenatura.com\/es\/wp-json\/wp\/v2\/media\/115417"}],"wp:attachment":[{"href":"https:\/\/www.lifenatura.com\/es\/wp-json\/wp\/v2\/media?parent=115440"}],"wp:term":[{"taxonomy":"product_brand","embeddable":true,"href":"https:\/\/www.lifenatura.com\/es\/wp-json\/wp\/v2\/product_brand?post=115440"},{"taxonomy":"product_cat","embeddable":true,"href":"https:\/\/www.lifenatura.com\/es\/wp-json\/wp\/v2\/product_cat?post=115440"},{"taxonomy":"product_tag","embeddable":true,"href":"https:\/\/www.lifenatura.com\/es\/wp-json\/wp\/v2\/product_tag?post=115440"}],"curies":[{"name":"wp","href":"https:\/\/api.w.org\/{rel}","templated":true}]}}