{"id":115439,"date":"2025-05-13T14:04:28","date_gmt":"2025-05-13T14:04:28","guid":{"rendered":"https:\/\/www.lifenatura.com\/produto\/maca-premium-bio-polvo-200g-salud-viva\/"},"modified":"2025-08-03T23:58:29","modified_gmt":"2025-08-03T23:58:29","slug":"maca-premium-bio-polvo-200g-salud-viva","status":"publish","type":"product","link":"https:\/\/www.lifenatura.com\/es\/produto\/maca-premium-bio-polvo-200g-salud-viva\/","title":{"rendered":"Maca Premium Bio polvo 200g &#8211; Salud viva"},"content":{"rendered":"<h2 style=\"text-align: left;\" data-start=\"194\" data-end=\"239\"><strong>Maca Premium Bio Polvo &#8211; Salud Viva<\/strong><\/h2>\n<p>&nbsp;<\/p>\n<p data-start=\"309\" data-end=\"689\"><strong data-start=\"311\" data-end=\"351\">La Maca en Polvo Bio Premium de Salud Viva<\/strong> es un superalimento 100% org\u00e1nico procedente de las monta\u00f1as andinas de Per\u00fa. Esta f\u00f3rmula premium es el resultado de combinar las tres variedades de maca <strong data-start=\"505\" data-end=\"534\">-amarilla, roja y negra<\/strong> &#8211; ofreciendo un perfil nutricional completo y equilibrado, ideal para fomentar <strong data-start=\"614\" data-end=\"688\">la energ\u00eda, la resistencia f\u00edsica, el equilibrio hormonal y el bienestar emocional<\/strong>.<\/p>\n<p data-start=\"691\" data-end=\"1103\">Utilizada tradicionalmente por las poblaciones andinas como t\u00f3nico natural, la maca es rica en <strong data-start=\"784\" data-end=\"842\">hierro, calcio, zinc, magnesio, amino\u00e1cidos esenciales<\/strong> y compuestos adapt\u00f3genos que ayudan al organismo a hacer frente al estr\u00e9s f\u00edsico y mental. Su acci\u00f3n reguladora endocrina la hace especialmente beneficiosa para hombres y mujeres, favoreciendo la fertilidad, la libido, la claridad mental y la resistencia al cansancio.<\/p>\n<p data-start=\"1105\" data-end=\"1240\">Con su sabor ligeramente terroso y suave, se puede incorporar f\u00e1cilmente a batidos, gachas, zumos, bebidas vegetales o recetas saludables.<\/p>\n<p data-start=\"1242\" data-end=\"1268\"><strong>Principales ventajas:<\/strong><\/p>\n<ul data-start=\"1269\" data-end=\"1596\">\n<li data-start=\"1269\" data-end=\"1344\">\n<p data-start=\"1271\" data-end=\"1344\"><strong data-start=\"1271\" data-end=\"1305\">Aumenta la energ\u00eda y la vitalidad<\/strong> de forma natural y sin estimulantes;<\/p>\n<\/li>\n<li data-start=\"1345\" data-end=\"1407\">\n<p data-start=\"1347\" data-end=\"1407\">Favorece <strong data-start=\"1355\" data-end=\"1378\">el equilibrio hormonal<\/strong>, la libido y la fertilidad;<\/p>\n<\/li>\n<li data-start=\"1408\" data-end=\"1487\">\n<p data-start=\"1410\" data-end=\"1487\">Contribuye a la <strong data-start=\"1427\" data-end=\"1484\">concentraci\u00f3n, la claridad mental y la resistencia al estr\u00e9s;<\/strong><\/p>\n<\/li>\n<li data-start=\"1488\" data-end=\"1538\">\n<p data-start=\"1490\" data-end=\"1538\">Rico en <strong data-start=\"1498\" data-end=\"1535\">minerales y amino\u00e1cidos esenciales<\/strong>;<\/p>\n<\/li>\n<li data-start=\"1539\" data-end=\"1596\">\n<p data-start=\"1541\" data-end=\"1596\"><strong data-start=\"1549\" data-end=\"1595\">Ecol\u00f3gico, sin gluten, sin lactosa y vegano<\/strong>.<\/p>\n<\/li>\n<\/ul>\n<p data-start=\"1598\" data-end=\"1615\"><strong>Indicaciones:<\/strong><\/p>\n<p data-start=\"1616\" data-end=\"1671\"><strong data-start=\"1618\" data-end=\"1652\">Maca Premium Bio de Salud Viva<\/strong> est\u00e1 indicada para:<\/p>\n<ul data-start=\"1672\" data-end=\"1943\">\n<li data-start=\"1672\" data-end=\"1726\">\n<p data-start=\"1674\" data-end=\"1726\">Los que experimentan <strong data-start=\"1685\" data-end=\"1713\">fatiga f\u00edsica o mental<\/strong> frecuente;<\/p>\n<\/li>\n<li data-start=\"1727\" data-end=\"1817\">\n<p data-start=\"1729\" data-end=\"1817\">Hombres y mujeres que buscan mejorar <strong data-start=\"1771\" data-end=\"1814\">el equilibrio hormonal y el rendimiento sexual<\/strong>;<\/p>\n<\/li>\n<li data-start=\"1818\" data-end=\"1900\">\n<p data-start=\"1820\" data-end=\"1900\">Estilos de vida activos, deportistas y personas sometidas <strong data-start=\"1866\" data-end=\"1897\">a presi\u00f3n emocional o f\u00edsica<\/strong>;<\/p>\n<\/li>\n<li data-start=\"1901\" data-end=\"1943\">\n<p data-start=\"1903\" data-end=\"1943\">Dietas sanas, veganas o funcionales.<\/p>\n<\/li>\n<\/ul>\n<p><strong>Presentaci\u00f3n:<\/strong><\/p>\n<p>200g<\/p>\n<p>&nbsp;<\/p>\n","protected":false},"excerpt":{"rendered":"<p>Premium Bio Maca Polvo Salud Viva &#8211; Mezcla de maca amarilla, roja y negra. Energ\u00eda, fertilidad, equilibrio hormonal y vitalidad natural. [&#8230;]<\/p>\n<p><a class=\"btn btn-secondary understrap-read-more-link\" href=\"https:\/\/www.lifenatura.com\/es\/produto\/maca-premium-bio-polvo-200g-salud-viva\/\">Leer m\u00e1s&#8230;<span class=\"screen-reader-text\"> from Maca Premium Bio polvo 200g &#8211; Salud viva<\/span><\/a><\/p>\n","protected":false},"featured_media":111489,"template":"","meta":{"_acf_changed":false},"product_brand":[8295],"product_cat":[7064,7659,7737,7100],"product_tag":[],"class_list":{"0":"post-115439","1":"product","2":"type-product","3":"status-publish","4":"has-post-thumbnail","6":"product_brand-salud-viva","7":"product_cat-alimentacion-sana","8":"product_cat-ingrediente-natural-bio","9":"product_cat-maca-es","10":"product_cat-superalimentos-bio","12":"first","13":"instock","14":"shipping-taxable","15":"purchasable","16":"product-type-simple","17":"add-to-wishlist-before_image"},"acf":[],"yoast_head":"<!-- This site is optimized with the Yoast SEO Premium plugin v27.1 (Yoast SEO v27.4) - https:\/\/yoast.com\/product\/yoast-seo-premium-wordpress\/ -->\n<title>Maca Premium Bio polvo 200g - Salud viva - Lifenatura<\/title>\n<meta name=\"description\" content=\"Premium Bio Maca Polvo Salud Viva - Mezcla de maca amarilla, roja y negra. Energ\u00eda, fertilidad, equilibrio hormonal y vitalidad natural.\" \/>\n<meta name=\"robots\" content=\"index, follow, max-snippet:-1, max-image-preview:large, max-video-preview:-1\" \/>\n<link rel=\"canonical\" href=\"https:\/\/www.lifenatura.com\/es\/produto\/maca-premium-bio-polvo-200g-salud-viva\/\" \/>\n<meta property=\"og:locale\" content=\"es_ES\" \/>\n<meta property=\"og:type\" content=\"article\" \/>\n<meta property=\"og:title\" content=\"Maca Premium Bio polvo 200g - Salud viva - Lifenatura\" \/>\n<meta property=\"og:description\" content=\"Compre aqui o seu Maca Premium Bio polvo 200g - Salud viva e a Lifenatura Online envia em 48 H com Portes Gratis &gt;35\u20ac de Pedido.\" \/>\n<meta property=\"og:url\" content=\"https:\/\/www.lifenatura.com\/es\/produto\/maca-premium-bio-polvo-200g-salud-viva\/\" \/>\n<meta property=\"og:site_name\" content=\"Lifenatura\" \/>\n<meta property=\"article:publisher\" content=\"https:\/\/www.facebook.com\/lifenatura\" \/>\n<meta property=\"article:modified_time\" content=\"2025-08-03T23:58:29+00:00\" \/>\n<meta property=\"og:image\" content=\"https:\/\/www.lifenatura.com\/wp-content\/uploads\/2025\/05\/maca-premiun-200g-salud-viva.jpg\" \/>\n\t<meta property=\"og:image:width\" content=\"1000\" \/>\n\t<meta property=\"og:image:height\" content=\"1000\" \/>\n\t<meta property=\"og:image:type\" content=\"image\/jpeg\" \/>\n<meta name=\"twitter:card\" content=\"summary_large_image\" \/>\n<meta name=\"twitter:label1\" content=\"Precio\" \/>\n\t<meta name=\"twitter:data1\" content=\"25,01&nbsp;&euro;\" \/>\n\t<meta name=\"twitter:label2\" content=\"Disponibilidad\" \/>\n\t<meta name=\"twitter:data2\" content=\"Disponible\" \/>\n<meta property=\"product:price:amount\" content=\"25.01\" \/>\n<meta property=\"product:price:currency\" content=\"EUR\" \/>\n<meta property=\"og:availability\" content=\"instock\" \/>\n<meta property=\"product:availability\" content=\"instock\" \/>\n<meta property=\"product:retailer_item_id\" content=\"2020000008\" \/>\n<meta property=\"product:condition\" content=\"new\" \/>\n<!-- \/ Yoast SEO Premium plugin. -->","yoast_head_json":{"title":"Maca Premium Bio polvo 200g - Salud viva - Lifenatura","description":"Premium Bio Maca Polvo Salud Viva - Mezcla de maca amarilla, roja y negra. Energ\u00eda, fertilidad, equilibrio hormonal y vitalidad natural.","robots":{"index":"index","follow":"follow","max-snippet":"max-snippet:-1","max-image-preview":"max-image-preview:large","max-video-preview":"max-video-preview:-1"},"canonical":"https:\/\/www.lifenatura.com\/es\/produto\/maca-premium-bio-polvo-200g-salud-viva\/","og_locale":"es_ES","og_type":"article","og_title":"Maca Premium Bio polvo 200g - Salud viva - Lifenatura","og_description":"Compre aqui o seu Maca Premium Bio polvo 200g - Salud viva e a Lifenatura Online envia em 48 H com Portes Gratis >35\u20ac de Pedido.","og_url":"https:\/\/www.lifenatura.com\/es\/produto\/maca-premium-bio-polvo-200g-salud-viva\/","og_site_name":"Lifenatura","article_publisher":"https:\/\/www.facebook.com\/lifenatura","article_modified_time":"2025-08-03T23:58:29+00:00","og_image":[{"width":1000,"height":1000,"url":"https:\/\/www.lifenatura.com\/wp-content\/uploads\/2025\/05\/maca-premiun-200g-salud-viva.jpg","type":"image\/jpeg"}],"twitter_card":"summary_large_image","twitter_misc":{"Precio":"25,01&nbsp;&euro;","Disponibilidad":"Disponible"},"schema":{"@context":"https:\/\/schema.org","@graph":[{"@type":"WebPage","@id":"https:\/\/www.lifenatura.com\/es\/produto\/maca-premium-bio-polvo-200g-salud-viva\/","url":"https:\/\/www.lifenatura.com\/es\/produto\/maca-premium-bio-polvo-200g-salud-viva\/","name":"Maca Premium Bio polvo 200g - Salud viva - Lifenatura","isPartOf":{"@id":"https:\/\/www.lifenatura.com\/es\/#website"},"primaryImageOfPage":{"@id":"https:\/\/www.lifenatura.com\/es\/produto\/maca-premium-bio-polvo-200g-salud-viva\/#primaryimage"},"image":{"@id":"https:\/\/www.lifenatura.com\/es\/produto\/maca-premium-bio-polvo-200g-salud-viva\/#primaryimage"},"thumbnailUrl":"https:\/\/www.lifenatura.com\/wp-content\/uploads\/2025\/05\/maca-premiun-200g-salud-viva.jpg","datePublished":"2025-05-13T14:04:28+00:00","dateModified":"2025-08-03T23:58:29+00:00","description":"Premium Bio Maca Polvo Salud Viva - Mezcla de maca amarilla, roja y negra. Energ\u00eda, fertilidad, equilibrio hormonal y vitalidad natural.","breadcrumb":{"@id":"https:\/\/www.lifenatura.com\/es\/produto\/maca-premium-bio-polvo-200g-salud-viva\/#breadcrumb"},"inLanguage":"es","potentialAction":[{"@type":"ReadAction","target":["https:\/\/www.lifenatura.com\/es\/produto\/maca-premium-bio-polvo-200g-salud-viva\/"]}]},{"@type":"ImageObject","inLanguage":"es","@id":"https:\/\/www.lifenatura.com\/es\/produto\/maca-premium-bio-polvo-200g-salud-viva\/#primaryimage","url":"https:\/\/www.lifenatura.com\/wp-content\/uploads\/2025\/05\/maca-premiun-200g-salud-viva.jpg","contentUrl":"https:\/\/www.lifenatura.com\/wp-content\/uploads\/2025\/05\/maca-premiun-200g-salud-viva.jpg","width":1000,"height":1000},{"@type":"BreadcrumbList","@id":"https:\/\/www.lifenatura.com\/es\/produto\/maca-premium-bio-polvo-200g-salud-viva\/#breadcrumb","itemListElement":[{"@type":"ListItem","position":1,"name":"In\u00edcio","item":"https:\/\/www.lifenatura.com\/es\/"},{"@type":"ListItem","position":2,"name":"Todos los Productos","item":"https:\/\/www.lifenatura.com\/es\/tienda\/"},{"@type":"ListItem","position":3,"name":"Maca Premium Bio polvo 200g &#8211; Salud viva"}]},{"@type":"WebSite","@id":"https:\/\/www.lifenatura.com\/es\/#website","url":"https:\/\/www.lifenatura.com\/es\/","name":"Lifenatura","description":"A Lifenatura \u00e9 uma loja de produtos naturais, cosm\u00e9tica natural e alimenta\u00e7\u00e3o Biol\u00f3gica.","publisher":{"@id":"https:\/\/www.lifenatura.com\/es\/#organization"},"potentialAction":[{"@type":"SearchAction","target":{"@type":"EntryPoint","urlTemplate":"https:\/\/www.lifenatura.com\/es\/?s={search_term_string}"},"query-input":{"@type":"PropertyValueSpecification","valueRequired":true,"valueName":"search_term_string"}}],"inLanguage":"es"},{"@type":"Organization","@id":"https:\/\/www.lifenatura.com\/es\/#organization","name":"Lifenatura","url":"https:\/\/www.lifenatura.com\/es\/","logo":{"@type":"ImageObject","inLanguage":"es","@id":"https:\/\/www.lifenatura.com\/es\/#\/schema\/logo\/image\/","url":"https:\/\/www.lifenatura.com\/wp-content\/uploads\/2021\/11\/logo.png","contentUrl":"https:\/\/www.lifenatura.com\/wp-content\/uploads\/2021\/11\/logo.png","width":175,"height":55,"caption":"Lifenatura"},"image":{"@id":"https:\/\/www.lifenatura.com\/es\/#\/schema\/logo\/image\/"},"sameAs":["https:\/\/www.facebook.com\/lifenatura","https:\/\/www.instagram.com\/lifenaturapt\/"]}]},"product_price_amount":"25.01","product_price_currency":"EUR","og_availability":"instock","product_availability":"instock","product_retailer_item_id":"2020000008","product_condition":"new"},"df_price":25.01,"df_sale_price":"","df_regular_price":25.01,"df_image_link":"https:\/\/www.lifenatura.com\/wp-content\/uploads\/2025\/05\/maca-premiun-200g-salud-viva-300x300.jpg","_links":{"self":[{"href":"https:\/\/www.lifenatura.com\/es\/wp-json\/wp\/v2\/product\/115439","targetHints":{"allow":["GET"]}}],"collection":[{"href":"https:\/\/www.lifenatura.com\/es\/wp-json\/wp\/v2\/product"}],"about":[{"href":"https:\/\/www.lifenatura.com\/es\/wp-json\/wp\/v2\/types\/product"}],"wp:featuredmedia":[{"embeddable":true,"href":"https:\/\/www.lifenatura.com\/es\/wp-json\/wp\/v2\/media\/111489"}],"wp:attachment":[{"href":"https:\/\/www.lifenatura.com\/es\/wp-json\/wp\/v2\/media?parent=115439"}],"wp:term":[{"taxonomy":"product_brand","embeddable":true,"href":"https:\/\/www.lifenatura.com\/es\/wp-json\/wp\/v2\/product_brand?post=115439"},{"taxonomy":"product_cat","embeddable":true,"href":"https:\/\/www.lifenatura.com\/es\/wp-json\/wp\/v2\/product_cat?post=115439"},{"taxonomy":"product_tag","embeddable":true,"href":"https:\/\/www.lifenatura.com\/es\/wp-json\/wp\/v2\/product_tag?post=115439"}],"curies":[{"name":"wp","href":"https:\/\/api.w.org\/{rel}","templated":true}]}}