{"id":115048,"date":"2025-05-13T14:04:06","date_gmt":"2025-05-13T14:04:06","guid":{"rendered":"https:\/\/www.lifenatura.com\/produto\/harina-de-platano-verde-200g-salud-viva\/"},"modified":"2025-07-28T11:31:21","modified_gmt":"2025-07-28T11:31:21","slug":"harina-de-platano-verde-200g-salud-viva","status":"publish","type":"product","link":"https:\/\/www.lifenatura.com\/es\/produto\/harina-de-platano-verde-200g-salud-viva\/","title":{"rendered":"Harina de Pl\u00e1tano Verde 200g &#8211; Salud Viva"},"content":{"rendered":"<h2 style=\"text-align: left;\" data-start=\"191\" data-end=\"274\"><strong>Harina de pl\u00e1tano verde &#8211; Fuente natural de almid\u00f3n resistente y fibra<\/strong><\/h2>\n<p>&nbsp;<\/p>\n<p data-start=\"276\" data-end=\"657\">La <strong data-start=\"278\" data-end=\"319\">Harina de Pl\u00e1tano Verde de Salud Viva<\/strong> es un alimento funcional 100% natural elaborado a partir de pl\u00e1tanos recolectados cuando a\u00fan est\u00e1n verdes y deshidratados a baja temperatura para conservar todos sus nutrientes. Rica en <strong data-start=\"494\" data-end=\"514\">almid\u00f3n resistente<\/strong>, <strong data-start=\"516\" data-end=\"535\">fibra diet\u00e9tica<\/strong> y <strong data-start=\"538\" data-end=\"561\">minerales esenciales<\/strong>, esta harina es un excelente aliado para la salud intestinal, la saciedad y el control gluc\u00e9mico.<\/p>\n<p data-start=\"659\" data-end=\"1028\">Con su sabor neutro y suave, la harina de pl\u00e1tano verde puede utilizarse como sustituto parcial de la harina tradicional en recetas de pan, pasteles, tortitas, gachas o batidos. <strong data-start=\"851\" data-end=\"865\">No contiene gluten<\/strong> por naturaleza y es apta para cel\u00edacos y personas con sensibilidad al gluten. Tambi\u00e9n favorece el equilibrio de la flora intestinal y contribuye a una digesti\u00f3n sana.<\/p>\n<h3 data-start=\"1030\" data-end=\"1056\">Principales ventajas:<\/h3>\n<ul data-start=\"1057\" data-end=\"1428\">\n<li data-start=\"1057\" data-end=\"1146\">\n<p data-start=\"1059\" data-end=\"1146\">Rico en <strong data-start=\"1067\" data-end=\"1087\">almid\u00f3n resistente<\/strong>, que act\u00faa como prebi\u00f3tico y favorece la salud intestinal;<\/p>\n<\/li>\n<li data-start=\"1147\" data-end=\"1213\">\n<p data-start=\"1149\" data-end=\"1213\">Ayuda a <strong data-start=\"1166\" data-end=\"1210\">regular los niveles de az\u00facar en sangre<\/strong>;<\/p>\n<\/li>\n<li data-start=\"1214\" data-end=\"1292\">\n<p data-start=\"1216\" data-end=\"1292\">Aumenta la <strong data-start=\"1226\" data-end=\"1251\">sensaci\u00f3n de saciedad<\/strong> y puede ayudar a controlar el peso;<\/p>\n<\/li>\n<li data-start=\"1293\" data-end=\"1367\">\n<p data-start=\"1295\" data-end=\"1367\">Fuente de <strong data-start=\"1304\" data-end=\"1323\">fibra natural<\/strong>, que favorece el buen tr\u00e1nsito intestinal;<\/p>\n<\/li>\n<li data-start=\"1368\" data-end=\"1428\">\n<p data-start=\"1370\" data-end=\"1428\">Un ingrediente vers\u00e1til para recetas sanas y sin gluten.<\/p>\n<\/li>\n<\/ul>\n<h3 data-start=\"1430\" data-end=\"1445\">Indicaciones:<\/h3>\n<p data-start=\"1446\" data-end=\"1506\"><strong data-start=\"1448\" data-end=\"1489\">La Harina de Pl\u00e1tano Verde de Salud<\/strong> Viva est\u00e1 indicada para:<\/p>\n<ul data-start=\"1507\" data-end=\"1858\">\n<li data-start=\"1507\" data-end=\"1584\">\n<p data-start=\"1509\" data-end=\"1584\">Cualquier persona que desee mejorar <strong data-start=\"1533\" data-end=\"1552\">la salud digestiva<\/strong> y la funci\u00f3n intestinal;<\/p>\n<\/li>\n<li data-start=\"1585\" data-end=\"1677\">\n<p data-start=\"1587\" data-end=\"1677\">Personas con <strong data-start=\"1599\" data-end=\"1625\">resistencia a la insulina<\/strong>, prediabetes o con dietas de control gluc\u00e9mico;<\/p>\n<\/li>\n<li data-start=\"1678\" data-end=\"1759\">\n<p data-start=\"1680\" data-end=\"1759\">Personas que est\u00e1n perdiendo peso o desean aumentar la saciedad;<\/p>\n<\/li>\n<li data-start=\"1760\" data-end=\"1858\">\n<p data-start=\"1762\" data-end=\"1858\">Quienes siguen una <strong data-start=\"1777\" data-end=\"1803\">dieta sin gluten<\/strong> o buscan alternativas funcionales a la harina de trigo.<\/p>\n<\/li>\n<\/ul>\n<p>La harina de pl\u00e1tano se utiliza a menudo en lugar de otras harinas. Se obtiene a partir de pl\u00e1tanos verdes, cuando a\u00fan no han madurado, y su pulpa se deshidrata para utilizarla como harina para cocinar. Tambi\u00e9n es un excelente sustituto para quienes consumen productos sin gluten.<\/p>\n<p><strong>Contiene almid\u00f3n resistente.<\/strong> El almid\u00f3n resistente es un tipo de fibra y una fuente excelente de prebi\u00f3ticos. Mientras que los probi\u00f3ticos llenan nuestro intestino de una variedad de bacterias buenas, son los prebi\u00f3ticos los que proporcionan el combustible adecuado para mantener contentas a las bacterias buenas y mantener una flora intestinal sana.<\/p>\n<p>Los prebi\u00f3ticos se encuentran en muchos alimentos fibrosos, como la fruta y la verdura, pero son especialmente beneficiosos en forma de almid\u00f3n resistente, presente en alimentos como las patatas blancas y los pl\u00e1tanos (sobre todo los verdes).<\/p>\n<p><strong>PRESENTACI\u00d3N<\/strong><\/p>\n<p>200g<\/p>\n<p>&nbsp;<\/p>\n","protected":false},"excerpt":{"rendered":"<p>Harina de pl\u00e1tano verde rica en almid\u00f3n resistente y fibra. Ideal para la salud intestinal, la saciedad y las recetas sin gluten. \u00a1Natural, nutritiva y vers\u00e1til! [&#8230;]<\/p>\n<p><a class=\"btn btn-secondary understrap-read-more-link\" href=\"https:\/\/www.lifenatura.com\/es\/produto\/harina-de-platano-verde-200g-salud-viva\/\">Leer m\u00e1s&#8230;<span class=\"screen-reader-text\"> from Harina de Pl\u00e1tano Verde 200g &#8211; Salud Viva<\/span><\/a><\/p>\n","protected":false},"featured_media":111531,"template":"","meta":{"_acf_changed":false},"product_brand":[8295],"product_cat":[7064,7084,7074],"product_tag":[],"class_list":{"0":"post-115048","1":"product","2":"type-product","3":"status-publish","4":"has-post-thumbnail","6":"product_brand-salud-viva","7":"product_cat-alimentacion-sana","8":"product_cat-harinas","9":"product_cat-productos-alimenticios","11":"first","12":"instock","13":"shipping-taxable","14":"purchasable","15":"product-type-simple","16":"add-to-wishlist-before_image"},"acf":[],"yoast_head":"<!-- This site is optimized with the Yoast SEO Premium plugin v27.1 (Yoast SEO v27.5) - https:\/\/yoast.com\/product\/yoast-seo-premium-wordpress\/ -->\n<title>Harina de Pl\u00e1tano Verde 200g - Salud Viva - Na Lifenatura ao Melhor Pre\u00e7o | Envio em 48h<\/title>\n<meta name=\"description\" content=\"Harina de pl\u00e1tano verde rica en almid\u00f3n resistente y fibra. Ideal para la salud intestinal, la saciedad y las recetas sin gluten.\" \/>\n<meta name=\"robots\" content=\"index, follow, max-snippet:-1, max-image-preview:large, max-video-preview:-1\" \/>\n<link rel=\"canonical\" href=\"https:\/\/www.lifenatura.com\/es\/produto\/harina-de-platano-verde-200g-salud-viva\/\" \/>\n<meta property=\"og:locale\" content=\"es_ES\" \/>\n<meta property=\"og:type\" content=\"article\" \/>\n<meta property=\"og:title\" content=\"Harina de Pl\u00e1tano Verde 200g - Salud Viva - Na Lifenatura ao Melhor Pre\u00e7o | Envio 48h\" \/>\n<meta property=\"og:description\" content=\"Compre Harina de Pl\u00e1tano Verde 200g - Salud Viva com envio r\u00e1pido. Entrega em 48h e portes gr\u00e1tis em compras &gt;35\u20ac. Aproveite j\u00e1 na Lifenatura\" \/>\n<meta property=\"og:url\" content=\"https:\/\/www.lifenatura.com\/es\/produto\/harina-de-platano-verde-200g-salud-viva\/\" \/>\n<meta property=\"og:site_name\" content=\"Lifenatura\" \/>\n<meta property=\"article:publisher\" content=\"https:\/\/www.facebook.com\/lifenatura\" \/>\n<meta property=\"article:modified_time\" content=\"2025-07-28T11:31:21+00:00\" \/>\n<meta property=\"og:image\" content=\"https:\/\/www.lifenatura.com\/wp-content\/uploads\/2025\/05\/farinha-de-banana-verde-200g-salud-viva.jpg\" \/>\n\t<meta property=\"og:image:width\" content=\"1000\" \/>\n\t<meta property=\"og:image:height\" content=\"1000\" \/>\n\t<meta property=\"og:image:type\" content=\"image\/jpeg\" \/>\n<meta name=\"twitter:card\" content=\"summary_large_image\" \/>\n<meta name=\"twitter:label1\" content=\"Precio\" \/>\n\t<meta name=\"twitter:data1\" content=\"6,75&nbsp;&euro;\" \/>\n\t<meta name=\"twitter:label2\" content=\"Disponibilidad\" \/>\n\t<meta name=\"twitter:data2\" content=\"Disponible\" \/>\n<script type=\"application\/ld+json\" class=\"yoast-schema-graph\">{\"@context\":\"https:\\\/\\\/schema.org\",\"@graph\":[{\"@type\":\"WebPage\",\"@id\":\"https:\\\/\\\/www.lifenatura.com\\\/es\\\/produto\\\/harina-de-platano-verde-200g-salud-viva\\\/\",\"url\":\"https:\\\/\\\/www.lifenatura.com\\\/es\\\/produto\\\/harina-de-platano-verde-200g-salud-viva\\\/\",\"name\":\"Harina de Pl\u00e1tano Verde 200g - Salud Viva - Na Lifenatura ao Melhor Pre\u00e7o | Envio em 48h\",\"isPartOf\":{\"@id\":\"https:\\\/\\\/www.lifenatura.com\\\/es\\\/#website\"},\"primaryImageOfPage\":{\"@id\":\"https:\\\/\\\/www.lifenatura.com\\\/es\\\/produto\\\/harina-de-platano-verde-200g-salud-viva\\\/#primaryimage\"},\"image\":{\"@id\":\"https:\\\/\\\/www.lifenatura.com\\\/es\\\/produto\\\/harina-de-platano-verde-200g-salud-viva\\\/#primaryimage\"},\"thumbnailUrl\":\"https:\\\/\\\/www.lifenatura.com\\\/wp-content\\\/uploads\\\/2025\\\/05\\\/farinha-de-banana-verde-200g-salud-viva.jpg\",\"datePublished\":\"2025-05-13T14:04:06+00:00\",\"dateModified\":\"2025-07-28T11:31:21+00:00\",\"description\":\"Harina de pl\u00e1tano verde rica en almid\u00f3n resistente y fibra. Ideal para la salud intestinal, la saciedad y las recetas sin gluten.\",\"breadcrumb\":{\"@id\":\"https:\\\/\\\/www.lifenatura.com\\\/es\\\/produto\\\/harina-de-platano-verde-200g-salud-viva\\\/#breadcrumb\"},\"inLanguage\":\"es\",\"potentialAction\":[{\"@type\":\"ReadAction\",\"target\":[\"https:\\\/\\\/www.lifenatura.com\\\/es\\\/produto\\\/harina-de-platano-verde-200g-salud-viva\\\/\"]}]},{\"@type\":\"ImageObject\",\"inLanguage\":\"es\",\"@id\":\"https:\\\/\\\/www.lifenatura.com\\\/es\\\/produto\\\/harina-de-platano-verde-200g-salud-viva\\\/#primaryimage\",\"url\":\"https:\\\/\\\/www.lifenatura.com\\\/wp-content\\\/uploads\\\/2025\\\/05\\\/farinha-de-banana-verde-200g-salud-viva.jpg\",\"contentUrl\":\"https:\\\/\\\/www.lifenatura.com\\\/wp-content\\\/uploads\\\/2025\\\/05\\\/farinha-de-banana-verde-200g-salud-viva.jpg\",\"width\":1000,\"height\":1000},{\"@type\":\"BreadcrumbList\",\"@id\":\"https:\\\/\\\/www.lifenatura.com\\\/es\\\/produto\\\/harina-de-platano-verde-200g-salud-viva\\\/#breadcrumb\",\"itemListElement\":[{\"@type\":\"ListItem\",\"position\":1,\"name\":\"In\u00edcio\",\"item\":\"https:\\\/\\\/www.lifenatura.com\\\/es\\\/\"},{\"@type\":\"ListItem\",\"position\":2,\"name\":\"Todos los Productos\",\"item\":\"https:\\\/\\\/www.lifenatura.com\\\/es\\\/tienda\\\/\"},{\"@type\":\"ListItem\",\"position\":3,\"name\":\"Harina de Pl\u00e1tano Verde 200g &#8211; Salud Viva\"}]},{\"@type\":\"WebSite\",\"@id\":\"https:\\\/\\\/www.lifenatura.com\\\/es\\\/#website\",\"url\":\"https:\\\/\\\/www.lifenatura.com\\\/es\\\/\",\"name\":\"Lifenatura\",\"description\":\"A Lifenatura \u00e9 uma loja de produtos naturais, cosm\u00e9tica natural e alimenta\u00e7\u00e3o Biol\u00f3gica.\",\"publisher\":{\"@id\":\"https:\\\/\\\/www.lifenatura.com\\\/es\\\/#organization\"},\"potentialAction\":[{\"@type\":\"SearchAction\",\"target\":{\"@type\":\"EntryPoint\",\"urlTemplate\":\"https:\\\/\\\/www.lifenatura.com\\\/es\\\/?s={search_term_string}\"},\"query-input\":{\"@type\":\"PropertyValueSpecification\",\"valueRequired\":true,\"valueName\":\"search_term_string\"}}],\"inLanguage\":\"es\"},{\"@type\":\"Organization\",\"@id\":\"https:\\\/\\\/www.lifenatura.com\\\/es\\\/#organization\",\"name\":\"Lifenatura\",\"url\":\"https:\\\/\\\/www.lifenatura.com\\\/es\\\/\",\"logo\":{\"@type\":\"ImageObject\",\"inLanguage\":\"es\",\"@id\":\"https:\\\/\\\/www.lifenatura.com\\\/es\\\/#\\\/schema\\\/logo\\\/image\\\/\",\"url\":\"https:\\\/\\\/www.lifenatura.com\\\/wp-content\\\/uploads\\\/2021\\\/07\\\/logo.png\",\"contentUrl\":\"https:\\\/\\\/www.lifenatura.com\\\/wp-content\\\/uploads\\\/2021\\\/07\\\/logo.png\",\"width\":175,\"height\":55,\"caption\":\"Lifenatura\"},\"image\":{\"@id\":\"https:\\\/\\\/www.lifenatura.com\\\/es\\\/#\\\/schema\\\/logo\\\/image\\\/\"},\"sameAs\":[\"https:\\\/\\\/www.facebook.com\\\/lifenatura\",\"https:\\\/\\\/www.instagram.com\\\/lifenaturapt\\\/\"],\"hasMerchantReturnPolicy\":{\"@type\":\"MerchantReturnPolicy\",\"merchantReturnLink\":\"https:\\\/\\\/www.lifenatura.com\\\/termos-condicoes-lifenatura\\\/\"}}]}<\/script>\n<meta property=\"product:price:amount\" content=\"6.75\" \/>\n<meta property=\"product:price:currency\" content=\"EUR\" \/>\n<meta property=\"og:availability\" content=\"instock\" \/>\n<meta property=\"product:availability\" content=\"instock\" \/>\n<meta property=\"product:retailer_item_id\" content=\"23500000004\" \/>\n<meta property=\"product:condition\" content=\"new\" \/>\n<!-- \/ Yoast SEO Premium plugin. -->","yoast_head_json":{"title":"Harina de Pl\u00e1tano Verde 200g - Salud Viva - Na Lifenatura ao Melhor Pre\u00e7o | Envio em 48h","description":"Harina de pl\u00e1tano verde rica en almid\u00f3n resistente y fibra. Ideal para la salud intestinal, la saciedad y las recetas sin gluten.","robots":{"index":"index","follow":"follow","max-snippet":"max-snippet:-1","max-image-preview":"max-image-preview:large","max-video-preview":"max-video-preview:-1"},"canonical":"https:\/\/www.lifenatura.com\/es\/produto\/harina-de-platano-verde-200g-salud-viva\/","og_locale":"es_ES","og_type":"article","og_title":"Harina de Pl\u00e1tano Verde 200g - Salud Viva - Na Lifenatura ao Melhor Pre\u00e7o | Envio 48h","og_description":"Compre Harina de Pl\u00e1tano Verde 200g - Salud Viva com envio r\u00e1pido. Entrega em 48h e portes gr\u00e1tis em compras >35\u20ac. Aproveite j\u00e1 na Lifenatura","og_url":"https:\/\/www.lifenatura.com\/es\/produto\/harina-de-platano-verde-200g-salud-viva\/","og_site_name":"Lifenatura","article_publisher":"https:\/\/www.facebook.com\/lifenatura","article_modified_time":"2025-07-28T11:31:21+00:00","og_image":[{"width":1000,"height":1000,"url":"https:\/\/www.lifenatura.com\/wp-content\/uploads\/2025\/05\/farinha-de-banana-verde-200g-salud-viva.jpg","type":"image\/jpeg"}],"twitter_card":"summary_large_image","twitter_misc":{"Precio":"6,75&nbsp;&euro;","Disponibilidad":"Disponible"},"schema":{"@context":"https:\/\/schema.org","@graph":[{"@type":"WebPage","@id":"https:\/\/www.lifenatura.com\/es\/produto\/harina-de-platano-verde-200g-salud-viva\/","url":"https:\/\/www.lifenatura.com\/es\/produto\/harina-de-platano-verde-200g-salud-viva\/","name":"Harina de Pl\u00e1tano Verde 200g - Salud Viva - Na Lifenatura ao Melhor Pre\u00e7o | Envio em 48h","isPartOf":{"@id":"https:\/\/www.lifenatura.com\/es\/#website"},"primaryImageOfPage":{"@id":"https:\/\/www.lifenatura.com\/es\/produto\/harina-de-platano-verde-200g-salud-viva\/#primaryimage"},"image":{"@id":"https:\/\/www.lifenatura.com\/es\/produto\/harina-de-platano-verde-200g-salud-viva\/#primaryimage"},"thumbnailUrl":"https:\/\/www.lifenatura.com\/wp-content\/uploads\/2025\/05\/farinha-de-banana-verde-200g-salud-viva.jpg","datePublished":"2025-05-13T14:04:06+00:00","dateModified":"2025-07-28T11:31:21+00:00","description":"Harina de pl\u00e1tano verde rica en almid\u00f3n resistente y fibra. Ideal para la salud intestinal, la saciedad y las recetas sin gluten.","breadcrumb":{"@id":"https:\/\/www.lifenatura.com\/es\/produto\/harina-de-platano-verde-200g-salud-viva\/#breadcrumb"},"inLanguage":"es","potentialAction":[{"@type":"ReadAction","target":["https:\/\/www.lifenatura.com\/es\/produto\/harina-de-platano-verde-200g-salud-viva\/"]}]},{"@type":"ImageObject","inLanguage":"es","@id":"https:\/\/www.lifenatura.com\/es\/produto\/harina-de-platano-verde-200g-salud-viva\/#primaryimage","url":"https:\/\/www.lifenatura.com\/wp-content\/uploads\/2025\/05\/farinha-de-banana-verde-200g-salud-viva.jpg","contentUrl":"https:\/\/www.lifenatura.com\/wp-content\/uploads\/2025\/05\/farinha-de-banana-verde-200g-salud-viva.jpg","width":1000,"height":1000},{"@type":"BreadcrumbList","@id":"https:\/\/www.lifenatura.com\/es\/produto\/harina-de-platano-verde-200g-salud-viva\/#breadcrumb","itemListElement":[{"@type":"ListItem","position":1,"name":"In\u00edcio","item":"https:\/\/www.lifenatura.com\/es\/"},{"@type":"ListItem","position":2,"name":"Todos los Productos","item":"https:\/\/www.lifenatura.com\/es\/tienda\/"},{"@type":"ListItem","position":3,"name":"Harina de Pl\u00e1tano Verde 200g &#8211; Salud Viva"}]},{"@type":"WebSite","@id":"https:\/\/www.lifenatura.com\/es\/#website","url":"https:\/\/www.lifenatura.com\/es\/","name":"Lifenatura","description":"A Lifenatura \u00e9 uma loja de produtos naturais, cosm\u00e9tica natural e alimenta\u00e7\u00e3o Biol\u00f3gica.","publisher":{"@id":"https:\/\/www.lifenatura.com\/es\/#organization"},"potentialAction":[{"@type":"SearchAction","target":{"@type":"EntryPoint","urlTemplate":"https:\/\/www.lifenatura.com\/es\/?s={search_term_string}"},"query-input":{"@type":"PropertyValueSpecification","valueRequired":true,"valueName":"search_term_string"}}],"inLanguage":"es"},{"@type":"Organization","@id":"https:\/\/www.lifenatura.com\/es\/#organization","name":"Lifenatura","url":"https:\/\/www.lifenatura.com\/es\/","logo":{"@type":"ImageObject","inLanguage":"es","@id":"https:\/\/www.lifenatura.com\/es\/#\/schema\/logo\/image\/","url":"https:\/\/www.lifenatura.com\/wp-content\/uploads\/2021\/07\/logo.png","contentUrl":"https:\/\/www.lifenatura.com\/wp-content\/uploads\/2021\/07\/logo.png","width":175,"height":55,"caption":"Lifenatura"},"image":{"@id":"https:\/\/www.lifenatura.com\/es\/#\/schema\/logo\/image\/"},"sameAs":["https:\/\/www.facebook.com\/lifenatura","https:\/\/www.instagram.com\/lifenaturapt\/"],"hasMerchantReturnPolicy":{"@type":"MerchantReturnPolicy","merchantReturnLink":"https:\/\/www.lifenatura.com\/termos-condicoes-lifenatura\/"}}]},"product_price_amount":"6.75","product_price_currency":"EUR","og_availability":"instock","product_availability":"instock","product_retailer_item_id":"23500000004","product_condition":"new"},"df_price":6.75,"df_sale_price":"","df_regular_price":6.75,"df_image_link":"https:\/\/www.lifenatura.com\/wp-content\/uploads\/2025\/05\/farinha-de-banana-verde-200g-salud-viva-300x300.jpg","_links":{"self":[{"href":"https:\/\/www.lifenatura.com\/es\/wp-json\/wp\/v2\/product\/115048","targetHints":{"allow":["GET"]}}],"collection":[{"href":"https:\/\/www.lifenatura.com\/es\/wp-json\/wp\/v2\/product"}],"about":[{"href":"https:\/\/www.lifenatura.com\/es\/wp-json\/wp\/v2\/types\/product"}],"wp:featuredmedia":[{"embeddable":true,"href":"https:\/\/www.lifenatura.com\/es\/wp-json\/wp\/v2\/media\/111531"}],"wp:attachment":[{"href":"https:\/\/www.lifenatura.com\/es\/wp-json\/wp\/v2\/media?parent=115048"}],"wp:term":[{"taxonomy":"product_brand","embeddable":true,"href":"https:\/\/www.lifenatura.com\/es\/wp-json\/wp\/v2\/product_brand?post=115048"},{"taxonomy":"product_cat","embeddable":true,"href":"https:\/\/www.lifenatura.com\/es\/wp-json\/wp\/v2\/product_cat?post=115048"},{"taxonomy":"product_tag","embeddable":true,"href":"https:\/\/www.lifenatura.com\/es\/wp-json\/wp\/v2\/product_tag?post=115048"}],"curies":[{"name":"wp","href":"https:\/\/api.w.org\/{rel}","templated":true}]}}