{"id":115046,"date":"2025-05-13T14:04:17","date_gmt":"2025-05-13T14:04:17","guid":{"rendered":"https:\/\/www.lifenatura.com\/produto\/harina-de-tapioca-250g-salud-viva\/"},"modified":"2025-07-28T11:56:56","modified_gmt":"2025-07-28T11:56:56","slug":"harina-de-tapioca-250g-salud-viva","status":"publish","type":"product","link":"https:\/\/www.lifenatura.com\/es\/produto\/harina-de-tapioca-250g-salud-viva\/","title":{"rendered":"Harina de Tapioca 250g &#8211; Salud Viva"},"content":{"rendered":"<h2 style=\"text-align: left;\" data-start=\"178\" data-end=\"243\">Harina de Tapioca &#8211; Salud Viva<\/h2>\n<p>&nbsp;<\/p>\n<p style=\"text-align: left;\" data-start=\"245\" data-end=\"669\"><strong data-start=\"247\" data-end=\"283\">La Harina de Tapioca Salud Viva<\/strong> es un ingrediente 100% natural, sin gluten, extra\u00eddo de la ra\u00edz de la mandioca<em data-start=\"358\" data-end=\"377\">(Manihot esculenta<\/em>), ideal para preparar comidas ligeras, nutritivas y de f\u00e1cil digesti\u00f3n. Utilizada tradicionalmente en la cocina brasile\u00f1a, esta harina destaca por su textura suave, sabor neutro y versatilidad, que la hacen perfecta para crepes, tortitas, panes, galletas y otras recetas sin gluten.<\/p>\n<p style=\"text-align: left;\" data-start=\"671\" data-end=\"1002\">Al no contener gluten ni al\u00e9rgenos, la harina de tapioca es una opci\u00f3n excelente para las personas <strong data-start=\"770\" data-end=\"788\">cel\u00edacas<\/strong> o <strong data-start=\"796\" data-end=\"823\">sensibles al gluten<\/strong>. Tambi\u00e9n es una fuente natural de <strong data-start=\"855\" data-end=\"897\">hidratos de carbono de r\u00e1pida absorci\u00f3n<\/strong> y es ideal para proporcionar energ\u00eda inmediata, especialmente antes o despu\u00e9s del ejercicio.<\/p>\n<p style=\"text-align: left;\" data-start=\"1180\" data-end=\"1206\"><strong>Principales ventajas:<\/strong><\/p>\n<ul data-start=\"1207\" data-end=\"1569\">\n<li data-start=\"1207\" data-end=\"1283\">\n<p style=\"text-align: left;\" data-start=\"1209\" data-end=\"1283\"><strong data-start=\"1209\" data-end=\"1236\">Naturalmente sin gluten<\/strong>, ideal para dietas cel\u00edacas o intolerantes;<\/p>\n<\/li>\n<li data-start=\"1284\" data-end=\"1364\">\n<p style=\"text-align: left;\" data-start=\"1286\" data-end=\"1364\">Proporciona <strong data-start=\"1294\" data-end=\"1332\">energ\u00eda r\u00e1pida y f\u00e1cil de digerir<\/strong>, excelente para deportistas;<\/p>\n<\/li>\n<li style=\"text-align: left;\" data-start=\"1365\" data-end=\"1428\">\n<p data-start=\"1367\" data-end=\"1428\">Textura ligera que hace que los platos sean m\u00e1s suaves y agradables;<\/p>\n<\/li>\n<li style=\"text-align: left;\" data-start=\"1429\" data-end=\"1477\">\n<p data-start=\"1431\" data-end=\"1477\">Se puede utilizar en recetas dulces y saladas;<\/p>\n<\/li>\n<li style=\"text-align: left;\" data-start=\"1478\" data-end=\"1569\">\n<p data-start=\"1480\" data-end=\"1569\"><strong data-start=\"1480\" data-end=\"1512\">Vers\u00e1til y f\u00e1cil de preparar<\/strong>, s\u00f3lo hay que calentarlo para que adquiera consistencia.<\/p>\n<\/li>\n<\/ul>\n<p style=\"text-align: left;\" data-start=\"1571\" data-end=\"1586\"><strong>Indicaciones:<\/strong><\/p>\n<p style=\"text-align: left;\" data-start=\"1587\" data-end=\"1639\"><strong data-start=\"1589\" data-end=\"1622\">Salud Viva Harina de Tapioca<\/strong> est\u00e1 indicada para:<\/p>\n<ul style=\"text-align: left;\" data-start=\"1640\" data-end=\"1847\">\n<li data-start=\"1640\" data-end=\"1701\">\n<p data-start=\"1642\" data-end=\"1701\">Personas con <strong data-start=\"1654\" data-end=\"1680\">intolerancia al gluten<\/strong> o enfermedad cel\u00edaca;<\/p>\n<\/li>\n<li data-start=\"1702\" data-end=\"1763\">\n<p data-start=\"1704\" data-end=\"1763\">Cualquiera que busque una <strong data-start=\"1721\" data-end=\"1760\">fuente de energ\u00eda ligera y sin grasas<\/strong>;<\/p>\n<\/li>\n<li data-start=\"1764\" data-end=\"1847\">\n<p data-start=\"1766\" data-end=\"1847\">Familias que quieren opciones pr\u00e1cticas y sanas para desayunar y merendar.<\/p>\n<\/li>\n<\/ul>\n<p style=\"text-align: left;\"><strong>Presentaci\u00f3n:<\/strong><\/p>\n<p style=\"text-align: left;\">250g<\/p>\n<p style=\"text-align: left;\">\n","protected":false},"excerpt":{"rendered":"<p>Salud Viva Harina de Tapioca &#8211; Sin gluten, ligera y energizante. Ideal para crepes, tortitas y recetas saludables. Vers\u00e1til y f\u00e1cil de preparar. [&#8230;]<\/p>\n<p><a class=\"btn btn-secondary understrap-read-more-link\" href=\"https:\/\/www.lifenatura.com\/es\/produto\/harina-de-tapioca-250g-salud-viva\/\">Leer m\u00e1s&#8230;<span class=\"screen-reader-text\"> from Harina de Tapioca 250g &#8211; Salud Viva<\/span><\/a><\/p>\n","protected":false},"featured_media":111539,"template":"","meta":{"_acf_changed":false},"product_brand":[8295],"product_cat":[7064,7084,7074],"product_tag":[],"class_list":{"0":"post-115046","1":"product","2":"type-product","3":"status-publish","4":"has-post-thumbnail","6":"product_brand-salud-viva","7":"product_cat-alimentacion-sana","8":"product_cat-harinas","9":"product_cat-productos-alimenticios","11":"first","12":"instock","13":"shipping-taxable","14":"purchasable","15":"product-type-simple","16":"add-to-wishlist-before_image"},"acf":[],"yoast_head":"<!-- This site is optimized with the Yoast SEO Premium plugin v27.1 (Yoast SEO v27.5) - https:\/\/yoast.com\/product\/yoast-seo-premium-wordpress\/ -->\n<title>Harina de Tapioca 250g - Salud Viva - Na Lifenatura ao Melhor Pre\u00e7o | Envio em 48h<\/title>\n<meta name=\"description\" content=\"Salud Viva Harina de Tapioca - Sin gluten, ligera y energizante. Ideal para crepes, tortitas y recetas saludables. Vers\u00e1til y f\u00e1cil de preparar.\" \/>\n<meta name=\"robots\" content=\"index, follow, max-snippet:-1, max-image-preview:large, max-video-preview:-1\" \/>\n<link rel=\"canonical\" href=\"https:\/\/www.lifenatura.com\/es\/produto\/harina-de-tapioca-250g-salud-viva\/\" \/>\n<meta property=\"og:locale\" content=\"es_ES\" \/>\n<meta property=\"og:type\" content=\"article\" \/>\n<meta property=\"og:title\" content=\"Harina de Tapioca 250g - Salud Viva - Na Lifenatura ao Melhor Pre\u00e7o | Envio 48h\" \/>\n<meta property=\"og:description\" content=\"Compre Harina de Tapioca 250g - Salud Viva com envio r\u00e1pido. Entrega em 48h e portes gr\u00e1tis em compras &gt;35\u20ac. Aproveite j\u00e1 na Lifenatura\" \/>\n<meta property=\"og:url\" content=\"https:\/\/www.lifenatura.com\/es\/produto\/harina-de-tapioca-250g-salud-viva\/\" \/>\n<meta property=\"og:site_name\" content=\"Lifenatura\" \/>\n<meta property=\"article:publisher\" content=\"https:\/\/www.facebook.com\/lifenatura\" \/>\n<meta property=\"article:modified_time\" content=\"2025-07-28T11:56:56+00:00\" \/>\n<meta property=\"og:image\" content=\"https:\/\/www.lifenatura.com\/wp-content\/uploads\/2025\/05\/farinha-de-tapioca-250g-salud-viva.jpg\" \/>\n\t<meta property=\"og:image:width\" content=\"1000\" \/>\n\t<meta property=\"og:image:height\" content=\"1000\" \/>\n\t<meta property=\"og:image:type\" content=\"image\/jpeg\" \/>\n<meta name=\"twitter:card\" content=\"summary_large_image\" \/>\n<meta name=\"twitter:label1\" content=\"Precio\" \/>\n\t<meta name=\"twitter:data1\" content=\"3,62&nbsp;&euro;\" \/>\n\t<meta name=\"twitter:label2\" content=\"Disponibilidad\" \/>\n\t<meta name=\"twitter:data2\" content=\"Disponible\" \/>\n<script type=\"application\/ld+json\" class=\"yoast-schema-graph\">{\"@context\":\"https:\\\/\\\/schema.org\",\"@graph\":[{\"@type\":\"WebPage\",\"@id\":\"https:\\\/\\\/www.lifenatura.com\\\/es\\\/produto\\\/harina-de-tapioca-250g-salud-viva\\\/\",\"url\":\"https:\\\/\\\/www.lifenatura.com\\\/es\\\/produto\\\/harina-de-tapioca-250g-salud-viva\\\/\",\"name\":\"Harina de Tapioca 250g - Salud Viva - Na Lifenatura ao Melhor Pre\u00e7o | Envio em 48h\",\"isPartOf\":{\"@id\":\"https:\\\/\\\/www.lifenatura.com\\\/es\\\/#website\"},\"primaryImageOfPage\":{\"@id\":\"https:\\\/\\\/www.lifenatura.com\\\/es\\\/produto\\\/harina-de-tapioca-250g-salud-viva\\\/#primaryimage\"},\"image\":{\"@id\":\"https:\\\/\\\/www.lifenatura.com\\\/es\\\/produto\\\/harina-de-tapioca-250g-salud-viva\\\/#primaryimage\"},\"thumbnailUrl\":\"https:\\\/\\\/www.lifenatura.com\\\/wp-content\\\/uploads\\\/2025\\\/05\\\/farinha-de-tapioca-250g-salud-viva.jpg\",\"datePublished\":\"2025-05-13T14:04:17+00:00\",\"dateModified\":\"2025-07-28T11:56:56+00:00\",\"description\":\"Salud Viva Harina de Tapioca - Sin gluten, ligera y energizante. Ideal para crepes, tortitas y recetas saludables. Vers\u00e1til y f\u00e1cil de preparar.\",\"breadcrumb\":{\"@id\":\"https:\\\/\\\/www.lifenatura.com\\\/es\\\/produto\\\/harina-de-tapioca-250g-salud-viva\\\/#breadcrumb\"},\"inLanguage\":\"es\",\"potentialAction\":[{\"@type\":\"ReadAction\",\"target\":[\"https:\\\/\\\/www.lifenatura.com\\\/es\\\/produto\\\/harina-de-tapioca-250g-salud-viva\\\/\"]}]},{\"@type\":\"ImageObject\",\"inLanguage\":\"es\",\"@id\":\"https:\\\/\\\/www.lifenatura.com\\\/es\\\/produto\\\/harina-de-tapioca-250g-salud-viva\\\/#primaryimage\",\"url\":\"https:\\\/\\\/www.lifenatura.com\\\/wp-content\\\/uploads\\\/2025\\\/05\\\/farinha-de-tapioca-250g-salud-viva.jpg\",\"contentUrl\":\"https:\\\/\\\/www.lifenatura.com\\\/wp-content\\\/uploads\\\/2025\\\/05\\\/farinha-de-tapioca-250g-salud-viva.jpg\",\"width\":1000,\"height\":1000},{\"@type\":\"BreadcrumbList\",\"@id\":\"https:\\\/\\\/www.lifenatura.com\\\/es\\\/produto\\\/harina-de-tapioca-250g-salud-viva\\\/#breadcrumb\",\"itemListElement\":[{\"@type\":\"ListItem\",\"position\":1,\"name\":\"In\u00edcio\",\"item\":\"https:\\\/\\\/www.lifenatura.com\\\/es\\\/\"},{\"@type\":\"ListItem\",\"position\":2,\"name\":\"Todos los Productos\",\"item\":\"https:\\\/\\\/www.lifenatura.com\\\/es\\\/tienda\\\/\"},{\"@type\":\"ListItem\",\"position\":3,\"name\":\"Harina de Tapioca 250g &#8211; Salud Viva\"}]},{\"@type\":\"WebSite\",\"@id\":\"https:\\\/\\\/www.lifenatura.com\\\/es\\\/#website\",\"url\":\"https:\\\/\\\/www.lifenatura.com\\\/es\\\/\",\"name\":\"Lifenatura\",\"description\":\"A Lifenatura \u00e9 uma loja de produtos naturais, cosm\u00e9tica natural e alimenta\u00e7\u00e3o Biol\u00f3gica.\",\"publisher\":{\"@id\":\"https:\\\/\\\/www.lifenatura.com\\\/es\\\/#organization\"},\"potentialAction\":[{\"@type\":\"SearchAction\",\"target\":{\"@type\":\"EntryPoint\",\"urlTemplate\":\"https:\\\/\\\/www.lifenatura.com\\\/es\\\/?s={search_term_string}\"},\"query-input\":{\"@type\":\"PropertyValueSpecification\",\"valueRequired\":true,\"valueName\":\"search_term_string\"}}],\"inLanguage\":\"es\"},{\"@type\":\"Organization\",\"@id\":\"https:\\\/\\\/www.lifenatura.com\\\/es\\\/#organization\",\"name\":\"Lifenatura\",\"url\":\"https:\\\/\\\/www.lifenatura.com\\\/es\\\/\",\"logo\":{\"@type\":\"ImageObject\",\"inLanguage\":\"es\",\"@id\":\"https:\\\/\\\/www.lifenatura.com\\\/es\\\/#\\\/schema\\\/logo\\\/image\\\/\",\"url\":\"https:\\\/\\\/www.lifenatura.com\\\/wp-content\\\/uploads\\\/2021\\\/07\\\/logo.png\",\"contentUrl\":\"https:\\\/\\\/www.lifenatura.com\\\/wp-content\\\/uploads\\\/2021\\\/07\\\/logo.png\",\"width\":175,\"height\":55,\"caption\":\"Lifenatura\"},\"image\":{\"@id\":\"https:\\\/\\\/www.lifenatura.com\\\/es\\\/#\\\/schema\\\/logo\\\/image\\\/\"},\"sameAs\":[\"https:\\\/\\\/www.facebook.com\\\/lifenatura\",\"https:\\\/\\\/www.instagram.com\\\/lifenaturapt\\\/\"],\"hasMerchantReturnPolicy\":{\"@type\":\"MerchantReturnPolicy\",\"merchantReturnLink\":\"https:\\\/\\\/www.lifenatura.com\\\/termos-condicoes-lifenatura\\\/\"}}]}<\/script>\n<meta property=\"product:price:amount\" content=\"3.62\" \/>\n<meta property=\"product:price:currency\" content=\"EUR\" \/>\n<meta property=\"og:availability\" content=\"instock\" \/>\n<meta property=\"product:availability\" content=\"instock\" \/>\n<meta property=\"product:retailer_item_id\" content=\"21800000007\" \/>\n<meta property=\"product:condition\" content=\"new\" \/>\n<!-- \/ Yoast SEO Premium plugin. -->","yoast_head_json":{"title":"Harina de Tapioca 250g - Salud Viva - Na Lifenatura ao Melhor Pre\u00e7o | Envio em 48h","description":"Salud Viva Harina de Tapioca - Sin gluten, ligera y energizante. Ideal para crepes, tortitas y recetas saludables. Vers\u00e1til y f\u00e1cil de preparar.","robots":{"index":"index","follow":"follow","max-snippet":"max-snippet:-1","max-image-preview":"max-image-preview:large","max-video-preview":"max-video-preview:-1"},"canonical":"https:\/\/www.lifenatura.com\/es\/produto\/harina-de-tapioca-250g-salud-viva\/","og_locale":"es_ES","og_type":"article","og_title":"Harina de Tapioca 250g - Salud Viva - Na Lifenatura ao Melhor Pre\u00e7o | Envio 48h","og_description":"Compre Harina de Tapioca 250g - Salud Viva com envio r\u00e1pido. Entrega em 48h e portes gr\u00e1tis em compras >35\u20ac. Aproveite j\u00e1 na Lifenatura","og_url":"https:\/\/www.lifenatura.com\/es\/produto\/harina-de-tapioca-250g-salud-viva\/","og_site_name":"Lifenatura","article_publisher":"https:\/\/www.facebook.com\/lifenatura","article_modified_time":"2025-07-28T11:56:56+00:00","og_image":[{"width":1000,"height":1000,"url":"https:\/\/www.lifenatura.com\/wp-content\/uploads\/2025\/05\/farinha-de-tapioca-250g-salud-viva.jpg","type":"image\/jpeg"}],"twitter_card":"summary_large_image","twitter_misc":{"Precio":"3,62&nbsp;&euro;","Disponibilidad":"Disponible"},"schema":{"@context":"https:\/\/schema.org","@graph":[{"@type":"WebPage","@id":"https:\/\/www.lifenatura.com\/es\/produto\/harina-de-tapioca-250g-salud-viva\/","url":"https:\/\/www.lifenatura.com\/es\/produto\/harina-de-tapioca-250g-salud-viva\/","name":"Harina de Tapioca 250g - Salud Viva - Na Lifenatura ao Melhor Pre\u00e7o | Envio em 48h","isPartOf":{"@id":"https:\/\/www.lifenatura.com\/es\/#website"},"primaryImageOfPage":{"@id":"https:\/\/www.lifenatura.com\/es\/produto\/harina-de-tapioca-250g-salud-viva\/#primaryimage"},"image":{"@id":"https:\/\/www.lifenatura.com\/es\/produto\/harina-de-tapioca-250g-salud-viva\/#primaryimage"},"thumbnailUrl":"https:\/\/www.lifenatura.com\/wp-content\/uploads\/2025\/05\/farinha-de-tapioca-250g-salud-viva.jpg","datePublished":"2025-05-13T14:04:17+00:00","dateModified":"2025-07-28T11:56:56+00:00","description":"Salud Viva Harina de Tapioca - Sin gluten, ligera y energizante. Ideal para crepes, tortitas y recetas saludables. Vers\u00e1til y f\u00e1cil de preparar.","breadcrumb":{"@id":"https:\/\/www.lifenatura.com\/es\/produto\/harina-de-tapioca-250g-salud-viva\/#breadcrumb"},"inLanguage":"es","potentialAction":[{"@type":"ReadAction","target":["https:\/\/www.lifenatura.com\/es\/produto\/harina-de-tapioca-250g-salud-viva\/"]}]},{"@type":"ImageObject","inLanguage":"es","@id":"https:\/\/www.lifenatura.com\/es\/produto\/harina-de-tapioca-250g-salud-viva\/#primaryimage","url":"https:\/\/www.lifenatura.com\/wp-content\/uploads\/2025\/05\/farinha-de-tapioca-250g-salud-viva.jpg","contentUrl":"https:\/\/www.lifenatura.com\/wp-content\/uploads\/2025\/05\/farinha-de-tapioca-250g-salud-viva.jpg","width":1000,"height":1000},{"@type":"BreadcrumbList","@id":"https:\/\/www.lifenatura.com\/es\/produto\/harina-de-tapioca-250g-salud-viva\/#breadcrumb","itemListElement":[{"@type":"ListItem","position":1,"name":"In\u00edcio","item":"https:\/\/www.lifenatura.com\/es\/"},{"@type":"ListItem","position":2,"name":"Todos los Productos","item":"https:\/\/www.lifenatura.com\/es\/tienda\/"},{"@type":"ListItem","position":3,"name":"Harina de Tapioca 250g &#8211; Salud Viva"}]},{"@type":"WebSite","@id":"https:\/\/www.lifenatura.com\/es\/#website","url":"https:\/\/www.lifenatura.com\/es\/","name":"Lifenatura","description":"A Lifenatura \u00e9 uma loja de produtos naturais, cosm\u00e9tica natural e alimenta\u00e7\u00e3o Biol\u00f3gica.","publisher":{"@id":"https:\/\/www.lifenatura.com\/es\/#organization"},"potentialAction":[{"@type":"SearchAction","target":{"@type":"EntryPoint","urlTemplate":"https:\/\/www.lifenatura.com\/es\/?s={search_term_string}"},"query-input":{"@type":"PropertyValueSpecification","valueRequired":true,"valueName":"search_term_string"}}],"inLanguage":"es"},{"@type":"Organization","@id":"https:\/\/www.lifenatura.com\/es\/#organization","name":"Lifenatura","url":"https:\/\/www.lifenatura.com\/es\/","logo":{"@type":"ImageObject","inLanguage":"es","@id":"https:\/\/www.lifenatura.com\/es\/#\/schema\/logo\/image\/","url":"https:\/\/www.lifenatura.com\/wp-content\/uploads\/2021\/07\/logo.png","contentUrl":"https:\/\/www.lifenatura.com\/wp-content\/uploads\/2021\/07\/logo.png","width":175,"height":55,"caption":"Lifenatura"},"image":{"@id":"https:\/\/www.lifenatura.com\/es\/#\/schema\/logo\/image\/"},"sameAs":["https:\/\/www.facebook.com\/lifenatura","https:\/\/www.instagram.com\/lifenaturapt\/"],"hasMerchantReturnPolicy":{"@type":"MerchantReturnPolicy","merchantReturnLink":"https:\/\/www.lifenatura.com\/termos-condicoes-lifenatura\/"}}]},"product_price_amount":"3.62","product_price_currency":"EUR","og_availability":"instock","product_availability":"instock","product_retailer_item_id":"21800000007","product_condition":"new"},"df_price":3.62,"df_sale_price":"","df_regular_price":3.62,"df_image_link":"https:\/\/www.lifenatura.com\/wp-content\/uploads\/2025\/05\/farinha-de-tapioca-250g-salud-viva-300x300.jpg","_links":{"self":[{"href":"https:\/\/www.lifenatura.com\/es\/wp-json\/wp\/v2\/product\/115046","targetHints":{"allow":["GET"]}}],"collection":[{"href":"https:\/\/www.lifenatura.com\/es\/wp-json\/wp\/v2\/product"}],"about":[{"href":"https:\/\/www.lifenatura.com\/es\/wp-json\/wp\/v2\/types\/product"}],"wp:featuredmedia":[{"embeddable":true,"href":"https:\/\/www.lifenatura.com\/es\/wp-json\/wp\/v2\/media\/111539"}],"wp:attachment":[{"href":"https:\/\/www.lifenatura.com\/es\/wp-json\/wp\/v2\/media?parent=115046"}],"wp:term":[{"taxonomy":"product_brand","embeddable":true,"href":"https:\/\/www.lifenatura.com\/es\/wp-json\/wp\/v2\/product_brand?post=115046"},{"taxonomy":"product_cat","embeddable":true,"href":"https:\/\/www.lifenatura.com\/es\/wp-json\/wp\/v2\/product_cat?post=115046"},{"taxonomy":"product_tag","embeddable":true,"href":"https:\/\/www.lifenatura.com\/es\/wp-json\/wp\/v2\/product_tag?post=115046"}],"curies":[{"name":"wp","href":"https:\/\/api.w.org\/{rel}","templated":true}]}}