{"id":115045,"date":"2025-05-13T14:04:15","date_gmt":"2025-05-13T14:04:15","guid":{"rendered":"https:\/\/www.lifenatura.com\/produto\/harina-de-bambu-375g-salud-viva\/"},"modified":"2025-07-28T11:36:12","modified_gmt":"2025-07-28T11:36:12","slug":"harina-de-bambu-375g-salud-viva","status":"publish","type":"product","link":"https:\/\/www.lifenatura.com\/es\/produto\/harina-de-bambu-375g-salud-viva\/","title":{"rendered":"Harina de Bamb\u00fa 375g &#8211; Salud Viva"},"content":{"rendered":"<h2 style=\"text-align: left;\" data-start=\"183\" data-end=\"259\"><strong>Harina de bamb\u00fa &#8211; Fuente natural de s\u00edlice y fibra alimentaria<\/strong><\/h2>\n<p>&nbsp;<\/p>\n<p data-start=\"261\" data-end=\"606\"><strong data-start=\"263\" data-end=\"297\">La Harina de Bamb\u00fa de Salud Viva<\/strong> es un ingrediente funcional 100% natural obtenido del tallo joven del \u00e1rbol del bamb\u00fa, rico en <strong data-start=\"379\" data-end=\"398\">s\u00edlice org\u00e1nico<\/strong> y <strong data-start=\"401\" data-end=\"430\">fibra diet\u00e9tica insoluble<\/strong>. De origen vegetal y ecol\u00f3gico, esta harina es un excelente aliado para quienes buscan enriquecer su dieta con nutrientes que favorecen la salud \u00f3sea, cut\u00e1nea e intestinal.<\/p>\n<p data-start=\"608\" data-end=\"951\">Con su textura fina y neutra, la harina de bamb\u00fa puede a\u00f1adirse a panes, pasteles, batidos, gachas o preparaciones sin gluten, ayudando a mejorar la consistencia de las recetas al tiempo que aumenta su valor nutritivo. Tambi\u00e9n es muy apreciada como suplemento natural de s\u00edlice, un mineral esencial para la formaci\u00f3n de col\u00e1geno y elastina.<\/p>\n<h3 data-start=\"953\" data-end=\"979\">Principales ventajas:<\/h3>\n<ul data-start=\"980\" data-end=\"1415\">\n<li data-start=\"980\" data-end=\"1084\">\n<p data-start=\"982\" data-end=\"1084\">Alto contenido en <strong data-start=\"998\" data-end=\"1017\">s\u00edlice org\u00e1nico<\/strong>, que favorece la salud de la <strong data-start=\"1042\" data-end=\"1081\">piel, el cabello, las u\u00f1as y las articulaciones<\/strong>;<\/p>\n<\/li>\n<li data-start=\"1085\" data-end=\"1162\">\n<p data-start=\"1087\" data-end=\"1162\">Contribuye al <strong data-start=\"1104\" data-end=\"1149\">mantenimiento de huesos y tejidos conjuntivos<\/strong> sanos;<\/p>\n<\/li>\n<li data-start=\"1163\" data-end=\"1251\">\n<p data-start=\"1165\" data-end=\"1251\">Rica en <strong data-start=\"1173\" data-end=\"1192\">fibra insoluble<\/strong>, favorece el <strong data-start=\"1205\" data-end=\"1228\">tr\u00e1nsito intestinal<\/strong> y facilita la digesti\u00f3n;<\/p>\n<\/li>\n<li data-start=\"1252\" data-end=\"1341\">\n<p data-start=\"1254\" data-end=\"1341\">Ingrediente funcional para mejorar <strong data-start=\"1292\" data-end=\"1315\">la textura y la estructura<\/strong> de las recetas sin gluten;<\/p>\n<\/li>\n<li data-start=\"1342\" data-end=\"1415\">\n<p data-start=\"1344\" data-end=\"1415\">100% natural, vegano, sin gluten, sin aditivos ni conservantes.<\/p>\n<\/li>\n<\/ul>\n<h3 data-start=\"1417\" data-end=\"1432\">Indicaciones:<\/h3>\n<p data-start=\"1433\" data-end=\"1486\"><strong data-start=\"1435\" data-end=\"1469\">Salud Viva Harina de Bamb\u00fa<\/strong> est\u00e1 indicada para:<\/p>\n<ul data-start=\"1487\" data-end=\"1785\">\n<li data-start=\"1487\" data-end=\"1555\">\n<p data-start=\"1489\" data-end=\"1555\">Cualquier persona que desee aumentar su ingesta diaria de s\u00edlice de forma natural;<\/p>\n<\/li>\n<li data-start=\"1556\" data-end=\"1631\">\n<p data-start=\"1558\" data-end=\"1631\">Personas con cabello fr\u00e1gil, u\u00f1as d\u00e9biles o problemas articulares;<\/p>\n<\/li>\n<li data-start=\"1632\" data-end=\"1697\">\n<p data-start=\"1634\" data-end=\"1697\">Dietas pobres en fibra o que necesiten apoyo digestivo;<\/p>\n<\/li>\n<li data-start=\"1698\" data-end=\"1785\">\n<p data-start=\"1700\" data-end=\"1785\">Quienes tienen intolerancia al gluten o buscan alternativas funcionales en recetas saludables.<\/p>\n<\/li>\n<\/ul>\n<p><strong>PRESENTACI\u00d3N<\/strong><\/p>\n<p>375g<\/p>\n<p>&nbsp;<\/p>\n","protected":false},"excerpt":{"rendered":"<p>Harina de bamb\u00fa rica en s\u00edlice y fibra, ideal para la piel, el cabello y las articulaciones. Ideal para recetas sin gluten y para potenciar la salud de forma natural. [&#8230;]<\/p>\n<p><a class=\"btn btn-secondary understrap-read-more-link\" href=\"https:\/\/www.lifenatura.com\/es\/produto\/harina-de-bambu-375g-salud-viva\/\">Leer m\u00e1s&#8230;<span class=\"screen-reader-text\"> from Harina de Bamb\u00fa 375g &#8211; Salud Viva<\/span><\/a><\/p>\n","protected":false},"featured_media":111529,"template":"","meta":{"_acf_changed":false},"product_brand":[8295],"product_cat":[7064,7084,7074],"product_tag":[],"class_list":{"0":"post-115045","1":"product","2":"type-product","3":"status-publish","4":"has-post-thumbnail","6":"product_brand-salud-viva","7":"product_cat-alimentacion-sana","8":"product_cat-harinas","9":"product_cat-productos-alimenticios","11":"first","12":"instock","13":"shipping-taxable","14":"purchasable","15":"product-type-simple","16":"add-to-wishlist-before_image"},"acf":[],"yoast_head":"<!-- This site is optimized with the Yoast SEO Premium plugin v27.1 (Yoast SEO v27.5) - https:\/\/yoast.com\/product\/yoast-seo-premium-wordpress\/ -->\n<title>Harina de Bamb\u00fa 375g - Salud Viva - Na Lifenatura ao Melhor Pre\u00e7o | Envio em 48h<\/title>\n<meta name=\"description\" content=\"Harina de bamb\u00fa rica en s\u00edlice y fibra, ideal para la piel, el cabello y las articulaciones, para recetas sin gluten y para potenciar la salud de natural.\" \/>\n<meta name=\"robots\" content=\"index, follow, max-snippet:-1, max-image-preview:large, max-video-preview:-1\" \/>\n<link rel=\"canonical\" href=\"https:\/\/www.lifenatura.com\/es\/produto\/harina-de-bambu-375g-salud-viva\/\" \/>\n<meta property=\"og:locale\" content=\"es_ES\" \/>\n<meta property=\"og:type\" content=\"article\" \/>\n<meta property=\"og:title\" content=\"Harina de Bamb\u00fa 375g - Salud Viva - Na Lifenatura ao Melhor Pre\u00e7o | Envio 48h\" \/>\n<meta property=\"og:description\" content=\"Compre Harina de Bamb\u00fa 375g - Salud Viva com envio r\u00e1pido. Entrega em 48h e portes gr\u00e1tis em compras &gt;35\u20ac. Aproveite j\u00e1 na Lifenatura\" \/>\n<meta property=\"og:url\" content=\"https:\/\/www.lifenatura.com\/es\/produto\/harina-de-bambu-375g-salud-viva\/\" \/>\n<meta property=\"og:site_name\" content=\"Lifenatura\" \/>\n<meta property=\"article:publisher\" content=\"https:\/\/www.facebook.com\/lifenatura\" \/>\n<meta property=\"article:modified_time\" content=\"2025-07-28T11:36:12+00:00\" \/>\n<meta property=\"og:image\" content=\"https:\/\/www.lifenatura.com\/wp-content\/uploads\/2025\/05\/farinha-de-bambu-375g-salud-viva.jpg\" \/>\n\t<meta property=\"og:image:width\" content=\"1000\" \/>\n\t<meta property=\"og:image:height\" content=\"1000\" \/>\n\t<meta property=\"og:image:type\" content=\"image\/jpeg\" \/>\n<meta name=\"twitter:card\" content=\"summary_large_image\" \/>\n<meta name=\"twitter:label1\" content=\"Precio\" \/>\n\t<meta name=\"twitter:data1\" content=\"5,43&nbsp;&euro;\" \/>\n\t<meta name=\"twitter:label2\" content=\"Disponibilidad\" \/>\n\t<meta name=\"twitter:data2\" content=\"Disponible\" \/>\n<script type=\"application\/ld+json\" class=\"yoast-schema-graph\">{\"@context\":\"https:\\\/\\\/schema.org\",\"@graph\":[{\"@type\":\"WebPage\",\"@id\":\"https:\\\/\\\/www.lifenatura.com\\\/es\\\/produto\\\/harina-de-bambu-375g-salud-viva\\\/\",\"url\":\"https:\\\/\\\/www.lifenatura.com\\\/es\\\/produto\\\/harina-de-bambu-375g-salud-viva\\\/\",\"name\":\"Harina de Bamb\u00fa 375g - Salud Viva - Na Lifenatura ao Melhor Pre\u00e7o | Envio em 48h\",\"isPartOf\":{\"@id\":\"https:\\\/\\\/www.lifenatura.com\\\/es\\\/#website\"},\"primaryImageOfPage\":{\"@id\":\"https:\\\/\\\/www.lifenatura.com\\\/es\\\/produto\\\/harina-de-bambu-375g-salud-viva\\\/#primaryimage\"},\"image\":{\"@id\":\"https:\\\/\\\/www.lifenatura.com\\\/es\\\/produto\\\/harina-de-bambu-375g-salud-viva\\\/#primaryimage\"},\"thumbnailUrl\":\"https:\\\/\\\/www.lifenatura.com\\\/wp-content\\\/uploads\\\/2025\\\/05\\\/farinha-de-bambu-375g-salud-viva.jpg\",\"datePublished\":\"2025-05-13T14:04:15+00:00\",\"dateModified\":\"2025-07-28T11:36:12+00:00\",\"description\":\"Harina de bamb\u00fa rica en s\u00edlice y fibra, ideal para la piel, el cabello y las articulaciones, para recetas sin gluten y para potenciar la salud de natural.\",\"breadcrumb\":{\"@id\":\"https:\\\/\\\/www.lifenatura.com\\\/es\\\/produto\\\/harina-de-bambu-375g-salud-viva\\\/#breadcrumb\"},\"inLanguage\":\"es\",\"potentialAction\":[{\"@type\":\"ReadAction\",\"target\":[\"https:\\\/\\\/www.lifenatura.com\\\/es\\\/produto\\\/harina-de-bambu-375g-salud-viva\\\/\"]}]},{\"@type\":\"ImageObject\",\"inLanguage\":\"es\",\"@id\":\"https:\\\/\\\/www.lifenatura.com\\\/es\\\/produto\\\/harina-de-bambu-375g-salud-viva\\\/#primaryimage\",\"url\":\"https:\\\/\\\/www.lifenatura.com\\\/wp-content\\\/uploads\\\/2025\\\/05\\\/farinha-de-bambu-375g-salud-viva.jpg\",\"contentUrl\":\"https:\\\/\\\/www.lifenatura.com\\\/wp-content\\\/uploads\\\/2025\\\/05\\\/farinha-de-bambu-375g-salud-viva.jpg\",\"width\":1000,\"height\":1000},{\"@type\":\"BreadcrumbList\",\"@id\":\"https:\\\/\\\/www.lifenatura.com\\\/es\\\/produto\\\/harina-de-bambu-375g-salud-viva\\\/#breadcrumb\",\"itemListElement\":[{\"@type\":\"ListItem\",\"position\":1,\"name\":\"In\u00edcio\",\"item\":\"https:\\\/\\\/www.lifenatura.com\\\/es\\\/\"},{\"@type\":\"ListItem\",\"position\":2,\"name\":\"Todos los Productos\",\"item\":\"https:\\\/\\\/www.lifenatura.com\\\/es\\\/tienda\\\/\"},{\"@type\":\"ListItem\",\"position\":3,\"name\":\"Harina de Bamb\u00fa 375g &#8211; Salud Viva\"}]},{\"@type\":\"WebSite\",\"@id\":\"https:\\\/\\\/www.lifenatura.com\\\/es\\\/#website\",\"url\":\"https:\\\/\\\/www.lifenatura.com\\\/es\\\/\",\"name\":\"Lifenatura\",\"description\":\"A Lifenatura \u00e9 uma loja de produtos naturais, cosm\u00e9tica natural e alimenta\u00e7\u00e3o Biol\u00f3gica.\",\"publisher\":{\"@id\":\"https:\\\/\\\/www.lifenatura.com\\\/es\\\/#organization\"},\"potentialAction\":[{\"@type\":\"SearchAction\",\"target\":{\"@type\":\"EntryPoint\",\"urlTemplate\":\"https:\\\/\\\/www.lifenatura.com\\\/es\\\/?s={search_term_string}\"},\"query-input\":{\"@type\":\"PropertyValueSpecification\",\"valueRequired\":true,\"valueName\":\"search_term_string\"}}],\"inLanguage\":\"es\"},{\"@type\":\"Organization\",\"@id\":\"https:\\\/\\\/www.lifenatura.com\\\/es\\\/#organization\",\"name\":\"Lifenatura\",\"url\":\"https:\\\/\\\/www.lifenatura.com\\\/es\\\/\",\"logo\":{\"@type\":\"ImageObject\",\"inLanguage\":\"es\",\"@id\":\"https:\\\/\\\/www.lifenatura.com\\\/es\\\/#\\\/schema\\\/logo\\\/image\\\/\",\"url\":\"https:\\\/\\\/www.lifenatura.com\\\/wp-content\\\/uploads\\\/2021\\\/07\\\/logo.png\",\"contentUrl\":\"https:\\\/\\\/www.lifenatura.com\\\/wp-content\\\/uploads\\\/2021\\\/07\\\/logo.png\",\"width\":175,\"height\":55,\"caption\":\"Lifenatura\"},\"image\":{\"@id\":\"https:\\\/\\\/www.lifenatura.com\\\/es\\\/#\\\/schema\\\/logo\\\/image\\\/\"},\"sameAs\":[\"https:\\\/\\\/www.facebook.com\\\/lifenatura\",\"https:\\\/\\\/www.instagram.com\\\/lifenaturapt\\\/\"],\"hasMerchantReturnPolicy\":{\"@type\":\"MerchantReturnPolicy\",\"merchantReturnLink\":\"https:\\\/\\\/www.lifenatura.com\\\/termos-condicoes-lifenatura\\\/\"}}]}<\/script>\n<meta property=\"product:price:amount\" content=\"5.43\" \/>\n<meta property=\"product:price:currency\" content=\"EUR\" \/>\n<meta property=\"og:availability\" content=\"instock\" \/>\n<meta property=\"product:availability\" content=\"instock\" \/>\n<meta property=\"product:retailer_item_id\" content=\"900740000004\" \/>\n<meta property=\"product:condition\" content=\"new\" \/>\n<!-- \/ Yoast SEO Premium plugin. -->","yoast_head_json":{"title":"Harina de Bamb\u00fa 375g - Salud Viva - Na Lifenatura ao Melhor Pre\u00e7o | Envio em 48h","description":"Harina de bamb\u00fa rica en s\u00edlice y fibra, ideal para la piel, el cabello y las articulaciones, para recetas sin gluten y para potenciar la salud de natural.","robots":{"index":"index","follow":"follow","max-snippet":"max-snippet:-1","max-image-preview":"max-image-preview:large","max-video-preview":"max-video-preview:-1"},"canonical":"https:\/\/www.lifenatura.com\/es\/produto\/harina-de-bambu-375g-salud-viva\/","og_locale":"es_ES","og_type":"article","og_title":"Harina de Bamb\u00fa 375g - Salud Viva - Na Lifenatura ao Melhor Pre\u00e7o | Envio 48h","og_description":"Compre Harina de Bamb\u00fa 375g - Salud Viva com envio r\u00e1pido. Entrega em 48h e portes gr\u00e1tis em compras >35\u20ac. Aproveite j\u00e1 na Lifenatura","og_url":"https:\/\/www.lifenatura.com\/es\/produto\/harina-de-bambu-375g-salud-viva\/","og_site_name":"Lifenatura","article_publisher":"https:\/\/www.facebook.com\/lifenatura","article_modified_time":"2025-07-28T11:36:12+00:00","og_image":[{"width":1000,"height":1000,"url":"https:\/\/www.lifenatura.com\/wp-content\/uploads\/2025\/05\/farinha-de-bambu-375g-salud-viva.jpg","type":"image\/jpeg"}],"twitter_card":"summary_large_image","twitter_misc":{"Precio":"5,43&nbsp;&euro;","Disponibilidad":"Disponible"},"schema":{"@context":"https:\/\/schema.org","@graph":[{"@type":"WebPage","@id":"https:\/\/www.lifenatura.com\/es\/produto\/harina-de-bambu-375g-salud-viva\/","url":"https:\/\/www.lifenatura.com\/es\/produto\/harina-de-bambu-375g-salud-viva\/","name":"Harina de Bamb\u00fa 375g - Salud Viva - Na Lifenatura ao Melhor Pre\u00e7o | Envio em 48h","isPartOf":{"@id":"https:\/\/www.lifenatura.com\/es\/#website"},"primaryImageOfPage":{"@id":"https:\/\/www.lifenatura.com\/es\/produto\/harina-de-bambu-375g-salud-viva\/#primaryimage"},"image":{"@id":"https:\/\/www.lifenatura.com\/es\/produto\/harina-de-bambu-375g-salud-viva\/#primaryimage"},"thumbnailUrl":"https:\/\/www.lifenatura.com\/wp-content\/uploads\/2025\/05\/farinha-de-bambu-375g-salud-viva.jpg","datePublished":"2025-05-13T14:04:15+00:00","dateModified":"2025-07-28T11:36:12+00:00","description":"Harina de bamb\u00fa rica en s\u00edlice y fibra, ideal para la piel, el cabello y las articulaciones, para recetas sin gluten y para potenciar la salud de natural.","breadcrumb":{"@id":"https:\/\/www.lifenatura.com\/es\/produto\/harina-de-bambu-375g-salud-viva\/#breadcrumb"},"inLanguage":"es","potentialAction":[{"@type":"ReadAction","target":["https:\/\/www.lifenatura.com\/es\/produto\/harina-de-bambu-375g-salud-viva\/"]}]},{"@type":"ImageObject","inLanguage":"es","@id":"https:\/\/www.lifenatura.com\/es\/produto\/harina-de-bambu-375g-salud-viva\/#primaryimage","url":"https:\/\/www.lifenatura.com\/wp-content\/uploads\/2025\/05\/farinha-de-bambu-375g-salud-viva.jpg","contentUrl":"https:\/\/www.lifenatura.com\/wp-content\/uploads\/2025\/05\/farinha-de-bambu-375g-salud-viva.jpg","width":1000,"height":1000},{"@type":"BreadcrumbList","@id":"https:\/\/www.lifenatura.com\/es\/produto\/harina-de-bambu-375g-salud-viva\/#breadcrumb","itemListElement":[{"@type":"ListItem","position":1,"name":"In\u00edcio","item":"https:\/\/www.lifenatura.com\/es\/"},{"@type":"ListItem","position":2,"name":"Todos los Productos","item":"https:\/\/www.lifenatura.com\/es\/tienda\/"},{"@type":"ListItem","position":3,"name":"Harina de Bamb\u00fa 375g &#8211; Salud Viva"}]},{"@type":"WebSite","@id":"https:\/\/www.lifenatura.com\/es\/#website","url":"https:\/\/www.lifenatura.com\/es\/","name":"Lifenatura","description":"A Lifenatura \u00e9 uma loja de produtos naturais, cosm\u00e9tica natural e alimenta\u00e7\u00e3o Biol\u00f3gica.","publisher":{"@id":"https:\/\/www.lifenatura.com\/es\/#organization"},"potentialAction":[{"@type":"SearchAction","target":{"@type":"EntryPoint","urlTemplate":"https:\/\/www.lifenatura.com\/es\/?s={search_term_string}"},"query-input":{"@type":"PropertyValueSpecification","valueRequired":true,"valueName":"search_term_string"}}],"inLanguage":"es"},{"@type":"Organization","@id":"https:\/\/www.lifenatura.com\/es\/#organization","name":"Lifenatura","url":"https:\/\/www.lifenatura.com\/es\/","logo":{"@type":"ImageObject","inLanguage":"es","@id":"https:\/\/www.lifenatura.com\/es\/#\/schema\/logo\/image\/","url":"https:\/\/www.lifenatura.com\/wp-content\/uploads\/2021\/07\/logo.png","contentUrl":"https:\/\/www.lifenatura.com\/wp-content\/uploads\/2021\/07\/logo.png","width":175,"height":55,"caption":"Lifenatura"},"image":{"@id":"https:\/\/www.lifenatura.com\/es\/#\/schema\/logo\/image\/"},"sameAs":["https:\/\/www.facebook.com\/lifenatura","https:\/\/www.instagram.com\/lifenaturapt\/"],"hasMerchantReturnPolicy":{"@type":"MerchantReturnPolicy","merchantReturnLink":"https:\/\/www.lifenatura.com\/termos-condicoes-lifenatura\/"}}]},"product_price_amount":"5.43","product_price_currency":"EUR","og_availability":"instock","product_availability":"instock","product_retailer_item_id":"900740000004","product_condition":"new"},"df_price":5.43,"df_sale_price":"","df_regular_price":5.43,"df_image_link":"https:\/\/www.lifenatura.com\/wp-content\/uploads\/2025\/05\/farinha-de-bambu-375g-salud-viva-300x300.jpg","_links":{"self":[{"href":"https:\/\/www.lifenatura.com\/es\/wp-json\/wp\/v2\/product\/115045","targetHints":{"allow":["GET"]}}],"collection":[{"href":"https:\/\/www.lifenatura.com\/es\/wp-json\/wp\/v2\/product"}],"about":[{"href":"https:\/\/www.lifenatura.com\/es\/wp-json\/wp\/v2\/types\/product"}],"wp:featuredmedia":[{"embeddable":true,"href":"https:\/\/www.lifenatura.com\/es\/wp-json\/wp\/v2\/media\/111529"}],"wp:attachment":[{"href":"https:\/\/www.lifenatura.com\/es\/wp-json\/wp\/v2\/media?parent=115045"}],"wp:term":[{"taxonomy":"product_brand","embeddable":true,"href":"https:\/\/www.lifenatura.com\/es\/wp-json\/wp\/v2\/product_brand?post=115045"},{"taxonomy":"product_cat","embeddable":true,"href":"https:\/\/www.lifenatura.com\/es\/wp-json\/wp\/v2\/product_cat?post=115045"},{"taxonomy":"product_tag","embeddable":true,"href":"https:\/\/www.lifenatura.com\/es\/wp-json\/wp\/v2\/product_tag?post=115045"}],"curies":[{"name":"wp","href":"https:\/\/api.w.org\/{rel}","templated":true}]}}