{"id":115037,"date":"2025-05-13T15:57:57","date_gmt":"2025-05-13T15:57:57","guid":{"rendered":"https:\/\/www.lifenatura.com\/produto\/manzana-fibra-bio-125g-salud-viva\/"},"modified":"2025-07-31T09:31:37","modified_gmt":"2025-07-31T09:31:37","slug":"manzana-fibra-bio-125g-salud-viva","status":"publish","type":"product","link":"https:\/\/www.lifenatura.com\/es\/produto\/manzana-fibra-bio-125g-salud-viva\/","title":{"rendered":"Manzana Fibra Bio 125g &#8211; Salud Viva"},"content":{"rendered":"<h2 style=\"text-align: left;\" data-start=\"238\" data-end=\"267\">Fibra de manzana &#8211; Salud Viva<\/h2>\n<p>&nbsp;<\/p>\n<p style=\"text-align: left;\" data-start=\"302\" data-end=\"454\"><span class=\"relative -mx-px my-[-0.2rem] rounded px-px py-[0.2rem] transition-colors duration-100 ease-in-out\"><strong data-start=\"2\" data-end=\"19\">La Fibra de Manzana<\/strong> <strong data-start=\"29\" data-end=\"43\">Salud Viva<\/strong> es un superalimento 100% natural obtenido a partir de pulpa de manzana prensada a alta presi\u00f3n.<\/span> <span class=\"relative -mx-px my-[-0.2rem] rounded px-px py-[0.2rem] transition-colors duration-100 ease-in-out\">Este proceso conserva m\u00e1s del 90% de la fibra presente de forma natural en la fruta, concentrando principalmente las fibras insolubles, con un contenido reducido de az\u00facar.<\/span> <span class=\"relative -mx-px my-[-0.2rem] rounded px-px py-[0.2rem] transition-colors duration-100 ease-in-out\">Procedente de la agricultura ecol\u00f3gica, es una excelente opci\u00f3n para enriquecer tu dieta diaria de forma pr\u00e1ctica y saludable.<\/span><\/p>\n<p style=\"text-align: left;\" data-start=\"456\" data-end=\"482\"><strong data-start=\"456\" data-end=\"482\">Principales ventajas:<\/strong><\/p>\n<ul style=\"text-align: left;\" data-start=\"484\" data-end=\"1255\">\n<li data-start=\"484\" data-end=\"628\">\n<p data-start=\"486\" data-end=\"628\"><strong data-start=\"486\" data-end=\"509\">Alto contenido en fibra:<\/strong> <span class=\"relative -mx-px my-[-0.2rem] rounded px-px py-[0.2rem] transition-colors duration-100 ease-in-out\">Contiene 55 g de fibra por 100 g de producto, ayudando a regular el tr\u00e1nsito intestinal y a combatir el estre\u00f1imiento.<\/span><\/p>\n<\/li>\n<li data-start=\"630\" data-end=\"788\">\n<p data-start=\"632\" data-end=\"788\"><strong data-start=\"632\" data-end=\"669\">Prolonga la sensaci\u00f3n de saciedad:<\/strong> <span class=\"relative -mx-px my-[-0.2rem] rounded px-px py-[0.2rem] transition-colors duration-100 ease-in-out\">Aumenta la sensaci\u00f3n de saciedad, ayudando a controlar el apetito y el peso.<\/span><\/p>\n<\/li>\n<li data-start=\"790\" data-end=\"937\">\n<p data-start=\"792\" data-end=\"937\"><strong data-start=\"792\" data-end=\"818\">Reduce el colesterol:<\/strong> <span class=\"relative -mx-px my-[-0.2rem] rounded px-px py-[0.2rem] transition-colors duration-100 ease-in-out\">Contribuye a reducir el colesterol LDL (colesterol malo) y los triglic\u00e9ridos.<\/span><\/p>\n<\/li>\n<li data-start=\"939\" data-end=\"1097\">\n<p data-start=\"941\" data-end=\"1097\"><strong data-start=\"941\" data-end=\"978\">Equilibra los niveles de glucosa:<\/strong> <span class=\"relative -mx-px my-[-0.2rem] rounded px-px py-[0.2rem] transition-colors duration-100 ease-in-out\">Ayuda a regular los niveles de az\u00facar en sangre y es beneficioso para los diab\u00e9ticos.<\/span><\/p>\n<\/li>\n<li data-start=\"1099\" data-end=\"1255\">\n<p data-start=\"1101\" data-end=\"1255\"><strong data-start=\"1101\" data-end=\"1136\">Favorece la salud cardiovascular:<\/strong> <span class=\"relative -mx-px my-[-0.2rem] rounded px-px py-[0.2rem] transition-colors duration-100 ease-in-out\">Refuerza el sistema cardiovascular, favoreciendo la salud del coraz\u00f3n.<\/span><\/p>\n<\/li>\n<\/ul>\n<p style=\"text-align: left;\" data-start=\"1257\" data-end=\"1271\"><strong data-start=\"1257\" data-end=\"1271\">Indicaci\u00f3n:<\/strong><\/p>\n<p style=\"text-align: left;\" data-start=\"1273\" data-end=\"1391\"><span class=\"relative -mx-px my-[-0.2rem] rounded px-px py-[0.2rem] transition-colors duration-100 ease-in-out\">Este producto es adecuado para adultos que desean mejorar su salud digestiva, controlar el apetito y mantener niveles saludables de colesterol y glucosa.<\/span> <span class=\"relative -mx-px my-[-0.2rem] rounded px-px py-[0.2rem] transition-colors duration-100 ease-in-out\">Se recomienda especialmente a las personas que siguen dietas equilibradas y buscan alternativas naturales para el bienestar general.<\/span><\/p>\n<p style=\"text-align: left;\" data-start=\"1273\" data-end=\"1391\"><strong>Presentaci\u00f3n:<\/strong><\/p>\n<p style=\"text-align: left;\" data-start=\"1273\" data-end=\"1391\">125g<\/p>\n","protected":false},"excerpt":{"rendered":"<p>La Fibra de Manzana de Salud Viva es rica en fibra, que ayuda a regular los intestinos, controlar el apetito y los niveles de colesterol y glucosa. [&#8230;]<\/p>\n<p><a class=\"btn btn-secondary understrap-read-more-link\" href=\"https:\/\/www.lifenatura.com\/es\/produto\/manzana-fibra-bio-125g-salud-viva\/\">Leer m\u00e1s&#8230;<span class=\"screen-reader-text\"> from Manzana Fibra Bio 125g &#8211; Salud Viva<\/span><\/a><\/p>\n","protected":false},"featured_media":111521,"template":"","meta":{"_acf_changed":false},"product_brand":[8295],"product_cat":[7064,7085,7074,7100],"product_tag":[],"class_list":{"0":"post-115037","1":"product","2":"type-product","3":"status-publish","4":"has-post-thumbnail","6":"product_brand-salud-viva","7":"product_cat-alimentacion-sana","8":"product_cat-levaduras-y-fermentos","9":"product_cat-productos-alimenticios","10":"product_cat-superalimentos-bio","12":"first","13":"instock","14":"shipping-taxable","15":"purchasable","16":"product-type-simple","17":"add-to-wishlist-before_image"},"acf":[],"yoast_head":"<!-- This site is optimized with the Yoast SEO Premium plugin v27.1 (Yoast SEO v27.5) - https:\/\/yoast.com\/product\/yoast-seo-premium-wordpress\/ -->\n<title>Manzana Fibra Bio 125g - Salud Viva - Na Lifenatura ao Melhor Pre\u00e7o | Envio em 48h<\/title>\n<meta name=\"description\" content=\"La Fibra de Manzana de Salud Viva es rica en fibra, que ayuda a regular los intestinos, controlar el apetito y los niveles de colesterol y glucosa.\" \/>\n<meta name=\"robots\" content=\"index, follow, max-snippet:-1, max-image-preview:large, max-video-preview:-1\" \/>\n<link rel=\"canonical\" href=\"https:\/\/www.lifenatura.com\/es\/produto\/manzana-fibra-bio-125g-salud-viva\/\" \/>\n<meta property=\"og:locale\" content=\"es_ES\" \/>\n<meta property=\"og:type\" content=\"article\" \/>\n<meta property=\"og:title\" content=\"Manzana Fibra Bio 125g - Salud Viva - Na Lifenatura ao Melhor Pre\u00e7o | Envio 48h\" \/>\n<meta property=\"og:description\" content=\"Compre Manzana Fibra Bio 125g - Salud Viva com envio r\u00e1pido. Entrega em 48h e portes gr\u00e1tis em compras &gt;35\u20ac. Aproveite j\u00e1 na Lifenatura\" \/>\n<meta property=\"og:url\" content=\"https:\/\/www.lifenatura.com\/es\/produto\/manzana-fibra-bio-125g-salud-viva\/\" \/>\n<meta property=\"og:site_name\" content=\"Lifenatura\" \/>\n<meta property=\"article:publisher\" content=\"https:\/\/www.facebook.com\/lifenatura\" \/>\n<meta property=\"article:modified_time\" content=\"2025-07-31T09:31:37+00:00\" \/>\n<meta property=\"og:image\" content=\"https:\/\/www.lifenatura.com\/wp-content\/uploads\/2025\/05\/fibra-de-maca-po-125g-salud-viva.jpg\" \/>\n\t<meta property=\"og:image:width\" content=\"1000\" \/>\n\t<meta property=\"og:image:height\" content=\"1000\" \/>\n\t<meta property=\"og:image:type\" content=\"image\/jpeg\" \/>\n<meta name=\"twitter:card\" content=\"summary_large_image\" \/>\n<meta name=\"twitter:label1\" content=\"Precio\" \/>\n\t<meta name=\"twitter:data1\" content=\"5,34&nbsp;&euro;\" \/>\n\t<meta name=\"twitter:label2\" content=\"Disponibilidad\" \/>\n\t<meta name=\"twitter:data2\" content=\"Disponible\" \/>\n<script type=\"application\/ld+json\" class=\"yoast-schema-graph\">{\"@context\":\"https:\\\/\\\/schema.org\",\"@graph\":[{\"@type\":\"WebPage\",\"@id\":\"https:\\\/\\\/www.lifenatura.com\\\/es\\\/produto\\\/manzana-fibra-bio-125g-salud-viva\\\/\",\"url\":\"https:\\\/\\\/www.lifenatura.com\\\/es\\\/produto\\\/manzana-fibra-bio-125g-salud-viva\\\/\",\"name\":\"Manzana Fibra Bio 125g - Salud Viva - Na Lifenatura ao Melhor Pre\u00e7o | Envio em 48h\",\"isPartOf\":{\"@id\":\"https:\\\/\\\/www.lifenatura.com\\\/es\\\/#website\"},\"primaryImageOfPage\":{\"@id\":\"https:\\\/\\\/www.lifenatura.com\\\/es\\\/produto\\\/manzana-fibra-bio-125g-salud-viva\\\/#primaryimage\"},\"image\":{\"@id\":\"https:\\\/\\\/www.lifenatura.com\\\/es\\\/produto\\\/manzana-fibra-bio-125g-salud-viva\\\/#primaryimage\"},\"thumbnailUrl\":\"https:\\\/\\\/www.lifenatura.com\\\/wp-content\\\/uploads\\\/2025\\\/05\\\/fibra-de-maca-po-125g-salud-viva.jpg\",\"datePublished\":\"2025-05-13T15:57:57+00:00\",\"dateModified\":\"2025-07-31T09:31:37+00:00\",\"description\":\"La Fibra de Manzana de Salud Viva es rica en fibra, que ayuda a regular los intestinos, controlar el apetito y los niveles de colesterol y glucosa.\",\"breadcrumb\":{\"@id\":\"https:\\\/\\\/www.lifenatura.com\\\/es\\\/produto\\\/manzana-fibra-bio-125g-salud-viva\\\/#breadcrumb\"},\"inLanguage\":\"es\",\"potentialAction\":[{\"@type\":\"ReadAction\",\"target\":[\"https:\\\/\\\/www.lifenatura.com\\\/es\\\/produto\\\/manzana-fibra-bio-125g-salud-viva\\\/\"]}]},{\"@type\":\"ImageObject\",\"inLanguage\":\"es\",\"@id\":\"https:\\\/\\\/www.lifenatura.com\\\/es\\\/produto\\\/manzana-fibra-bio-125g-salud-viva\\\/#primaryimage\",\"url\":\"https:\\\/\\\/www.lifenatura.com\\\/wp-content\\\/uploads\\\/2025\\\/05\\\/fibra-de-maca-po-125g-salud-viva.jpg\",\"contentUrl\":\"https:\\\/\\\/www.lifenatura.com\\\/wp-content\\\/uploads\\\/2025\\\/05\\\/fibra-de-maca-po-125g-salud-viva.jpg\",\"width\":1000,\"height\":1000},{\"@type\":\"BreadcrumbList\",\"@id\":\"https:\\\/\\\/www.lifenatura.com\\\/es\\\/produto\\\/manzana-fibra-bio-125g-salud-viva\\\/#breadcrumb\",\"itemListElement\":[{\"@type\":\"ListItem\",\"position\":1,\"name\":\"In\u00edcio\",\"item\":\"https:\\\/\\\/www.lifenatura.com\\\/es\\\/\"},{\"@type\":\"ListItem\",\"position\":2,\"name\":\"Todos los Productos\",\"item\":\"https:\\\/\\\/www.lifenatura.com\\\/es\\\/tienda\\\/\"},{\"@type\":\"ListItem\",\"position\":3,\"name\":\"Manzana Fibra Bio 125g &#8211; Salud Viva\"}]},{\"@type\":\"WebSite\",\"@id\":\"https:\\\/\\\/www.lifenatura.com\\\/es\\\/#website\",\"url\":\"https:\\\/\\\/www.lifenatura.com\\\/es\\\/\",\"name\":\"Lifenatura\",\"description\":\"A Lifenatura \u00e9 uma loja de produtos naturais, cosm\u00e9tica natural e alimenta\u00e7\u00e3o Biol\u00f3gica.\",\"publisher\":{\"@id\":\"https:\\\/\\\/www.lifenatura.com\\\/es\\\/#organization\"},\"potentialAction\":[{\"@type\":\"SearchAction\",\"target\":{\"@type\":\"EntryPoint\",\"urlTemplate\":\"https:\\\/\\\/www.lifenatura.com\\\/es\\\/?s={search_term_string}\"},\"query-input\":{\"@type\":\"PropertyValueSpecification\",\"valueRequired\":true,\"valueName\":\"search_term_string\"}}],\"inLanguage\":\"es\"},{\"@type\":\"Organization\",\"@id\":\"https:\\\/\\\/www.lifenatura.com\\\/es\\\/#organization\",\"name\":\"Lifenatura\",\"url\":\"https:\\\/\\\/www.lifenatura.com\\\/es\\\/\",\"logo\":{\"@type\":\"ImageObject\",\"inLanguage\":\"es\",\"@id\":\"https:\\\/\\\/www.lifenatura.com\\\/es\\\/#\\\/schema\\\/logo\\\/image\\\/\",\"url\":\"https:\\\/\\\/www.lifenatura.com\\\/wp-content\\\/uploads\\\/2021\\\/07\\\/logo.png\",\"contentUrl\":\"https:\\\/\\\/www.lifenatura.com\\\/wp-content\\\/uploads\\\/2021\\\/07\\\/logo.png\",\"width\":175,\"height\":55,\"caption\":\"Lifenatura\"},\"image\":{\"@id\":\"https:\\\/\\\/www.lifenatura.com\\\/es\\\/#\\\/schema\\\/logo\\\/image\\\/\"},\"sameAs\":[\"https:\\\/\\\/www.facebook.com\\\/lifenatura\",\"https:\\\/\\\/www.instagram.com\\\/lifenaturapt\\\/\"],\"hasMerchantReturnPolicy\":{\"@type\":\"MerchantReturnPolicy\",\"merchantReturnLink\":\"https:\\\/\\\/www.lifenatura.com\\\/termos-condicoes-lifenatura\\\/\"}}]}<\/script>\n<meta property=\"product:price:amount\" content=\"5.34\" \/>\n<meta property=\"product:price:currency\" content=\"EUR\" \/>\n<meta property=\"og:availability\" content=\"instock\" \/>\n<meta property=\"product:availability\" content=\"instock\" \/>\n<meta property=\"product:retailer_item_id\" content=\"900640000005\" \/>\n<meta property=\"product:condition\" content=\"new\" \/>\n<!-- \/ Yoast SEO Premium plugin. -->","yoast_head_json":{"title":"Manzana Fibra Bio 125g - Salud Viva - Na Lifenatura ao Melhor Pre\u00e7o | Envio em 48h","description":"La Fibra de Manzana de Salud Viva es rica en fibra, que ayuda a regular los intestinos, controlar el apetito y los niveles de colesterol y glucosa.","robots":{"index":"index","follow":"follow","max-snippet":"max-snippet:-1","max-image-preview":"max-image-preview:large","max-video-preview":"max-video-preview:-1"},"canonical":"https:\/\/www.lifenatura.com\/es\/produto\/manzana-fibra-bio-125g-salud-viva\/","og_locale":"es_ES","og_type":"article","og_title":"Manzana Fibra Bio 125g - Salud Viva - Na Lifenatura ao Melhor Pre\u00e7o | Envio 48h","og_description":"Compre Manzana Fibra Bio 125g - Salud Viva com envio r\u00e1pido. Entrega em 48h e portes gr\u00e1tis em compras >35\u20ac. Aproveite j\u00e1 na Lifenatura","og_url":"https:\/\/www.lifenatura.com\/es\/produto\/manzana-fibra-bio-125g-salud-viva\/","og_site_name":"Lifenatura","article_publisher":"https:\/\/www.facebook.com\/lifenatura","article_modified_time":"2025-07-31T09:31:37+00:00","og_image":[{"width":1000,"height":1000,"url":"https:\/\/www.lifenatura.com\/wp-content\/uploads\/2025\/05\/fibra-de-maca-po-125g-salud-viva.jpg","type":"image\/jpeg"}],"twitter_card":"summary_large_image","twitter_misc":{"Precio":"5,34&nbsp;&euro;","Disponibilidad":"Disponible"},"schema":{"@context":"https:\/\/schema.org","@graph":[{"@type":"WebPage","@id":"https:\/\/www.lifenatura.com\/es\/produto\/manzana-fibra-bio-125g-salud-viva\/","url":"https:\/\/www.lifenatura.com\/es\/produto\/manzana-fibra-bio-125g-salud-viva\/","name":"Manzana Fibra Bio 125g - Salud Viva - Na Lifenatura ao Melhor Pre\u00e7o | Envio em 48h","isPartOf":{"@id":"https:\/\/www.lifenatura.com\/es\/#website"},"primaryImageOfPage":{"@id":"https:\/\/www.lifenatura.com\/es\/produto\/manzana-fibra-bio-125g-salud-viva\/#primaryimage"},"image":{"@id":"https:\/\/www.lifenatura.com\/es\/produto\/manzana-fibra-bio-125g-salud-viva\/#primaryimage"},"thumbnailUrl":"https:\/\/www.lifenatura.com\/wp-content\/uploads\/2025\/05\/fibra-de-maca-po-125g-salud-viva.jpg","datePublished":"2025-05-13T15:57:57+00:00","dateModified":"2025-07-31T09:31:37+00:00","description":"La Fibra de Manzana de Salud Viva es rica en fibra, que ayuda a regular los intestinos, controlar el apetito y los niveles de colesterol y glucosa.","breadcrumb":{"@id":"https:\/\/www.lifenatura.com\/es\/produto\/manzana-fibra-bio-125g-salud-viva\/#breadcrumb"},"inLanguage":"es","potentialAction":[{"@type":"ReadAction","target":["https:\/\/www.lifenatura.com\/es\/produto\/manzana-fibra-bio-125g-salud-viva\/"]}]},{"@type":"ImageObject","inLanguage":"es","@id":"https:\/\/www.lifenatura.com\/es\/produto\/manzana-fibra-bio-125g-salud-viva\/#primaryimage","url":"https:\/\/www.lifenatura.com\/wp-content\/uploads\/2025\/05\/fibra-de-maca-po-125g-salud-viva.jpg","contentUrl":"https:\/\/www.lifenatura.com\/wp-content\/uploads\/2025\/05\/fibra-de-maca-po-125g-salud-viva.jpg","width":1000,"height":1000},{"@type":"BreadcrumbList","@id":"https:\/\/www.lifenatura.com\/es\/produto\/manzana-fibra-bio-125g-salud-viva\/#breadcrumb","itemListElement":[{"@type":"ListItem","position":1,"name":"In\u00edcio","item":"https:\/\/www.lifenatura.com\/es\/"},{"@type":"ListItem","position":2,"name":"Todos los Productos","item":"https:\/\/www.lifenatura.com\/es\/tienda\/"},{"@type":"ListItem","position":3,"name":"Manzana Fibra Bio 125g &#8211; Salud Viva"}]},{"@type":"WebSite","@id":"https:\/\/www.lifenatura.com\/es\/#website","url":"https:\/\/www.lifenatura.com\/es\/","name":"Lifenatura","description":"A Lifenatura \u00e9 uma loja de produtos naturais, cosm\u00e9tica natural e alimenta\u00e7\u00e3o Biol\u00f3gica.","publisher":{"@id":"https:\/\/www.lifenatura.com\/es\/#organization"},"potentialAction":[{"@type":"SearchAction","target":{"@type":"EntryPoint","urlTemplate":"https:\/\/www.lifenatura.com\/es\/?s={search_term_string}"},"query-input":{"@type":"PropertyValueSpecification","valueRequired":true,"valueName":"search_term_string"}}],"inLanguage":"es"},{"@type":"Organization","@id":"https:\/\/www.lifenatura.com\/es\/#organization","name":"Lifenatura","url":"https:\/\/www.lifenatura.com\/es\/","logo":{"@type":"ImageObject","inLanguage":"es","@id":"https:\/\/www.lifenatura.com\/es\/#\/schema\/logo\/image\/","url":"https:\/\/www.lifenatura.com\/wp-content\/uploads\/2021\/07\/logo.png","contentUrl":"https:\/\/www.lifenatura.com\/wp-content\/uploads\/2021\/07\/logo.png","width":175,"height":55,"caption":"Lifenatura"},"image":{"@id":"https:\/\/www.lifenatura.com\/es\/#\/schema\/logo\/image\/"},"sameAs":["https:\/\/www.facebook.com\/lifenatura","https:\/\/www.instagram.com\/lifenaturapt\/"],"hasMerchantReturnPolicy":{"@type":"MerchantReturnPolicy","merchantReturnLink":"https:\/\/www.lifenatura.com\/termos-condicoes-lifenatura\/"}}]},"product_price_amount":"5.34","product_price_currency":"EUR","og_availability":"instock","product_availability":"instock","product_retailer_item_id":"900640000005","product_condition":"new"},"df_price":5.34,"df_sale_price":"","df_regular_price":5.34,"df_image_link":"https:\/\/www.lifenatura.com\/wp-content\/uploads\/2025\/05\/fibra-de-maca-po-125g-salud-viva-300x300.jpg","_links":{"self":[{"href":"https:\/\/www.lifenatura.com\/es\/wp-json\/wp\/v2\/product\/115037","targetHints":{"allow":["GET"]}}],"collection":[{"href":"https:\/\/www.lifenatura.com\/es\/wp-json\/wp\/v2\/product"}],"about":[{"href":"https:\/\/www.lifenatura.com\/es\/wp-json\/wp\/v2\/types\/product"}],"wp:featuredmedia":[{"embeddable":true,"href":"https:\/\/www.lifenatura.com\/es\/wp-json\/wp\/v2\/media\/111521"}],"wp:attachment":[{"href":"https:\/\/www.lifenatura.com\/es\/wp-json\/wp\/v2\/media?parent=115037"}],"wp:term":[{"taxonomy":"product_brand","embeddable":true,"href":"https:\/\/www.lifenatura.com\/es\/wp-json\/wp\/v2\/product_brand?post=115037"},{"taxonomy":"product_cat","embeddable":true,"href":"https:\/\/www.lifenatura.com\/es\/wp-json\/wp\/v2\/product_cat?post=115037"},{"taxonomy":"product_tag","embeddable":true,"href":"https:\/\/www.lifenatura.com\/es\/wp-json\/wp\/v2\/product_tag?post=115037"}],"curies":[{"name":"wp","href":"https:\/\/api.w.org\/{rel}","templated":true}]}}