{"id":115027,"date":"2025-07-22T23:27:52","date_gmt":"2025-07-22T23:27:52","guid":{"rendered":"https:\/\/www.lifenatura.com\/produto\/curcuma-chai-latte-bio-500-g-sensaciones-energeticas\/"},"modified":"2025-09-25T06:54:47","modified_gmt":"2025-09-25T06:54:47","slug":"curcuma-chai-latte-bio-500-g-sensaciones-energeticas","status":"publish","type":"product","link":"https:\/\/www.lifenatura.com\/es\/produto\/curcuma-chai-latte-bio-500-g-sensaciones-energeticas\/","title":{"rendered":"C\u00farcuma Chai Latte Bio 500 g &#8211; Energy Feelings"},"content":{"rendered":"<h2 style=\"text-align: left;\" data-start=\"190\" data-end=\"283\"><strong>C\u00farcuma Chai Latte Bebida ayurv\u00e9dica reconfortante y antiinflamatoria<\/strong><\/h2>\n<p>&nbsp;<\/p>\n<p data-start=\"285\" data-end=\"703\"><strong data-start=\"287\" data-end=\"328\">El Chai Latte con C\u00farcuma de Energy Feelings<\/strong> es una mezcla en polvo 100% natural y ecol\u00f3gica inspirada en la bebida ayurv\u00e9dica tradicional conocida como <em data-start=\"433\" data-end=\"450\">&#8220;<\/em> Leche Dorada&#8221;. Elaborada con ingredientes cuidadosamente seleccionados, como <strong data-start=\"526\" data-end=\"588\">c\u00farcuma, jengibre, canela, cardamomo, pimienta negra y coco<\/strong>, esta bebida funcional es perfecta para momentos de relajaci\u00f3n, bienestar digestivo y refuerzo de las defensas naturales.<\/p>\n<p data-start=\"705\" data-end=\"1056\">Con un sabor ex\u00f3tico, suave y ligeramente picante, el Turmeric Chai Latte combina los beneficios terap\u00e9uticos de la c\u00farcuma con el poder estimulante de las especias orientales, creando una bebida caliente o fr\u00eda que reconforta y revitaliza al mismo tiempo. Naturalmente <strong data-start=\"966\" data-end=\"1013\">sin az\u00facar, sin lactosa, sin gluten y vegano<\/strong>, puede disfrutarlo toda la familia.<\/p>\n<h3 data-start=\"1058\" data-end=\"1084\">Principales ventajas:<\/h3>\n<ul data-start=\"1085\" data-end=\"1438\">\n<li data-start=\"1085\" data-end=\"1168\">\n<p data-start=\"1087\" data-end=\"1168\">Rico en <strong data-start=\"1095\" data-end=\"1108\">curcumina<\/strong>, con propiedades <strong data-start=\"1127\" data-end=\"1165\">antiinflamatorias y antioxidantes<\/strong>;<\/p>\n<\/li>\n<li data-start=\"1169\" data-end=\"1236\">\n<p data-start=\"1171\" data-end=\"1236\">Contribuye al <strong data-start=\"1188\" data-end=\"1210\">confort digestivo<\/strong> y al bienestar intestinal;<\/p>\n<\/li>\n<li data-start=\"1237\" data-end=\"1312\">\n<p data-start=\"1239\" data-end=\"1312\">Favorece la <strong data-start=\"1249\" data-end=\"1264\">relajaci\u00f3n<\/strong> y puede ayudar a mejorar la calidad del sue\u00f1o;<\/p>\n<\/li>\n<li data-start=\"1313\" data-end=\"1364\">\n<p data-start=\"1315\" data-end=\"1364\">Sin aditivos, colorantes ni az\u00facares a\u00f1adidos;<\/p>\n<\/li>\n<li data-start=\"1365\" data-end=\"1438\">\n<p data-start=\"1367\" data-end=\"1438\">Mezcla equilibrada que favorece <strong data-start=\"1399\" data-end=\"1437\">la inmunidad y el equilibrio emocional<\/strong>.<\/p>\n<\/li>\n<\/ul>\n<h3 data-start=\"1440\" data-end=\"1455\">Indicaciones:<\/h3>\n<p data-start=\"1456\" data-end=\"1516\"><strong data-start=\"1458\" data-end=\"1499\">Energy Feelings Turmeric Chai Latte<\/strong> es adecuado para:<\/p>\n<ul data-start=\"1517\" data-end=\"1813\">\n<li data-start=\"1517\" data-end=\"1607\">\n<p data-start=\"1519\" data-end=\"1607\">Cualquiera que busque una <strong data-start=\"1536\" data-end=\"1604\">alternativa sana y reconfortante al caf\u00e9 o al chocolate caliente<\/strong>;<\/p>\n<\/li>\n<li data-start=\"1608\" data-end=\"1670\">\n<p data-start=\"1610\" data-end=\"1670\">Personas con <strong data-start=\"1622\" data-end=\"1667\">inflamaci\u00f3n cr\u00f3nica o dolor articular;<\/strong><\/p>\n<\/li>\n<li data-start=\"1671\" data-end=\"1739\">\n<p data-start=\"1673\" data-end=\"1739\">Cualquier persona que desee reforzar el sistema inmunitario y favorecer la digesti\u00f3n;<\/p>\n<\/li>\n<li data-start=\"1740\" data-end=\"1813\">\n<p data-start=\"1742\" data-end=\"1813\">Partidarios de la alimentaci\u00f3n funcional, ayurv\u00e9dica y de estilos de vida saludables.<\/p>\n<\/li>\n<\/ul>\n<p>El ingrediente principal es el azafr\u00e1n ecol\u00f3gico en polvo, que tiene propiedades muy notables para la salud y se utiliza desde la antig\u00fcedad como medicamento por su poderosa acci\u00f3n terap\u00e9utica.<\/p>\n<p>El compuesto activo m\u00e1s importante de esta especia se llama curcumina. Tiene un gran poder antiinflamatorio, as\u00ed como una potente acci\u00f3n antioxidante.<\/p>\n<p>Es importante tener en cuenta que la curcumina es un fitonutriente liposoluble, por lo que necesita ir acompa\u00f1ada de grasas para mejorar su absorci\u00f3n. Por eso hemos incluido la bebida de coco (rica en grasas saludables).<\/p>\n<p><strong>PRESENTACI\u00d3N<\/strong><\/p>\n<p>500g<\/p>\n<p>&nbsp;<\/p>\n","protected":false},"excerpt":{"rendered":"<p>C\u00farcuma Chai Latte 500 g Energy Feelings Bebida funcional con c\u00farcuma, de gran poder antiinflamatorio y potente acci\u00f3n antioxidante. [&#8230;]<\/p>\n<p><a class=\"btn btn-secondary understrap-read-more-link\" href=\"https:\/\/www.lifenatura.com\/es\/produto\/curcuma-chai-latte-bio-500-g-sensaciones-energeticas\/\">Leer m\u00e1s&#8230;<span class=\"screen-reader-text\"> from C\u00farcuma Chai Latte Bio 500 g &#8211; Energy Feelings<\/span><\/a><\/p>\n","protected":false},"featured_media":114997,"template":"","meta":{"_acf_changed":false},"product_brand":[8563],"product_cat":[7064,7695,7659,7100],"product_tag":[],"class_list":{"0":"post-115027","1":"product","2":"type-product","3":"status-publish","4":"has-post-thumbnail","6":"product_brand-energy-feelings-es","7":"product_cat-alimentacion-sana","8":"product_cat-curcuma-bio","9":"product_cat-ingrediente-natural-bio","10":"product_cat-superalimentos-bio","12":"first","13":"instock","14":"shipping-taxable","15":"purchasable","16":"product-type-simple","17":"add-to-wishlist-before_image"},"acf":[],"yoast_head":"<!-- This site is optimized with the Yoast SEO Premium plugin v27.1 (Yoast SEO v27.5) - https:\/\/yoast.com\/product\/yoast-seo-premium-wordpress\/ -->\n<title>C\u00farcuma Chai Latte Bio 500 g - Energy Feelings - Na Lifenatura ao Melhor Pre\u00e7o | Envio em 48h<\/title>\n<meta name=\"description\" content=\"C\u00farcuma Chai Latte 500 g Energy Feelings Bebida funcional con c\u00farcuma, de gran poder antiinflamatorio y potente acci\u00f3n antioxidante.\" \/>\n<meta name=\"robots\" content=\"index, follow, max-snippet:-1, max-image-preview:large, max-video-preview:-1\" \/>\n<link rel=\"canonical\" href=\"https:\/\/www.lifenatura.com\/es\/produto\/curcuma-chai-latte-bio-500-g-sensaciones-energeticas\/\" \/>\n<meta property=\"og:locale\" content=\"es_ES\" \/>\n<meta property=\"og:type\" content=\"article\" \/>\n<meta property=\"og:title\" content=\"C\u00farcuma Chai Latte Bio 500 g - Energy Feelings - Na Lifenatura ao Melhor Pre\u00e7o | Envio 48h\" \/>\n<meta property=\"og:description\" content=\"Compre C\u00farcuma Chai Latte Bio 500 g - Energy Feelings com envio r\u00e1pido. Entrega em 48h e portes gr\u00e1tis em compras &gt;35\u20ac. Aproveite j\u00e1 na Lifenatura\" \/>\n<meta property=\"og:url\" content=\"https:\/\/www.lifenatura.com\/es\/produto\/curcuma-chai-latte-bio-500-g-sensaciones-energeticas\/\" \/>\n<meta property=\"og:site_name\" content=\"Lifenatura\" \/>\n<meta property=\"article:publisher\" content=\"https:\/\/www.facebook.com\/lifenatura\" \/>\n<meta property=\"article:modified_time\" content=\"2025-09-25T06:54:47+00:00\" \/>\n<meta property=\"og:image\" content=\"https:\/\/www.lifenatura.com\/wp-content\/uploads\/2025\/07\/curcuma-chai-latte-500g-energy-feelings.jpg\" \/>\n\t<meta property=\"og:image:width\" content=\"1000\" \/>\n\t<meta property=\"og:image:height\" content=\"1000\" \/>\n\t<meta property=\"og:image:type\" content=\"image\/jpeg\" \/>\n<meta name=\"twitter:card\" content=\"summary_large_image\" \/>\n<meta name=\"twitter:label1\" content=\"Precio\" \/>\n\t<meta name=\"twitter:data1\" content=\"22,46&nbsp;&euro;\" \/>\n\t<meta name=\"twitter:label2\" content=\"Disponibilidad\" \/>\n\t<meta name=\"twitter:data2\" content=\"Disponible\" \/>\n<script type=\"application\/ld+json\" class=\"yoast-schema-graph\">{\"@context\":\"https:\\\/\\\/schema.org\",\"@graph\":[{\"@type\":\"WebPage\",\"@id\":\"https:\\\/\\\/www.lifenatura.com\\\/es\\\/produto\\\/curcuma-chai-latte-bio-500-g-sensaciones-energeticas\\\/\",\"url\":\"https:\\\/\\\/www.lifenatura.com\\\/es\\\/produto\\\/curcuma-chai-latte-bio-500-g-sensaciones-energeticas\\\/\",\"name\":\"C\u00farcuma Chai Latte Bio 500 g - Energy Feelings - Na Lifenatura ao Melhor Pre\u00e7o | Envio em 48h\",\"isPartOf\":{\"@id\":\"https:\\\/\\\/www.lifenatura.com\\\/es\\\/#website\"},\"primaryImageOfPage\":{\"@id\":\"https:\\\/\\\/www.lifenatura.com\\\/es\\\/produto\\\/curcuma-chai-latte-bio-500-g-sensaciones-energeticas\\\/#primaryimage\"},\"image\":{\"@id\":\"https:\\\/\\\/www.lifenatura.com\\\/es\\\/produto\\\/curcuma-chai-latte-bio-500-g-sensaciones-energeticas\\\/#primaryimage\"},\"thumbnailUrl\":\"https:\\\/\\\/www.lifenatura.com\\\/wp-content\\\/uploads\\\/2025\\\/07\\\/curcuma-chai-latte-500g-energy-feelings.jpg\",\"datePublished\":\"2025-07-22T23:27:52+00:00\",\"dateModified\":\"2025-09-25T06:54:47+00:00\",\"description\":\"C\u00farcuma Chai Latte 500 g Energy Feelings Bebida funcional con c\u00farcuma, de gran poder antiinflamatorio y potente acci\u00f3n antioxidante.\",\"breadcrumb\":{\"@id\":\"https:\\\/\\\/www.lifenatura.com\\\/es\\\/produto\\\/curcuma-chai-latte-bio-500-g-sensaciones-energeticas\\\/#breadcrumb\"},\"inLanguage\":\"es\",\"potentialAction\":[{\"@type\":\"ReadAction\",\"target\":[\"https:\\\/\\\/www.lifenatura.com\\\/es\\\/produto\\\/curcuma-chai-latte-bio-500-g-sensaciones-energeticas\\\/\"]}]},{\"@type\":\"ImageObject\",\"inLanguage\":\"es\",\"@id\":\"https:\\\/\\\/www.lifenatura.com\\\/es\\\/produto\\\/curcuma-chai-latte-bio-500-g-sensaciones-energeticas\\\/#primaryimage\",\"url\":\"https:\\\/\\\/www.lifenatura.com\\\/wp-content\\\/uploads\\\/2025\\\/07\\\/curcuma-chai-latte-500g-energy-feelings.jpg\",\"contentUrl\":\"https:\\\/\\\/www.lifenatura.com\\\/wp-content\\\/uploads\\\/2025\\\/07\\\/curcuma-chai-latte-500g-energy-feelings.jpg\",\"width\":1000,\"height\":1000,\"caption\":\"C\u00farcuma Chai Latte 500 g by Energy Feelings\"},{\"@type\":\"BreadcrumbList\",\"@id\":\"https:\\\/\\\/www.lifenatura.com\\\/es\\\/produto\\\/curcuma-chai-latte-bio-500-g-sensaciones-energeticas\\\/#breadcrumb\",\"itemListElement\":[{\"@type\":\"ListItem\",\"position\":1,\"name\":\"In\u00edcio\",\"item\":\"https:\\\/\\\/www.lifenatura.com\\\/es\\\/\"},{\"@type\":\"ListItem\",\"position\":2,\"name\":\"Todos los Productos\",\"item\":\"https:\\\/\\\/www.lifenatura.com\\\/es\\\/tienda\\\/\"},{\"@type\":\"ListItem\",\"position\":3,\"name\":\"C\u00farcuma Chai Latte Bio 500 g &#8211; Energy Feelings\"}]},{\"@type\":\"WebSite\",\"@id\":\"https:\\\/\\\/www.lifenatura.com\\\/es\\\/#website\",\"url\":\"https:\\\/\\\/www.lifenatura.com\\\/es\\\/\",\"name\":\"Lifenatura\",\"description\":\"A Lifenatura \u00e9 uma loja de produtos naturais, cosm\u00e9tica natural e alimenta\u00e7\u00e3o Biol\u00f3gica.\",\"publisher\":{\"@id\":\"https:\\\/\\\/www.lifenatura.com\\\/es\\\/#organization\"},\"potentialAction\":[{\"@type\":\"SearchAction\",\"target\":{\"@type\":\"EntryPoint\",\"urlTemplate\":\"https:\\\/\\\/www.lifenatura.com\\\/es\\\/?s={search_term_string}\"},\"query-input\":{\"@type\":\"PropertyValueSpecification\",\"valueRequired\":true,\"valueName\":\"search_term_string\"}}],\"inLanguage\":\"es\"},{\"@type\":\"Organization\",\"@id\":\"https:\\\/\\\/www.lifenatura.com\\\/es\\\/#organization\",\"name\":\"Lifenatura\",\"url\":\"https:\\\/\\\/www.lifenatura.com\\\/es\\\/\",\"logo\":{\"@type\":\"ImageObject\",\"inLanguage\":\"es\",\"@id\":\"https:\\\/\\\/www.lifenatura.com\\\/es\\\/#\\\/schema\\\/logo\\\/image\\\/\",\"url\":\"https:\\\/\\\/www.lifenatura.com\\\/wp-content\\\/uploads\\\/2021\\\/07\\\/logo.png\",\"contentUrl\":\"https:\\\/\\\/www.lifenatura.com\\\/wp-content\\\/uploads\\\/2021\\\/07\\\/logo.png\",\"width\":175,\"height\":55,\"caption\":\"Lifenatura\"},\"image\":{\"@id\":\"https:\\\/\\\/www.lifenatura.com\\\/es\\\/#\\\/schema\\\/logo\\\/image\\\/\"},\"sameAs\":[\"https:\\\/\\\/www.facebook.com\\\/lifenatura\",\"https:\\\/\\\/www.instagram.com\\\/lifenaturapt\\\/\"],\"hasMerchantReturnPolicy\":{\"@type\":\"MerchantReturnPolicy\",\"merchantReturnLink\":\"https:\\\/\\\/www.lifenatura.com\\\/termos-condicoes-lifenatura\\\/\"}}]}<\/script>\n<meta property=\"product:price:amount\" content=\"22.46\" \/>\n<meta property=\"product:price:currency\" content=\"EUR\" \/>\n<meta property=\"og:availability\" content=\"instock\" \/>\n<meta property=\"product:availability\" content=\"instock\" \/>\n<meta property=\"product:retailer_item_id\" content=\"8436565921368\" \/>\n<meta property=\"product:condition\" content=\"new\" \/>\n<!-- \/ Yoast SEO Premium plugin. -->","yoast_head_json":{"title":"C\u00farcuma Chai Latte Bio 500 g - Energy Feelings - Na Lifenatura ao Melhor Pre\u00e7o | Envio em 48h","description":"C\u00farcuma Chai Latte 500 g Energy Feelings Bebida funcional con c\u00farcuma, de gran poder antiinflamatorio y potente acci\u00f3n antioxidante.","robots":{"index":"index","follow":"follow","max-snippet":"max-snippet:-1","max-image-preview":"max-image-preview:large","max-video-preview":"max-video-preview:-1"},"canonical":"https:\/\/www.lifenatura.com\/es\/produto\/curcuma-chai-latte-bio-500-g-sensaciones-energeticas\/","og_locale":"es_ES","og_type":"article","og_title":"C\u00farcuma Chai Latte Bio 500 g - Energy Feelings - Na Lifenatura ao Melhor Pre\u00e7o | Envio 48h","og_description":"Compre C\u00farcuma Chai Latte Bio 500 g - Energy Feelings com envio r\u00e1pido. Entrega em 48h e portes gr\u00e1tis em compras >35\u20ac. Aproveite j\u00e1 na Lifenatura","og_url":"https:\/\/www.lifenatura.com\/es\/produto\/curcuma-chai-latte-bio-500-g-sensaciones-energeticas\/","og_site_name":"Lifenatura","article_publisher":"https:\/\/www.facebook.com\/lifenatura","article_modified_time":"2025-09-25T06:54:47+00:00","og_image":[{"width":1000,"height":1000,"url":"https:\/\/www.lifenatura.com\/wp-content\/uploads\/2025\/07\/curcuma-chai-latte-500g-energy-feelings.jpg","type":"image\/jpeg"}],"twitter_card":"summary_large_image","twitter_misc":{"Precio":"22,46&nbsp;&euro;","Disponibilidad":"Disponible"},"schema":{"@context":"https:\/\/schema.org","@graph":[{"@type":"WebPage","@id":"https:\/\/www.lifenatura.com\/es\/produto\/curcuma-chai-latte-bio-500-g-sensaciones-energeticas\/","url":"https:\/\/www.lifenatura.com\/es\/produto\/curcuma-chai-latte-bio-500-g-sensaciones-energeticas\/","name":"C\u00farcuma Chai Latte Bio 500 g - Energy Feelings - Na Lifenatura ao Melhor Pre\u00e7o | Envio em 48h","isPartOf":{"@id":"https:\/\/www.lifenatura.com\/es\/#website"},"primaryImageOfPage":{"@id":"https:\/\/www.lifenatura.com\/es\/produto\/curcuma-chai-latte-bio-500-g-sensaciones-energeticas\/#primaryimage"},"image":{"@id":"https:\/\/www.lifenatura.com\/es\/produto\/curcuma-chai-latte-bio-500-g-sensaciones-energeticas\/#primaryimage"},"thumbnailUrl":"https:\/\/www.lifenatura.com\/wp-content\/uploads\/2025\/07\/curcuma-chai-latte-500g-energy-feelings.jpg","datePublished":"2025-07-22T23:27:52+00:00","dateModified":"2025-09-25T06:54:47+00:00","description":"C\u00farcuma Chai Latte 500 g Energy Feelings Bebida funcional con c\u00farcuma, de gran poder antiinflamatorio y potente acci\u00f3n antioxidante.","breadcrumb":{"@id":"https:\/\/www.lifenatura.com\/es\/produto\/curcuma-chai-latte-bio-500-g-sensaciones-energeticas\/#breadcrumb"},"inLanguage":"es","potentialAction":[{"@type":"ReadAction","target":["https:\/\/www.lifenatura.com\/es\/produto\/curcuma-chai-latte-bio-500-g-sensaciones-energeticas\/"]}]},{"@type":"ImageObject","inLanguage":"es","@id":"https:\/\/www.lifenatura.com\/es\/produto\/curcuma-chai-latte-bio-500-g-sensaciones-energeticas\/#primaryimage","url":"https:\/\/www.lifenatura.com\/wp-content\/uploads\/2025\/07\/curcuma-chai-latte-500g-energy-feelings.jpg","contentUrl":"https:\/\/www.lifenatura.com\/wp-content\/uploads\/2025\/07\/curcuma-chai-latte-500g-energy-feelings.jpg","width":1000,"height":1000,"caption":"C\u00farcuma Chai Latte 500 g by Energy Feelings"},{"@type":"BreadcrumbList","@id":"https:\/\/www.lifenatura.com\/es\/produto\/curcuma-chai-latte-bio-500-g-sensaciones-energeticas\/#breadcrumb","itemListElement":[{"@type":"ListItem","position":1,"name":"In\u00edcio","item":"https:\/\/www.lifenatura.com\/es\/"},{"@type":"ListItem","position":2,"name":"Todos los Productos","item":"https:\/\/www.lifenatura.com\/es\/tienda\/"},{"@type":"ListItem","position":3,"name":"C\u00farcuma Chai Latte Bio 500 g &#8211; Energy Feelings"}]},{"@type":"WebSite","@id":"https:\/\/www.lifenatura.com\/es\/#website","url":"https:\/\/www.lifenatura.com\/es\/","name":"Lifenatura","description":"A Lifenatura \u00e9 uma loja de produtos naturais, cosm\u00e9tica natural e alimenta\u00e7\u00e3o Biol\u00f3gica.","publisher":{"@id":"https:\/\/www.lifenatura.com\/es\/#organization"},"potentialAction":[{"@type":"SearchAction","target":{"@type":"EntryPoint","urlTemplate":"https:\/\/www.lifenatura.com\/es\/?s={search_term_string}"},"query-input":{"@type":"PropertyValueSpecification","valueRequired":true,"valueName":"search_term_string"}}],"inLanguage":"es"},{"@type":"Organization","@id":"https:\/\/www.lifenatura.com\/es\/#organization","name":"Lifenatura","url":"https:\/\/www.lifenatura.com\/es\/","logo":{"@type":"ImageObject","inLanguage":"es","@id":"https:\/\/www.lifenatura.com\/es\/#\/schema\/logo\/image\/","url":"https:\/\/www.lifenatura.com\/wp-content\/uploads\/2021\/07\/logo.png","contentUrl":"https:\/\/www.lifenatura.com\/wp-content\/uploads\/2021\/07\/logo.png","width":175,"height":55,"caption":"Lifenatura"},"image":{"@id":"https:\/\/www.lifenatura.com\/es\/#\/schema\/logo\/image\/"},"sameAs":["https:\/\/www.facebook.com\/lifenatura","https:\/\/www.instagram.com\/lifenaturapt\/"],"hasMerchantReturnPolicy":{"@type":"MerchantReturnPolicy","merchantReturnLink":"https:\/\/www.lifenatura.com\/termos-condicoes-lifenatura\/"}}]},"product_price_amount":"22.46","product_price_currency":"EUR","og_availability":"instock","product_availability":"instock","product_retailer_item_id":"8436565921368","product_condition":"new"},"df_price":22.46,"df_sale_price":"","df_regular_price":22.46,"df_image_link":"https:\/\/www.lifenatura.com\/wp-content\/uploads\/2025\/07\/curcuma-chai-latte-500g-energy-feelings-300x300.jpg","_links":{"self":[{"href":"https:\/\/www.lifenatura.com\/es\/wp-json\/wp\/v2\/product\/115027","targetHints":{"allow":["GET"]}}],"collection":[{"href":"https:\/\/www.lifenatura.com\/es\/wp-json\/wp\/v2\/product"}],"about":[{"href":"https:\/\/www.lifenatura.com\/es\/wp-json\/wp\/v2\/types\/product"}],"wp:featuredmedia":[{"embeddable":true,"href":"https:\/\/www.lifenatura.com\/es\/wp-json\/wp\/v2\/media\/114997"}],"wp:attachment":[{"href":"https:\/\/www.lifenatura.com\/es\/wp-json\/wp\/v2\/media?parent=115027"}],"wp:term":[{"taxonomy":"product_brand","embeddable":true,"href":"https:\/\/www.lifenatura.com\/es\/wp-json\/wp\/v2\/product_brand?post=115027"},{"taxonomy":"product_cat","embeddable":true,"href":"https:\/\/www.lifenatura.com\/es\/wp-json\/wp\/v2\/product_cat?post=115027"},{"taxonomy":"product_tag","embeddable":true,"href":"https:\/\/www.lifenatura.com\/es\/wp-json\/wp\/v2\/product_tag?post=115027"}],"curies":[{"name":"wp","href":"https:\/\/api.w.org\/{rel}","templated":true}]}}