{"id":115025,"date":"2025-07-23T09:09:51","date_gmt":"2025-07-23T09:09:51","guid":{"rendered":"https:\/\/www.lifenatura.com\/produto\/curcuma-con-pimienta-negra-bio-200g-sensacion-de-energia\/"},"modified":"2025-09-25T06:55:36","modified_gmt":"2025-09-25T06:55:36","slug":"curcuma-con-pimienta-negra-bio-200g-sensacion-de-energia","status":"publish","type":"product","link":"https:\/\/www.lifenatura.com\/es\/produto\/curcuma-con-pimienta-negra-bio-200g-sensacion-de-energia\/","title":{"rendered":"C\u00farcuma con Pimienta Negra Bio 200g &#8211; Energy Feelings"},"content":{"rendered":"<h2 style=\"text-align: left;\" data-start=\"185\" data-end=\"278\"><strong>C\u00farcuma + Pimienta Negra &#8211; Potente combinaci\u00f3n con alta biodisponibilidad<\/strong><\/h2>\n<p>&nbsp;<\/p>\n<p data-start=\"280\" data-end=\"686\"><strong data-start=\"282\" data-end=\"328\">Energy Feelings C\u00farcuma + P<\/strong> imienta Negra es una f\u00f3rmula 100% natural y org\u00e1nica desarrollada para potenciar los efectos terap\u00e9uticos de la c\u00farcuma combin\u00e1ndola con pimienta negra. Esta sinergia aumenta significativamente la absorci\u00f3n de <strong data-start=\"530\" data-end=\"543\">la curcumina<\/strong>, el principal compuesto activo de la c\u00farcuma, conocido por sus potentes propiedades <strong data-start=\"628\" data-end=\"685\">antiinflamatorias, antioxidantes e inmunoestimulantes<\/strong>.<\/p>\n<p data-start=\"688\" data-end=\"937\">Elaborado con ingredientes de alta calidad, este suplemento en polvo no contiene aditivos, gluten, lactosa ni organismos modificados gen\u00e9ticamente, por lo que es apto para veganos y para cualquiera que busque un impulso natural a su bienestar diario.<\/p>\n<p data-start=\"939\" data-end=\"1081\">Ideal para uso culinario y terap\u00e9utico, puede a\u00f1adirse a zumos, batidos, sopas, infusiones, platos calientes o a la tradicional <em data-start=\"1067\" data-end=\"1080\">Leche Dorada<\/em>.<\/p>\n<h3 data-start=\"1083\" data-end=\"1109\">Principales ventajas:<\/h3>\n<ul data-start=\"1110\" data-end=\"1497\">\n<li data-start=\"1110\" data-end=\"1189\">\n<p data-start=\"1112\" data-end=\"1189\">Rico en <strong data-start=\"1120\" data-end=\"1133\">curcumina<\/strong>, que tiene una fuerte acci\u00f3n <strong data-start=\"1150\" data-end=\"1186\">antiinflamatoria y antioxidante<\/strong>;<\/p>\n<\/li>\n<li data-start=\"1190\" data-end=\"1283\">\n<p data-start=\"1192\" data-end=\"1283\">La <strong data-start=\"1194\" data-end=\"1206\">piperina<\/strong> de la pimienta negra aumenta la <strong data-start=\"1234\" data-end=\"1280\">biodisponibilidad de la c\u00farcuma hasta un 2000%<\/strong>;<\/p>\n<\/li>\n<li data-start=\"1284\" data-end=\"1357\">\n<p data-start=\"1286\" data-end=\"1357\">Favorece el <strong data-start=\"1294\" data-end=\"1316\">sistema inmunitario<\/strong> y contribuye al bienestar articular;<\/p>\n<\/li>\n<li data-start=\"1358\" data-end=\"1444\">\n<p data-start=\"1360\" data-end=\"1444\">Puede ayudar a la <strong data-start=\"1375\" data-end=\"1387\">digesti\u00f3n<\/strong>, controlar el estr\u00e9s oxidativo y la salud hep\u00e1tica;<\/p>\n<\/li>\n<li data-start=\"1445\" data-end=\"1497\">\n<p data-start=\"1447\" data-end=\"1497\">Vers\u00e1til y f\u00e1cil de incluir en tu dieta diaria.<\/p>\n<\/li>\n<\/ul>\n<h3 data-start=\"1499\" data-end=\"1514\">Indicaciones:<\/h3>\n<p data-start=\"1515\" data-end=\"1580\"><strong data-start=\"1517\" data-end=\"1563\">La C\u00farcuma Energ\u00e9tica + Pimienta Negra<\/strong> est\u00e1 indicada para:<\/p>\n<ul data-start=\"1581\" data-end=\"1842\">\n<li data-start=\"1581\" data-end=\"1665\">\n<p data-start=\"1583\" data-end=\"1665\">Personas con <strong data-start=\"1595\" data-end=\"1662\">dolor articular, inflamaci\u00f3n cr\u00f3nica o problemas digestivos<\/strong>;<\/p>\n<\/li>\n<li data-start=\"1666\" data-end=\"1725\">\n<p data-start=\"1668\" data-end=\"1725\">Los que buscan reforzar las defensas naturales del organismo;<\/p>\n<\/li>\n<li data-start=\"1726\" data-end=\"1797\">\n<p data-start=\"1728\" data-end=\"1797\">Personas que siguen una dieta <strong data-start=\"1760\" data-end=\"1794\">antiinflamatoria o funcional<\/strong>;<\/p>\n<\/li>\n<li data-start=\"1798\" data-end=\"1842\">\n<p data-start=\"1800\" data-end=\"1842\">Partidarios de una alimentaci\u00f3n sana y natural.<\/p>\n<\/li>\n<\/ul>\n<p>La C\u00farcuma Ecol\u00f3gica en Polvo con un 3% de pimienta negra a\u00f1adida de Energy Feelings es una mezcla con propiedades muy interesantes para la salud, esencial para una dieta sana y nutritiva.<\/p>\n<p>Al tratarse de una especia cultivada ecol\u00f3gicamente (lo que garantiza la ausencia de residuos de pesticidas y fertilizantes qu\u00edmicos potencialmente nocivos), difiere significativamente de las que se encuentran en el mercado convencional. Tambi\u00e9n es importante se\u00f1alar que la c\u00farcuma en polvo ecol\u00f3gica de Energy Feelings no ha sido irradiada ni sometida a tratamientos de alta temperatura, por lo que conserva todas sus propiedades.<\/p>\n<p><strong>PRESENTACI\u00d3N<\/strong><\/p>\n<p>200g<\/p>\n<p>&nbsp;<\/p>\n","protected":false},"excerpt":{"rendered":"<p>C\u00farcuma + Pimienta Negra 200 g Energy Feelings una combinaci\u00f3n org\u00e1nica de gran absorci\u00f3n. Ayuda natural contra la inflamaci\u00f3n, las articulaciones y la inmunidad. [&#8230;]<\/p>\n<p><a class=\"btn btn-secondary understrap-read-more-link\" href=\"https:\/\/www.lifenatura.com\/es\/produto\/curcuma-con-pimienta-negra-bio-200g-sensacion-de-energia\/\">Leer m\u00e1s&#8230;<span class=\"screen-reader-text\"> from C\u00farcuma con Pimienta Negra Bio 200g &#8211; Energy Feelings<\/span><\/a><\/p>\n","protected":false},"featured_media":115001,"template":"","meta":{"_acf_changed":false},"product_brand":[8563],"product_cat":[7064,7695,7659,7100],"product_tag":[],"class_list":{"0":"post-115025","1":"product","2":"type-product","3":"status-publish","4":"has-post-thumbnail","6":"product_brand-energy-feelings-es","7":"product_cat-alimentacion-sana","8":"product_cat-curcuma-bio","9":"product_cat-ingrediente-natural-bio","10":"product_cat-superalimentos-bio","12":"first","13":"instock","14":"shipping-taxable","15":"purchasable","16":"product-type-simple","17":"add-to-wishlist-before_image"},"acf":[],"yoast_head":"<!-- This site is optimized with the Yoast SEO Premium plugin v27.1 (Yoast SEO v27.5) - https:\/\/yoast.com\/product\/yoast-seo-premium-wordpress\/ -->\n<title>C\u00farcuma con Pimienta Negra Bio 200g - Energy Feelings - Na Lifenatura ao Melhor Pre\u00e7o | Envio em 48h<\/title>\n<meta name=\"description\" content=\"C\u00farcuma + Pimienta Negra Energy Feelings una combinaci\u00f3n org\u00e1nica de gran absorci\u00f3n. Ayuda natural contra la inflamaci\u00f3n, las articulaciones y la inmunidad.\" \/>\n<meta name=\"robots\" content=\"index, follow, max-snippet:-1, max-image-preview:large, max-video-preview:-1\" \/>\n<link rel=\"canonical\" href=\"https:\/\/www.lifenatura.com\/es\/produto\/curcuma-con-pimienta-negra-bio-200g-sensacion-de-energia\/\" \/>\n<meta property=\"og:locale\" content=\"es_ES\" \/>\n<meta property=\"og:type\" content=\"article\" \/>\n<meta property=\"og:title\" content=\"C\u00farcuma con Pimienta Negra Bio 200g - Energy Feelings - Na Lifenatura ao Melhor Pre\u00e7o | Envio 48h\" \/>\n<meta property=\"og:description\" content=\"Compre C\u00farcuma con Pimienta Negra Bio 200g - Energy Feelings com envio r\u00e1pido. Entrega em 48h e portes gr\u00e1tis em compras &gt;35\u20ac. Aproveite j\u00e1 na Lifenatura\" \/>\n<meta property=\"og:url\" content=\"https:\/\/www.lifenatura.com\/es\/produto\/curcuma-con-pimienta-negra-bio-200g-sensacion-de-energia\/\" \/>\n<meta property=\"og:site_name\" content=\"Lifenatura\" \/>\n<meta property=\"article:publisher\" content=\"https:\/\/www.facebook.com\/lifenatura\" \/>\n<meta property=\"article:modified_time\" content=\"2025-09-25T06:55:36+00:00\" \/>\n<meta property=\"og:image\" content=\"https:\/\/www.lifenatura.com\/wp-content\/uploads\/2025\/07\/curcuma-pimenta-negra-200g-energy-feelings.jpg\" \/>\n\t<meta property=\"og:image:width\" content=\"1000\" \/>\n\t<meta property=\"og:image:height\" content=\"1000\" \/>\n\t<meta property=\"og:image:type\" content=\"image\/jpeg\" \/>\n<meta name=\"twitter:card\" content=\"summary_large_image\" \/>\n<meta name=\"twitter:label1\" content=\"Precio\" \/>\n\t<meta name=\"twitter:data1\" content=\"7,20&nbsp;&euro;\" \/>\n\t<meta name=\"twitter:label2\" content=\"Disponibilidad\" \/>\n\t<meta name=\"twitter:data2\" content=\"Disponible\" \/>\n<script type=\"application\/ld+json\" class=\"yoast-schema-graph\">{\"@context\":\"https:\\\/\\\/schema.org\",\"@graph\":[{\"@type\":\"WebPage\",\"@id\":\"https:\\\/\\\/www.lifenatura.com\\\/es\\\/produto\\\/curcuma-con-pimienta-negra-bio-200g-sensacion-de-energia\\\/\",\"url\":\"https:\\\/\\\/www.lifenatura.com\\\/es\\\/produto\\\/curcuma-con-pimienta-negra-bio-200g-sensacion-de-energia\\\/\",\"name\":\"C\u00farcuma con Pimienta Negra Bio 200g - Energy Feelings - Na Lifenatura ao Melhor Pre\u00e7o | Envio em 48h\",\"isPartOf\":{\"@id\":\"https:\\\/\\\/www.lifenatura.com\\\/es\\\/#website\"},\"primaryImageOfPage\":{\"@id\":\"https:\\\/\\\/www.lifenatura.com\\\/es\\\/produto\\\/curcuma-con-pimienta-negra-bio-200g-sensacion-de-energia\\\/#primaryimage\"},\"image\":{\"@id\":\"https:\\\/\\\/www.lifenatura.com\\\/es\\\/produto\\\/curcuma-con-pimienta-negra-bio-200g-sensacion-de-energia\\\/#primaryimage\"},\"thumbnailUrl\":\"https:\\\/\\\/www.lifenatura.com\\\/wp-content\\\/uploads\\\/2025\\\/07\\\/curcuma-pimenta-negra-200g-energy-feelings.jpg\",\"datePublished\":\"2025-07-23T09:09:51+00:00\",\"dateModified\":\"2025-09-25T06:55:36+00:00\",\"description\":\"C\u00farcuma + Pimienta Negra Energy Feelings una combinaci\u00f3n org\u00e1nica de gran absorci\u00f3n. Ayuda natural contra la inflamaci\u00f3n, las articulaciones y la inmunidad.\",\"breadcrumb\":{\"@id\":\"https:\\\/\\\/www.lifenatura.com\\\/es\\\/produto\\\/curcuma-con-pimienta-negra-bio-200g-sensacion-de-energia\\\/#breadcrumb\"},\"inLanguage\":\"es\",\"potentialAction\":[{\"@type\":\"ReadAction\",\"target\":[\"https:\\\/\\\/www.lifenatura.com\\\/es\\\/produto\\\/curcuma-con-pimienta-negra-bio-200g-sensacion-de-energia\\\/\"]}]},{\"@type\":\"ImageObject\",\"inLanguage\":\"es\",\"@id\":\"https:\\\/\\\/www.lifenatura.com\\\/es\\\/produto\\\/curcuma-con-pimienta-negra-bio-200g-sensacion-de-energia\\\/#primaryimage\",\"url\":\"https:\\\/\\\/www.lifenatura.com\\\/wp-content\\\/uploads\\\/2025\\\/07\\\/curcuma-pimenta-negra-200g-energy-feelings.jpg\",\"contentUrl\":\"https:\\\/\\\/www.lifenatura.com\\\/wp-content\\\/uploads\\\/2025\\\/07\\\/curcuma-pimenta-negra-200g-energy-feelings.jpg\",\"width\":1000,\"height\":1000,\"caption\":\"C\u00farcuma ais Pimienta negra 200 g Sensaci\u00f3n de energ\u00eda\"},{\"@type\":\"BreadcrumbList\",\"@id\":\"https:\\\/\\\/www.lifenatura.com\\\/es\\\/produto\\\/curcuma-con-pimienta-negra-bio-200g-sensacion-de-energia\\\/#breadcrumb\",\"itemListElement\":[{\"@type\":\"ListItem\",\"position\":1,\"name\":\"In\u00edcio\",\"item\":\"https:\\\/\\\/www.lifenatura.com\\\/es\\\/\"},{\"@type\":\"ListItem\",\"position\":2,\"name\":\"Todos los Productos\",\"item\":\"https:\\\/\\\/www.lifenatura.com\\\/es\\\/tienda\\\/\"},{\"@type\":\"ListItem\",\"position\":3,\"name\":\"C\u00farcuma con Pimienta Negra Bio 200g &#8211; Energy Feelings\"}]},{\"@type\":\"WebSite\",\"@id\":\"https:\\\/\\\/www.lifenatura.com\\\/es\\\/#website\",\"url\":\"https:\\\/\\\/www.lifenatura.com\\\/es\\\/\",\"name\":\"Lifenatura\",\"description\":\"A Lifenatura \u00e9 uma loja de produtos naturais, cosm\u00e9tica natural e alimenta\u00e7\u00e3o Biol\u00f3gica.\",\"publisher\":{\"@id\":\"https:\\\/\\\/www.lifenatura.com\\\/es\\\/#organization\"},\"potentialAction\":[{\"@type\":\"SearchAction\",\"target\":{\"@type\":\"EntryPoint\",\"urlTemplate\":\"https:\\\/\\\/www.lifenatura.com\\\/es\\\/?s={search_term_string}\"},\"query-input\":{\"@type\":\"PropertyValueSpecification\",\"valueRequired\":true,\"valueName\":\"search_term_string\"}}],\"inLanguage\":\"es\"},{\"@type\":\"Organization\",\"@id\":\"https:\\\/\\\/www.lifenatura.com\\\/es\\\/#organization\",\"name\":\"Lifenatura\",\"url\":\"https:\\\/\\\/www.lifenatura.com\\\/es\\\/\",\"logo\":{\"@type\":\"ImageObject\",\"inLanguage\":\"es\",\"@id\":\"https:\\\/\\\/www.lifenatura.com\\\/es\\\/#\\\/schema\\\/logo\\\/image\\\/\",\"url\":\"https:\\\/\\\/www.lifenatura.com\\\/wp-content\\\/uploads\\\/2021\\\/07\\\/logo.png\",\"contentUrl\":\"https:\\\/\\\/www.lifenatura.com\\\/wp-content\\\/uploads\\\/2021\\\/07\\\/logo.png\",\"width\":175,\"height\":55,\"caption\":\"Lifenatura\"},\"image\":{\"@id\":\"https:\\\/\\\/www.lifenatura.com\\\/es\\\/#\\\/schema\\\/logo\\\/image\\\/\"},\"sameAs\":[\"https:\\\/\\\/www.facebook.com\\\/lifenatura\",\"https:\\\/\\\/www.instagram.com\\\/lifenaturapt\\\/\"],\"hasMerchantReturnPolicy\":{\"@type\":\"MerchantReturnPolicy\",\"merchantReturnLink\":\"https:\\\/\\\/www.lifenatura.com\\\/termos-condicoes-lifenatura\\\/\"}}]}<\/script>\n<meta property=\"product:price:amount\" content=\"7.20\" \/>\n<meta property=\"product:price:currency\" content=\"EUR\" \/>\n<meta property=\"og:availability\" content=\"instock\" \/>\n<meta property=\"product:availability\" content=\"instock\" \/>\n<meta property=\"product:retailer_item_id\" content=\"8436565922112\" \/>\n<meta property=\"product:condition\" content=\"new\" \/>\n<!-- \/ Yoast SEO Premium plugin. -->","yoast_head_json":{"title":"C\u00farcuma con Pimienta Negra Bio 200g - Energy Feelings - Na Lifenatura ao Melhor Pre\u00e7o | Envio em 48h","description":"C\u00farcuma + Pimienta Negra Energy Feelings una combinaci\u00f3n org\u00e1nica de gran absorci\u00f3n. Ayuda natural contra la inflamaci\u00f3n, las articulaciones y la inmunidad.","robots":{"index":"index","follow":"follow","max-snippet":"max-snippet:-1","max-image-preview":"max-image-preview:large","max-video-preview":"max-video-preview:-1"},"canonical":"https:\/\/www.lifenatura.com\/es\/produto\/curcuma-con-pimienta-negra-bio-200g-sensacion-de-energia\/","og_locale":"es_ES","og_type":"article","og_title":"C\u00farcuma con Pimienta Negra Bio 200g - Energy Feelings - Na Lifenatura ao Melhor Pre\u00e7o | Envio 48h","og_description":"Compre C\u00farcuma con Pimienta Negra Bio 200g - Energy Feelings com envio r\u00e1pido. Entrega em 48h e portes gr\u00e1tis em compras >35\u20ac. Aproveite j\u00e1 na Lifenatura","og_url":"https:\/\/www.lifenatura.com\/es\/produto\/curcuma-con-pimienta-negra-bio-200g-sensacion-de-energia\/","og_site_name":"Lifenatura","article_publisher":"https:\/\/www.facebook.com\/lifenatura","article_modified_time":"2025-09-25T06:55:36+00:00","og_image":[{"width":1000,"height":1000,"url":"https:\/\/www.lifenatura.com\/wp-content\/uploads\/2025\/07\/curcuma-pimenta-negra-200g-energy-feelings.jpg","type":"image\/jpeg"}],"twitter_card":"summary_large_image","twitter_misc":{"Precio":"7,20&nbsp;&euro;","Disponibilidad":"Disponible"},"schema":{"@context":"https:\/\/schema.org","@graph":[{"@type":"WebPage","@id":"https:\/\/www.lifenatura.com\/es\/produto\/curcuma-con-pimienta-negra-bio-200g-sensacion-de-energia\/","url":"https:\/\/www.lifenatura.com\/es\/produto\/curcuma-con-pimienta-negra-bio-200g-sensacion-de-energia\/","name":"C\u00farcuma con Pimienta Negra Bio 200g - Energy Feelings - Na Lifenatura ao Melhor Pre\u00e7o | Envio em 48h","isPartOf":{"@id":"https:\/\/www.lifenatura.com\/es\/#website"},"primaryImageOfPage":{"@id":"https:\/\/www.lifenatura.com\/es\/produto\/curcuma-con-pimienta-negra-bio-200g-sensacion-de-energia\/#primaryimage"},"image":{"@id":"https:\/\/www.lifenatura.com\/es\/produto\/curcuma-con-pimienta-negra-bio-200g-sensacion-de-energia\/#primaryimage"},"thumbnailUrl":"https:\/\/www.lifenatura.com\/wp-content\/uploads\/2025\/07\/curcuma-pimenta-negra-200g-energy-feelings.jpg","datePublished":"2025-07-23T09:09:51+00:00","dateModified":"2025-09-25T06:55:36+00:00","description":"C\u00farcuma + Pimienta Negra Energy Feelings una combinaci\u00f3n org\u00e1nica de gran absorci\u00f3n. Ayuda natural contra la inflamaci\u00f3n, las articulaciones y la inmunidad.","breadcrumb":{"@id":"https:\/\/www.lifenatura.com\/es\/produto\/curcuma-con-pimienta-negra-bio-200g-sensacion-de-energia\/#breadcrumb"},"inLanguage":"es","potentialAction":[{"@type":"ReadAction","target":["https:\/\/www.lifenatura.com\/es\/produto\/curcuma-con-pimienta-negra-bio-200g-sensacion-de-energia\/"]}]},{"@type":"ImageObject","inLanguage":"es","@id":"https:\/\/www.lifenatura.com\/es\/produto\/curcuma-con-pimienta-negra-bio-200g-sensacion-de-energia\/#primaryimage","url":"https:\/\/www.lifenatura.com\/wp-content\/uploads\/2025\/07\/curcuma-pimenta-negra-200g-energy-feelings.jpg","contentUrl":"https:\/\/www.lifenatura.com\/wp-content\/uploads\/2025\/07\/curcuma-pimenta-negra-200g-energy-feelings.jpg","width":1000,"height":1000,"caption":"C\u00farcuma ais Pimienta negra 200 g Sensaci\u00f3n de energ\u00eda"},{"@type":"BreadcrumbList","@id":"https:\/\/www.lifenatura.com\/es\/produto\/curcuma-con-pimienta-negra-bio-200g-sensacion-de-energia\/#breadcrumb","itemListElement":[{"@type":"ListItem","position":1,"name":"In\u00edcio","item":"https:\/\/www.lifenatura.com\/es\/"},{"@type":"ListItem","position":2,"name":"Todos los Productos","item":"https:\/\/www.lifenatura.com\/es\/tienda\/"},{"@type":"ListItem","position":3,"name":"C\u00farcuma con Pimienta Negra Bio 200g &#8211; Energy Feelings"}]},{"@type":"WebSite","@id":"https:\/\/www.lifenatura.com\/es\/#website","url":"https:\/\/www.lifenatura.com\/es\/","name":"Lifenatura","description":"A Lifenatura \u00e9 uma loja de produtos naturais, cosm\u00e9tica natural e alimenta\u00e7\u00e3o Biol\u00f3gica.","publisher":{"@id":"https:\/\/www.lifenatura.com\/es\/#organization"},"potentialAction":[{"@type":"SearchAction","target":{"@type":"EntryPoint","urlTemplate":"https:\/\/www.lifenatura.com\/es\/?s={search_term_string}"},"query-input":{"@type":"PropertyValueSpecification","valueRequired":true,"valueName":"search_term_string"}}],"inLanguage":"es"},{"@type":"Organization","@id":"https:\/\/www.lifenatura.com\/es\/#organization","name":"Lifenatura","url":"https:\/\/www.lifenatura.com\/es\/","logo":{"@type":"ImageObject","inLanguage":"es","@id":"https:\/\/www.lifenatura.com\/es\/#\/schema\/logo\/image\/","url":"https:\/\/www.lifenatura.com\/wp-content\/uploads\/2021\/07\/logo.png","contentUrl":"https:\/\/www.lifenatura.com\/wp-content\/uploads\/2021\/07\/logo.png","width":175,"height":55,"caption":"Lifenatura"},"image":{"@id":"https:\/\/www.lifenatura.com\/es\/#\/schema\/logo\/image\/"},"sameAs":["https:\/\/www.facebook.com\/lifenatura","https:\/\/www.instagram.com\/lifenaturapt\/"],"hasMerchantReturnPolicy":{"@type":"MerchantReturnPolicy","merchantReturnLink":"https:\/\/www.lifenatura.com\/termos-condicoes-lifenatura\/"}}]},"product_price_amount":"7.20","product_price_currency":"EUR","og_availability":"instock","product_availability":"instock","product_retailer_item_id":"8436565922112","product_condition":"new"},"df_price":7.2,"df_sale_price":"","df_regular_price":7.2,"df_image_link":"https:\/\/www.lifenatura.com\/wp-content\/uploads\/2025\/07\/curcuma-pimenta-negra-200g-energy-feelings-300x300.jpg","_links":{"self":[{"href":"https:\/\/www.lifenatura.com\/es\/wp-json\/wp\/v2\/product\/115025","targetHints":{"allow":["GET"]}}],"collection":[{"href":"https:\/\/www.lifenatura.com\/es\/wp-json\/wp\/v2\/product"}],"about":[{"href":"https:\/\/www.lifenatura.com\/es\/wp-json\/wp\/v2\/types\/product"}],"wp:featuredmedia":[{"embeddable":true,"href":"https:\/\/www.lifenatura.com\/es\/wp-json\/wp\/v2\/media\/115001"}],"wp:attachment":[{"href":"https:\/\/www.lifenatura.com\/es\/wp-json\/wp\/v2\/media?parent=115025"}],"wp:term":[{"taxonomy":"product_brand","embeddable":true,"href":"https:\/\/www.lifenatura.com\/es\/wp-json\/wp\/v2\/product_brand?post=115025"},{"taxonomy":"product_cat","embeddable":true,"href":"https:\/\/www.lifenatura.com\/es\/wp-json\/wp\/v2\/product_cat?post=115025"},{"taxonomy":"product_tag","embeddable":true,"href":"https:\/\/www.lifenatura.com\/es\/wp-json\/wp\/v2\/product_tag?post=115025"}],"curies":[{"name":"wp","href":"https:\/\/api.w.org\/{rel}","templated":true}]}}