{"id":115022,"date":"2025-07-23T09:19:55","date_gmt":"2025-07-23T09:19:55","guid":{"rendered":"https:\/\/www.lifenatura.com\/produto\/curcuma-en-polvo-1kg-sensaciones-energeticas\/"},"modified":"2025-09-25T06:58:59","modified_gmt":"2025-09-25T06:58:59","slug":"curcuma-en-polvo-1kg-sensaciones-energeticas","status":"publish","type":"product","link":"https:\/\/www.lifenatura.com\/es\/produto\/curcuma-en-polvo-1kg-sensaciones-energeticas\/","title":{"rendered":"C\u00farcuma en polvo 1kg &#8211; Energy Feelings"},"content":{"rendered":"<h2 style=\"text-align: left;\" data-start=\"189\" data-end=\"284\"><strong>C\u00farcuma en polvo &#8211; Ra\u00edz dorada con acci\u00f3n antiinflamatoria y antioxidante<\/strong><\/h2>\n<p>&nbsp;<\/p>\n<p data-start=\"286\" data-end=\"668\"><strong data-start=\"288\" data-end=\"328\">La C\u00farcuma en Polvo de Energy Feelings<\/strong> es un superalimento 100% ecol\u00f3gico obtenido de la ra\u00edz seca y molida de <em data-start=\"414\" data-end=\"429\">Curcuma longa<\/em>. Ampliamente utilizada en la medicina ayurv\u00e9dica y tradicional, esta especia es reconocida por sus efectos <strong data-start=\"539\" data-end=\"589\">antiinflamatorios, antioxidantes y digestivos<\/strong>, y es uno de los ingredientes funcionales m\u00e1s valorados en la alimentaci\u00f3n natural.<\/p>\n<p data-start=\"670\" data-end=\"1049\">Rica en <strong data-start=\"678\" data-end=\"691\">curcumina<\/strong>, su principal compuesto activo, la c\u00farcuma ayuda a proteger el organismo contra los procesos inflamatorios y oxidativos, contribuyendo a la salud de las articulaciones, el h\u00edgado, el aparato digestivo y la inmunidad. Puede utilizarse tanto con fines terap\u00e9uticos como culinarios, y confiere un sabor ligeramente ex\u00f3tico y un vibrante color dorado a diversos platos y bebidas.<\/p>\n<p data-start=\"1051\" data-end=\"1224\">La C\u00farcuma Bio de Energy Feelings no contiene aditivos, gluten, lactosa ni organismos modificados gen\u00e9ticamente, y es apta para dietas vegetarianas, veganas y funcionales.<\/p>\n<h3 data-start=\"1226\" data-end=\"1252\">Principales ventajas:<\/h3>\n<ul data-start=\"1253\" data-end=\"1645\">\n<li data-start=\"1253\" data-end=\"1334\">\n<p data-start=\"1255\" data-end=\"1334\">Alto contenido en <strong data-start=\"1271\" data-end=\"1284\">curcumina<\/strong>, con acci\u00f3n <strong data-start=\"1295\" data-end=\"1331\">antiinflamatoria y antioxidante<\/strong>;<\/p>\n<\/li>\n<li data-start=\"1335\" data-end=\"1410\">\n<p data-start=\"1337\" data-end=\"1410\">Favorece <strong data-start=\"1345\" data-end=\"1371\">la salud articular<\/strong> y alivia las molestias inflamatorias;<\/p>\n<\/li>\n<li data-start=\"1411\" data-end=\"1473\">\n<p data-start=\"1413\" data-end=\"1473\">Contribuye a <strong data-start=\"1430\" data-end=\"1470\">una funci\u00f3n hep\u00e1tica y digestiva saludable<\/strong>;<\/p>\n<\/li>\n<li data-start=\"1474\" data-end=\"1565\">\n<p data-start=\"1476\" data-end=\"1565\">Puede reforzar el <strong data-start=\"1494\" data-end=\"1516\">sistema inmunitario<\/strong> y mejorar la respuesta del organismo al estr\u00e9s;<\/p>\n<\/li>\n<li data-start=\"1566\" data-end=\"1645\">\n<p data-start=\"1568\" data-end=\"1645\">Ingrediente vers\u00e1til, ideal para una <strong data-start=\"1605\" data-end=\"1644\">dieta funcional y equilibrada<\/strong>.<\/p>\n<\/li>\n<\/ul>\n<h3 data-start=\"1647\" data-end=\"1662\">Indicaciones:<\/h3>\n<p data-start=\"1663\" data-end=\"1722\">La <strong data-start=\"1665\" data-end=\"1705\">c\u00farcuma en polvo de Energy Feelings<\/strong> est\u00e1 indicada para:<\/p>\n<ul data-start=\"1723\" data-end=\"1922\">\n<li data-start=\"1723\" data-end=\"1789\">\n<p data-start=\"1725\" data-end=\"1789\">Personas con <strong data-start=\"1737\" data-end=\"1786\">dolor articular, inflamaci\u00f3n o mala digesti\u00f3n<\/strong>;<\/p>\n<\/li>\n<li data-start=\"1790\" data-end=\"1853\">\n<p data-start=\"1792\" data-end=\"1853\">Cualquier persona que quiera mejorar su salud de forma natural y preventiva;<\/p>\n<\/li>\n<li data-start=\"1854\" data-end=\"1922\">\n<p data-start=\"1856\" data-end=\"1922\">Aficionados a la cocina sana y a <strong data-start=\"1888\" data-end=\"1921\">los alimentos antiinflamatorios<\/strong>.<\/p>\n<\/li>\n<\/ul>\n<p>La c\u00farcuma org\u00e1nica en polvo de Energy Feelings es una especia con propiedades muy interesantes para la salud, esencial para una dieta sana y nutritiva.<\/p>\n<p>Tambi\u00e9n es importante se\u00f1alar que nuestro polvo de c\u00farcuma no ha sido irradiado ni sometido a tratamientos de alta temperatura, por lo que conserva todas sus propiedades.<\/p>\n<p data-start=\"1924\" data-end=\"2042\"><strong>PRESENTACI\u00d3N<\/strong><\/p>\n<p data-start=\"1924\" data-end=\"2042\">1kg<\/p>\n<p data-start=\"1924\" data-end=\"2042\">\n","protected":false},"excerpt":{"rendered":"<p>La C\u00farcuma Bio en Polvo formato Energy Feelings 1kg, por su capacidad antiinflamatoria, es ideal para el tratamiento de la artritis y otras afecciones similares. [&#8230;]<\/p>\n<p><a class=\"btn btn-secondary understrap-read-more-link\" href=\"https:\/\/www.lifenatura.com\/es\/produto\/curcuma-en-polvo-1kg-sensaciones-energeticas\/\">Leer m\u00e1s&#8230;<span class=\"screen-reader-text\"> from C\u00farcuma en polvo 1kg &#8211; Energy Feelings<\/span><\/a><\/p>\n","protected":false},"featured_media":115003,"template":"","meta":{"_acf_changed":false},"product_brand":[8563],"product_cat":[7064,7100],"product_tag":[],"class_list":{"0":"post-115022","1":"product","2":"type-product","3":"status-publish","4":"has-post-thumbnail","6":"product_brand-energy-feelings-es","7":"product_cat-alimentacion-sana","8":"product_cat-superalimentos-bio","10":"first","11":"instock","12":"shipping-taxable","13":"purchasable","14":"product-type-simple","15":"add-to-wishlist-before_image"},"acf":[],"yoast_head":"<!-- This site is optimized with the Yoast SEO Premium plugin v27.1 (Yoast SEO v27.3) - https:\/\/yoast.com\/product\/yoast-seo-premium-wordpress\/ -->\n<title>C\u00farcuma en polvo 1kg - Energy Feelings - Lifenatura<\/title>\n<meta name=\"description\" content=\"La C\u00farcuma Bio en Polvo formato Energy Feelings 1kg, por su capacidad antiinflamatoria, es ideal para el tratamiento de la artritis.\" \/>\n<meta name=\"robots\" content=\"index, follow, max-snippet:-1, max-image-preview:large, max-video-preview:-1\" \/>\n<link rel=\"canonical\" href=\"https:\/\/www.lifenatura.com\/es\/produto\/curcuma-en-polvo-1kg-sensaciones-energeticas\/\" \/>\n<meta property=\"og:locale\" content=\"es_ES\" \/>\n<meta property=\"og:type\" content=\"article\" \/>\n<meta property=\"og:title\" content=\"C\u00farcuma en polvo 1kg - Energy Feelings - Lifenatura\" \/>\n<meta property=\"og:description\" content=\"Compre aqui o seu C\u00farcuma en polvo 1kg - Energy Feelings e a Lifenatura Online envia em 48 H com Portes Gratis &gt;35\u20ac de Pedido.\" \/>\n<meta property=\"og:url\" content=\"https:\/\/www.lifenatura.com\/es\/produto\/curcuma-en-polvo-1kg-sensaciones-energeticas\/\" \/>\n<meta property=\"og:site_name\" content=\"Lifenatura\" \/>\n<meta property=\"article:publisher\" content=\"https:\/\/www.facebook.com\/lifenatura\" \/>\n<meta property=\"article:modified_time\" content=\"2025-09-25T06:58:59+00:00\" \/>\n<meta property=\"og:image\" content=\"https:\/\/www.lifenatura.com\/wp-content\/uploads\/2025\/07\/curcuma-po-1kg-energy-feelings.jpg\" \/>\n\t<meta property=\"og:image:width\" content=\"1000\" \/>\n\t<meta property=\"og:image:height\" content=\"1000\" \/>\n\t<meta property=\"og:image:type\" content=\"image\/jpeg\" \/>\n<meta name=\"twitter:card\" content=\"summary_large_image\" \/>\n<meta name=\"twitter:label1\" content=\"Precio\" \/>\n\t<meta name=\"twitter:data1\" content=\"23,79&nbsp;&euro;\" \/>\n\t<meta name=\"twitter:label2\" content=\"Disponibilidad\" \/>\n\t<meta name=\"twitter:data2\" content=\"Disponible\" \/>\n<meta property=\"product:price:amount\" content=\"23.79\" \/>\n<meta property=\"product:price:currency\" content=\"EUR\" \/>\n<meta property=\"og:availability\" content=\"instock\" \/>\n<meta property=\"product:availability\" content=\"instock\" \/>\n<meta property=\"product:retailer_item_id\" content=\"8436565921078\" \/>\n<meta property=\"product:condition\" content=\"new\" \/>\n<!-- \/ Yoast SEO Premium plugin. -->","yoast_head_json":{"title":"C\u00farcuma en polvo 1kg - Energy Feelings - Lifenatura","description":"La C\u00farcuma Bio en Polvo formato Energy Feelings 1kg, por su capacidad antiinflamatoria, es ideal para el tratamiento de la artritis.","robots":{"index":"index","follow":"follow","max-snippet":"max-snippet:-1","max-image-preview":"max-image-preview:large","max-video-preview":"max-video-preview:-1"},"canonical":"https:\/\/www.lifenatura.com\/es\/produto\/curcuma-en-polvo-1kg-sensaciones-energeticas\/","og_locale":"es_ES","og_type":"article","og_title":"C\u00farcuma en polvo 1kg - Energy Feelings - Lifenatura","og_description":"Compre aqui o seu C\u00farcuma en polvo 1kg - Energy Feelings e a Lifenatura Online envia em 48 H com Portes Gratis >35\u20ac de Pedido.","og_url":"https:\/\/www.lifenatura.com\/es\/produto\/curcuma-en-polvo-1kg-sensaciones-energeticas\/","og_site_name":"Lifenatura","article_publisher":"https:\/\/www.facebook.com\/lifenatura","article_modified_time":"2025-09-25T06:58:59+00:00","og_image":[{"width":1000,"height":1000,"url":"https:\/\/www.lifenatura.com\/wp-content\/uploads\/2025\/07\/curcuma-po-1kg-energy-feelings.jpg","type":"image\/jpeg"}],"twitter_card":"summary_large_image","twitter_misc":{"Precio":"23,79&nbsp;&euro;","Disponibilidad":"Disponible"},"schema":{"@context":"https:\/\/schema.org","@graph":[{"@type":"WebPage","@id":"https:\/\/www.lifenatura.com\/es\/produto\/curcuma-en-polvo-1kg-sensaciones-energeticas\/","url":"https:\/\/www.lifenatura.com\/es\/produto\/curcuma-en-polvo-1kg-sensaciones-energeticas\/","name":"C\u00farcuma en polvo 1kg - Energy Feelings - Lifenatura","isPartOf":{"@id":"https:\/\/www.lifenatura.com\/es\/#website"},"primaryImageOfPage":{"@id":"https:\/\/www.lifenatura.com\/es\/produto\/curcuma-en-polvo-1kg-sensaciones-energeticas\/#primaryimage"},"image":{"@id":"https:\/\/www.lifenatura.com\/es\/produto\/curcuma-en-polvo-1kg-sensaciones-energeticas\/#primaryimage"},"thumbnailUrl":"https:\/\/www.lifenatura.com\/wp-content\/uploads\/2025\/07\/curcuma-po-1kg-energy-feelings.jpg","datePublished":"2025-07-23T09:19:55+00:00","dateModified":"2025-09-25T06:58:59+00:00","description":"La C\u00farcuma Bio en Polvo formato Energy Feelings 1kg, por su capacidad antiinflamatoria, es ideal para el tratamiento de la artritis.","breadcrumb":{"@id":"https:\/\/www.lifenatura.com\/es\/produto\/curcuma-en-polvo-1kg-sensaciones-energeticas\/#breadcrumb"},"inLanguage":"es","potentialAction":[{"@type":"ReadAction","target":["https:\/\/www.lifenatura.com\/es\/produto\/curcuma-en-polvo-1kg-sensaciones-energeticas\/"]}]},{"@type":"ImageObject","inLanguage":"es","@id":"https:\/\/www.lifenatura.com\/es\/produto\/curcuma-en-polvo-1kg-sensaciones-energeticas\/#primaryimage","url":"https:\/\/www.lifenatura.com\/wp-content\/uploads\/2025\/07\/curcuma-po-1kg-energy-feelings.jpg","contentUrl":"https:\/\/www.lifenatura.com\/wp-content\/uploads\/2025\/07\/curcuma-po-1kg-energy-feelings.jpg","width":1000,"height":1000,"caption":"1 kg de c\u00farcuma en polvo de la marca Energy Feelings"},{"@type":"BreadcrumbList","@id":"https:\/\/www.lifenatura.com\/es\/produto\/curcuma-en-polvo-1kg-sensaciones-energeticas\/#breadcrumb","itemListElement":[{"@type":"ListItem","position":1,"name":"In\u00edcio","item":"https:\/\/www.lifenatura.com\/es\/"},{"@type":"ListItem","position":2,"name":"Todos los Productos","item":"https:\/\/www.lifenatura.com\/es\/tienda\/"},{"@type":"ListItem","position":3,"name":"C\u00farcuma en polvo 1kg &#8211; Energy Feelings"}]},{"@type":"WebSite","@id":"https:\/\/www.lifenatura.com\/es\/#website","url":"https:\/\/www.lifenatura.com\/es\/","name":"Lifenatura","description":"A Lifenatura \u00e9 uma loja de produtos naturais, cosm\u00e9tica natural e alimenta\u00e7\u00e3o Biol\u00f3gica.","publisher":{"@id":"https:\/\/www.lifenatura.com\/es\/#organization"},"potentialAction":[{"@type":"SearchAction","target":{"@type":"EntryPoint","urlTemplate":"https:\/\/www.lifenatura.com\/es\/?s={search_term_string}"},"query-input":{"@type":"PropertyValueSpecification","valueRequired":true,"valueName":"search_term_string"}}],"inLanguage":"es"},{"@type":"Organization","@id":"https:\/\/www.lifenatura.com\/es\/#organization","name":"Lifenatura","url":"https:\/\/www.lifenatura.com\/es\/","logo":{"@type":"ImageObject","inLanguage":"es","@id":"https:\/\/www.lifenatura.com\/es\/#\/schema\/logo\/image\/","url":"https:\/\/www.lifenatura.com\/wp-content\/uploads\/2021\/11\/logo.png","contentUrl":"https:\/\/www.lifenatura.com\/wp-content\/uploads\/2021\/11\/logo.png","width":175,"height":55,"caption":"Lifenatura"},"image":{"@id":"https:\/\/www.lifenatura.com\/es\/#\/schema\/logo\/image\/"},"sameAs":["https:\/\/www.facebook.com\/lifenatura","https:\/\/www.instagram.com\/lifenaturapt\/"]}]},"product_price_amount":"23.79","product_price_currency":"EUR","og_availability":"instock","product_availability":"instock","product_retailer_item_id":"8436565921078","product_condition":"new"},"df_price":23.79,"df_sale_price":"","df_regular_price":23.79,"df_image_link":"https:\/\/www.lifenatura.com\/wp-content\/uploads\/2025\/07\/curcuma-po-1kg-energy-feelings-300x300.jpg","_links":{"self":[{"href":"https:\/\/www.lifenatura.com\/es\/wp-json\/wp\/v2\/product\/115022","targetHints":{"allow":["GET"]}}],"collection":[{"href":"https:\/\/www.lifenatura.com\/es\/wp-json\/wp\/v2\/product"}],"about":[{"href":"https:\/\/www.lifenatura.com\/es\/wp-json\/wp\/v2\/types\/product"}],"wp:featuredmedia":[{"embeddable":true,"href":"https:\/\/www.lifenatura.com\/es\/wp-json\/wp\/v2\/media\/115003"}],"wp:attachment":[{"href":"https:\/\/www.lifenatura.com\/es\/wp-json\/wp\/v2\/media?parent=115022"}],"wp:term":[{"taxonomy":"product_brand","embeddable":true,"href":"https:\/\/www.lifenatura.com\/es\/wp-json\/wp\/v2\/product_brand?post=115022"},{"taxonomy":"product_cat","embeddable":true,"href":"https:\/\/www.lifenatura.com\/es\/wp-json\/wp\/v2\/product_cat?post=115022"},{"taxonomy":"product_tag","embeddable":true,"href":"https:\/\/www.lifenatura.com\/es\/wp-json\/wp\/v2\/product_tag?post=115022"}],"curies":[{"name":"wp","href":"https:\/\/api.w.org\/{rel}","templated":true}]}}