{"id":114548,"date":"2025-05-20T16:09:49","date_gmt":"2025-05-20T16:09:49","guid":{"rendered":"https:\/\/www.lifenatura.com\/produto\/marino-sabor-limon-295g-collagenova\/"},"modified":"2025-07-09T23:43:38","modified_gmt":"2025-07-09T23:43:38","slug":"marino-sabor-limon-295g-collagenova","status":"publish","type":"product","link":"https:\/\/www.lifenatura.com\/es\/produto\/marino-sabor-limon-295g-collagenova\/","title":{"rendered":"Marino sabor Lim\u00f3n 295g &#8211; Collagenova"},"content":{"rendered":"<h2 style=\"text-align: left;\" data-start=\"243\" data-end=\"277\"><strong>Sabor Lim\u00f3n Marino &#8211; Colagenova<\/strong><\/h2>\n<p>&nbsp;<\/p>\n<p style=\"text-align: left;\" data-start=\"312\" data-end=\"504\"><span class=\"relative -mx-px my-[-0.2rem] rounded px-px py-[0.2rem] transition-colors duration-100 ease-in-out\"><strong data-start=\"2\" data-end=\"24\">Sabor Lim\u00f3n Marino<\/strong> de <strong data-start=\"34\" data-end=\"48\">Colagenova<\/strong> es un complemento alimenticio en polvo dise\u00f1ado para favorecer la salud de las articulaciones, los huesos y la piel.<\/span> <span class=\"relative -mx-px my-[-0.2rem] rounded px-px py-[0.2rem] transition-colors duration-100 ease-in-out\">Formulado con p\u00e9ptidos de col\u00e1geno hidrolizado Peptan\u00ae, \u00e1cido hialur\u00f3nico ExceptionHyal\u00ae, magnesio y vitamina C, este producto pretende mejorar la movilidad articular, fortalecer los huesos y favorecer la hidrataci\u00f3n de la piel.<\/span><\/p>\n<p style=\"text-align: left;\" data-start=\"312\" data-end=\"504\"><span class=\"relative -mx-px my-[-0.2rem] rounded px-px py-[0.2rem] transition-colors duration-100 ease-in-out\">Disponible en un envase de 295 g, el suplemento tiene un refrescante sabor a lim\u00f3n y es f\u00e1cil de disolver, lo que facilita su toma diaria.<\/span><\/p>\n<p style=\"text-align: left;\" data-start=\"506\" data-end=\"532\"><strong data-start=\"506\" data-end=\"532\">Principales ventajas:<\/strong><\/p>\n<ul style=\"text-align: left;\" data-start=\"534\" data-end=\"989\">\n<li data-start=\"534\" data-end=\"659\">\n<p data-start=\"536\" data-end=\"659\"><strong data-start=\"536\" data-end=\"580\">Fortalece las articulaciones y los huesos:<\/strong> <span class=\"relative -mx-px my-[-0.2rem] rounded px-px py-[0.2rem] transition-colors duration-100 ease-in-out\">El col\u00e1geno hidrolizado Peptan\u00ae y el magnesio contribuyen a mantener la estructura \u00f3sea y la funci\u00f3n articular.<\/span><\/p>\n<\/li>\n<li data-start=\"661\" data-end=\"778\">\n<p data-start=\"663\" data-end=\"778\"><strong data-start=\"663\" data-end=\"699\">Mejora la movilidad articular:<\/strong> <span class=\"relative -mx-px my-[-0.2rem] rounded px-px py-[0.2rem] transition-colors duration-100 ease-in-out\">El \u00e1cido hialur\u00f3nico ExceptionHyal\u00ae act\u00faa como lubricante en las articulaciones, favoreciendo una mayor flexibilidad y comodidad.<\/span><\/p>\n<\/li>\n<li data-start=\"780\" data-end=\"887\">\n<p data-start=\"782\" data-end=\"887\"><strong data-start=\"782\" data-end=\"808\">Favorece la salud de la piel:<\/strong> <span class=\"relative -mx-px my-[-0.2rem] rounded px-px py-[0.2rem] transition-colors duration-100 ease-in-out\">La vitamina C contribuye a la formaci\u00f3n de col\u00e1geno, esencial para mantener una piel sana e hidratada.<\/span><\/p>\n<\/li>\n<li data-start=\"889\" data-end=\"989\">\n<p data-start=\"891\" data-end=\"989\"><strong data-start=\"891\" data-end=\"910\">F\u00e1cil de tomar:<\/strong> <span class=\"relative -mx-px my-[-0.2rem] rounded px-px py-[0.2rem] transition-colors duration-100 ease-in-out\">La f\u00f3rmula de r\u00e1pida disoluci\u00f3n y el agradable sabor hacen que la toma diaria de suplementos sea m\u00e1s pr\u00e1ctica y placentera.<\/span><\/p>\n<\/li>\n<\/ul>\n<p style=\"text-align: left;\" data-start=\"991\" data-end=\"1005\"><strong data-start=\"991\" data-end=\"1005\">Indicaci\u00f3n:<\/strong><\/p>\n<p style=\"text-align: left;\" data-start=\"1007\" data-end=\"1125\"><span class=\"relative -mx-px my-[-0.2rem] rounded px-px py-[0.2rem] transition-colors duration-100 ease-in-out\">Este suplemento est\u00e1 indicado para adultos que desean mantener la salud de sus articulaciones, huesos y piel, especialmente los que llevan un estilo de vida activo, los deportistas o las personas con signos de desgaste articular.<\/span> <span class=\"relative -mx-px my-[-0.2rem] rounded px-px py-[0.2rem] transition-colors duration-100 ease-in-out\">Tambi\u00e9n se recomienda a las personas que buscan un suplemento natural para mejorar la movilidad y el bienestar general.<\/span><\/p>\n<p style=\"text-align: left;\" data-start=\"1007\" data-end=\"1125\"><strong>Presentaci\u00f3n:<\/strong><\/p>\n<p style=\"text-align: left;\" data-start=\"1007\" data-end=\"1125\">295gr<\/p>\n<p style=\"text-align: left;\" data-start=\"1007\" data-end=\"1125\">\n","protected":false},"excerpt":{"rendered":"<p>Sabor Lim\u00f3n Marino &#8211; Collagenova es un complemento alimenticio que refuerza las articulaciones y los huesos, mejora la movilidad y favorece la salud de la piel. [&#8230;]<\/p>\n<p><a class=\"btn btn-secondary understrap-read-more-link\" href=\"https:\/\/www.lifenatura.com\/es\/produto\/marino-sabor-limon-295g-collagenova\/\">Leer m\u00e1s&#8230;<span class=\"screen-reader-text\"> from Marino sabor Lim\u00f3n 295g &#8211; Collagenova<\/span><\/a><\/p>\n","protected":false},"featured_media":112119,"template":"","meta":{"_acf_changed":false},"product_brand":[8549],"product_cat":[7205,7239,7179,7883],"product_tag":[],"class_list":{"0":"post-114548","1":"product","2":"type-product","3":"status-publish","4":"has-post-thumbnail","6":"product_brand-colagenova","7":"product_cat-articulaciones","8":"product_cat-cuidado-de-la-piel","9":"product_cat-salud","10":"product_cat-suplementos-alimenticios","12":"first","13":"instock","14":"shipping-taxable","15":"purchasable","16":"product-type-simple","17":"add-to-wishlist-before_image"},"acf":[],"yoast_head":"<!-- This site is optimized with the Yoast SEO Premium plugin v27.1 (Yoast SEO v27.3) - https:\/\/yoast.com\/product\/yoast-seo-premium-wordpress\/ -->\n<title>Marino sabor Lim\u00f3n 295g - Collagenova - Lifenatura<\/title>\n<meta name=\"description\" content=\"Sabor Lim\u00f3n Marino es un complemento alimenticio que refuerza las articulaciones y los huesos, mejora la movilidad y favorece la salud de la piel.\" \/>\n<meta name=\"robots\" content=\"index, follow, max-snippet:-1, max-image-preview:large, max-video-preview:-1\" \/>\n<link rel=\"canonical\" href=\"https:\/\/www.lifenatura.com\/es\/produto\/marino-sabor-limon-295g-collagenova\/\" \/>\n<meta property=\"og:locale\" content=\"es_ES\" \/>\n<meta property=\"og:type\" content=\"article\" \/>\n<meta property=\"og:title\" content=\"Marino sabor Lim\u00f3n 295g - Collagenova - Lifenatura\" \/>\n<meta property=\"og:description\" content=\"Compre aqui o seu Marino sabor Lim\u00f3n 295g - Collagenova e a Lifenatura Online envia em 48 H com Portes Gratis &gt;35\u20ac de Pedido.\" \/>\n<meta property=\"og:url\" content=\"https:\/\/www.lifenatura.com\/es\/produto\/marino-sabor-limon-295g-collagenova\/\" \/>\n<meta property=\"og:site_name\" content=\"Lifenatura\" \/>\n<meta property=\"article:publisher\" content=\"https:\/\/www.facebook.com\/lifenatura\" \/>\n<meta property=\"article:modified_time\" content=\"2025-07-09T23:43:38+00:00\" \/>\n<meta property=\"og:image\" content=\"https:\/\/www.lifenatura.com\/wp-content\/uploads\/2025\/05\/marine-sabor-limao-colagenova.jpg\" \/>\n\t<meta property=\"og:image:width\" content=\"1000\" \/>\n\t<meta property=\"og:image:height\" content=\"1000\" \/>\n\t<meta property=\"og:image:type\" content=\"image\/jpeg\" \/>\n<meta name=\"twitter:card\" content=\"summary_large_image\" \/>\n<meta name=\"twitter:label1\" content=\"Precio\" \/>\n\t<meta name=\"twitter:data1\" content=\"31,73&nbsp;&euro;\" \/>\n\t<meta name=\"twitter:label2\" content=\"Disponibilidad\" \/>\n\t<meta name=\"twitter:data2\" content=\"Disponible\" \/>\n<meta property=\"product:price:amount\" content=\"31.73\" \/>\n<meta property=\"product:price:currency\" content=\"EUR\" \/>\n<meta property=\"og:availability\" content=\"instock\" \/>\n<meta property=\"product:availability\" content=\"instock\" \/>\n<meta property=\"product:retailer_item_id\" content=\"8437007166019\" \/>\n<meta property=\"product:condition\" content=\"new\" \/>\n<!-- \/ Yoast SEO Premium plugin. -->","yoast_head_json":{"title":"Marino sabor Lim\u00f3n 295g - Collagenova - Lifenatura","description":"Sabor Lim\u00f3n Marino es un complemento alimenticio que refuerza las articulaciones y los huesos, mejora la movilidad y favorece la salud de la piel.","robots":{"index":"index","follow":"follow","max-snippet":"max-snippet:-1","max-image-preview":"max-image-preview:large","max-video-preview":"max-video-preview:-1"},"canonical":"https:\/\/www.lifenatura.com\/es\/produto\/marino-sabor-limon-295g-collagenova\/","og_locale":"es_ES","og_type":"article","og_title":"Marino sabor Lim\u00f3n 295g - Collagenova - Lifenatura","og_description":"Compre aqui o seu Marino sabor Lim\u00f3n 295g - Collagenova e a Lifenatura Online envia em 48 H com Portes Gratis >35\u20ac de Pedido.","og_url":"https:\/\/www.lifenatura.com\/es\/produto\/marino-sabor-limon-295g-collagenova\/","og_site_name":"Lifenatura","article_publisher":"https:\/\/www.facebook.com\/lifenatura","article_modified_time":"2025-07-09T23:43:38+00:00","og_image":[{"width":1000,"height":1000,"url":"https:\/\/www.lifenatura.com\/wp-content\/uploads\/2025\/05\/marine-sabor-limao-colagenova.jpg","type":"image\/jpeg"}],"twitter_card":"summary_large_image","twitter_misc":{"Precio":"31,73&nbsp;&euro;","Disponibilidad":"Disponible"},"schema":{"@context":"https:\/\/schema.org","@graph":[{"@type":"WebPage","@id":"https:\/\/www.lifenatura.com\/es\/produto\/marino-sabor-limon-295g-collagenova\/","url":"https:\/\/www.lifenatura.com\/es\/produto\/marino-sabor-limon-295g-collagenova\/","name":"Marino sabor Lim\u00f3n 295g - Collagenova - Lifenatura","isPartOf":{"@id":"https:\/\/www.lifenatura.com\/es\/#website"},"primaryImageOfPage":{"@id":"https:\/\/www.lifenatura.com\/es\/produto\/marino-sabor-limon-295g-collagenova\/#primaryimage"},"image":{"@id":"https:\/\/www.lifenatura.com\/es\/produto\/marino-sabor-limon-295g-collagenova\/#primaryimage"},"thumbnailUrl":"https:\/\/www.lifenatura.com\/wp-content\/uploads\/2025\/05\/marine-sabor-limao-colagenova.jpg","datePublished":"2025-05-20T16:09:49+00:00","dateModified":"2025-07-09T23:43:38+00:00","description":"Sabor Lim\u00f3n Marino es un complemento alimenticio que refuerza las articulaciones y los huesos, mejora la movilidad y favorece la salud de la piel.","breadcrumb":{"@id":"https:\/\/www.lifenatura.com\/es\/produto\/marino-sabor-limon-295g-collagenova\/#breadcrumb"},"inLanguage":"es","potentialAction":[{"@type":"ReadAction","target":["https:\/\/www.lifenatura.com\/es\/produto\/marino-sabor-limon-295g-collagenova\/"]}]},{"@type":"ImageObject","inLanguage":"es","@id":"https:\/\/www.lifenatura.com\/es\/produto\/marino-sabor-limon-295g-collagenova\/#primaryimage","url":"https:\/\/www.lifenatura.com\/wp-content\/uploads\/2025\/05\/marine-sabor-limao-colagenova.jpg","contentUrl":"https:\/\/www.lifenatura.com\/wp-content\/uploads\/2025\/05\/marine-sabor-limao-colagenova.jpg","width":1000,"height":1000,"caption":"Sabor a lim\u00f3n marino de Colagenova"},{"@type":"BreadcrumbList","@id":"https:\/\/www.lifenatura.com\/es\/produto\/marino-sabor-limon-295g-collagenova\/#breadcrumb","itemListElement":[{"@type":"ListItem","position":1,"name":"In\u00edcio","item":"https:\/\/www.lifenatura.com\/es\/"},{"@type":"ListItem","position":2,"name":"Todos los Productos","item":"https:\/\/www.lifenatura.com\/es\/tienda\/"},{"@type":"ListItem","position":3,"name":"Marino sabor Lim\u00f3n 295g &#8211; Collagenova"}]},{"@type":"WebSite","@id":"https:\/\/www.lifenatura.com\/es\/#website","url":"https:\/\/www.lifenatura.com\/es\/","name":"Lifenatura","description":"A Lifenatura \u00e9 uma loja de produtos naturais, cosm\u00e9tica natural e alimenta\u00e7\u00e3o Biol\u00f3gica.","publisher":{"@id":"https:\/\/www.lifenatura.com\/es\/#organization"},"potentialAction":[{"@type":"SearchAction","target":{"@type":"EntryPoint","urlTemplate":"https:\/\/www.lifenatura.com\/es\/?s={search_term_string}"},"query-input":{"@type":"PropertyValueSpecification","valueRequired":true,"valueName":"search_term_string"}}],"inLanguage":"es"},{"@type":"Organization","@id":"https:\/\/www.lifenatura.com\/es\/#organization","name":"Lifenatura","url":"https:\/\/www.lifenatura.com\/es\/","logo":{"@type":"ImageObject","inLanguage":"es","@id":"https:\/\/www.lifenatura.com\/es\/#\/schema\/logo\/image\/","url":"https:\/\/www.lifenatura.com\/wp-content\/uploads\/2021\/11\/logo.png","contentUrl":"https:\/\/www.lifenatura.com\/wp-content\/uploads\/2021\/11\/logo.png","width":175,"height":55,"caption":"Lifenatura"},"image":{"@id":"https:\/\/www.lifenatura.com\/es\/#\/schema\/logo\/image\/"},"sameAs":["https:\/\/www.facebook.com\/lifenatura","https:\/\/www.instagram.com\/lifenaturapt\/"]}]},"product_price_amount":"31.73","product_price_currency":"EUR","og_availability":"instock","product_availability":"instock","product_retailer_item_id":"8437007166019","product_condition":"new"},"df_price":31.73,"df_sale_price":"","df_regular_price":31.73,"df_image_link":"https:\/\/www.lifenatura.com\/wp-content\/uploads\/2025\/05\/marine-sabor-limao-colagenova-300x300.jpg","_links":{"self":[{"href":"https:\/\/www.lifenatura.com\/es\/wp-json\/wp\/v2\/product\/114548","targetHints":{"allow":["GET"]}}],"collection":[{"href":"https:\/\/www.lifenatura.com\/es\/wp-json\/wp\/v2\/product"}],"about":[{"href":"https:\/\/www.lifenatura.com\/es\/wp-json\/wp\/v2\/types\/product"}],"wp:featuredmedia":[{"embeddable":true,"href":"https:\/\/www.lifenatura.com\/es\/wp-json\/wp\/v2\/media\/112119"}],"wp:attachment":[{"href":"https:\/\/www.lifenatura.com\/es\/wp-json\/wp\/v2\/media?parent=114548"}],"wp:term":[{"taxonomy":"product_brand","embeddable":true,"href":"https:\/\/www.lifenatura.com\/es\/wp-json\/wp\/v2\/product_brand?post=114548"},{"taxonomy":"product_cat","embeddable":true,"href":"https:\/\/www.lifenatura.com\/es\/wp-json\/wp\/v2\/product_cat?post=114548"},{"taxonomy":"product_tag","embeddable":true,"href":"https:\/\/www.lifenatura.com\/es\/wp-json\/wp\/v2\/product_tag?post=114548"}],"curies":[{"name":"wp","href":"https:\/\/api.w.org\/{rel}","templated":true}]}}