{"id":114547,"date":"2025-05-20T16:09:46","date_gmt":"2025-05-20T16:09:46","guid":{"rendered":"https:\/\/www.lifenatura.com\/produto\/bebida-antioxidante-de-limon-y-naranja-collagenova\/"},"modified":"2026-04-05T00:51:49","modified_gmt":"2026-04-05T00:51:49","slug":"bebida-antioxidante-de-limon-y-naranja-collagenova","status":"publish","type":"product","link":"https:\/\/www.lifenatura.com\/es\/produto\/bebida-antioxidante-de-limon-y-naranja-collagenova\/","title":{"rendered":"Bebida antioxidante de lim\u00f3n y naranja &#8211; Collagenova"},"content":{"rendered":"<h2 style=\"text-align: left;\" data-start=\"242\" data-end=\"286\"><strong>Bebida Antiox Lim\u00f3n y Naranja &#8211; Collagenova<\/strong><\/h2>\n<p>&nbsp;<\/p>\n<p style=\"text-align: left;\" data-start=\"321\" data-end=\"513\"><span class=\"relative -mx-px my-[-0.2rem] rounded px-px py-[0.2rem] transition-colors duration-100 ease-in-out\"><strong data-start=\"2\" data-end=\"34\">Antiox Drink Lim\u00f3n y Naranja<\/strong> de <strong data-start=\"44\" data-end=\"58\">Colagenova<\/strong> es un complemento alimenticio en polvo dise\u00f1ado para reforzar la salud de la piel, las articulaciones y el sistema inmunitario.<\/span> <span class=\"relative -mx-px my-[-0.2rem] rounded px-px py-[0.2rem] transition-colors duration-100 ease-in-out\">Formulado con p\u00e9ptidos de col\u00e1geno Peptan\u00ae, \u00e1cido hialur\u00f3nico, vitamina C y extracto de naranja sanguina, este producto pretende combatir los radicales libres, mejorar la elasticidad de la piel y fortalecer las articulaciones.<\/span><\/p>\n<p style=\"text-align: left;\" data-start=\"321\" data-end=\"513\"><span class=\"relative -mx-px my-[-0.2rem] rounded px-px py-[0.2rem] transition-colors duration-100 ease-in-out\">Disponible en un envase de 420 g, el suplemento tiene un refrescante sabor a lim\u00f3n y naranja y es f\u00e1cil de disolver y consumir a diario.<\/span><\/p>\n<p style=\"text-align: left;\" data-start=\"515\" data-end=\"541\"><strong data-start=\"515\" data-end=\"541\">Principales ventajas:<\/strong><\/p>\n<ul style=\"text-align: left;\" data-start=\"543\" data-end=\"1001\">\n<li data-start=\"543\" data-end=\"646\">\n<p data-start=\"545\" data-end=\"646\"><strong data-start=\"545\" data-end=\"567\">Acci\u00f3n antioxidante:<\/strong> <span class=\"relative -mx-px my-[-0.2rem] rounded px-px py-[0.2rem] transition-colors duration-100 ease-in-out\">La vitamina C y el extracto de naranja sanguina ayudan a combatir los radicales libres, protegiendo las c\u00e9lulas contra el estr\u00e9s oxidativo.<\/span><\/p>\n<\/li>\n<li data-start=\"648\" data-end=\"765\">\n<p data-start=\"650\" data-end=\"765\"><strong data-start=\"650\" data-end=\"686\">Mejora la elasticidad de la piel:<\/strong> <span class=\"relative -mx-px my-[-0.2rem] rounded px-px py-[0.2rem] transition-colors duration-100 ease-in-out\">El col\u00e1geno Peptan\u00ae y el \u00e1cido hialur\u00f3nico contribuyen a mantener la estructura de la piel, favoreciendo una mayor elasticidad y firmeza.<\/span><\/p>\n<\/li>\n<li data-start=\"767\" data-end=\"884\">\n<p data-start=\"769\" data-end=\"884\"><strong data-start=\"769\" data-end=\"805\">Fortalece las articulaciones:<\/strong> <span class=\"relative -mx-px my-[-0.2rem] rounded px-px py-[0.2rem] transition-colors duration-100 ease-in-out\">El col\u00e1geno hidrolizado ayuda a mantener la funci\u00f3n articular y a reducir las molestias.<\/span><\/p>\n<\/li>\n<li data-start=\"886\" data-end=\"1001\">\n<p data-start=\"888\" data-end=\"1001\"><strong data-start=\"888\" data-end=\"922\">Refuerza el sistema inmunitario:<\/strong> <span class=\"relative -mx-px my-[-0.2rem] rounded px-px py-[0.2rem] transition-colors duration-100 ease-in-out\">La vitamina C contribuye al funcionamiento normal del sistema inmunitario, ayudando a prevenir las infecciones.<\/span><\/p>\n<\/li>\n<\/ul>\n<p style=\"text-align: left;\" data-start=\"1003\" data-end=\"1017\"><strong data-start=\"1003\" data-end=\"1017\">Indicaci\u00f3n:<\/strong><\/p>\n<p style=\"text-align: left;\" data-start=\"1019\" data-end=\"1137\"><span class=\"relative -mx-px my-[-0.2rem] rounded px-px py-[0.2rem] transition-colors duration-100 ease-in-out\">Este suplemento es adecuado para adultos que desean mejorar la salud de su piel y articulaciones y reforzar su sistema inmunitario.<\/span> <span class=\"relative -mx-px my-[-0.2rem] rounded px-px py-[0.2rem] transition-colors duration-100 ease-in-out\">Est\u00e1 especialmente recomendado para personas con signos de envejecimiento cut\u00e1neo, molestias articulares o que buscan un suplemento natural para mejorar el bienestar general.<\/span><\/p>\n<p style=\"text-align: left;\" data-start=\"1019\" data-end=\"1137\"><strong>Presentaci\u00f3n:<\/strong><\/p>\n<p style=\"text-align: left;\" data-start=\"1019\" data-end=\"1137\">420gr<\/p>\n<p style=\"text-align: left;\" data-start=\"1019\" data-end=\"1137\">\n","protected":false},"excerpt":{"rendered":"<p>Bebida Antiox Lim\u00f3n y Naranja &#8211; Collagenova es un suplemento que mejora la salud de la piel y las articulaciones y refuerza el sistema inmunitario. [&#8230;]<\/p>\n<p><a class=\"btn btn-secondary understrap-read-more-link\" href=\"https:\/\/www.lifenatura.com\/es\/produto\/bebida-antioxidante-de-limon-y-naranja-collagenova\/\">Leer m\u00e1s&#8230;<span class=\"screen-reader-text\"> from Bebida antioxidante de lim\u00f3n y naranja &#8211; Collagenova<\/span><\/a><\/p>\n","protected":false},"featured_media":112101,"template":"","meta":{"_acf_changed":false},"product_brand":[8549],"product_cat":[7236,7205,7239,7179,7883],"product_tag":[],"class_list":{"0":"post-114547","1":"product","2":"type-product","3":"status-publish","4":"has-post-thumbnail","6":"product_brand-colagenova","7":"product_cat-antioxidantes-salud","8":"product_cat-articulaciones","9":"product_cat-cuidado-de-la-piel","10":"product_cat-salud","11":"product_cat-suplementos-alimenticios","13":"first","14":"instock","15":"featured","16":"shipping-taxable","17":"purchasable","18":"product-type-simple","19":"add-to-wishlist-before_image"},"acf":[],"yoast_head":"<!-- This site is optimized with the Yoast SEO Premium plugin v27.1 (Yoast SEO v27.3) - https:\/\/yoast.com\/product\/yoast-seo-premium-wordpress\/ -->\n<title>Bebida antioxidante de lim\u00f3n y naranja - Collagenova - Lifenatura<\/title>\n<meta name=\"description\" content=\"Bebida Antiox Lim\u00f3n y Naranja - Collagenova es un suplemento que mejora la salud de la piel y las articulaciones y refuerza el sistema inmunitario.\" \/>\n<meta name=\"robots\" content=\"index, follow, max-snippet:-1, max-image-preview:large, max-video-preview:-1\" \/>\n<link rel=\"canonical\" href=\"https:\/\/www.lifenatura.com\/es\/produto\/bebida-antioxidante-de-limon-y-naranja-collagenova\/\" \/>\n<meta property=\"og:locale\" content=\"es_ES\" \/>\n<meta property=\"og:type\" content=\"article\" \/>\n<meta property=\"og:title\" content=\"Bebida antioxidante de lim\u00f3n y naranja - Collagenova - Lifenatura\" \/>\n<meta property=\"og:description\" content=\"Compre aqui o seu Bebida antioxidante de lim\u00f3n y naranja - Collagenova e a Lifenatura Online envia em 48 H com Portes Gratis &gt;35\u20ac de Pedido.\" \/>\n<meta property=\"og:url\" content=\"https:\/\/www.lifenatura.com\/es\/produto\/bebida-antioxidante-de-limon-y-naranja-collagenova\/\" \/>\n<meta property=\"og:site_name\" content=\"Lifenatura\" \/>\n<meta property=\"article:publisher\" content=\"https:\/\/www.facebook.com\/lifenatura\" \/>\n<meta property=\"article:modified_time\" content=\"2026-04-05T00:51:49+00:00\" \/>\n<meta property=\"og:image\" content=\"https:\/\/www.lifenatura.com\/wp-content\/uploads\/2025\/05\/bebida-antioxidante-limao-laranja-colagenova.jpg\" \/>\n\t<meta property=\"og:image:width\" content=\"1000\" \/>\n\t<meta property=\"og:image:height\" content=\"1000\" \/>\n\t<meta property=\"og:image:type\" content=\"image\/jpeg\" \/>\n<meta name=\"twitter:card\" content=\"summary_large_image\" \/>\n<meta name=\"twitter:label1\" content=\"Precio\" \/>\n\t<meta name=\"twitter:data1\" content=\"21,00&nbsp;&euro;\" \/>\n\t<meta name=\"twitter:label2\" content=\"Disponibilidad\" \/>\n\t<meta name=\"twitter:data2\" content=\"Disponible\" \/>\n<meta property=\"product:price:amount\" content=\"21.00\" \/>\n<meta property=\"product:price:currency\" content=\"EUR\" \/>\n<meta property=\"og:availability\" content=\"instock\" \/>\n<meta property=\"product:availability\" content=\"instock\" \/>\n<meta property=\"product:retailer_item_id\" content=\"8437007166057\" \/>\n<meta property=\"product:condition\" content=\"new\" \/>\n<!-- \/ Yoast SEO Premium plugin. -->","yoast_head_json":{"title":"Bebida antioxidante de lim\u00f3n y naranja - Collagenova - Lifenatura","description":"Bebida Antiox Lim\u00f3n y Naranja - Collagenova es un suplemento que mejora la salud de la piel y las articulaciones y refuerza el sistema inmunitario.","robots":{"index":"index","follow":"follow","max-snippet":"max-snippet:-1","max-image-preview":"max-image-preview:large","max-video-preview":"max-video-preview:-1"},"canonical":"https:\/\/www.lifenatura.com\/es\/produto\/bebida-antioxidante-de-limon-y-naranja-collagenova\/","og_locale":"es_ES","og_type":"article","og_title":"Bebida antioxidante de lim\u00f3n y naranja - Collagenova - Lifenatura","og_description":"Compre aqui o seu Bebida antioxidante de lim\u00f3n y naranja - Collagenova e a Lifenatura Online envia em 48 H com Portes Gratis >35\u20ac de Pedido.","og_url":"https:\/\/www.lifenatura.com\/es\/produto\/bebida-antioxidante-de-limon-y-naranja-collagenova\/","og_site_name":"Lifenatura","article_publisher":"https:\/\/www.facebook.com\/lifenatura","article_modified_time":"2026-04-05T00:51:49+00:00","og_image":[{"width":1000,"height":1000,"url":"https:\/\/www.lifenatura.com\/wp-content\/uploads\/2025\/05\/bebida-antioxidante-limao-laranja-colagenova.jpg","type":"image\/jpeg"}],"twitter_card":"summary_large_image","twitter_misc":{"Precio":"21,00&nbsp;&euro;","Disponibilidad":"Disponible"},"schema":{"@context":"https:\/\/schema.org","@graph":[{"@type":"WebPage","@id":"https:\/\/www.lifenatura.com\/es\/produto\/bebida-antioxidante-de-limon-y-naranja-collagenova\/","url":"https:\/\/www.lifenatura.com\/es\/produto\/bebida-antioxidante-de-limon-y-naranja-collagenova\/","name":"Bebida antioxidante de lim\u00f3n y naranja - Collagenova - Lifenatura","isPartOf":{"@id":"https:\/\/www.lifenatura.com\/es\/#website"},"primaryImageOfPage":{"@id":"https:\/\/www.lifenatura.com\/es\/produto\/bebida-antioxidante-de-limon-y-naranja-collagenova\/#primaryimage"},"image":{"@id":"https:\/\/www.lifenatura.com\/es\/produto\/bebida-antioxidante-de-limon-y-naranja-collagenova\/#primaryimage"},"thumbnailUrl":"https:\/\/www.lifenatura.com\/wp-content\/uploads\/2025\/05\/bebida-antioxidante-limao-laranja-colagenova.jpg","datePublished":"2025-05-20T16:09:46+00:00","dateModified":"2026-04-05T00:51:49+00:00","description":"Bebida Antiox Lim\u00f3n y Naranja - Collagenova es un suplemento que mejora la salud de la piel y las articulaciones y refuerza el sistema inmunitario.","breadcrumb":{"@id":"https:\/\/www.lifenatura.com\/es\/produto\/bebida-antioxidante-de-limon-y-naranja-collagenova\/#breadcrumb"},"inLanguage":"es","potentialAction":[{"@type":"ReadAction","target":["https:\/\/www.lifenatura.com\/es\/produto\/bebida-antioxidante-de-limon-y-naranja-collagenova\/"]}]},{"@type":"ImageObject","inLanguage":"es","@id":"https:\/\/www.lifenatura.com\/es\/produto\/bebida-antioxidante-de-limon-y-naranja-collagenova\/#primaryimage","url":"https:\/\/www.lifenatura.com\/wp-content\/uploads\/2025\/05\/bebida-antioxidante-limao-laranja-colagenova.jpg","contentUrl":"https:\/\/www.lifenatura.com\/wp-content\/uploads\/2025\/05\/bebida-antioxidante-limao-laranja-colagenova.jpg","width":1000,"height":1000,"caption":"Bebida antioxidante Collagenova"},{"@type":"BreadcrumbList","@id":"https:\/\/www.lifenatura.com\/es\/produto\/bebida-antioxidante-de-limon-y-naranja-collagenova\/#breadcrumb","itemListElement":[{"@type":"ListItem","position":1,"name":"In\u00edcio","item":"https:\/\/www.lifenatura.com\/es\/"},{"@type":"ListItem","position":2,"name":"Todos los Productos","item":"https:\/\/www.lifenatura.com\/es\/tienda\/"},{"@type":"ListItem","position":3,"name":"Bebida antioxidante de lim\u00f3n y naranja &#8211; Collagenova"}]},{"@type":"WebSite","@id":"https:\/\/www.lifenatura.com\/es\/#website","url":"https:\/\/www.lifenatura.com\/es\/","name":"Lifenatura","description":"A Lifenatura \u00e9 uma loja de produtos naturais, cosm\u00e9tica natural e alimenta\u00e7\u00e3o Biol\u00f3gica.","publisher":{"@id":"https:\/\/www.lifenatura.com\/es\/#organization"},"potentialAction":[{"@type":"SearchAction","target":{"@type":"EntryPoint","urlTemplate":"https:\/\/www.lifenatura.com\/es\/?s={search_term_string}"},"query-input":{"@type":"PropertyValueSpecification","valueRequired":true,"valueName":"search_term_string"}}],"inLanguage":"es"},{"@type":"Organization","@id":"https:\/\/www.lifenatura.com\/es\/#organization","name":"Lifenatura","url":"https:\/\/www.lifenatura.com\/es\/","logo":{"@type":"ImageObject","inLanguage":"es","@id":"https:\/\/www.lifenatura.com\/es\/#\/schema\/logo\/image\/","url":"https:\/\/www.lifenatura.com\/wp-content\/uploads\/2021\/11\/logo.png","contentUrl":"https:\/\/www.lifenatura.com\/wp-content\/uploads\/2021\/11\/logo.png","width":175,"height":55,"caption":"Lifenatura"},"image":{"@id":"https:\/\/www.lifenatura.com\/es\/#\/schema\/logo\/image\/"},"sameAs":["https:\/\/www.facebook.com\/lifenatura","https:\/\/www.instagram.com\/lifenaturapt\/"]}]},"product_price_amount":"21.00","product_price_currency":"EUR","og_availability":"instock","product_availability":"instock","product_retailer_item_id":"8437007166057","product_condition":"new"},"df_price":21,"df_sale_price":17.85,"df_regular_price":21,"df_image_link":"https:\/\/www.lifenatura.com\/wp-content\/uploads\/2025\/05\/bebida-antioxidante-limao-laranja-colagenova-300x300.jpg","_links":{"self":[{"href":"https:\/\/www.lifenatura.com\/es\/wp-json\/wp\/v2\/product\/114547","targetHints":{"allow":["GET"]}}],"collection":[{"href":"https:\/\/www.lifenatura.com\/es\/wp-json\/wp\/v2\/product"}],"about":[{"href":"https:\/\/www.lifenatura.com\/es\/wp-json\/wp\/v2\/types\/product"}],"wp:featuredmedia":[{"embeddable":true,"href":"https:\/\/www.lifenatura.com\/es\/wp-json\/wp\/v2\/media\/112101"}],"wp:attachment":[{"href":"https:\/\/www.lifenatura.com\/es\/wp-json\/wp\/v2\/media?parent=114547"}],"wp:term":[{"taxonomy":"product_brand","embeddable":true,"href":"https:\/\/www.lifenatura.com\/es\/wp-json\/wp\/v2\/product_brand?post=114547"},{"taxonomy":"product_cat","embeddable":true,"href":"https:\/\/www.lifenatura.com\/es\/wp-json\/wp\/v2\/product_cat?post=114547"},{"taxonomy":"product_tag","embeddable":true,"href":"https:\/\/www.lifenatura.com\/es\/wp-json\/wp\/v2\/product_tag?post=114547"}],"curies":[{"name":"wp","href":"https:\/\/api.w.org\/{rel}","templated":true}]}}