{"id":114538,"date":"2025-05-13T14:03:54","date_gmt":"2025-05-13T14:03:54","guid":{"rendered":"https:\/\/www.lifenatura.com\/produto\/canela-de-ceilan-en-polvo-bio-125-g-salud-viva\/"},"modified":"2025-07-09T23:20:45","modified_gmt":"2025-07-09T23:20:45","slug":"canela-de-ceilan-en-polvo-bio-125-g-salud-viva","status":"publish","type":"product","link":"https:\/\/www.lifenatura.com\/es\/produto\/canela-de-ceilan-en-polvo-bio-125-g-salud-viva\/","title":{"rendered":"Canela de Ceil\u00e1n en Polvo Bio 125 g &#8211; Salud Viva"},"content":{"rendered":"<h2 data-start=\"244\" data-end=\"286\"><strong>Canela de Ceil\u00e1n en Polvo Bio &#8211; Salud Viva<\/strong><\/h2>\n<p>&nbsp;<\/p>\n<p data-start=\"321\" data-end=\"471\"><span class=\"relative -mx-px my-[-0.2rem] rounded px-px py-[0.2rem] transition-colors duration-100 ease-in-out\"><strong data-start=\"2\" data-end=\"32\">La Canela de Ceil\u00e1n Ecol\u00f3gica en Polvo<\/strong> de <strong data-start=\"42\" data-end=\"56\">Salud<\/strong> Viva es una especia ecol\u00f3gica procedente de la corteza interna del \u00e1rbol Cinnamomum verum, cultivado de forma sostenible en Sri Lanka.<\/span><\/p>\n<p data-start=\"321\" data-end=\"471\"><span class=\"relative -mx-px my-[-0.2rem] rounded px-px py-[0.2rem] transition-colors duration-100 ease-in-out\">Conocida como &#8220;canela verdadera&#8221;, se distingue por su textura fina, sabor suave y aroma dulce, y es m\u00e1s delicada y segura para el consumo diario que la variedad Cassia, que contiene altos niveles de cumarina, una sustancia potencialmente t\u00f3xica para el h\u00edgado y los ri\u00f1ones.<\/span><\/p>\n<p data-start=\"473\" data-end=\"499\"><strong data-start=\"473\" data-end=\"499\">Principales ventajas:<\/strong><\/p>\n<ul data-start=\"501\" data-end=\"1108\">\n<li data-start=\"501\" data-end=\"653\">\n<p data-start=\"503\" data-end=\"653\"><strong data-start=\"503\" data-end=\"534\">Propiedades antioxidantes:<\/strong> <span class=\"relative -mx-px my-[-0.2rem] rounded px-px py-[0.2rem] transition-colors duration-100 ease-in-out\">La canela de Ceil\u00e1n es rica en polifenoles y flavonoides, compuestos que ayudan a combatir los radicales libres y previenen el envejecimiento celular.<\/span><\/p>\n<\/li>\n<li data-start=\"655\" data-end=\"802\">\n<p data-start=\"657\" data-end=\"802\"><strong data-start=\"657\" data-end=\"683\">Regulaci\u00f3n de la glucemia:<\/strong> <span class=\"relative -mx-px my-[-0.2rem] rounded px-px py-[0.2rem] transition-colors duration-100 ease-in-out\">Los estudios indican que la canela de Ceil\u00e1n puede ayudar a reducir los niveles de az\u00facar en sangre y mejorar la sensibilidad a la insulina, por lo que es beneficiosa para las personas con diabetes de tipo 2.<\/span><\/p>\n<\/li>\n<li data-start=\"804\" data-end=\"961\">\n<p data-start=\"806\" data-end=\"961\"><strong data-start=\"806\" data-end=\"842\">Propiedades antiinflamatorias:<\/strong> <span class=\"relative -mx-px my-[-0.2rem] rounded px-px py-[0.2rem] transition-colors duration-100 ease-in-out\">Ayuda a reducir la inflamaci\u00f3n del organismo y puede aliviar los s\u00edntomas de las enfermedades inflamatorias.<\/span><\/p>\n<\/li>\n<li data-start=\"963\" data-end=\"1108\">\n<p data-start=\"965\" data-end=\"1108\"><strong data-start=\"965\" data-end=\"989\">Mejora la digesti\u00f3n:<\/strong> <span class=\"relative -mx-px my-[-0.2rem] rounded px-px py-[0.2rem] transition-colors duration-100 ease-in-out\">La canela de Ceil\u00e1n puede aliviar problemas digestivos como la indigesti\u00f3n y la flatulencia, favoreciendo una digesti\u00f3n sana.<\/span><\/p>\n<\/li>\n<\/ul>\n<p data-start=\"1110\" data-end=\"1124\"><strong data-start=\"1110\" data-end=\"1124\">Indicaci\u00f3n:<\/strong><\/p>\n<p data-start=\"1126\" data-end=\"1284\"><span class=\"relative -mx-px my-[-0.2rem] rounded px-px py-[0.2rem] transition-colors duration-100 ease-in-out\">Este producto es adecuado para adultos que deseen incorporar una especia sana y sabrosa a su dieta diaria.<\/span> <span class=\"relative -mx-px my-[-0.2rem] rounded px-px py-[0.2rem] transition-colors duration-100 ease-in-out\">Est\u00e1 especialmente indicado para las personas que buscan alternativas naturales para mejorar la salud digestiva, controlar los niveles de az\u00facar en sangre y beneficiarse de las propiedades antioxidantes.<\/span><\/p>\n<p data-start=\"1126\" data-end=\"1284\"><span class=\"relative -mx-px my-[-0.2rem] rounded px-px py-[0.2rem] transition-colors duration-100 ease-in-out\">Apto para veganos y personas con dietas sin gluten.<\/span><\/p>\n<p data-start=\"1126\" data-end=\"1284\"><strong>PRESENTACI\u00d3N<\/strong><\/p>\n<p data-start=\"1126\" data-end=\"1284\">125g<\/p>\n<p data-start=\"1126\" data-end=\"1284\">\n","protected":false},"excerpt":{"rendered":"<p><strong data-start=\"2\" data-end=\"45\">La Canela de Ceil\u00e1n Ecol\u00f3gica en Polvo &#8211; Salud Viva<\/strong> es una especia ecol\u00f3gica rica en antioxidantes, con propiedades antiinflamatorias y beneficios digestivos. [&#8230;]<\/p>\n<p><a class=\"btn btn-secondary understrap-read-more-link\" href=\"https:\/\/www.lifenatura.com\/es\/produto\/canela-de-ceilan-en-polvo-bio-125-g-salud-viva\/\">Leer m\u00e1s&#8230;<span class=\"screen-reader-text\"> from Canela de Ceil\u00e1n en Polvo Bio 125 g &#8211; Salud Viva<\/span><\/a><\/p>\n","protected":false},"featured_media":111557,"template":"","meta":{"_acf_changed":false},"product_brand":[8295],"product_cat":[7064,7083,7074],"product_tag":[],"class_list":{"0":"post-114538","1":"product","2":"type-product","3":"status-publish","4":"has-post-thumbnail","6":"product_brand-salud-viva","7":"product_cat-alimentacion-sana","8":"product_cat-especias","9":"product_cat-productos-alimenticios","11":"first","12":"instock","13":"shipping-taxable","14":"purchasable","15":"product-type-simple","16":"add-to-wishlist-before_image"},"acf":[],"yoast_head":"<!-- This site is optimized with the Yoast SEO Premium plugin v27.1 (Yoast SEO v27.5) - https:\/\/yoast.com\/product\/yoast-seo-premium-wordpress\/ -->\n<title>Canela de Ceil\u00e1n en Polvo Bio 125 g - Salud Viva - Na Lifenatura ao Melhor Pre\u00e7o | Envio em 48h<\/title>\n<meta name=\"description\" content=\"Canela de Ceil\u00e1n Ecol\u00f3gica en Polvo - Salud Viva es una especia ecol\u00f3gica rica en antioxidantes, con propiedades antiinflamatorias y beneficios digestivos\" \/>\n<meta name=\"robots\" content=\"index, follow, max-snippet:-1, max-image-preview:large, max-video-preview:-1\" \/>\n<link rel=\"canonical\" href=\"https:\/\/www.lifenatura.com\/es\/produto\/canela-de-ceilan-en-polvo-bio-125-g-salud-viva\/\" \/>\n<meta property=\"og:locale\" content=\"es_ES\" \/>\n<meta property=\"og:type\" content=\"article\" \/>\n<meta property=\"og:title\" content=\"Canela de Ceil\u00e1n en Polvo Bio 125 g - Salud Viva - Na Lifenatura ao Melhor Pre\u00e7o | Envio 48h\" \/>\n<meta property=\"og:description\" content=\"Compre Canela de Ceil\u00e1n en Polvo Bio 125 g - Salud Viva com envio r\u00e1pido. Entrega em 48h e portes gr\u00e1tis em compras &gt;35\u20ac. Aproveite j\u00e1 na Lifenatura\" \/>\n<meta property=\"og:url\" content=\"https:\/\/www.lifenatura.com\/es\/produto\/canela-de-ceilan-en-polvo-bio-125-g-salud-viva\/\" \/>\n<meta property=\"og:site_name\" content=\"Lifenatura\" \/>\n<meta property=\"article:publisher\" content=\"https:\/\/www.facebook.com\/lifenatura\" \/>\n<meta property=\"article:modified_time\" content=\"2025-07-09T23:20:45+00:00\" \/>\n<meta property=\"og:image\" content=\"https:\/\/www.lifenatura.com\/wp-content\/uploads\/2025\/05\/canela-de-ceilan-125g-salud-viva.jpg\" \/>\n\t<meta property=\"og:image:width\" content=\"1000\" \/>\n\t<meta property=\"og:image:height\" content=\"1000\" \/>\n\t<meta property=\"og:image:type\" content=\"image\/jpeg\" \/>\n<meta name=\"twitter:card\" content=\"summary_large_image\" \/>\n<meta name=\"twitter:label1\" content=\"Precio\" \/>\n\t<meta name=\"twitter:data1\" content=\"7,89&nbsp;&euro;\" \/>\n\t<meta name=\"twitter:label2\" content=\"Disponibilidad\" \/>\n\t<meta name=\"twitter:data2\" content=\"Disponible\" \/>\n<script type=\"application\/ld+json\" class=\"yoast-schema-graph\">{\"@context\":\"https:\\\/\\\/schema.org\",\"@graph\":[{\"@type\":\"WebPage\",\"@id\":\"https:\\\/\\\/www.lifenatura.com\\\/es\\\/produto\\\/canela-de-ceilan-en-polvo-bio-125-g-salud-viva\\\/\",\"url\":\"https:\\\/\\\/www.lifenatura.com\\\/es\\\/produto\\\/canela-de-ceilan-en-polvo-bio-125-g-salud-viva\\\/\",\"name\":\"Canela de Ceil\u00e1n en Polvo Bio 125 g - Salud Viva - Na Lifenatura ao Melhor Pre\u00e7o | Envio em 48h\",\"isPartOf\":{\"@id\":\"https:\\\/\\\/www.lifenatura.com\\\/es\\\/#website\"},\"primaryImageOfPage\":{\"@id\":\"https:\\\/\\\/www.lifenatura.com\\\/es\\\/produto\\\/canela-de-ceilan-en-polvo-bio-125-g-salud-viva\\\/#primaryimage\"},\"image\":{\"@id\":\"https:\\\/\\\/www.lifenatura.com\\\/es\\\/produto\\\/canela-de-ceilan-en-polvo-bio-125-g-salud-viva\\\/#primaryimage\"},\"thumbnailUrl\":\"https:\\\/\\\/www.lifenatura.com\\\/wp-content\\\/uploads\\\/2025\\\/05\\\/canela-de-ceilan-125g-salud-viva.jpg\",\"datePublished\":\"2025-05-13T14:03:54+00:00\",\"dateModified\":\"2025-07-09T23:20:45+00:00\",\"description\":\"Canela de Ceil\u00e1n Ecol\u00f3gica en Polvo - Salud Viva es una especia ecol\u00f3gica rica en antioxidantes, con propiedades antiinflamatorias y beneficios digestivos\",\"breadcrumb\":{\"@id\":\"https:\\\/\\\/www.lifenatura.com\\\/es\\\/produto\\\/canela-de-ceilan-en-polvo-bio-125-g-salud-viva\\\/#breadcrumb\"},\"inLanguage\":\"es\",\"potentialAction\":[{\"@type\":\"ReadAction\",\"target\":[\"https:\\\/\\\/www.lifenatura.com\\\/es\\\/produto\\\/canela-de-ceilan-en-polvo-bio-125-g-salud-viva\\\/\"]}]},{\"@type\":\"ImageObject\",\"inLanguage\":\"es\",\"@id\":\"https:\\\/\\\/www.lifenatura.com\\\/es\\\/produto\\\/canela-de-ceilan-en-polvo-bio-125-g-salud-viva\\\/#primaryimage\",\"url\":\"https:\\\/\\\/www.lifenatura.com\\\/wp-content\\\/uploads\\\/2025\\\/05\\\/canela-de-ceilan-125g-salud-viva.jpg\",\"contentUrl\":\"https:\\\/\\\/www.lifenatura.com\\\/wp-content\\\/uploads\\\/2025\\\/05\\\/canela-de-ceilan-125g-salud-viva.jpg\",\"width\":1000,\"height\":1000},{\"@type\":\"BreadcrumbList\",\"@id\":\"https:\\\/\\\/www.lifenatura.com\\\/es\\\/produto\\\/canela-de-ceilan-en-polvo-bio-125-g-salud-viva\\\/#breadcrumb\",\"itemListElement\":[{\"@type\":\"ListItem\",\"position\":1,\"name\":\"In\u00edcio\",\"item\":\"https:\\\/\\\/www.lifenatura.com\\\/es\\\/\"},{\"@type\":\"ListItem\",\"position\":2,\"name\":\"Todos los Productos\",\"item\":\"https:\\\/\\\/www.lifenatura.com\\\/es\\\/tienda\\\/\"},{\"@type\":\"ListItem\",\"position\":3,\"name\":\"Canela de Ceil\u00e1n en Polvo Bio 125 g &#8211; Salud Viva\"}]},{\"@type\":\"WebSite\",\"@id\":\"https:\\\/\\\/www.lifenatura.com\\\/es\\\/#website\",\"url\":\"https:\\\/\\\/www.lifenatura.com\\\/es\\\/\",\"name\":\"Lifenatura\",\"description\":\"A Lifenatura \u00e9 uma loja de produtos naturais, cosm\u00e9tica natural e alimenta\u00e7\u00e3o Biol\u00f3gica.\",\"publisher\":{\"@id\":\"https:\\\/\\\/www.lifenatura.com\\\/es\\\/#organization\"},\"potentialAction\":[{\"@type\":\"SearchAction\",\"target\":{\"@type\":\"EntryPoint\",\"urlTemplate\":\"https:\\\/\\\/www.lifenatura.com\\\/es\\\/?s={search_term_string}\"},\"query-input\":{\"@type\":\"PropertyValueSpecification\",\"valueRequired\":true,\"valueName\":\"search_term_string\"}}],\"inLanguage\":\"es\"},{\"@type\":\"Organization\",\"@id\":\"https:\\\/\\\/www.lifenatura.com\\\/es\\\/#organization\",\"name\":\"Lifenatura\",\"url\":\"https:\\\/\\\/www.lifenatura.com\\\/es\\\/\",\"logo\":{\"@type\":\"ImageObject\",\"inLanguage\":\"es\",\"@id\":\"https:\\\/\\\/www.lifenatura.com\\\/es\\\/#\\\/schema\\\/logo\\\/image\\\/\",\"url\":\"https:\\\/\\\/www.lifenatura.com\\\/wp-content\\\/uploads\\\/2021\\\/07\\\/logo.png\",\"contentUrl\":\"https:\\\/\\\/www.lifenatura.com\\\/wp-content\\\/uploads\\\/2021\\\/07\\\/logo.png\",\"width\":175,\"height\":55,\"caption\":\"Lifenatura\"},\"image\":{\"@id\":\"https:\\\/\\\/www.lifenatura.com\\\/es\\\/#\\\/schema\\\/logo\\\/image\\\/\"},\"sameAs\":[\"https:\\\/\\\/www.facebook.com\\\/lifenatura\",\"https:\\\/\\\/www.instagram.com\\\/lifenaturapt\\\/\"],\"hasMerchantReturnPolicy\":{\"@type\":\"MerchantReturnPolicy\",\"merchantReturnLink\":\"https:\\\/\\\/www.lifenatura.com\\\/termos-condicoes-lifenatura\\\/\"}}]}<\/script>\n<meta property=\"product:price:amount\" content=\"7.89\" \/>\n<meta property=\"product:price:currency\" content=\"EUR\" \/>\n<meta property=\"og:availability\" content=\"instock\" \/>\n<meta property=\"product:availability\" content=\"instock\" \/>\n<meta property=\"product:retailer_item_id\" content=\"15540000007\" \/>\n<meta property=\"product:condition\" content=\"new\" \/>\n<!-- \/ Yoast SEO Premium plugin. -->","yoast_head_json":{"title":"Canela de Ceil\u00e1n en Polvo Bio 125 g - Salud Viva - Na Lifenatura ao Melhor Pre\u00e7o | Envio em 48h","description":"Canela de Ceil\u00e1n Ecol\u00f3gica en Polvo - Salud Viva es una especia ecol\u00f3gica rica en antioxidantes, con propiedades antiinflamatorias y beneficios digestivos","robots":{"index":"index","follow":"follow","max-snippet":"max-snippet:-1","max-image-preview":"max-image-preview:large","max-video-preview":"max-video-preview:-1"},"canonical":"https:\/\/www.lifenatura.com\/es\/produto\/canela-de-ceilan-en-polvo-bio-125-g-salud-viva\/","og_locale":"es_ES","og_type":"article","og_title":"Canela de Ceil\u00e1n en Polvo Bio 125 g - Salud Viva - Na Lifenatura ao Melhor Pre\u00e7o | Envio 48h","og_description":"Compre Canela de Ceil\u00e1n en Polvo Bio 125 g - Salud Viva com envio r\u00e1pido. Entrega em 48h e portes gr\u00e1tis em compras >35\u20ac. Aproveite j\u00e1 na Lifenatura","og_url":"https:\/\/www.lifenatura.com\/es\/produto\/canela-de-ceilan-en-polvo-bio-125-g-salud-viva\/","og_site_name":"Lifenatura","article_publisher":"https:\/\/www.facebook.com\/lifenatura","article_modified_time":"2025-07-09T23:20:45+00:00","og_image":[{"width":1000,"height":1000,"url":"https:\/\/www.lifenatura.com\/wp-content\/uploads\/2025\/05\/canela-de-ceilan-125g-salud-viva.jpg","type":"image\/jpeg"}],"twitter_card":"summary_large_image","twitter_misc":{"Precio":"7,89&nbsp;&euro;","Disponibilidad":"Disponible"},"schema":{"@context":"https:\/\/schema.org","@graph":[{"@type":"WebPage","@id":"https:\/\/www.lifenatura.com\/es\/produto\/canela-de-ceilan-en-polvo-bio-125-g-salud-viva\/","url":"https:\/\/www.lifenatura.com\/es\/produto\/canela-de-ceilan-en-polvo-bio-125-g-salud-viva\/","name":"Canela de Ceil\u00e1n en Polvo Bio 125 g - Salud Viva - Na Lifenatura ao Melhor Pre\u00e7o | Envio em 48h","isPartOf":{"@id":"https:\/\/www.lifenatura.com\/es\/#website"},"primaryImageOfPage":{"@id":"https:\/\/www.lifenatura.com\/es\/produto\/canela-de-ceilan-en-polvo-bio-125-g-salud-viva\/#primaryimage"},"image":{"@id":"https:\/\/www.lifenatura.com\/es\/produto\/canela-de-ceilan-en-polvo-bio-125-g-salud-viva\/#primaryimage"},"thumbnailUrl":"https:\/\/www.lifenatura.com\/wp-content\/uploads\/2025\/05\/canela-de-ceilan-125g-salud-viva.jpg","datePublished":"2025-05-13T14:03:54+00:00","dateModified":"2025-07-09T23:20:45+00:00","description":"Canela de Ceil\u00e1n Ecol\u00f3gica en Polvo - Salud Viva es una especia ecol\u00f3gica rica en antioxidantes, con propiedades antiinflamatorias y beneficios digestivos","breadcrumb":{"@id":"https:\/\/www.lifenatura.com\/es\/produto\/canela-de-ceilan-en-polvo-bio-125-g-salud-viva\/#breadcrumb"},"inLanguage":"es","potentialAction":[{"@type":"ReadAction","target":["https:\/\/www.lifenatura.com\/es\/produto\/canela-de-ceilan-en-polvo-bio-125-g-salud-viva\/"]}]},{"@type":"ImageObject","inLanguage":"es","@id":"https:\/\/www.lifenatura.com\/es\/produto\/canela-de-ceilan-en-polvo-bio-125-g-salud-viva\/#primaryimage","url":"https:\/\/www.lifenatura.com\/wp-content\/uploads\/2025\/05\/canela-de-ceilan-125g-salud-viva.jpg","contentUrl":"https:\/\/www.lifenatura.com\/wp-content\/uploads\/2025\/05\/canela-de-ceilan-125g-salud-viva.jpg","width":1000,"height":1000},{"@type":"BreadcrumbList","@id":"https:\/\/www.lifenatura.com\/es\/produto\/canela-de-ceilan-en-polvo-bio-125-g-salud-viva\/#breadcrumb","itemListElement":[{"@type":"ListItem","position":1,"name":"In\u00edcio","item":"https:\/\/www.lifenatura.com\/es\/"},{"@type":"ListItem","position":2,"name":"Todos los Productos","item":"https:\/\/www.lifenatura.com\/es\/tienda\/"},{"@type":"ListItem","position":3,"name":"Canela de Ceil\u00e1n en Polvo Bio 125 g &#8211; Salud Viva"}]},{"@type":"WebSite","@id":"https:\/\/www.lifenatura.com\/es\/#website","url":"https:\/\/www.lifenatura.com\/es\/","name":"Lifenatura","description":"A Lifenatura \u00e9 uma loja de produtos naturais, cosm\u00e9tica natural e alimenta\u00e7\u00e3o Biol\u00f3gica.","publisher":{"@id":"https:\/\/www.lifenatura.com\/es\/#organization"},"potentialAction":[{"@type":"SearchAction","target":{"@type":"EntryPoint","urlTemplate":"https:\/\/www.lifenatura.com\/es\/?s={search_term_string}"},"query-input":{"@type":"PropertyValueSpecification","valueRequired":true,"valueName":"search_term_string"}}],"inLanguage":"es"},{"@type":"Organization","@id":"https:\/\/www.lifenatura.com\/es\/#organization","name":"Lifenatura","url":"https:\/\/www.lifenatura.com\/es\/","logo":{"@type":"ImageObject","inLanguage":"es","@id":"https:\/\/www.lifenatura.com\/es\/#\/schema\/logo\/image\/","url":"https:\/\/www.lifenatura.com\/wp-content\/uploads\/2021\/07\/logo.png","contentUrl":"https:\/\/www.lifenatura.com\/wp-content\/uploads\/2021\/07\/logo.png","width":175,"height":55,"caption":"Lifenatura"},"image":{"@id":"https:\/\/www.lifenatura.com\/es\/#\/schema\/logo\/image\/"},"sameAs":["https:\/\/www.facebook.com\/lifenatura","https:\/\/www.instagram.com\/lifenaturapt\/"],"hasMerchantReturnPolicy":{"@type":"MerchantReturnPolicy","merchantReturnLink":"https:\/\/www.lifenatura.com\/termos-condicoes-lifenatura\/"}}]},"product_price_amount":"7.89","product_price_currency":"EUR","og_availability":"instock","product_availability":"instock","product_retailer_item_id":"15540000007","product_condition":"new"},"df_price":7.89,"df_sale_price":"","df_regular_price":7.89,"df_image_link":"https:\/\/www.lifenatura.com\/wp-content\/uploads\/2025\/05\/canela-de-ceilan-125g-salud-viva-300x300.jpg","_links":{"self":[{"href":"https:\/\/www.lifenatura.com\/es\/wp-json\/wp\/v2\/product\/114538","targetHints":{"allow":["GET"]}}],"collection":[{"href":"https:\/\/www.lifenatura.com\/es\/wp-json\/wp\/v2\/product"}],"about":[{"href":"https:\/\/www.lifenatura.com\/es\/wp-json\/wp\/v2\/types\/product"}],"wp:featuredmedia":[{"embeddable":true,"href":"https:\/\/www.lifenatura.com\/es\/wp-json\/wp\/v2\/media\/111557"}],"wp:attachment":[{"href":"https:\/\/www.lifenatura.com\/es\/wp-json\/wp\/v2\/media?parent=114538"}],"wp:term":[{"taxonomy":"product_brand","embeddable":true,"href":"https:\/\/www.lifenatura.com\/es\/wp-json\/wp\/v2\/product_brand?post=114538"},{"taxonomy":"product_cat","embeddable":true,"href":"https:\/\/www.lifenatura.com\/es\/wp-json\/wp\/v2\/product_cat?post=114538"},{"taxonomy":"product_tag","embeddable":true,"href":"https:\/\/www.lifenatura.com\/es\/wp-json\/wp\/v2\/product_tag?post=114538"}],"curies":[{"name":"wp","href":"https:\/\/api.w.org\/{rel}","templated":true}]}}