{"id":114537,"date":"2025-05-13T14:03:53","date_gmt":"2025-05-13T14:03:53","guid":{"rendered":"https:\/\/www.lifenatura.com\/produto\/camu-camu-polvo-50g-salud-viva\/"},"modified":"2025-07-09T23:21:32","modified_gmt":"2025-07-09T23:21:32","slug":"camu-camu-polvo-50g-salud-viva","status":"publish","type":"product","link":"https:\/\/www.lifenatura.com\/es\/produto\/camu-camu-polvo-50g-salud-viva\/","title":{"rendered":"Camu Camu Polvo 50g &#8211; Salud Viva"},"content":{"rendered":"<h2 style=\"text-align: left;\" data-start=\"237\" data-end=\"272\"><strong>Polvo de Camu Camu ecol\u00f3gico, rico en vitamina C<\/strong><\/h2>\n<p>&nbsp;<\/p>\n<p data-start=\"307\" data-end=\"499\"><span class=\"relative -mx-px my-[-0.2rem] rounded px-px py-[0.2rem] transition-colors duration-100 ease-in-out\"><strong data-start=\"2\" data-end=\"25\">El Polvo de Camu Camu Ecol\u00f3gico<\/strong> de <strong data-start=\"35\" data-end=\"49\">Salud<\/strong> Viva es un superalimento de la Amazonia peruana, reconocido por ser una de las fuentes naturales m\u00e1s ricas en vitamina C.<\/span> <span class=\"relative -mx-px my-[-0.2rem] rounded px-px py-[0.2rem] transition-colors duration-100 ease-in-out\">Obtenido del fruto de la Myrciaria dubia, este polvo es 100% ecol\u00f3gico, sin aditivos ni conservantes, conservando todas las propiedades nutritivas del fruto fresco.<\/span><\/p>\n<p data-start=\"307\" data-end=\"499\"><span class=\"relative -mx-px my-[-0.2rem] rounded px-px py-[0.2rem] transition-colors duration-100 ease-in-out\">Con su sabor \u00e1cido y ligeramente amargo, es ideal para a\u00f1adir a batidos, zumos, yogures o incluso preparaciones culinarias que se benefician de su acidez natural.<\/span><\/p>\n<p data-start=\"501\" data-end=\"527\"><strong data-start=\"501\" data-end=\"527\">Principales ventajas:<\/strong><\/p>\n<ul data-start=\"529\" data-end=\"1026\">\n<li data-start=\"529\" data-end=\"681\">\n<p data-start=\"531\" data-end=\"681\"><strong data-start=\"531\" data-end=\"562\">Alto contenido en vitamina C:<\/strong> <span class=\"relative -mx-px my-[-0.2rem] rounded px-px py-[0.2rem] transition-colors duration-100 ease-in-out\">Contiene hasta 60 veces m\u00e1s vitamina C que una naranja, lo que ayuda a reforzar el sistema inmunitario.<\/span><\/p>\n<\/li>\n<li data-start=\"683\" data-end=\"795\">\n<p data-start=\"685\" data-end=\"795\"><strong data-start=\"685\" data-end=\"716\">Propiedades antioxidantes:<\/strong> <span class=\"relative -mx-px my-[-0.2rem] rounded px-px py-[0.2rem] transition-colors duration-100 ease-in-out\">Ayuda a combatir los radicales libres, protegiendo las c\u00e9lulas contra el envejecimiento prematuro.<\/span><\/p>\n<\/li>\n<li data-start=\"797\" data-end=\"914\">\n<p data-start=\"799\" data-end=\"914\"><strong data-start=\"799\" data-end=\"835\">Apoyo al metabolismo energ\u00e9tico:<\/strong> <span class=\"relative -mx-px my-[-0.2rem] rounded px-px py-[0.2rem] transition-colors duration-100 ease-in-out\">La vitamina C contribuye al metabolismo energ\u00e9tico normal y a reducir el cansancio y la fatiga.<\/span><\/p>\n<\/li>\n<li data-start=\"916\" data-end=\"1026\">\n<p data-start=\"918\" data-end=\"1026\"><strong data-start=\"918\" data-end=\"947\">Sin az\u00facares a\u00f1adidos:<\/strong> <span class=\"relative -mx-px my-[-0.2rem] rounded px-px py-[0.2rem] transition-colors duration-100 ease-in-out\">Producto natural sin az\u00facares a\u00f1adidos, conservantes ni aditivos artificiales.<\/span><\/p>\n<\/li>\n<\/ul>\n<p data-start=\"1028\" data-end=\"1042\"><strong data-start=\"1028\" data-end=\"1042\">Indicaci\u00f3n:<\/strong><\/p>\n<p data-start=\"1044\" data-end=\"1162\"><span class=\"relative -mx-px my-[-0.2rem] rounded px-px py-[0.2rem] transition-colors duration-100 ease-in-out\">Este producto es adecuado para adultos que deseen reforzar su sistema inmunitario, combatir la fatiga diaria e incorporar un potente antioxidante a su dieta.<\/span> <span class=\"relative -mx-px my-[-0.2rem] rounded px-px py-[0.2rem] transition-colors duration-100 ease-in-out\">Est\u00e1 especialmente indicado para veganos, vegetarianos y personas con intolerancia al gluten o a la lactosa.<\/span><\/p>\n<p data-start=\"1044\" data-end=\"1162\">Es una de las mayores fuentes reconocidas de vitamina C, por lo que su poder antioxidante es muy elevado, junto con su alto contenido en amino\u00e1cidos.<\/p>\n<p data-start=\"1044\" data-end=\"1162\"><strong>PRESENTACI\u00d3N<\/strong><\/p>\n<p data-start=\"1044\" data-end=\"1162\">50g<\/p>\n<p data-start=\"1044\" data-end=\"1162\">\n","protected":false},"excerpt":{"rendered":"<p><strong data-start=\"2\" data-end=\"38\">El Camu Camu en Polvo Bio &#8211; Salud Viva<\/strong> es un superalimento natural, rico en vitamina C, que refuerza el sistema inmunitario y combate el cansancio diario. [&#8230;]<\/p>\n<p><a class=\"btn btn-secondary understrap-read-more-link\" href=\"https:\/\/www.lifenatura.com\/es\/produto\/camu-camu-polvo-50g-salud-viva\/\">Leer m\u00e1s&#8230;<span class=\"screen-reader-text\"> from Camu Camu Polvo 50g &#8211; Salud Viva<\/span><\/a><\/p>\n","protected":false},"featured_media":111549,"template":"","meta":{"_acf_changed":false},"product_brand":[8295],"product_cat":[7064,7100],"product_tag":[],"class_list":{"0":"post-114537","1":"product","2":"type-product","3":"status-publish","4":"has-post-thumbnail","6":"product_brand-salud-viva","7":"product_cat-alimentacion-sana","8":"product_cat-superalimentos-bio","10":"first","11":"instock","12":"shipping-taxable","13":"purchasable","14":"product-type-simple","15":"add-to-wishlist-before_image"},"acf":[],"yoast_head":"<!-- This site is optimized with the Yoast SEO Premium plugin v27.1 (Yoast SEO v27.5) - https:\/\/yoast.com\/product\/yoast-seo-premium-wordpress\/ -->\n<title>Camu Camu Polvo 50g - Salud Viva - Na Lifenatura ao Melhor Pre\u00e7o | Envio em 48h<\/title>\n<meta name=\"description\" content=\"El Camu Camu en Polvo Bio - Salud Viva es un superalimento natural, rico en vitamina C, que refuerza el sistema inmunitario y combate el cansancio diario.\" \/>\n<meta name=\"robots\" content=\"index, follow, max-snippet:-1, max-image-preview:large, max-video-preview:-1\" \/>\n<link rel=\"canonical\" href=\"https:\/\/www.lifenatura.com\/es\/produto\/camu-camu-polvo-50g-salud-viva\/\" \/>\n<meta property=\"og:locale\" content=\"es_ES\" \/>\n<meta property=\"og:type\" content=\"article\" \/>\n<meta property=\"og:title\" content=\"Camu Camu Polvo 50g - Salud Viva - Na Lifenatura ao Melhor Pre\u00e7o | Envio 48h\" \/>\n<meta property=\"og:description\" content=\"Compre Camu Camu Polvo 50g - Salud Viva com envio r\u00e1pido. Entrega em 48h e portes gr\u00e1tis em compras &gt;35\u20ac. Aproveite j\u00e1 na Lifenatura\" \/>\n<meta property=\"og:url\" content=\"https:\/\/www.lifenatura.com\/es\/produto\/camu-camu-polvo-50g-salud-viva\/\" \/>\n<meta property=\"og:site_name\" content=\"Lifenatura\" \/>\n<meta property=\"article:publisher\" content=\"https:\/\/www.facebook.com\/lifenatura\" \/>\n<meta property=\"article:modified_time\" content=\"2025-07-09T23:21:32+00:00\" \/>\n<meta property=\"og:image\" content=\"https:\/\/www.lifenatura.com\/wp-content\/uploads\/2025\/05\/camu-camu-50g-salud-viva.jpg\" \/>\n\t<meta property=\"og:image:width\" content=\"1000\" \/>\n\t<meta property=\"og:image:height\" content=\"1000\" \/>\n\t<meta property=\"og:image:type\" content=\"image\/jpeg\" \/>\n<meta name=\"twitter:card\" content=\"summary_large_image\" \/>\n<meta name=\"twitter:label1\" content=\"Precio\" \/>\n\t<meta name=\"twitter:data1\" content=\"10,41&nbsp;&euro;\" \/>\n\t<meta name=\"twitter:label2\" content=\"Disponibilidad\" \/>\n\t<meta name=\"twitter:data2\" content=\"Disponible\" \/>\n<script type=\"application\/ld+json\" class=\"yoast-schema-graph\">{\"@context\":\"https:\\\/\\\/schema.org\",\"@graph\":[{\"@type\":\"WebPage\",\"@id\":\"https:\\\/\\\/www.lifenatura.com\\\/es\\\/produto\\\/camu-camu-polvo-50g-salud-viva\\\/\",\"url\":\"https:\\\/\\\/www.lifenatura.com\\\/es\\\/produto\\\/camu-camu-polvo-50g-salud-viva\\\/\",\"name\":\"Camu Camu Polvo 50g - Salud Viva - Na Lifenatura ao Melhor Pre\u00e7o | Envio em 48h\",\"isPartOf\":{\"@id\":\"https:\\\/\\\/www.lifenatura.com\\\/es\\\/#website\"},\"primaryImageOfPage\":{\"@id\":\"https:\\\/\\\/www.lifenatura.com\\\/es\\\/produto\\\/camu-camu-polvo-50g-salud-viva\\\/#primaryimage\"},\"image\":{\"@id\":\"https:\\\/\\\/www.lifenatura.com\\\/es\\\/produto\\\/camu-camu-polvo-50g-salud-viva\\\/#primaryimage\"},\"thumbnailUrl\":\"https:\\\/\\\/www.lifenatura.com\\\/wp-content\\\/uploads\\\/2025\\\/05\\\/camu-camu-50g-salud-viva.jpg\",\"datePublished\":\"2025-05-13T14:03:53+00:00\",\"dateModified\":\"2025-07-09T23:21:32+00:00\",\"description\":\"El Camu Camu en Polvo Bio - Salud Viva es un superalimento natural, rico en vitamina C, que refuerza el sistema inmunitario y combate el cansancio diario.\",\"breadcrumb\":{\"@id\":\"https:\\\/\\\/www.lifenatura.com\\\/es\\\/produto\\\/camu-camu-polvo-50g-salud-viva\\\/#breadcrumb\"},\"inLanguage\":\"es\",\"potentialAction\":[{\"@type\":\"ReadAction\",\"target\":[\"https:\\\/\\\/www.lifenatura.com\\\/es\\\/produto\\\/camu-camu-polvo-50g-salud-viva\\\/\"]}]},{\"@type\":\"ImageObject\",\"inLanguage\":\"es\",\"@id\":\"https:\\\/\\\/www.lifenatura.com\\\/es\\\/produto\\\/camu-camu-polvo-50g-salud-viva\\\/#primaryimage\",\"url\":\"https:\\\/\\\/www.lifenatura.com\\\/wp-content\\\/uploads\\\/2025\\\/05\\\/camu-camu-50g-salud-viva.jpg\",\"contentUrl\":\"https:\\\/\\\/www.lifenatura.com\\\/wp-content\\\/uploads\\\/2025\\\/05\\\/camu-camu-50g-salud-viva.jpg\",\"width\":1000,\"height\":1000},{\"@type\":\"BreadcrumbList\",\"@id\":\"https:\\\/\\\/www.lifenatura.com\\\/es\\\/produto\\\/camu-camu-polvo-50g-salud-viva\\\/#breadcrumb\",\"itemListElement\":[{\"@type\":\"ListItem\",\"position\":1,\"name\":\"In\u00edcio\",\"item\":\"https:\\\/\\\/www.lifenatura.com\\\/es\\\/\"},{\"@type\":\"ListItem\",\"position\":2,\"name\":\"Todos los Productos\",\"item\":\"https:\\\/\\\/www.lifenatura.com\\\/es\\\/tienda\\\/\"},{\"@type\":\"ListItem\",\"position\":3,\"name\":\"Camu Camu Polvo 50g &#8211; Salud Viva\"}]},{\"@type\":\"WebSite\",\"@id\":\"https:\\\/\\\/www.lifenatura.com\\\/es\\\/#website\",\"url\":\"https:\\\/\\\/www.lifenatura.com\\\/es\\\/\",\"name\":\"Lifenatura\",\"description\":\"A Lifenatura \u00e9 uma loja de produtos naturais, cosm\u00e9tica natural e alimenta\u00e7\u00e3o Biol\u00f3gica.\",\"publisher\":{\"@id\":\"https:\\\/\\\/www.lifenatura.com\\\/es\\\/#organization\"},\"potentialAction\":[{\"@type\":\"SearchAction\",\"target\":{\"@type\":\"EntryPoint\",\"urlTemplate\":\"https:\\\/\\\/www.lifenatura.com\\\/es\\\/?s={search_term_string}\"},\"query-input\":{\"@type\":\"PropertyValueSpecification\",\"valueRequired\":true,\"valueName\":\"search_term_string\"}}],\"inLanguage\":\"es\"},{\"@type\":\"Organization\",\"@id\":\"https:\\\/\\\/www.lifenatura.com\\\/es\\\/#organization\",\"name\":\"Lifenatura\",\"url\":\"https:\\\/\\\/www.lifenatura.com\\\/es\\\/\",\"logo\":{\"@type\":\"ImageObject\",\"inLanguage\":\"es\",\"@id\":\"https:\\\/\\\/www.lifenatura.com\\\/es\\\/#\\\/schema\\\/logo\\\/image\\\/\",\"url\":\"https:\\\/\\\/www.lifenatura.com\\\/wp-content\\\/uploads\\\/2021\\\/07\\\/logo.png\",\"contentUrl\":\"https:\\\/\\\/www.lifenatura.com\\\/wp-content\\\/uploads\\\/2021\\\/07\\\/logo.png\",\"width\":175,\"height\":55,\"caption\":\"Lifenatura\"},\"image\":{\"@id\":\"https:\\\/\\\/www.lifenatura.com\\\/es\\\/#\\\/schema\\\/logo\\\/image\\\/\"},\"sameAs\":[\"https:\\\/\\\/www.facebook.com\\\/lifenatura\",\"https:\\\/\\\/www.instagram.com\\\/lifenaturapt\\\/\"],\"hasMerchantReturnPolicy\":{\"@type\":\"MerchantReturnPolicy\",\"merchantReturnLink\":\"https:\\\/\\\/www.lifenatura.com\\\/termos-condicoes-lifenatura\\\/\"}}]}<\/script>\n<meta property=\"product:price:amount\" content=\"10.41\" \/>\n<meta property=\"product:price:currency\" content=\"EUR\" \/>\n<meta property=\"og:availability\" content=\"instock\" \/>\n<meta property=\"product:availability\" content=\"instock\" \/>\n<meta property=\"product:retailer_item_id\" content=\"690000007\" \/>\n<meta property=\"product:condition\" content=\"new\" \/>\n<!-- \/ Yoast SEO Premium plugin. -->","yoast_head_json":{"title":"Camu Camu Polvo 50g - Salud Viva - Na Lifenatura ao Melhor Pre\u00e7o | Envio em 48h","description":"El Camu Camu en Polvo Bio - Salud Viva es un superalimento natural, rico en vitamina C, que refuerza el sistema inmunitario y combate el cansancio diario.","robots":{"index":"index","follow":"follow","max-snippet":"max-snippet:-1","max-image-preview":"max-image-preview:large","max-video-preview":"max-video-preview:-1"},"canonical":"https:\/\/www.lifenatura.com\/es\/produto\/camu-camu-polvo-50g-salud-viva\/","og_locale":"es_ES","og_type":"article","og_title":"Camu Camu Polvo 50g - Salud Viva - Na Lifenatura ao Melhor Pre\u00e7o | Envio 48h","og_description":"Compre Camu Camu Polvo 50g - Salud Viva com envio r\u00e1pido. Entrega em 48h e portes gr\u00e1tis em compras >35\u20ac. Aproveite j\u00e1 na Lifenatura","og_url":"https:\/\/www.lifenatura.com\/es\/produto\/camu-camu-polvo-50g-salud-viva\/","og_site_name":"Lifenatura","article_publisher":"https:\/\/www.facebook.com\/lifenatura","article_modified_time":"2025-07-09T23:21:32+00:00","og_image":[{"width":1000,"height":1000,"url":"https:\/\/www.lifenatura.com\/wp-content\/uploads\/2025\/05\/camu-camu-50g-salud-viva.jpg","type":"image\/jpeg"}],"twitter_card":"summary_large_image","twitter_misc":{"Precio":"10,41&nbsp;&euro;","Disponibilidad":"Disponible"},"schema":{"@context":"https:\/\/schema.org","@graph":[{"@type":"WebPage","@id":"https:\/\/www.lifenatura.com\/es\/produto\/camu-camu-polvo-50g-salud-viva\/","url":"https:\/\/www.lifenatura.com\/es\/produto\/camu-camu-polvo-50g-salud-viva\/","name":"Camu Camu Polvo 50g - Salud Viva - Na Lifenatura ao Melhor Pre\u00e7o | Envio em 48h","isPartOf":{"@id":"https:\/\/www.lifenatura.com\/es\/#website"},"primaryImageOfPage":{"@id":"https:\/\/www.lifenatura.com\/es\/produto\/camu-camu-polvo-50g-salud-viva\/#primaryimage"},"image":{"@id":"https:\/\/www.lifenatura.com\/es\/produto\/camu-camu-polvo-50g-salud-viva\/#primaryimage"},"thumbnailUrl":"https:\/\/www.lifenatura.com\/wp-content\/uploads\/2025\/05\/camu-camu-50g-salud-viva.jpg","datePublished":"2025-05-13T14:03:53+00:00","dateModified":"2025-07-09T23:21:32+00:00","description":"El Camu Camu en Polvo Bio - Salud Viva es un superalimento natural, rico en vitamina C, que refuerza el sistema inmunitario y combate el cansancio diario.","breadcrumb":{"@id":"https:\/\/www.lifenatura.com\/es\/produto\/camu-camu-polvo-50g-salud-viva\/#breadcrumb"},"inLanguage":"es","potentialAction":[{"@type":"ReadAction","target":["https:\/\/www.lifenatura.com\/es\/produto\/camu-camu-polvo-50g-salud-viva\/"]}]},{"@type":"ImageObject","inLanguage":"es","@id":"https:\/\/www.lifenatura.com\/es\/produto\/camu-camu-polvo-50g-salud-viva\/#primaryimage","url":"https:\/\/www.lifenatura.com\/wp-content\/uploads\/2025\/05\/camu-camu-50g-salud-viva.jpg","contentUrl":"https:\/\/www.lifenatura.com\/wp-content\/uploads\/2025\/05\/camu-camu-50g-salud-viva.jpg","width":1000,"height":1000},{"@type":"BreadcrumbList","@id":"https:\/\/www.lifenatura.com\/es\/produto\/camu-camu-polvo-50g-salud-viva\/#breadcrumb","itemListElement":[{"@type":"ListItem","position":1,"name":"In\u00edcio","item":"https:\/\/www.lifenatura.com\/es\/"},{"@type":"ListItem","position":2,"name":"Todos los Productos","item":"https:\/\/www.lifenatura.com\/es\/tienda\/"},{"@type":"ListItem","position":3,"name":"Camu Camu Polvo 50g &#8211; Salud Viva"}]},{"@type":"WebSite","@id":"https:\/\/www.lifenatura.com\/es\/#website","url":"https:\/\/www.lifenatura.com\/es\/","name":"Lifenatura","description":"A Lifenatura \u00e9 uma loja de produtos naturais, cosm\u00e9tica natural e alimenta\u00e7\u00e3o Biol\u00f3gica.","publisher":{"@id":"https:\/\/www.lifenatura.com\/es\/#organization"},"potentialAction":[{"@type":"SearchAction","target":{"@type":"EntryPoint","urlTemplate":"https:\/\/www.lifenatura.com\/es\/?s={search_term_string}"},"query-input":{"@type":"PropertyValueSpecification","valueRequired":true,"valueName":"search_term_string"}}],"inLanguage":"es"},{"@type":"Organization","@id":"https:\/\/www.lifenatura.com\/es\/#organization","name":"Lifenatura","url":"https:\/\/www.lifenatura.com\/es\/","logo":{"@type":"ImageObject","inLanguage":"es","@id":"https:\/\/www.lifenatura.com\/es\/#\/schema\/logo\/image\/","url":"https:\/\/www.lifenatura.com\/wp-content\/uploads\/2021\/07\/logo.png","contentUrl":"https:\/\/www.lifenatura.com\/wp-content\/uploads\/2021\/07\/logo.png","width":175,"height":55,"caption":"Lifenatura"},"image":{"@id":"https:\/\/www.lifenatura.com\/es\/#\/schema\/logo\/image\/"},"sameAs":["https:\/\/www.facebook.com\/lifenatura","https:\/\/www.instagram.com\/lifenaturapt\/"],"hasMerchantReturnPolicy":{"@type":"MerchantReturnPolicy","merchantReturnLink":"https:\/\/www.lifenatura.com\/termos-condicoes-lifenatura\/"}}]},"product_price_amount":"10.41","product_price_currency":"EUR","og_availability":"instock","product_availability":"instock","product_retailer_item_id":"690000007","product_condition":"new"},"df_price":10.41,"df_sale_price":"","df_regular_price":10.41,"df_image_link":"https:\/\/www.lifenatura.com\/wp-content\/uploads\/2025\/05\/camu-camu-50g-salud-viva-300x300.jpg","_links":{"self":[{"href":"https:\/\/www.lifenatura.com\/es\/wp-json\/wp\/v2\/product\/114537","targetHints":{"allow":["GET"]}}],"collection":[{"href":"https:\/\/www.lifenatura.com\/es\/wp-json\/wp\/v2\/product"}],"about":[{"href":"https:\/\/www.lifenatura.com\/es\/wp-json\/wp\/v2\/types\/product"}],"wp:featuredmedia":[{"embeddable":true,"href":"https:\/\/www.lifenatura.com\/es\/wp-json\/wp\/v2\/media\/111549"}],"wp:attachment":[{"href":"https:\/\/www.lifenatura.com\/es\/wp-json\/wp\/v2\/media?parent=114537"}],"wp:term":[{"taxonomy":"product_brand","embeddable":true,"href":"https:\/\/www.lifenatura.com\/es\/wp-json\/wp\/v2\/product_brand?post=114537"},{"taxonomy":"product_cat","embeddable":true,"href":"https:\/\/www.lifenatura.com\/es\/wp-json\/wp\/v2\/product_cat?post=114537"},{"taxonomy":"product_tag","embeddable":true,"href":"https:\/\/www.lifenatura.com\/es\/wp-json\/wp\/v2\/product_tag?post=114537"}],"curies":[{"name":"wp","href":"https:\/\/api.w.org\/{rel}","templated":true}]}}