{"id":114536,"date":"2025-05-13T14:03:52","date_gmt":"2025-05-13T14:03:52","guid":{"rendered":"https:\/\/www.lifenatura.com\/produto\/cafe-de-algarroba-ecologico-250g-salud-viva\/"},"modified":"2025-07-09T23:22:16","modified_gmt":"2025-07-09T23:22:16","slug":"cafe-de-algarroba-ecologico-250g-salud-viva","status":"publish","type":"product","link":"https:\/\/www.lifenatura.com\/es\/produto\/cafe-de-algarroba-ecologico-250g-salud-viva\/","title":{"rendered":"Caf\u00e9 de Algarroba Ecol\u00f3gico 250g &#8211; Salud Viva"},"content":{"rendered":"<h2 style=\"text-align: left;\" data-start=\"239\" data-end=\"276\"><strong>Caf\u00e9 de Algarroba Ecol\u00f3gico &#8211; Salud Viva<\/strong><\/h2>\n<p>&nbsp;<\/p>\n<p data-start=\"311\" data-end=\"543\"><span class=\"relative -mx-px my-[-0.2rem] rounded px-px py-[0.2rem] transition-colors duration-100 ease-in-out\">El <strong data-start=\"2\" data-end=\"27\">Caf\u00e9 de Algarroba Ecol\u00f3gico<\/strong> de <strong data-start=\"37\" data-end=\"51\">Salud<\/strong> Viva es una alternativa sana y sabrosa al caf\u00e9 tradicional.<\/span> <span class=\"relative -mx-px my-[-0.2rem] rounded px-px py-[0.2rem] transition-colors duration-100 ease-in-out\">Producido a partir de vainas de algarroba secas y tostadas lentamente, este caf\u00e9 no contiene cafe\u00edna, por lo que es ideal para quienes buscan reducir su consumo de estimulantes.<\/span><\/p>\n<p data-start=\"311\" data-end=\"543\"><span class=\"relative -mx-px my-[-0.2rem] rounded px-px py-[0.2rem] transition-colors duration-100 ease-in-out\">Con un sabor naturalmente dulce y suave, es una opci\u00f3n excelente para cualquier momento del d\u00eda.<\/span> <span class=\"relative -mx-px my-[-0.2rem] rounded px-px py-[0.2rem] transition-colors duration-100 ease-in-out\">Disponible en envase de 250 g, es 100% ecol\u00f3gico y no contiene conservantes ni aditivos artificiales.<\/span><\/p>\n<p data-start=\"545\" data-end=\"571\"><strong data-start=\"545\" data-end=\"571\">Principales ventajas:<\/strong><\/p>\n<ul data-start=\"573\" data-end=\"986\">\n<li data-start=\"573\" data-end=\"670\">\n<p data-start=\"575\" data-end=\"670\"><strong data-start=\"575\" data-end=\"591\">Sin cafe\u00edna:<\/strong> <span class=\"relative -mx-px my-[-0.2rem] rounded px-px py-[0.2rem] transition-colors duration-100 ease-in-out\">Perfecto para quienes desean evitar los efectos estimulantes del caf\u00e9 tradicional.<\/span><\/p>\n<\/li>\n<li data-start=\"672\" data-end=\"771\">\n<p data-start=\"674\" data-end=\"771\"><strong data-start=\"674\" data-end=\"692\">Rico en fibra:<\/strong> <span class=\"relative -mx-px my-[-0.2rem] rounded px-px py-[0.2rem] transition-colors duration-100 ease-in-out\">Contribuye a la salud digestiva y ayuda a mantener un tr\u00e1nsito intestinal regular.<\/span><\/p>\n<\/li>\n<li data-start=\"773\" data-end=\"878\">\n<p data-start=\"775\" data-end=\"878\"><strong data-start=\"775\" data-end=\"799\">Fuente de nutrientes:<\/strong> <span class=\"relative -mx-px my-[-0.2rem] rounded px-px py-[0.2rem] transition-colors duration-100 ease-in-out\">Contiene minerales esenciales como calcio, hierro y magnesio.<\/span><\/p>\n<\/li>\n<li data-start=\"880\" data-end=\"986\">\n<p data-start=\"882\" data-end=\"986\"><strong data-start=\"882\" data-end=\"907\">Endulzado naturalmente:<\/strong> <span class=\"relative -mx-px my-[-0.2rem] rounded px-px py-[0.2rem] transition-colors duration-100 ease-in-out\">Endulza tu bebida sin necesidad de az\u00facares a\u00f1adidos.<\/span><\/p>\n<\/li>\n<\/ul>\n<p data-start=\"988\" data-end=\"1002\"><strong data-start=\"988\" data-end=\"1002\">Indicaci\u00f3n:<\/strong><\/p>\n<p data-start=\"1004\" data-end=\"1162\"><span class=\"relative -mx-px my-[-0.2rem] rounded px-px py-[0.2rem] transition-colors duration-100 ease-in-out\">Este producto es adecuado para adultos que desean una alternativa al caf\u00e9 tradicional, sin cafe\u00edna y con beneficios nutricionales adicionales.<\/span><\/p>\n<p data-start=\"1004\" data-end=\"1162\"><span class=\"relative -mx-px my-[-0.2rem] rounded px-px py-[0.2rem] transition-colors duration-100 ease-in-out\">Est\u00e1 especialmente indicado para personas con intolerancia a la cafe\u00edna, veganos, vegetarianos y cel\u00edacos, ya que no contiene gluten.<\/span><\/p>\n<p data-start=\"1004\" data-end=\"1162\">Es una gran alternativa al caf\u00e9 por sus beneficios para la salud. Puedes mezclarlo con tu caf\u00e9 para reducir la cafe\u00edna y a\u00f1adir los nutrientes que ofrece la algarroba.<\/p>\n<p data-start=\"1004\" data-end=\"1162\"><strong>PRESENTACI\u00d3N<\/strong><\/p>\n<p data-start=\"1004\" data-end=\"1162\">250g<\/p>\n<p data-start=\"1004\" data-end=\"1162\">\n","protected":false},"excerpt":{"rendered":"<p data-start=\"1804\" data-end=\"1882\"><span class=\"relative -mx-px my-[-0.2rem] rounded px-px py-[0.2rem] transition-colors duration-100 ease-in-out\"><strong data-start=\"2\" data-end=\"40\">El Caf\u00e9 de Algarroba Bio &#8211; Salud Viva<\/strong> es una alternativa sana y sabrosa al caf\u00e9 tradicional, sin cafe\u00edna y con beneficios nutricionales adicionales.<\/span><\/p>\n<p data-start=\"1884\" data-end=\"1992\">\n<p> [&#8230;]<\/p>\n<p><a class=\"btn btn-secondary understrap-read-more-link\" href=\"https:\/\/www.lifenatura.com\/es\/produto\/cafe-de-algarroba-ecologico-250g-salud-viva\/\">Leer m\u00e1s&#8230;<span class=\"screen-reader-text\"> from Caf\u00e9 de Algarroba Ecol\u00f3gico 250g &#8211; Salud Viva<\/span><\/a><\/p>\n","protected":false},"featured_media":111547,"template":"","meta":{"_acf_changed":false},"product_brand":[8295],"product_cat":[7146,7064,7065,7067,7659],"product_tag":[],"class_list":{"0":"post-114536","1":"product","2":"type-product","3":"status-publish","4":"has-post-thumbnail","6":"product_brand-salud-viva","7":"product_cat-algarroba","8":"product_cat-alimentacion-sana","9":"product_cat-bebidas","10":"product_cat-cafe-bebida","11":"product_cat-ingrediente-natural-bio","13":"first","14":"instock","15":"shipping-taxable","16":"purchasable","17":"product-type-simple","18":"add-to-wishlist-before_image"},"acf":[],"yoast_head":"<!-- This site is optimized with the Yoast SEO Premium plugin v27.1 (Yoast SEO v27.4) - https:\/\/yoast.com\/product\/yoast-seo-premium-wordpress\/ -->\n<title>Caf\u00e9 de Algarroba Ecol\u00f3gico 250g - Salud Viva - Lifenatura<\/title>\n<meta name=\"description\" content=\"El Caf\u00e9 de Algarroba Bio - Salud Viva es una alternativa sana y sabrosa al caf\u00e9 tradicional, sin cafe\u00edna y con beneficios nutricionales adicionales.\" \/>\n<meta name=\"robots\" content=\"index, follow, max-snippet:-1, max-image-preview:large, max-video-preview:-1\" \/>\n<link rel=\"canonical\" href=\"https:\/\/www.lifenatura.com\/es\/produto\/cafe-de-algarroba-ecologico-250g-salud-viva\/\" \/>\n<meta property=\"og:locale\" content=\"es_ES\" \/>\n<meta property=\"og:type\" content=\"article\" \/>\n<meta property=\"og:title\" content=\"Caf\u00e9 de Algarroba Ecol\u00f3gico 250g - Salud Viva - Lifenatura\" \/>\n<meta property=\"og:description\" content=\"Compre aqui o seu Caf\u00e9 de Algarroba Ecol\u00f3gico 250g - Salud Viva e a Lifenatura Online envia em 48 H com Portes Gratis &gt;35\u20ac de Pedido.\" \/>\n<meta property=\"og:url\" content=\"https:\/\/www.lifenatura.com\/es\/produto\/cafe-de-algarroba-ecologico-250g-salud-viva\/\" \/>\n<meta property=\"og:site_name\" content=\"Lifenatura\" \/>\n<meta property=\"article:publisher\" content=\"https:\/\/www.facebook.com\/lifenatura\" \/>\n<meta property=\"article:modified_time\" content=\"2025-07-09T23:22:16+00:00\" \/>\n<meta property=\"og:image\" content=\"https:\/\/www.lifenatura.com\/wp-content\/uploads\/2025\/05\/cafe-de-alfarroba-250g-salud-viva.jpg\" \/>\n\t<meta property=\"og:image:width\" content=\"1000\" \/>\n\t<meta property=\"og:image:height\" content=\"1000\" \/>\n\t<meta property=\"og:image:type\" content=\"image\/jpeg\" \/>\n<meta name=\"twitter:card\" content=\"summary_large_image\" \/>\n<meta name=\"twitter:label1\" content=\"Precio\" \/>\n\t<meta name=\"twitter:data1\" content=\"8,31&nbsp;&euro;\" \/>\n\t<meta name=\"twitter:label2\" content=\"Disponibilidad\" \/>\n\t<meta name=\"twitter:data2\" content=\"Disponible\" \/>\n<meta property=\"product:price:amount\" content=\"8.31\" \/>\n<meta property=\"product:price:currency\" content=\"EUR\" \/>\n<meta property=\"og:availability\" content=\"instock\" \/>\n<meta property=\"product:availability\" content=\"instock\" \/>\n<meta property=\"product:retailer_item_id\" content=\"18870000006\" \/>\n<meta property=\"product:condition\" content=\"new\" \/>\n<!-- \/ Yoast SEO Premium plugin. -->","yoast_head_json":{"title":"Caf\u00e9 de Algarroba Ecol\u00f3gico 250g - Salud Viva - Lifenatura","description":"El Caf\u00e9 de Algarroba Bio - Salud Viva es una alternativa sana y sabrosa al caf\u00e9 tradicional, sin cafe\u00edna y con beneficios nutricionales adicionales.","robots":{"index":"index","follow":"follow","max-snippet":"max-snippet:-1","max-image-preview":"max-image-preview:large","max-video-preview":"max-video-preview:-1"},"canonical":"https:\/\/www.lifenatura.com\/es\/produto\/cafe-de-algarroba-ecologico-250g-salud-viva\/","og_locale":"es_ES","og_type":"article","og_title":"Caf\u00e9 de Algarroba Ecol\u00f3gico 250g - Salud Viva - Lifenatura","og_description":"Compre aqui o seu Caf\u00e9 de Algarroba Ecol\u00f3gico 250g - Salud Viva e a Lifenatura Online envia em 48 H com Portes Gratis >35\u20ac de Pedido.","og_url":"https:\/\/www.lifenatura.com\/es\/produto\/cafe-de-algarroba-ecologico-250g-salud-viva\/","og_site_name":"Lifenatura","article_publisher":"https:\/\/www.facebook.com\/lifenatura","article_modified_time":"2025-07-09T23:22:16+00:00","og_image":[{"width":1000,"height":1000,"url":"https:\/\/www.lifenatura.com\/wp-content\/uploads\/2025\/05\/cafe-de-alfarroba-250g-salud-viva.jpg","type":"image\/jpeg"}],"twitter_card":"summary_large_image","twitter_misc":{"Precio":"8,31&nbsp;&euro;","Disponibilidad":"Disponible"},"schema":{"@context":"https:\/\/schema.org","@graph":[{"@type":"WebPage","@id":"https:\/\/www.lifenatura.com\/es\/produto\/cafe-de-algarroba-ecologico-250g-salud-viva\/","url":"https:\/\/www.lifenatura.com\/es\/produto\/cafe-de-algarroba-ecologico-250g-salud-viva\/","name":"Caf\u00e9 de Algarroba Ecol\u00f3gico 250g - Salud Viva - Lifenatura","isPartOf":{"@id":"https:\/\/www.lifenatura.com\/#website"},"primaryImageOfPage":{"@id":"https:\/\/www.lifenatura.com\/es\/produto\/cafe-de-algarroba-ecologico-250g-salud-viva\/#primaryimage"},"image":{"@id":"https:\/\/www.lifenatura.com\/es\/produto\/cafe-de-algarroba-ecologico-250g-salud-viva\/#primaryimage"},"thumbnailUrl":"https:\/\/www.lifenatura.com\/wp-content\/uploads\/2025\/05\/cafe-de-alfarroba-250g-salud-viva.jpg","datePublished":"2025-05-13T14:03:52+00:00","dateModified":"2025-07-09T23:22:16+00:00","description":"El Caf\u00e9 de Algarroba Bio - Salud Viva es una alternativa sana y sabrosa al caf\u00e9 tradicional, sin cafe\u00edna y con beneficios nutricionales adicionales.","breadcrumb":{"@id":"https:\/\/www.lifenatura.com\/es\/produto\/cafe-de-algarroba-ecologico-250g-salud-viva\/#breadcrumb"},"inLanguage":"es","potentialAction":[{"@type":"ReadAction","target":["https:\/\/www.lifenatura.com\/es\/produto\/cafe-de-algarroba-ecologico-250g-salud-viva\/"]}]},{"@type":"ImageObject","inLanguage":"es","@id":"https:\/\/www.lifenatura.com\/es\/produto\/cafe-de-algarroba-ecologico-250g-salud-viva\/#primaryimage","url":"https:\/\/www.lifenatura.com\/wp-content\/uploads\/2025\/05\/cafe-de-alfarroba-250g-salud-viva.jpg","contentUrl":"https:\/\/www.lifenatura.com\/wp-content\/uploads\/2025\/05\/cafe-de-alfarroba-250g-salud-viva.jpg","width":1000,"height":1000},{"@type":"BreadcrumbList","@id":"https:\/\/www.lifenatura.com\/es\/produto\/cafe-de-algarroba-ecologico-250g-salud-viva\/#breadcrumb","itemListElement":[{"@type":"ListItem","position":1,"name":"In\u00edcio","item":"https:\/\/www.lifenatura.com\/es\/"},{"@type":"ListItem","position":2,"name":"Todos los Productos","item":"https:\/\/www.lifenatura.com\/es\/tienda\/"},{"@type":"ListItem","position":3,"name":"Caf\u00e9 de Algarroba Ecol\u00f3gico 250g &#8211; Salud Viva"}]},{"@type":"WebSite","@id":"https:\/\/www.lifenatura.com\/#website","url":"https:\/\/www.lifenatura.com\/","name":"Lifenatura","description":"A Lifenatura \u00e9 uma loja de produtos naturais, cosm\u00e9tica natural e alimenta\u00e7\u00e3o Biol\u00f3gica.","publisher":{"@id":"https:\/\/www.lifenatura.com\/#organization"},"potentialAction":[{"@type":"SearchAction","target":{"@type":"EntryPoint","urlTemplate":"https:\/\/www.lifenatura.com\/?s={search_term_string}"},"query-input":{"@type":"PropertyValueSpecification","valueRequired":true,"valueName":"search_term_string"}}],"inLanguage":"es"},{"@type":"Organization","@id":"https:\/\/www.lifenatura.com\/#organization","name":"Lifenatura","url":"https:\/\/www.lifenatura.com\/","logo":{"@type":"ImageObject","inLanguage":"es","@id":"https:\/\/www.lifenatura.com\/#\/schema\/logo\/image\/","url":"https:\/\/www.lifenatura.com\/wp-content\/uploads\/2021\/11\/logo.png","contentUrl":"https:\/\/www.lifenatura.com\/wp-content\/uploads\/2021\/11\/logo.png","width":175,"height":55,"caption":"Lifenatura"},"image":{"@id":"https:\/\/www.lifenatura.com\/#\/schema\/logo\/image\/"},"sameAs":["https:\/\/www.facebook.com\/lifenatura","https:\/\/www.instagram.com\/lifenaturapt\/"]}]},"product_price_amount":"8.31","product_price_currency":"EUR","og_availability":"instock","product_availability":"instock","product_retailer_item_id":"18870000006","product_condition":"new"},"df_price":8.31,"df_sale_price":"","df_regular_price":8.31,"df_image_link":"https:\/\/www.lifenatura.com\/wp-content\/uploads\/2025\/05\/cafe-de-alfarroba-250g-salud-viva-300x300.jpg","_links":{"self":[{"href":"https:\/\/www.lifenatura.com\/es\/wp-json\/wp\/v2\/product\/114536","targetHints":{"allow":["GET"]}}],"collection":[{"href":"https:\/\/www.lifenatura.com\/es\/wp-json\/wp\/v2\/product"}],"about":[{"href":"https:\/\/www.lifenatura.com\/es\/wp-json\/wp\/v2\/types\/product"}],"wp:featuredmedia":[{"embeddable":true,"href":"https:\/\/www.lifenatura.com\/es\/wp-json\/wp\/v2\/media\/111547"}],"wp:attachment":[{"href":"https:\/\/www.lifenatura.com\/es\/wp-json\/wp\/v2\/media?parent=114536"}],"wp:term":[{"taxonomy":"product_brand","embeddable":true,"href":"https:\/\/www.lifenatura.com\/es\/wp-json\/wp\/v2\/product_brand?post=114536"},{"taxonomy":"product_cat","embeddable":true,"href":"https:\/\/www.lifenatura.com\/es\/wp-json\/wp\/v2\/product_cat?post=114536"},{"taxonomy":"product_tag","embeddable":true,"href":"https:\/\/www.lifenatura.com\/es\/wp-json\/wp\/v2\/product_tag?post=114536"}],"curies":[{"name":"wp","href":"https:\/\/api.w.org\/{rel}","templated":true}]}}