{"id":114534,"date":"2025-07-08T23:36:45","date_gmt":"2025-07-08T23:36:45","guid":{"rendered":"https:\/\/www.lifenatura.com\/produto\/camu-camu-bio-100g-sensacion-de-energia\/"},"modified":"2025-07-09T23:15:56","modified_gmt":"2025-07-09T23:15:56","slug":"camu-camu-bio-100g-sensacion-de-energia","status":"publish","type":"product","link":"https:\/\/www.lifenatura.com\/es\/produto\/camu-camu-bio-100g-sensacion-de-energia\/","title":{"rendered":"Camu Camu Bio 100g &#8211; Sensaci\u00f3n de Energ\u00eda"},"content":{"rendered":"<h2 style=\"text-align: left;\" data-start=\"243\" data-end=\"277\"><strong>Camu Camu BIO rico en Vitamina C<\/strong><\/h2>\n<p>&nbsp;<\/p>\n<p data-start=\"312\" data-end=\"464\"><span class=\"relative -mx-px my-[-0.2rem] rounded px-px py-[0.2rem] transition-colors duration-100 ease-in-out\"><strong data-start=\"2\" data-end=\"19\">El Camu Camu BIO<\/strong> de <strong data-start=\"29\" data-end=\"48\">Energy Feelings<\/strong> es un superalimento en polvo procedente del Amazonas, reconocido por su extraordinaria concentraci\u00f3n de vitamina C, hasta 50 veces superior a la de las naranjas.<\/span><\/p>\n<p data-start=\"312\" data-end=\"464\"><span class=\"relative -mx-px my-[-0.2rem] rounded px-px py-[0.2rem] transition-colors duration-100 ease-in-out\">Este fruto, procedente del \u00e1rbol <em data-start=\"33\" data-end=\"50\">Myrciaria dubia<\/em>, se cultiva ecol\u00f3gicamente, sin aditivos artificiales, colorantes ni conservantes, y es 100% natural, vegano y sin gluten.<\/span> <span class=\"relative -mx-px my-[-0.2rem] rounded px-px py-[0.2rem] transition-colors duration-100 ease-in-out\">Cada envase contiene 100 g de polvo, ideal para incorporar a tu rutina diaria.<\/span><\/p>\n<p><span class=\"\">Es posiblemente la fruta con mayor contenido de vitamina C del planeta (con unas 80 veces m\u00e1s de esta vitamina que el zumo de naranja). Esta extraordinaria fruta tambi\u00e9n contiene un alto nivel de carotenoides, especialmente lute\u00edna, as\u00ed como betacaroteno y zeaxantina <\/span><strong><span class=\"\">.<\/span><\/strong><\/p>\n<p data-start=\"466\" data-end=\"492\"><strong data-start=\"466\" data-end=\"492\">Principales ventajas:<\/strong><\/p>\n<ul>\n<li data-start=\"496\" data-end=\"650\"><strong data-start=\"496\" data-end=\"531\">Refuerza el sistema inmunitario:<\/strong> <span class=\"relative -mx-px my-[-0.2rem] rounded px-px py-[0.2rem] transition-colors duration-100 ease-in-out\">La elevada concentraci\u00f3n de vitamina C contribuye al funcionamiento normal del sistema inmunitario.<\/span><\/li>\n<li data-start=\"654\" data-end=\"795\"><strong data-start=\"654\" data-end=\"676\">Acci\u00f3n antioxidante:<\/strong> <span class=\"relative -mx-px my-[-0.2rem] rounded px-px py-[0.2rem] transition-colors duration-100 ease-in-out\">Ayuda a combatir los radicales libres, protegiendo las c\u00e9lulas contra el estr\u00e9s oxidativo.<\/span><\/li>\n<li data-start=\"799\" data-end=\"954\"><strong data-start=\"799\" data-end=\"835\">Propiedades antiinflamatorias:<\/strong> <span class=\"relative -mx-px my-[-0.2rem] rounded px-px py-[0.2rem] transition-colors duration-100 ease-in-out\">Pueden ayudar a reducir los procesos inflamatorios del organismo.<\/span><\/li>\n<li data-start=\"958\" data-end=\"1107\"><strong data-start=\"958\" data-end=\"988\">Mejora la salud de las enc\u00edas:<\/strong> <span class=\"relative -mx-px my-[-0.2rem] rounded px-px py-[0.2rem] transition-colors duration-100 ease-in-out\">Contribuye al mantenimiento de unas enc\u00edas sanas.<\/span><\/li>\n<li data-start=\"1111\" data-end=\"1258\"><strong data-start=\"1111\" data-end=\"1139\">Favorece la salud hep\u00e1tica:<\/strong> <span class=\"relative -mx-px my-[-0.2rem] rounded px-px py-[0.2rem] transition-colors duration-100 ease-in-out\">Puede favorecer el buen funcionamiento del h\u00edgado.<\/span><\/li>\n<li data-start=\"1262\" data-end=\"1435\"><strong data-start=\"1262\" data-end=\"1316\">Contribuye a un sistema cardiovascular sano:<\/strong> <span class=\"relative -mx-px my-[-0.2rem] rounded px-px py-[0.2rem] transition-colors duration-100 ease-in-out\">La vitamina C est\u00e1 relacionada con la salud del coraz\u00f3n.<\/span><\/li>\n<\/ul>\n<p data-start=\"1437\" data-end=\"1451\"><strong data-start=\"1437\" data-end=\"1451\">Indicaci\u00f3n:<\/strong><\/p>\n<p data-start=\"1453\" data-end=\"1571\"><span class=\"relative -mx-px my-[-0.2rem] rounded px-px py-[0.2rem] transition-colors duration-100 ease-in-out\">Este suplemento es adecuado para adultos que desean reforzar su sistema inmunitario, luchar contra el envejecimiento celular y promover la salud general.<\/span> <span class=\"relative -mx-px my-[-0.2rem] rounded px-px py-[0.2rem] transition-colors duration-100 ease-in-out\">Se recomienda especialmente a personas con estilos de vida activos, dietas desequilibradas o periodos de mayor fatiga f\u00edsica.<\/span><\/p>\n<p data-start=\"1453\" data-end=\"1571\"><strong><span class=\"\">Propiedades<\/span><\/strong><span class=\"\"> Se ha utilizado ancestralmente en sus zonas de origen para el tratamiento de la inflamaci\u00f3n, la salud de las enc\u00edas y la mejora del estado de \u00e1nimo, entre otros muchos usos. Estudios recientes en animales han demostrado que el camu-camu tiene los siguientes efectos <\/span><strong><span class=\"\">antioxidantes<\/span><\/strong><span class=\"\"> y antigenot\u00f3xicos.<\/span><\/p>\n<p data-start=\"1453\" data-end=\"1571\"><strong>PRESENTACI\u00d3N<\/strong><\/p>\n<p data-start=\"1453\" data-end=\"1571\">100g<\/p>\n<p data-start=\"1453\" data-end=\"1571\">\n","protected":false},"excerpt":{"rendered":"<p>El Camu Camu BIO es un superalimento con una alta concentraci\u00f3n de vitamina C, que refuerza el sistema inmunitario y tiene propiedades antioxidantes. [&#8230;]<\/p>\n<p><a class=\"btn btn-secondary understrap-read-more-link\" href=\"https:\/\/www.lifenatura.com\/es\/produto\/camu-camu-bio-100g-sensacion-de-energia\/\">Leer m\u00e1s&#8230;<span class=\"screen-reader-text\"> from Camu Camu Bio 100g &#8211; Sensaci\u00f3n de Energ\u00eda<\/span><\/a><\/p>\n","protected":false},"featured_media":114498,"template":"","meta":{"_acf_changed":false},"product_brand":[8563],"product_cat":[7064,7100],"product_tag":[],"class_list":{"0":"post-114534","1":"product","2":"type-product","3":"status-publish","4":"has-post-thumbnail","6":"product_brand-energy-feelings-es","7":"product_cat-alimentacion-sana","8":"product_cat-superalimentos-bio","10":"first","11":"instock","12":"shipping-taxable","13":"purchasable","14":"product-type-simple","15":"add-to-wishlist-before_image"},"acf":[],"yoast_head":"<!-- This site is optimized with the Yoast SEO Premium plugin v27.1 (Yoast SEO v27.5) - https:\/\/yoast.com\/product\/yoast-seo-premium-wordpress\/ -->\n<title>Camu Camu Bio 100g - Sensaci\u00f3n de Energ\u00eda - Na Lifenatura ao Melhor Pre\u00e7o | Envio em 48h<\/title>\n<meta name=\"description\" content=\"El Camu Camu BIO es un superalimento con una alta concentraci\u00f3n de vitamina C, que refuerza el sistema inmunitario y tiene propiedades antioxidantes.\" \/>\n<meta name=\"robots\" content=\"index, follow, max-snippet:-1, max-image-preview:large, max-video-preview:-1\" \/>\n<link rel=\"canonical\" href=\"https:\/\/www.lifenatura.com\/es\/produto\/camu-camu-bio-100g-sensacion-de-energia\/\" \/>\n<meta property=\"og:locale\" content=\"es_ES\" \/>\n<meta property=\"og:type\" content=\"article\" \/>\n<meta property=\"og:title\" content=\"Camu Camu Bio 100g - Sensaci\u00f3n de Energ\u00eda - Na Lifenatura ao Melhor Pre\u00e7o | Envio 48h\" \/>\n<meta property=\"og:description\" content=\"Compre Camu Camu Bio 100g - Sensaci\u00f3n de Energ\u00eda com envio r\u00e1pido. Entrega em 48h e portes gr\u00e1tis em compras &gt;35\u20ac. Aproveite j\u00e1 na Lifenatura\" \/>\n<meta property=\"og:url\" content=\"https:\/\/www.lifenatura.com\/es\/produto\/camu-camu-bio-100g-sensacion-de-energia\/\" \/>\n<meta property=\"og:site_name\" content=\"Lifenatura\" \/>\n<meta property=\"article:publisher\" content=\"https:\/\/www.facebook.com\/lifenatura\" \/>\n<meta property=\"article:modified_time\" content=\"2025-07-09T23:15:56+00:00\" \/>\n<meta property=\"og:image\" content=\"https:\/\/www.lifenatura.com\/wp-content\/uploads\/2025\/07\/camu-camu-100g-energy-feelings.jpg\" \/>\n\t<meta property=\"og:image:width\" content=\"1000\" \/>\n\t<meta property=\"og:image:height\" content=\"1000\" \/>\n\t<meta property=\"og:image:type\" content=\"image\/jpeg\" \/>\n<meta name=\"twitter:card\" content=\"summary_large_image\" \/>\n<meta name=\"twitter:label1\" content=\"Precio\" \/>\n\t<meta name=\"twitter:data1\" content=\"10,35&nbsp;&euro;\" \/>\n\t<meta name=\"twitter:label2\" content=\"Disponibilidad\" \/>\n\t<meta name=\"twitter:data2\" content=\"Disponible\" \/>\n<script type=\"application\/ld+json\" class=\"yoast-schema-graph\">{\"@context\":\"https:\\\/\\\/schema.org\",\"@graph\":[{\"@type\":\"WebPage\",\"@id\":\"https:\\\/\\\/www.lifenatura.com\\\/es\\\/produto\\\/camu-camu-bio-100g-sensacion-de-energia\\\/\",\"url\":\"https:\\\/\\\/www.lifenatura.com\\\/es\\\/produto\\\/camu-camu-bio-100g-sensacion-de-energia\\\/\",\"name\":\"Camu Camu Bio 100g - Sensaci\u00f3n de Energ\u00eda - Na Lifenatura ao Melhor Pre\u00e7o | Envio em 48h\",\"isPartOf\":{\"@id\":\"https:\\\/\\\/www.lifenatura.com\\\/es\\\/#website\"},\"primaryImageOfPage\":{\"@id\":\"https:\\\/\\\/www.lifenatura.com\\\/es\\\/produto\\\/camu-camu-bio-100g-sensacion-de-energia\\\/#primaryimage\"},\"image\":{\"@id\":\"https:\\\/\\\/www.lifenatura.com\\\/es\\\/produto\\\/camu-camu-bio-100g-sensacion-de-energia\\\/#primaryimage\"},\"thumbnailUrl\":\"https:\\\/\\\/www.lifenatura.com\\\/wp-content\\\/uploads\\\/2025\\\/07\\\/camu-camu-100g-energy-feelings.jpg\",\"datePublished\":\"2025-07-08T23:36:45+00:00\",\"dateModified\":\"2025-07-09T23:15:56+00:00\",\"description\":\"El Camu Camu BIO es un superalimento con una alta concentraci\u00f3n de vitamina C, que refuerza el sistema inmunitario y tiene propiedades antioxidantes.\",\"breadcrumb\":{\"@id\":\"https:\\\/\\\/www.lifenatura.com\\\/es\\\/produto\\\/camu-camu-bio-100g-sensacion-de-energia\\\/#breadcrumb\"},\"inLanguage\":\"es\",\"potentialAction\":[{\"@type\":\"ReadAction\",\"target\":[\"https:\\\/\\\/www.lifenatura.com\\\/es\\\/produto\\\/camu-camu-bio-100g-sensacion-de-energia\\\/\"]}]},{\"@type\":\"ImageObject\",\"inLanguage\":\"es\",\"@id\":\"https:\\\/\\\/www.lifenatura.com\\\/es\\\/produto\\\/camu-camu-bio-100g-sensacion-de-energia\\\/#primaryimage\",\"url\":\"https:\\\/\\\/www.lifenatura.com\\\/wp-content\\\/uploads\\\/2025\\\/07\\\/camu-camu-100g-energy-feelings.jpg\",\"contentUrl\":\"https:\\\/\\\/www.lifenatura.com\\\/wp-content\\\/uploads\\\/2025\\\/07\\\/camu-camu-100g-energy-feelings.jpg\",\"width\":1000,\"height\":1000,\"caption\":\"energy feelings camu camu 100g\"},{\"@type\":\"BreadcrumbList\",\"@id\":\"https:\\\/\\\/www.lifenatura.com\\\/es\\\/produto\\\/camu-camu-bio-100g-sensacion-de-energia\\\/#breadcrumb\",\"itemListElement\":[{\"@type\":\"ListItem\",\"position\":1,\"name\":\"In\u00edcio\",\"item\":\"https:\\\/\\\/www.lifenatura.com\\\/es\\\/\"},{\"@type\":\"ListItem\",\"position\":2,\"name\":\"Todos los Productos\",\"item\":\"https:\\\/\\\/www.lifenatura.com\\\/es\\\/tienda\\\/\"},{\"@type\":\"ListItem\",\"position\":3,\"name\":\"Camu Camu Bio 100g &#8211; Sensaci\u00f3n de Energ\u00eda\"}]},{\"@type\":\"WebSite\",\"@id\":\"https:\\\/\\\/www.lifenatura.com\\\/es\\\/#website\",\"url\":\"https:\\\/\\\/www.lifenatura.com\\\/es\\\/\",\"name\":\"Lifenatura\",\"description\":\"A Lifenatura \u00e9 uma loja de produtos naturais, cosm\u00e9tica natural e alimenta\u00e7\u00e3o Biol\u00f3gica.\",\"publisher\":{\"@id\":\"https:\\\/\\\/www.lifenatura.com\\\/es\\\/#organization\"},\"potentialAction\":[{\"@type\":\"SearchAction\",\"target\":{\"@type\":\"EntryPoint\",\"urlTemplate\":\"https:\\\/\\\/www.lifenatura.com\\\/es\\\/?s={search_term_string}\"},\"query-input\":{\"@type\":\"PropertyValueSpecification\",\"valueRequired\":true,\"valueName\":\"search_term_string\"}}],\"inLanguage\":\"es\"},{\"@type\":\"Organization\",\"@id\":\"https:\\\/\\\/www.lifenatura.com\\\/es\\\/#organization\",\"name\":\"Lifenatura\",\"url\":\"https:\\\/\\\/www.lifenatura.com\\\/es\\\/\",\"logo\":{\"@type\":\"ImageObject\",\"inLanguage\":\"es\",\"@id\":\"https:\\\/\\\/www.lifenatura.com\\\/es\\\/#\\\/schema\\\/logo\\\/image\\\/\",\"url\":\"https:\\\/\\\/www.lifenatura.com\\\/wp-content\\\/uploads\\\/2021\\\/07\\\/logo.png\",\"contentUrl\":\"https:\\\/\\\/www.lifenatura.com\\\/wp-content\\\/uploads\\\/2021\\\/07\\\/logo.png\",\"width\":175,\"height\":55,\"caption\":\"Lifenatura\"},\"image\":{\"@id\":\"https:\\\/\\\/www.lifenatura.com\\\/es\\\/#\\\/schema\\\/logo\\\/image\\\/\"},\"sameAs\":[\"https:\\\/\\\/www.facebook.com\\\/lifenatura\",\"https:\\\/\\\/www.instagram.com\\\/lifenaturapt\\\/\"],\"hasMerchantReturnPolicy\":{\"@type\":\"MerchantReturnPolicy\",\"merchantReturnLink\":\"https:\\\/\\\/www.lifenatura.com\\\/termos-condicoes-lifenatura\\\/\"}}]}<\/script>\n<meta property=\"product:price:amount\" content=\"10.35\" \/>\n<meta property=\"product:price:currency\" content=\"EUR\" \/>\n<meta property=\"og:availability\" content=\"instock\" \/>\n<meta property=\"product:availability\" content=\"instock\" \/>\n<meta property=\"product:retailer_item_id\" content=\"8436565921849\" \/>\n<meta property=\"product:condition\" content=\"new\" \/>\n<!-- \/ Yoast SEO Premium plugin. -->","yoast_head_json":{"title":"Camu Camu Bio 100g - Sensaci\u00f3n de Energ\u00eda - Na Lifenatura ao Melhor Pre\u00e7o | Envio em 48h","description":"El Camu Camu BIO es un superalimento con una alta concentraci\u00f3n de vitamina C, que refuerza el sistema inmunitario y tiene propiedades antioxidantes.","robots":{"index":"index","follow":"follow","max-snippet":"max-snippet:-1","max-image-preview":"max-image-preview:large","max-video-preview":"max-video-preview:-1"},"canonical":"https:\/\/www.lifenatura.com\/es\/produto\/camu-camu-bio-100g-sensacion-de-energia\/","og_locale":"es_ES","og_type":"article","og_title":"Camu Camu Bio 100g - Sensaci\u00f3n de Energ\u00eda - Na Lifenatura ao Melhor Pre\u00e7o | Envio 48h","og_description":"Compre Camu Camu Bio 100g - Sensaci\u00f3n de Energ\u00eda com envio r\u00e1pido. Entrega em 48h e portes gr\u00e1tis em compras >35\u20ac. Aproveite j\u00e1 na Lifenatura","og_url":"https:\/\/www.lifenatura.com\/es\/produto\/camu-camu-bio-100g-sensacion-de-energia\/","og_site_name":"Lifenatura","article_publisher":"https:\/\/www.facebook.com\/lifenatura","article_modified_time":"2025-07-09T23:15:56+00:00","og_image":[{"width":1000,"height":1000,"url":"https:\/\/www.lifenatura.com\/wp-content\/uploads\/2025\/07\/camu-camu-100g-energy-feelings.jpg","type":"image\/jpeg"}],"twitter_card":"summary_large_image","twitter_misc":{"Precio":"10,35&nbsp;&euro;","Disponibilidad":"Disponible"},"schema":{"@context":"https:\/\/schema.org","@graph":[{"@type":"WebPage","@id":"https:\/\/www.lifenatura.com\/es\/produto\/camu-camu-bio-100g-sensacion-de-energia\/","url":"https:\/\/www.lifenatura.com\/es\/produto\/camu-camu-bio-100g-sensacion-de-energia\/","name":"Camu Camu Bio 100g - Sensaci\u00f3n de Energ\u00eda - Na Lifenatura ao Melhor Pre\u00e7o | Envio em 48h","isPartOf":{"@id":"https:\/\/www.lifenatura.com\/es\/#website"},"primaryImageOfPage":{"@id":"https:\/\/www.lifenatura.com\/es\/produto\/camu-camu-bio-100g-sensacion-de-energia\/#primaryimage"},"image":{"@id":"https:\/\/www.lifenatura.com\/es\/produto\/camu-camu-bio-100g-sensacion-de-energia\/#primaryimage"},"thumbnailUrl":"https:\/\/www.lifenatura.com\/wp-content\/uploads\/2025\/07\/camu-camu-100g-energy-feelings.jpg","datePublished":"2025-07-08T23:36:45+00:00","dateModified":"2025-07-09T23:15:56+00:00","description":"El Camu Camu BIO es un superalimento con una alta concentraci\u00f3n de vitamina C, que refuerza el sistema inmunitario y tiene propiedades antioxidantes.","breadcrumb":{"@id":"https:\/\/www.lifenatura.com\/es\/produto\/camu-camu-bio-100g-sensacion-de-energia\/#breadcrumb"},"inLanguage":"es","potentialAction":[{"@type":"ReadAction","target":["https:\/\/www.lifenatura.com\/es\/produto\/camu-camu-bio-100g-sensacion-de-energia\/"]}]},{"@type":"ImageObject","inLanguage":"es","@id":"https:\/\/www.lifenatura.com\/es\/produto\/camu-camu-bio-100g-sensacion-de-energia\/#primaryimage","url":"https:\/\/www.lifenatura.com\/wp-content\/uploads\/2025\/07\/camu-camu-100g-energy-feelings.jpg","contentUrl":"https:\/\/www.lifenatura.com\/wp-content\/uploads\/2025\/07\/camu-camu-100g-energy-feelings.jpg","width":1000,"height":1000,"caption":"energy feelings camu camu 100g"},{"@type":"BreadcrumbList","@id":"https:\/\/www.lifenatura.com\/es\/produto\/camu-camu-bio-100g-sensacion-de-energia\/#breadcrumb","itemListElement":[{"@type":"ListItem","position":1,"name":"In\u00edcio","item":"https:\/\/www.lifenatura.com\/es\/"},{"@type":"ListItem","position":2,"name":"Todos los Productos","item":"https:\/\/www.lifenatura.com\/es\/tienda\/"},{"@type":"ListItem","position":3,"name":"Camu Camu Bio 100g &#8211; Sensaci\u00f3n de Energ\u00eda"}]},{"@type":"WebSite","@id":"https:\/\/www.lifenatura.com\/es\/#website","url":"https:\/\/www.lifenatura.com\/es\/","name":"Lifenatura","description":"A Lifenatura \u00e9 uma loja de produtos naturais, cosm\u00e9tica natural e alimenta\u00e7\u00e3o Biol\u00f3gica.","publisher":{"@id":"https:\/\/www.lifenatura.com\/es\/#organization"},"potentialAction":[{"@type":"SearchAction","target":{"@type":"EntryPoint","urlTemplate":"https:\/\/www.lifenatura.com\/es\/?s={search_term_string}"},"query-input":{"@type":"PropertyValueSpecification","valueRequired":true,"valueName":"search_term_string"}}],"inLanguage":"es"},{"@type":"Organization","@id":"https:\/\/www.lifenatura.com\/es\/#organization","name":"Lifenatura","url":"https:\/\/www.lifenatura.com\/es\/","logo":{"@type":"ImageObject","inLanguage":"es","@id":"https:\/\/www.lifenatura.com\/es\/#\/schema\/logo\/image\/","url":"https:\/\/www.lifenatura.com\/wp-content\/uploads\/2021\/07\/logo.png","contentUrl":"https:\/\/www.lifenatura.com\/wp-content\/uploads\/2021\/07\/logo.png","width":175,"height":55,"caption":"Lifenatura"},"image":{"@id":"https:\/\/www.lifenatura.com\/es\/#\/schema\/logo\/image\/"},"sameAs":["https:\/\/www.facebook.com\/lifenatura","https:\/\/www.instagram.com\/lifenaturapt\/"],"hasMerchantReturnPolicy":{"@type":"MerchantReturnPolicy","merchantReturnLink":"https:\/\/www.lifenatura.com\/termos-condicoes-lifenatura\/"}}]},"product_price_amount":"10.35","product_price_currency":"EUR","og_availability":"instock","product_availability":"instock","product_retailer_item_id":"8436565921849","product_condition":"new"},"df_price":10.35,"df_sale_price":"","df_regular_price":10.35,"df_image_link":"https:\/\/www.lifenatura.com\/wp-content\/uploads\/2025\/07\/camu-camu-100g-energy-feelings-300x300.jpg","_links":{"self":[{"href":"https:\/\/www.lifenatura.com\/es\/wp-json\/wp\/v2\/product\/114534","targetHints":{"allow":["GET"]}}],"collection":[{"href":"https:\/\/www.lifenatura.com\/es\/wp-json\/wp\/v2\/product"}],"about":[{"href":"https:\/\/www.lifenatura.com\/es\/wp-json\/wp\/v2\/types\/product"}],"wp:featuredmedia":[{"embeddable":true,"href":"https:\/\/www.lifenatura.com\/es\/wp-json\/wp\/v2\/media\/114498"}],"wp:attachment":[{"href":"https:\/\/www.lifenatura.com\/es\/wp-json\/wp\/v2\/media?parent=114534"}],"wp:term":[{"taxonomy":"product_brand","embeddable":true,"href":"https:\/\/www.lifenatura.com\/es\/wp-json\/wp\/v2\/product_brand?post=114534"},{"taxonomy":"product_cat","embeddable":true,"href":"https:\/\/www.lifenatura.com\/es\/wp-json\/wp\/v2\/product_cat?post=114534"},{"taxonomy":"product_tag","embeddable":true,"href":"https:\/\/www.lifenatura.com\/es\/wp-json\/wp\/v2\/product_tag?post=114534"}],"curies":[{"name":"wp","href":"https:\/\/api.w.org\/{rel}","templated":true}]}}