{"id":114531,"date":"2025-05-20T16:09:48","date_gmt":"2025-05-20T16:09:48","guid":{"rendered":"https:\/\/www.lifenatura.com\/produto\/acido-hialuronico-30-capsulas-collagenova\/"},"modified":"2026-04-15T02:13:38","modified_gmt":"2026-04-15T02:13:38","slug":"acido-hialuronico-30-capsulas-collagenova","status":"publish","type":"product","link":"https:\/\/www.lifenatura.com\/es\/produto\/acido-hialuronico-30-capsulas-collagenova\/","title":{"rendered":"\u00c1cido Hialur\u00f3nico 30 C\u00e1psulas &#8211; Collagenova"},"content":{"rendered":"<h2 style=\"text-align: left;\" data-start=\"254\" data-end=\"299\"><strong>\u00c1cido Hialur\u00f3nico 30 C\u00e1psulas &#8211; Collagenova<\/strong><\/h2>\n<p>&nbsp;<\/p>\n<p style=\"text-align: left;\" data-start=\"334\" data-end=\"486\"><span class=\"relative -mx-px my-[-0.2rem] rounded px-px py-[0.2rem] transition-colors duration-100 ease-in-out\"><strong data-start=\"2\" data-end=\"55\">Colagenova \u00c1cido Hialur\u00f3nico 30 C\u00e1psulas<\/strong> es un complemento alimenticio formulado para favorecer la salud de la piel, las articulaciones y los tejidos conjuntivos.<\/span> <span class=\"relative -mx-px my-[-0.2rem] rounded px-px py-[0.2rem] transition-colors duration-100 ease-in-out\">Cada c\u00e1psula contiene \u00e1cido hialur\u00f3nico de origen vegetal, col\u00e1geno marino hidrolizado Peptan\u00ae, vitamina C y clorofila, ingredientes que act\u00faan sin\u00e9rgicamente para favorecer la hidrataci\u00f3n, elasticidad y firmeza de la piel, adem\u00e1s de contribuir al buen funcionamiento de las articulaciones.<\/span><\/p>\n<p style=\"text-align: left;\" data-start=\"334\" data-end=\"486\"><span class=\"relative -mx-px my-[-0.2rem] rounded px-px py-[0.2rem] transition-colors duration-100 ease-in-out\">Este suplemento no contiene gluten ni organismos modificados gen\u00e9ticamente (OMG).<\/span><\/p>\n<p style=\"text-align: left;\" data-start=\"488\" data-end=\"514\"><strong data-start=\"488\" data-end=\"514\">Principales ventajas:<\/strong><\/p>\n<ul style=\"text-align: left;\" data-start=\"516\" data-end=\"985\">\n<li data-start=\"516\" data-end=\"635\">\n<p data-start=\"518\" data-end=\"635\"><strong data-start=\"518\" data-end=\"556\">Hidrataci\u00f3n y elasticidad de la piel:<\/strong> <span class=\"relative -mx-px my-[-0.2rem] rounded px-px py-[0.2rem] transition-colors duration-100 ease-in-out\">El \u00e1cido hialur\u00f3nico retiene el agua en las c\u00e9lulas de la piel, mejorando su hidrataci\u00f3n y elasticidad.<\/span><\/p>\n<\/li>\n<li data-start=\"637\" data-end=\"761\">\n<p data-start=\"639\" data-end=\"761\"><strong data-start=\"639\" data-end=\"682\">Reducci\u00f3n de arrugas y l\u00edneas de expresi\u00f3n:<\/strong> <span class=\"relative -mx-px my-[-0.2rem] rounded px-px py-[0.2rem] transition-colors duration-100 ease-in-out\">La combinaci\u00f3n de \u00e1cido hialur\u00f3nico y col\u00e1geno ayuda a alisar las arrugas y l\u00edneas de expresi\u00f3n.<\/span><\/p>\n<\/li>\n<li data-start=\"763\" data-end=\"880\">\n<p data-start=\"765\" data-end=\"880\"><strong data-start=\"765\" data-end=\"801\">Fortalece las articulaciones:<\/strong> <span class=\"relative -mx-px my-[-0.2rem] rounded px-px py-[0.2rem] transition-colors duration-100 ease-in-out\">El col\u00e1geno marino hidrolizado ayuda a mantener la estructura y la funci\u00f3n articulares.<\/span><\/p>\n<\/li>\n<li data-start=\"882\" data-end=\"985\">\n<p data-start=\"884\" data-end=\"985\"><strong data-start=\"884\" data-end=\"906\">Acci\u00f3n antioxidante:<\/strong> <span class=\"relative -mx-px my-[-0.2rem] rounded px-px py-[0.2rem] transition-colors duration-100 ease-in-out\">La vitamina C protege las c\u00e9lulas contra el estr\u00e9s oxidativo, favoreciendo la salud general de la piel y las articulaciones.<\/span><\/p>\n<\/li>\n<\/ul>\n<p style=\"text-align: left;\" data-start=\"987\" data-end=\"1001\"><strong data-start=\"987\" data-end=\"1001\">Indicaci\u00f3n:<\/strong><\/p>\n<p style=\"text-align: left;\" data-start=\"1003\" data-end=\"1081\"><span class=\"relative -mx-px my-[-0.2rem] rounded px-px py-[0.2rem] transition-colors duration-100 ease-in-out\">Este suplemento es adecuado para adultos que desean mantener la salud de su piel y articulaciones, especialmente los que presentan signos de envejecimiento cut\u00e1neo, molestias articulares o buscan mejorar la hidrataci\u00f3n y elasticidad de la piel.<\/span><\/p>\n<p style=\"text-align: left;\" data-start=\"1003\" data-end=\"1081\"><strong>Presentaci\u00f3n:<\/strong><\/p>\n<p style=\"text-align: left;\" data-start=\"1003\" data-end=\"1081\">11,5gr en 30 c\u00e1psulas de clorofila vegetal<\/p>\n<p style=\"text-align: left;\" data-start=\"1003\" data-end=\"1081\">\n","protected":false},"excerpt":{"rendered":"<p>\u00c1cido Hialur\u00f3nico 30 C\u00e1psulas de Colagenova es un suplemento que favorece la hidrataci\u00f3n, elasticidad y firmeza de la piel, y contribuye a la salud de las articulaciones. [&#8230;]<\/p>\n<p><a class=\"btn btn-secondary understrap-read-more-link\" href=\"https:\/\/www.lifenatura.com\/es\/produto\/acido-hialuronico-30-capsulas-collagenova\/\">Leer m\u00e1s&#8230;<span class=\"screen-reader-text\"> from \u00c1cido Hialur\u00f3nico 30 C\u00e1psulas &#8211; Collagenova<\/span><\/a><\/p>\n","protected":false},"featured_media":112099,"template":"","meta":{"_acf_changed":false},"product_brand":[8549],"product_cat":[7665,7659,7239,7179,7883],"product_tag":[],"class_list":{"0":"post-114531","1":"product","2":"type-product","3":"status-publish","4":"has-post-thumbnail","6":"product_brand-colagenova","7":"product_cat-acido-hialuronico-bio","8":"product_cat-ingrediente-natural-bio","9":"product_cat-cuidado-de-la-piel","10":"product_cat-salud","11":"product_cat-suplementos-alimenticios","13":"first","14":"instock","15":"featured","16":"shipping-taxable","17":"purchasable","18":"product-type-simple","19":"add-to-wishlist-before_image"},"acf":[],"yoast_head":"<!-- This site is optimized with the Yoast SEO Premium plugin v27.1 (Yoast SEO v27.4) - https:\/\/yoast.com\/product\/yoast-seo-premium-wordpress\/ -->\n<title>\u00c1cido Hialur\u00f3nico 30 C\u00e1psulas - Collagenova - Lifenatura<\/title>\n<meta name=\"description\" content=\"\u00c1cido Hialur\u00f3nico un suplemento que favorece la hidrataci\u00f3n, elasticidad y firmeza de la piel, y contribuye a la salud de las articulaciones.\" \/>\n<meta name=\"robots\" content=\"index, follow, max-snippet:-1, max-image-preview:large, max-video-preview:-1\" \/>\n<link rel=\"canonical\" href=\"https:\/\/www.lifenatura.com\/es\/produto\/acido-hialuronico-30-capsulas-collagenova\/\" \/>\n<meta property=\"og:locale\" content=\"es_ES\" \/>\n<meta property=\"og:type\" content=\"article\" \/>\n<meta property=\"og:title\" content=\"\u00c1cido Hialur\u00f3nico 30 C\u00e1psulas - Collagenova - Lifenatura\" \/>\n<meta property=\"og:description\" content=\"Compre aqui o seu \u00c1cido Hialur\u00f3nico 30 C\u00e1psulas - Collagenova e a Lifenatura Online envia em 48 H com Portes Gratis &gt;35\u20ac de Pedido.\" \/>\n<meta property=\"og:url\" content=\"https:\/\/www.lifenatura.com\/es\/produto\/acido-hialuronico-30-capsulas-collagenova\/\" \/>\n<meta property=\"og:site_name\" content=\"Lifenatura\" \/>\n<meta property=\"article:publisher\" content=\"https:\/\/www.facebook.com\/lifenatura\" \/>\n<meta property=\"article:modified_time\" content=\"2026-04-15T02:13:38+00:00\" \/>\n<meta property=\"og:image\" content=\"https:\/\/www.lifenatura.com\/wp-content\/uploads\/2025\/05\/acido-hialuronico-colagenova.jpg\" \/>\n\t<meta property=\"og:image:width\" content=\"1000\" \/>\n\t<meta property=\"og:image:height\" content=\"1000\" \/>\n\t<meta property=\"og:image:type\" content=\"image\/jpeg\" \/>\n<meta name=\"twitter:card\" content=\"summary_large_image\" \/>\n<meta name=\"twitter:label1\" content=\"Precio\" \/>\n\t<meta name=\"twitter:data1\" content=\"15,82&nbsp;&euro;\" \/>\n\t<meta name=\"twitter:label2\" content=\"Disponibilidad\" \/>\n\t<meta name=\"twitter:data2\" content=\"Disponible\" \/>\n<meta property=\"product:price:amount\" content=\"15.82\" \/>\n<meta property=\"product:price:currency\" content=\"EUR\" \/>\n<meta property=\"og:availability\" content=\"instock\" \/>\n<meta property=\"product:availability\" content=\"instock\" \/>\n<meta property=\"product:retailer_item_id\" content=\"8437007166699\" \/>\n<meta property=\"product:condition\" content=\"new\" \/>\n<!-- \/ Yoast SEO Premium plugin. -->","yoast_head_json":{"title":"\u00c1cido Hialur\u00f3nico 30 C\u00e1psulas - Collagenova - Lifenatura","description":"\u00c1cido Hialur\u00f3nico un suplemento que favorece la hidrataci\u00f3n, elasticidad y firmeza de la piel, y contribuye a la salud de las articulaciones.","robots":{"index":"index","follow":"follow","max-snippet":"max-snippet:-1","max-image-preview":"max-image-preview:large","max-video-preview":"max-video-preview:-1"},"canonical":"https:\/\/www.lifenatura.com\/es\/produto\/acido-hialuronico-30-capsulas-collagenova\/","og_locale":"es_ES","og_type":"article","og_title":"\u00c1cido Hialur\u00f3nico 30 C\u00e1psulas - Collagenova - Lifenatura","og_description":"Compre aqui o seu \u00c1cido Hialur\u00f3nico 30 C\u00e1psulas - Collagenova e a Lifenatura Online envia em 48 H com Portes Gratis >35\u20ac de Pedido.","og_url":"https:\/\/www.lifenatura.com\/es\/produto\/acido-hialuronico-30-capsulas-collagenova\/","og_site_name":"Lifenatura","article_publisher":"https:\/\/www.facebook.com\/lifenatura","article_modified_time":"2026-04-15T02:13:38+00:00","og_image":[{"width":1000,"height":1000,"url":"https:\/\/www.lifenatura.com\/wp-content\/uploads\/2025\/05\/acido-hialuronico-colagenova.jpg","type":"image\/jpeg"}],"twitter_card":"summary_large_image","twitter_misc":{"Precio":"15,82&nbsp;&euro;","Disponibilidad":"Disponible"},"schema":{"@context":"https:\/\/schema.org","@graph":[{"@type":"WebPage","@id":"https:\/\/www.lifenatura.com\/es\/produto\/acido-hialuronico-30-capsulas-collagenova\/","url":"https:\/\/www.lifenatura.com\/es\/produto\/acido-hialuronico-30-capsulas-collagenova\/","name":"\u00c1cido Hialur\u00f3nico 30 C\u00e1psulas - Collagenova - Lifenatura","isPartOf":{"@id":"https:\/\/www.lifenatura.com\/#website"},"primaryImageOfPage":{"@id":"https:\/\/www.lifenatura.com\/es\/produto\/acido-hialuronico-30-capsulas-collagenova\/#primaryimage"},"image":{"@id":"https:\/\/www.lifenatura.com\/es\/produto\/acido-hialuronico-30-capsulas-collagenova\/#primaryimage"},"thumbnailUrl":"https:\/\/www.lifenatura.com\/wp-content\/uploads\/2025\/05\/acido-hialuronico-colagenova.jpg","datePublished":"2025-05-20T16:09:48+00:00","dateModified":"2026-04-15T02:13:38+00:00","description":"\u00c1cido Hialur\u00f3nico un suplemento que favorece la hidrataci\u00f3n, elasticidad y firmeza de la piel, y contribuye a la salud de las articulaciones.","breadcrumb":{"@id":"https:\/\/www.lifenatura.com\/es\/produto\/acido-hialuronico-30-capsulas-collagenova\/#breadcrumb"},"inLanguage":"es","potentialAction":[{"@type":"ReadAction","target":["https:\/\/www.lifenatura.com\/es\/produto\/acido-hialuronico-30-capsulas-collagenova\/"]}]},{"@type":"ImageObject","inLanguage":"es","@id":"https:\/\/www.lifenatura.com\/es\/produto\/acido-hialuronico-30-capsulas-collagenova\/#primaryimage","url":"https:\/\/www.lifenatura.com\/wp-content\/uploads\/2025\/05\/acido-hialuronico-colagenova.jpg","contentUrl":"https:\/\/www.lifenatura.com\/wp-content\/uploads\/2025\/05\/acido-hialuronico-colagenova.jpg","width":1000,"height":1000,"caption":"\u00c1cido hialur\u00f3nico Colagenova"},{"@type":"BreadcrumbList","@id":"https:\/\/www.lifenatura.com\/es\/produto\/acido-hialuronico-30-capsulas-collagenova\/#breadcrumb","itemListElement":[{"@type":"ListItem","position":1,"name":"In\u00edcio","item":"https:\/\/www.lifenatura.com\/es\/"},{"@type":"ListItem","position":2,"name":"Todos los Productos","item":"https:\/\/www.lifenatura.com\/es\/tienda\/"},{"@type":"ListItem","position":3,"name":"\u00c1cido Hialur\u00f3nico 30 C\u00e1psulas &#8211; Collagenova"}]},{"@type":"WebSite","@id":"https:\/\/www.lifenatura.com\/#website","url":"https:\/\/www.lifenatura.com\/","name":"Lifenatura","description":"A Lifenatura \u00e9 uma loja de produtos naturais, cosm\u00e9tica natural e alimenta\u00e7\u00e3o Biol\u00f3gica.","publisher":{"@id":"https:\/\/www.lifenatura.com\/#organization"},"potentialAction":[{"@type":"SearchAction","target":{"@type":"EntryPoint","urlTemplate":"https:\/\/www.lifenatura.com\/?s={search_term_string}"},"query-input":{"@type":"PropertyValueSpecification","valueRequired":true,"valueName":"search_term_string"}}],"inLanguage":"es"},{"@type":"Organization","@id":"https:\/\/www.lifenatura.com\/#organization","name":"Lifenatura","url":"https:\/\/www.lifenatura.com\/","logo":{"@type":"ImageObject","inLanguage":"es","@id":"https:\/\/www.lifenatura.com\/#\/schema\/logo\/image\/","url":"https:\/\/www.lifenatura.com\/wp-content\/uploads\/2021\/11\/logo.png","contentUrl":"https:\/\/www.lifenatura.com\/wp-content\/uploads\/2021\/11\/logo.png","width":175,"height":55,"caption":"Lifenatura"},"image":{"@id":"https:\/\/www.lifenatura.com\/#\/schema\/logo\/image\/"},"sameAs":["https:\/\/www.facebook.com\/lifenatura","https:\/\/www.instagram.com\/lifenaturapt\/"]}]},"product_price_amount":"15.82","product_price_currency":"EUR","og_availability":"instock","product_availability":"instock","product_retailer_item_id":"8437007166699","product_condition":"new"},"df_price":15.82,"df_sale_price":13.45,"df_regular_price":15.82,"df_image_link":"https:\/\/www.lifenatura.com\/wp-content\/uploads\/2025\/05\/acido-hialuronico-colagenova-300x300.jpg","_links":{"self":[{"href":"https:\/\/www.lifenatura.com\/es\/wp-json\/wp\/v2\/product\/114531","targetHints":{"allow":["GET"]}}],"collection":[{"href":"https:\/\/www.lifenatura.com\/es\/wp-json\/wp\/v2\/product"}],"about":[{"href":"https:\/\/www.lifenatura.com\/es\/wp-json\/wp\/v2\/types\/product"}],"wp:featuredmedia":[{"embeddable":true,"href":"https:\/\/www.lifenatura.com\/es\/wp-json\/wp\/v2\/media\/112099"}],"wp:attachment":[{"href":"https:\/\/www.lifenatura.com\/es\/wp-json\/wp\/v2\/media?parent=114531"}],"wp:term":[{"taxonomy":"product_brand","embeddable":true,"href":"https:\/\/www.lifenatura.com\/es\/wp-json\/wp\/v2\/product_brand?post=114531"},{"taxonomy":"product_cat","embeddable":true,"href":"https:\/\/www.lifenatura.com\/es\/wp-json\/wp\/v2\/product_cat?post=114531"},{"taxonomy":"product_tag","embeddable":true,"href":"https:\/\/www.lifenatura.com\/es\/wp-json\/wp\/v2\/product_tag?post=114531"}],"curies":[{"name":"wp","href":"https:\/\/api.w.org\/{rel}","templated":true}]}}