{"id":114530,"date":"2025-05-20T16:09:55","date_gmt":"2025-05-20T16:09:55","guid":{"rendered":"https:\/\/www.lifenatura.com\/produto\/osteoforte-marino-sabor-chocolate-315g-collagenova\/"},"modified":"2026-04-05T00:51:48","modified_gmt":"2026-04-05T00:51:48","slug":"osteoforte-marino-sabor-chocolate-315g-collagenova","status":"publish","type":"product","link":"https:\/\/www.lifenatura.com\/es\/produto\/osteoforte-marino-sabor-chocolate-315g-collagenova\/","title":{"rendered":"Osteoforte Marino sabor Chocolate 315g &#8211; Collagenova"},"content":{"rendered":"<h2 style=\"text-align: left;\" data-start=\"81\" data-end=\"130\"><strong>Osteoforte Marino Sabor Chocolate &#8211; Colagenova<\/strong><\/h2>\n<p>&nbsp;<\/p>\n<p style=\"text-align: left;\" data-start=\"165\" data-end=\"319\"><span class=\"relative -mx-px my-[-0.2rem] rounded px-px py-[0.2rem] transition-colors duration-100 ease-in-out\"><strong data-start=\"2\" data-end=\"39\">Osteoforte Marino Sabor Chocolate<\/strong> de <strong data-start=\"49\" data-end=\"63\">Colagenova<\/strong> es un complemento alimenticio de primera calidad formulado para apoyar la salud \u00f3sea y articular.<\/span> <span class=\"relative -mx-px my-[-0.2rem] rounded px-px py-[0.2rem] transition-colors duration-100 ease-in-out\">Compuesto por p\u00e9ptidos de col\u00e1geno marino Peptan\u00ae, \u00e1cido hialur\u00f3nico Exceptionhyal\u00ae, vitamina K2 natural (MenaQ7\u00ae), vitamina D3, calcio y magnesio, este suplemento ofrece una combinaci\u00f3n sin\u00e9rgica de nutrientes esenciales para fortalecer huesos y articulaciones.<\/span><\/p>\n<p style=\"text-align: left;\" data-start=\"165\" data-end=\"319\"><span class=\"relative -mx-px my-[-0.2rem] rounded px-px py-[0.2rem] transition-colors duration-100 ease-in-out\">Disponible en envase de 315 g, el producto se disuelve f\u00e1cilmente y tiene un agradable sabor a chocolate, por lo que es un placer comerlo todos los d\u00edas.<\/span><\/p>\n<p style=\"text-align: left;\" data-start=\"321\" data-end=\"347\"><strong data-start=\"321\" data-end=\"347\">Principales ventajas:<\/strong><\/p>\n<ul style=\"text-align: left;\" data-start=\"349\" data-end=\"817\">\n<li data-start=\"349\" data-end=\"507\">\n<p data-start=\"351\" data-end=\"507\"><strong data-start=\"351\" data-end=\"388\">Fortalecimiento \u00f3seo y articular:<\/strong> <span class=\"relative -mx-px my-[-0.2rem] rounded px-px py-[0.2rem] transition-colors duration-100 ease-in-out\">El col\u00e1geno marino Peptan\u00ae ayuda a mantener la estructura y elasticidad de huesos y articulaciones.<\/span><\/p>\n<\/li>\n<li data-start=\"509\" data-end=\"661\">\n<p data-start=\"511\" data-end=\"661\"><strong data-start=\"511\" data-end=\"542\">Mejora de la densidad \u00f3sea:<\/strong> <span class=\"relative -mx-px my-[-0.2rem] rounded px-px py-[0.2rem] transition-colors duration-100 ease-in-out\">La combinaci\u00f3n de calcio, magnesio, vitamina D3 y vitamina K2 natural (MenaQ7\u00ae) ayuda a mantener la densidad \u00f3sea y la absorci\u00f3n eficaz del calcio.<\/span><\/p>\n<\/li>\n<li data-start=\"663\" data-end=\"817\">\n<p data-start=\"665\" data-end=\"817\"><strong data-start=\"665\" data-end=\"698\">Apoyo a la movilidad articular:<\/strong> <span class=\"relative -mx-px my-[-0.2rem] rounded px-px py-[0.2rem] transition-colors duration-100 ease-in-out\">El \u00e1cido hialur\u00f3nico Exceptionhyal\u00ae act\u00faa como lubricante en las articulaciones, favoreciendo una mayor flexibilidad y movilidad.<\/span><\/p>\n<\/li>\n<\/ul>\n<p style=\"text-align: left;\" data-start=\"835\" data-end=\"953\"><span class=\"relative -mx-px my-[-0.2rem] rounded px-px py-[0.2rem] transition-colors duration-100 ease-in-out\">Este suplemento es adecuado para adultos que quieran fortalecer sus huesos y articulaciones, especialmente los que corren riesgo de osteoporosis, artritis o desgaste articular.<\/span> <span class=\"relative -mx-px my-[-0.2rem] rounded px-px py-[0.2rem] transition-colors duration-100 ease-in-out\">Tambi\u00e9n se recomienda a personas con estilos de vida activos, deportistas y personas con dietas restrictivas que necesitan un aporte adicional de nutrientes para la salud de huesos y articulaciones.<\/span><\/p>\n<p data-start=\"835\" data-end=\"953\"><strong>Presentaci\u00f3n<\/strong><\/p>\n<p data-start=\"835\" data-end=\"953\">315g<\/p>\n<p data-start=\"835\" data-end=\"953\">\n","protected":false},"excerpt":{"rendered":"<p>Osteoforte Marino Sabor Chocolate es un complemento alimenticio que refuerza los huesos y las articulaciones, mejorando la densidad \u00f3sea y la movilidad articular.<\/p>\n<p>&nbsp; [&#8230;]<\/p>\n<p><a class=\"btn btn-secondary understrap-read-more-link\" href=\"https:\/\/www.lifenatura.com\/es\/produto\/osteoforte-marino-sabor-chocolate-315g-collagenova\/\">Leer m\u00e1s&#8230;<span class=\"screen-reader-text\"> from Osteoforte Marino sabor Chocolate 315g &#8211; Collagenova<\/span><\/a><\/p>\n","protected":false},"featured_media":112125,"template":"","meta":{"_acf_changed":false},"product_brand":[8549],"product_cat":[7205,7179,7883],"product_tag":[],"class_list":{"0":"post-114530","1":"product","2":"type-product","3":"status-publish","4":"has-post-thumbnail","6":"product_brand-colagenova","7":"product_cat-articulaciones","8":"product_cat-salud","9":"product_cat-suplementos-alimenticios","11":"first","12":"instock","13":"featured","14":"shipping-taxable","15":"purchasable","16":"product-type-simple","17":"add-to-wishlist-before_image"},"acf":[],"yoast_head":"<!-- This site is optimized with the Yoast SEO Premium plugin v27.1 (Yoast SEO v27.3) - https:\/\/yoast.com\/product\/yoast-seo-premium-wordpress\/ -->\n<title>Osteoforte Marino sabor Chocolate 315g - Collagenova - Lifenatura<\/title>\n<meta name=\"description\" content=\"Osteoforte Marino Chocolate es un complemento alimenticio que refuerza los huesos y las articulaciones, mejorando la densidad \u00f3sea y la movilidad articular.\" \/>\n<meta name=\"robots\" content=\"index, follow, max-snippet:-1, max-image-preview:large, max-video-preview:-1\" \/>\n<link rel=\"canonical\" href=\"https:\/\/www.lifenatura.com\/es\/produto\/osteoforte-marino-sabor-chocolate-315g-collagenova\/\" \/>\n<meta property=\"og:locale\" content=\"es_ES\" \/>\n<meta property=\"og:type\" content=\"article\" \/>\n<meta property=\"og:title\" content=\"Osteoforte Marino sabor Chocolate 315g - Collagenova - Lifenatura\" \/>\n<meta property=\"og:description\" content=\"Compre aqui o seu Osteoforte Marino sabor Chocolate 315g - Collagenova e a Lifenatura Online envia em 48 H com Portes Gratis &gt;35\u20ac de Pedido.\" \/>\n<meta property=\"og:url\" content=\"https:\/\/www.lifenatura.com\/es\/produto\/osteoforte-marino-sabor-chocolate-315g-collagenova\/\" \/>\n<meta property=\"og:site_name\" content=\"Lifenatura\" \/>\n<meta property=\"article:publisher\" content=\"https:\/\/www.facebook.com\/lifenatura\" \/>\n<meta property=\"article:modified_time\" content=\"2026-04-05T00:51:48+00:00\" \/>\n<meta property=\"og:image\" content=\"https:\/\/www.lifenatura.com\/wp-content\/uploads\/2025\/05\/osteoforte-marine-choco-colagenova.jpg\" \/>\n\t<meta property=\"og:image:width\" content=\"1000\" \/>\n\t<meta property=\"og:image:height\" content=\"1000\" \/>\n\t<meta property=\"og:image:type\" content=\"image\/jpeg\" \/>\n<meta name=\"twitter:card\" content=\"summary_large_image\" \/>\n<meta name=\"twitter:label1\" content=\"Precio\" \/>\n\t<meta name=\"twitter:data1\" content=\"41,97&nbsp;&euro;\" \/>\n\t<meta name=\"twitter:label2\" content=\"Disponibilidad\" \/>\n\t<meta name=\"twitter:data2\" content=\"Disponible\" \/>\n<meta property=\"product:price:amount\" content=\"41.97\" \/>\n<meta property=\"product:price:currency\" content=\"EUR\" \/>\n<meta property=\"og:availability\" content=\"instock\" \/>\n<meta property=\"product:availability\" content=\"instock\" \/>\n<meta property=\"product:retailer_item_id\" content=\"8437007166606\" \/>\n<meta property=\"product:condition\" content=\"new\" \/>\n<!-- \/ Yoast SEO Premium plugin. -->","yoast_head_json":{"title":"Osteoforte Marino sabor Chocolate 315g - Collagenova - Lifenatura","description":"Osteoforte Marino Chocolate es un complemento alimenticio que refuerza los huesos y las articulaciones, mejorando la densidad \u00f3sea y la movilidad articular.","robots":{"index":"index","follow":"follow","max-snippet":"max-snippet:-1","max-image-preview":"max-image-preview:large","max-video-preview":"max-video-preview:-1"},"canonical":"https:\/\/www.lifenatura.com\/es\/produto\/osteoforte-marino-sabor-chocolate-315g-collagenova\/","og_locale":"es_ES","og_type":"article","og_title":"Osteoforte Marino sabor Chocolate 315g - Collagenova - Lifenatura","og_description":"Compre aqui o seu Osteoforte Marino sabor Chocolate 315g - Collagenova e a Lifenatura Online envia em 48 H com Portes Gratis >35\u20ac de Pedido.","og_url":"https:\/\/www.lifenatura.com\/es\/produto\/osteoforte-marino-sabor-chocolate-315g-collagenova\/","og_site_name":"Lifenatura","article_publisher":"https:\/\/www.facebook.com\/lifenatura","article_modified_time":"2026-04-05T00:51:48+00:00","og_image":[{"width":1000,"height":1000,"url":"https:\/\/www.lifenatura.com\/wp-content\/uploads\/2025\/05\/osteoforte-marine-choco-colagenova.jpg","type":"image\/jpeg"}],"twitter_card":"summary_large_image","twitter_misc":{"Precio":"41,97&nbsp;&euro;","Disponibilidad":"Disponible"},"schema":{"@context":"https:\/\/schema.org","@graph":[{"@type":"WebPage","@id":"https:\/\/www.lifenatura.com\/es\/produto\/osteoforte-marino-sabor-chocolate-315g-collagenova\/","url":"https:\/\/www.lifenatura.com\/es\/produto\/osteoforte-marino-sabor-chocolate-315g-collagenova\/","name":"Osteoforte Marino sabor Chocolate 315g - Collagenova - Lifenatura","isPartOf":{"@id":"https:\/\/www.lifenatura.com\/es\/#website"},"primaryImageOfPage":{"@id":"https:\/\/www.lifenatura.com\/es\/produto\/osteoforte-marino-sabor-chocolate-315g-collagenova\/#primaryimage"},"image":{"@id":"https:\/\/www.lifenatura.com\/es\/produto\/osteoforte-marino-sabor-chocolate-315g-collagenova\/#primaryimage"},"thumbnailUrl":"https:\/\/www.lifenatura.com\/wp-content\/uploads\/2025\/05\/osteoforte-marine-choco-colagenova.jpg","datePublished":"2025-05-20T16:09:55+00:00","dateModified":"2026-04-05T00:51:48+00:00","description":"Osteoforte Marino Chocolate es un complemento alimenticio que refuerza los huesos y las articulaciones, mejorando la densidad \u00f3sea y la movilidad articular.","breadcrumb":{"@id":"https:\/\/www.lifenatura.com\/es\/produto\/osteoforte-marino-sabor-chocolate-315g-collagenova\/#breadcrumb"},"inLanguage":"es","potentialAction":[{"@type":"ReadAction","target":["https:\/\/www.lifenatura.com\/es\/produto\/osteoforte-marino-sabor-chocolate-315g-collagenova\/"]}]},{"@type":"ImageObject","inLanguage":"es","@id":"https:\/\/www.lifenatura.com\/es\/produto\/osteoforte-marino-sabor-chocolate-315g-collagenova\/#primaryimage","url":"https:\/\/www.lifenatura.com\/wp-content\/uploads\/2025\/05\/osteoforte-marine-choco-colagenova.jpg","contentUrl":"https:\/\/www.lifenatura.com\/wp-content\/uploads\/2025\/05\/osteoforte-marine-choco-colagenova.jpg","width":1000,"height":1000,"caption":"Osteoforte Marino de Colagenova"},{"@type":"BreadcrumbList","@id":"https:\/\/www.lifenatura.com\/es\/produto\/osteoforte-marino-sabor-chocolate-315g-collagenova\/#breadcrumb","itemListElement":[{"@type":"ListItem","position":1,"name":"In\u00edcio","item":"https:\/\/www.lifenatura.com\/es\/"},{"@type":"ListItem","position":2,"name":"Todos los Productos","item":"https:\/\/www.lifenatura.com\/es\/tienda\/"},{"@type":"ListItem","position":3,"name":"Osteoforte Marino sabor Chocolate 315g &#8211; Collagenova"}]},{"@type":"WebSite","@id":"https:\/\/www.lifenatura.com\/es\/#website","url":"https:\/\/www.lifenatura.com\/es\/","name":"Lifenatura","description":"A Lifenatura \u00e9 uma loja de produtos naturais, cosm\u00e9tica natural e alimenta\u00e7\u00e3o Biol\u00f3gica.","publisher":{"@id":"https:\/\/www.lifenatura.com\/es\/#organization"},"potentialAction":[{"@type":"SearchAction","target":{"@type":"EntryPoint","urlTemplate":"https:\/\/www.lifenatura.com\/es\/?s={search_term_string}"},"query-input":{"@type":"PropertyValueSpecification","valueRequired":true,"valueName":"search_term_string"}}],"inLanguage":"es"},{"@type":"Organization","@id":"https:\/\/www.lifenatura.com\/es\/#organization","name":"Lifenatura","url":"https:\/\/www.lifenatura.com\/es\/","logo":{"@type":"ImageObject","inLanguage":"es","@id":"https:\/\/www.lifenatura.com\/es\/#\/schema\/logo\/image\/","url":"https:\/\/www.lifenatura.com\/wp-content\/uploads\/2021\/11\/logo.png","contentUrl":"https:\/\/www.lifenatura.com\/wp-content\/uploads\/2021\/11\/logo.png","width":175,"height":55,"caption":"Lifenatura"},"image":{"@id":"https:\/\/www.lifenatura.com\/es\/#\/schema\/logo\/image\/"},"sameAs":["https:\/\/www.facebook.com\/lifenatura","https:\/\/www.instagram.com\/lifenaturapt\/"]}]},"product_price_amount":"41.97","product_price_currency":"EUR","og_availability":"instock","product_availability":"instock","product_retailer_item_id":"8437007166606","product_condition":"new"},"df_price":41.97,"df_sale_price":35.67,"df_regular_price":41.97,"df_image_link":"https:\/\/www.lifenatura.com\/wp-content\/uploads\/2025\/05\/osteoforte-marine-choco-colagenova-300x300.jpg","_links":{"self":[{"href":"https:\/\/www.lifenatura.com\/es\/wp-json\/wp\/v2\/product\/114530","targetHints":{"allow":["GET"]}}],"collection":[{"href":"https:\/\/www.lifenatura.com\/es\/wp-json\/wp\/v2\/product"}],"about":[{"href":"https:\/\/www.lifenatura.com\/es\/wp-json\/wp\/v2\/types\/product"}],"wp:featuredmedia":[{"embeddable":true,"href":"https:\/\/www.lifenatura.com\/es\/wp-json\/wp\/v2\/media\/112125"}],"wp:attachment":[{"href":"https:\/\/www.lifenatura.com\/es\/wp-json\/wp\/v2\/media?parent=114530"}],"wp:term":[{"taxonomy":"product_brand","embeddable":true,"href":"https:\/\/www.lifenatura.com\/es\/wp-json\/wp\/v2\/product_brand?post=114530"},{"taxonomy":"product_cat","embeddable":true,"href":"https:\/\/www.lifenatura.com\/es\/wp-json\/wp\/v2\/product_cat?post=114530"},{"taxonomy":"product_tag","embeddable":true,"href":"https:\/\/www.lifenatura.com\/es\/wp-json\/wp\/v2\/product_tag?post=114530"}],"curies":[{"name":"wp","href":"https:\/\/api.w.org\/{rel}","templated":true}]}}