{"id":114129,"date":"2025-05-20T16:09:33","date_gmt":"2025-05-20T16:09:33","guid":{"rendered":"https:\/\/www.lifenatura.com\/produto\/enzimado-60-capsulas-vegafarma\/"},"modified":"2026-04-21T00:02:06","modified_gmt":"2026-04-21T00:02:06","slug":"enzimado-60-capsulas-vegafarma","status":"publish","type":"product","link":"https:\/\/www.lifenatura.com\/es\/produto\/enzimado-60-capsulas-vegafarma\/","title":{"rendered":"Enzima D 60 C\u00e1psulas &#8211; Vegafarma"},"content":{"rendered":"<h2 data-start=\"235\" data-end=\"286\">Enzima D Apoyo Digestivo Avanzado | Vegafarma<\/h2>\n<p>&nbsp;<\/p>\n<p data-start=\"321\" data-end=\"473\"><span class=\"relative -mx-px my-[-0.2rem] rounded px-px py-[0.2rem] transition-colors duration-100 ease-in-out\"><strong data-start=\"2\" data-end=\"13\">Enzimado<\/strong> de <strong data-start=\"17\" data-end=\"30\">Vegafarma<\/strong> es un complemento alimenticio formulado para favorecer el proceso digestivo, especialmente en situaciones de digesti\u00f3n lenta, hinchaz\u00f3n o molestias abdominales.<\/span><\/p>\n<p data-start=\"321\" data-end=\"473\"><span class=\"relative -mx-px my-[-0.2rem] rounded px-px py-[0.2rem] transition-colors duration-100 ease-in-out\">Su composici\u00f3n combina enzimas digestivas de origen vegetal con extractos naturales, favoreciendo una digesti\u00f3n eficaz y el equilibrio de la flora intestinal.<\/span> <span class=\"relative -mx-px my-[-0.2rem] rounded px-px py-[0.2rem] transition-colors duration-100 ease-in-out\">Ideal para quienes buscan una ayuda natural para mejorar la funci\u00f3n digestiva y el bienestar gastrointestinal.<\/span><\/p>\n<p data-start=\"475\" data-end=\"501\"><strong data-start=\"475\" data-end=\"501\">Principales ventajas:<\/strong><\/p>\n<ul data-start=\"503\" data-end=\"942\">\n<li data-start=\"503\" data-end=\"607\">\n<p data-start=\"505\" data-end=\"607\"><strong data-start=\"505\" data-end=\"528\">Mejora la digesti\u00f3n:<\/strong> <span class=\"relative -mx-px my-[-0.2rem] rounded px-px py-[0.2rem] transition-colors duration-100 ease-in-out\">Facilita la descomposici\u00f3n de macronutrientes como prote\u00ednas, grasas e hidratos de carbono.<\/span><\/p>\n<\/li>\n<li data-start=\"609\" data-end=\"720\">\n<p data-start=\"611\" data-end=\"720\"><strong data-start=\"611\" data-end=\"641\">Reduce la hinchaz\u00f3n abdominal:<\/strong> <span class=\"relative -mx-px my-[-0.2rem] rounded px-px py-[0.2rem] transition-colors duration-100 ease-in-out\">Ayuda a aliviar la sensaci\u00f3n de plenitud y gases despu\u00e9s de las comidas.<\/span><\/p>\n<\/li>\n<li data-start=\"722\" data-end=\"836\">\n<p data-start=\"724\" data-end=\"836\"><strong data-start=\"724\" data-end=\"757\">Equilibra la flora intestinal:<\/strong> <span class=\"relative -mx-px my-[-0.2rem] rounded px-px py-[0.2rem] transition-colors duration-100 ease-in-out\">Contribuye al mantenimiento de un medio intestinal sano.<\/span><\/p>\n<\/li>\n<li data-start=\"838\" data-end=\"942\">\n<p data-start=\"840\" data-end=\"942\"><strong data-start=\"840\" data-end=\"863\">Composici\u00f3n natural:<\/strong> <span class=\"relative -mx-px my-[-0.2rem] rounded px-px py-[0.2rem] transition-colors duration-100 ease-in-out\">Sin sustancias artificiales, apto para dietas veganas y vegetarianas.<\/span><\/p>\n<\/li>\n<\/ul>\n<p data-start=\"944\" data-end=\"958\"><strong data-start=\"944\" data-end=\"958\">Indicaci\u00f3n:<\/strong><\/p>\n<p data-start=\"960\" data-end=\"1078\"><span class=\"relative -mx-px my-[-0.2rem] rounded px-px py-[0.2rem] transition-colors duration-100 ease-in-out\">Este suplemento est\u00e1 indicado para adultos que experimentan molestias digestivas como hinchaz\u00f3n, gases o digesti\u00f3n lenta.<\/span> <span class=\"relative -mx-px my-[-0.2rem] rounded px-px py-[0.2rem] transition-colors duration-100 ease-in-out\">Tambi\u00e9n es \u00fatil para las personas que desean favorecer la salud intestinal y mejorar la absorci\u00f3n de nutrientes.<\/span><\/p>\n<p data-start=\"960\" data-end=\"1078\">Es una mezcla \u00fanica y patentada de cinco enzimas espec\u00edficas, a saber, \u03b1-amilasa (enzima digestiva del almid\u00f3n), proteasa (enzima digestiva de las prote\u00ednas), lipasa (enzima digestiva de las grasas), celulosa (enzima hidrolizante de la celulosa) y lactasa (enzima hidrolizante de la lactosa).<\/p>\n<p class=\"p1\">Ayuda en los procesos digestivos y en las disfunciones del aparato digestivo, \u00fatil para personas con compromiso de la funci\u00f3n g\u00e1strica y\/o intestinal, hipercolesterolemia, diabetes, resistencia a la insulina, estados de estr\u00e9s, fumadores, envejecimiento, desintoxicaci\u00f3n, alergias y p\u00e9rdida de peso.<\/p>\n<p data-start=\"960\" data-end=\"1078\"><strong>PRESENTACI\u00d3N<\/strong><\/p>\n<p data-start=\"960\" data-end=\"1078\">60 c\u00e1psulas<\/p>\n<p data-start=\"960\" data-end=\"1078\">\n","protected":false},"excerpt":{"rendered":"<p>Enzymed de Vegafarma favorece la digesti\u00f3n y alivia la hinchaz\u00f3n abdominal favoreciendo el equilibrio de la flora intestinal con una composici\u00f3n natural. [&#8230;]<\/p>\n<p><a class=\"btn btn-secondary understrap-read-more-link\" href=\"https:\/\/www.lifenatura.com\/es\/produto\/enzimado-60-capsulas-vegafarma\/\">Leer m\u00e1s&#8230;<span class=\"screen-reader-text\"> from Enzima D 60 C\u00e1psulas &#8211; Vegafarma<\/span><\/a><\/p>\n","protected":false},"featured_media":112053,"template":"","meta":{"_acf_changed":false},"product_brand":[8389],"product_cat":[7253,7179,7883],"product_tag":[],"class_list":{"0":"post-114129","1":"product","2":"type-product","3":"status-publish","4":"has-post-thumbnail","6":"product_brand-vegafarma","7":"product_cat-digestion","8":"product_cat-salud","9":"product_cat-suplementos-alimenticios","11":"first","12":"instock","13":"sale","14":"featured","15":"shipping-taxable","16":"purchasable","17":"product-type-simple","18":"add-to-wishlist-before_image"},"acf":[],"yoast_head":"<!-- This site is optimized with the Yoast SEO Premium plugin v27.1 (Yoast SEO v27.5) - https:\/\/yoast.com\/product\/yoast-seo-premium-wordpress\/ -->\n<title>Enzima D 60 C\u00e1psulas - Vegafarma - Na Lifenatura ao Melhor Pre\u00e7o | Envio em 48h<\/title>\n<meta name=\"description\" content=\"Enzymed de Vegafarma favorece la digesti\u00f3n y alivia la hinchaz\u00f3n abdominal favoreciendo el equilibrio de la flora intestinal con una composici\u00f3n natural.\" \/>\n<meta name=\"robots\" content=\"index, follow, max-snippet:-1, max-image-preview:large, max-video-preview:-1\" \/>\n<link rel=\"canonical\" href=\"https:\/\/www.lifenatura.com\/es\/produto\/enzimado-60-capsulas-vegafarma\/\" \/>\n<meta property=\"og:locale\" content=\"es_ES\" \/>\n<meta property=\"og:type\" content=\"article\" \/>\n<meta property=\"og:title\" content=\"Enzima D 60 C\u00e1psulas - Vegafarma - Na Lifenatura ao Melhor Pre\u00e7o | Envio 48h\" \/>\n<meta property=\"og:description\" content=\"Compre Enzima D 60 C\u00e1psulas - Vegafarma com envio r\u00e1pido. Entrega em 48h e portes gr\u00e1tis em compras &gt;35\u20ac. Aproveite j\u00e1 na Lifenatura\" \/>\n<meta property=\"og:url\" content=\"https:\/\/www.lifenatura.com\/es\/produto\/enzimado-60-capsulas-vegafarma\/\" \/>\n<meta property=\"og:site_name\" content=\"Lifenatura\" \/>\n<meta property=\"article:publisher\" content=\"https:\/\/www.facebook.com\/lifenatura\" \/>\n<meta property=\"article:modified_time\" content=\"2026-04-21T00:02:06+00:00\" \/>\n<meta property=\"og:image\" content=\"https:\/\/www.lifenatura.com\/wp-content\/uploads\/2025\/05\/enzyme-d-60-caps-vegafarma.jpg\" \/>\n\t<meta property=\"og:image:width\" content=\"1000\" \/>\n\t<meta property=\"og:image:height\" content=\"1000\" \/>\n\t<meta property=\"og:image:type\" content=\"image\/jpeg\" \/>\n<meta name=\"twitter:card\" content=\"summary_large_image\" \/>\n<meta name=\"twitter:label1\" content=\"Precio\" \/>\n\t<meta name=\"twitter:data1\" content=\"22,28&nbsp;&euro;\" \/>\n\t<meta name=\"twitter:label2\" content=\"Disponibilidad\" \/>\n\t<meta name=\"twitter:data2\" content=\"Disponible\" \/>\n<script type=\"application\/ld+json\" class=\"yoast-schema-graph\">{\"@context\":\"https:\\\/\\\/schema.org\",\"@graph\":[{\"@type\":\"WebPage\",\"@id\":\"https:\\\/\\\/www.lifenatura.com\\\/es\\\/produto\\\/enzimado-60-capsulas-vegafarma\\\/\",\"url\":\"https:\\\/\\\/www.lifenatura.com\\\/es\\\/produto\\\/enzimado-60-capsulas-vegafarma\\\/\",\"name\":\"Enzima D 60 C\u00e1psulas - Vegafarma - Na Lifenatura ao Melhor Pre\u00e7o | Envio em 48h\",\"isPartOf\":{\"@id\":\"https:\\\/\\\/www.lifenatura.com\\\/es\\\/#website\"},\"primaryImageOfPage\":{\"@id\":\"https:\\\/\\\/www.lifenatura.com\\\/es\\\/produto\\\/enzimado-60-capsulas-vegafarma\\\/#primaryimage\"},\"image\":{\"@id\":\"https:\\\/\\\/www.lifenatura.com\\\/es\\\/produto\\\/enzimado-60-capsulas-vegafarma\\\/#primaryimage\"},\"thumbnailUrl\":\"https:\\\/\\\/www.lifenatura.com\\\/wp-content\\\/uploads\\\/2025\\\/05\\\/enzyme-d-60-caps-vegafarma.jpg\",\"datePublished\":\"2025-05-20T16:09:33+00:00\",\"dateModified\":\"2026-04-21T00:02:06+00:00\",\"description\":\"Enzymed de Vegafarma favorece la digesti\u00f3n y alivia la hinchaz\u00f3n abdominal favoreciendo el equilibrio de la flora intestinal con una composici\u00f3n natural.\",\"breadcrumb\":{\"@id\":\"https:\\\/\\\/www.lifenatura.com\\\/es\\\/produto\\\/enzimado-60-capsulas-vegafarma\\\/#breadcrumb\"},\"inLanguage\":\"es\",\"potentialAction\":[{\"@type\":\"ReadAction\",\"target\":[\"https:\\\/\\\/www.lifenatura.com\\\/es\\\/produto\\\/enzimado-60-capsulas-vegafarma\\\/\"]}]},{\"@type\":\"ImageObject\",\"inLanguage\":\"es\",\"@id\":\"https:\\\/\\\/www.lifenatura.com\\\/es\\\/produto\\\/enzimado-60-capsulas-vegafarma\\\/#primaryimage\",\"url\":\"https:\\\/\\\/www.lifenatura.com\\\/wp-content\\\/uploads\\\/2025\\\/05\\\/enzyme-d-60-caps-vegafarma.jpg\",\"contentUrl\":\"https:\\\/\\\/www.lifenatura.com\\\/wp-content\\\/uploads\\\/2025\\\/05\\\/enzyme-d-60-caps-vegafarma.jpg\",\"width\":1000,\"height\":1000,\"caption\":\"Enzima D de Vegafarma\"},{\"@type\":\"BreadcrumbList\",\"@id\":\"https:\\\/\\\/www.lifenatura.com\\\/es\\\/produto\\\/enzimado-60-capsulas-vegafarma\\\/#breadcrumb\",\"itemListElement\":[{\"@type\":\"ListItem\",\"position\":1,\"name\":\"In\u00edcio\",\"item\":\"https:\\\/\\\/www.lifenatura.com\\\/es\\\/\"},{\"@type\":\"ListItem\",\"position\":2,\"name\":\"Todos los Productos\",\"item\":\"https:\\\/\\\/www.lifenatura.com\\\/es\\\/tienda\\\/\"},{\"@type\":\"ListItem\",\"position\":3,\"name\":\"Enzima D 60 C\u00e1psulas &#8211; Vegafarma\"}]},{\"@type\":\"WebSite\",\"@id\":\"https:\\\/\\\/www.lifenatura.com\\\/es\\\/#website\",\"url\":\"https:\\\/\\\/www.lifenatura.com\\\/es\\\/\",\"name\":\"Lifenatura\",\"description\":\"A Lifenatura \u00e9 uma loja de produtos naturais, cosm\u00e9tica natural e alimenta\u00e7\u00e3o Biol\u00f3gica.\",\"publisher\":{\"@id\":\"https:\\\/\\\/www.lifenatura.com\\\/es\\\/#organization\"},\"potentialAction\":[{\"@type\":\"SearchAction\",\"target\":{\"@type\":\"EntryPoint\",\"urlTemplate\":\"https:\\\/\\\/www.lifenatura.com\\\/es\\\/?s={search_term_string}\"},\"query-input\":{\"@type\":\"PropertyValueSpecification\",\"valueRequired\":true,\"valueName\":\"search_term_string\"}}],\"inLanguage\":\"es\"},{\"@type\":\"Organization\",\"@id\":\"https:\\\/\\\/www.lifenatura.com\\\/es\\\/#organization\",\"name\":\"Lifenatura\",\"url\":\"https:\\\/\\\/www.lifenatura.com\\\/es\\\/\",\"logo\":{\"@type\":\"ImageObject\",\"inLanguage\":\"es\",\"@id\":\"https:\\\/\\\/www.lifenatura.com\\\/es\\\/#\\\/schema\\\/logo\\\/image\\\/\",\"url\":\"https:\\\/\\\/www.lifenatura.com\\\/wp-content\\\/uploads\\\/2021\\\/07\\\/logo.png\",\"contentUrl\":\"https:\\\/\\\/www.lifenatura.com\\\/wp-content\\\/uploads\\\/2021\\\/07\\\/logo.png\",\"width\":175,\"height\":55,\"caption\":\"Lifenatura\"},\"image\":{\"@id\":\"https:\\\/\\\/www.lifenatura.com\\\/es\\\/#\\\/schema\\\/logo\\\/image\\\/\"},\"sameAs\":[\"https:\\\/\\\/www.facebook.com\\\/lifenatura\",\"https:\\\/\\\/www.instagram.com\\\/lifenaturapt\\\/\"],\"hasMerchantReturnPolicy\":{\"@type\":\"MerchantReturnPolicy\",\"merchantReturnLink\":\"https:\\\/\\\/www.lifenatura.com\\\/termos-condicoes-lifenatura\\\/\"}}]}<\/script>\n<meta property=\"product:price:amount\" content=\"22.28\" \/>\n<meta property=\"product:price:currency\" content=\"EUR\" \/>\n<meta property=\"og:availability\" content=\"instock\" \/>\n<meta property=\"product:availability\" content=\"instock\" \/>\n<meta property=\"product:retailer_item_id\" content=\"5600493200519\" \/>\n<meta property=\"product:condition\" content=\"new\" \/>\n<!-- \/ Yoast SEO Premium plugin. -->","yoast_head_json":{"title":"Enzima D 60 C\u00e1psulas - Vegafarma - Na Lifenatura ao Melhor Pre\u00e7o | Envio em 48h","description":"Enzymed de Vegafarma favorece la digesti\u00f3n y alivia la hinchaz\u00f3n abdominal favoreciendo el equilibrio de la flora intestinal con una composici\u00f3n natural.","robots":{"index":"index","follow":"follow","max-snippet":"max-snippet:-1","max-image-preview":"max-image-preview:large","max-video-preview":"max-video-preview:-1"},"canonical":"https:\/\/www.lifenatura.com\/es\/produto\/enzimado-60-capsulas-vegafarma\/","og_locale":"es_ES","og_type":"article","og_title":"Enzima D 60 C\u00e1psulas - Vegafarma - Na Lifenatura ao Melhor Pre\u00e7o | Envio 48h","og_description":"Compre Enzima D 60 C\u00e1psulas - Vegafarma com envio r\u00e1pido. Entrega em 48h e portes gr\u00e1tis em compras >35\u20ac. Aproveite j\u00e1 na Lifenatura","og_url":"https:\/\/www.lifenatura.com\/es\/produto\/enzimado-60-capsulas-vegafarma\/","og_site_name":"Lifenatura","article_publisher":"https:\/\/www.facebook.com\/lifenatura","article_modified_time":"2026-04-21T00:02:06+00:00","og_image":[{"width":1000,"height":1000,"url":"https:\/\/www.lifenatura.com\/wp-content\/uploads\/2025\/05\/enzyme-d-60-caps-vegafarma.jpg","type":"image\/jpeg"}],"twitter_card":"summary_large_image","twitter_misc":{"Precio":"22,28&nbsp;&euro;","Disponibilidad":"Disponible"},"schema":{"@context":"https:\/\/schema.org","@graph":[{"@type":"WebPage","@id":"https:\/\/www.lifenatura.com\/es\/produto\/enzimado-60-capsulas-vegafarma\/","url":"https:\/\/www.lifenatura.com\/es\/produto\/enzimado-60-capsulas-vegafarma\/","name":"Enzima D 60 C\u00e1psulas - Vegafarma - Na Lifenatura ao Melhor Pre\u00e7o | Envio em 48h","isPartOf":{"@id":"https:\/\/www.lifenatura.com\/es\/#website"},"primaryImageOfPage":{"@id":"https:\/\/www.lifenatura.com\/es\/produto\/enzimado-60-capsulas-vegafarma\/#primaryimage"},"image":{"@id":"https:\/\/www.lifenatura.com\/es\/produto\/enzimado-60-capsulas-vegafarma\/#primaryimage"},"thumbnailUrl":"https:\/\/www.lifenatura.com\/wp-content\/uploads\/2025\/05\/enzyme-d-60-caps-vegafarma.jpg","datePublished":"2025-05-20T16:09:33+00:00","dateModified":"2026-04-21T00:02:06+00:00","description":"Enzymed de Vegafarma favorece la digesti\u00f3n y alivia la hinchaz\u00f3n abdominal favoreciendo el equilibrio de la flora intestinal con una composici\u00f3n natural.","breadcrumb":{"@id":"https:\/\/www.lifenatura.com\/es\/produto\/enzimado-60-capsulas-vegafarma\/#breadcrumb"},"inLanguage":"es","potentialAction":[{"@type":"ReadAction","target":["https:\/\/www.lifenatura.com\/es\/produto\/enzimado-60-capsulas-vegafarma\/"]}]},{"@type":"ImageObject","inLanguage":"es","@id":"https:\/\/www.lifenatura.com\/es\/produto\/enzimado-60-capsulas-vegafarma\/#primaryimage","url":"https:\/\/www.lifenatura.com\/wp-content\/uploads\/2025\/05\/enzyme-d-60-caps-vegafarma.jpg","contentUrl":"https:\/\/www.lifenatura.com\/wp-content\/uploads\/2025\/05\/enzyme-d-60-caps-vegafarma.jpg","width":1000,"height":1000,"caption":"Enzima D de Vegafarma"},{"@type":"BreadcrumbList","@id":"https:\/\/www.lifenatura.com\/es\/produto\/enzimado-60-capsulas-vegafarma\/#breadcrumb","itemListElement":[{"@type":"ListItem","position":1,"name":"In\u00edcio","item":"https:\/\/www.lifenatura.com\/es\/"},{"@type":"ListItem","position":2,"name":"Todos los Productos","item":"https:\/\/www.lifenatura.com\/es\/tienda\/"},{"@type":"ListItem","position":3,"name":"Enzima D 60 C\u00e1psulas &#8211; Vegafarma"}]},{"@type":"WebSite","@id":"https:\/\/www.lifenatura.com\/es\/#website","url":"https:\/\/www.lifenatura.com\/es\/","name":"Lifenatura","description":"A Lifenatura \u00e9 uma loja de produtos naturais, cosm\u00e9tica natural e alimenta\u00e7\u00e3o Biol\u00f3gica.","publisher":{"@id":"https:\/\/www.lifenatura.com\/es\/#organization"},"potentialAction":[{"@type":"SearchAction","target":{"@type":"EntryPoint","urlTemplate":"https:\/\/www.lifenatura.com\/es\/?s={search_term_string}"},"query-input":{"@type":"PropertyValueSpecification","valueRequired":true,"valueName":"search_term_string"}}],"inLanguage":"es"},{"@type":"Organization","@id":"https:\/\/www.lifenatura.com\/es\/#organization","name":"Lifenatura","url":"https:\/\/www.lifenatura.com\/es\/","logo":{"@type":"ImageObject","inLanguage":"es","@id":"https:\/\/www.lifenatura.com\/es\/#\/schema\/logo\/image\/","url":"https:\/\/www.lifenatura.com\/wp-content\/uploads\/2021\/07\/logo.png","contentUrl":"https:\/\/www.lifenatura.com\/wp-content\/uploads\/2021\/07\/logo.png","width":175,"height":55,"caption":"Lifenatura"},"image":{"@id":"https:\/\/www.lifenatura.com\/es\/#\/schema\/logo\/image\/"},"sameAs":["https:\/\/www.facebook.com\/lifenatura","https:\/\/www.instagram.com\/lifenaturapt\/"],"hasMerchantReturnPolicy":{"@type":"MerchantReturnPolicy","merchantReturnLink":"https:\/\/www.lifenatura.com\/termos-condicoes-lifenatura\/"}}]},"product_price_amount":"22.28","product_price_currency":"EUR","og_availability":"instock","product_availability":"instock","product_retailer_item_id":"5600493200519","product_condition":"new"},"df_price":22.28,"df_sale_price":22.28,"df_regular_price":26.22,"df_image_link":"https:\/\/www.lifenatura.com\/wp-content\/uploads\/2025\/05\/enzyme-d-60-caps-vegafarma-300x300.jpg","_links":{"self":[{"href":"https:\/\/www.lifenatura.com\/es\/wp-json\/wp\/v2\/product\/114129","targetHints":{"allow":["GET"]}}],"collection":[{"href":"https:\/\/www.lifenatura.com\/es\/wp-json\/wp\/v2\/product"}],"about":[{"href":"https:\/\/www.lifenatura.com\/es\/wp-json\/wp\/v2\/types\/product"}],"wp:featuredmedia":[{"embeddable":true,"href":"https:\/\/www.lifenatura.com\/es\/wp-json\/wp\/v2\/media\/112053"}],"wp:attachment":[{"href":"https:\/\/www.lifenatura.com\/es\/wp-json\/wp\/v2\/media?parent=114129"}],"wp:term":[{"taxonomy":"product_brand","embeddable":true,"href":"https:\/\/www.lifenatura.com\/es\/wp-json\/wp\/v2\/product_brand?post=114129"},{"taxonomy":"product_cat","embeddable":true,"href":"https:\/\/www.lifenatura.com\/es\/wp-json\/wp\/v2\/product_cat?post=114129"},{"taxonomy":"product_tag","embeddable":true,"href":"https:\/\/www.lifenatura.com\/es\/wp-json\/wp\/v2\/product_tag?post=114129"}],"curies":[{"name":"wp","href":"https:\/\/api.w.org\/{rel}","templated":true}]}}