{"id":114128,"date":"2025-05-20T16:09:38","date_gmt":"2025-05-20T16:09:38","guid":{"rendered":"https:\/\/www.lifenatura.com\/produto\/resveratrol-30-capsulas-liposomia\/"},"modified":"2026-04-18T02:34:33","modified_gmt":"2026-04-18T02:34:33","slug":"resveratrol-30-capsulas-liposomia","status":"publish","type":"product","link":"https:\/\/www.lifenatura.com\/es\/produto\/resveratrol-30-capsulas-liposomia\/","title":{"rendered":"Resveratrol 30 C\u00e1psulas &#8211; Liposomia"},"content":{"rendered":"<h2 style=\"text-align: left;\" data-start=\"239\" data-end=\"326\"><strong>Resveratrol Liposomal &#8211; Potente Antioxidante para la Longevidad Celular<\/strong><\/h2>\n<p>&nbsp;<\/p>\n<p data-start=\"361\" data-end=\"513\"><span class=\"relative -mx-px my-[-0.2rem] rounded px-px py-[0.2rem] transition-colors duration-100 ease-in-out\">El <strong data-start=\"2\" data-end=\"28\">Resveratrol<\/strong> <strong data-start=\"32\" data-end=\"45\">Liposomal<\/strong> de <strong data-start=\"32\" data-end=\"45\">Liposomia<\/strong> es un complemento alimenticio innovador que utiliza la tecnolog\u00eda liposomal para mejorar la absorci\u00f3n y biodisponibilidad del resveratrol.<\/span> <span class=\"relative -mx-px my-[-0.2rem] rounded px-px py-[0.2rem] transition-colors duration-100 ease-in-out\">Este polifenol natural, que se encuentra en las uvas rojas y el vino tinto, es conocido por sus propiedades antioxidantes y antiinflamatorias.<\/span><\/p>\n<p data-start=\"361\" data-end=\"513\"><span class=\"relative -mx-px my-[-0.2rem] rounded px-px py-[0.2rem] transition-colors duration-100 ease-in-out\">La formulaci\u00f3n liposomal encapsula el resveratrol en peque\u00f1as part\u00edculas lip\u00eddicas, lo que permite una administraci\u00f3n m\u00e1s eficaz a los tejidos y c\u00e9lulas del organismo.<\/span><\/p>\n<p data-start=\"515\" data-end=\"541\"><strong data-start=\"515\" data-end=\"541\">Principales ventajas:<\/strong><\/p>\n<ul data-start=\"543\" data-end=\"1004\">\n<li data-start=\"543\" data-end=\"654\">\n<p data-start=\"545\" data-end=\"654\"><strong data-start=\"545\" data-end=\"575\">Potente acci\u00f3n antioxidante:<\/strong> <span class=\"relative -mx-px my-[-0.2rem] rounded px-px py-[0.2rem] transition-colors duration-100 ease-in-out\">Protege las c\u00e9lulas contra el da\u00f1o causado por los radicales libres, ayudando a reducir el envejecimiento celular.<\/span><\/p>\n<\/li>\n<li data-start=\"656\" data-end=\"774\">\n<p data-start=\"658\" data-end=\"774\"><strong data-start=\"658\" data-end=\"695\">Favorece la salud cardiovascular:<\/strong> <span class=\"relative -mx-px my-[-0.2rem] rounded px-px py-[0.2rem] transition-colors duration-100 ease-in-out\">Ayuda a mejorar la funci\u00f3n endotelial y la circulaci\u00f3n sangu\u00ednea, favoreciendo la salud del coraz\u00f3n.<\/span><\/p>\n<\/li>\n<li data-start=\"776\" data-end=\"889\">\n<p data-start=\"778\" data-end=\"889\"><strong data-start=\"778\" data-end=\"810\">Favorece la longevidad celular:<\/strong> <span class=\"relative -mx-px my-[-0.2rem] rounded px-px py-[0.2rem] transition-colors duration-100 ease-in-out\">Activa las sirtuinas, prote\u00ednas implicadas en la regulaci\u00f3n de la longevidad celular y el metabolismo.<\/span><\/p>\n<\/li>\n<li data-start=\"776\" data-end=\"889\">\n<p data-start=\"778\" data-end=\"889\"><strong data-start=\"893\" data-end=\"925\">Mejora la funci\u00f3n cognitiva:<\/strong> <span class=\"relative -mx-px my-[-0.2rem] rounded px-px py-[0.2rem] transition-colors duration-100 ease-in-out\">Contribuye a proteger el cerebro contra el envejecimiento prematuro y el deterioro cognitivo.<\/span><\/p>\n<\/li>\n<\/ul>\n<p data-start=\"1006\" data-end=\"1020\"><strong data-start=\"1006\" data-end=\"1020\">Indicaci\u00f3n:<\/strong><\/p>\n<p data-start=\"1022\" data-end=\"1140\"><span class=\"relative -mx-px my-[-0.2rem] rounded px-px py-[0.2rem] transition-colors duration-100 ease-in-out\">Este suplemento es adecuado para adultos que desean reforzar su salud cardiovascular, mejorar la funci\u00f3n cognitiva y promover la longevidad celular.<\/span> <span class=\"relative -mx-px my-[-0.2rem] rounded px-px py-[0.2rem] transition-colors duration-100 ease-in-out\">Es especialmente \u00fatil para personas con estilos de vida activos o que buscan estrategias naturales para combatir los efectos del envejecimiento.<\/span><\/p>\n<p data-start=\"1022\" data-end=\"1140\"><strong>PRESENTACI\u00d3N<\/strong><\/p>\n<p data-start=\"1022\" data-end=\"1140\">30 c\u00e1psulas<\/p>\n<p data-start=\"1022\" data-end=\"1140\">\n","protected":false},"excerpt":{"rendered":"<p>El Resveratrol Liposomal es un antioxidante avanzado que favorece la salud cardiovascular, mejora la funci\u00f3n cognitiva y promueve la longevidad celular. [&#8230;]<\/p>\n<p><a class=\"btn btn-secondary understrap-read-more-link\" href=\"https:\/\/www.lifenatura.com\/es\/produto\/resveratrol-30-capsulas-liposomia\/\">Leer m\u00e1s&#8230;<span class=\"screen-reader-text\"> from Resveratrol 30 C\u00e1psulas &#8211; Liposomia<\/span><\/a><\/p>\n","protected":false},"featured_media":112127,"template":"","meta":{"_acf_changed":false},"product_brand":[8448],"product_cat":[7236,7179,7883],"product_tag":[],"class_list":{"0":"post-114128","1":"product","2":"type-product","3":"status-publish","4":"has-post-thumbnail","6":"product_brand-liposomia","7":"product_cat-antioxidantes-salud","8":"product_cat-salud","9":"product_cat-suplementos-alimenticios","11":"first","12":"instock","13":"featured","14":"shipping-taxable","15":"purchasable","16":"product-type-simple","17":"add-to-wishlist-before_image"},"acf":[],"yoast_head":"<!-- This site is optimized with the Yoast SEO Premium plugin v27.1 (Yoast SEO v27.4) - https:\/\/yoast.com\/product\/yoast-seo-premium-wordpress\/ -->\n<title>Resveratrol 30 C\u00e1psulas - Liposomia - Lifenatura<\/title>\n<meta name=\"description\" content=\"El Resveratrol Liposomal es un antioxidante avanzado que favorece la salud cardiovascular, mejora la funci\u00f3n cognitiva y promueve la longevidad celular.\" \/>\n<meta name=\"robots\" content=\"index, follow, max-snippet:-1, max-image-preview:large, max-video-preview:-1\" \/>\n<link rel=\"canonical\" href=\"https:\/\/www.lifenatura.com\/es\/produto\/resveratrol-30-capsulas-liposomia\/\" \/>\n<meta property=\"og:locale\" content=\"es_ES\" \/>\n<meta property=\"og:type\" content=\"article\" \/>\n<meta property=\"og:title\" content=\"Resveratrol 30 C\u00e1psulas - Liposomia - Lifenatura\" \/>\n<meta property=\"og:description\" content=\"Compre aqui o seu Resveratrol 30 C\u00e1psulas - Liposomia e a Lifenatura Online envia em 48 H com Portes Gratis &gt;35\u20ac de Pedido.\" \/>\n<meta property=\"og:url\" content=\"https:\/\/www.lifenatura.com\/es\/produto\/resveratrol-30-capsulas-liposomia\/\" \/>\n<meta property=\"og:site_name\" content=\"Lifenatura\" \/>\n<meta property=\"article:publisher\" content=\"https:\/\/www.facebook.com\/lifenatura\" \/>\n<meta property=\"article:modified_time\" content=\"2026-04-18T02:34:33+00:00\" \/>\n<meta property=\"og:image\" content=\"https:\/\/www.lifenatura.com\/wp-content\/uploads\/2025\/05\/resveratrol-liposomia.jpg\" \/>\n\t<meta property=\"og:image:width\" content=\"1000\" \/>\n\t<meta property=\"og:image:height\" content=\"1000\" \/>\n\t<meta property=\"og:image:type\" content=\"image\/jpeg\" \/>\n<meta name=\"twitter:card\" content=\"summary_large_image\" \/>\n<meta name=\"twitter:label1\" content=\"Precio\" \/>\n\t<meta name=\"twitter:data1\" content=\"26,15&nbsp;&euro;\" \/>\n\t<meta name=\"twitter:label2\" content=\"Disponibilidad\" \/>\n\t<meta name=\"twitter:data2\" content=\"Disponible\" \/>\n<meta property=\"product:price:amount\" content=\"26.15\" \/>\n<meta property=\"product:price:currency\" content=\"EUR\" \/>\n<meta property=\"og:availability\" content=\"instock\" \/>\n<meta property=\"product:availability\" content=\"instock\" \/>\n<meta property=\"product:retailer_item_id\" content=\"3760293915883\" \/>\n<meta property=\"product:condition\" content=\"new\" \/>\n<!-- \/ Yoast SEO Premium plugin. -->","yoast_head_json":{"title":"Resveratrol 30 C\u00e1psulas - Liposomia - Lifenatura","description":"El Resveratrol Liposomal es un antioxidante avanzado que favorece la salud cardiovascular, mejora la funci\u00f3n cognitiva y promueve la longevidad celular.","robots":{"index":"index","follow":"follow","max-snippet":"max-snippet:-1","max-image-preview":"max-image-preview:large","max-video-preview":"max-video-preview:-1"},"canonical":"https:\/\/www.lifenatura.com\/es\/produto\/resveratrol-30-capsulas-liposomia\/","og_locale":"es_ES","og_type":"article","og_title":"Resveratrol 30 C\u00e1psulas - Liposomia - Lifenatura","og_description":"Compre aqui o seu Resveratrol 30 C\u00e1psulas - Liposomia e a Lifenatura Online envia em 48 H com Portes Gratis >35\u20ac de Pedido.","og_url":"https:\/\/www.lifenatura.com\/es\/produto\/resveratrol-30-capsulas-liposomia\/","og_site_name":"Lifenatura","article_publisher":"https:\/\/www.facebook.com\/lifenatura","article_modified_time":"2026-04-18T02:34:33+00:00","og_image":[{"width":1000,"height":1000,"url":"https:\/\/www.lifenatura.com\/wp-content\/uploads\/2025\/05\/resveratrol-liposomia.jpg","type":"image\/jpeg"}],"twitter_card":"summary_large_image","twitter_misc":{"Precio":"26,15&nbsp;&euro;","Disponibilidad":"Disponible"},"schema":{"@context":"https:\/\/schema.org","@graph":[{"@type":"WebPage","@id":"https:\/\/www.lifenatura.com\/es\/produto\/resveratrol-30-capsulas-liposomia\/","url":"https:\/\/www.lifenatura.com\/es\/produto\/resveratrol-30-capsulas-liposomia\/","name":"Resveratrol 30 C\u00e1psulas - Liposomia - Lifenatura","isPartOf":{"@id":"https:\/\/www.lifenatura.com\/es\/#website"},"primaryImageOfPage":{"@id":"https:\/\/www.lifenatura.com\/es\/produto\/resveratrol-30-capsulas-liposomia\/#primaryimage"},"image":{"@id":"https:\/\/www.lifenatura.com\/es\/produto\/resveratrol-30-capsulas-liposomia\/#primaryimage"},"thumbnailUrl":"https:\/\/www.lifenatura.com\/wp-content\/uploads\/2025\/05\/resveratrol-liposomia.jpg","datePublished":"2025-05-20T16:09:38+00:00","dateModified":"2026-04-18T02:34:33+00:00","description":"El Resveratrol Liposomal es un antioxidante avanzado que favorece la salud cardiovascular, mejora la funci\u00f3n cognitiva y promueve la longevidad celular.","breadcrumb":{"@id":"https:\/\/www.lifenatura.com\/es\/produto\/resveratrol-30-capsulas-liposomia\/#breadcrumb"},"inLanguage":"es","potentialAction":[{"@type":"ReadAction","target":["https:\/\/www.lifenatura.com\/es\/produto\/resveratrol-30-capsulas-liposomia\/"]}]},{"@type":"ImageObject","inLanguage":"es","@id":"https:\/\/www.lifenatura.com\/es\/produto\/resveratrol-30-capsulas-liposomia\/#primaryimage","url":"https:\/\/www.lifenatura.com\/wp-content\/uploads\/2025\/05\/resveratrol-liposomia.jpg","contentUrl":"https:\/\/www.lifenatura.com\/wp-content\/uploads\/2025\/05\/resveratrol-liposomia.jpg","width":1000,"height":1000,"caption":"xr:d:DAE15uDzwms:207,j:357329539862972131,t:24022010"},{"@type":"BreadcrumbList","@id":"https:\/\/www.lifenatura.com\/es\/produto\/resveratrol-30-capsulas-liposomia\/#breadcrumb","itemListElement":[{"@type":"ListItem","position":1,"name":"In\u00edcio","item":"https:\/\/www.lifenatura.com\/es\/"},{"@type":"ListItem","position":2,"name":"Todos los Productos","item":"https:\/\/www.lifenatura.com\/es\/tienda\/"},{"@type":"ListItem","position":3,"name":"Resveratrol 30 C\u00e1psulas &#8211; Liposomia"}]},{"@type":"WebSite","@id":"https:\/\/www.lifenatura.com\/es\/#website","url":"https:\/\/www.lifenatura.com\/es\/","name":"Lifenatura","description":"A Lifenatura \u00e9 uma loja de produtos naturais, cosm\u00e9tica natural e alimenta\u00e7\u00e3o Biol\u00f3gica.","publisher":{"@id":"https:\/\/www.lifenatura.com\/es\/#organization"},"potentialAction":[{"@type":"SearchAction","target":{"@type":"EntryPoint","urlTemplate":"https:\/\/www.lifenatura.com\/es\/?s={search_term_string}"},"query-input":{"@type":"PropertyValueSpecification","valueRequired":true,"valueName":"search_term_string"}}],"inLanguage":"es"},{"@type":"Organization","@id":"https:\/\/www.lifenatura.com\/es\/#organization","name":"Lifenatura","url":"https:\/\/www.lifenatura.com\/es\/","logo":{"@type":"ImageObject","inLanguage":"es","@id":"https:\/\/www.lifenatura.com\/es\/#\/schema\/logo\/image\/","url":"https:\/\/www.lifenatura.com\/wp-content\/uploads\/2021\/11\/logo.png","contentUrl":"https:\/\/www.lifenatura.com\/wp-content\/uploads\/2021\/11\/logo.png","width":175,"height":55,"caption":"Lifenatura"},"image":{"@id":"https:\/\/www.lifenatura.com\/es\/#\/schema\/logo\/image\/"},"sameAs":["https:\/\/www.facebook.com\/lifenatura","https:\/\/www.instagram.com\/lifenaturapt\/"]}]},"product_price_amount":"26.15","product_price_currency":"EUR","og_availability":"instock","product_availability":"instock","product_retailer_item_id":"3760293915883","product_condition":"new"},"df_price":26.15,"df_sale_price":22.22,"df_regular_price":26.15,"df_image_link":"https:\/\/www.lifenatura.com\/wp-content\/uploads\/2025\/05\/resveratrol-liposomia-300x300.jpg","_links":{"self":[{"href":"https:\/\/www.lifenatura.com\/es\/wp-json\/wp\/v2\/product\/114128","targetHints":{"allow":["GET"]}}],"collection":[{"href":"https:\/\/www.lifenatura.com\/es\/wp-json\/wp\/v2\/product"}],"about":[{"href":"https:\/\/www.lifenatura.com\/es\/wp-json\/wp\/v2\/types\/product"}],"wp:featuredmedia":[{"embeddable":true,"href":"https:\/\/www.lifenatura.com\/es\/wp-json\/wp\/v2\/media\/112127"}],"wp:attachment":[{"href":"https:\/\/www.lifenatura.com\/es\/wp-json\/wp\/v2\/media?parent=114128"}],"wp:term":[{"taxonomy":"product_brand","embeddable":true,"href":"https:\/\/www.lifenatura.com\/es\/wp-json\/wp\/v2\/product_brand?post=114128"},{"taxonomy":"product_cat","embeddable":true,"href":"https:\/\/www.lifenatura.com\/es\/wp-json\/wp\/v2\/product_cat?post=114128"},{"taxonomy":"product_tag","embeddable":true,"href":"https:\/\/www.lifenatura.com\/es\/wp-json\/wp\/v2\/product_tag?post=114128"}],"curies":[{"name":"wp","href":"https:\/\/api.w.org\/{rel}","templated":true}]}}