{"id":114126,"date":"2025-06-19T11:15:44","date_gmt":"2025-06-19T11:15:44","guid":{"rendered":"https:\/\/www.lifenatura.com\/produto\/pulsera-energetica-piedras-chakra\/"},"modified":"2025-06-30T23:57:55","modified_gmt":"2025-06-30T23:57:55","slug":"pulsera-energetica-piedras-chakra","status":"publish","type":"product","link":"https:\/\/www.lifenatura.com\/es\/produto\/pulsera-energetica-piedras-chakra\/","title":{"rendered":"Pulsera Energ\u00e9tica &#8211; Piedras Chakra"},"content":{"rendered":"<h2 style=\"text-align: left;\"><strong>Pulsera energ\u00e9tica de piedras de los chakras para el equilibrio y la energ\u00eda<\/strong><\/h2>\n<p>&nbsp;<\/p>\n<p><span class=\"relative -mx-px my-[-0.2rem] rounded px-px py-[0.2rem] transition-colors duration-100 ease-in-out\">La <strong data-start=\"2\" data-end=\"46\">Pulsera Energ\u00e9tica<\/strong> <strong data-start=\"50\" data-end=\"64\">Artesana AW<\/strong> <strong data-start=\"2\" data-end=\"46\">&#8211; Piedras de los Chakras<\/strong> es una pieza hecha a mano que combina est\u00e9tica y espiritualidad, dise\u00f1ada para favorecer el equilibrio energ\u00e9tico y el bienestar.<\/span> <span class=\"relative -mx-px my-[-0.2rem] rounded px-px py-[0.2rem] transition-colors duration-100 ease-in-out\">Compuesta por siete piedras naturales, cada una de las cuales representa uno de los principales chakras del cuerpo humano, esta pulsera act\u00faa como aliada en la armonizaci\u00f3n de las energ\u00edas vitales.<\/span><\/p>\n<p data-start=\"251\" data-end=\"288\"><span class=\"relative -mx-px my-[-0.2rem] rounded px-px py-[0.2rem] transition-colors duration-100 ease-in-out\">Las piedras utilizadas son<\/span><\/p>\n<ul data-start=\"289\" data-end=\"713\">\n<li data-start=\"289\" data-end=\"344\">\n<p data-start=\"291\" data-end=\"344\"><strong data-start=\"291\" data-end=\"303\">Rojo<\/strong>: <span class=\"relative -mx-px my-[-0.2rem] rounded px-px py-[0.2rem] transition-colors duration-100 ease-in-out\">Jaspe Rojo (Chakra Ra\u00edz)<\/span><\/p>\n<\/li>\n<li data-start=\"345\" data-end=\"399\">\n<p data-start=\"347\" data-end=\"399\"><strong data-start=\"347\" data-end=\"358\">Naranja<\/strong>: Cornalina <span class=\"relative -mx-px my-[-0.2rem] rounded px-px py-[0.2rem] transition-colors duration-100 ease-in-out\">(Chakra Sacro)<\/span><\/p>\n<\/li>\n<li data-start=\"400\" data-end=\"454\">\n<p data-start=\"402\" data-end=\"454\"><strong data-start=\"402\" data-end=\"413\">Amarillo<\/strong>: <span class=\"relative -mx-px my-[-0.2rem] rounded px-px py-[0.2rem] transition-colors duration-100 ease-in-out\">Citrino (Chakra del Plexo Solar)<\/span><\/p>\n<\/li>\n<li data-start=\"455\" data-end=\"507\">\n<p data-start=\"457\" data-end=\"507\"><strong data-start=\"457\" data-end=\"466\">Verde<\/strong>: <span class=\"relative -mx-px my-[-0.2rem] rounded px-px py-[0.2rem] transition-colors duration-100 ease-in-out\">Aventurina (Chakra del Coraz\u00f3n)<\/span><\/p>\n<\/li>\n<li data-start=\"508\" data-end=\"565\">\n<p data-start=\"510\" data-end=\"565\"><strong data-start=\"510\" data-end=\"524\">Azul claro<\/strong>: <span class=\"relative -mx-px my-[-0.2rem] rounded px-px py-[0.2rem] transition-colors duration-100 ease-in-out\">\u00c1gata azul (Chakra lar\u00edngeo)<\/span><\/p>\n<\/li>\n<li data-start=\"566\" data-end=\"619\">\n<p data-start=\"568\" data-end=\"619\"><strong data-start=\"568\" data-end=\"578\">\u00cdndigo<\/strong>: <span class=\"relative -mx-px my-[-0.2rem] rounded px-px py-[0.2rem] transition-colors duration-100 ease-in-out\">Sodalita (Chakra frontal)<\/span><\/p>\n<\/li>\n<li data-start=\"620\" data-end=\"713\">\n<p data-start=\"622\" data-end=\"713\"><strong data-start=\"622\" data-end=\"633\">Violeta<\/strong>: <span class=\"relative -mx-px my-[-0.2rem] rounded px-px py-[0.2rem] transition-colors duration-100 ease-in-out\">Amatista (Chakra Coronario)<\/span><\/p>\n<\/li>\n<\/ul>\n<p data-start=\"715\" data-end=\"833\"><span class=\"relative -mx-px my-[-0.2rem] rounded px-px py-[0.2rem] transition-colors duration-100 ease-in-out\">Cada piedra se eligi\u00f3 por su correspondencia energ\u00e9tica con los chakras, con el fin de restablecer el flujo de energ\u00eda y promover la armon\u00eda entre el cuerpo y la mente.<\/span> <span class=\"relative -mx-px my-[-0.2rem] rounded px-px py-[0.2rem] transition-colors duration-100 ease-in-out\">La pulsera est\u00e1 hecha de cord\u00f3n el\u00e1stico, que proporciona comodidad y adaptabilidad a la mu\u00f1eca.<\/span><\/p>\n<p data-start=\"835\" data-end=\"861\"><strong data-start=\"835\" data-end=\"861\">Principales ventajas:<\/strong><\/p>\n<ul data-start=\"863\" data-end=\"1167\">\n<li data-start=\"863\" data-end=\"931\">\n<p data-start=\"865\" data-end=\"931\"><strong data-start=\"865\" data-end=\"890\">Equilibrio energ\u00e9tico<\/strong>: <span class=\"relative -mx-px my-[-0.2rem] rounded px-px py-[0.2rem] transition-colors duration-100 ease-in-out\">Armoniza los siete chakras, favoreciendo el correcto flujo de la energ\u00eda vital.<\/span><\/p>\n<\/li>\n<li data-start=\"932\" data-end=\"994\">\n<p data-start=\"934\" data-end=\"994\"><strong data-start=\"934\" data-end=\"953\">Apoyo emocional<\/strong>: <span class=\"relative -mx-px my-[-0.2rem] rounded px-px py-[0.2rem] transition-colors duration-100 ease-in-out\">Ayuda a aliviar el estr\u00e9s, la ansiedad y las emociones negativas.<\/span><\/p>\n<\/li>\n<li data-start=\"995\" data-end=\"1062\">\n<p data-start=\"997\" data-end=\"1062\"><strong data-start=\"997\" data-end=\"1021\">Estimula la meditaci\u00f3n<\/strong>: <span class=\"relative -mx-px my-[-0.2rem] rounded px-px py-[0.2rem] transition-colors duration-100 ease-in-out\">Facilita la concentraci\u00f3n y la profundidad durante las pr\u00e1cticas de meditaci\u00f3n.<\/span><\/p>\n<\/li>\n<li data-start=\"1063\" data-end=\"1167\">\n<p data-start=\"1065\" data-end=\"1167\"><strong data-start=\"1065\" data-end=\"1087\">Estilo y bienestar<\/strong>: <span class=\"relative -mx-px my-[-0.2rem] rounded px-px py-[0.2rem] transition-colors duration-100 ease-in-out\">Combina un dise\u00f1o moderno con propiedades terap\u00e9uticas naturales.<\/span><\/p>\n<\/li>\n<\/ul>\n<p data-start=\"1169\" data-end=\"1183\"><strong data-start=\"1169\" data-end=\"1183\">Indicaci\u00f3n:<\/strong><\/p>\n<p data-start=\"1185\" data-end=\"1303\"><span class=\"relative -mx-px my-[-0.2rem] rounded px-px py-[0.2rem] transition-colors duration-100 ease-in-out\">Esta pulsera es adecuada para personas que buscan equilibrio energ\u00e9tico, apoyo emocional y mejora espiritual.<\/span> <span class=\"relative -mx-px my-[-0.2rem] rounded px-px py-[0.2rem] transition-colors duration-100 ease-in-out\">Ideal para practicantes de meditaci\u00f3n, yoga o cualquier persona interesada en promover el bienestar integral.<\/span><\/p>\n<p data-start=\"1185\" data-end=\"1303\"><strong>PRESENTACI\u00d3N<\/strong><\/p>\n<p data-start=\"1185\" data-end=\"1303\">1 Pulsera<\/p>\n<p data-start=\"1185\" data-end=\"1303\">\n","protected":false},"excerpt":{"rendered":"<p>La Pulsera Energ\u00e9tica Artesana AW &#8211; Piedras de los Chakras es una pieza hecha a mano que armoniza los siete chakras, favoreciendo el equilibrio energ\u00e9tico. [&#8230;]<\/p>\n<p><a class=\"btn btn-secondary understrap-read-more-link\" href=\"https:\/\/www.lifenatura.com\/es\/produto\/pulsera-energetica-piedras-chakra\/\">Leer m\u00e1s&#8230;<span class=\"screen-reader-text\"> from Pulsera Energ\u00e9tica &#8211; Piedras Chakra<\/span><\/a><\/p>\n","protected":false},"featured_media":113660,"template":"","meta":{"_acf_changed":false},"product_brand":[8290],"product_cat":[7950,7179],"product_tag":[],"class_list":{"0":"post-114126","1":"product","2":"type-product","3":"status-publish","4":"has-post-thumbnail","6":"product_brand-aw-artisan","7":"product_cat-pulseras-energeticas-es","8":"product_cat-salud","10":"first","11":"instock","12":"shipping-taxable","13":"purchasable","14":"product-type-simple","15":"add-to-wishlist-before_image"},"acf":[],"yoast_head":"<!-- This site is optimized with the Yoast SEO Premium plugin v27.1 (Yoast SEO v27.3) - https:\/\/yoast.com\/product\/yoast-seo-premium-wordpress\/ -->\n<title>Pulsera Energ\u00e9tica - Piedras Chakra - Lifenatura<\/title>\n<meta name=\"description\" content=\"La Pulsera Energ\u00e9tica Artesana AW - Piedras de los Chakras es una pieza hecha a mano que armoniza los siete chakras, favoreciendo el equilibrio energ\u00e9tico.\" \/>\n<meta name=\"robots\" content=\"index, follow, max-snippet:-1, max-image-preview:large, max-video-preview:-1\" \/>\n<link rel=\"canonical\" href=\"https:\/\/www.lifenatura.com\/es\/produto\/pulsera-energetica-piedras-chakra\/\" \/>\n<meta property=\"og:locale\" content=\"es_ES\" \/>\n<meta property=\"og:type\" content=\"article\" \/>\n<meta property=\"og:title\" content=\"Pulsera Energ\u00e9tica - Piedras Chakra - Lifenatura\" \/>\n<meta property=\"og:description\" content=\"Compre aqui o seu Pulsera Energ\u00e9tica - Piedras Chakra e a Lifenatura Online envia em 48 H com Portes Gratis &gt;35\u20ac de Pedido.\" \/>\n<meta property=\"og:url\" content=\"https:\/\/www.lifenatura.com\/es\/produto\/pulsera-energetica-piedras-chakra\/\" \/>\n<meta property=\"og:site_name\" content=\"Lifenatura\" \/>\n<meta property=\"article:publisher\" content=\"https:\/\/www.facebook.com\/lifenatura\" \/>\n<meta property=\"article:modified_time\" content=\"2025-06-30T23:57:55+00:00\" \/>\n<meta property=\"og:image\" content=\"https:\/\/www.lifenatura.com\/wp-content\/uploads\/2025\/06\/pulseira-energia-pedras-chakra.jpg\" \/>\n\t<meta property=\"og:image:width\" content=\"1000\" \/>\n\t<meta property=\"og:image:height\" content=\"1000\" \/>\n\t<meta property=\"og:image:type\" content=\"image\/jpeg\" \/>\n<meta name=\"twitter:card\" content=\"summary_large_image\" \/>\n<meta name=\"twitter:label1\" content=\"Precio\" \/>\n\t<meta name=\"twitter:data1\" content=\"6,45&nbsp;&euro;\" \/>\n\t<meta name=\"twitter:label2\" content=\"Disponibilidad\" \/>\n\t<meta name=\"twitter:data2\" content=\"Disponible\" \/>\n<meta property=\"product:price:amount\" content=\"6.45\" \/>\n<meta property=\"product:price:currency\" content=\"EUR\" \/>\n<meta property=\"og:availability\" content=\"instock\" \/>\n<meta property=\"product:availability\" content=\"instock\" \/>\n<meta property=\"product:retailer_item_id\" content=\"5056368335013\" \/>\n<meta property=\"product:condition\" content=\"new\" \/>\n<!-- \/ Yoast SEO Premium plugin. -->","yoast_head_json":{"title":"Pulsera Energ\u00e9tica - Piedras Chakra - Lifenatura","description":"La Pulsera Energ\u00e9tica Artesana AW - Piedras de los Chakras es una pieza hecha a mano que armoniza los siete chakras, favoreciendo el equilibrio energ\u00e9tico.","robots":{"index":"index","follow":"follow","max-snippet":"max-snippet:-1","max-image-preview":"max-image-preview:large","max-video-preview":"max-video-preview:-1"},"canonical":"https:\/\/www.lifenatura.com\/es\/produto\/pulsera-energetica-piedras-chakra\/","og_locale":"es_ES","og_type":"article","og_title":"Pulsera Energ\u00e9tica - Piedras Chakra - Lifenatura","og_description":"Compre aqui o seu Pulsera Energ\u00e9tica - Piedras Chakra e a Lifenatura Online envia em 48 H com Portes Gratis >35\u20ac de Pedido.","og_url":"https:\/\/www.lifenatura.com\/es\/produto\/pulsera-energetica-piedras-chakra\/","og_site_name":"Lifenatura","article_publisher":"https:\/\/www.facebook.com\/lifenatura","article_modified_time":"2025-06-30T23:57:55+00:00","og_image":[{"width":1000,"height":1000,"url":"https:\/\/www.lifenatura.com\/wp-content\/uploads\/2025\/06\/pulseira-energia-pedras-chakra.jpg","type":"image\/jpeg"}],"twitter_card":"summary_large_image","twitter_misc":{"Precio":"6,45&nbsp;&euro;","Disponibilidad":"Disponible"},"schema":{"@context":"https:\/\/schema.org","@graph":[{"@type":"WebPage","@id":"https:\/\/www.lifenatura.com\/es\/produto\/pulsera-energetica-piedras-chakra\/","url":"https:\/\/www.lifenatura.com\/es\/produto\/pulsera-energetica-piedras-chakra\/","name":"Pulsera Energ\u00e9tica - Piedras Chakra - Lifenatura","isPartOf":{"@id":"https:\/\/www.lifenatura.com\/es\/#website"},"primaryImageOfPage":{"@id":"https:\/\/www.lifenatura.com\/es\/produto\/pulsera-energetica-piedras-chakra\/#primaryimage"},"image":{"@id":"https:\/\/www.lifenatura.com\/es\/produto\/pulsera-energetica-piedras-chakra\/#primaryimage"},"thumbnailUrl":"https:\/\/www.lifenatura.com\/wp-content\/uploads\/2025\/06\/pulseira-energia-pedras-chakra.jpg","datePublished":"2025-06-19T11:15:44+00:00","dateModified":"2025-06-30T23:57:55+00:00","description":"La Pulsera Energ\u00e9tica Artesana AW - Piedras de los Chakras es una pieza hecha a mano que armoniza los siete chakras, favoreciendo el equilibrio energ\u00e9tico.","breadcrumb":{"@id":"https:\/\/www.lifenatura.com\/es\/produto\/pulsera-energetica-piedras-chakra\/#breadcrumb"},"inLanguage":"es","potentialAction":[{"@type":"ReadAction","target":["https:\/\/www.lifenatura.com\/es\/produto\/pulsera-energetica-piedras-chakra\/"]}]},{"@type":"ImageObject","inLanguage":"es","@id":"https:\/\/www.lifenatura.com\/es\/produto\/pulsera-energetica-piedras-chakra\/#primaryimage","url":"https:\/\/www.lifenatura.com\/wp-content\/uploads\/2025\/06\/pulseira-energia-pedras-chakra.jpg","contentUrl":"https:\/\/www.lifenatura.com\/wp-content\/uploads\/2025\/06\/pulseira-energia-pedras-chakra.jpg","width":1000,"height":1000,"caption":"Pulsera Energ\u00e9tica Piedras Chakra"},{"@type":"BreadcrumbList","@id":"https:\/\/www.lifenatura.com\/es\/produto\/pulsera-energetica-piedras-chakra\/#breadcrumb","itemListElement":[{"@type":"ListItem","position":1,"name":"In\u00edcio","item":"https:\/\/www.lifenatura.com\/es\/"},{"@type":"ListItem","position":2,"name":"Todos los Productos","item":"https:\/\/www.lifenatura.com\/es\/tienda\/"},{"@type":"ListItem","position":3,"name":"Pulsera Energ\u00e9tica &#8211; Piedras Chakra"}]},{"@type":"WebSite","@id":"https:\/\/www.lifenatura.com\/es\/#website","url":"https:\/\/www.lifenatura.com\/es\/","name":"Lifenatura","description":"A Lifenatura \u00e9 uma loja de produtos naturais, cosm\u00e9tica natural e alimenta\u00e7\u00e3o Biol\u00f3gica.","publisher":{"@id":"https:\/\/www.lifenatura.com\/es\/#organization"},"potentialAction":[{"@type":"SearchAction","target":{"@type":"EntryPoint","urlTemplate":"https:\/\/www.lifenatura.com\/es\/?s={search_term_string}"},"query-input":{"@type":"PropertyValueSpecification","valueRequired":true,"valueName":"search_term_string"}}],"inLanguage":"es"},{"@type":"Organization","@id":"https:\/\/www.lifenatura.com\/es\/#organization","name":"Lifenatura","url":"https:\/\/www.lifenatura.com\/es\/","logo":{"@type":"ImageObject","inLanguage":"es","@id":"https:\/\/www.lifenatura.com\/es\/#\/schema\/logo\/image\/","url":"https:\/\/www.lifenatura.com\/wp-content\/uploads\/2021\/11\/logo.png","contentUrl":"https:\/\/www.lifenatura.com\/wp-content\/uploads\/2021\/11\/logo.png","width":175,"height":55,"caption":"Lifenatura"},"image":{"@id":"https:\/\/www.lifenatura.com\/es\/#\/schema\/logo\/image\/"},"sameAs":["https:\/\/www.facebook.com\/lifenatura","https:\/\/www.instagram.com\/lifenaturapt\/"]}]},"product_price_amount":"6.45","product_price_currency":"EUR","og_availability":"instock","product_availability":"instock","product_retailer_item_id":"5056368335013","product_condition":"new"},"df_price":6.45,"df_sale_price":"","df_regular_price":6.45,"df_image_link":"https:\/\/www.lifenatura.com\/wp-content\/uploads\/2025\/06\/pulseira-energia-pedras-chakra-300x300.jpg","_links":{"self":[{"href":"https:\/\/www.lifenatura.com\/es\/wp-json\/wp\/v2\/product\/114126","targetHints":{"allow":["GET"]}}],"collection":[{"href":"https:\/\/www.lifenatura.com\/es\/wp-json\/wp\/v2\/product"}],"about":[{"href":"https:\/\/www.lifenatura.com\/es\/wp-json\/wp\/v2\/types\/product"}],"wp:featuredmedia":[{"embeddable":true,"href":"https:\/\/www.lifenatura.com\/es\/wp-json\/wp\/v2\/media\/113660"}],"wp:attachment":[{"href":"https:\/\/www.lifenatura.com\/es\/wp-json\/wp\/v2\/media?parent=114126"}],"wp:term":[{"taxonomy":"product_brand","embeddable":true,"href":"https:\/\/www.lifenatura.com\/es\/wp-json\/wp\/v2\/product_brand?post=114126"},{"taxonomy":"product_cat","embeddable":true,"href":"https:\/\/www.lifenatura.com\/es\/wp-json\/wp\/v2\/product_cat?post=114126"},{"taxonomy":"product_tag","embeddable":true,"href":"https:\/\/www.lifenatura.com\/es\/wp-json\/wp\/v2\/product_tag?post=114126"}],"curies":[{"name":"wp","href":"https:\/\/api.w.org\/{rel}","templated":true}]}}