{"id":114125,"date":"2025-05-20T16:09:41","date_gmt":"2025-05-20T16:09:41","guid":{"rendered":"https:\/\/www.lifenatura.com\/produto\/vitamina-d3-k2-30-capsulas-liposomia\/"},"modified":"2026-04-15T02:13:37","modified_gmt":"2026-04-15T02:13:37","slug":"vitamina-d3-k2-30-capsulas-liposomia","status":"publish","type":"product","link":"https:\/\/www.lifenatura.com\/es\/produto\/vitamina-d3-k2-30-capsulas-liposomia\/","title":{"rendered":"Vitamina D3 + K2 30 C\u00e1psulas &#8211; Liposomia"},"content":{"rendered":"<h2 style=\"text-align: left;\" data-start=\"244\" data-end=\"325\"><strong>Vitamina D3 liposomal + K2, apoyo avanzado al sistema \u00f3seo e inmunitario<\/strong><\/h2>\n<p>&nbsp;<\/p>\n<p data-start=\"360\" data-end=\"512\"><span class=\"relative -mx-px my-[-0.2rem] rounded px-px py-[0.2rem] transition-colors duration-100 ease-in-out\"><strong data-start=\"2\" data-end=\"33\">La Vitamina D3 + K2<\/strong> <strong data-start=\"43\" data-end=\"56\">Liposomal<\/strong> de <strong data-start=\"43\" data-end=\"56\">Liposomia<\/strong> es un complemento alimenticio innovador que combina las vitaminas D3 y K2 en una f\u00f3rmula liposomal.<\/span> <span class=\"relative -mx-px my-[-0.2rem] rounded px-px py-[0.2rem] transition-colors duration-100 ease-in-out\">La tecnolog\u00eda liposomal consiste en encapsular las vitaminas en peque\u00f1as esferas lip\u00eddicas, lo que mejora significativamente su absorci\u00f3n y biodisponibilidad en el organismo.<\/span><\/p>\n<p data-start=\"360\" data-end=\"512\"><span class=\"relative -mx-px my-[-0.2rem] rounded px-px py-[0.2rem] transition-colors duration-100 ease-in-out\">Esta combinaci\u00f3n sin\u00e9rgica es esencial para la salud \u00f3sea, cardiovascular e inmunitaria.<\/span><\/p>\n<p data-start=\"514\" data-end=\"540\"><strong data-start=\"514\" data-end=\"540\">Principales ventajas:<\/strong><\/p>\n<ul data-start=\"542\" data-end=\"981\">\n<li data-start=\"542\" data-end=\"650\">\n<p data-start=\"544\" data-end=\"650\"><strong data-start=\"544\" data-end=\"571\">Mejora de la salud \u00f3sea:<\/strong> <span class=\"relative -mx-px my-[-0.2rem] rounded px-px py-[0.2rem] transition-colors duration-100 ease-in-out\">La vitamina D3 contribuye a la absorci\u00f3n del calcio en el intestino, mientras que la vitamina K2 dirige el calcio a los huesos y dientes, ayudando a mantener su densidad y fortaleza.<\/span><\/p>\n<\/li>\n<li data-start=\"652\" data-end=\"767\">\n<p data-start=\"654\" data-end=\"767\"><strong data-start=\"654\" data-end=\"688\">Apoyo al sistema inmunitario:<\/strong> <span class=\"relative -mx-px my-[-0.2rem] rounded px-px py-[0.2rem] transition-colors duration-100 ease-in-out\">La vitamina D3 desempe\u00f1a un papel crucial en la modulaci\u00f3n de la respuesta inmunitaria, ayudando al organismo a combatir las infecciones.<\/span><\/p>\n<\/li>\n<li data-start=\"769\" data-end=\"875\">\n<p data-start=\"771\" data-end=\"875\"><strong data-start=\"771\" data-end=\"796\">Salud cardiovascular:<\/strong> <span class=\"relative -mx-px my-[-0.2rem] rounded px-px py-[0.2rem] transition-colors duration-100 ease-in-out\">La vitamina K2 ayuda a prevenir la calcificaci\u00f3n arterial, favoreciendo la salud del coraz\u00f3n.<\/span><\/p>\n<\/li>\n<li data-start=\"877\" data-end=\"981\">\n<p data-start=\"879\" data-end=\"981\"><strong data-start=\"879\" data-end=\"902\">Absorci\u00f3n optimizada:<\/strong> <span class=\"relative -mx-px my-[-0.2rem] rounded px-px py-[0.2rem] transition-colors duration-100 ease-in-out\">La tecnolog\u00eda liposomal garantiza un aporte eficaz de vitaminas a las c\u00e9lulas, maximizando sus efectos beneficiosos.<\/span><\/p>\n<\/li>\n<\/ul>\n<p data-start=\"983\" data-end=\"997\"><strong data-start=\"983\" data-end=\"997\">Indicaci\u00f3n:<\/strong><\/p>\n<p data-start=\"999\" data-end=\"1117\"><span class=\"relative -mx-px my-[-0.2rem] rounded px-px py-[0.2rem] transition-colors duration-100 ease-in-out\">Este suplemento es adecuado para adultos que desean reforzar la salud \u00f3sea, cardiovascular e inmunitaria.<\/span> <span class=\"relative -mx-px my-[-0.2rem] rounded px-px py-[0.2rem] transition-colors duration-100 ease-in-out\">Es especialmente \u00fatil para las personas con niveles bajos de vitamina D, los ancianos, las mujeres menop\u00e1usicas y las que siguen dietas restrictivas.<\/span><\/p>\n<p class=\"p1\">La vitamina D contribuye al funcionamiento normal del sistema inmunitario, a la absorci\u00f3n normal de calcio y f\u00f3sforo y a los niveles normales de calcio en sangre. La vitamina K contribuye a la coagulaci\u00f3n normal de la sangre. Ambas vitaminas contribuyen al mantenimiento de unos huesos sanos.<\/p>\n<p class=\"p1\"><strong>PRESENTACI\u00d3N<\/strong><\/p>\n<p>30 c\u00e1psulas<\/p>\n<p>&nbsp;<\/p>\n","protected":false},"excerpt":{"rendered":"<p>La Vitamina D3 + K2 Liposomal de Liposomia favorece la salud \u00f3sea, cardiovascular e inmunol\u00f3gica, utilizando tecnolog\u00eda liposomal para una m\u00e1xima absorci\u00f3n. [&#8230;]<\/p>\n<p><a class=\"btn btn-secondary understrap-read-more-link\" href=\"https:\/\/www.lifenatura.com\/es\/produto\/vitamina-d3-k2-30-capsulas-liposomia\/\">Leer m\u00e1s&#8230;<span class=\"screen-reader-text\"> from Vitamina D3 + K2 30 C\u00e1psulas &#8211; Liposomia<\/span><\/a><\/p>\n","protected":false},"featured_media":112133,"template":"","meta":{"_acf_changed":false},"product_brand":[8448],"product_cat":[7206,7207,7179,7883,7261,8013],"product_tag":[],"class_list":{"0":"post-114125","1":"product","2":"type-product","3":"status-publish","4":"has-post-thumbnail","6":"product_brand-liposomia","7":"product_cat-musculos-salud","8":"product_cat-osteoporosis","9":"product_cat-salud","10":"product_cat-suplementos-alimenticios","11":"product_cat-vitamina-d-salud","12":"product_cat-vitamina-k-es","14":"first","15":"instock","16":"featured","17":"shipping-taxable","18":"purchasable","19":"product-type-simple","20":"add-to-wishlist-before_image"},"acf":[],"yoast_head":"<!-- This site is optimized with the Yoast SEO Premium plugin v27.1 (Yoast SEO v27.4) - https:\/\/yoast.com\/product\/yoast-seo-premium-wordpress\/ -->\n<title>Vitamina D3 + K2 30 C\u00e1psulas - Liposomia - Lifenatura<\/title>\n<meta name=\"description\" content=\"La Vitamina D3 + K2 Liposomal de Liposomia favorece la salud \u00f3sea, cardiovascular e inmunol\u00f3gica, utilizando tecnolog\u00eda liposomal para una m\u00e1xima absorci\u00f3n.\" \/>\n<meta name=\"robots\" content=\"index, follow, max-snippet:-1, max-image-preview:large, max-video-preview:-1\" \/>\n<link rel=\"canonical\" href=\"https:\/\/www.lifenatura.com\/es\/produto\/vitamina-d3-k2-30-capsulas-liposomia\/\" \/>\n<meta property=\"og:locale\" content=\"es_ES\" \/>\n<meta property=\"og:type\" content=\"article\" \/>\n<meta property=\"og:title\" content=\"Vitamina D3 + K2 30 C\u00e1psulas - Liposomia - Lifenatura\" \/>\n<meta property=\"og:description\" content=\"Compre aqui o seu Vitamina D3 + K2 30 C\u00e1psulas - Liposomia e a Lifenatura Online envia em 48 H com Portes Gratis &gt;35\u20ac de Pedido.\" \/>\n<meta property=\"og:url\" content=\"https:\/\/www.lifenatura.com\/es\/produto\/vitamina-d3-k2-30-capsulas-liposomia\/\" \/>\n<meta property=\"og:site_name\" content=\"Lifenatura\" \/>\n<meta property=\"article:publisher\" content=\"https:\/\/www.facebook.com\/lifenatura\" \/>\n<meta property=\"article:modified_time\" content=\"2026-04-15T02:13:37+00:00\" \/>\n<meta property=\"og:image\" content=\"https:\/\/www.lifenatura.com\/wp-content\/uploads\/2025\/05\/vitamina-d3-k2-liposomia.jpg\" \/>\n\t<meta property=\"og:image:width\" content=\"1000\" \/>\n\t<meta property=\"og:image:height\" content=\"1000\" \/>\n\t<meta property=\"og:image:type\" content=\"image\/jpeg\" \/>\n<meta name=\"twitter:card\" content=\"summary_large_image\" \/>\n<meta name=\"twitter:label1\" content=\"Precio\" \/>\n\t<meta name=\"twitter:data1\" content=\"15,75&nbsp;&euro;\" \/>\n\t<meta name=\"twitter:label2\" content=\"Disponibilidad\" \/>\n\t<meta name=\"twitter:data2\" content=\"Disponible\" \/>\n<meta property=\"product:price:amount\" content=\"15.75\" \/>\n<meta property=\"product:price:currency\" content=\"EUR\" \/>\n<meta property=\"og:availability\" content=\"instock\" \/>\n<meta property=\"product:availability\" content=\"instock\" \/>\n<meta property=\"product:retailer_item_id\" content=\"3760293915890\" \/>\n<meta property=\"product:condition\" content=\"new\" \/>\n<!-- \/ Yoast SEO Premium plugin. -->","yoast_head_json":{"title":"Vitamina D3 + K2 30 C\u00e1psulas - Liposomia - Lifenatura","description":"La Vitamina D3 + K2 Liposomal de Liposomia favorece la salud \u00f3sea, cardiovascular e inmunol\u00f3gica, utilizando tecnolog\u00eda liposomal para una m\u00e1xima absorci\u00f3n.","robots":{"index":"index","follow":"follow","max-snippet":"max-snippet:-1","max-image-preview":"max-image-preview:large","max-video-preview":"max-video-preview:-1"},"canonical":"https:\/\/www.lifenatura.com\/es\/produto\/vitamina-d3-k2-30-capsulas-liposomia\/","og_locale":"es_ES","og_type":"article","og_title":"Vitamina D3 + K2 30 C\u00e1psulas - Liposomia - Lifenatura","og_description":"Compre aqui o seu Vitamina D3 + K2 30 C\u00e1psulas - Liposomia e a Lifenatura Online envia em 48 H com Portes Gratis >35\u20ac de Pedido.","og_url":"https:\/\/www.lifenatura.com\/es\/produto\/vitamina-d3-k2-30-capsulas-liposomia\/","og_site_name":"Lifenatura","article_publisher":"https:\/\/www.facebook.com\/lifenatura","article_modified_time":"2026-04-15T02:13:37+00:00","og_image":[{"width":1000,"height":1000,"url":"https:\/\/www.lifenatura.com\/wp-content\/uploads\/2025\/05\/vitamina-d3-k2-liposomia.jpg","type":"image\/jpeg"}],"twitter_card":"summary_large_image","twitter_misc":{"Precio":"15,75&nbsp;&euro;","Disponibilidad":"Disponible"},"schema":{"@context":"https:\/\/schema.org","@graph":[{"@type":"WebPage","@id":"https:\/\/www.lifenatura.com\/es\/produto\/vitamina-d3-k2-30-capsulas-liposomia\/","url":"https:\/\/www.lifenatura.com\/es\/produto\/vitamina-d3-k2-30-capsulas-liposomia\/","name":"Vitamina D3 + K2 30 C\u00e1psulas - Liposomia - Lifenatura","isPartOf":{"@id":"https:\/\/www.lifenatura.com\/#website"},"primaryImageOfPage":{"@id":"https:\/\/www.lifenatura.com\/es\/produto\/vitamina-d3-k2-30-capsulas-liposomia\/#primaryimage"},"image":{"@id":"https:\/\/www.lifenatura.com\/es\/produto\/vitamina-d3-k2-30-capsulas-liposomia\/#primaryimage"},"thumbnailUrl":"https:\/\/www.lifenatura.com\/wp-content\/uploads\/2025\/05\/vitamina-d3-k2-liposomia.jpg","datePublished":"2025-05-20T16:09:41+00:00","dateModified":"2026-04-15T02:13:37+00:00","description":"La Vitamina D3 + K2 Liposomal de Liposomia favorece la salud \u00f3sea, cardiovascular e inmunol\u00f3gica, utilizando tecnolog\u00eda liposomal para una m\u00e1xima absorci\u00f3n.","breadcrumb":{"@id":"https:\/\/www.lifenatura.com\/es\/produto\/vitamina-d3-k2-30-capsulas-liposomia\/#breadcrumb"},"inLanguage":"es","potentialAction":[{"@type":"ReadAction","target":["https:\/\/www.lifenatura.com\/es\/produto\/vitamina-d3-k2-30-capsulas-liposomia\/"]}]},{"@type":"ImageObject","inLanguage":"es","@id":"https:\/\/www.lifenatura.com\/es\/produto\/vitamina-d3-k2-30-capsulas-liposomia\/#primaryimage","url":"https:\/\/www.lifenatura.com\/wp-content\/uploads\/2025\/05\/vitamina-d3-k2-liposomia.jpg","contentUrl":"https:\/\/www.lifenatura.com\/wp-content\/uploads\/2025\/05\/vitamina-d3-k2-liposomia.jpg","width":1000,"height":1000,"caption":"xr:d:DAE15uDzwms:204,j:5555609407277981893,t:24022010"},{"@type":"BreadcrumbList","@id":"https:\/\/www.lifenatura.com\/es\/produto\/vitamina-d3-k2-30-capsulas-liposomia\/#breadcrumb","itemListElement":[{"@type":"ListItem","position":1,"name":"In\u00edcio","item":"https:\/\/www.lifenatura.com\/es\/"},{"@type":"ListItem","position":2,"name":"Todos los Productos","item":"https:\/\/www.lifenatura.com\/es\/tienda\/"},{"@type":"ListItem","position":3,"name":"Vitamina D3 + K2 30 C\u00e1psulas &#8211; Liposomia"}]},{"@type":"WebSite","@id":"https:\/\/www.lifenatura.com\/#website","url":"https:\/\/www.lifenatura.com\/","name":"Lifenatura","description":"A Lifenatura \u00e9 uma loja de produtos naturais, cosm\u00e9tica natural e alimenta\u00e7\u00e3o Biol\u00f3gica.","publisher":{"@id":"https:\/\/www.lifenatura.com\/#organization"},"potentialAction":[{"@type":"SearchAction","target":{"@type":"EntryPoint","urlTemplate":"https:\/\/www.lifenatura.com\/?s={search_term_string}"},"query-input":{"@type":"PropertyValueSpecification","valueRequired":true,"valueName":"search_term_string"}}],"inLanguage":"es"},{"@type":"Organization","@id":"https:\/\/www.lifenatura.com\/#organization","name":"Lifenatura","url":"https:\/\/www.lifenatura.com\/","logo":{"@type":"ImageObject","inLanguage":"es","@id":"https:\/\/www.lifenatura.com\/#\/schema\/logo\/image\/","url":"https:\/\/www.lifenatura.com\/wp-content\/uploads\/2021\/11\/logo.png","contentUrl":"https:\/\/www.lifenatura.com\/wp-content\/uploads\/2021\/11\/logo.png","width":175,"height":55,"caption":"Lifenatura"},"image":{"@id":"https:\/\/www.lifenatura.com\/#\/schema\/logo\/image\/"},"sameAs":["https:\/\/www.facebook.com\/lifenatura","https:\/\/www.instagram.com\/lifenaturapt\/"]}]},"product_price_amount":"15.75","product_price_currency":"EUR","og_availability":"instock","product_availability":"instock","product_retailer_item_id":"3760293915890","product_condition":"new"},"df_price":15.75,"df_sale_price":13.39,"df_regular_price":15.75,"df_image_link":"https:\/\/www.lifenatura.com\/wp-content\/uploads\/2025\/05\/vitamina-d3-k2-liposomia-300x300.jpg","_links":{"self":[{"href":"https:\/\/www.lifenatura.com\/es\/wp-json\/wp\/v2\/product\/114125","targetHints":{"allow":["GET"]}}],"collection":[{"href":"https:\/\/www.lifenatura.com\/es\/wp-json\/wp\/v2\/product"}],"about":[{"href":"https:\/\/www.lifenatura.com\/es\/wp-json\/wp\/v2\/types\/product"}],"wp:featuredmedia":[{"embeddable":true,"href":"https:\/\/www.lifenatura.com\/es\/wp-json\/wp\/v2\/media\/112133"}],"wp:attachment":[{"href":"https:\/\/www.lifenatura.com\/es\/wp-json\/wp\/v2\/media?parent=114125"}],"wp:term":[{"taxonomy":"product_brand","embeddable":true,"href":"https:\/\/www.lifenatura.com\/es\/wp-json\/wp\/v2\/product_brand?post=114125"},{"taxonomy":"product_cat","embeddable":true,"href":"https:\/\/www.lifenatura.com\/es\/wp-json\/wp\/v2\/product_cat?post=114125"},{"taxonomy":"product_tag","embeddable":true,"href":"https:\/\/www.lifenatura.com\/es\/wp-json\/wp\/v2\/product_tag?post=114125"}],"curies":[{"name":"wp","href":"https:\/\/api.w.org\/{rel}","templated":true}]}}