{"id":114122,"date":"2025-05-20T16:09:35","date_gmt":"2025-05-20T16:09:35","guid":{"rendered":"https:\/\/www.lifenatura.com\/produto\/man-prime-60-capsulas-vegafarma\/"},"modified":"2026-04-21T00:02:05","modified_gmt":"2026-04-21T00:02:05","slug":"man-prime-60-capsulas-vegafarma","status":"publish","type":"product","link":"https:\/\/www.lifenatura.com\/es\/produto\/man-prime-60-capsulas-vegafarma\/","title":{"rendered":"Man Prime 60 C\u00e1psulas &#8211; Vegafarma"},"content":{"rendered":"<h2 data-start=\"237\" data-end=\"306\"><strong>Man Prime &#8211; Vitalidad masculina y equilibrio hormonal | Vegafarma<\/strong><\/h2>\n<p>&nbsp;<\/p>\n<p data-start=\"341\" data-end=\"533\"><span class=\"relative -mx-px my-[-0.2rem] rounded px-px py-[0.2rem] transition-colors duration-100 ease-in-out\"><strong data-start=\"2\" data-end=\"15\">Man Prime<\/strong> de <strong data-start=\"19\" data-end=\"32\">Vegafarma<\/strong> es un complemento alimenticio dise\u00f1ado para apoyar la salud masculina favoreciendo el equilibrio hormonal, aumentando la energ\u00eda y mejorando el rendimiento f\u00edsico y mental.<\/span><\/p>\n<p data-start=\"341\" data-end=\"533\"><span class=\"relative -mx-px my-[-0.2rem] rounded px-px py-[0.2rem] transition-colors duration-100 ease-in-out\">Su f\u00f3rmula combina ingredientes naturales como el Tribulus Terrestris, la Maca peruana, el Ginseng, el Zinc y la Vitamina B6, conocidos por sus propiedades que favorecen la salud masculina y el equilibrio hormonal.<\/span> <span class=\"relative -mx-px my-[-0.2rem] rounded px-px py-[0.2rem] transition-colors duration-100 ease-in-out\">Este suplemento es ideal para los hombres que desean mantener un estilo de vida saludable, aumentar la energ\u00eda y mejorar el rendimiento f\u00edsico y mental.<\/span><\/p>\n<p data-start=\"535\" data-end=\"561\"><strong data-start=\"535\" data-end=\"561\">Principales ventajas:<\/strong><\/p>\n<ul data-start=\"563\" data-end=\"1167\">\n<li data-start=\"563\" data-end=\"708\">\n<p data-start=\"565\" data-end=\"708\"><strong data-start=\"565\" data-end=\"589\">Equilibrio hormonal:<\/strong> <span class=\"relative -mx-px my-[-0.2rem] rounded px-px py-[0.2rem] transition-colors duration-100 ease-in-out\">Contribuye a la regulaci\u00f3n de los niveles hormonales masculinos, ayudando a aliviar los s\u00edntomas asociados al desequilibrio hormonal.<\/span><\/p>\n<\/li>\n<li data-start=\"710\" data-end=\"854\">\n<p data-start=\"712\" data-end=\"854\"><strong data-start=\"712\" data-end=\"735\">Aumento de energ\u00eda:<\/strong> <span class=\"relative -mx-px my-[-0.2rem] rounded px-px py-[0.2rem] transition-colors duration-100 ease-in-out\">Ayuda a combatir la fatiga y el cansancio, d\u00e1ndote m\u00e1s energ\u00eda a lo largo del d\u00eda.<\/span><\/p>\n<\/li>\n<li data-start=\"856\" data-end=\"1019\">\n<p data-start=\"858\" data-end=\"1019\"><strong data-start=\"858\" data-end=\"900\">Mejora el rendimiento f\u00edsico y mental:<\/strong> <span class=\"relative -mx-px my-[-0.2rem] rounded px-px py-[0.2rem] transition-colors duration-100 ease-in-out\">Contribuye a mejorar la funci\u00f3n cognitiva y la resistencia f\u00edsica.<\/span><\/p>\n<\/li>\n<li data-start=\"1021\" data-end=\"1167\">\n<p data-start=\"1023\" data-end=\"1167\"><strong data-start=\"1023\" data-end=\"1048\">Salud cardiovascular:<\/strong> <span class=\"relative -mx-px my-[-0.2rem] rounded px-px py-[0.2rem] transition-colors duration-100 ease-in-out\">Favorece la salud del coraz\u00f3n ayudando a mantener niveles saludables de colesterol y presi\u00f3n arterial.<\/span><\/p>\n<\/li>\n<\/ul>\n<p data-start=\"1169\" data-end=\"1183\"><strong data-start=\"1169\" data-end=\"1183\">Indicaci\u00f3n:<\/strong><\/p>\n<p data-start=\"1185\" data-end=\"1303\"><span class=\"relative -mx-px my-[-0.2rem] rounded px-px py-[0.2rem] transition-colors duration-100 ease-in-out\">Este suplemento es adecuado para los hombres que experimentan desequilibrios hormonales, como los s\u00edntomas del s\u00edndrome premenstrual o la menopausia, y que desean mejorar la salud de su piel y aumentar su energ\u00eda y estado de \u00e1nimo.<\/span><\/p>\n<p class=\"p1\">Man Prime combina Saw Palmetto, semillas de calabaza, ortiga, zinc y licopeno en una f\u00f3rmula completa que combina la medicina herbal cl\u00e1sica y reconocidos nutrac\u00e9uticos para reducir los s\u00edntomas asociados a la disfunci\u00f3n\/inflamaci\u00f3n de la pr\u00f3stata, la disminuci\u00f3n de la libido sexual y la disfunci\u00f3n er\u00e9ctil, y los cambios en el estado de \u00e1nimo y la cognici\u00f3n asociados a los cambios en los niveles de testosterona.<\/p>\n<p data-start=\"1185\" data-end=\"1303\"><strong>PRESENTACI\u00d3N<\/strong><\/p>\n<p data-start=\"1185\" data-end=\"1303\">60 Comprimidos<\/p>\n<p data-start=\"1185\" data-end=\"1303\">\n","protected":false},"excerpt":{"rendered":"<p>Man Prime de Vegafarma favorece el equilibrio hormonal y el bienestar de la mujer, mejorando la salud de la piel y aumentando la energ\u00eda. [&#8230;]<\/p>\n<p><a class=\"btn btn-secondary understrap-read-more-link\" href=\"https:\/\/www.lifenatura.com\/es\/produto\/man-prime-60-capsulas-vegafarma\/\">Leer m\u00e1s&#8230;<span class=\"screen-reader-text\"> from Man Prime 60 C\u00e1psulas &#8211; Vegafarma<\/span><\/a><\/p>\n","protected":false},"featured_media":112057,"template":"","meta":{"_acf_changed":false},"product_brand":[8389],"product_cat":[7241,7179],"product_tag":[],"class_list":{"0":"post-114122","1":"product","2":"type-product","3":"status-publish","4":"has-post-thumbnail","6":"product_brand-vegafarma","7":"product_cat-aparato-reproductor-masculino","8":"product_cat-salud","10":"first","11":"instock","12":"sale","13":"featured","14":"shipping-taxable","15":"purchasable","16":"product-type-simple","17":"add-to-wishlist-before_image"},"acf":[],"yoast_head":"<!-- This site is optimized with the Yoast SEO Premium plugin v27.1 (Yoast SEO v27.5) - https:\/\/yoast.com\/product\/yoast-seo-premium-wordpress\/ -->\n<title>Man Prime 60 C\u00e1psulas - Vegafarma - Na Lifenatura ao Melhor Pre\u00e7o | Envio em 48h<\/title>\n<meta name=\"description\" content=\"Man Prime de Vegafarma favorece el equilibrio hormonal y el bienestar de la mujer, mejorando la salud de la piel y aumentando la energ\u00eda.\" \/>\n<meta name=\"robots\" content=\"index, follow, max-snippet:-1, max-image-preview:large, max-video-preview:-1\" \/>\n<link rel=\"canonical\" href=\"https:\/\/www.lifenatura.com\/es\/produto\/man-prime-60-capsulas-vegafarma\/\" \/>\n<meta property=\"og:locale\" content=\"es_ES\" \/>\n<meta property=\"og:type\" content=\"article\" \/>\n<meta property=\"og:title\" content=\"Man Prime 60 C\u00e1psulas - Vegafarma - Na Lifenatura ao Melhor Pre\u00e7o | Envio 48h\" \/>\n<meta property=\"og:description\" content=\"Compre Man Prime 60 C\u00e1psulas - Vegafarma com envio r\u00e1pido. Entrega em 48h e portes gr\u00e1tis em compras &gt;35\u20ac. Aproveite j\u00e1 na Lifenatura\" \/>\n<meta property=\"og:url\" content=\"https:\/\/www.lifenatura.com\/es\/produto\/man-prime-60-capsulas-vegafarma\/\" \/>\n<meta property=\"og:site_name\" content=\"Lifenatura\" \/>\n<meta property=\"article:publisher\" content=\"https:\/\/www.facebook.com\/lifenatura\" \/>\n<meta property=\"article:modified_time\" content=\"2026-04-21T00:02:05+00:00\" \/>\n<meta property=\"og:image\" content=\"https:\/\/www.lifenatura.com\/wp-content\/uploads\/2025\/05\/men-prime-caps-vegafarma.jpg\" \/>\n\t<meta property=\"og:image:width\" content=\"1000\" \/>\n\t<meta property=\"og:image:height\" content=\"1000\" \/>\n\t<meta property=\"og:image:type\" content=\"image\/jpeg\" \/>\n<meta name=\"twitter:card\" content=\"summary_large_image\" \/>\n<meta name=\"twitter:label1\" content=\"Precio\" \/>\n\t<meta name=\"twitter:data1\" content=\"34,11&nbsp;&euro;\" \/>\n\t<meta name=\"twitter:label2\" content=\"Disponibilidad\" \/>\n\t<meta name=\"twitter:data2\" content=\"Disponible\" \/>\n<script type=\"application\/ld+json\" class=\"yoast-schema-graph\">{\"@context\":\"https:\\\/\\\/schema.org\",\"@graph\":[{\"@type\":\"WebPage\",\"@id\":\"https:\\\/\\\/www.lifenatura.com\\\/es\\\/produto\\\/man-prime-60-capsulas-vegafarma\\\/\",\"url\":\"https:\\\/\\\/www.lifenatura.com\\\/es\\\/produto\\\/man-prime-60-capsulas-vegafarma\\\/\",\"name\":\"Man Prime 60 C\u00e1psulas - Vegafarma - Na Lifenatura ao Melhor Pre\u00e7o | Envio em 48h\",\"isPartOf\":{\"@id\":\"https:\\\/\\\/www.lifenatura.com\\\/es\\\/#website\"},\"primaryImageOfPage\":{\"@id\":\"https:\\\/\\\/www.lifenatura.com\\\/es\\\/produto\\\/man-prime-60-capsulas-vegafarma\\\/#primaryimage\"},\"image\":{\"@id\":\"https:\\\/\\\/www.lifenatura.com\\\/es\\\/produto\\\/man-prime-60-capsulas-vegafarma\\\/#primaryimage\"},\"thumbnailUrl\":\"https:\\\/\\\/www.lifenatura.com\\\/wp-content\\\/uploads\\\/2025\\\/05\\\/men-prime-caps-vegafarma.jpg\",\"datePublished\":\"2025-05-20T16:09:35+00:00\",\"dateModified\":\"2026-04-21T00:02:05+00:00\",\"description\":\"Man Prime de Vegafarma favorece el equilibrio hormonal y el bienestar de la mujer, mejorando la salud de la piel y aumentando la energ\u00eda.\",\"breadcrumb\":{\"@id\":\"https:\\\/\\\/www.lifenatura.com\\\/es\\\/produto\\\/man-prime-60-capsulas-vegafarma\\\/#breadcrumb\"},\"inLanguage\":\"es\",\"potentialAction\":[{\"@type\":\"ReadAction\",\"target\":[\"https:\\\/\\\/www.lifenatura.com\\\/es\\\/produto\\\/man-prime-60-capsulas-vegafarma\\\/\"]}]},{\"@type\":\"ImageObject\",\"inLanguage\":\"es\",\"@id\":\"https:\\\/\\\/www.lifenatura.com\\\/es\\\/produto\\\/man-prime-60-capsulas-vegafarma\\\/#primaryimage\",\"url\":\"https:\\\/\\\/www.lifenatura.com\\\/wp-content\\\/uploads\\\/2025\\\/05\\\/men-prime-caps-vegafarma.jpg\",\"contentUrl\":\"https:\\\/\\\/www.lifenatura.com\\\/wp-content\\\/uploads\\\/2025\\\/05\\\/men-prime-caps-vegafarma.jpg\",\"width\":1000,\"height\":1000,\"caption\":\"Man Prime de Vegafarma\"},{\"@type\":\"BreadcrumbList\",\"@id\":\"https:\\\/\\\/www.lifenatura.com\\\/es\\\/produto\\\/man-prime-60-capsulas-vegafarma\\\/#breadcrumb\",\"itemListElement\":[{\"@type\":\"ListItem\",\"position\":1,\"name\":\"In\u00edcio\",\"item\":\"https:\\\/\\\/www.lifenatura.com\\\/es\\\/\"},{\"@type\":\"ListItem\",\"position\":2,\"name\":\"Todos los Productos\",\"item\":\"https:\\\/\\\/www.lifenatura.com\\\/es\\\/tienda\\\/\"},{\"@type\":\"ListItem\",\"position\":3,\"name\":\"Man Prime 60 C\u00e1psulas &#8211; Vegafarma\"}]},{\"@type\":\"WebSite\",\"@id\":\"https:\\\/\\\/www.lifenatura.com\\\/es\\\/#website\",\"url\":\"https:\\\/\\\/www.lifenatura.com\\\/es\\\/\",\"name\":\"Lifenatura\",\"description\":\"A Lifenatura \u00e9 uma loja de produtos naturais, cosm\u00e9tica natural e alimenta\u00e7\u00e3o Biol\u00f3gica.\",\"publisher\":{\"@id\":\"https:\\\/\\\/www.lifenatura.com\\\/es\\\/#organization\"},\"potentialAction\":[{\"@type\":\"SearchAction\",\"target\":{\"@type\":\"EntryPoint\",\"urlTemplate\":\"https:\\\/\\\/www.lifenatura.com\\\/es\\\/?s={search_term_string}\"},\"query-input\":{\"@type\":\"PropertyValueSpecification\",\"valueRequired\":true,\"valueName\":\"search_term_string\"}}],\"inLanguage\":\"es\"},{\"@type\":\"Organization\",\"@id\":\"https:\\\/\\\/www.lifenatura.com\\\/es\\\/#organization\",\"name\":\"Lifenatura\",\"url\":\"https:\\\/\\\/www.lifenatura.com\\\/es\\\/\",\"logo\":{\"@type\":\"ImageObject\",\"inLanguage\":\"es\",\"@id\":\"https:\\\/\\\/www.lifenatura.com\\\/es\\\/#\\\/schema\\\/logo\\\/image\\\/\",\"url\":\"https:\\\/\\\/www.lifenatura.com\\\/wp-content\\\/uploads\\\/2021\\\/07\\\/logo.png\",\"contentUrl\":\"https:\\\/\\\/www.lifenatura.com\\\/wp-content\\\/uploads\\\/2021\\\/07\\\/logo.png\",\"width\":175,\"height\":55,\"caption\":\"Lifenatura\"},\"image\":{\"@id\":\"https:\\\/\\\/www.lifenatura.com\\\/es\\\/#\\\/schema\\\/logo\\\/image\\\/\"},\"sameAs\":[\"https:\\\/\\\/www.facebook.com\\\/lifenatura\",\"https:\\\/\\\/www.instagram.com\\\/lifenaturapt\\\/\"],\"hasMerchantReturnPolicy\":{\"@type\":\"MerchantReturnPolicy\",\"merchantReturnLink\":\"https:\\\/\\\/www.lifenatura.com\\\/termos-condicoes-lifenatura\\\/\"}}]}<\/script>\n<meta property=\"product:price:amount\" content=\"34.11\" \/>\n<meta property=\"product:price:currency\" content=\"EUR\" \/>\n<meta property=\"og:availability\" content=\"instock\" \/>\n<meta property=\"product:availability\" content=\"instock\" \/>\n<meta property=\"product:retailer_item_id\" content=\"5600493200618\" \/>\n<meta property=\"product:condition\" content=\"new\" \/>\n<!-- \/ Yoast SEO Premium plugin. -->","yoast_head_json":{"title":"Man Prime 60 C\u00e1psulas - Vegafarma - Na Lifenatura ao Melhor Pre\u00e7o | Envio em 48h","description":"Man Prime de Vegafarma favorece el equilibrio hormonal y el bienestar de la mujer, mejorando la salud de la piel y aumentando la energ\u00eda.","robots":{"index":"index","follow":"follow","max-snippet":"max-snippet:-1","max-image-preview":"max-image-preview:large","max-video-preview":"max-video-preview:-1"},"canonical":"https:\/\/www.lifenatura.com\/es\/produto\/man-prime-60-capsulas-vegafarma\/","og_locale":"es_ES","og_type":"article","og_title":"Man Prime 60 C\u00e1psulas - Vegafarma - Na Lifenatura ao Melhor Pre\u00e7o | Envio 48h","og_description":"Compre Man Prime 60 C\u00e1psulas - Vegafarma com envio r\u00e1pido. Entrega em 48h e portes gr\u00e1tis em compras >35\u20ac. Aproveite j\u00e1 na Lifenatura","og_url":"https:\/\/www.lifenatura.com\/es\/produto\/man-prime-60-capsulas-vegafarma\/","og_site_name":"Lifenatura","article_publisher":"https:\/\/www.facebook.com\/lifenatura","article_modified_time":"2026-04-21T00:02:05+00:00","og_image":[{"width":1000,"height":1000,"url":"https:\/\/www.lifenatura.com\/wp-content\/uploads\/2025\/05\/men-prime-caps-vegafarma.jpg","type":"image\/jpeg"}],"twitter_card":"summary_large_image","twitter_misc":{"Precio":"34,11&nbsp;&euro;","Disponibilidad":"Disponible"},"schema":{"@context":"https:\/\/schema.org","@graph":[{"@type":"WebPage","@id":"https:\/\/www.lifenatura.com\/es\/produto\/man-prime-60-capsulas-vegafarma\/","url":"https:\/\/www.lifenatura.com\/es\/produto\/man-prime-60-capsulas-vegafarma\/","name":"Man Prime 60 C\u00e1psulas - Vegafarma - Na Lifenatura ao Melhor Pre\u00e7o | Envio em 48h","isPartOf":{"@id":"https:\/\/www.lifenatura.com\/es\/#website"},"primaryImageOfPage":{"@id":"https:\/\/www.lifenatura.com\/es\/produto\/man-prime-60-capsulas-vegafarma\/#primaryimage"},"image":{"@id":"https:\/\/www.lifenatura.com\/es\/produto\/man-prime-60-capsulas-vegafarma\/#primaryimage"},"thumbnailUrl":"https:\/\/www.lifenatura.com\/wp-content\/uploads\/2025\/05\/men-prime-caps-vegafarma.jpg","datePublished":"2025-05-20T16:09:35+00:00","dateModified":"2026-04-21T00:02:05+00:00","description":"Man Prime de Vegafarma favorece el equilibrio hormonal y el bienestar de la mujer, mejorando la salud de la piel y aumentando la energ\u00eda.","breadcrumb":{"@id":"https:\/\/www.lifenatura.com\/es\/produto\/man-prime-60-capsulas-vegafarma\/#breadcrumb"},"inLanguage":"es","potentialAction":[{"@type":"ReadAction","target":["https:\/\/www.lifenatura.com\/es\/produto\/man-prime-60-capsulas-vegafarma\/"]}]},{"@type":"ImageObject","inLanguage":"es","@id":"https:\/\/www.lifenatura.com\/es\/produto\/man-prime-60-capsulas-vegafarma\/#primaryimage","url":"https:\/\/www.lifenatura.com\/wp-content\/uploads\/2025\/05\/men-prime-caps-vegafarma.jpg","contentUrl":"https:\/\/www.lifenatura.com\/wp-content\/uploads\/2025\/05\/men-prime-caps-vegafarma.jpg","width":1000,"height":1000,"caption":"Man Prime de Vegafarma"},{"@type":"BreadcrumbList","@id":"https:\/\/www.lifenatura.com\/es\/produto\/man-prime-60-capsulas-vegafarma\/#breadcrumb","itemListElement":[{"@type":"ListItem","position":1,"name":"In\u00edcio","item":"https:\/\/www.lifenatura.com\/es\/"},{"@type":"ListItem","position":2,"name":"Todos los Productos","item":"https:\/\/www.lifenatura.com\/es\/tienda\/"},{"@type":"ListItem","position":3,"name":"Man Prime 60 C\u00e1psulas &#8211; Vegafarma"}]},{"@type":"WebSite","@id":"https:\/\/www.lifenatura.com\/es\/#website","url":"https:\/\/www.lifenatura.com\/es\/","name":"Lifenatura","description":"A Lifenatura \u00e9 uma loja de produtos naturais, cosm\u00e9tica natural e alimenta\u00e7\u00e3o Biol\u00f3gica.","publisher":{"@id":"https:\/\/www.lifenatura.com\/es\/#organization"},"potentialAction":[{"@type":"SearchAction","target":{"@type":"EntryPoint","urlTemplate":"https:\/\/www.lifenatura.com\/es\/?s={search_term_string}"},"query-input":{"@type":"PropertyValueSpecification","valueRequired":true,"valueName":"search_term_string"}}],"inLanguage":"es"},{"@type":"Organization","@id":"https:\/\/www.lifenatura.com\/es\/#organization","name":"Lifenatura","url":"https:\/\/www.lifenatura.com\/es\/","logo":{"@type":"ImageObject","inLanguage":"es","@id":"https:\/\/www.lifenatura.com\/es\/#\/schema\/logo\/image\/","url":"https:\/\/www.lifenatura.com\/wp-content\/uploads\/2021\/07\/logo.png","contentUrl":"https:\/\/www.lifenatura.com\/wp-content\/uploads\/2021\/07\/logo.png","width":175,"height":55,"caption":"Lifenatura"},"image":{"@id":"https:\/\/www.lifenatura.com\/es\/#\/schema\/logo\/image\/"},"sameAs":["https:\/\/www.facebook.com\/lifenatura","https:\/\/www.instagram.com\/lifenaturapt\/"],"hasMerchantReturnPolicy":{"@type":"MerchantReturnPolicy","merchantReturnLink":"https:\/\/www.lifenatura.com\/termos-condicoes-lifenatura\/"}}]},"product_price_amount":"34.11","product_price_currency":"EUR","og_availability":"instock","product_availability":"instock","product_retailer_item_id":"5600493200618","product_condition":"new"},"df_price":34.11,"df_sale_price":34.11,"df_regular_price":40.13,"df_image_link":"https:\/\/www.lifenatura.com\/wp-content\/uploads\/2025\/05\/men-prime-caps-vegafarma-300x300.jpg","_links":{"self":[{"href":"https:\/\/www.lifenatura.com\/es\/wp-json\/wp\/v2\/product\/114122","targetHints":{"allow":["GET"]}}],"collection":[{"href":"https:\/\/www.lifenatura.com\/es\/wp-json\/wp\/v2\/product"}],"about":[{"href":"https:\/\/www.lifenatura.com\/es\/wp-json\/wp\/v2\/types\/product"}],"wp:featuredmedia":[{"embeddable":true,"href":"https:\/\/www.lifenatura.com\/es\/wp-json\/wp\/v2\/media\/112057"}],"wp:attachment":[{"href":"https:\/\/www.lifenatura.com\/es\/wp-json\/wp\/v2\/media?parent=114122"}],"wp:term":[{"taxonomy":"product_brand","embeddable":true,"href":"https:\/\/www.lifenatura.com\/es\/wp-json\/wp\/v2\/product_brand?post=114122"},{"taxonomy":"product_cat","embeddable":true,"href":"https:\/\/www.lifenatura.com\/es\/wp-json\/wp\/v2\/product_cat?post=114122"},{"taxonomy":"product_tag","embeddable":true,"href":"https:\/\/www.lifenatura.com\/es\/wp-json\/wp\/v2\/product_tag?post=114122"}],"curies":[{"name":"wp","href":"https:\/\/api.w.org\/{rel}","templated":true}]}}