{"id":114120,"date":"2025-06-09T21:23:11","date_gmt":"2025-06-09T21:23:11","guid":{"rendered":"https:\/\/www.lifenatura.com\/produto\/espermidina-y-resveratrol-30-capsulas-vitalised\/"},"modified":"2025-06-30T23:57:06","modified_gmt":"2025-06-30T23:57:06","slug":"espermidina-y-resveratrol-30-capsulas-vitalised","status":"publish","type":"product","link":"https:\/\/www.lifenatura.com\/es\/produto\/espermidina-y-resveratrol-30-capsulas-vitalised\/","title":{"rendered":"Espermidina y Resveratrol 30 C\u00e1psulas &#8211; Vitalised"},"content":{"rendered":"<h2 data-start=\"209\" data-end=\"250\"><strong>F\u00f3rmula de espermidina y resveratrol para la longevidad celular y el envejecimiento saludable<\/strong><\/h2>\n<p>&nbsp;<\/p>\n<p data-start=\"320\" data-end=\"549\"><strong data-start=\"322\" data-end=\"369\">Espermidina y Resveratrol de Vitalized<\/strong> es un complemento alimenticio de primera calidad que combina dos potentes compuestos naturales reconocidos por su acci\u00f3n en el <strong data-start=\"480\" data-end=\"548\">fomento de la longevidad, la salud celular y el envejecimiento saludable<\/strong>.<\/p>\n<p data-start=\"551\" data-end=\"890\"><strong data-start=\"553\" data-end=\"568\">La espermidina<\/strong> es una poliamina presente en peque\u00f1as cantidades en el organismo y en algunos alimentos, que desempe\u00f1a un papel fundamental en <strong data-start=\"682\" data-end=\"703\">la autofagia celular<\/strong>, el proceso natural de renovaci\u00f3n celular, que disminuye con la edad. Este proceso es esencial para eliminar los residuos celulares y mantener una funci\u00f3n celular saludable.<\/p>\n<p data-start=\"892\" data-end=\"1143\"><strong data-start=\"894\" data-end=\"909\">El resveratrol<\/strong>, un polifenol que se encuentra en plantas como las uvas y los cacahuetes, tiene potentes propiedades <strong data-start=\"998\" data-end=\"1036\">antioxidantes y antiinflamatorias<\/strong>, que protegen las c\u00e9lulas contra el estr\u00e9s oxidativo y favorecen la salud cardiovascular, cerebral y metab\u00f3lica.<\/p>\n<p data-start=\"1145\" data-end=\"1416\">La combinaci\u00f3n de estos dos principios activos favorece una <strong data-start=\"1202\" data-end=\"1220\">acci\u00f3n sin\u00e9rgica<\/strong> en la regeneraci\u00f3n celular, la protecci\u00f3n contra el envejecimiento prematuro y el apoyo al sistema inmunitario, por lo que este suplemento es ideal para quienes buscan <strong data-start=\"1368\" data-end=\"1415\">mantener la vitalidad y la salud a largo plazo<\/strong>.<\/p>\n<h3 data-start=\"1418\" data-end=\"1444\">Principales ventajas:<\/h3>\n<ul data-start=\"1445\" data-end=\"1716\">\n<li data-start=\"1445\" data-end=\"1510\">\n<p data-start=\"1447\" data-end=\"1510\">Estimula la autofagia celular, favoreciendo la renovaci\u00f3n celular<\/p>\n<\/li>\n<li data-start=\"1511\" data-end=\"1554\">\n<p data-start=\"1513\" data-end=\"1554\">Acci\u00f3n antioxidante y antienvejecimiento<\/p>\n<\/li>\n<li data-start=\"1555\" data-end=\"1598\">\n<p data-start=\"1557\" data-end=\"1598\">Favorece la salud cardiovascular y cerebral<\/p>\n<\/li>\n<li data-start=\"1599\" data-end=\"1660\">\n<p data-start=\"1601\" data-end=\"1660\">Contribuye al equilibrio metab\u00f3lico y a la protecci\u00f3n celular<\/p>\n<\/li>\n<li data-start=\"1661\" data-end=\"1716\">\n<p data-start=\"1663\" data-end=\"1716\">F\u00f3rmula de gran pureza, sin aditivos artificiales<\/p>\n<\/li>\n<\/ul>\n<h3 data-start=\"1718\" data-end=\"1736\">Adecuado para:<\/h3>\n<ul data-start=\"1737\" data-end=\"2008\">\n<li data-start=\"1737\" data-end=\"1796\">\n<p data-start=\"1739\" data-end=\"1796\">Adultos que quieren ralentizar el envejecimiento celular<\/p>\n<\/li>\n<li data-start=\"1797\" data-end=\"1866\">\n<p data-start=\"1799\" data-end=\"1866\">Personas interesadas en promover la longevidad y el bienestar general<\/p>\n<\/li>\n<li data-start=\"1867\" data-end=\"1937\">\n<p data-start=\"1869\" data-end=\"1937\">Personas con estilos de vida exigentes y tensi\u00f3n f\u00edsica o mental<\/p>\n<\/li>\n<li data-start=\"1938\" data-end=\"2008\">\n<p data-start=\"1940\" data-end=\"2008\">Los que buscan aumentar la protecci\u00f3n antioxidante y la salud metab\u00f3lica<\/p>\n<\/li>\n<\/ul>\n<p>La espermidina y el resveratrol se encuentran en cantidades variables en distintos alimentos vegetales. Estos ingredientes complementarios han sido ampliamente estudiados por su impacto en los procesos celulares y el envejecimiento activo.<\/p>\n<p>La f\u00f3rmula de Vitalized aporta 3 mg de espermidina de extracto de soja y una dosis cient\u00edficamente probada de 150 mg de resveratrol puro de primera calidad Veri-te\u2122 por dosis diaria.<\/p>\n<p><strong>PRESENTACI\u00d3N<\/strong><\/p>\n<p>30 c\u00e1psulas<\/p>\n<p>&nbsp;<\/p>\n","protected":false},"excerpt":{"rendered":"<p>La Espermidina y el Resveratrol de Vitalized complementan la longevidad celular y el envejecimiento saludable. Estimula la autofagia y protege contra la oxidaci\u00f3n. [&#8230;]<\/p>\n<p><a class=\"btn btn-secondary understrap-read-more-link\" href=\"https:\/\/www.lifenatura.com\/es\/produto\/espermidina-y-resveratrol-30-capsulas-vitalised\/\">Leer m\u00e1s&#8230;<span class=\"screen-reader-text\"> from Espermidina y Resveratrol 30 C\u00e1psulas &#8211; Vitalised<\/span><\/a><\/p>\n","protected":false},"featured_media":113255,"template":"","meta":{"_acf_changed":false},"product_brand":[8357],"product_cat":[7236,7659,7239,7779,7179,7883],"product_tag":[],"class_list":{"0":"post-114120","1":"product","2":"type-product","3":"status-publish","4":"has-post-thumbnail","6":"product_brand-vitalized-es","7":"product_cat-antioxidantes-salud","8":"product_cat-ingrediente-natural-bio","9":"product_cat-cuidado-de-la-piel","10":"product_cat-resveratrol-es","11":"product_cat-salud","12":"product_cat-suplementos-alimenticios","14":"first","15":"instock","16":"shipping-taxable","17":"purchasable","18":"product-type-simple","19":"add-to-wishlist-before_image"},"acf":[],"yoast_head":"<!-- This site is optimized with the Yoast SEO Premium plugin v27.1 (Yoast SEO v27.4) - https:\/\/yoast.com\/product\/yoast-seo-premium-wordpress\/ -->\n<title>Espermidina y Resveratrol 30 C\u00e1psulas - Vitalised - Lifenatura<\/title>\n<meta name=\"description\" content=\"Espermidina y el Resveratrol complementan la longevidad celular y el envejecimiento saludable. Estimula la autofagia y protege contra la oxidaci\u00f3n.\" \/>\n<meta name=\"robots\" content=\"index, follow, max-snippet:-1, max-image-preview:large, max-video-preview:-1\" \/>\n<link rel=\"canonical\" href=\"https:\/\/www.lifenatura.com\/es\/produto\/espermidina-y-resveratrol-30-capsulas-vitalised\/\" \/>\n<meta property=\"og:locale\" content=\"es_ES\" \/>\n<meta property=\"og:type\" content=\"article\" \/>\n<meta property=\"og:title\" content=\"Espermidina y Resveratrol 30 C\u00e1psulas - Vitalised - Lifenatura\" \/>\n<meta property=\"og:description\" content=\"Compre aqui o seu Espermidina y Resveratrol 30 C\u00e1psulas - Vitalised e a Lifenatura Online envia em 48 H com Portes Gratis &gt;35\u20ac de Pedido.\" \/>\n<meta property=\"og:url\" content=\"https:\/\/www.lifenatura.com\/es\/produto\/espermidina-y-resveratrol-30-capsulas-vitalised\/\" \/>\n<meta property=\"og:site_name\" content=\"Lifenatura\" \/>\n<meta property=\"article:publisher\" content=\"https:\/\/www.facebook.com\/lifenatura\" \/>\n<meta property=\"article:modified_time\" content=\"2025-06-30T23:57:06+00:00\" \/>\n<meta property=\"og:image\" content=\"https:\/\/www.lifenatura.com\/wp-content\/uploads\/2025\/06\/spermidine-resveratrol-vitalized.jpg\" \/>\n\t<meta property=\"og:image:width\" content=\"1000\" \/>\n\t<meta property=\"og:image:height\" content=\"1000\" \/>\n\t<meta property=\"og:image:type\" content=\"image\/jpeg\" \/>\n<meta name=\"twitter:card\" content=\"summary_large_image\" \/>\n<meta name=\"twitter:label1\" content=\"Precio\" \/>\n\t<meta name=\"twitter:data1\" content=\"33,90&nbsp;&euro;\" \/>\n\t<meta name=\"twitter:label2\" content=\"Disponibilidad\" \/>\n\t<meta name=\"twitter:data2\" content=\"Disponible\" \/>\n<meta property=\"product:price:amount\" content=\"33.90\" \/>\n<meta property=\"product:price:currency\" content=\"EUR\" \/>\n<meta property=\"og:availability\" content=\"instock\" \/>\n<meta property=\"product:availability\" content=\"instock\" \/>\n<meta property=\"product:retailer_item_id\" content=\"8720648297731\" \/>\n<meta property=\"product:condition\" content=\"new\" \/>\n<!-- \/ Yoast SEO Premium plugin. -->","yoast_head_json":{"title":"Espermidina y Resveratrol 30 C\u00e1psulas - Vitalised - Lifenatura","description":"Espermidina y el Resveratrol complementan la longevidad celular y el envejecimiento saludable. Estimula la autofagia y protege contra la oxidaci\u00f3n.","robots":{"index":"index","follow":"follow","max-snippet":"max-snippet:-1","max-image-preview":"max-image-preview:large","max-video-preview":"max-video-preview:-1"},"canonical":"https:\/\/www.lifenatura.com\/es\/produto\/espermidina-y-resveratrol-30-capsulas-vitalised\/","og_locale":"es_ES","og_type":"article","og_title":"Espermidina y Resveratrol 30 C\u00e1psulas - Vitalised - Lifenatura","og_description":"Compre aqui o seu Espermidina y Resveratrol 30 C\u00e1psulas - Vitalised e a Lifenatura Online envia em 48 H com Portes Gratis >35\u20ac de Pedido.","og_url":"https:\/\/www.lifenatura.com\/es\/produto\/espermidina-y-resveratrol-30-capsulas-vitalised\/","og_site_name":"Lifenatura","article_publisher":"https:\/\/www.facebook.com\/lifenatura","article_modified_time":"2025-06-30T23:57:06+00:00","og_image":[{"width":1000,"height":1000,"url":"https:\/\/www.lifenatura.com\/wp-content\/uploads\/2025\/06\/spermidine-resveratrol-vitalized.jpg","type":"image\/jpeg"}],"twitter_card":"summary_large_image","twitter_misc":{"Precio":"33,90&nbsp;&euro;","Disponibilidad":"Disponible"},"schema":{"@context":"https:\/\/schema.org","@graph":[{"@type":"WebPage","@id":"https:\/\/www.lifenatura.com\/es\/produto\/espermidina-y-resveratrol-30-capsulas-vitalised\/","url":"https:\/\/www.lifenatura.com\/es\/produto\/espermidina-y-resveratrol-30-capsulas-vitalised\/","name":"Espermidina y Resveratrol 30 C\u00e1psulas - Vitalised - Lifenatura","isPartOf":{"@id":"https:\/\/www.lifenatura.com\/es\/#website"},"primaryImageOfPage":{"@id":"https:\/\/www.lifenatura.com\/es\/produto\/espermidina-y-resveratrol-30-capsulas-vitalised\/#primaryimage"},"image":{"@id":"https:\/\/www.lifenatura.com\/es\/produto\/espermidina-y-resveratrol-30-capsulas-vitalised\/#primaryimage"},"thumbnailUrl":"https:\/\/www.lifenatura.com\/wp-content\/uploads\/2025\/06\/spermidine-resveratrol-vitalized.jpg","datePublished":"2025-06-09T21:23:11+00:00","dateModified":"2025-06-30T23:57:06+00:00","description":"Espermidina y el Resveratrol complementan la longevidad celular y el envejecimiento saludable. Estimula la autofagia y protege contra la oxidaci\u00f3n.","breadcrumb":{"@id":"https:\/\/www.lifenatura.com\/es\/produto\/espermidina-y-resveratrol-30-capsulas-vitalised\/#breadcrumb"},"inLanguage":"es","potentialAction":[{"@type":"ReadAction","target":["https:\/\/www.lifenatura.com\/es\/produto\/espermidina-y-resveratrol-30-capsulas-vitalised\/"]}]},{"@type":"ImageObject","inLanguage":"es","@id":"https:\/\/www.lifenatura.com\/es\/produto\/espermidina-y-resveratrol-30-capsulas-vitalised\/#primaryimage","url":"https:\/\/www.lifenatura.com\/wp-content\/uploads\/2025\/06\/spermidine-resveratrol-vitalized.jpg","contentUrl":"https:\/\/www.lifenatura.com\/wp-content\/uploads\/2025\/06\/spermidine-resveratrol-vitalized.jpg","width":1000,"height":1000,"caption":"Espermidina y Resveratrol de Vitalised"},{"@type":"BreadcrumbList","@id":"https:\/\/www.lifenatura.com\/es\/produto\/espermidina-y-resveratrol-30-capsulas-vitalised\/#breadcrumb","itemListElement":[{"@type":"ListItem","position":1,"name":"In\u00edcio","item":"https:\/\/www.lifenatura.com\/es\/"},{"@type":"ListItem","position":2,"name":"Todos los Productos","item":"https:\/\/www.lifenatura.com\/es\/tienda\/"},{"@type":"ListItem","position":3,"name":"Espermidina y Resveratrol 30 C\u00e1psulas &#8211; Vitalised"}]},{"@type":"WebSite","@id":"https:\/\/www.lifenatura.com\/es\/#website","url":"https:\/\/www.lifenatura.com\/es\/","name":"Lifenatura","description":"A Lifenatura \u00e9 uma loja de produtos naturais, cosm\u00e9tica natural e alimenta\u00e7\u00e3o Biol\u00f3gica.","publisher":{"@id":"https:\/\/www.lifenatura.com\/es\/#organization"},"potentialAction":[{"@type":"SearchAction","target":{"@type":"EntryPoint","urlTemplate":"https:\/\/www.lifenatura.com\/es\/?s={search_term_string}"},"query-input":{"@type":"PropertyValueSpecification","valueRequired":true,"valueName":"search_term_string"}}],"inLanguage":"es"},{"@type":"Organization","@id":"https:\/\/www.lifenatura.com\/es\/#organization","name":"Lifenatura","url":"https:\/\/www.lifenatura.com\/es\/","logo":{"@type":"ImageObject","inLanguage":"es","@id":"https:\/\/www.lifenatura.com\/es\/#\/schema\/logo\/image\/","url":"https:\/\/www.lifenatura.com\/wp-content\/uploads\/2021\/11\/logo.png","contentUrl":"https:\/\/www.lifenatura.com\/wp-content\/uploads\/2021\/11\/logo.png","width":175,"height":55,"caption":"Lifenatura"},"image":{"@id":"https:\/\/www.lifenatura.com\/es\/#\/schema\/logo\/image\/"},"sameAs":["https:\/\/www.facebook.com\/lifenatura","https:\/\/www.instagram.com\/lifenaturapt\/"]}]},"product_price_amount":"33.90","product_price_currency":"EUR","og_availability":"instock","product_availability":"instock","product_retailer_item_id":"8720648297731","product_condition":"new"},"df_price":33.9,"df_sale_price":"","df_regular_price":33.9,"df_image_link":"https:\/\/www.lifenatura.com\/wp-content\/uploads\/2025\/06\/spermidine-resveratrol-vitalized-300x300.jpg","_links":{"self":[{"href":"https:\/\/www.lifenatura.com\/es\/wp-json\/wp\/v2\/product\/114120","targetHints":{"allow":["GET"]}}],"collection":[{"href":"https:\/\/www.lifenatura.com\/es\/wp-json\/wp\/v2\/product"}],"about":[{"href":"https:\/\/www.lifenatura.com\/es\/wp-json\/wp\/v2\/types\/product"}],"wp:featuredmedia":[{"embeddable":true,"href":"https:\/\/www.lifenatura.com\/es\/wp-json\/wp\/v2\/media\/113255"}],"wp:attachment":[{"href":"https:\/\/www.lifenatura.com\/es\/wp-json\/wp\/v2\/media?parent=114120"}],"wp:term":[{"taxonomy":"product_brand","embeddable":true,"href":"https:\/\/www.lifenatura.com\/es\/wp-json\/wp\/v2\/product_brand?post=114120"},{"taxonomy":"product_cat","embeddable":true,"href":"https:\/\/www.lifenatura.com\/es\/wp-json\/wp\/v2\/product_cat?post=114120"},{"taxonomy":"product_tag","embeddable":true,"href":"https:\/\/www.lifenatura.com\/es\/wp-json\/wp\/v2\/product_tag?post=114120"}],"curies":[{"name":"wp","href":"https:\/\/api.w.org\/{rel}","templated":true}]}}