{"id":114119,"date":"2025-06-26T18:39:35","date_gmt":"2025-06-26T18:39:35","guid":{"rendered":"https:\/\/www.lifenatura.com\/produto\/decotopia-depurativa-antartica-gianluca-mech\/"},"modified":"2025-07-31T11:32:55","modified_gmt":"2025-07-31T11:32:55","slug":"decotopia-depurativa-antartica-gianluca-mech","status":"publish","type":"product","link":"https:\/\/www.lifenatura.com\/es\/produto\/decotopia-depurativa-antartica-gianluca-mech\/","title":{"rendered":"Decotop\u00eda Depurativa Ant\u00e1rtica &#8211; Gianluca Mech"},"content":{"rendered":"<h2 style=\"text-align: left;\" data-start=\"40\" data-end=\"90\"><strong>Acci\u00f3n desintoxicante profunda Decottopia Depurativa Ant\u00e1rtica<\/strong><\/h2>\n<p>&nbsp;<\/p>\n<p data-start=\"125\" data-end=\"355\">El <strong data-start=\"127\" data-end=\"162\">Depurativo Ant\u00e1rtico Decottopia<\/strong> de <strong data-start=\"166\" data-end=\"183\">Gianluca Mech<\/strong> es un complemento alimenticio l\u00edquido formulado para favorecer la desintoxicaci\u00f3n natural del organismo. <span class=\"relative -mx-px my-[-0.2rem] rounded px-px py-[0.2rem] transition-colors duration-100 ease-in-out\">Compuesto por una combinaci\u00f3n \u00fanica de plantas medicinales y algas marinas, este producto pretende ayudar a eliminar las toxinas acumuladas debido a factores como una dieta desequilibrada, la contaminaci\u00f3n ambiental y estilos de vida poco saludables.<\/span><\/p>\n<p data-start=\"357\" data-end=\"471\"><span class=\"relative -mx-px my-[-0.2rem] rounded px-px py-[0.2rem] transition-colors duration-100 ease-in-out\">La base de la f\u00f3rmula es <strong data-start=\"22\" data-end=\"45\">la Durvillea antarctica<\/strong>, un alga procedente de las aguas puras del sur de Chile, rica en <strong data-start=\"109\" data-end=\"127\">\u00e1cido alg\u00ednico<\/strong>, que act\u00faa como agente quelante, uni\u00e9ndose a los metales pesados y otras sustancias t\u00f3xicas, facilitando su eliminaci\u00f3n por el organismo.<\/span> <span class=\"relative -mx-px my-[-0.2rem] rounded px-px py-[0.2rem] transition-colors duration-100 ease-in-out\">Tambi\u00e9n contiene <strong data-start=\"19\" data-end=\"29\">r\u00facula<\/strong>, <strong data-start=\"31\" data-end=\"40\">menta<\/strong>, <strong data-start=\"42\" data-end=\"56\">alcachofa<\/strong>, <strong data-start=\"58\" data-end=\"69\">bardana<\/strong>, <strong data-start=\"71\" data-end=\"88\">diente de le\u00f3n<\/strong>, <strong data-start=\"90\" data-end=\"109\">ruibarbo chino<\/strong>, <strong data-start=\"111\" data-end=\"123\">genciana<\/strong>, <strong data-start=\"125\" data-end=\"136\">melisa<\/strong>, <strong data-start=\"138\" data-end=\"147\">quinoa<\/strong>, <strong data-start=\"149\" data-end=\"159\">enebro<\/strong>, <strong data-start=\"161\" data-end=\"173\">hierba<\/strong> y <strong data-start=\"175\" data-end=\"189\">flor de sa\u00faco<\/strong>, <strong data-start=\"191\" data-end=\"200\">fucus<\/strong>, <strong data-start=\"202\" data-end=\"210\">an\u00eds<\/strong>, <strong data-start=\"212\" data-end=\"221\">perejil<\/strong>, <strong data-start=\"223\" data-end=\"235\">gayuba<\/strong> y <strong data-start=\"238\" data-end=\"251\">marrubium<\/strong>, que contribuyen a las funciones digestiva, hep\u00e1tica y drenante.<\/span><\/p>\n<p data-start=\"357\" data-end=\"471\"><strong data-start=\"473\" data-end=\"499\">Principales ventajas:<\/strong><\/p>\n<ul data-start=\"501\" data-end=\"930\">\n<li data-start=\"501\" data-end=\"576\">\n<p data-start=\"503\" data-end=\"576\"><strong data-start=\"503\" data-end=\"536\">Acci\u00f3n desintoxicante profunda:<\/strong> <span class=\"relative -mx-px my-[-0.2rem] rounded px-px py-[0.2rem] transition-colors duration-100 ease-in-out\">Elimina las toxinas y los metales pesados acumulados en el organismo.<\/span><\/p>\n<\/li>\n<li data-start=\"577\" data-end=\"651\">\n<p data-start=\"579\" data-end=\"651\"><strong data-start=\"579\" data-end=\"611\">Mejora la funci\u00f3n digestiva:<\/strong> <span class=\"relative -mx-px my-[-0.2rem] rounded px-px py-[0.2rem] transition-colors duration-100 ease-in-out\">Facilita la digesti\u00f3n y alivia s\u00edntomas como la hinchaz\u00f3n y los gases.<\/span><\/p>\n<\/li>\n<li data-start=\"652\" data-end=\"723\">\n<p data-start=\"654\" data-end=\"723\"><strong data-start=\"654\" data-end=\"683\">Favorece la salud del h\u00edgado:<\/strong> <span class=\"relative -mx-px my-[-0.2rem] rounded px-px py-[0.2rem] transition-colors duration-100 ease-in-out\">Estimula la funci\u00f3n hep\u00e1tica, favoreciendo la eliminaci\u00f3n de sustancias nocivas.<\/span><\/p>\n<\/li>\n<li data-start=\"724\" data-end=\"813\">\n<p data-start=\"726\" data-end=\"813\"><strong data-start=\"726\" data-end=\"773\">Drena y reduce la retenci\u00f3n de l\u00edquidos:<\/strong> <span class=\"relative -mx-px my-[-0.2rem] rounded px-px py-[0.2rem] transition-colors duration-100 ease-in-out\">Favorece la eliminaci\u00f3n del exceso de l\u00edquidos corporales.<\/span><\/p>\n<\/li>\n<li data-start=\"814\" data-end=\"930\">\n<p data-start=\"816\" data-end=\"930\"><strong data-start=\"816\" data-end=\"851\">Revitaliza la piel y el cabello:<\/strong> <span class=\"relative -mx-px my-[-0.2rem] rounded px-px py-[0.2rem] transition-colors duration-100 ease-in-out\">La desintoxicaci\u00f3n contribuye a un aspecto m\u00e1s saludable de la piel y el cabello.<\/span><\/p>\n<\/li>\n<\/ul>\n<p data-start=\"932\" data-end=\"946\"><strong data-start=\"932\" data-end=\"946\">Indicaci\u00f3n:<\/strong><\/p>\n<p data-start=\"948\" data-end=\"1066\"><span class=\"relative -mx-px my-[-0.2rem] rounded px-px py-[0.2rem] transition-colors duration-100 ease-in-out\">Este suplemento es adecuado para adultos que deseen desintoxicar su organismo de forma natural, especialmente \u00fatil durante el cambio de estaci\u00f3n, despu\u00e9s de comer en exceso o de exponerse a ambientes contaminados.<\/span><\/p>\n<p data-start=\"948\" data-end=\"1066\"><span class=\"relative -mx-px my-[-0.2rem] rounded px-px py-[0.2rem] transition-colors duration-100 ease-in-out\">Es adecuado para las personas que desean mejorar la digesti\u00f3n, favorecer la salud del h\u00edgado y promover la eliminaci\u00f3n de toxinas.<\/span><\/p>\n<p data-start=\"1068\" data-end=\"1086\"><strong>PRESENTACI\u00d3N<\/strong><\/p>\n<p data-start=\"1068\" data-end=\"1086\">500 ml<\/p>\n<p data-start=\"1068\" data-end=\"1086\">\n","protected":false},"excerpt":{"rendered":"<p>La Decottop\u00eda Depurativa Ant\u00e1rtica de Gianluca Mech es un suplemento natural que favorece la desintoxicaci\u00f3n del organismo y apoya la salud del h\u00edgado. [&#8230;]<\/p>\n<p><a class=\"btn btn-secondary understrap-read-more-link\" href=\"https:\/\/www.lifenatura.com\/es\/produto\/decotopia-depurativa-antartica-gianluca-mech\/\">Leer m\u00e1s&#8230;<span class=\"screen-reader-text\"> from Decotop\u00eda Depurativa Ant\u00e1rtica &#8211; Gianluca Mech<\/span><\/a><\/p>\n","protected":false},"featured_media":113965,"template":"","meta":{"_acf_changed":false},"product_brand":[8484],"product_cat":[7193,7254,7179,7883],"product_tag":[],"class_list":{"0":"post-114119","1":"product","2":"type-product","3":"status-publish","4":"has-post-thumbnail","6":"product_brand-gianluca-mech","7":"product_cat-drenante-y-detox","8":"product_cat-higado-vesicula","9":"product_cat-salud","10":"product_cat-suplementos-alimenticios","12":"first","13":"instock","14":"shipping-taxable","15":"purchasable","16":"product-type-simple","17":"add-to-wishlist-before_image"},"acf":[],"yoast_head":"<!-- This site is optimized with the Yoast SEO Premium plugin v27.1 (Yoast SEO v27.3) - https:\/\/yoast.com\/product\/yoast-seo-premium-wordpress\/ -->\n<title>Decotop\u00eda Depurativa Ant\u00e1rtica - Gianluca Mech - Lifenatura<\/title>\n<meta name=\"description\" content=\"La Decottop\u00eda Depurativa Ant\u00e1rtica de Gianluca Mech es un suplemento natural que favorece la desintoxicaci\u00f3n del organismo y apoya la salud del h\u00edgado.\" \/>\n<meta name=\"robots\" content=\"index, follow, max-snippet:-1, max-image-preview:large, max-video-preview:-1\" \/>\n<link rel=\"canonical\" href=\"https:\/\/www.lifenatura.com\/es\/produto\/decotopia-depurativa-antartica-gianluca-mech\/\" \/>\n<meta property=\"og:locale\" content=\"es_ES\" \/>\n<meta property=\"og:type\" content=\"article\" \/>\n<meta property=\"og:title\" content=\"Decotop\u00eda Depurativa Ant\u00e1rtica - Gianluca Mech - Lifenatura\" \/>\n<meta property=\"og:description\" content=\"Compre aqui o seu Decotop\u00eda Depurativa Ant\u00e1rtica - Gianluca Mech e a Lifenatura Online envia em 48 H com Portes Gratis &gt;35\u20ac de Pedido.\" \/>\n<meta property=\"og:url\" content=\"https:\/\/www.lifenatura.com\/es\/produto\/decotopia-depurativa-antartica-gianluca-mech\/\" \/>\n<meta property=\"og:site_name\" content=\"Lifenatura\" \/>\n<meta property=\"article:publisher\" content=\"https:\/\/www.facebook.com\/lifenatura\" \/>\n<meta property=\"article:modified_time\" content=\"2025-07-31T11:32:55+00:00\" \/>\n<meta property=\"og:image\" content=\"https:\/\/www.lifenatura.com\/wp-content\/uploads\/2025\/06\/depurativo-antartico-gianluca-mech.jpg\" \/>\n\t<meta property=\"og:image:width\" content=\"1000\" \/>\n\t<meta property=\"og:image:height\" content=\"1000\" \/>\n\t<meta property=\"og:image:type\" content=\"image\/jpeg\" \/>\n<meta name=\"twitter:card\" content=\"summary_large_image\" \/>\n<meta name=\"twitter:label1\" content=\"Precio\" \/>\n\t<meta name=\"twitter:data1\" content=\"29,90&nbsp;&euro;\" \/>\n\t<meta name=\"twitter:label2\" content=\"Disponibilidad\" \/>\n\t<meta name=\"twitter:data2\" content=\"Disponible\" \/>\n<meta property=\"product:price:amount\" content=\"29.90\" \/>\n<meta property=\"product:price:currency\" content=\"EUR\" \/>\n<meta property=\"og:availability\" content=\"instock\" \/>\n<meta property=\"product:availability\" content=\"instock\" \/>\n<meta property=\"product:retailer_item_id\" content=\"8032589073900\" \/>\n<meta property=\"product:condition\" content=\"new\" \/>\n<!-- \/ Yoast SEO Premium plugin. -->","yoast_head_json":{"title":"Decotop\u00eda Depurativa Ant\u00e1rtica - Gianluca Mech - Lifenatura","description":"La Decottop\u00eda Depurativa Ant\u00e1rtica de Gianluca Mech es un suplemento natural que favorece la desintoxicaci\u00f3n del organismo y apoya la salud del h\u00edgado.","robots":{"index":"index","follow":"follow","max-snippet":"max-snippet:-1","max-image-preview":"max-image-preview:large","max-video-preview":"max-video-preview:-1"},"canonical":"https:\/\/www.lifenatura.com\/es\/produto\/decotopia-depurativa-antartica-gianluca-mech\/","og_locale":"es_ES","og_type":"article","og_title":"Decotop\u00eda Depurativa Ant\u00e1rtica - Gianluca Mech - Lifenatura","og_description":"Compre aqui o seu Decotop\u00eda Depurativa Ant\u00e1rtica - Gianluca Mech e a Lifenatura Online envia em 48 H com Portes Gratis >35\u20ac de Pedido.","og_url":"https:\/\/www.lifenatura.com\/es\/produto\/decotopia-depurativa-antartica-gianluca-mech\/","og_site_name":"Lifenatura","article_publisher":"https:\/\/www.facebook.com\/lifenatura","article_modified_time":"2025-07-31T11:32:55+00:00","og_image":[{"width":1000,"height":1000,"url":"https:\/\/www.lifenatura.com\/wp-content\/uploads\/2025\/06\/depurativo-antartico-gianluca-mech.jpg","type":"image\/jpeg"}],"twitter_card":"summary_large_image","twitter_misc":{"Precio":"29,90&nbsp;&euro;","Disponibilidad":"Disponible"},"schema":{"@context":"https:\/\/schema.org","@graph":[{"@type":"WebPage","@id":"https:\/\/www.lifenatura.com\/es\/produto\/decotopia-depurativa-antartica-gianluca-mech\/","url":"https:\/\/www.lifenatura.com\/es\/produto\/decotopia-depurativa-antartica-gianluca-mech\/","name":"Decotop\u00eda Depurativa Ant\u00e1rtica - Gianluca Mech - Lifenatura","isPartOf":{"@id":"https:\/\/www.lifenatura.com\/es\/#website"},"primaryImageOfPage":{"@id":"https:\/\/www.lifenatura.com\/es\/produto\/decotopia-depurativa-antartica-gianluca-mech\/#primaryimage"},"image":{"@id":"https:\/\/www.lifenatura.com\/es\/produto\/decotopia-depurativa-antartica-gianluca-mech\/#primaryimage"},"thumbnailUrl":"https:\/\/www.lifenatura.com\/wp-content\/uploads\/2025\/06\/depurativo-antartico-gianluca-mech.jpg","datePublished":"2025-06-26T18:39:35+00:00","dateModified":"2025-07-31T11:32:55+00:00","description":"La Decottop\u00eda Depurativa Ant\u00e1rtica de Gianluca Mech es un suplemento natural que favorece la desintoxicaci\u00f3n del organismo y apoya la salud del h\u00edgado.","breadcrumb":{"@id":"https:\/\/www.lifenatura.com\/es\/produto\/decotopia-depurativa-antartica-gianluca-mech\/#breadcrumb"},"inLanguage":"es","potentialAction":[{"@type":"ReadAction","target":["https:\/\/www.lifenatura.com\/es\/produto\/decotopia-depurativa-antartica-gianluca-mech\/"]}]},{"@type":"ImageObject","inLanguage":"es","@id":"https:\/\/www.lifenatura.com\/es\/produto\/decotopia-depurativa-antartica-gianluca-mech\/#primaryimage","url":"https:\/\/www.lifenatura.com\/wp-content\/uploads\/2025\/06\/depurativo-antartico-gianluca-mech.jpg","contentUrl":"https:\/\/www.lifenatura.com\/wp-content\/uploads\/2025\/06\/depurativo-antartico-gianluca-mech.jpg","width":1000,"height":1000,"caption":"Decottop\u00eda depurativa ant\u00e1rtica de gianluca mech"},{"@type":"BreadcrumbList","@id":"https:\/\/www.lifenatura.com\/es\/produto\/decotopia-depurativa-antartica-gianluca-mech\/#breadcrumb","itemListElement":[{"@type":"ListItem","position":1,"name":"In\u00edcio","item":"https:\/\/www.lifenatura.com\/es\/"},{"@type":"ListItem","position":2,"name":"Todos los Productos","item":"https:\/\/www.lifenatura.com\/es\/tienda\/"},{"@type":"ListItem","position":3,"name":"Decotop\u00eda Depurativa Ant\u00e1rtica &#8211; Gianluca Mech"}]},{"@type":"WebSite","@id":"https:\/\/www.lifenatura.com\/es\/#website","url":"https:\/\/www.lifenatura.com\/es\/","name":"Lifenatura","description":"A Lifenatura \u00e9 uma loja de produtos naturais, cosm\u00e9tica natural e alimenta\u00e7\u00e3o Biol\u00f3gica.","publisher":{"@id":"https:\/\/www.lifenatura.com\/es\/#organization"},"potentialAction":[{"@type":"SearchAction","target":{"@type":"EntryPoint","urlTemplate":"https:\/\/www.lifenatura.com\/es\/?s={search_term_string}"},"query-input":{"@type":"PropertyValueSpecification","valueRequired":true,"valueName":"search_term_string"}}],"inLanguage":"es"},{"@type":"Organization","@id":"https:\/\/www.lifenatura.com\/es\/#organization","name":"Lifenatura","url":"https:\/\/www.lifenatura.com\/es\/","logo":{"@type":"ImageObject","inLanguage":"es","@id":"https:\/\/www.lifenatura.com\/es\/#\/schema\/logo\/image\/","url":"https:\/\/www.lifenatura.com\/wp-content\/uploads\/2021\/11\/logo.png","contentUrl":"https:\/\/www.lifenatura.com\/wp-content\/uploads\/2021\/11\/logo.png","width":175,"height":55,"caption":"Lifenatura"},"image":{"@id":"https:\/\/www.lifenatura.com\/es\/#\/schema\/logo\/image\/"},"sameAs":["https:\/\/www.facebook.com\/lifenatura","https:\/\/www.instagram.com\/lifenaturapt\/"]}]},"product_price_amount":"29.90","product_price_currency":"EUR","og_availability":"instock","product_availability":"instock","product_retailer_item_id":"8032589073900","product_condition":"new"},"df_price":29.9,"df_sale_price":"","df_regular_price":29.9,"df_image_link":"https:\/\/www.lifenatura.com\/wp-content\/uploads\/2025\/06\/depurativo-antartico-gianluca-mech-300x300.jpg","_links":{"self":[{"href":"https:\/\/www.lifenatura.com\/es\/wp-json\/wp\/v2\/product\/114119","targetHints":{"allow":["GET"]}}],"collection":[{"href":"https:\/\/www.lifenatura.com\/es\/wp-json\/wp\/v2\/product"}],"about":[{"href":"https:\/\/www.lifenatura.com\/es\/wp-json\/wp\/v2\/types\/product"}],"wp:featuredmedia":[{"embeddable":true,"href":"https:\/\/www.lifenatura.com\/es\/wp-json\/wp\/v2\/media\/113965"}],"wp:attachment":[{"href":"https:\/\/www.lifenatura.com\/es\/wp-json\/wp\/v2\/media?parent=114119"}],"wp:term":[{"taxonomy":"product_brand","embeddable":true,"href":"https:\/\/www.lifenatura.com\/es\/wp-json\/wp\/v2\/product_brand?post=114119"},{"taxonomy":"product_cat","embeddable":true,"href":"https:\/\/www.lifenatura.com\/es\/wp-json\/wp\/v2\/product_cat?post=114119"},{"taxonomy":"product_tag","embeddable":true,"href":"https:\/\/www.lifenatura.com\/es\/wp-json\/wp\/v2\/product_tag?post=114119"}],"curies":[{"name":"wp","href":"https:\/\/api.w.org\/{rel}","templated":true}]}}