{"id":114118,"date":"2025-06-10T10:30:25","date_gmt":"2025-06-10T10:30:25","guid":{"rendered":"https:\/\/www.lifenatura.com\/produto\/berberina-equilibrio-60-capsulas-purovitalis\/"},"modified":"2026-04-15T15:33:32","modified_gmt":"2026-04-15T15:33:32","slug":"berberina-equilibrio-60-capsulas-purovitalis","status":"publish","type":"product","link":"https:\/\/www.lifenatura.com\/es\/produto\/berberina-equilibrio-60-capsulas-purovitalis\/","title":{"rendered":"Berberina Equilibrio 30 C\u00e1psulas &#8211; Purovitalis"},"content":{"rendered":"<h2 style=\"text-align: left;\" data-start=\"0\" data-end=\"61\"><strong data-start=\"0\" data-end=\"61\">Berberine Balance &#8211; Suplemento natural que regula el az\u00facar en sangre<\/strong><\/h2>\n<p data-start=\"96\" data-end=\"685\"><strong data-start=\"98\" data-end=\"119\">Berberina Equilibrio<\/strong> de la marca <strong data-start=\"129\" data-end=\"144\">Purovitalis<\/strong> es un complemento alimenticio de alta calidad formulado con <strong data-start=\"207\" data-end=\"220\">berberina<\/strong>, una sustancia natural extra\u00edda de plantas como la <strong data-start=\"272\" data-end=\"293\">Berberis aristata<\/strong>, reconocida por sus propiedades beneficiosas para la salud. Este producto ha sido cuidadosamente desarrollado para favorecer el equilibrio metab\u00f3lico y promover el bienestar general. <\/p>\n<p data-start=\"96\" data-end=\"685\">La berberina es una mol\u00e9cula con potentes efectos antioxidantes y antiinflamatorios, que puede contribuir a regular los niveles de az\u00facar en sangre, favorecer la salud cardiovascular y promover un metabolismo sano.<\/p>\n<p data-start=\"687\" data-end=\"713\"><strong data-start=\"687\" data-end=\"713\">Principales ventajas:<\/strong><\/p>\n<ul data-start=\"714\" data-end=\"1358\">\n<li data-start=\"714\" data-end=\"946\">\n<p data-start=\"716\" data-end=\"946\"><strong data-start=\"716\" data-end=\"760\">Regulaci\u00f3n de los niveles de az\u00facar en sangre<\/strong>: La berberina es especialmente conocida por su efecto positivo en la modulaci\u00f3n de los niveles de glucosa, lo que la hace \u00fatil para quienes buscan mantener bajo control los niveles de az\u00facar de forma natural.<\/p>\n<\/li>\n<li data-start=\"947\" data-end=\"1085\">\n<p data-start=\"949\" data-end=\"1085\"><strong data-start=\"949\" data-end=\"973\">Salud cardiovascular<\/strong>: Contribuye a mantener niveles saludables de colesterol, ayudando a proteger el sistema cardiovascular.<\/p>\n<\/li>\n<li data-start=\"1086\" data-end=\"1220\">\n<p data-start=\"1088\" data-end=\"1220\"><strong data-start=\"1088\" data-end=\"1112\">Apoyo al metabolismo<\/strong>: Facilita el buen funcionamiento del metabolismo, favoreciendo el equilibrio energ\u00e9tico y el control del peso.<\/p>\n<\/li>\n<li data-start=\"1221\" data-end=\"1358\">\n<p data-start=\"1223\" data-end=\"1358\"><strong data-start=\"1223\" data-end=\"1274\">Propiedades antioxidantes y antiinflamatorias<\/strong>: Combate los da\u00f1os causados por los radicales libres y reduce la inflamaci\u00f3n del organismo.<\/p>\n<\/li>\n<\/ul>\n<p data-start=\"1360\" data-end=\"1730\"><strong data-start=\"1360\" data-end=\"1374\">Indicaci\u00f3n:<\/strong><br \/>\nEste suplemento es adecuado para adultos que desean mantener una salud metab\u00f3lica y cardiovascular equilibrada.<\/p>\n<p data-start=\"1360\" data-end=\"1730\">Se recomienda especialmente a quienes desean apoyar la gesti\u00f3n del peso, controlar los niveles de az\u00facar en sangre o mejorar la salud general, y es adecuado para las personas que siguen un estilo de vida sano y buscan un suplemento natural eficaz.<\/p>\n<p data-start=\"1360\" data-end=\"1730\">Este potente suplemento combina los beneficios naturales de la berberina con dihidroberberina altamente biodisponible, que ha demostrado ser hasta 5 veces m\u00e1s eficaz y duradera en la regulaci\u00f3n de la glucosa.<\/p>\n<p data-start=\"1360\" data-end=\"1730\"><strong>PRESENTACI\u00d3N<\/strong><\/p>\n<p data-start=\"1360\" data-end=\"1730\">30 c\u00e1psulas<\/p>\n<p data-start=\"1360\" data-end=\"1730\">\n","protected":false},"excerpt":{"rendered":"<p><strong data-start=\"1754\" data-end=\"1775\">Berberine Balance<\/strong> de Purovitalis es un suplemento natural que ayuda a regular los niveles de az\u00facar en sangre, favorece la salud cardiovascular y optimiza el metabolismo. [&#8230;]<\/p>\n<p><a class=\"btn btn-secondary understrap-read-more-link\" href=\"https:\/\/www.lifenatura.com\/es\/produto\/berberina-equilibrio-60-capsulas-purovitalis\/\">Leer m\u00e1s&#8230;<span class=\"screen-reader-text\"> from Berberina Equilibrio 30 C\u00e1psulas &#8211; Purovitalis<\/span><\/a><\/p>\n","protected":false},"featured_media":133663,"template":"","meta":{"_acf_changed":false},"product_brand":[8348],"product_cat":[7224,7179],"product_tag":[],"class_list":{"0":"post-114118","1":"product","2":"type-product","3":"status-publish","4":"has-post-thumbnail","6":"product_brand-purovitalis-es","7":"product_cat-diabetes-salud","8":"product_cat-salud","10":"first","11":"instock","12":"sale","13":"shipping-taxable","14":"purchasable","15":"product-type-simple","16":"add-to-wishlist-before_image"},"acf":[],"yoast_head":"<!-- This site is optimized with the Yoast SEO Premium plugin v27.1 (Yoast SEO v27.5) - https:\/\/yoast.com\/product\/yoast-seo-premium-wordpress\/ -->\n<title>Berberina Equilibrio 30 C\u00e1psulas - Purovitalis - Na Lifenatura ao Melhor Pre\u00e7o | Envio em 48h<\/title>\n<meta name=\"description\" content=\"Berberina Balance es un suplemento natural que ayuda a regular los niveles de az\u00facar en sangre, favorece la salud cardiovascular y optimiza el metabolismo.\" \/>\n<meta name=\"robots\" content=\"index, follow, max-snippet:-1, max-image-preview:large, max-video-preview:-1\" \/>\n<link rel=\"canonical\" href=\"https:\/\/www.lifenatura.com\/es\/produto\/berberina-equilibrio-60-capsulas-purovitalis\/\" \/>\n<meta property=\"og:locale\" content=\"es_ES\" \/>\n<meta property=\"og:type\" content=\"article\" \/>\n<meta property=\"og:title\" content=\"Berberina Equilibrio 30 C\u00e1psulas - Purovitalis - Na Lifenatura ao Melhor Pre\u00e7o | Envio 48h\" \/>\n<meta property=\"og:description\" content=\"Compre Berberina Equilibrio 30 C\u00e1psulas - Purovitalis com envio r\u00e1pido. Entrega em 48h e portes gr\u00e1tis em compras &gt;35\u20ac. Aproveite j\u00e1 na Lifenatura\" \/>\n<meta property=\"og:url\" content=\"https:\/\/www.lifenatura.com\/es\/produto\/berberina-equilibrio-60-capsulas-purovitalis\/\" \/>\n<meta property=\"og:site_name\" content=\"Lifenatura\" \/>\n<meta property=\"article:publisher\" content=\"https:\/\/www.facebook.com\/lifenatura\" \/>\n<meta property=\"article:modified_time\" content=\"2026-04-15T15:33:32+00:00\" \/>\n<meta property=\"og:image\" content=\"https:\/\/www.lifenatura.com\/wp-content\/uploads\/2026\/04\/Berberine-30-capsules-2000px-768x768-1.webp\" \/>\n\t<meta property=\"og:image:width\" content=\"768\" \/>\n\t<meta property=\"og:image:height\" content=\"768\" \/>\n\t<meta property=\"og:image:type\" content=\"image\/webp\" \/>\n<meta name=\"twitter:card\" content=\"summary_large_image\" \/>\n<meta name=\"twitter:label1\" content=\"Precio\" \/>\n\t<meta name=\"twitter:data1\" content=\"34,29&nbsp;&euro;\" \/>\n\t<meta name=\"twitter:label2\" content=\"Disponibilidad\" \/>\n\t<meta name=\"twitter:data2\" content=\"Disponible\" \/>\n<script type=\"application\/ld+json\" class=\"yoast-schema-graph\">{\"@context\":\"https:\\\/\\\/schema.org\",\"@graph\":[{\"@type\":\"WebPage\",\"@id\":\"https:\\\/\\\/www.lifenatura.com\\\/es\\\/produto\\\/berberina-equilibrio-60-capsulas-purovitalis\\\/\",\"url\":\"https:\\\/\\\/www.lifenatura.com\\\/es\\\/produto\\\/berberina-equilibrio-60-capsulas-purovitalis\\\/\",\"name\":\"Berberina Equilibrio 30 C\u00e1psulas - Purovitalis - Na Lifenatura ao Melhor Pre\u00e7o | Envio em 48h\",\"isPartOf\":{\"@id\":\"https:\\\/\\\/www.lifenatura.com\\\/es\\\/#website\"},\"primaryImageOfPage\":{\"@id\":\"https:\\\/\\\/www.lifenatura.com\\\/es\\\/produto\\\/berberina-equilibrio-60-capsulas-purovitalis\\\/#primaryimage\"},\"image\":{\"@id\":\"https:\\\/\\\/www.lifenatura.com\\\/es\\\/produto\\\/berberina-equilibrio-60-capsulas-purovitalis\\\/#primaryimage\"},\"thumbnailUrl\":\"https:\\\/\\\/www.lifenatura.com\\\/wp-content\\\/uploads\\\/2026\\\/04\\\/Berberine-30-capsules-2000px-768x768-1.webp\",\"datePublished\":\"2025-06-10T10:30:25+00:00\",\"dateModified\":\"2026-04-15T15:33:32+00:00\",\"description\":\"Berberina Balance es un suplemento natural que ayuda a regular los niveles de az\u00facar en sangre, favorece la salud cardiovascular y optimiza el metabolismo.\",\"breadcrumb\":{\"@id\":\"https:\\\/\\\/www.lifenatura.com\\\/es\\\/produto\\\/berberina-equilibrio-60-capsulas-purovitalis\\\/#breadcrumb\"},\"inLanguage\":\"es\",\"potentialAction\":[{\"@type\":\"ReadAction\",\"target\":[\"https:\\\/\\\/www.lifenatura.com\\\/es\\\/produto\\\/berberina-equilibrio-60-capsulas-purovitalis\\\/\"]}]},{\"@type\":\"ImageObject\",\"inLanguage\":\"es\",\"@id\":\"https:\\\/\\\/www.lifenatura.com\\\/es\\\/produto\\\/berberina-equilibrio-60-capsulas-purovitalis\\\/#primaryimage\",\"url\":\"https:\\\/\\\/www.lifenatura.com\\\/wp-content\\\/uploads\\\/2026\\\/04\\\/Berberine-30-capsules-2000px-768x768-1.webp\",\"contentUrl\":\"https:\\\/\\\/www.lifenatura.com\\\/wp-content\\\/uploads\\\/2026\\\/04\\\/Berberine-30-capsules-2000px-768x768-1.webp\",\"width\":768,\"height\":768},{\"@type\":\"BreadcrumbList\",\"@id\":\"https:\\\/\\\/www.lifenatura.com\\\/es\\\/produto\\\/berberina-equilibrio-60-capsulas-purovitalis\\\/#breadcrumb\",\"itemListElement\":[{\"@type\":\"ListItem\",\"position\":1,\"name\":\"In\u00edcio\",\"item\":\"https:\\\/\\\/www.lifenatura.com\\\/es\\\/\"},{\"@type\":\"ListItem\",\"position\":2,\"name\":\"Todos los Productos\",\"item\":\"https:\\\/\\\/www.lifenatura.com\\\/es\\\/tienda\\\/\"},{\"@type\":\"ListItem\",\"position\":3,\"name\":\"Berberina Equilibrio 30 C\u00e1psulas &#8211; Purovitalis\"}]},{\"@type\":\"WebSite\",\"@id\":\"https:\\\/\\\/www.lifenatura.com\\\/es\\\/#website\",\"url\":\"https:\\\/\\\/www.lifenatura.com\\\/es\\\/\",\"name\":\"Lifenatura\",\"description\":\"A Lifenatura \u00e9 uma loja de produtos naturais, cosm\u00e9tica natural e alimenta\u00e7\u00e3o Biol\u00f3gica.\",\"publisher\":{\"@id\":\"https:\\\/\\\/www.lifenatura.com\\\/es\\\/#organization\"},\"potentialAction\":[{\"@type\":\"SearchAction\",\"target\":{\"@type\":\"EntryPoint\",\"urlTemplate\":\"https:\\\/\\\/www.lifenatura.com\\\/es\\\/?s={search_term_string}\"},\"query-input\":{\"@type\":\"PropertyValueSpecification\",\"valueRequired\":true,\"valueName\":\"search_term_string\"}}],\"inLanguage\":\"es\"},{\"@type\":\"Organization\",\"@id\":\"https:\\\/\\\/www.lifenatura.com\\\/es\\\/#organization\",\"name\":\"Lifenatura\",\"url\":\"https:\\\/\\\/www.lifenatura.com\\\/es\\\/\",\"logo\":{\"@type\":\"ImageObject\",\"inLanguage\":\"es\",\"@id\":\"https:\\\/\\\/www.lifenatura.com\\\/es\\\/#\\\/schema\\\/logo\\\/image\\\/\",\"url\":\"https:\\\/\\\/www.lifenatura.com\\\/wp-content\\\/uploads\\\/2021\\\/07\\\/logo.png\",\"contentUrl\":\"https:\\\/\\\/www.lifenatura.com\\\/wp-content\\\/uploads\\\/2021\\\/07\\\/logo.png\",\"width\":175,\"height\":55,\"caption\":\"Lifenatura\"},\"image\":{\"@id\":\"https:\\\/\\\/www.lifenatura.com\\\/es\\\/#\\\/schema\\\/logo\\\/image\\\/\"},\"sameAs\":[\"https:\\\/\\\/www.facebook.com\\\/lifenatura\",\"https:\\\/\\\/www.instagram.com\\\/lifenaturapt\\\/\"],\"hasMerchantReturnPolicy\":{\"@type\":\"MerchantReturnPolicy\",\"merchantReturnLink\":\"https:\\\/\\\/www.lifenatura.com\\\/termos-condicoes-lifenatura\\\/\"}}]}<\/script>\n<meta property=\"product:price:amount\" content=\"34.29\" \/>\n<meta property=\"product:price:currency\" content=\"EUR\" \/>\n<meta property=\"og:availability\" content=\"instock\" \/>\n<meta property=\"product:availability\" content=\"instock\" \/>\n<meta property=\"product:retailer_item_id\" content=\"8720726160469\" \/>\n<meta property=\"product:condition\" content=\"new\" \/>\n<!-- \/ Yoast SEO Premium plugin. -->","yoast_head_json":{"title":"Berberina Equilibrio 30 C\u00e1psulas - Purovitalis - Na Lifenatura ao Melhor Pre\u00e7o | Envio em 48h","description":"Berberina Balance es un suplemento natural que ayuda a regular los niveles de az\u00facar en sangre, favorece la salud cardiovascular y optimiza el metabolismo.","robots":{"index":"index","follow":"follow","max-snippet":"max-snippet:-1","max-image-preview":"max-image-preview:large","max-video-preview":"max-video-preview:-1"},"canonical":"https:\/\/www.lifenatura.com\/es\/produto\/berberina-equilibrio-60-capsulas-purovitalis\/","og_locale":"es_ES","og_type":"article","og_title":"Berberina Equilibrio 30 C\u00e1psulas - Purovitalis - Na Lifenatura ao Melhor Pre\u00e7o | Envio 48h","og_description":"Compre Berberina Equilibrio 30 C\u00e1psulas - Purovitalis com envio r\u00e1pido. Entrega em 48h e portes gr\u00e1tis em compras >35\u20ac. Aproveite j\u00e1 na Lifenatura","og_url":"https:\/\/www.lifenatura.com\/es\/produto\/berberina-equilibrio-60-capsulas-purovitalis\/","og_site_name":"Lifenatura","article_publisher":"https:\/\/www.facebook.com\/lifenatura","article_modified_time":"2026-04-15T15:33:32+00:00","og_image":[{"width":768,"height":768,"url":"https:\/\/www.lifenatura.com\/wp-content\/uploads\/2026\/04\/Berberine-30-capsules-2000px-768x768-1.webp","type":"image\/webp"}],"twitter_card":"summary_large_image","twitter_misc":{"Precio":"34,29&nbsp;&euro;","Disponibilidad":"Disponible"},"schema":{"@context":"https:\/\/schema.org","@graph":[{"@type":"WebPage","@id":"https:\/\/www.lifenatura.com\/es\/produto\/berberina-equilibrio-60-capsulas-purovitalis\/","url":"https:\/\/www.lifenatura.com\/es\/produto\/berberina-equilibrio-60-capsulas-purovitalis\/","name":"Berberina Equilibrio 30 C\u00e1psulas - Purovitalis - Na Lifenatura ao Melhor Pre\u00e7o | Envio em 48h","isPartOf":{"@id":"https:\/\/www.lifenatura.com\/es\/#website"},"primaryImageOfPage":{"@id":"https:\/\/www.lifenatura.com\/es\/produto\/berberina-equilibrio-60-capsulas-purovitalis\/#primaryimage"},"image":{"@id":"https:\/\/www.lifenatura.com\/es\/produto\/berberina-equilibrio-60-capsulas-purovitalis\/#primaryimage"},"thumbnailUrl":"https:\/\/www.lifenatura.com\/wp-content\/uploads\/2026\/04\/Berberine-30-capsules-2000px-768x768-1.webp","datePublished":"2025-06-10T10:30:25+00:00","dateModified":"2026-04-15T15:33:32+00:00","description":"Berberina Balance es un suplemento natural que ayuda a regular los niveles de az\u00facar en sangre, favorece la salud cardiovascular y optimiza el metabolismo.","breadcrumb":{"@id":"https:\/\/www.lifenatura.com\/es\/produto\/berberina-equilibrio-60-capsulas-purovitalis\/#breadcrumb"},"inLanguage":"es","potentialAction":[{"@type":"ReadAction","target":["https:\/\/www.lifenatura.com\/es\/produto\/berberina-equilibrio-60-capsulas-purovitalis\/"]}]},{"@type":"ImageObject","inLanguage":"es","@id":"https:\/\/www.lifenatura.com\/es\/produto\/berberina-equilibrio-60-capsulas-purovitalis\/#primaryimage","url":"https:\/\/www.lifenatura.com\/wp-content\/uploads\/2026\/04\/Berberine-30-capsules-2000px-768x768-1.webp","contentUrl":"https:\/\/www.lifenatura.com\/wp-content\/uploads\/2026\/04\/Berberine-30-capsules-2000px-768x768-1.webp","width":768,"height":768},{"@type":"BreadcrumbList","@id":"https:\/\/www.lifenatura.com\/es\/produto\/berberina-equilibrio-60-capsulas-purovitalis\/#breadcrumb","itemListElement":[{"@type":"ListItem","position":1,"name":"In\u00edcio","item":"https:\/\/www.lifenatura.com\/es\/"},{"@type":"ListItem","position":2,"name":"Todos los Productos","item":"https:\/\/www.lifenatura.com\/es\/tienda\/"},{"@type":"ListItem","position":3,"name":"Berberina Equilibrio 30 C\u00e1psulas &#8211; Purovitalis"}]},{"@type":"WebSite","@id":"https:\/\/www.lifenatura.com\/es\/#website","url":"https:\/\/www.lifenatura.com\/es\/","name":"Lifenatura","description":"A Lifenatura \u00e9 uma loja de produtos naturais, cosm\u00e9tica natural e alimenta\u00e7\u00e3o Biol\u00f3gica.","publisher":{"@id":"https:\/\/www.lifenatura.com\/es\/#organization"},"potentialAction":[{"@type":"SearchAction","target":{"@type":"EntryPoint","urlTemplate":"https:\/\/www.lifenatura.com\/es\/?s={search_term_string}"},"query-input":{"@type":"PropertyValueSpecification","valueRequired":true,"valueName":"search_term_string"}}],"inLanguage":"es"},{"@type":"Organization","@id":"https:\/\/www.lifenatura.com\/es\/#organization","name":"Lifenatura","url":"https:\/\/www.lifenatura.com\/es\/","logo":{"@type":"ImageObject","inLanguage":"es","@id":"https:\/\/www.lifenatura.com\/es\/#\/schema\/logo\/image\/","url":"https:\/\/www.lifenatura.com\/wp-content\/uploads\/2021\/07\/logo.png","contentUrl":"https:\/\/www.lifenatura.com\/wp-content\/uploads\/2021\/07\/logo.png","width":175,"height":55,"caption":"Lifenatura"},"image":{"@id":"https:\/\/www.lifenatura.com\/es\/#\/schema\/logo\/image\/"},"sameAs":["https:\/\/www.facebook.com\/lifenatura","https:\/\/www.instagram.com\/lifenaturapt\/"],"hasMerchantReturnPolicy":{"@type":"MerchantReturnPolicy","merchantReturnLink":"https:\/\/www.lifenatura.com\/termos-condicoes-lifenatura\/"}}]},"product_price_amount":"34.29","product_price_currency":"EUR","og_availability":"instock","product_availability":"instock","product_retailer_item_id":"8720726160469","product_condition":"new"},"df_price":34.29,"df_sale_price":34.29,"df_regular_price":40.34,"df_image_link":"https:\/\/www.lifenatura.com\/wp-content\/uploads\/2026\/04\/Berberine-30-capsules-2000px-768x768-1-300x300.webp","_links":{"self":[{"href":"https:\/\/www.lifenatura.com\/es\/wp-json\/wp\/v2\/product\/114118","targetHints":{"allow":["GET"]}}],"collection":[{"href":"https:\/\/www.lifenatura.com\/es\/wp-json\/wp\/v2\/product"}],"about":[{"href":"https:\/\/www.lifenatura.com\/es\/wp-json\/wp\/v2\/types\/product"}],"wp:featuredmedia":[{"embeddable":true,"href":"https:\/\/www.lifenatura.com\/es\/wp-json\/wp\/v2\/media\/133663"}],"wp:attachment":[{"href":"https:\/\/www.lifenatura.com\/es\/wp-json\/wp\/v2\/media?parent=114118"}],"wp:term":[{"taxonomy":"product_brand","embeddable":true,"href":"https:\/\/www.lifenatura.com\/es\/wp-json\/wp\/v2\/product_brand?post=114118"},{"taxonomy":"product_cat","embeddable":true,"href":"https:\/\/www.lifenatura.com\/es\/wp-json\/wp\/v2\/product_cat?post=114118"},{"taxonomy":"product_tag","embeddable":true,"href":"https:\/\/www.lifenatura.com\/es\/wp-json\/wp\/v2\/product_tag?post=114118"}],"curies":[{"name":"wp","href":"https:\/\/api.w.org\/{rel}","templated":true}]}}