{"id":114117,"date":"2025-06-17T07:19:55","date_gmt":"2025-06-17T07:19:55","guid":{"rendered":"https:\/\/www.lifenatura.com\/produto\/desea-un-bebe-30-capsulas-dietmed\/"},"modified":"2026-04-18T02:34:32","modified_gmt":"2026-04-18T02:34:32","slug":"desea-un-bebe-30-capsulas-dietmed","status":"publish","type":"product","link":"https:\/\/www.lifenatura.com\/es\/produto\/desea-un-bebe-30-capsulas-dietmed\/","title":{"rendered":"Desea un beb\u00e9 30 C\u00e1psulas &#8211; Dietmed"},"content":{"rendered":"<h2 style=\"text-align: left;\" data-start=\"0\" data-end=\"62\"><strong data-start=\"0\" data-end=\"62\">Desea un beb\u00e9 &#8211; Suplemento de fertilidad de Dietmed<\/strong><\/h2>\n<p>&nbsp;<\/p>\n<p data-start=\"97\" data-end=\"548\"><strong data-start=\"99\" data-end=\"114\">Desea un beb\u00e9<\/strong> de <strong data-start=\"118\" data-end=\"129\">Dietmed<\/strong> es un complemento alimenticio dise\u00f1ado para apoyar la fertilidad femenina y masculina, promoviendo un entorno favorable para la concepci\u00f3n. Con una f\u00f3rmula rica en <strong data-start=\"290\" data-end=\"306\">\u00e1cido f\u00f3lico<\/strong>, <strong data-start=\"308\" data-end=\"330\">vitaminas B6 y B12<\/strong>, <strong data-start=\"332\" data-end=\"341\">zinc<\/strong>, <strong data-start=\"343\" data-end=\"354\">selenio<\/strong>, <strong data-start=\"356\" data-end=\"372\">coenzima Q10<\/strong> y <strong data-start=\"375\" data-end=\"396\">extractos de plantas<\/strong>, este suplemento ofrece nutrientes esenciales que ayudan a equilibrar y optimizar las funciones reproductivas, adem\u00e1s de promover la salud general del organismo.<\/p>\n<p data-start=\"550\" data-end=\"1144\"><strong data-start=\"552\" data-end=\"568\">El \u00e1cido f\u00f3lico<\/strong> desempe\u00f1a un papel fundamental en la formaci\u00f3n del tubo neural del beb\u00e9 y es esencial antes y durante el embarazo. <strong data-start=\"681\" data-end=\"703\">Las vitaminas B6 y B12<\/strong> son importantes para el equilibrio hormonal y la regulaci\u00f3n de los procesos metab\u00f3licos.<\/p>\n<p data-start=\"550\" data-end=\"1144\"><strong data-start=\"790\" data-end=\"799\">El zinc<\/strong> y el <strong data-start=\"804\" data-end=\"815\">selenio<\/strong> son minerales esenciales que contribuyen a la fertilidad y al bienestar reproductivo. <strong data-start=\"903\" data-end=\"919\">La coenzima Q10<\/strong>, por su parte, tiene propiedades antioxidantes que ayudan a mejorar la salud de las c\u00e9lulas reproductivas. La combinaci\u00f3n de estos ingredientes puede aumentar la probabilidad de concepci\u00f3n, favoreciendo un embarazo sano y equilibrado.<\/p>\n<p data-start=\"1146\" data-end=\"1172\"><strong data-start=\"1146\" data-end=\"1172\">Principales ventajas:<\/strong><\/p>\n<ul data-start=\"1173\" data-end=\"1808\">\n<li data-start=\"1173\" data-end=\"1325\">\n<p data-start=\"1175\" data-end=\"1325\"><strong data-start=\"1175\" data-end=\"1198\">Apoyo a la fertilidad<\/strong>: El \u00e1cido f\u00f3lico y los nutrientes de la f\u00f3rmula ayudan a optimizar la funci\u00f3n reproductora y aumentan las posibilidades de concepci\u00f3n.<\/p>\n<\/li>\n<li data-start=\"1326\" data-end=\"1470\">\n<p data-start=\"1328\" data-end=\"1470\"><strong data-start=\"1328\" data-end=\"1351\">Equilibrio hormonal<\/strong>: Las vitaminas B6 y B12 y minerales como el zinc contribuyen al equilibrio hormonal, que es esencial para la fertilidad.<\/p>\n<\/li>\n<li data-start=\"1471\" data-end=\"1666\">\n<p data-start=\"1473\" data-end=\"1666\"><strong data-start=\"1473\" data-end=\"1504\">Salud celular y reproductiva<\/strong>: La coenzima Q10 act\u00faa como un potente antioxidante, protegiendo las c\u00e9lulas reproductivas del da\u00f1o oxidativo y mejorando la calidad de los \u00f3vulos y el esperma.<\/p>\n<\/li>\n<li data-start=\"1667\" data-end=\"1808\">\n<p data-start=\"1669\" data-end=\"1808\"><strong data-start=\"1669\" data-end=\"1698\">Favorece un embarazo sano<\/strong>: el \u00e1cido f\u00f3lico es crucial para prevenir los defectos del tubo neural y promover un desarrollo fetal sano.<\/p>\n<\/li>\n<\/ul>\n<p data-start=\"1810\" data-end=\"2133\"><strong data-start=\"1810\" data-end=\"1824\">Indicaci\u00f3n:<\/strong><\/p>\n<p data-start=\"1810\" data-end=\"2133\"><strong data-start=\"1827\" data-end=\"1842\">Desea un beb\u00e9<\/strong> es adecuado para parejas que quieren aumentar sus posibilidades de concebir. Ideal para mujeres que planean un embarazo y para hombres que desean mejorar su salud reproductiva. Tambi\u00e9n se recomienda a quienes deseen optimizar la fertilidad y favorecer un entorno saludable para el embarazo.<\/p>\n<p data-start=\"1810\" data-end=\"2133\"><strong>PRESENTACI\u00d3N<\/strong><\/p>\n<p data-start=\"1810\" data-end=\"2133\">30 c\u00e1psulas<\/p>\n<p data-start=\"1810\" data-end=\"2133\">\n","protected":false},"excerpt":{"rendered":"<p><strong data-start=\"2157\" data-end=\"2172\">Desea un beb\u00e9<\/strong> de Dietmed es un suplemento para favorecer la fertilidad masculina y femenina, con \u00e1cido f\u00f3lico, vitaminas B6 y B12, zinc y coenzima Q10 [&#8230;]<\/p>\n<p><a class=\"btn btn-secondary understrap-read-more-link\" href=\"https:\/\/www.lifenatura.com\/es\/produto\/desea-un-bebe-30-capsulas-dietmed\/\">Leer m\u00e1s&#8230;<span class=\"screen-reader-text\"> from Desea un beb\u00e9 30 C\u00e1psulas &#8211; Dietmed<\/span><\/a><\/p>\n","protected":false},"featured_media":113532,"template":"","meta":{"_acf_changed":false},"product_brand":[8509],"product_cat":[7242,7179],"product_tag":[],"class_list":{"0":"post-114117","1":"product","2":"type-product","3":"status-publish","4":"has-post-thumbnail","6":"product_brand-dietmed-es","7":"product_cat-embarazo","8":"product_cat-salud","10":"first","11":"instock","12":"shipping-taxable","13":"purchasable","14":"product-type-simple","15":"add-to-wishlist-before_image"},"acf":[],"yoast_head":"<!-- This site is optimized with the Yoast SEO Premium plugin v27.1 (Yoast SEO v27.4) - https:\/\/yoast.com\/product\/yoast-seo-premium-wordpress\/ -->\n<title>Desea un beb\u00e9 30 C\u00e1psulas - Dietmed - Lifenatura<\/title>\n<meta name=\"description\" content=\"Desea un beb\u00e9 de Dietmed es un suplemento para favorecer la fertilidad femenina y masculina, con \u00e1cido f\u00f3lico, vitaminas B6 y B12, zinc y coenzima Q10.\" \/>\n<meta name=\"robots\" content=\"index, follow, max-snippet:-1, max-image-preview:large, max-video-preview:-1\" \/>\n<link rel=\"canonical\" href=\"https:\/\/www.lifenatura.com\/es\/produto\/desea-un-bebe-30-capsulas-dietmed\/\" \/>\n<meta property=\"og:locale\" content=\"es_ES\" \/>\n<meta property=\"og:type\" content=\"article\" \/>\n<meta property=\"og:title\" content=\"Desea un beb\u00e9 30 C\u00e1psulas - Dietmed - Lifenatura\" \/>\n<meta property=\"og:description\" content=\"Compre aqui o seu Desea un beb\u00e9 30 C\u00e1psulas - Dietmed e a Lifenatura Online envia em 48 H com Portes Gratis &gt;35\u20ac de Pedido.\" \/>\n<meta property=\"og:url\" content=\"https:\/\/www.lifenatura.com\/es\/produto\/desea-un-bebe-30-capsulas-dietmed\/\" \/>\n<meta property=\"og:site_name\" content=\"Lifenatura\" \/>\n<meta property=\"article:publisher\" content=\"https:\/\/www.facebook.com\/lifenatura\" \/>\n<meta property=\"article:modified_time\" content=\"2026-04-18T02:34:32+00:00\" \/>\n<meta property=\"og:image\" content=\"https:\/\/www.lifenatura.com\/wp-content\/uploads\/2025\/06\/wish-a-baby-dietmed.jpg\" \/>\n\t<meta property=\"og:image:width\" content=\"1000\" \/>\n\t<meta property=\"og:image:height\" content=\"1000\" \/>\n\t<meta property=\"og:image:type\" content=\"image\/jpeg\" \/>\n<meta name=\"twitter:card\" content=\"summary_large_image\" \/>\n<meta name=\"twitter:label1\" content=\"Precio\" \/>\n\t<meta name=\"twitter:data1\" content=\"26,04&nbsp;&euro;\" \/>\n\t<meta name=\"twitter:label2\" content=\"Disponibilidad\" \/>\n\t<meta name=\"twitter:data2\" content=\"Disponible\" \/>\n<meta property=\"product:price:amount\" content=\"26.04\" \/>\n<meta property=\"product:price:currency\" content=\"EUR\" \/>\n<meta property=\"og:availability\" content=\"instock\" \/>\n<meta property=\"product:availability\" content=\"instock\" \/>\n<meta property=\"product:retailer_item_id\" content=\"5605481109300\" \/>\n<meta property=\"product:condition\" content=\"new\" \/>\n<!-- \/ Yoast SEO Premium plugin. -->","yoast_head_json":{"title":"Desea un beb\u00e9 30 C\u00e1psulas - Dietmed - Lifenatura","description":"Desea un beb\u00e9 de Dietmed es un suplemento para favorecer la fertilidad femenina y masculina, con \u00e1cido f\u00f3lico, vitaminas B6 y B12, zinc y coenzima Q10.","robots":{"index":"index","follow":"follow","max-snippet":"max-snippet:-1","max-image-preview":"max-image-preview:large","max-video-preview":"max-video-preview:-1"},"canonical":"https:\/\/www.lifenatura.com\/es\/produto\/desea-un-bebe-30-capsulas-dietmed\/","og_locale":"es_ES","og_type":"article","og_title":"Desea un beb\u00e9 30 C\u00e1psulas - Dietmed - Lifenatura","og_description":"Compre aqui o seu Desea un beb\u00e9 30 C\u00e1psulas - Dietmed e a Lifenatura Online envia em 48 H com Portes Gratis >35\u20ac de Pedido.","og_url":"https:\/\/www.lifenatura.com\/es\/produto\/desea-un-bebe-30-capsulas-dietmed\/","og_site_name":"Lifenatura","article_publisher":"https:\/\/www.facebook.com\/lifenatura","article_modified_time":"2026-04-18T02:34:32+00:00","og_image":[{"width":1000,"height":1000,"url":"https:\/\/www.lifenatura.com\/wp-content\/uploads\/2025\/06\/wish-a-baby-dietmed.jpg","type":"image\/jpeg"}],"twitter_card":"summary_large_image","twitter_misc":{"Precio":"26,04&nbsp;&euro;","Disponibilidad":"Disponible"},"schema":{"@context":"https:\/\/schema.org","@graph":[{"@type":"WebPage","@id":"https:\/\/www.lifenatura.com\/es\/produto\/desea-un-bebe-30-capsulas-dietmed\/","url":"https:\/\/www.lifenatura.com\/es\/produto\/desea-un-bebe-30-capsulas-dietmed\/","name":"Desea un beb\u00e9 30 C\u00e1psulas - Dietmed - Lifenatura","isPartOf":{"@id":"https:\/\/www.lifenatura.com\/es\/#website"},"primaryImageOfPage":{"@id":"https:\/\/www.lifenatura.com\/es\/produto\/desea-un-bebe-30-capsulas-dietmed\/#primaryimage"},"image":{"@id":"https:\/\/www.lifenatura.com\/es\/produto\/desea-un-bebe-30-capsulas-dietmed\/#primaryimage"},"thumbnailUrl":"https:\/\/www.lifenatura.com\/wp-content\/uploads\/2025\/06\/wish-a-baby-dietmed.jpg","datePublished":"2025-06-17T07:19:55+00:00","dateModified":"2026-04-18T02:34:32+00:00","description":"Desea un beb\u00e9 de Dietmed es un suplemento para favorecer la fertilidad femenina y masculina, con \u00e1cido f\u00f3lico, vitaminas B6 y B12, zinc y coenzima Q10.","breadcrumb":{"@id":"https:\/\/www.lifenatura.com\/es\/produto\/desea-un-bebe-30-capsulas-dietmed\/#breadcrumb"},"inLanguage":"es","potentialAction":[{"@type":"ReadAction","target":["https:\/\/www.lifenatura.com\/es\/produto\/desea-un-bebe-30-capsulas-dietmed\/"]}]},{"@type":"ImageObject","inLanguage":"es","@id":"https:\/\/www.lifenatura.com\/es\/produto\/desea-un-bebe-30-capsulas-dietmed\/#primaryimage","url":"https:\/\/www.lifenatura.com\/wp-content\/uploads\/2025\/06\/wish-a-baby-dietmed.jpg","contentUrl":"https:\/\/www.lifenatura.com\/wp-content\/uploads\/2025\/06\/wish-a-baby-dietmed.jpg","width":1000,"height":1000,"caption":"desear un beb\u00e9 por dietmed"},{"@type":"BreadcrumbList","@id":"https:\/\/www.lifenatura.com\/es\/produto\/desea-un-bebe-30-capsulas-dietmed\/#breadcrumb","itemListElement":[{"@type":"ListItem","position":1,"name":"In\u00edcio","item":"https:\/\/www.lifenatura.com\/es\/"},{"@type":"ListItem","position":2,"name":"Todos los Productos","item":"https:\/\/www.lifenatura.com\/es\/tienda\/"},{"@type":"ListItem","position":3,"name":"Desea un beb\u00e9 30 C\u00e1psulas &#8211; Dietmed"}]},{"@type":"WebSite","@id":"https:\/\/www.lifenatura.com\/es\/#website","url":"https:\/\/www.lifenatura.com\/es\/","name":"Lifenatura","description":"A Lifenatura \u00e9 uma loja de produtos naturais, cosm\u00e9tica natural e alimenta\u00e7\u00e3o Biol\u00f3gica.","publisher":{"@id":"https:\/\/www.lifenatura.com\/es\/#organization"},"potentialAction":[{"@type":"SearchAction","target":{"@type":"EntryPoint","urlTemplate":"https:\/\/www.lifenatura.com\/es\/?s={search_term_string}"},"query-input":{"@type":"PropertyValueSpecification","valueRequired":true,"valueName":"search_term_string"}}],"inLanguage":"es"},{"@type":"Organization","@id":"https:\/\/www.lifenatura.com\/es\/#organization","name":"Lifenatura","url":"https:\/\/www.lifenatura.com\/es\/","logo":{"@type":"ImageObject","inLanguage":"es","@id":"https:\/\/www.lifenatura.com\/es\/#\/schema\/logo\/image\/","url":"https:\/\/www.lifenatura.com\/wp-content\/uploads\/2021\/11\/logo.png","contentUrl":"https:\/\/www.lifenatura.com\/wp-content\/uploads\/2021\/11\/logo.png","width":175,"height":55,"caption":"Lifenatura"},"image":{"@id":"https:\/\/www.lifenatura.com\/es\/#\/schema\/logo\/image\/"},"sameAs":["https:\/\/www.facebook.com\/lifenatura","https:\/\/www.instagram.com\/lifenaturapt\/"]}]},"product_price_amount":"26.04","product_price_currency":"EUR","og_availability":"instock","product_availability":"instock","product_retailer_item_id":"5605481109300","product_condition":"new"},"df_price":26.04,"df_sale_price":20.84,"df_regular_price":26.04,"df_image_link":"https:\/\/www.lifenatura.com\/wp-content\/uploads\/2025\/06\/wish-a-baby-dietmed-300x300.jpg","_links":{"self":[{"href":"https:\/\/www.lifenatura.com\/es\/wp-json\/wp\/v2\/product\/114117","targetHints":{"allow":["GET"]}}],"collection":[{"href":"https:\/\/www.lifenatura.com\/es\/wp-json\/wp\/v2\/product"}],"about":[{"href":"https:\/\/www.lifenatura.com\/es\/wp-json\/wp\/v2\/types\/product"}],"wp:featuredmedia":[{"embeddable":true,"href":"https:\/\/www.lifenatura.com\/es\/wp-json\/wp\/v2\/media\/113532"}],"wp:attachment":[{"href":"https:\/\/www.lifenatura.com\/es\/wp-json\/wp\/v2\/media?parent=114117"}],"wp:term":[{"taxonomy":"product_brand","embeddable":true,"href":"https:\/\/www.lifenatura.com\/es\/wp-json\/wp\/v2\/product_brand?post=114117"},{"taxonomy":"product_cat","embeddable":true,"href":"https:\/\/www.lifenatura.com\/es\/wp-json\/wp\/v2\/product_cat?post=114117"},{"taxonomy":"product_tag","embeddable":true,"href":"https:\/\/www.lifenatura.com\/es\/wp-json\/wp\/v2\/product_tag?post=114117"}],"curies":[{"name":"wp","href":"https:\/\/api.w.org\/{rel}","templated":true}]}}