{"id":114116,"date":"2025-06-27T15:07:27","date_gmt":"2025-06-27T15:07:27","guid":{"rendered":"https:\/\/www.lifenatura.com\/produto\/decottopia-slim-kombu-gianluca-mech\/"},"modified":"2025-08-04T00:10:05","modified_gmt":"2025-08-04T00:10:05","slug":"decottopia-slim-kombu-gianluca-mech","status":"publish","type":"product","link":"https:\/\/www.lifenatura.com\/es\/produto\/decottopia-slim-kombu-gianluca-mech\/","title":{"rendered":"Decottop\u00eda Slim Kombu &#8211; Gianluca Mech"},"content":{"rendered":"<h2 style=\"text-align: left;\" data-start=\"40\" data-end=\"132\"><strong data-start=\"40\" data-end=\"132\">Slim Kombu Decottopia, Ayuda Natural para Adelgazar y Combatir la Celulitis<\/strong><\/h2>\n<p>&nbsp;<\/p>\n<p data-start=\"167\" data-end=\"446\"><strong data-start=\"169\" data-end=\"199\">Slim Kombu Mech Decottopia<\/strong> de <strong data-start=\"203\" data-end=\"220\">Gianluca Mech<\/strong> es un complemento alimenticio l\u00edquido dise\u00f1ado para ayudar a reducir la celulitis, la retenci\u00f3n de l\u00edquidos y favorecer la p\u00e9rdida de peso de forma natural. <span class=\"relative -mx-px my-[-0.2rem] rounded px-px py-[0.2rem] transition-colors duration-100 ease-in-out\">Compuesto por una sinergia de plantas medicinales, este producto act\u00faa a varios niveles, estimulando el metabolismo y favoreciendo el drenaje de los l\u00edquidos corporales.<\/span><\/p>\n<p data-start=\"448\" data-end=\"562\"><span class=\"relative -mx-px my-[-0.2rem] rounded px-px py-[0.2rem] transition-colors duration-100 ease-in-out\">La f\u00f3rmula incluye ingredientes como <strong data-start=\"35\" data-end=\"44\">Kombu<\/strong>, <strong data-start=\"46\" data-end=\"55\">Fucus<\/strong>, <strong data-start=\"57\" data-end=\"65\">Pi\u00f1a<\/strong>, <strong data-start=\"67\" data-end=\"77\">Abedul<\/strong>, <strong data-start=\"79\" data-end=\"96\">Diente de Le\u00f3n<\/strong>, <strong data-start=\"98\" data-end=\"116\">Cola de Caballo<\/strong> y <strong data-start=\"118\" data-end=\"134\">Eleuterococo<\/strong>, entre otros, conocidos por sus propiedades emolientes, diur\u00e9ticas y estimulantes del metabolismo.<\/span> <span class=\"relative -mx-px my-[-0.2rem] rounded px-px py-[0.2rem] transition-colors duration-100 ease-in-out\">Estas plantas act\u00faan conjuntamente para promover la salud digestiva, reducir la sensaci\u00f3n de hinchaz\u00f3n y ayudar a mantener el peso corporal.<\/span><\/p>\n<p data-start=\"564\" data-end=\"642\"><span class=\"relative -mx-px my-[-0.2rem] rounded px-px py-[0.2rem] transition-colors duration-100 ease-in-out\">Adem\u00e1s, Slim Kombu no contiene alcohol, conservantes, gluten ni az\u00facares, por lo que es adecuado para una amplia gama de consumidores que buscan una ayuda natural para adelgazar y para el bienestar general.<\/span><\/p>\n<p data-start=\"644\" data-end=\"670\"><strong data-start=\"644\" data-end=\"670\">Principales ventajas:<\/strong><\/p>\n<ul data-start=\"672\" data-end=\"1056\">\n<li data-start=\"672\" data-end=\"738\">\n<p data-start=\"674\" data-end=\"738\"><strong data-start=\"674\" data-end=\"698\">Reduce la celulitis:<\/strong> <span class=\"relative -mx-px my-[-0.2rem] rounded px-px py-[0.2rem] transition-colors duration-100 ease-in-out\">Ayuda a combatir las imperfecciones de la piel causadas por la celulitis.<\/span><\/p>\n<\/li>\n<li data-start=\"739\" data-end=\"806\">\n<p data-start=\"741\" data-end=\"806\"><strong data-start=\"741\" data-end=\"766\">Drenaje de l\u00edquidos:<\/strong> <span class=\"relative -mx-px my-[-0.2rem] rounded px-px py-[0.2rem] transition-colors duration-100 ease-in-out\">Favorece la eliminaci\u00f3n del exceso de l\u00edquidos, reduciendo la hinchaz\u00f3n.<\/span><\/p>\n<\/li>\n<li data-start=\"807\" data-end=\"877\">\n<p data-start=\"809\" data-end=\"877\"><strong data-start=\"809\" data-end=\"837\">Estimula el metabolismo:<\/strong> <span class=\"relative -mx-px my-[-0.2rem] rounded px-px py-[0.2rem] transition-colors duration-100 ease-in-out\">Acelera el metabolismo, ayudando a perder peso.<\/span><\/p>\n<\/li>\n<li data-start=\"878\" data-end=\"951\">\n<p data-start=\"880\" data-end=\"951\"><strong data-start=\"880\" data-end=\"911\">Mejora la salud digestiva:<\/strong> <span class=\"relative -mx-px my-[-0.2rem] rounded px-px py-[0.2rem] transition-colors duration-100 ease-in-out\">Contribuye a una digesti\u00f3n sana y eficaz.<\/span><\/p>\n<\/li>\n<li data-start=\"952\" data-end=\"1056\">\n<p data-start=\"954\" data-end=\"1056\"><strong data-start=\"954\" data-end=\"977\">Composici\u00f3n natural:<\/strong> <span class=\"relative -mx-px my-[-0.2rem] rounded px-px py-[0.2rem] transition-colors duration-100 ease-in-out\">Sin sustancias artificiales, apto para dietas restrictivas.<\/span><\/p>\n<\/li>\n<\/ul>\n<p data-start=\"1058\" data-end=\"1072\"><strong data-start=\"1058\" data-end=\"1072\">Indicaci\u00f3n:<\/strong><\/p>\n<p data-start=\"1074\" data-end=\"1192\"><span class=\"relative -mx-px my-[-0.2rem] rounded px-px py-[0.2rem] transition-colors duration-100 ease-in-out\">Este suplemento es adecuado para adultos que desean reducir la celulitis, combatir la retenci\u00f3n de l\u00edquidos y ayudar a perder peso de forma natural.<\/span> <span class=\"relative -mx-px my-[-0.2rem] rounded px-px py-[0.2rem] transition-colors duration-100 ease-in-out\">Es especialmente \u00fatil para las personas que siguen dietas de adelgazamiento o quieren mantener un estilo de vida saludable.<\/span><\/p>\n<p data-start=\"1074\" data-end=\"1192\"><strong>PRESENTACI\u00d3N<\/strong><\/p>\n<p data-start=\"1074\" data-end=\"1192\">500 ml<\/p>\n<p data-start=\"1074\" data-end=\"1192\">\n","protected":false},"excerpt":{"rendered":"<p>Slim Kombu Mech Decottopia es un suplemento natural que ayuda a reducir la celulitis, combate la retenci\u00f3n de l\u00edquidos y estimula el metabolismo. [&#8230;]<\/p>\n<p><a class=\"btn btn-secondary understrap-read-more-link\" href=\"https:\/\/www.lifenatura.com\/es\/produto\/decottopia-slim-kombu-gianluca-mech\/\">Leer m\u00e1s&#8230;<span class=\"screen-reader-text\"> from Decottop\u00eda Slim Kombu &#8211; Gianluca Mech<\/span><\/a><\/p>\n","protected":false},"featured_media":114006,"template":"","meta":{"_acf_changed":false},"product_brand":[8484],"product_cat":[7190,7192,7193,7179],"product_tag":[],"class_list":{"0":"post-114116","1":"product","2":"type-product","3":"status-publish","4":"has-post-thumbnail","6":"product_brand-gianluca-mech","7":"product_cat-adelgazar","8":"product_cat-celulitis","9":"product_cat-drenante-y-detox","10":"product_cat-salud","12":"first","13":"instock","14":"shipping-taxable","15":"purchasable","16":"product-type-simple","17":"add-to-wishlist-before_image"},"acf":[],"yoast_head":"<!-- This site is optimized with the Yoast SEO Premium plugin v27.1 (Yoast SEO v27.4) - https:\/\/yoast.com\/product\/yoast-seo-premium-wordpress\/ -->\n<title>Decottop\u00eda Slim Kombu - Gianluca Mech - Lifenatura<\/title>\n<meta name=\"description\" content=\"Slim Kombu Mech Decottopia es un suplemento natural que ayuda a reducir la celulitis, combate la retenci\u00f3n de l\u00edquidos y estimula el metabolismo.\" \/>\n<meta name=\"robots\" content=\"index, follow, max-snippet:-1, max-image-preview:large, max-video-preview:-1\" \/>\n<link rel=\"canonical\" href=\"https:\/\/www.lifenatura.com\/es\/produto\/decottopia-slim-kombu-gianluca-mech\/\" \/>\n<meta property=\"og:locale\" content=\"es_ES\" \/>\n<meta property=\"og:type\" content=\"article\" \/>\n<meta property=\"og:title\" content=\"Decottop\u00eda Slim Kombu - Gianluca Mech - Lifenatura\" \/>\n<meta property=\"og:description\" content=\"Compre aqui o seu Decottop\u00eda Slim Kombu - Gianluca Mech e a Lifenatura Online envia em 48 H com Portes Gratis &gt;35\u20ac de Pedido.\" \/>\n<meta property=\"og:url\" content=\"https:\/\/www.lifenatura.com\/es\/produto\/decottopia-slim-kombu-gianluca-mech\/\" \/>\n<meta property=\"og:site_name\" content=\"Lifenatura\" \/>\n<meta property=\"article:publisher\" content=\"https:\/\/www.facebook.com\/lifenatura\" \/>\n<meta property=\"article:modified_time\" content=\"2025-08-04T00:10:05+00:00\" \/>\n<meta property=\"og:image\" content=\"https:\/\/www.lifenatura.com\/wp-content\/uploads\/2025\/06\/slim-kombu-decottopia-gianluca-mech.jpg\" \/>\n\t<meta property=\"og:image:width\" content=\"1000\" \/>\n\t<meta property=\"og:image:height\" content=\"1000\" \/>\n\t<meta property=\"og:image:type\" content=\"image\/jpeg\" \/>\n<meta name=\"twitter:card\" content=\"summary_large_image\" \/>\n<meta name=\"twitter:label1\" content=\"Precio\" \/>\n\t<meta name=\"twitter:data1\" content=\"29,90&nbsp;&euro;\" \/>\n\t<meta name=\"twitter:label2\" content=\"Disponibilidad\" \/>\n\t<meta name=\"twitter:data2\" content=\"Disponible\" \/>\n<meta property=\"product:price:amount\" content=\"29.90\" \/>\n<meta property=\"product:price:currency\" content=\"EUR\" \/>\n<meta property=\"og:availability\" content=\"instock\" \/>\n<meta property=\"product:availability\" content=\"instock\" \/>\n<meta property=\"product:retailer_item_id\" content=\"8032589950072\" \/>\n<meta property=\"product:condition\" content=\"new\" \/>\n<!-- \/ Yoast SEO Premium plugin. -->","yoast_head_json":{"title":"Decottop\u00eda Slim Kombu - Gianluca Mech - Lifenatura","description":"Slim Kombu Mech Decottopia es un suplemento natural que ayuda a reducir la celulitis, combate la retenci\u00f3n de l\u00edquidos y estimula el metabolismo.","robots":{"index":"index","follow":"follow","max-snippet":"max-snippet:-1","max-image-preview":"max-image-preview:large","max-video-preview":"max-video-preview:-1"},"canonical":"https:\/\/www.lifenatura.com\/es\/produto\/decottopia-slim-kombu-gianluca-mech\/","og_locale":"es_ES","og_type":"article","og_title":"Decottop\u00eda Slim Kombu - Gianluca Mech - Lifenatura","og_description":"Compre aqui o seu Decottop\u00eda Slim Kombu - Gianluca Mech e a Lifenatura Online envia em 48 H com Portes Gratis >35\u20ac de Pedido.","og_url":"https:\/\/www.lifenatura.com\/es\/produto\/decottopia-slim-kombu-gianluca-mech\/","og_site_name":"Lifenatura","article_publisher":"https:\/\/www.facebook.com\/lifenatura","article_modified_time":"2025-08-04T00:10:05+00:00","og_image":[{"width":1000,"height":1000,"url":"https:\/\/www.lifenatura.com\/wp-content\/uploads\/2025\/06\/slim-kombu-decottopia-gianluca-mech.jpg","type":"image\/jpeg"}],"twitter_card":"summary_large_image","twitter_misc":{"Precio":"29,90&nbsp;&euro;","Disponibilidad":"Disponible"},"schema":{"@context":"https:\/\/schema.org","@graph":[{"@type":"WebPage","@id":"https:\/\/www.lifenatura.com\/es\/produto\/decottopia-slim-kombu-gianluca-mech\/","url":"https:\/\/www.lifenatura.com\/es\/produto\/decottopia-slim-kombu-gianluca-mech\/","name":"Decottop\u00eda Slim Kombu - Gianluca Mech - Lifenatura","isPartOf":{"@id":"https:\/\/www.lifenatura.com\/es\/#website"},"primaryImageOfPage":{"@id":"https:\/\/www.lifenatura.com\/es\/produto\/decottopia-slim-kombu-gianluca-mech\/#primaryimage"},"image":{"@id":"https:\/\/www.lifenatura.com\/es\/produto\/decottopia-slim-kombu-gianluca-mech\/#primaryimage"},"thumbnailUrl":"https:\/\/www.lifenatura.com\/wp-content\/uploads\/2025\/06\/slim-kombu-decottopia-gianluca-mech.jpg","datePublished":"2025-06-27T15:07:27+00:00","dateModified":"2025-08-04T00:10:05+00:00","description":"Slim Kombu Mech Decottopia es un suplemento natural que ayuda a reducir la celulitis, combate la retenci\u00f3n de l\u00edquidos y estimula el metabolismo.","breadcrumb":{"@id":"https:\/\/www.lifenatura.com\/es\/produto\/decottopia-slim-kombu-gianluca-mech\/#breadcrumb"},"inLanguage":"es","potentialAction":[{"@type":"ReadAction","target":["https:\/\/www.lifenatura.com\/es\/produto\/decottopia-slim-kombu-gianluca-mech\/"]}]},{"@type":"ImageObject","inLanguage":"es","@id":"https:\/\/www.lifenatura.com\/es\/produto\/decottopia-slim-kombu-gianluca-mech\/#primaryimage","url":"https:\/\/www.lifenatura.com\/wp-content\/uploads\/2025\/06\/slim-kombu-decottopia-gianluca-mech.jpg","contentUrl":"https:\/\/www.lifenatura.com\/wp-content\/uploads\/2025\/06\/slim-kombu-decottopia-gianluca-mech.jpg","width":1000,"height":1000,"caption":"gianluca mech slim kombu"},{"@type":"BreadcrumbList","@id":"https:\/\/www.lifenatura.com\/es\/produto\/decottopia-slim-kombu-gianluca-mech\/#breadcrumb","itemListElement":[{"@type":"ListItem","position":1,"name":"In\u00edcio","item":"https:\/\/www.lifenatura.com\/es\/"},{"@type":"ListItem","position":2,"name":"Todos los Productos","item":"https:\/\/www.lifenatura.com\/es\/tienda\/"},{"@type":"ListItem","position":3,"name":"Decottop\u00eda Slim Kombu &#8211; Gianluca Mech"}]},{"@type":"WebSite","@id":"https:\/\/www.lifenatura.com\/es\/#website","url":"https:\/\/www.lifenatura.com\/es\/","name":"Lifenatura","description":"A Lifenatura \u00e9 uma loja de produtos naturais, cosm\u00e9tica natural e alimenta\u00e7\u00e3o Biol\u00f3gica.","publisher":{"@id":"https:\/\/www.lifenatura.com\/es\/#organization"},"potentialAction":[{"@type":"SearchAction","target":{"@type":"EntryPoint","urlTemplate":"https:\/\/www.lifenatura.com\/es\/?s={search_term_string}"},"query-input":{"@type":"PropertyValueSpecification","valueRequired":true,"valueName":"search_term_string"}}],"inLanguage":"es"},{"@type":"Organization","@id":"https:\/\/www.lifenatura.com\/es\/#organization","name":"Lifenatura","url":"https:\/\/www.lifenatura.com\/es\/","logo":{"@type":"ImageObject","inLanguage":"es","@id":"https:\/\/www.lifenatura.com\/es\/#\/schema\/logo\/image\/","url":"https:\/\/www.lifenatura.com\/wp-content\/uploads\/2021\/11\/logo.png","contentUrl":"https:\/\/www.lifenatura.com\/wp-content\/uploads\/2021\/11\/logo.png","width":175,"height":55,"caption":"Lifenatura"},"image":{"@id":"https:\/\/www.lifenatura.com\/es\/#\/schema\/logo\/image\/"},"sameAs":["https:\/\/www.facebook.com\/lifenatura","https:\/\/www.instagram.com\/lifenaturapt\/"]}]},"product_price_amount":"29.90","product_price_currency":"EUR","og_availability":"instock","product_availability":"instock","product_retailer_item_id":"8032589950072","product_condition":"new"},"df_price":29.9,"df_sale_price":"","df_regular_price":29.9,"df_image_link":"https:\/\/www.lifenatura.com\/wp-content\/uploads\/2025\/06\/slim-kombu-decottopia-gianluca-mech-300x300.jpg","_links":{"self":[{"href":"https:\/\/www.lifenatura.com\/es\/wp-json\/wp\/v2\/product\/114116","targetHints":{"allow":["GET"]}}],"collection":[{"href":"https:\/\/www.lifenatura.com\/es\/wp-json\/wp\/v2\/product"}],"about":[{"href":"https:\/\/www.lifenatura.com\/es\/wp-json\/wp\/v2\/types\/product"}],"wp:featuredmedia":[{"embeddable":true,"href":"https:\/\/www.lifenatura.com\/es\/wp-json\/wp\/v2\/media\/114006"}],"wp:attachment":[{"href":"https:\/\/www.lifenatura.com\/es\/wp-json\/wp\/v2\/media?parent=114116"}],"wp:term":[{"taxonomy":"product_brand","embeddable":true,"href":"https:\/\/www.lifenatura.com\/es\/wp-json\/wp\/v2\/product_brand?post=114116"},{"taxonomy":"product_cat","embeddable":true,"href":"https:\/\/www.lifenatura.com\/es\/wp-json\/wp\/v2\/product_cat?post=114116"},{"taxonomy":"product_tag","embeddable":true,"href":"https:\/\/www.lifenatura.com\/es\/wp-json\/wp\/v2\/product_tag?post=114116"}],"curies":[{"name":"wp","href":"https:\/\/api.w.org\/{rel}","templated":true}]}}