{"id":114115,"date":"2025-06-27T13:39:48","date_gmt":"2025-06-27T13:39:48","guid":{"rendered":"https:\/\/www.lifenatura.com\/produto\/diur-mech-decottopia-gianluca-mech\/"},"modified":"2025-07-31T11:33:43","modified_gmt":"2025-07-31T11:33:43","slug":"diur-mech-decottopia-gianluca-mech","status":"publish","type":"product","link":"https:\/\/www.lifenatura.com\/es\/produto\/diur-mech-decottopia-gianluca-mech\/","title":{"rendered":"Diur-Mech Decottop\u00eda &#8211; Gianluca Mech"},"content":{"rendered":"<h2 style=\"text-align: left;\" data-start=\"40\" data-end=\"126\"><strong>Diur-Mech Drenaje Natural de L\u00edquidos Corporales<\/strong><\/h2>\n<p>&nbsp;<\/p>\n<p data-start=\"161\" data-end=\"420\"><strong data-start=\"163\" data-end=\"187\">Diur-Mech Decottopia<\/strong> de <strong data-start=\"191\" data-end=\"208\">Gianluca Mech<\/strong> es un complemento alimenticio l\u00edquido formulado para ayudar a eliminar el exceso de l\u00edquidos y promover una sensaci\u00f3n de ligereza en el cuerpo. <span class=\"relative -mx-px my-[-0.2rem] rounded px-px py-[0.2rem] transition-colors duration-100 ease-in-out\">Compuesto por una combinaci\u00f3n sin\u00e9rgica de 12 plantas medicinales, este producto act\u00faa eficazmente para favorecer el sistema urinario y reducir la retenci\u00f3n de l\u00edquidos.<\/span><\/p>\n<p data-start=\"422\" data-end=\"536\"><span class=\"relative -mx-px my-[-0.2rem] rounded px-px py-[0.2rem] transition-colors duration-100 ease-in-out\">La f\u00f3rmula incluye ingredientes como <strong data-start=\"35\" data-end=\"48\">cola de caballo<\/strong>, <strong data-start=\"50\" data-end=\"62\">esp\u00e1rragos<\/strong>, <strong data-start=\"64\" data-end=\"74\">abedul<\/strong>, <strong data-start=\"76\" data-end=\"88\">cipr\u00e9s<\/strong>, <strong data-start=\"90\" data-end=\"99\">hierba<\/strong>, <strong data-start=\"101\" data-end=\"110\">ma\u00edz<\/strong>, <strong data-start=\"112\" data-end=\"129\">diente de le\u00f3n<\/strong>, <strong data-start=\"131\" data-end=\"145\">gayuba<\/strong>, <strong data-start=\"147\" data-end=\"157\">hinojo<\/strong>, <strong data-start=\"159\" data-end=\"173\">sa\u00faco<\/strong>, <strong data-start=\"175\" data-end=\"186\">hibisco<\/strong> y <strong data-start=\"189\" data-end=\"197\">an\u00eds<\/strong>, conocidos por sus propiedades diur\u00e9ticas y remineralizantes.<\/span> <span class=\"relative -mx-px my-[-0.2rem] rounded px-px py-[0.2rem] transition-colors duration-100 ease-in-out\">Estos componentes act\u00faan conjuntamente para favorecer el drenaje natural de los l\u00edquidos corporales, sin causar desequilibrios electrol\u00edticos.<\/span><\/p>\n<p data-start=\"538\" data-end=\"616\"><span class=\"relative -mx-px my-[-0.2rem] rounded px-px py-[0.2rem] transition-colors duration-100 ease-in-out\">Adem\u00e1s, Diur-Mech no contiene alcohol, conservantes, gluten ni az\u00facares, por lo que es adecuado para una amplia gama de consumidores que buscan un apoyo natural para el equilibrio h\u00eddrico del organismo.<\/span><\/p>\n<p data-start=\"618\" data-end=\"644\"><strong data-start=\"618\" data-end=\"644\">Principales ventajas:<\/strong><\/p>\n<ul data-start=\"646\" data-end=\"972\">\n<li data-start=\"646\" data-end=\"715\">\n<p data-start=\"648\" data-end=\"715\"><strong data-start=\"648\" data-end=\"675\">Acci\u00f3n diur\u00e9tica natural:<\/strong> <span class=\"relative -mx-px my-[-0.2rem] rounded px-px py-[0.2rem] transition-colors duration-100 ease-in-out\">Ayuda a eliminar el exceso de l\u00edquidos, reduciendo la hinchaz\u00f3n.<\/span><\/p>\n<\/li>\n<li data-start=\"716\" data-end=\"792\">\n<p data-start=\"718\" data-end=\"792\"><strong data-start=\"718\" data-end=\"752\">Propiedades remineralizantes:<\/strong> <span class=\"relative -mx-px my-[-0.2rem] rounded px-px py-[0.2rem] transition-colors duration-100 ease-in-out\">Ayuda a reponer los minerales esenciales durante el proceso de drenaje.<\/span><\/p>\n<\/li>\n<li data-start=\"793\" data-end=\"867\">\n<p data-start=\"795\" data-end=\"867\"><strong data-start=\"795\" data-end=\"827\">Favorece el sistema urinario:<\/strong> <span class=\"relative -mx-px my-[-0.2rem] rounded px-px py-[0.2rem] transition-colors duration-100 ease-in-out\">Favorece la funcionalidad de las v\u00edas urinarias.<\/span><\/p>\n<\/li>\n<li data-start=\"868\" data-end=\"972\">\n<p data-start=\"870\" data-end=\"972\"><strong data-start=\"870\" data-end=\"893\">Se siente m\u00e1s ligero:<\/strong> <span class=\"relative -mx-px my-[-0.2rem] rounded px-px py-[0.2rem] transition-colors duration-100 ease-in-out\">Reduce la sensaci\u00f3n de pesadez en los miembros inferiores.<\/span><\/p>\n<\/li>\n<\/ul>\n<p data-start=\"974\" data-end=\"988\"><strong data-start=\"974\" data-end=\"988\">Indicaci\u00f3n:<\/strong><\/p>\n<p data-start=\"990\" data-end=\"1108\"><span class=\"relative -mx-px my-[-0.2rem] rounded px-px py-[0.2rem] transition-colors duration-100 ease-in-out\">Este suplemento es adecuado para adultos que desean combatir la retenci\u00f3n de l\u00edquidos, mejorar la funci\u00f3n urinaria y promover una sensaci\u00f3n general de bienestar.<\/span> <span class=\"relative -mx-px my-[-0.2rem] rounded px-px py-[0.2rem] transition-colors duration-100 ease-in-out\">Es especialmente \u00fatil para las personas que padecen piernas hinchadas, celulitis o que siguen un r\u00e9gimen de adelgazamiento.<\/span><\/p>\n<p data-start=\"990\" data-end=\"1108\"><strong>PRESENTACI\u00d3N<\/strong><\/p>\n<p data-start=\"990\" data-end=\"1108\">500 ml<\/p>\n<p data-start=\"990\" data-end=\"1108\">\n","protected":false},"excerpt":{"rendered":"<p><strong data-start=\"2\" data-end=\"26\">Diur-Mech Decottopia<\/strong> de <strong data-start=\"30\" data-end=\"47\">Gianluca Mech<\/strong> es un suplemento natural que favorece la eliminaci\u00f3n del exceso de l\u00edquidos, reduciendo la hinchaz\u00f3n [&#8230;]<\/p>\n<p><a class=\"btn btn-secondary understrap-read-more-link\" href=\"https:\/\/www.lifenatura.com\/es\/produto\/diur-mech-decottopia-gianluca-mech\/\">Leer m\u00e1s&#8230;<span class=\"screen-reader-text\"> from Diur-Mech Decottop\u00eda &#8211; Gianluca Mech<\/span><\/a><\/p>\n","protected":false},"featured_media":113996,"template":"","meta":{"_acf_changed":false},"product_brand":[8484],"product_cat":[7193,7179],"product_tag":[],"class_list":{"0":"post-114115","1":"product","2":"type-product","3":"status-publish","4":"has-post-thumbnail","6":"product_brand-gianluca-mech","7":"product_cat-drenante-y-detox","8":"product_cat-salud","10":"first","11":"instock","12":"shipping-taxable","13":"purchasable","14":"product-type-simple","15":"add-to-wishlist-before_image"},"acf":[],"yoast_head":"<!-- This site is optimized with the Yoast SEO Premium plugin v27.1 (Yoast SEO v27.4) - https:\/\/yoast.com\/product\/yoast-seo-premium-wordpress\/ -->\n<title>Diur-Mech Decottop\u00eda - Gianluca Mech - Lifenatura<\/title>\n<meta name=\"description\" content=\"Diur-Mech Decottopia de Gianluca Mech es un suplemento natural que favorece la eliminaci\u00f3n del exceso de l\u00edquidos, reduciendo la hinchaz\u00f3n.\" \/>\n<meta name=\"robots\" content=\"index, follow, max-snippet:-1, max-image-preview:large, max-video-preview:-1\" \/>\n<link rel=\"canonical\" href=\"https:\/\/www.lifenatura.com\/es\/produto\/diur-mech-decottopia-gianluca-mech\/\" \/>\n<meta property=\"og:locale\" content=\"es_ES\" \/>\n<meta property=\"og:type\" content=\"article\" \/>\n<meta property=\"og:title\" content=\"Diur-Mech Decottop\u00eda - Gianluca Mech - Lifenatura\" \/>\n<meta property=\"og:description\" content=\"Compre aqui o seu Diur-Mech Decottop\u00eda - Gianluca Mech e a Lifenatura Online envia em 48 H com Portes Gratis &gt;35\u20ac de Pedido.\" \/>\n<meta property=\"og:url\" content=\"https:\/\/www.lifenatura.com\/es\/produto\/diur-mech-decottopia-gianluca-mech\/\" \/>\n<meta property=\"og:site_name\" content=\"Lifenatura\" \/>\n<meta property=\"article:publisher\" content=\"https:\/\/www.facebook.com\/lifenatura\" \/>\n<meta property=\"article:modified_time\" content=\"2025-07-31T11:33:43+00:00\" \/>\n<meta property=\"og:image\" content=\"https:\/\/www.lifenatura.com\/wp-content\/uploads\/2025\/06\/diur-mech-decottopia-gianluca-mech.jpg\" \/>\n\t<meta property=\"og:image:width\" content=\"1000\" \/>\n\t<meta property=\"og:image:height\" content=\"1000\" \/>\n\t<meta property=\"og:image:type\" content=\"image\/jpeg\" \/>\n<meta name=\"twitter:card\" content=\"summary_large_image\" \/>\n<meta name=\"twitter:label1\" content=\"Precio\" \/>\n\t<meta name=\"twitter:data1\" content=\"29,90&nbsp;&euro;\" \/>\n\t<meta name=\"twitter:label2\" content=\"Disponibilidad\" \/>\n\t<meta name=\"twitter:data2\" content=\"Disponible\" \/>\n<meta property=\"product:price:amount\" content=\"29.90\" \/>\n<meta property=\"product:price:currency\" content=\"EUR\" \/>\n<meta property=\"og:availability\" content=\"instock\" \/>\n<meta property=\"product:availability\" content=\"instock\" \/>\n<meta property=\"product:retailer_item_id\" content=\"8032589073993\" \/>\n<meta property=\"product:condition\" content=\"new\" \/>\n<!-- \/ Yoast SEO Premium plugin. -->","yoast_head_json":{"title":"Diur-Mech Decottop\u00eda - Gianluca Mech - Lifenatura","description":"Diur-Mech Decottopia de Gianluca Mech es un suplemento natural que favorece la eliminaci\u00f3n del exceso de l\u00edquidos, reduciendo la hinchaz\u00f3n.","robots":{"index":"index","follow":"follow","max-snippet":"max-snippet:-1","max-image-preview":"max-image-preview:large","max-video-preview":"max-video-preview:-1"},"canonical":"https:\/\/www.lifenatura.com\/es\/produto\/diur-mech-decottopia-gianluca-mech\/","og_locale":"es_ES","og_type":"article","og_title":"Diur-Mech Decottop\u00eda - Gianluca Mech - Lifenatura","og_description":"Compre aqui o seu Diur-Mech Decottop\u00eda - Gianluca Mech e a Lifenatura Online envia em 48 H com Portes Gratis >35\u20ac de Pedido.","og_url":"https:\/\/www.lifenatura.com\/es\/produto\/diur-mech-decottopia-gianluca-mech\/","og_site_name":"Lifenatura","article_publisher":"https:\/\/www.facebook.com\/lifenatura","article_modified_time":"2025-07-31T11:33:43+00:00","og_image":[{"width":1000,"height":1000,"url":"https:\/\/www.lifenatura.com\/wp-content\/uploads\/2025\/06\/diur-mech-decottopia-gianluca-mech.jpg","type":"image\/jpeg"}],"twitter_card":"summary_large_image","twitter_misc":{"Precio":"29,90&nbsp;&euro;","Disponibilidad":"Disponible"},"schema":{"@context":"https:\/\/schema.org","@graph":[{"@type":"WebPage","@id":"https:\/\/www.lifenatura.com\/es\/produto\/diur-mech-decottopia-gianluca-mech\/","url":"https:\/\/www.lifenatura.com\/es\/produto\/diur-mech-decottopia-gianluca-mech\/","name":"Diur-Mech Decottop\u00eda - Gianluca Mech - Lifenatura","isPartOf":{"@id":"https:\/\/www.lifenatura.com\/#website"},"primaryImageOfPage":{"@id":"https:\/\/www.lifenatura.com\/es\/produto\/diur-mech-decottopia-gianluca-mech\/#primaryimage"},"image":{"@id":"https:\/\/www.lifenatura.com\/es\/produto\/diur-mech-decottopia-gianluca-mech\/#primaryimage"},"thumbnailUrl":"https:\/\/www.lifenatura.com\/wp-content\/uploads\/2025\/06\/diur-mech-decottopia-gianluca-mech.jpg","datePublished":"2025-06-27T13:39:48+00:00","dateModified":"2025-07-31T11:33:43+00:00","description":"Diur-Mech Decottopia de Gianluca Mech es un suplemento natural que favorece la eliminaci\u00f3n del exceso de l\u00edquidos, reduciendo la hinchaz\u00f3n.","breadcrumb":{"@id":"https:\/\/www.lifenatura.com\/es\/produto\/diur-mech-decottopia-gianluca-mech\/#breadcrumb"},"inLanguage":"es","potentialAction":[{"@type":"ReadAction","target":["https:\/\/www.lifenatura.com\/es\/produto\/diur-mech-decottopia-gianluca-mech\/"]}]},{"@type":"ImageObject","inLanguage":"es","@id":"https:\/\/www.lifenatura.com\/es\/produto\/diur-mech-decottopia-gianluca-mech\/#primaryimage","url":"https:\/\/www.lifenatura.com\/wp-content\/uploads\/2025\/06\/diur-mech-decottopia-gianluca-mech.jpg","contentUrl":"https:\/\/www.lifenatura.com\/wp-content\/uploads\/2025\/06\/diur-mech-decottopia-gianluca-mech.jpg","width":1000,"height":1000,"caption":"Diur-Mech por Gianluca Mech"},{"@type":"BreadcrumbList","@id":"https:\/\/www.lifenatura.com\/es\/produto\/diur-mech-decottopia-gianluca-mech\/#breadcrumb","itemListElement":[{"@type":"ListItem","position":1,"name":"In\u00edcio","item":"https:\/\/www.lifenatura.com\/es\/"},{"@type":"ListItem","position":2,"name":"Todos los Productos","item":"https:\/\/www.lifenatura.com\/es\/tienda\/"},{"@type":"ListItem","position":3,"name":"Diur-Mech Decottop\u00eda &#8211; Gianluca Mech"}]},{"@type":"WebSite","@id":"https:\/\/www.lifenatura.com\/#website","url":"https:\/\/www.lifenatura.com\/","name":"Lifenatura","description":"A Lifenatura \u00e9 uma loja de produtos naturais, cosm\u00e9tica natural e alimenta\u00e7\u00e3o Biol\u00f3gica.","publisher":{"@id":"https:\/\/www.lifenatura.com\/#organization"},"potentialAction":[{"@type":"SearchAction","target":{"@type":"EntryPoint","urlTemplate":"https:\/\/www.lifenatura.com\/?s={search_term_string}"},"query-input":{"@type":"PropertyValueSpecification","valueRequired":true,"valueName":"search_term_string"}}],"inLanguage":"es"},{"@type":"Organization","@id":"https:\/\/www.lifenatura.com\/#organization","name":"Lifenatura","url":"https:\/\/www.lifenatura.com\/","logo":{"@type":"ImageObject","inLanguage":"es","@id":"https:\/\/www.lifenatura.com\/#\/schema\/logo\/image\/","url":"https:\/\/www.lifenatura.com\/wp-content\/uploads\/2021\/11\/logo.png","contentUrl":"https:\/\/www.lifenatura.com\/wp-content\/uploads\/2021\/11\/logo.png","width":175,"height":55,"caption":"Lifenatura"},"image":{"@id":"https:\/\/www.lifenatura.com\/#\/schema\/logo\/image\/"},"sameAs":["https:\/\/www.facebook.com\/lifenatura","https:\/\/www.instagram.com\/lifenaturapt\/"]}]},"product_price_amount":"29.90","product_price_currency":"EUR","og_availability":"instock","product_availability":"instock","product_retailer_item_id":"8032589073993","product_condition":"new"},"df_price":29.9,"df_sale_price":"","df_regular_price":29.9,"df_image_link":"https:\/\/www.lifenatura.com\/wp-content\/uploads\/2025\/06\/diur-mech-decottopia-gianluca-mech-300x300.jpg","_links":{"self":[{"href":"https:\/\/www.lifenatura.com\/es\/wp-json\/wp\/v2\/product\/114115","targetHints":{"allow":["GET"]}}],"collection":[{"href":"https:\/\/www.lifenatura.com\/es\/wp-json\/wp\/v2\/product"}],"about":[{"href":"https:\/\/www.lifenatura.com\/es\/wp-json\/wp\/v2\/types\/product"}],"wp:featuredmedia":[{"embeddable":true,"href":"https:\/\/www.lifenatura.com\/es\/wp-json\/wp\/v2\/media\/113996"}],"wp:attachment":[{"href":"https:\/\/www.lifenatura.com\/es\/wp-json\/wp\/v2\/media?parent=114115"}],"wp:term":[{"taxonomy":"product_brand","embeddable":true,"href":"https:\/\/www.lifenatura.com\/es\/wp-json\/wp\/v2\/product_brand?post=114115"},{"taxonomy":"product_cat","embeddable":true,"href":"https:\/\/www.lifenatura.com\/es\/wp-json\/wp\/v2\/product_cat?post=114115"},{"taxonomy":"product_tag","embeddable":true,"href":"https:\/\/www.lifenatura.com\/es\/wp-json\/wp\/v2\/product_tag?post=114115"}],"curies":[{"name":"wp","href":"https:\/\/api.w.org\/{rel}","templated":true}]}}