{"id":114114,"date":"2025-06-27T14:03:30","date_gmt":"2025-06-27T14:03:30","guid":{"rendered":"https:\/\/www.lifenatura.com\/produto\/gastricol-mech-decottopia-gianluca-mech\/"},"modified":"2025-08-03T23:40:42","modified_gmt":"2025-08-03T23:40:42","slug":"gastricol-mech-decottopia-gianluca-mech","status":"publish","type":"product","link":"https:\/\/www.lifenatura.com\/es\/produto\/gastricol-mech-decottopia-gianluca-mech\/","title":{"rendered":"Gastricol Mech Decottopia &#8211; Gianluca Mech"},"content":{"rendered":"<h2 style=\"text-align: left;\" data-start=\"40\" data-end=\"124\"><strong>Gastricol Mech Decottopia &#8211; Protecci\u00f3n y Equilibrio Digestivo<\/strong><\/h2>\n<p>&nbsp;<\/p>\n<p data-start=\"159\" data-end=\"381\"><strong data-start=\"161\" data-end=\"190\">El Gastricol<\/strong> <strong data-start=\"194\" data-end=\"211\">Mech<\/strong> <strong data-start=\"161\" data-end=\"190\">Decottopia<\/strong> de <strong data-start=\"194\" data-end=\"211\">Gianluca M<\/strong> <strong data-start=\"161\" data-end=\"190\">ech<\/strong> es un complemento alimenticio l\u00edquido dise\u00f1ado para favorecer el bienestar del aparato digestivo. <span class=\"relative -mx-px my-[-0.2rem] rounded px-px py-[0.2rem] transition-colors duration-100 ease-in-out\">Este producto combina extractos de plantas medicinales con propiedades calmantes y protectoras de la mucosa g\u00e1strica, por lo que es especialmente \u00fatil para quienes sufren molestias digestivas ocasionales.<\/span><\/p>\n<p data-start=\"383\" data-end=\"497\"><span class=\"relative -mx-px my-[-0.2rem] rounded px-px py-[0.2rem] transition-colors duration-100 ease-in-out\">La f\u00f3rmula contiene ingredientes como <strong data-start=\"35\" data-end=\"46\">regaliz<\/strong>, <strong data-start=\"48\" data-end=\"62\">malva<\/strong>, <strong data-start=\"64\" data-end=\"76\">manzanilla<\/strong>, <strong data-start=\"78\" data-end=\"88\">hinojo<\/strong>, <strong data-start=\"90\" data-end=\"101\">melisa<\/strong>, <strong data-start=\"103\" data-end=\"116\">cal\u00e9ndula<\/strong>, <strong data-start=\"118\" data-end=\"132\">sa\u00faco<\/strong> y <strong data-start=\"134\" data-end=\"147\">equin\u00e1cea<\/strong>, entre otros, conocidos por sus acciones emoliente, antiinflamatoria y digestiva.<\/span> <span class=\"relative -mx-px my-[-0.2rem] rounded px-px py-[0.2rem] transition-colors duration-100 ease-in-out\">La presencia de <strong data-start=\"14\" data-end=\"25\">regaliz<\/strong> ayuda a proteger la mucosa g\u00e1strica, mientras que la <strong data-start=\"83\" data-end=\"97\">malva<\/strong> y la <strong data-start=\"102\" data-end=\"114\">manzanilla<\/strong> ayudan a aliviar los s\u00edntomas de indigesti\u00f3n y ardor de est\u00f3mago.<\/span><\/p>\n<p data-start=\"499\" data-end=\"525\"><strong data-start=\"499\" data-end=\"525\">Principales ventajas:<\/strong><\/p>\n<ul data-start=\"527\" data-end=\"854\">\n<li data-start=\"527\" data-end=\"601\">\n<p data-start=\"529\" data-end=\"601\"><strong data-start=\"529\" data-end=\"561\">Protege la mucosa g\u00e1strica:<\/strong> <span class=\"relative -mx-px my-[-0.2rem] rounded px-px py-[0.2rem] transition-colors duration-100 ease-in-out\">Refuerza la barrera natural del est\u00f3mago, evitando la irritaci\u00f3n.<\/span><\/p>\n<\/li>\n<li data-start=\"602\" data-end=\"678\">\n<p data-start=\"604\" data-end=\"678\"><strong data-start=\"604\" data-end=\"638\">Alivia los s\u00edntomas digestivos:<\/strong> <span class=\"relative -mx-px my-[-0.2rem] rounded px-px py-[0.2rem] transition-colors duration-100 ease-in-out\">Reduce la acidez, la sensaci\u00f3n de pesadez y las molestias abdominales.<\/span><\/p>\n<\/li>\n<li data-start=\"679\" data-end=\"748\">\n<p data-start=\"681\" data-end=\"748\"><strong data-start=\"681\" data-end=\"708\">Acci\u00f3n antiinflamatoria:<\/strong> <span class=\"relative -mx-px my-[-0.2rem] rounded px-px py-[0.2rem] transition-colors duration-100 ease-in-out\">Reduce la inflamaci\u00f3n del tubo digestivo, favoreciendo la salud intestinal.<\/span><\/p>\n<\/li>\n<li data-start=\"749\" data-end=\"854\">\n<p data-start=\"751\" data-end=\"854\"><strong data-start=\"751\" data-end=\"775\">Mejora la digesti\u00f3n:<\/strong> <span class=\"relative -mx-px my-[-0.2rem] rounded px-px py-[0.2rem] transition-colors duration-100 ease-in-out\">Facilita el proceso digestivo, sobre todo despu\u00e9s de comidas copiosas.<\/span><\/p>\n<\/li>\n<\/ul>\n<p data-start=\"856\" data-end=\"870\"><strong data-start=\"856\" data-end=\"870\">Indicaci\u00f3n:<\/strong><\/p>\n<p data-start=\"872\" data-end=\"990\"><span class=\"relative -mx-px my-[-0.2rem] rounded px-px py-[0.2rem] transition-colors duration-100 ease-in-out\">Este suplemento est\u00e1 indicado para adultos que deseen apoyar la salud del aparato digestivo, especialmente los que experimentan s\u00edntomas como acidez, reflujo gastroesof\u00e1gico, distensi\u00f3n abdominal o indigesti\u00f3n.<\/span><\/p>\n<p data-start=\"872\" data-end=\"990\"><span class=\"relative -mx-px my-[-0.2rem] rounded px-px py-[0.2rem] transition-colors duration-100 ease-in-out\">Es adecuado para cualquier persona que busque una soluci\u00f3n natural para equilibrar la funci\u00f3n digestiva.<\/span><\/p>\n<p data-start=\"872\" data-end=\"990\"><strong>PRESENTACI\u00d3N<\/strong><\/p>\n<p data-start=\"872\" data-end=\"990\">500 ml<\/p>\n<p data-start=\"872\" data-end=\"990\">\n","protected":false},"excerpt":{"rendered":"<p>Gastricol Mech Decottopia es un suplemento natural que protege la mucosa g\u00e1strica y alivia los s\u00edntomas de la indigesti\u00f3n, favoreciendo el equilibrio digestivo. [&#8230;]<\/p>\n<p><a class=\"btn btn-secondary understrap-read-more-link\" href=\"https:\/\/www.lifenatura.com\/es\/produto\/gastricol-mech-decottopia-gianluca-mech\/\">Leer m\u00e1s&#8230;<span class=\"screen-reader-text\"> from Gastricol Mech Decottopia &#8211; Gianluca Mech<\/span><\/a><\/p>\n","protected":false},"featured_media":113999,"template":"","meta":{"_acf_changed":false},"product_brand":[8484],"product_cat":[7253,7258,7179],"product_tag":[],"class_list":{"0":"post-114114","1":"product","2":"type-product","3":"status-publish","4":"has-post-thumbnail","6":"product_brand-gianluca-mech","7":"product_cat-digestion","8":"product_cat-proteccion-del-estomago","9":"product_cat-salud","11":"first","12":"instock","13":"shipping-taxable","14":"purchasable","15":"product-type-simple","16":"add-to-wishlist-before_image"},"acf":[],"yoast_head":"<!-- This site is optimized with the Yoast SEO Premium plugin v27.1 (Yoast SEO v27.3) - https:\/\/yoast.com\/product\/yoast-seo-premium-wordpress\/ -->\n<title>Gastricol Mech Decottopia - Gianluca Mech - Lifenatura<\/title>\n<meta name=\"description\" content=\"Gastricol Mech Decottopia es un suplemento natural que protege la mucosa g\u00e1strica y alivia los s\u00edntomas de la indigesti\u00f3n favoreciendo la digestion.\" \/>\n<meta name=\"robots\" content=\"index, follow, max-snippet:-1, max-image-preview:large, max-video-preview:-1\" \/>\n<link rel=\"canonical\" href=\"https:\/\/www.lifenatura.com\/es\/produto\/gastricol-mech-decottopia-gianluca-mech\/\" \/>\n<meta property=\"og:locale\" content=\"es_ES\" \/>\n<meta property=\"og:type\" content=\"article\" \/>\n<meta property=\"og:title\" content=\"Gastricol Mech Decottopia - Gianluca Mech - Lifenatura\" \/>\n<meta property=\"og:description\" content=\"Compre aqui o seu Gastricol Mech Decottopia - Gianluca Mech e a Lifenatura Online envia em 48 H com Portes Gratis &gt;35\u20ac de Pedido.\" \/>\n<meta property=\"og:url\" content=\"https:\/\/www.lifenatura.com\/es\/produto\/gastricol-mech-decottopia-gianluca-mech\/\" \/>\n<meta property=\"og:site_name\" content=\"Lifenatura\" \/>\n<meta property=\"article:publisher\" content=\"https:\/\/www.facebook.com\/lifenatura\" \/>\n<meta property=\"article:modified_time\" content=\"2025-08-03T23:40:42+00:00\" \/>\n<meta property=\"og:image\" content=\"https:\/\/www.lifenatura.com\/wp-content\/uploads\/2025\/06\/gastricol-mech-gianluca-mech.jpg\" \/>\n\t<meta property=\"og:image:width\" content=\"1000\" \/>\n\t<meta property=\"og:image:height\" content=\"1000\" \/>\n\t<meta property=\"og:image:type\" content=\"image\/jpeg\" \/>\n<meta name=\"twitter:card\" content=\"summary_large_image\" \/>\n<meta name=\"twitter:label1\" content=\"Precio\" \/>\n\t<meta name=\"twitter:data1\" content=\"29,90&nbsp;&euro;\" \/>\n\t<meta name=\"twitter:label2\" content=\"Disponibilidad\" \/>\n\t<meta name=\"twitter:data2\" content=\"Disponible\" \/>\n<meta property=\"product:price:amount\" content=\"29.90\" \/>\n<meta property=\"product:price:currency\" content=\"EUR\" \/>\n<meta property=\"og:availability\" content=\"instock\" \/>\n<meta property=\"product:availability\" content=\"instock\" \/>\n<meta property=\"product:retailer_item_id\" content=\"8058302883830\" \/>\n<meta property=\"product:condition\" content=\"new\" \/>\n<!-- \/ Yoast SEO Premium plugin. -->","yoast_head_json":{"title":"Gastricol Mech Decottopia - Gianluca Mech - Lifenatura","description":"Gastricol Mech Decottopia es un suplemento natural que protege la mucosa g\u00e1strica y alivia los s\u00edntomas de la indigesti\u00f3n favoreciendo la digestion.","robots":{"index":"index","follow":"follow","max-snippet":"max-snippet:-1","max-image-preview":"max-image-preview:large","max-video-preview":"max-video-preview:-1"},"canonical":"https:\/\/www.lifenatura.com\/es\/produto\/gastricol-mech-decottopia-gianluca-mech\/","og_locale":"es_ES","og_type":"article","og_title":"Gastricol Mech Decottopia - Gianluca Mech - Lifenatura","og_description":"Compre aqui o seu Gastricol Mech Decottopia - Gianluca Mech e a Lifenatura Online envia em 48 H com Portes Gratis >35\u20ac de Pedido.","og_url":"https:\/\/www.lifenatura.com\/es\/produto\/gastricol-mech-decottopia-gianluca-mech\/","og_site_name":"Lifenatura","article_publisher":"https:\/\/www.facebook.com\/lifenatura","article_modified_time":"2025-08-03T23:40:42+00:00","og_image":[{"width":1000,"height":1000,"url":"https:\/\/www.lifenatura.com\/wp-content\/uploads\/2025\/06\/gastricol-mech-gianluca-mech.jpg","type":"image\/jpeg"}],"twitter_card":"summary_large_image","twitter_misc":{"Precio":"29,90&nbsp;&euro;","Disponibilidad":"Disponible"},"schema":{"@context":"https:\/\/schema.org","@graph":[{"@type":"WebPage","@id":"https:\/\/www.lifenatura.com\/es\/produto\/gastricol-mech-decottopia-gianluca-mech\/","url":"https:\/\/www.lifenatura.com\/es\/produto\/gastricol-mech-decottopia-gianluca-mech\/","name":"Gastricol Mech Decottopia - Gianluca Mech - Lifenatura","isPartOf":{"@id":"https:\/\/www.lifenatura.com\/es\/#website"},"primaryImageOfPage":{"@id":"https:\/\/www.lifenatura.com\/es\/produto\/gastricol-mech-decottopia-gianluca-mech\/#primaryimage"},"image":{"@id":"https:\/\/www.lifenatura.com\/es\/produto\/gastricol-mech-decottopia-gianluca-mech\/#primaryimage"},"thumbnailUrl":"https:\/\/www.lifenatura.com\/wp-content\/uploads\/2025\/06\/gastricol-mech-gianluca-mech.jpg","datePublished":"2025-06-27T14:03:30+00:00","dateModified":"2025-08-03T23:40:42+00:00","description":"Gastricol Mech Decottopia es un suplemento natural que protege la mucosa g\u00e1strica y alivia los s\u00edntomas de la indigesti\u00f3n favoreciendo la digestion.","breadcrumb":{"@id":"https:\/\/www.lifenatura.com\/es\/produto\/gastricol-mech-decottopia-gianluca-mech\/#breadcrumb"},"inLanguage":"es","potentialAction":[{"@type":"ReadAction","target":["https:\/\/www.lifenatura.com\/es\/produto\/gastricol-mech-decottopia-gianluca-mech\/"]}]},{"@type":"ImageObject","inLanguage":"es","@id":"https:\/\/www.lifenatura.com\/es\/produto\/gastricol-mech-decottopia-gianluca-mech\/#primaryimage","url":"https:\/\/www.lifenatura.com\/wp-content\/uploads\/2025\/06\/gastricol-mech-gianluca-mech.jpg","contentUrl":"https:\/\/www.lifenatura.com\/wp-content\/uploads\/2025\/06\/gastricol-mech-gianluca-mech.jpg","width":1000,"height":1000,"caption":"gianluca mech gastricol"},{"@type":"BreadcrumbList","@id":"https:\/\/www.lifenatura.com\/es\/produto\/gastricol-mech-decottopia-gianluca-mech\/#breadcrumb","itemListElement":[{"@type":"ListItem","position":1,"name":"In\u00edcio","item":"https:\/\/www.lifenatura.com\/es\/"},{"@type":"ListItem","position":2,"name":"Todos los Productos","item":"https:\/\/www.lifenatura.com\/es\/tienda\/"},{"@type":"ListItem","position":3,"name":"Gastricol Mech Decottopia &#8211; Gianluca Mech"}]},{"@type":"WebSite","@id":"https:\/\/www.lifenatura.com\/es\/#website","url":"https:\/\/www.lifenatura.com\/es\/","name":"Lifenatura","description":"A Lifenatura \u00e9 uma loja de produtos naturais, cosm\u00e9tica natural e alimenta\u00e7\u00e3o Biol\u00f3gica.","publisher":{"@id":"https:\/\/www.lifenatura.com\/es\/#organization"},"potentialAction":[{"@type":"SearchAction","target":{"@type":"EntryPoint","urlTemplate":"https:\/\/www.lifenatura.com\/es\/?s={search_term_string}"},"query-input":{"@type":"PropertyValueSpecification","valueRequired":true,"valueName":"search_term_string"}}],"inLanguage":"es"},{"@type":"Organization","@id":"https:\/\/www.lifenatura.com\/es\/#organization","name":"Lifenatura","url":"https:\/\/www.lifenatura.com\/es\/","logo":{"@type":"ImageObject","inLanguage":"es","@id":"https:\/\/www.lifenatura.com\/es\/#\/schema\/logo\/image\/","url":"https:\/\/www.lifenatura.com\/wp-content\/uploads\/2021\/11\/logo.png","contentUrl":"https:\/\/www.lifenatura.com\/wp-content\/uploads\/2021\/11\/logo.png","width":175,"height":55,"caption":"Lifenatura"},"image":{"@id":"https:\/\/www.lifenatura.com\/es\/#\/schema\/logo\/image\/"},"sameAs":["https:\/\/www.facebook.com\/lifenatura","https:\/\/www.instagram.com\/lifenaturapt\/"]}]},"product_price_amount":"29.90","product_price_currency":"EUR","og_availability":"instock","product_availability":"instock","product_retailer_item_id":"8058302883830","product_condition":"new"},"df_price":29.9,"df_sale_price":"","df_regular_price":29.9,"df_image_link":"https:\/\/www.lifenatura.com\/wp-content\/uploads\/2025\/06\/gastricol-mech-gianluca-mech-300x300.jpg","_links":{"self":[{"href":"https:\/\/www.lifenatura.com\/es\/wp-json\/wp\/v2\/product\/114114","targetHints":{"allow":["GET"]}}],"collection":[{"href":"https:\/\/www.lifenatura.com\/es\/wp-json\/wp\/v2\/product"}],"about":[{"href":"https:\/\/www.lifenatura.com\/es\/wp-json\/wp\/v2\/types\/product"}],"wp:featuredmedia":[{"embeddable":true,"href":"https:\/\/www.lifenatura.com\/es\/wp-json\/wp\/v2\/media\/113999"}],"wp:attachment":[{"href":"https:\/\/www.lifenatura.com\/es\/wp-json\/wp\/v2\/media?parent=114114"}],"wp:term":[{"taxonomy":"product_brand","embeddable":true,"href":"https:\/\/www.lifenatura.com\/es\/wp-json\/wp\/v2\/product_brand?post=114114"},{"taxonomy":"product_cat","embeddable":true,"href":"https:\/\/www.lifenatura.com\/es\/wp-json\/wp\/v2\/product_cat?post=114114"},{"taxonomy":"product_tag","embeddable":true,"href":"https:\/\/www.lifenatura.com\/es\/wp-json\/wp\/v2\/product_tag?post=114114"}],"curies":[{"name":"wp","href":"https:\/\/api.w.org\/{rel}","templated":true}]}}