{"id":114113,"date":"2025-06-27T15:14:53","date_gmt":"2025-06-27T15:14:53","guid":{"rendered":"https:\/\/www.lifenatura.com\/produto\/decottopia-ven-mech-gianluca-mech\/"},"modified":"2026-05-06T00:03:11","modified_gmt":"2026-05-06T00:03:11","slug":"decottopia-ven-mech-gianluca-mech","status":"publish","type":"product","link":"https:\/\/www.lifenatura.com\/es\/produto\/decottopia-ven-mech-gianluca-mech\/","title":{"rendered":"Decottop\u00eda Ven-Mech &#8211; Gianluca Mech"},"content":{"rendered":"<h2 style=\"text-align: left;\" data-start=\"40\" data-end=\"105\"><strong>Ven Mech Decottopia &#8211; Apoyo Natural a la Circulaci\u00f3n Venosa<\/strong><\/h2>\n<p>&nbsp;<\/p>\n<p data-start=\"140\" data-end=\"332\"><span class=\"relative -mx-px my-[-0.2rem] rounded px-px py-[0.2rem] transition-colors duration-100 ease-in-out\"><strong data-start=\"2\" data-end=\"25\">Ven Mech Decottopia<\/strong> de <strong data-start=\"29\" data-end=\"46\">Gianluca Mech<\/strong> es un complemento alimenticio l\u00edquido formulado para favorecer una circulaci\u00f3n sangu\u00ednea sana, especialmente en las piernas.<\/span> <span class=\"relative -mx-px my-[-0.2rem] rounded px-px py-[0.2rem] transition-colors duration-100 ease-in-out\">Compuesto por una combinaci\u00f3n de extractos de plantas, este producto pretende aliviar s\u00edntomas como la sensaci\u00f3n de pesadez, las piernas cansadas y la visibilidad de las venas superficiales.<\/span><\/p>\n<p data-start=\"140\" data-end=\"332\"><span class=\"relative -mx-px my-[-0.2rem] rounded px-px py-[0.2rem] transition-colors duration-100 ease-in-out\">Su f\u00f3rmula no contiene alcohol, conservantes, gluten ni az\u00facares, por lo que es apta para dietas veganas y vegetarianas.<\/span><\/p>\n<p data-start=\"334\" data-end=\"360\"><strong data-start=\"334\" data-end=\"360\">Principales ventajas:<\/strong><\/p>\n<ul data-start=\"362\" data-end=\"685\">\n<li data-start=\"362\" data-end=\"437\">\n<p data-start=\"364\" data-end=\"437\"><strong data-start=\"364\" data-end=\"397\">Mejora la circulaci\u00f3n venosa:<\/strong> <span class=\"relative -mx-px my-[-0.2rem] rounded px-px py-[0.2rem] transition-colors duration-100 ease-in-out\">Contribuye al buen funcionamiento de las venas, aliviando la sensaci\u00f3n de piernas pesadas.<\/span><\/p>\n<\/li>\n<li data-start=\"438\" data-end=\"502\">\n<p data-start=\"440\" data-end=\"502\"><strong data-start=\"440\" data-end=\"462\">Acci\u00f3n antioxidante:<\/strong> <span class=\"relative -mx-px my-[-0.2rem] rounded px-px py-[0.2rem] transition-colors duration-100 ease-in-out\">Los ingredientes naturales presentes ayudan a combatir los radicales libres, favoreciendo la salud vascular.<\/span><\/p>\n<\/li>\n<li data-start=\"503\" data-end=\"580\">\n<p data-start=\"505\" data-end=\"580\"><strong data-start=\"505\" data-end=\"540\">Drenaje y descongesti\u00f3n:<\/strong> <span class=\"relative -mx-px my-[-0.2rem] rounded px-px py-[0.2rem] transition-colors duration-100 ease-in-out\">Facilita la eliminaci\u00f3n del exceso de l\u00edquidos, reduciendo la hinchaz\u00f3n de las extremidades.<\/span><\/p>\n<\/li>\n<li data-start=\"581\" data-end=\"685\">\n<p data-start=\"583\" data-end=\"685\"><strong data-start=\"583\" data-end=\"606\">Composici\u00f3n natural:<\/strong> <span class=\"relative -mx-px my-[-0.2rem] rounded px-px py-[0.2rem] transition-colors duration-100 ease-in-out\">Sin sustancias artificiales, adecuado para diversas dietas.<\/span><\/p>\n<\/li>\n<\/ul>\n<p data-start=\"687\" data-end=\"701\"><strong data-start=\"687\" data-end=\"701\">Indicaci\u00f3n:<\/strong><\/p>\n<p data-start=\"703\" data-end=\"821\"><span class=\"relative -mx-px my-[-0.2rem] rounded px-px py-[0.2rem] bg-[#FCECC1] dark:bg-[#64572A] transition-colors duration-100 ease-in-out\">Este suplemento es adecuado para los adultos que desean favorecer una circulaci\u00f3n sangu\u00ednea sana, especialmente los que experimentan s\u00edntomas como piernas cansadas, sensaci\u00f3n de pesadez o venas visibles.<\/span> <span class=\"relative -mx-px my-[-0.2rem] rounded px-px py-[0.2rem] transition-colors duration-100 ease-in-out\">Tambi\u00e9n es \u00fatil para las personas que pasan largos periodos de pie o sentadas, ya que favorece la circulaci\u00f3n perif\u00e9rica.<\/span><\/p>\n<p class=\"p1\">Una composici\u00f3n de 10 plantas que act\u00faa especialmente sobre la circulaci\u00f3n venosa de los miembros inferiores, ayudando a prevenir la aparici\u00f3n de derrames y varices, tan molestas para todos.<\/p>\n<p data-start=\"703\" data-end=\"821\"><strong>PRESENTACI\u00d3N<\/strong><\/p>\n<p data-start=\"703\" data-end=\"821\">500 ml<\/p>\n<p data-start=\"703\" data-end=\"821\">\n","protected":false},"excerpt":{"rendered":"<p>Ven Mech Decottopia es un suplemento natural que favorece la circulaci\u00f3n sangu\u00ednea en las piernas, aliviando la sensaci\u00f3n de pesadez y promoviendo el bienestar vascular. [&#8230;]<\/p>\n<p><a class=\"btn btn-secondary understrap-read-more-link\" href=\"https:\/\/www.lifenatura.com\/es\/produto\/decottopia-ven-mech-gianluca-mech\/\">Leer m\u00e1s&#8230;<span class=\"screen-reader-text\"> from Decottop\u00eda Ven-Mech &#8211; Gianluca Mech<\/span><\/a><\/p>\n","protected":false},"featured_media":139911,"template":"","meta":{"_acf_changed":false},"product_brand":[8484],"product_cat":[7192,7221,7179],"product_tag":[],"class_list":{"0":"post-114113","1":"product","2":"type-product","3":"status-publish","4":"has-post-thumbnail","6":"product_brand-gianluca-mech","7":"product_cat-celulitis","8":"product_cat-sistema-circulatorio","9":"product_cat-salud","11":"first","12":"instock","13":"sale","14":"shipping-taxable","15":"purchasable","16":"product-type-simple","17":"add-to-wishlist-before_image"},"acf":[],"yoast_head":"<!-- This site is optimized with the Yoast SEO Premium plugin v27.1 (Yoast SEO v27.5) - https:\/\/yoast.com\/product\/yoast-seo-premium-wordpress\/ -->\n<title>Decottop\u00eda Ven-Mech - Gianluca Mech - Na Lifenatura ao Melhor Pre\u00e7o | Envio em 48h<\/title>\n<meta name=\"description\" content=\"Ven Mech Decottopia es un suplemento natural que favorece la circulaci\u00f3n sangu\u00ednea en las piernas, aliviando la sensaci\u00f3n de pesadez y promoviendo vascular.\" \/>\n<meta name=\"robots\" content=\"index, follow, max-snippet:-1, max-image-preview:large, max-video-preview:-1\" \/>\n<link rel=\"canonical\" href=\"https:\/\/www.lifenatura.com\/es\/produto\/decottopia-ven-mech-gianluca-mech\/\" \/>\n<meta property=\"og:locale\" content=\"es_ES\" \/>\n<meta property=\"og:type\" content=\"article\" \/>\n<meta property=\"og:title\" content=\"Decottop\u00eda Ven-Mech - Gianluca Mech - Na Lifenatura ao Melhor Pre\u00e7o | Envio 48h\" \/>\n<meta property=\"og:description\" content=\"Compre Decottop\u00eda Ven-Mech - Gianluca Mech com envio r\u00e1pido. Entrega em 48h e portes gr\u00e1tis em compras &gt;35\u20ac. Aproveite j\u00e1 na Lifenatura\" \/>\n<meta property=\"og:url\" content=\"https:\/\/www.lifenatura.com\/es\/produto\/decottopia-ven-mech-gianluca-mech\/\" \/>\n<meta property=\"og:site_name\" content=\"Lifenatura\" \/>\n<meta property=\"article:publisher\" content=\"https:\/\/www.facebook.com\/lifenatura\" \/>\n<meta property=\"article:modified_time\" content=\"2026-05-06T00:03:11+00:00\" \/>\n<meta property=\"og:image\" content=\"https:\/\/www.lifenatura.com\/wp-content\/uploads\/2025\/06\/ven-mech-gianluca-mech.jpg\" \/>\n\t<meta property=\"og:image:width\" content=\"1000\" \/>\n\t<meta property=\"og:image:height\" content=\"1000\" \/>\n\t<meta property=\"og:image:type\" content=\"image\/jpeg\" \/>\n<meta name=\"twitter:card\" content=\"summary_large_image\" \/>\n<meta name=\"twitter:label1\" content=\"Precio\" \/>\n\t<meta name=\"twitter:data1\" content=\"27,09&nbsp;&euro;\" \/>\n\t<meta name=\"twitter:label2\" content=\"Disponibilidad\" \/>\n\t<meta name=\"twitter:data2\" content=\"Disponible\" \/>\n<script type=\"application\/ld+json\" class=\"yoast-schema-graph\">{\"@context\":\"https:\\\/\\\/schema.org\",\"@graph\":[{\"@type\":\"WebPage\",\"@id\":\"https:\\\/\\\/www.lifenatura.com\\\/es\\\/produto\\\/decottopia-ven-mech-gianluca-mech\\\/\",\"url\":\"https:\\\/\\\/www.lifenatura.com\\\/es\\\/produto\\\/decottopia-ven-mech-gianluca-mech\\\/\",\"name\":\"Decottop\u00eda Ven-Mech - Gianluca Mech - Na Lifenatura ao Melhor Pre\u00e7o | Envio em 48h\",\"isPartOf\":{\"@id\":\"https:\\\/\\\/www.lifenatura.com\\\/es\\\/#website\"},\"primaryImageOfPage\":{\"@id\":\"https:\\\/\\\/www.lifenatura.com\\\/es\\\/produto\\\/decottopia-ven-mech-gianluca-mech\\\/#primaryimage\"},\"image\":{\"@id\":\"https:\\\/\\\/www.lifenatura.com\\\/es\\\/produto\\\/decottopia-ven-mech-gianluca-mech\\\/#primaryimage\"},\"thumbnailUrl\":\"https:\\\/\\\/www.lifenatura.com\\\/wp-content\\\/uploads\\\/2026\\\/05\\\/BAXAR0041-Ven-Mech-500ml-Gianluca-Mech-Nutribio-2.webp\",\"datePublished\":\"2025-06-27T15:14:53+00:00\",\"dateModified\":\"2026-05-06T00:03:11+00:00\",\"description\":\"Ven Mech Decottopia es un suplemento natural que favorece la circulaci\u00f3n sangu\u00ednea en las piernas, aliviando la sensaci\u00f3n de pesadez y promoviendo vascular.\",\"breadcrumb\":{\"@id\":\"https:\\\/\\\/www.lifenatura.com\\\/es\\\/produto\\\/decottopia-ven-mech-gianluca-mech\\\/#breadcrumb\"},\"inLanguage\":\"es\",\"potentialAction\":[{\"@type\":\"ReadAction\",\"target\":[\"https:\\\/\\\/www.lifenatura.com\\\/es\\\/produto\\\/decottopia-ven-mech-gianluca-mech\\\/\"]}]},{\"@type\":\"ImageObject\",\"inLanguage\":\"es\",\"@id\":\"https:\\\/\\\/www.lifenatura.com\\\/es\\\/produto\\\/decottopia-ven-mech-gianluca-mech\\\/#primaryimage\",\"url\":\"https:\\\/\\\/www.lifenatura.com\\\/wp-content\\\/uploads\\\/2026\\\/05\\\/BAXAR0041-Ven-Mech-500ml-Gianluca-Mech-Nutribio-2.webp\",\"contentUrl\":\"https:\\\/\\\/www.lifenatura.com\\\/wp-content\\\/uploads\\\/2026\\\/05\\\/BAXAR0041-Ven-Mech-500ml-Gianluca-Mech-Nutribio-2.webp\",\"width\":675,\"height\":900},{\"@type\":\"BreadcrumbList\",\"@id\":\"https:\\\/\\\/www.lifenatura.com\\\/es\\\/produto\\\/decottopia-ven-mech-gianluca-mech\\\/#breadcrumb\",\"itemListElement\":[{\"@type\":\"ListItem\",\"position\":1,\"name\":\"In\u00edcio\",\"item\":\"https:\\\/\\\/www.lifenatura.com\\\/es\\\/\"},{\"@type\":\"ListItem\",\"position\":2,\"name\":\"Todos los Productos\",\"item\":\"https:\\\/\\\/www.lifenatura.com\\\/es\\\/tienda\\\/\"},{\"@type\":\"ListItem\",\"position\":3,\"name\":\"Decottop\u00eda Ven-Mech &#8211; Gianluca Mech\"}]},{\"@type\":\"WebSite\",\"@id\":\"https:\\\/\\\/www.lifenatura.com\\\/es\\\/#website\",\"url\":\"https:\\\/\\\/www.lifenatura.com\\\/es\\\/\",\"name\":\"Lifenatura\",\"description\":\"A Lifenatura \u00e9 uma loja de produtos naturais, cosm\u00e9tica natural e alimenta\u00e7\u00e3o Biol\u00f3gica.\",\"publisher\":{\"@id\":\"https:\\\/\\\/www.lifenatura.com\\\/es\\\/#organization\"},\"potentialAction\":[{\"@type\":\"SearchAction\",\"target\":{\"@type\":\"EntryPoint\",\"urlTemplate\":\"https:\\\/\\\/www.lifenatura.com\\\/es\\\/?s={search_term_string}\"},\"query-input\":{\"@type\":\"PropertyValueSpecification\",\"valueRequired\":true,\"valueName\":\"search_term_string\"}}],\"inLanguage\":\"es\"},{\"@type\":\"Organization\",\"@id\":\"https:\\\/\\\/www.lifenatura.com\\\/es\\\/#organization\",\"name\":\"Lifenatura\",\"url\":\"https:\\\/\\\/www.lifenatura.com\\\/es\\\/\",\"logo\":{\"@type\":\"ImageObject\",\"inLanguage\":\"es\",\"@id\":\"https:\\\/\\\/www.lifenatura.com\\\/es\\\/#\\\/schema\\\/logo\\\/image\\\/\",\"url\":\"https:\\\/\\\/www.lifenatura.com\\\/wp-content\\\/uploads\\\/2021\\\/07\\\/logo.png\",\"contentUrl\":\"https:\\\/\\\/www.lifenatura.com\\\/wp-content\\\/uploads\\\/2021\\\/07\\\/logo.png\",\"width\":175,\"height\":55,\"caption\":\"Lifenatura\"},\"image\":{\"@id\":\"https:\\\/\\\/www.lifenatura.com\\\/es\\\/#\\\/schema\\\/logo\\\/image\\\/\"},\"sameAs\":[\"https:\\\/\\\/www.facebook.com\\\/lifenatura\",\"https:\\\/\\\/www.instagram.com\\\/lifenaturapt\\\/\"],\"hasMerchantReturnPolicy\":{\"@type\":\"MerchantReturnPolicy\",\"merchantReturnLink\":\"https:\\\/\\\/www.lifenatura.com\\\/termos-condicoes-lifenatura\\\/\"}}]}<\/script>\n<meta property=\"product:price:amount\" content=\"27.09\" \/>\n<meta property=\"product:price:currency\" content=\"EUR\" \/>\n<meta property=\"og:availability\" content=\"instock\" \/>\n<meta property=\"product:availability\" content=\"instock\" \/>\n<meta property=\"product:retailer_item_id\" content=\"8032589950041\" \/>\n<meta property=\"product:condition\" content=\"new\" \/>\n<!-- \/ Yoast SEO Premium plugin. -->","yoast_head_json":{"title":"Decottop\u00eda Ven-Mech - Gianluca Mech - Na Lifenatura ao Melhor Pre\u00e7o | Envio em 48h","description":"Ven Mech Decottopia es un suplemento natural que favorece la circulaci\u00f3n sangu\u00ednea en las piernas, aliviando la sensaci\u00f3n de pesadez y promoviendo vascular.","robots":{"index":"index","follow":"follow","max-snippet":"max-snippet:-1","max-image-preview":"max-image-preview:large","max-video-preview":"max-video-preview:-1"},"canonical":"https:\/\/www.lifenatura.com\/es\/produto\/decottopia-ven-mech-gianluca-mech\/","og_locale":"es_ES","og_type":"article","og_title":"Decottop\u00eda Ven-Mech - Gianluca Mech - Na Lifenatura ao Melhor Pre\u00e7o | Envio 48h","og_description":"Compre Decottop\u00eda Ven-Mech - Gianluca Mech com envio r\u00e1pido. Entrega em 48h e portes gr\u00e1tis em compras >35\u20ac. Aproveite j\u00e1 na Lifenatura","og_url":"https:\/\/www.lifenatura.com\/es\/produto\/decottopia-ven-mech-gianluca-mech\/","og_site_name":"Lifenatura","article_publisher":"https:\/\/www.facebook.com\/lifenatura","article_modified_time":"2026-05-06T00:03:11+00:00","og_image":[{"width":1000,"height":1000,"url":"https:\/\/www.lifenatura.com\/wp-content\/uploads\/2025\/06\/ven-mech-gianluca-mech.jpg","type":"image\/jpeg"}],"twitter_card":"summary_large_image","twitter_misc":{"Precio":"27,09&nbsp;&euro;","Disponibilidad":"Disponible"},"schema":{"@context":"https:\/\/schema.org","@graph":[{"@type":"WebPage","@id":"https:\/\/www.lifenatura.com\/es\/produto\/decottopia-ven-mech-gianluca-mech\/","url":"https:\/\/www.lifenatura.com\/es\/produto\/decottopia-ven-mech-gianluca-mech\/","name":"Decottop\u00eda Ven-Mech - Gianluca Mech - Na Lifenatura ao Melhor Pre\u00e7o | Envio em 48h","isPartOf":{"@id":"https:\/\/www.lifenatura.com\/es\/#website"},"primaryImageOfPage":{"@id":"https:\/\/www.lifenatura.com\/es\/produto\/decottopia-ven-mech-gianluca-mech\/#primaryimage"},"image":{"@id":"https:\/\/www.lifenatura.com\/es\/produto\/decottopia-ven-mech-gianluca-mech\/#primaryimage"},"thumbnailUrl":"https:\/\/www.lifenatura.com\/wp-content\/uploads\/2026\/05\/BAXAR0041-Ven-Mech-500ml-Gianluca-Mech-Nutribio-2.webp","datePublished":"2025-06-27T15:14:53+00:00","dateModified":"2026-05-06T00:03:11+00:00","description":"Ven Mech Decottopia es un suplemento natural que favorece la circulaci\u00f3n sangu\u00ednea en las piernas, aliviando la sensaci\u00f3n de pesadez y promoviendo vascular.","breadcrumb":{"@id":"https:\/\/www.lifenatura.com\/es\/produto\/decottopia-ven-mech-gianluca-mech\/#breadcrumb"},"inLanguage":"es","potentialAction":[{"@type":"ReadAction","target":["https:\/\/www.lifenatura.com\/es\/produto\/decottopia-ven-mech-gianluca-mech\/"]}]},{"@type":"ImageObject","inLanguage":"es","@id":"https:\/\/www.lifenatura.com\/es\/produto\/decottopia-ven-mech-gianluca-mech\/#primaryimage","url":"https:\/\/www.lifenatura.com\/wp-content\/uploads\/2026\/05\/BAXAR0041-Ven-Mech-500ml-Gianluca-Mech-Nutribio-2.webp","contentUrl":"https:\/\/www.lifenatura.com\/wp-content\/uploads\/2026\/05\/BAXAR0041-Ven-Mech-500ml-Gianluca-Mech-Nutribio-2.webp","width":675,"height":900},{"@type":"BreadcrumbList","@id":"https:\/\/www.lifenatura.com\/es\/produto\/decottopia-ven-mech-gianluca-mech\/#breadcrumb","itemListElement":[{"@type":"ListItem","position":1,"name":"In\u00edcio","item":"https:\/\/www.lifenatura.com\/es\/"},{"@type":"ListItem","position":2,"name":"Todos los Productos","item":"https:\/\/www.lifenatura.com\/es\/tienda\/"},{"@type":"ListItem","position":3,"name":"Decottop\u00eda Ven-Mech &#8211; Gianluca Mech"}]},{"@type":"WebSite","@id":"https:\/\/www.lifenatura.com\/es\/#website","url":"https:\/\/www.lifenatura.com\/es\/","name":"Lifenatura","description":"A Lifenatura \u00e9 uma loja de produtos naturais, cosm\u00e9tica natural e alimenta\u00e7\u00e3o Biol\u00f3gica.","publisher":{"@id":"https:\/\/www.lifenatura.com\/es\/#organization"},"potentialAction":[{"@type":"SearchAction","target":{"@type":"EntryPoint","urlTemplate":"https:\/\/www.lifenatura.com\/es\/?s={search_term_string}"},"query-input":{"@type":"PropertyValueSpecification","valueRequired":true,"valueName":"search_term_string"}}],"inLanguage":"es"},{"@type":"Organization","@id":"https:\/\/www.lifenatura.com\/es\/#organization","name":"Lifenatura","url":"https:\/\/www.lifenatura.com\/es\/","logo":{"@type":"ImageObject","inLanguage":"es","@id":"https:\/\/www.lifenatura.com\/es\/#\/schema\/logo\/image\/","url":"https:\/\/www.lifenatura.com\/wp-content\/uploads\/2021\/07\/logo.png","contentUrl":"https:\/\/www.lifenatura.com\/wp-content\/uploads\/2021\/07\/logo.png","width":175,"height":55,"caption":"Lifenatura"},"image":{"@id":"https:\/\/www.lifenatura.com\/es\/#\/schema\/logo\/image\/"},"sameAs":["https:\/\/www.facebook.com\/lifenatura","https:\/\/www.instagram.com\/lifenaturapt\/"],"hasMerchantReturnPolicy":{"@type":"MerchantReturnPolicy","merchantReturnLink":"https:\/\/www.lifenatura.com\/termos-condicoes-lifenatura\/"}}]},"product_price_amount":"27.09","product_price_currency":"EUR","og_availability":"instock","product_availability":"instock","product_retailer_item_id":"8032589950041","product_condition":"new"},"df_price":27.09,"df_sale_price":27.09,"df_regular_price":31.88,"df_image_link":"https:\/\/www.lifenatura.com\/wp-content\/uploads\/2026\/05\/BAXAR0041-Ven-Mech-500ml-Gianluca-Mech-Nutribio-2-225x300.webp","_links":{"self":[{"href":"https:\/\/www.lifenatura.com\/es\/wp-json\/wp\/v2\/product\/114113","targetHints":{"allow":["GET"]}}],"collection":[{"href":"https:\/\/www.lifenatura.com\/es\/wp-json\/wp\/v2\/product"}],"about":[{"href":"https:\/\/www.lifenatura.com\/es\/wp-json\/wp\/v2\/types\/product"}],"wp:featuredmedia":[{"embeddable":true,"href":"https:\/\/www.lifenatura.com\/es\/wp-json\/wp\/v2\/media\/139911"}],"wp:attachment":[{"href":"https:\/\/www.lifenatura.com\/es\/wp-json\/wp\/v2\/media?parent=114113"}],"wp:term":[{"taxonomy":"product_brand","embeddable":true,"href":"https:\/\/www.lifenatura.com\/es\/wp-json\/wp\/v2\/product_brand?post=114113"},{"taxonomy":"product_cat","embeddable":true,"href":"https:\/\/www.lifenatura.com\/es\/wp-json\/wp\/v2\/product_cat?post=114113"},{"taxonomy":"product_tag","embeddable":true,"href":"https:\/\/www.lifenatura.com\/es\/wp-json\/wp\/v2\/product_tag?post=114113"}],"curies":[{"name":"wp","href":"https:\/\/api.w.org\/{rel}","templated":true}]}}