{"id":114112,"date":"2025-06-27T17:13:29","date_gmt":"2025-06-27T17:13:29","guid":{"rendered":"https:\/\/www.lifenatura.com\/produto\/vigor-mech-decottopia-gianluca-mech\/"},"modified":"2025-07-14T00:00:41","modified_gmt":"2025-07-14T00:00:41","slug":"vigor-mech-decottopia-gianluca-mech","status":"publish","type":"product","link":"https:\/\/www.lifenatura.com\/es\/produto\/vigor-mech-decottopia-gianluca-mech\/","title":{"rendered":"Vigor-Mech Decottop\u00eda &#8211; Gianluca Mech"},"content":{"rendered":"<h2 style=\"text-align: left;\" data-start=\"40\" data-end=\"112\"><strong data-start=\"40\" data-end=\"112\">Vigor Mech Decottopia &#8211; T\u00f3nico Natural para la Energ\u00eda y la Vitalidad<\/strong><\/h2>\n<p>&nbsp;<\/p>\n<p data-start=\"147\" data-end=\"339\"><span class=\"relative -mx-px my-[-0.2rem] rounded px-px py-[0.2rem] transition-colors duration-100 ease-in-out\"><strong data-start=\"2\" data-end=\"27\">Vigor Mech Decottopia<\/strong> de <strong data-start=\"31\" data-end=\"48\">Gianluca Mech<\/strong> es un complemento alimenticio l\u00edquido formulado para proporcionar un apoyo energ\u00e9tico natural, ideal para combatir la fatiga f\u00edsica y mental.<\/span> <span class=\"relative -mx-px my-[-0.2rem] rounded px-px py-[0.2rem] transition-colors duration-100 ease-in-out\">Compuesto por una combinaci\u00f3n de extractos de plantas, este t\u00f3nico sin calor\u00edas es especialmente \u00fatil durante y despu\u00e9s de periodos de intenso esfuerzo f\u00edsico o mental.<\/span> <span class=\"relative -mx-px my-[-0.2rem] rounded px-px py-[0.2rem] transition-colors duration-100 ease-in-out\">Su f\u00f3rmula no contiene alcohol, conservantes, gluten ni az\u00facares, por lo que es apta para dietas veganas y vegetarianas.<\/span><\/p>\n<p data-start=\"341\" data-end=\"367\"><strong data-start=\"341\" data-end=\"367\">Principales ventajas:<\/strong><\/p>\n<ul data-start=\"369\" data-end=\"702\">\n<li data-start=\"369\" data-end=\"442\">\n<p data-start=\"371\" data-end=\"442\"><strong data-start=\"371\" data-end=\"402\">Acci\u00f3n t\u00f3nica y adapt\u00f3gena:<\/strong> <span class=\"relative -mx-px my-[-0.2rem] rounded px-px py-[0.2rem] transition-colors duration-100 ease-in-out\">Ingredientes como el Eleuterococo (ginseng siberiano) y la Muira Puama ayudan a aumentar la resistencia al estr\u00e9s f\u00edsico y mental.<\/span><\/p>\n<\/li>\n<li data-start=\"443\" data-end=\"533\">\n<p data-start=\"445\" data-end=\"533\"><strong data-start=\"445\" data-end=\"493\">Estimulaci\u00f3n de la memoria y las funciones cognitivas:<\/strong> <span class=\"relative -mx-px my-[-0.2rem] rounded px-px py-[0.2rem] transition-colors duration-100 ease-in-out\">El eleuterococo ayuda a mejorar la memoria y las funciones cognitivas.<\/span><\/p>\n<\/li>\n<li data-start=\"534\" data-end=\"597\">\n<p data-start=\"536\" data-end=\"597\"><strong data-start=\"536\" data-end=\"557\">Combate la fatiga:<\/strong> <span class=\"relative -mx-px my-[-0.2rem] rounded px-px py-[0.2rem] transition-colors duration-100 ease-in-out\">El ginseng, el guaran\u00e1 y la damiana aportan energ\u00eda y alivian la sensaci\u00f3n de cansancio.<\/span><\/p>\n<\/li>\n<li data-start=\"598\" data-end=\"702\">\n<p data-start=\"600\" data-end=\"702\"><strong data-start=\"600\" data-end=\"623\">Composici\u00f3n natural:<\/strong> <span class=\"relative -mx-px my-[-0.2rem] rounded px-px py-[0.2rem] transition-colors duration-100 ease-in-out\">Sin sustancias artificiales, adecuado para diversas dietas.<\/span><\/p>\n<\/li>\n<\/ul>\n<p data-start=\"704\" data-end=\"718\"><strong data-start=\"704\" data-end=\"718\">Indicaci\u00f3n:<\/strong><\/p>\n<p data-start=\"720\" data-end=\"838\"><span class=\"relative -mx-px my-[-0.2rem] rounded px-px py-[0.2rem] transition-colors duration-100 ease-in-out\">Este suplemento es adecuado para adultos que desean mejorar su energ\u00eda y vitalidad, especialmente en periodos de cansancio f\u00edsico o mental.<\/span> <span class=\"relative -mx-px my-[-0.2rem] rounded px-px py-[0.2rem] transition-colors duration-100 ease-in-out\">Tambi\u00e9n es \u00fatil para las personas que realizan una actividad f\u00edsica intensa o que necesitan ayuda adicional para mantener la atenci\u00f3n y la concentraci\u00f3n.<\/span><\/p>\n<p data-start=\"720\" data-end=\"838\"><strong>PRESENTACI\u00d3N<\/strong><\/p>\n<p data-start=\"720\" data-end=\"838\">500 ml<\/p>\n<p data-start=\"720\" data-end=\"838\">\n","protected":false},"excerpt":{"rendered":"<p><strong data-start=\"2\" data-end=\"27\">Vigor Mech Decottopia<\/strong> de <strong data-start=\"31\" data-end=\"48\">Gianluca Mech<\/strong> es un t\u00f3nico natural sin calor\u00edas que combate la fatiga f\u00edsica y mental, estimulando la memoria y las funciones cognitivas [&#8230;]<\/p>\n<p><a class=\"btn btn-secondary understrap-read-more-link\" href=\"https:\/\/www.lifenatura.com\/es\/produto\/vigor-mech-decottopia-gianluca-mech\/\">Leer m\u00e1s&#8230;<span class=\"screen-reader-text\"> from Vigor-Mech Decottop\u00eda &#8211; Gianluca Mech<\/span><\/a><\/p>\n","protected":false},"featured_media":114015,"template":"","meta":{"_acf_changed":false},"product_brand":[8484],"product_cat":[7238,7179],"product_tag":[],"class_list":{"0":"post-114112","1":"product","2":"type-product","3":"status-publish","4":"has-post-thumbnail","6":"product_brand-gianluca-mech","7":"product_cat-energizante-natural","8":"product_cat-salud","10":"first","11":"instock","12":"shipping-taxable","13":"purchasable","14":"product-type-simple","15":"add-to-wishlist-before_image"},"acf":[],"yoast_head":"<!-- This site is optimized with the Yoast SEO Premium plugin v27.1 (Yoast SEO v27.5) - https:\/\/yoast.com\/product\/yoast-seo-premium-wordpress\/ -->\n<title>Vigor-Mech Decottop\u00eda - Gianluca Mech - Na Lifenatura ao Melhor Pre\u00e7o | Envio em 48h<\/title>\n<meta name=\"description\" content=\"Vigor Mech Decottopia de Gianluca Mech un t\u00f3nico natural sin calor\u00edas que combate la fatiga f\u00edsica y mental, estimulando la memoria y la parte cognitiva.\" \/>\n<meta name=\"robots\" content=\"index, follow, max-snippet:-1, max-image-preview:large, max-video-preview:-1\" \/>\n<link rel=\"canonical\" href=\"https:\/\/www.lifenatura.com\/es\/produto\/vigor-mech-decottopia-gianluca-mech\/\" \/>\n<meta property=\"og:locale\" content=\"es_ES\" \/>\n<meta property=\"og:type\" content=\"article\" \/>\n<meta property=\"og:title\" content=\"Vigor-Mech Decottop\u00eda - Gianluca Mech - Na Lifenatura ao Melhor Pre\u00e7o | Envio 48h\" \/>\n<meta property=\"og:description\" content=\"Compre Vigor-Mech Decottop\u00eda - Gianluca Mech com envio r\u00e1pido. Entrega em 48h e portes gr\u00e1tis em compras &gt;35\u20ac. Aproveite j\u00e1 na Lifenatura\" \/>\n<meta property=\"og:url\" content=\"https:\/\/www.lifenatura.com\/es\/produto\/vigor-mech-decottopia-gianluca-mech\/\" \/>\n<meta property=\"og:site_name\" content=\"Lifenatura\" \/>\n<meta property=\"article:publisher\" content=\"https:\/\/www.facebook.com\/lifenatura\" \/>\n<meta property=\"article:modified_time\" content=\"2025-07-14T00:00:41+00:00\" \/>\n<meta property=\"og:image\" content=\"https:\/\/www.lifenatura.com\/wp-content\/uploads\/2025\/06\/vigor-mech-decottopia-gianluca-mech.jpg\" \/>\n\t<meta property=\"og:image:width\" content=\"1000\" \/>\n\t<meta property=\"og:image:height\" content=\"1000\" \/>\n\t<meta property=\"og:image:type\" content=\"image\/jpeg\" \/>\n<meta name=\"twitter:card\" content=\"summary_large_image\" \/>\n<meta name=\"twitter:label1\" content=\"Precio\" \/>\n\t<meta name=\"twitter:data1\" content=\"30,90&nbsp;&euro;\" \/>\n\t<meta name=\"twitter:label2\" content=\"Disponibilidad\" \/>\n\t<meta name=\"twitter:data2\" content=\"Disponible\" \/>\n<script type=\"application\/ld+json\" class=\"yoast-schema-graph\">{\"@context\":\"https:\\\/\\\/schema.org\",\"@graph\":[{\"@type\":\"WebPage\",\"@id\":\"https:\\\/\\\/www.lifenatura.com\\\/es\\\/produto\\\/vigor-mech-decottopia-gianluca-mech\\\/\",\"url\":\"https:\\\/\\\/www.lifenatura.com\\\/es\\\/produto\\\/vigor-mech-decottopia-gianluca-mech\\\/\",\"name\":\"Vigor-Mech Decottop\u00eda - Gianluca Mech - Na Lifenatura ao Melhor Pre\u00e7o | Envio em 48h\",\"isPartOf\":{\"@id\":\"https:\\\/\\\/www.lifenatura.com\\\/es\\\/#website\"},\"primaryImageOfPage\":{\"@id\":\"https:\\\/\\\/www.lifenatura.com\\\/es\\\/produto\\\/vigor-mech-decottopia-gianluca-mech\\\/#primaryimage\"},\"image\":{\"@id\":\"https:\\\/\\\/www.lifenatura.com\\\/es\\\/produto\\\/vigor-mech-decottopia-gianluca-mech\\\/#primaryimage\"},\"thumbnailUrl\":\"https:\\\/\\\/www.lifenatura.com\\\/wp-content\\\/uploads\\\/2025\\\/06\\\/vigor-mech-decottopia-gianluca-mech.jpg\",\"datePublished\":\"2025-06-27T17:13:29+00:00\",\"dateModified\":\"2025-07-14T00:00:41+00:00\",\"description\":\"Vigor Mech Decottopia de Gianluca Mech un t\u00f3nico natural sin calor\u00edas que combate la fatiga f\u00edsica y mental, estimulando la memoria y la parte cognitiva.\",\"breadcrumb\":{\"@id\":\"https:\\\/\\\/www.lifenatura.com\\\/es\\\/produto\\\/vigor-mech-decottopia-gianluca-mech\\\/#breadcrumb\"},\"inLanguage\":\"es\",\"potentialAction\":[{\"@type\":\"ReadAction\",\"target\":[\"https:\\\/\\\/www.lifenatura.com\\\/es\\\/produto\\\/vigor-mech-decottopia-gianluca-mech\\\/\"]}]},{\"@type\":\"ImageObject\",\"inLanguage\":\"es\",\"@id\":\"https:\\\/\\\/www.lifenatura.com\\\/es\\\/produto\\\/vigor-mech-decottopia-gianluca-mech\\\/#primaryimage\",\"url\":\"https:\\\/\\\/www.lifenatura.com\\\/wp-content\\\/uploads\\\/2025\\\/06\\\/vigor-mech-decottopia-gianluca-mech.jpg\",\"contentUrl\":\"https:\\\/\\\/www.lifenatura.com\\\/wp-content\\\/uploads\\\/2025\\\/06\\\/vigor-mech-decottopia-gianluca-mech.jpg\",\"width\":1000,\"height\":1000,\"caption\":\"Vigor Mecha de Gianluca Mech\"},{\"@type\":\"BreadcrumbList\",\"@id\":\"https:\\\/\\\/www.lifenatura.com\\\/es\\\/produto\\\/vigor-mech-decottopia-gianluca-mech\\\/#breadcrumb\",\"itemListElement\":[{\"@type\":\"ListItem\",\"position\":1,\"name\":\"In\u00edcio\",\"item\":\"https:\\\/\\\/www.lifenatura.com\\\/es\\\/\"},{\"@type\":\"ListItem\",\"position\":2,\"name\":\"Todos los Productos\",\"item\":\"https:\\\/\\\/www.lifenatura.com\\\/es\\\/tienda\\\/\"},{\"@type\":\"ListItem\",\"position\":3,\"name\":\"Vigor-Mech Decottop\u00eda &#8211; Gianluca Mech\"}]},{\"@type\":\"WebSite\",\"@id\":\"https:\\\/\\\/www.lifenatura.com\\\/es\\\/#website\",\"url\":\"https:\\\/\\\/www.lifenatura.com\\\/es\\\/\",\"name\":\"Lifenatura\",\"description\":\"A Lifenatura \u00e9 uma loja de produtos naturais, cosm\u00e9tica natural e alimenta\u00e7\u00e3o Biol\u00f3gica.\",\"publisher\":{\"@id\":\"https:\\\/\\\/www.lifenatura.com\\\/es\\\/#organization\"},\"potentialAction\":[{\"@type\":\"SearchAction\",\"target\":{\"@type\":\"EntryPoint\",\"urlTemplate\":\"https:\\\/\\\/www.lifenatura.com\\\/es\\\/?s={search_term_string}\"},\"query-input\":{\"@type\":\"PropertyValueSpecification\",\"valueRequired\":true,\"valueName\":\"search_term_string\"}}],\"inLanguage\":\"es\"},{\"@type\":\"Organization\",\"@id\":\"https:\\\/\\\/www.lifenatura.com\\\/es\\\/#organization\",\"name\":\"Lifenatura\",\"url\":\"https:\\\/\\\/www.lifenatura.com\\\/es\\\/\",\"logo\":{\"@type\":\"ImageObject\",\"inLanguage\":\"es\",\"@id\":\"https:\\\/\\\/www.lifenatura.com\\\/es\\\/#\\\/schema\\\/logo\\\/image\\\/\",\"url\":\"https:\\\/\\\/www.lifenatura.com\\\/wp-content\\\/uploads\\\/2021\\\/07\\\/logo.png\",\"contentUrl\":\"https:\\\/\\\/www.lifenatura.com\\\/wp-content\\\/uploads\\\/2021\\\/07\\\/logo.png\",\"width\":175,\"height\":55,\"caption\":\"Lifenatura\"},\"image\":{\"@id\":\"https:\\\/\\\/www.lifenatura.com\\\/es\\\/#\\\/schema\\\/logo\\\/image\\\/\"},\"sameAs\":[\"https:\\\/\\\/www.facebook.com\\\/lifenatura\",\"https:\\\/\\\/www.instagram.com\\\/lifenaturapt\\\/\"],\"hasMerchantReturnPolicy\":{\"@type\":\"MerchantReturnPolicy\",\"merchantReturnLink\":\"https:\\\/\\\/www.lifenatura.com\\\/termos-condicoes-lifenatura\\\/\"}}]}<\/script>\n<meta property=\"product:price:amount\" content=\"30.90\" \/>\n<meta property=\"product:price:currency\" content=\"EUR\" \/>\n<meta property=\"og:availability\" content=\"instock\" \/>\n<meta property=\"product:availability\" content=\"instock\" \/>\n<meta property=\"product:retailer_item_id\" content=\"8032589950324\" \/>\n<meta property=\"product:condition\" content=\"new\" \/>\n<!-- \/ Yoast SEO Premium plugin. -->","yoast_head_json":{"title":"Vigor-Mech Decottop\u00eda - Gianluca Mech - Na Lifenatura ao Melhor Pre\u00e7o | Envio em 48h","description":"Vigor Mech Decottopia de Gianluca Mech un t\u00f3nico natural sin calor\u00edas que combate la fatiga f\u00edsica y mental, estimulando la memoria y la parte cognitiva.","robots":{"index":"index","follow":"follow","max-snippet":"max-snippet:-1","max-image-preview":"max-image-preview:large","max-video-preview":"max-video-preview:-1"},"canonical":"https:\/\/www.lifenatura.com\/es\/produto\/vigor-mech-decottopia-gianluca-mech\/","og_locale":"es_ES","og_type":"article","og_title":"Vigor-Mech Decottop\u00eda - Gianluca Mech - Na Lifenatura ao Melhor Pre\u00e7o | Envio 48h","og_description":"Compre Vigor-Mech Decottop\u00eda - Gianluca Mech com envio r\u00e1pido. Entrega em 48h e portes gr\u00e1tis em compras >35\u20ac. Aproveite j\u00e1 na Lifenatura","og_url":"https:\/\/www.lifenatura.com\/es\/produto\/vigor-mech-decottopia-gianluca-mech\/","og_site_name":"Lifenatura","article_publisher":"https:\/\/www.facebook.com\/lifenatura","article_modified_time":"2025-07-14T00:00:41+00:00","og_image":[{"width":1000,"height":1000,"url":"https:\/\/www.lifenatura.com\/wp-content\/uploads\/2025\/06\/vigor-mech-decottopia-gianluca-mech.jpg","type":"image\/jpeg"}],"twitter_card":"summary_large_image","twitter_misc":{"Precio":"30,90&nbsp;&euro;","Disponibilidad":"Disponible"},"schema":{"@context":"https:\/\/schema.org","@graph":[{"@type":"WebPage","@id":"https:\/\/www.lifenatura.com\/es\/produto\/vigor-mech-decottopia-gianluca-mech\/","url":"https:\/\/www.lifenatura.com\/es\/produto\/vigor-mech-decottopia-gianluca-mech\/","name":"Vigor-Mech Decottop\u00eda - Gianluca Mech - Na Lifenatura ao Melhor Pre\u00e7o | Envio em 48h","isPartOf":{"@id":"https:\/\/www.lifenatura.com\/es\/#website"},"primaryImageOfPage":{"@id":"https:\/\/www.lifenatura.com\/es\/produto\/vigor-mech-decottopia-gianluca-mech\/#primaryimage"},"image":{"@id":"https:\/\/www.lifenatura.com\/es\/produto\/vigor-mech-decottopia-gianluca-mech\/#primaryimage"},"thumbnailUrl":"https:\/\/www.lifenatura.com\/wp-content\/uploads\/2025\/06\/vigor-mech-decottopia-gianluca-mech.jpg","datePublished":"2025-06-27T17:13:29+00:00","dateModified":"2025-07-14T00:00:41+00:00","description":"Vigor Mech Decottopia de Gianluca Mech un t\u00f3nico natural sin calor\u00edas que combate la fatiga f\u00edsica y mental, estimulando la memoria y la parte cognitiva.","breadcrumb":{"@id":"https:\/\/www.lifenatura.com\/es\/produto\/vigor-mech-decottopia-gianluca-mech\/#breadcrumb"},"inLanguage":"es","potentialAction":[{"@type":"ReadAction","target":["https:\/\/www.lifenatura.com\/es\/produto\/vigor-mech-decottopia-gianluca-mech\/"]}]},{"@type":"ImageObject","inLanguage":"es","@id":"https:\/\/www.lifenatura.com\/es\/produto\/vigor-mech-decottopia-gianluca-mech\/#primaryimage","url":"https:\/\/www.lifenatura.com\/wp-content\/uploads\/2025\/06\/vigor-mech-decottopia-gianluca-mech.jpg","contentUrl":"https:\/\/www.lifenatura.com\/wp-content\/uploads\/2025\/06\/vigor-mech-decottopia-gianluca-mech.jpg","width":1000,"height":1000,"caption":"Vigor Mecha de Gianluca Mech"},{"@type":"BreadcrumbList","@id":"https:\/\/www.lifenatura.com\/es\/produto\/vigor-mech-decottopia-gianluca-mech\/#breadcrumb","itemListElement":[{"@type":"ListItem","position":1,"name":"In\u00edcio","item":"https:\/\/www.lifenatura.com\/es\/"},{"@type":"ListItem","position":2,"name":"Todos los Productos","item":"https:\/\/www.lifenatura.com\/es\/tienda\/"},{"@type":"ListItem","position":3,"name":"Vigor-Mech Decottop\u00eda &#8211; Gianluca Mech"}]},{"@type":"WebSite","@id":"https:\/\/www.lifenatura.com\/es\/#website","url":"https:\/\/www.lifenatura.com\/es\/","name":"Lifenatura","description":"A Lifenatura \u00e9 uma loja de produtos naturais, cosm\u00e9tica natural e alimenta\u00e7\u00e3o Biol\u00f3gica.","publisher":{"@id":"https:\/\/www.lifenatura.com\/es\/#organization"},"potentialAction":[{"@type":"SearchAction","target":{"@type":"EntryPoint","urlTemplate":"https:\/\/www.lifenatura.com\/es\/?s={search_term_string}"},"query-input":{"@type":"PropertyValueSpecification","valueRequired":true,"valueName":"search_term_string"}}],"inLanguage":"es"},{"@type":"Organization","@id":"https:\/\/www.lifenatura.com\/es\/#organization","name":"Lifenatura","url":"https:\/\/www.lifenatura.com\/es\/","logo":{"@type":"ImageObject","inLanguage":"es","@id":"https:\/\/www.lifenatura.com\/es\/#\/schema\/logo\/image\/","url":"https:\/\/www.lifenatura.com\/wp-content\/uploads\/2021\/07\/logo.png","contentUrl":"https:\/\/www.lifenatura.com\/wp-content\/uploads\/2021\/07\/logo.png","width":175,"height":55,"caption":"Lifenatura"},"image":{"@id":"https:\/\/www.lifenatura.com\/es\/#\/schema\/logo\/image\/"},"sameAs":["https:\/\/www.facebook.com\/lifenatura","https:\/\/www.instagram.com\/lifenaturapt\/"],"hasMerchantReturnPolicy":{"@type":"MerchantReturnPolicy","merchantReturnLink":"https:\/\/www.lifenatura.com\/termos-condicoes-lifenatura\/"}}]},"product_price_amount":"30.90","product_price_currency":"EUR","og_availability":"instock","product_availability":"instock","product_retailer_item_id":"8032589950324","product_condition":"new"},"df_price":30.9,"df_sale_price":"","df_regular_price":30.9,"df_image_link":"https:\/\/www.lifenatura.com\/wp-content\/uploads\/2025\/06\/vigor-mech-decottopia-gianluca-mech-300x300.jpg","_links":{"self":[{"href":"https:\/\/www.lifenatura.com\/es\/wp-json\/wp\/v2\/product\/114112","targetHints":{"allow":["GET"]}}],"collection":[{"href":"https:\/\/www.lifenatura.com\/es\/wp-json\/wp\/v2\/product"}],"about":[{"href":"https:\/\/www.lifenatura.com\/es\/wp-json\/wp\/v2\/types\/product"}],"wp:featuredmedia":[{"embeddable":true,"href":"https:\/\/www.lifenatura.com\/es\/wp-json\/wp\/v2\/media\/114015"}],"wp:attachment":[{"href":"https:\/\/www.lifenatura.com\/es\/wp-json\/wp\/v2\/media?parent=114112"}],"wp:term":[{"taxonomy":"product_brand","embeddable":true,"href":"https:\/\/www.lifenatura.com\/es\/wp-json\/wp\/v2\/product_brand?post=114112"},{"taxonomy":"product_cat","embeddable":true,"href":"https:\/\/www.lifenatura.com\/es\/wp-json\/wp\/v2\/product_cat?post=114112"},{"taxonomy":"product_tag","embeddable":true,"href":"https:\/\/www.lifenatura.com\/es\/wp-json\/wp\/v2\/product_tag?post=114112"}],"curies":[{"name":"wp","href":"https:\/\/api.w.org\/{rel}","templated":true}]}}