{"id":114111,"date":"2025-06-27T17:27:34","date_gmt":"2025-06-27T17:27:34","guid":{"rendered":"https:\/\/www.lifenatura.com\/produto\/ven-mech-gel-200ml-gianluca-mech\/"},"modified":"2025-07-09T23:16:50","modified_gmt":"2025-07-09T23:16:50","slug":"ven-mech-gel-200ml-gianluca-mech","status":"publish","type":"product","link":"https:\/\/www.lifenatura.com\/es\/produto\/ven-mech-gel-200ml-gianluca-mech\/","title":{"rendered":"Ven-Mech gel 200ml &#8211; Gianluca Mech"},"content":{"rendered":"<h2 style=\"text-align: left;\" data-start=\"40\" data-end=\"108\"><strong data-start=\"40\" data-end=\"108\">Ven Mech Gel &#8211; Alivio natural para piernas cansadas y pesadas<\/strong><\/h2>\n<p>&nbsp;<\/p>\n<p data-start=\"143\" data-end=\"335\"><span class=\"relative -mx-px my-[-0.2rem] rounded px-px py-[0.2rem] transition-colors duration-100 ease-in-out\"><strong data-start=\"2\" data-end=\"18\">El Gel Ven Mech<\/strong> de <strong data-start=\"22\" data-end=\"39\">Gianluca Mech<\/strong> es un gel dermocosm\u00e9tico formulado para proporcionar un alivio inmediato a las piernas cansadas, pesadas y propensas a la hinchaz\u00f3n.<\/span> <span class=\"relative -mx-px my-[-0.2rem] rounded px-px py-[0.2rem] transition-colors duration-100 ease-in-out\">Su composici\u00f3n combina extractos vegetales conocidos por sus propiedades tonificantes, refrescantes y descongestionantes, que favorecen una sensaci\u00f3n de ligereza y bienestar.<\/span><\/p>\n<p data-start=\"143\" data-end=\"335\"><span class=\"relative -mx-px my-[-0.2rem] rounded px-px py-[0.2rem] transition-colors duration-100 ease-in-out\">Sin alcohol, conservantes, gluten ni az\u00facares, es apto para dietas veganas y vegetarianas.<\/span><\/p>\n<p data-start=\"337\" data-end=\"363\"><strong data-start=\"337\" data-end=\"363\">Principales ventajas:<\/strong><\/p>\n<ul data-start=\"365\" data-end=\"674\">\n<li data-start=\"365\" data-end=\"427\">\n<p data-start=\"367\" data-end=\"427\"><strong data-start=\"367\" data-end=\"387\">Alivio inmediato:<\/strong> <span class=\"relative -mx-px my-[-0.2rem] rounded px-px py-[0.2rem] transition-colors duration-100 ease-in-out\">Proporciona una sensaci\u00f3n de frescor y alivio a las piernas cansadas y pesadas.<\/span><\/p>\n<\/li>\n<li data-start=\"428\" data-end=\"496\">\n<p data-start=\"430\" data-end=\"496\"><strong data-start=\"430\" data-end=\"456\">Mejora la circulaci\u00f3n:<\/strong> <span class=\"relative -mx-px my-[-0.2rem] rounded px-px py-[0.2rem] transition-colors duration-100 ease-in-out\">Contribuye a la activaci\u00f3n de la microcirculaci\u00f3n, reduciendo la hinchaz\u00f3n y la sensaci\u00f3n de pesadez.<\/span><\/p>\n<\/li>\n<li data-start=\"497\" data-end=\"569\">\n<p data-start=\"499\" data-end=\"569\"><strong data-start=\"499\" data-end=\"529\">Propiedades tonificantes:<\/strong> <span class=\"relative -mx-px my-[-0.2rem] rounded px-px py-[0.2rem] transition-colors duration-100 ease-in-out\">Refuerza las paredes de los vasos sangu\u00edneos, ayudando a prevenir la fragilidad capilar.<\/span><\/p>\n<\/li>\n<li data-start=\"570\" data-end=\"674\">\n<p data-start=\"572\" data-end=\"674\"><strong data-start=\"572\" data-end=\"595\">Composici\u00f3n natural:<\/strong> <span class=\"relative -mx-px my-[-0.2rem] rounded px-px py-[0.2rem] transition-colors duration-100 ease-in-out\">Contiene ingredientes de origen vegetal y no contiene sustancias artificiales.<\/span><\/p>\n<\/li>\n<\/ul>\n<p data-start=\"676\" data-end=\"690\"><strong data-start=\"676\" data-end=\"690\">Indicaci\u00f3n:<\/strong><\/p>\n<p data-start=\"692\" data-end=\"810\"><span class=\"relative -mx-px my-[-0.2rem] rounded px-px py-[0.2rem] transition-colors duration-100 ease-in-out\">Este gel es adecuado para adultos que experimentan cansancio, pesadez o hinchaz\u00f3n en las piernas, sobre todo despu\u00e9s de estar mucho tiempo de pie o sentados.<\/span> <span class=\"relative -mx-px my-[-0.2rem] rounded px-px py-[0.2rem] transition-colors duration-100 ease-in-out\">Tambi\u00e9n es \u00fatil para las personas propensas a las varices o a los capilares fr\u00e1giles.<\/span><\/p>\n<p class=\"p1\">Gel Ven Mech de acci\u00f3n fr\u00eda para un efecto refrescante y un alivio inmediato de las piernas cansadas. Gel de aplicaci\u00f3n local con una textura aterciopelada y ligera que se absorbe f\u00e1cilmente.<\/p>\n<p class=\"p1\">Combina ingredientes refrescantes y protectores que proporcionan un agradable alivio. El masaje con el gel favorece el retorno de la circulaci\u00f3n linf\u00e1tica y venosa, protegiendo las paredes vasculares y ejerciendo una acci\u00f3n descongestionante y refrescante inmediata.<\/p>\n<p data-start=\"692\" data-end=\"810\"><strong>PRESENTACI\u00d3N<\/strong><\/p>\n<p data-start=\"692\" data-end=\"810\">200 ml<\/p>\n<p data-start=\"692\" data-end=\"810\">\n","protected":false},"excerpt":{"rendered":"<p><strong data-start=\"2\" data-end=\"18\">Ven Mech Gel<\/strong> de <strong data-start=\"22\" data-end=\"39\">Gianluca Mech<\/strong> es un gel dermocosm\u00e9tico que proporciona un alivio inmediato a las piernas cansadas y pesadas mejorando la circulaci\u00f3n [&#8230;]<\/p>\n<p><a class=\"btn btn-secondary understrap-read-more-link\" href=\"https:\/\/www.lifenatura.com\/es\/produto\/ven-mech-gel-200ml-gianluca-mech\/\">Leer m\u00e1s&#8230;<span class=\"screen-reader-text\"> from Ven-Mech gel 200ml &#8211; Gianluca Mech<\/span><\/a><\/p>\n","protected":false},"featured_media":114018,"template":"","meta":{"_acf_changed":false},"product_brand":[8484],"product_cat":[7653,7102,7113],"product_tag":[],"class_list":{"0":"post-114111","1":"product","2":"type-product","3":"status-publish","4":"has-post-thumbnail","6":"product_brand-gianluca-mech","7":"product_cat-cosmetica-natural-lifenatura","8":"product_cat-cuidado-del-cuerpo","9":"product_cat-piernas-cansadas","11":"first","12":"outofstock","13":"shipping-taxable","14":"purchasable","15":"product-type-simple","16":"add-to-wishlist-before_image"},"acf":[],"yoast_head":"<!-- This site is optimized with the Yoast SEO Premium plugin v27.1 (Yoast SEO v27.3) - https:\/\/yoast.com\/product\/yoast-seo-premium-wordpress\/ -->\n<title>Ven-Mech gel 200ml - Gianluca Mech - Lifenatura<\/title>\n<meta name=\"description\" content=\"El Gel Ven Mech de Gianluca Mech es un gel dermocosm\u00e9tico que proporciona alivio inmediato a las piernas cansadas y pesadas mejorando la circulaci\u00f3n.\" \/>\n<meta name=\"robots\" content=\"index, follow, max-snippet:-1, max-image-preview:large, max-video-preview:-1\" \/>\n<link rel=\"canonical\" href=\"https:\/\/www.lifenatura.com\/es\/produto\/ven-mech-gel-200ml-gianluca-mech\/\" \/>\n<meta property=\"og:locale\" content=\"es_ES\" \/>\n<meta property=\"og:type\" content=\"article\" \/>\n<meta property=\"og:title\" content=\"Ven-Mech gel 200ml - Gianluca Mech - Lifenatura\" \/>\n<meta property=\"og:description\" content=\"Compre aqui o seu Ven-Mech gel 200ml - Gianluca Mech e a Lifenatura Online envia em 48 H com Portes Gratis &gt;35\u20ac de Pedido.\" \/>\n<meta property=\"og:url\" content=\"https:\/\/www.lifenatura.com\/es\/produto\/ven-mech-gel-200ml-gianluca-mech\/\" \/>\n<meta property=\"og:site_name\" content=\"Lifenatura\" \/>\n<meta property=\"article:publisher\" content=\"https:\/\/www.facebook.com\/lifenatura\" \/>\n<meta property=\"article:modified_time\" content=\"2025-07-09T23:16:50+00:00\" \/>\n<meta property=\"og:image\" content=\"https:\/\/www.lifenatura.com\/wp-content\/uploads\/2025\/06\/ven-mech-gel-gianluca-mech.jpg\" \/>\n\t<meta property=\"og:image:width\" content=\"1000\" \/>\n\t<meta property=\"og:image:height\" content=\"1000\" \/>\n\t<meta property=\"og:image:type\" content=\"image\/jpeg\" \/>\n<meta name=\"twitter:card\" content=\"summary_large_image\" \/>\n<meta name=\"twitter:label1\" content=\"Precio\" \/>\n\t<meta name=\"twitter:data1\" content=\"27,50&nbsp;&euro;\" \/>\n\t<meta name=\"twitter:label2\" content=\"Disponibilidad\" \/>\n\t<meta name=\"twitter:data2\" content=\"Sin existencias\" \/>\n<meta property=\"product:price:amount\" content=\"27.50\" \/>\n<meta property=\"product:price:currency\" content=\"EUR\" \/>\n<meta property=\"og:availability\" content=\"out of stock\" \/>\n<meta property=\"product:availability\" content=\"out of stock\" \/>\n<meta property=\"product:retailer_item_id\" content=\"8032589074112\" \/>\n<meta property=\"product:condition\" content=\"new\" \/>\n<!-- \/ Yoast SEO Premium plugin. -->","yoast_head_json":{"title":"Ven-Mech gel 200ml - Gianluca Mech - Lifenatura","description":"El Gel Ven Mech de Gianluca Mech es un gel dermocosm\u00e9tico que proporciona alivio inmediato a las piernas cansadas y pesadas mejorando la circulaci\u00f3n.","robots":{"index":"index","follow":"follow","max-snippet":"max-snippet:-1","max-image-preview":"max-image-preview:large","max-video-preview":"max-video-preview:-1"},"canonical":"https:\/\/www.lifenatura.com\/es\/produto\/ven-mech-gel-200ml-gianluca-mech\/","og_locale":"es_ES","og_type":"article","og_title":"Ven-Mech gel 200ml - Gianluca Mech - Lifenatura","og_description":"Compre aqui o seu Ven-Mech gel 200ml - Gianluca Mech e a Lifenatura Online envia em 48 H com Portes Gratis >35\u20ac de Pedido.","og_url":"https:\/\/www.lifenatura.com\/es\/produto\/ven-mech-gel-200ml-gianluca-mech\/","og_site_name":"Lifenatura","article_publisher":"https:\/\/www.facebook.com\/lifenatura","article_modified_time":"2025-07-09T23:16:50+00:00","og_image":[{"width":1000,"height":1000,"url":"https:\/\/www.lifenatura.com\/wp-content\/uploads\/2025\/06\/ven-mech-gel-gianluca-mech.jpg","type":"image\/jpeg"}],"twitter_card":"summary_large_image","twitter_misc":{"Precio":"27,50&nbsp;&euro;","Disponibilidad":"Sin existencias"},"schema":{"@context":"https:\/\/schema.org","@graph":[{"@type":"WebPage","@id":"https:\/\/www.lifenatura.com\/es\/produto\/ven-mech-gel-200ml-gianluca-mech\/","url":"https:\/\/www.lifenatura.com\/es\/produto\/ven-mech-gel-200ml-gianluca-mech\/","name":"Ven-Mech gel 200ml - Gianluca Mech - Lifenatura","isPartOf":{"@id":"https:\/\/www.lifenatura.com\/es\/#website"},"primaryImageOfPage":{"@id":"https:\/\/www.lifenatura.com\/es\/produto\/ven-mech-gel-200ml-gianluca-mech\/#primaryimage"},"image":{"@id":"https:\/\/www.lifenatura.com\/es\/produto\/ven-mech-gel-200ml-gianluca-mech\/#primaryimage"},"thumbnailUrl":"https:\/\/www.lifenatura.com\/wp-content\/uploads\/2025\/06\/ven-mech-gel-gianluca-mech.jpg","datePublished":"2025-06-27T17:27:34+00:00","dateModified":"2025-07-09T23:16:50+00:00","description":"El Gel Ven Mech de Gianluca Mech es un gel dermocosm\u00e9tico que proporciona alivio inmediato a las piernas cansadas y pesadas mejorando la circulaci\u00f3n.","breadcrumb":{"@id":"https:\/\/www.lifenatura.com\/es\/produto\/ven-mech-gel-200ml-gianluca-mech\/#breadcrumb"},"inLanguage":"es","potentialAction":[{"@type":"ReadAction","target":["https:\/\/www.lifenatura.com\/es\/produto\/ven-mech-gel-200ml-gianluca-mech\/"]}]},{"@type":"ImageObject","inLanguage":"es","@id":"https:\/\/www.lifenatura.com\/es\/produto\/ven-mech-gel-200ml-gianluca-mech\/#primaryimage","url":"https:\/\/www.lifenatura.com\/wp-content\/uploads\/2025\/06\/ven-mech-gel-gianluca-mech.jpg","contentUrl":"https:\/\/www.lifenatura.com\/wp-content\/uploads\/2025\/06\/ven-mech-gel-gianluca-mech.jpg","width":1000,"height":1000,"caption":"Ven mech gel de gianluca mech"},{"@type":"BreadcrumbList","@id":"https:\/\/www.lifenatura.com\/es\/produto\/ven-mech-gel-200ml-gianluca-mech\/#breadcrumb","itemListElement":[{"@type":"ListItem","position":1,"name":"In\u00edcio","item":"https:\/\/www.lifenatura.com\/es\/"},{"@type":"ListItem","position":2,"name":"Todos los Productos","item":"https:\/\/www.lifenatura.com\/es\/tienda\/"},{"@type":"ListItem","position":3,"name":"Ven-Mech gel 200ml &#8211; Gianluca Mech"}]},{"@type":"WebSite","@id":"https:\/\/www.lifenatura.com\/es\/#website","url":"https:\/\/www.lifenatura.com\/es\/","name":"Lifenatura","description":"A Lifenatura \u00e9 uma loja de produtos naturais, cosm\u00e9tica natural e alimenta\u00e7\u00e3o Biol\u00f3gica.","publisher":{"@id":"https:\/\/www.lifenatura.com\/es\/#organization"},"potentialAction":[{"@type":"SearchAction","target":{"@type":"EntryPoint","urlTemplate":"https:\/\/www.lifenatura.com\/es\/?s={search_term_string}"},"query-input":{"@type":"PropertyValueSpecification","valueRequired":true,"valueName":"search_term_string"}}],"inLanguage":"es"},{"@type":"Organization","@id":"https:\/\/www.lifenatura.com\/es\/#organization","name":"Lifenatura","url":"https:\/\/www.lifenatura.com\/es\/","logo":{"@type":"ImageObject","inLanguage":"es","@id":"https:\/\/www.lifenatura.com\/es\/#\/schema\/logo\/image\/","url":"https:\/\/www.lifenatura.com\/wp-content\/uploads\/2021\/11\/logo.png","contentUrl":"https:\/\/www.lifenatura.com\/wp-content\/uploads\/2021\/11\/logo.png","width":175,"height":55,"caption":"Lifenatura"},"image":{"@id":"https:\/\/www.lifenatura.com\/es\/#\/schema\/logo\/image\/"},"sameAs":["https:\/\/www.facebook.com\/lifenatura","https:\/\/www.instagram.com\/lifenaturapt\/"]}]},"product_price_amount":"27.50","product_price_currency":"EUR","og_availability":"out of stock","product_availability":"out of stock","product_retailer_item_id":"8032589074112","product_condition":"new"},"df_price":27.5,"df_sale_price":"","df_regular_price":27.5,"df_image_link":"https:\/\/www.lifenatura.com\/wp-content\/uploads\/2025\/06\/ven-mech-gel-gianluca-mech-300x300.jpg","_links":{"self":[{"href":"https:\/\/www.lifenatura.com\/es\/wp-json\/wp\/v2\/product\/114111","targetHints":{"allow":["GET"]}}],"collection":[{"href":"https:\/\/www.lifenatura.com\/es\/wp-json\/wp\/v2\/product"}],"about":[{"href":"https:\/\/www.lifenatura.com\/es\/wp-json\/wp\/v2\/types\/product"}],"wp:featuredmedia":[{"embeddable":true,"href":"https:\/\/www.lifenatura.com\/es\/wp-json\/wp\/v2\/media\/114018"}],"wp:attachment":[{"href":"https:\/\/www.lifenatura.com\/es\/wp-json\/wp\/v2\/media?parent=114111"}],"wp:term":[{"taxonomy":"product_brand","embeddable":true,"href":"https:\/\/www.lifenatura.com\/es\/wp-json\/wp\/v2\/product_brand?post=114111"},{"taxonomy":"product_cat","embeddable":true,"href":"https:\/\/www.lifenatura.com\/es\/wp-json\/wp\/v2\/product_cat?post=114111"},{"taxonomy":"product_tag","embeddable":true,"href":"https:\/\/www.lifenatura.com\/es\/wp-json\/wp\/v2\/product_tag?post=114111"}],"curies":[{"name":"wp","href":"https:\/\/api.w.org\/{rel}","templated":true}]}}