{"id":112987,"date":"2025-06-03T16:21:58","date_gmt":"2025-06-03T16:21:58","guid":{"rendered":"https:\/\/www.lifenatura.com\/produto\/vitamina-a-250mg-60-comprimidos-soria-natural\/"},"modified":"2025-08-01T00:01:29","modified_gmt":"2025-08-01T00:01:29","slug":"vitamina-a-250mg-60-comprimidos-soria-natural","status":"publish","type":"product","link":"https:\/\/www.lifenatura.com\/es\/produto\/vitamina-a-250mg-60-comprimidos-soria-natural\/","title":{"rendered":"Vitamina A 250mg 60 Comprimidos &#8211; Soria Natural"},"content":{"rendered":"<h2 data-start=\"207\" data-end=\"238\">Vitamina A Ayuda esencial para la visi\u00f3n, la inmunidad y la salud de la piel<\/h2>\n<p>&nbsp;<\/p>\n<p data-start=\"298\" data-end=\"682\"><strong data-start=\"300\" data-end=\"331\">La Vitamina A de Soria Natural<\/strong> es un complemento alimenticio de origen natural que aporta una dosis equilibrada de <strong data-start=\"412\" data-end=\"426\">vitamina A<\/strong>, un micronutriente esencial para diversas funciones vitales del organismo. Esta vitamina liposoluble desempe\u00f1a un papel fundamental en el <strong data-start=\"561\" data-end=\"591\">mantenimiento de la visi\u00f3n normal<\/strong>, la <strong data-start=\"596\" data-end=\"628\">funci\u00f3n del sistema inmunitario<\/strong> y la <strong data-start=\"634\" data-end=\"681\">regeneraci\u00f3n e integridad de la piel y las mucosas<\/strong>.<\/p>\n<p data-start=\"684\" data-end=\"995\">Es especialmente \u00fatil para personas con deficiencias alimentarias, dietas restrictivas o durante periodos de mayor demanda nutricional. <strong data-start=\"813\" data-end=\"827\">La vitamina A<\/strong> tambi\u00e9n contribuye a la salud de dientes, huesos y tejidos blandos, y es un antioxidante natural que protege las c\u00e9lulas contra el da\u00f1o causado por los radicales libres.<\/p>\n<p data-start=\"997\" data-end=\"1250\">Elaborado por Soria Natural con ingredientes cuidadosamente seleccionados y sin aditivos artificiales, este suplemento es una opci\u00f3n segura y eficaz para quienes desean <strong data-start=\"1160\" data-end=\"1249\">potenciar la salud ocular, proteger la piel y estimular las defensas naturales del organismo<\/strong>.<\/p>\n<h3 data-start=\"1252\" data-end=\"1278\">Principales ventajas:<\/h3>\n<ul data-start=\"1279\" data-end=\"1587\">\n<li data-start=\"1279\" data-end=\"1330\">\n<p data-start=\"1281\" data-end=\"1330\">Ayuda a mantener una visi\u00f3n normal<\/p>\n<\/li>\n<li data-start=\"1331\" data-end=\"1386\">\n<p data-start=\"1333\" data-end=\"1386\">Favorece el sistema inmunitario y la respuesta a las infecciones<\/p>\n<\/li>\n<li data-start=\"1387\" data-end=\"1445\">\n<p data-start=\"1389\" data-end=\"1445\">Mantiene la salud y la integridad de la piel, el pelo y las mucosas<\/p>\n<\/li>\n<li data-start=\"1446\" data-end=\"1480\">\n<p data-start=\"1448\" data-end=\"1480\">Act\u00faa como antioxidante natural<\/p>\n<\/li>\n<li data-start=\"1481\" data-end=\"1531\">\n<p data-start=\"1483\" data-end=\"1531\">Ayuda al crecimiento y desarrollo celular<\/p>\n<\/li>\n<li data-start=\"1532\" data-end=\"1587\">\n<p data-start=\"1534\" data-end=\"1587\">F\u00f3rmula de alta calidad sin aditivos artificiales<\/p>\n<\/li>\n<\/ul>\n<h3 data-start=\"1589\" data-end=\"1607\">Adecuado para:<\/h3>\n<ul data-start=\"1608\" data-end=\"1839\">\n<li data-start=\"1608\" data-end=\"1666\">\n<p data-start=\"1610\" data-end=\"1666\">Personas con piel seca, sensible o propensa a las infecciones<\/p>\n<\/li>\n<li data-start=\"1667\" data-end=\"1718\">\n<p data-start=\"1669\" data-end=\"1718\">Los que tienen s\u00edntomas de deficiencia de vitamina A<\/p>\n<\/li>\n<li data-start=\"1719\" data-end=\"1776\">\n<p data-start=\"1721\" data-end=\"1776\">Personas que desean cuidar su vista y su salud ocular<\/p>\n<\/li>\n<li data-start=\"1777\" data-end=\"1839\">\n<p data-start=\"1779\" data-end=\"1839\">Adultos con dietas pobres en vitamina A (por ejemplo, vegetarianos)<\/p>\n<\/li>\n<\/ul>\n<p>Las vitaminas y los minerales son micronutrientes esenciales para el buen funcionamiento de nuestro organismo. La gama de Vitaminas y Minerales de Soria Natural se ha dise\u00f1ado en forma de comprimidos de liberaci\u00f3n controlada, lo que permite que los principios activos se liberen en el organismo a un ritmo controlado y sostenido, para su mejor aprovechamiento.<\/p>\n<p><strong>PRESENTACI\u00d3N<\/strong><\/p>\n<p>60 Comprimidos<\/p>\n<p>&nbsp;<\/p>\n","protected":false},"excerpt":{"rendered":"<p>Vitamina A de Soria Natural: un suplemento esencial para la visi\u00f3n, la piel y la inmunidad. Ideal para deficiencias nutricionales, piel sensible y salud ocular. [&#8230;]<\/p>\n<p><a class=\"btn btn-secondary understrap-read-more-link\" href=\"https:\/\/www.lifenatura.com\/es\/produto\/vitamina-a-250mg-60-comprimidos-soria-natural\/\">Leer m\u00e1s&#8230;<span class=\"screen-reader-text\"> from Vitamina A 250mg 60 Comprimidos &#8211; Soria Natural<\/span><\/a><\/p>\n","protected":false},"featured_media":112951,"template":"","meta":{"_acf_changed":false},"product_brand":[8555],"product_cat":[7179,7218,7883,7885],"product_tag":[],"class_list":{"0":"post-112987","1":"product","2":"type-product","3":"status-publish","4":"has-post-thumbnail","6":"product_brand-soria-natural-es","7":"product_cat-salud","8":"product_cat-salud-ocular","9":"product_cat-suplementos-alimenticios","10":"product_cat-vitamina-a-es","12":"first","13":"instock","14":"sale","15":"shipping-taxable","16":"purchasable","17":"product-type-simple","18":"add-to-wishlist-before_image"},"acf":[],"yoast_head":"<!-- This site is optimized with the Yoast SEO Premium plugin v27.1 (Yoast SEO v27.3) - https:\/\/yoast.com\/product\/yoast-seo-premium-wordpress\/ -->\n<title>Vitamina A 250mg 60 Comprimidos - Soria Natural - Lifenatura<\/title>\n<meta name=\"description\" content=\"Vitamina A de Soria Natural: un suplemento esencial para la visi\u00f3n, la piel y la inmunidad. Ideal para deficiencias nutricionales, piel y salud ocular.\" \/>\n<meta name=\"robots\" content=\"index, follow, max-snippet:-1, max-image-preview:large, max-video-preview:-1\" \/>\n<link rel=\"canonical\" href=\"https:\/\/www.lifenatura.com\/es\/produto\/vitamina-a-250mg-60-comprimidos-soria-natural\/\" \/>\n<meta property=\"og:locale\" content=\"es_ES\" \/>\n<meta property=\"og:type\" content=\"article\" \/>\n<meta property=\"og:title\" content=\"Vitamina A 250mg 60 Comprimidos - Soria Natural - Lifenatura\" \/>\n<meta property=\"og:description\" content=\"Compre aqui o seu Vitamina A 250mg 60 Comprimidos - Soria Natural e a Lifenatura Online envia em 48 H com Portes Gratis &gt;35\u20ac de Pedido.\" \/>\n<meta property=\"og:url\" content=\"https:\/\/www.lifenatura.com\/es\/produto\/vitamina-a-250mg-60-comprimidos-soria-natural\/\" \/>\n<meta property=\"og:site_name\" content=\"Lifenatura\" \/>\n<meta property=\"article:publisher\" content=\"https:\/\/www.facebook.com\/lifenatura\" \/>\n<meta property=\"article:modified_time\" content=\"2025-08-01T00:01:29+00:00\" \/>\n<meta property=\"og:image\" content=\"https:\/\/www.lifenatura.com\/wp-content\/uploads\/2025\/06\/vitamina-A-soria-natural.jpg\" \/>\n\t<meta property=\"og:image:width\" content=\"1000\" \/>\n\t<meta property=\"og:image:height\" content=\"1000\" \/>\n\t<meta property=\"og:image:type\" content=\"image\/jpeg\" \/>\n<meta name=\"twitter:card\" content=\"summary_large_image\" \/>\n<meta name=\"twitter:label1\" content=\"Precio\" \/>\n\t<meta name=\"twitter:data1\" content=\"6,86&nbsp;&euro;\" \/>\n\t<meta name=\"twitter:label2\" content=\"Disponibilidad\" \/>\n\t<meta name=\"twitter:data2\" content=\"Disponible\" \/>\n<meta property=\"product:price:amount\" content=\"6.86\" \/>\n<meta property=\"product:price:currency\" content=\"EUR\" \/>\n<meta property=\"og:availability\" content=\"instock\" \/>\n<meta property=\"product:availability\" content=\"instock\" \/>\n<meta property=\"product:retailer_item_id\" content=\"8422947110383\" \/>\n<meta property=\"product:condition\" content=\"new\" \/>\n<!-- \/ Yoast SEO Premium plugin. -->","yoast_head_json":{"title":"Vitamina A 250mg 60 Comprimidos - Soria Natural - Lifenatura","description":"Vitamina A de Soria Natural: un suplemento esencial para la visi\u00f3n, la piel y la inmunidad. Ideal para deficiencias nutricionales, piel y salud ocular.","robots":{"index":"index","follow":"follow","max-snippet":"max-snippet:-1","max-image-preview":"max-image-preview:large","max-video-preview":"max-video-preview:-1"},"canonical":"https:\/\/www.lifenatura.com\/es\/produto\/vitamina-a-250mg-60-comprimidos-soria-natural\/","og_locale":"es_ES","og_type":"article","og_title":"Vitamina A 250mg 60 Comprimidos - Soria Natural - Lifenatura","og_description":"Compre aqui o seu Vitamina A 250mg 60 Comprimidos - Soria Natural e a Lifenatura Online envia em 48 H com Portes Gratis >35\u20ac de Pedido.","og_url":"https:\/\/www.lifenatura.com\/es\/produto\/vitamina-a-250mg-60-comprimidos-soria-natural\/","og_site_name":"Lifenatura","article_publisher":"https:\/\/www.facebook.com\/lifenatura","article_modified_time":"2025-08-01T00:01:29+00:00","og_image":[{"width":1000,"height":1000,"url":"https:\/\/www.lifenatura.com\/wp-content\/uploads\/2025\/06\/vitamina-A-soria-natural.jpg","type":"image\/jpeg"}],"twitter_card":"summary_large_image","twitter_misc":{"Precio":"6,86&nbsp;&euro;","Disponibilidad":"Disponible"},"schema":{"@context":"https:\/\/schema.org","@graph":[{"@type":"WebPage","@id":"https:\/\/www.lifenatura.com\/es\/produto\/vitamina-a-250mg-60-comprimidos-soria-natural\/","url":"https:\/\/www.lifenatura.com\/es\/produto\/vitamina-a-250mg-60-comprimidos-soria-natural\/","name":"Vitamina A 250mg 60 Comprimidos - Soria Natural - Lifenatura","isPartOf":{"@id":"https:\/\/www.lifenatura.com\/es\/#website"},"primaryImageOfPage":{"@id":"https:\/\/www.lifenatura.com\/es\/produto\/vitamina-a-250mg-60-comprimidos-soria-natural\/#primaryimage"},"image":{"@id":"https:\/\/www.lifenatura.com\/es\/produto\/vitamina-a-250mg-60-comprimidos-soria-natural\/#primaryimage"},"thumbnailUrl":"https:\/\/www.lifenatura.com\/wp-content\/uploads\/2025\/06\/vitamina-A-soria-natural.jpg","datePublished":"2025-06-03T16:21:58+00:00","dateModified":"2025-08-01T00:01:29+00:00","description":"Vitamina A de Soria Natural: un suplemento esencial para la visi\u00f3n, la piel y la inmunidad. Ideal para deficiencias nutricionales, piel y salud ocular.","breadcrumb":{"@id":"https:\/\/www.lifenatura.com\/es\/produto\/vitamina-a-250mg-60-comprimidos-soria-natural\/#breadcrumb"},"inLanguage":"es","potentialAction":[{"@type":"ReadAction","target":["https:\/\/www.lifenatura.com\/es\/produto\/vitamina-a-250mg-60-comprimidos-soria-natural\/"]}]},{"@type":"ImageObject","inLanguage":"es","@id":"https:\/\/www.lifenatura.com\/es\/produto\/vitamina-a-250mg-60-comprimidos-soria-natural\/#primaryimage","url":"https:\/\/www.lifenatura.com\/wp-content\/uploads\/2025\/06\/vitamina-A-soria-natural.jpg","contentUrl":"https:\/\/www.lifenatura.com\/wp-content\/uploads\/2025\/06\/vitamina-A-soria-natural.jpg","width":1000,"height":1000,"caption":"Vitamina A 60 comprimidos de Soria"},{"@type":"BreadcrumbList","@id":"https:\/\/www.lifenatura.com\/es\/produto\/vitamina-a-250mg-60-comprimidos-soria-natural\/#breadcrumb","itemListElement":[{"@type":"ListItem","position":1,"name":"In\u00edcio","item":"https:\/\/www.lifenatura.com\/es\/"},{"@type":"ListItem","position":2,"name":"Todos los Productos","item":"https:\/\/www.lifenatura.com\/es\/tienda\/"},{"@type":"ListItem","position":3,"name":"Vitamina A 250mg 60 Comprimidos &#8211; Soria Natural"}]},{"@type":"WebSite","@id":"https:\/\/www.lifenatura.com\/es\/#website","url":"https:\/\/www.lifenatura.com\/es\/","name":"Lifenatura","description":"A Lifenatura \u00e9 uma loja de produtos naturais, cosm\u00e9tica natural e alimenta\u00e7\u00e3o Biol\u00f3gica.","publisher":{"@id":"https:\/\/www.lifenatura.com\/es\/#organization"},"potentialAction":[{"@type":"SearchAction","target":{"@type":"EntryPoint","urlTemplate":"https:\/\/www.lifenatura.com\/es\/?s={search_term_string}"},"query-input":{"@type":"PropertyValueSpecification","valueRequired":true,"valueName":"search_term_string"}}],"inLanguage":"es"},{"@type":"Organization","@id":"https:\/\/www.lifenatura.com\/es\/#organization","name":"Lifenatura","url":"https:\/\/www.lifenatura.com\/es\/","logo":{"@type":"ImageObject","inLanguage":"es","@id":"https:\/\/www.lifenatura.com\/es\/#\/schema\/logo\/image\/","url":"https:\/\/www.lifenatura.com\/wp-content\/uploads\/2021\/11\/logo.png","contentUrl":"https:\/\/www.lifenatura.com\/wp-content\/uploads\/2021\/11\/logo.png","width":175,"height":55,"caption":"Lifenatura"},"image":{"@id":"https:\/\/www.lifenatura.com\/es\/#\/schema\/logo\/image\/"},"sameAs":["https:\/\/www.facebook.com\/lifenatura","https:\/\/www.instagram.com\/lifenaturapt\/"]}]},"product_price_amount":"6.86","product_price_currency":"EUR","og_availability":"instock","product_availability":"instock","product_retailer_item_id":"8422947110383","product_condition":"new"},"df_price":6.86,"df_sale_price":6.86,"df_regular_price":9.56,"df_image_link":"https:\/\/www.lifenatura.com\/wp-content\/uploads\/2025\/06\/vitamina-A-soria-natural-300x300.jpg","_links":{"self":[{"href":"https:\/\/www.lifenatura.com\/es\/wp-json\/wp\/v2\/product\/112987","targetHints":{"allow":["GET"]}}],"collection":[{"href":"https:\/\/www.lifenatura.com\/es\/wp-json\/wp\/v2\/product"}],"about":[{"href":"https:\/\/www.lifenatura.com\/es\/wp-json\/wp\/v2\/types\/product"}],"wp:featuredmedia":[{"embeddable":true,"href":"https:\/\/www.lifenatura.com\/es\/wp-json\/wp\/v2\/media\/112951"}],"wp:attachment":[{"href":"https:\/\/www.lifenatura.com\/es\/wp-json\/wp\/v2\/media?parent=112987"}],"wp:term":[{"taxonomy":"product_brand","embeddable":true,"href":"https:\/\/www.lifenatura.com\/es\/wp-json\/wp\/v2\/product_brand?post=112987"},{"taxonomy":"product_cat","embeddable":true,"href":"https:\/\/www.lifenatura.com\/es\/wp-json\/wp\/v2\/product_cat?post=112987"},{"taxonomy":"product_tag","embeddable":true,"href":"https:\/\/www.lifenatura.com\/es\/wp-json\/wp\/v2\/product_tag?post=112987"}],"curies":[{"name":"wp","href":"https:\/\/api.w.org\/{rel}","templated":true}]}}