{"id":112675,"date":"2025-05-13T14:03:42","date_gmt":"2025-05-13T14:03:42","guid":{"rendered":"https:\/\/www.lifenatura.com\/produto\/atleta-bio-500g-salud-viva\/"},"modified":"2025-06-09T06:43:58","modified_gmt":"2025-06-09T06:43:58","slug":"atleta-bio-500g-salud-viva","status":"publish","type":"product","link":"https:\/\/www.lifenatura.com\/es\/produto\/atleta-bio-500g-salud-viva\/","title":{"rendered":"Atleta Bio 500g &#8211; Salud Viva"},"content":{"rendered":"<h2 style=\"text-align: left;\" data-start=\"215\" data-end=\"271\"><strong>Nutrici\u00f3n natural del deportista para el rendimiento, la energ\u00eda y la recuperaci\u00f3n<\/strong><\/h2>\n<p>&nbsp;<\/p>\n<p data-start=\"273\" data-end=\"687\"><strong data-start=\"275\" data-end=\"303\">Atleta Bio de Salud Viva<\/strong> es una f\u00f3rmula 100% natural especialmente desarrollada para quienes hacen ejercicio de forma regular o intensa. Esta mezcla en polvo combina ingredientes org\u00e1nicos altamente nutritivos como maca, prote\u00edna de c\u00e1\u00f1amo, hierba de cebada, clorela, espirulina y guaran\u00e1, creando un suplemento completo para aumentar la energ\u00eda, mejorar el rendimiento y acelerar la recuperaci\u00f3n muscular.<\/p>\n<p data-start=\"689\" data-end=\"1059\">Gracias a su riqueza en prote\u00ednas vegetales, amino\u00e1cidos esenciales, vitaminas y minerales, Atleta Bio ayuda a mantener la masa muscular, combatir la fatiga y reforzar el sistema inmunitario, algo esencial durante los periodos de entrenamiento intensivo. La presencia de guaran\u00e1 proporciona un impulso natural de energ\u00eda y concentraci\u00f3n mental, sin los picos repentinos causados por los estimulantes artificiales.<\/p>\n<p data-start=\"1061\" data-end=\"1232\">Este producto es ideal para incorporar a batidos, zumos o bebidas postentrenamiento, fomentando un estilo de vida activo y saludable sin ingredientes artificiales ni aditivos.<\/p>\n<h4 data-start=\"1234\" data-end=\"1261\">Principales ventajas:<\/h4>\n<ul data-start=\"1262\" data-end=\"1507\">\n<li data-start=\"1262\" data-end=\"1308\">\n<p data-start=\"1264\" data-end=\"1308\">Aumento de la energ\u00eda y la resistencia f\u00edsica<\/p>\n<\/li>\n<li data-start=\"1309\" data-end=\"1366\">\n<p data-start=\"1311\" data-end=\"1366\">Ayuda a la recuperaci\u00f3n muscular y al rendimiento deportivo<\/p>\n<\/li>\n<li data-start=\"1367\" data-end=\"1416\">\n<p data-start=\"1369\" data-end=\"1416\">Ayuda a mantener la masa muscular<\/p>\n<\/li>\n<li data-start=\"1417\" data-end=\"1464\">\n<p data-start=\"1419\" data-end=\"1464\">Rico en antioxidantes, vitaminas y minerales<\/p>\n<\/li>\n<li data-start=\"1465\" data-end=\"1507\">\n<p data-start=\"1467\" data-end=\"1507\">Producto vegano, ecol\u00f3gico y sin gluten<\/p>\n<\/li>\n<\/ul>\n<h4 data-start=\"1509\" data-end=\"1528\">Adecuado para:<\/h4>\n<ul data-start=\"1529\" data-end=\"1758\">\n<li data-start=\"1529\" data-end=\"1581\">\n<p data-start=\"1531\" data-end=\"1581\">Deportistas y atletas aficionados o profesionales<\/p>\n<\/li>\n<li data-start=\"1582\" data-end=\"1641\">\n<p data-start=\"1584\" data-end=\"1641\">Gimnasistas, corredores, ciclistas, entre otros<\/p>\n<\/li>\n<li data-start=\"1642\" data-end=\"1704\">\n<p data-start=\"1644\" data-end=\"1704\">Personas en fase de recuperaci\u00f3n o que experimentan fatiga f\u00edsica<\/p>\n<\/li>\n<li data-start=\"1705\" data-end=\"1758\">\n<p data-start=\"1707\" data-end=\"1758\">Los que buscan un est\u00edmulo natural antes o despu\u00e9s del entrenamiento<\/p>\n<\/li>\n<\/ul>\n<p data-start=\"1760\" data-end=\"1857\"><strong data-start=\"1760\" data-end=\"1788\">Atleta Bio de Salud Viva<\/strong> &#8211; la nutrici\u00f3n funcional y natural que acompa\u00f1a tus esfuerzos diarios. Es una mezcla equilibrada para el desayuno especialmente creada para atletas, deportistas de competici\u00f3n que se preocupan por su salud y, por tanto, necesitan mantener su cuerpo en las mejores condiciones posibles.<\/p>\n<p data-start=\"1760\" data-end=\"1857\"><strong>PRESENTACI\u00d3N<\/strong><\/p>\n<p data-start=\"1760\" data-end=\"1857\">500g<\/p>\n<p data-start=\"1760\" data-end=\"1857\">\n","protected":false},"excerpt":{"rendered":"<p>Atleta Bio de Salud Viva: mezcla de plantas ecol\u00f3gicas que favorece la energ\u00eda, la recuperaci\u00f3n muscular y el rendimiento f\u00edsico. Ideal para deportistas. Producto vegano y natural. [&#8230;]<\/p>\n<p><a class=\"btn btn-secondary understrap-read-more-link\" href=\"https:\/\/www.lifenatura.com\/es\/produto\/atleta-bio-500g-salud-viva\/\">Leer m\u00e1s&#8230;<span class=\"screen-reader-text\"> from Atleta Bio 500g &#8211; Salud Viva<\/span><\/a><\/p>\n","protected":false},"featured_media":111605,"template":"","meta":{"_acf_changed":false},"product_brand":[8295],"product_cat":[7064,7074,7096,7100],"product_tag":[],"class_list":{"0":"post-112675","1":"product","2":"type-product","3":"status-publish","4":"has-post-thumbnail","6":"product_brand-salud-viva","7":"product_cat-alimentacion-sana","8":"product_cat-productos-alimenticios","9":"product_cat-proteina-vegetal-bio","10":"product_cat-superalimentos-bio","11":"pa_caracteristicas-biologico","12":"pa_caracteristicas-sin-gluten","14":"first","15":"instock","16":"shipping-taxable","17":"purchasable","18":"product-type-simple","19":"add-to-wishlist-before_image"},"acf":[],"yoast_head":"<!-- This site is optimized with the Yoast SEO Premium plugin v27.1 (Yoast SEO v27.5) - https:\/\/yoast.com\/product\/yoast-seo-premium-wordpress\/ -->\n<title>Atleta Bio 500g - Salud Viva - Na Lifenatura ao Melhor Pre\u00e7o | Envio em 48h<\/title>\n<meta name=\"description\" content=\"Atleta Bio de Salud Viva: mezcla de plantas ecol\u00f3gicas que favorece la energ\u00eda, la recuperaci\u00f3n muscular y el rendimiento f\u00edsico. Ideal para deportistas.\" \/>\n<meta name=\"robots\" content=\"index, follow, max-snippet:-1, max-image-preview:large, max-video-preview:-1\" \/>\n<link rel=\"canonical\" href=\"https:\/\/www.lifenatura.com\/es\/produto\/atleta-bio-500g-salud-viva\/\" \/>\n<meta property=\"og:locale\" content=\"es_ES\" \/>\n<meta property=\"og:type\" content=\"article\" \/>\n<meta property=\"og:title\" content=\"Atleta Bio 500g - Salud Viva - Na Lifenatura ao Melhor Pre\u00e7o | Envio 48h\" \/>\n<meta property=\"og:description\" content=\"Compre Atleta Bio 500g - Salud Viva com envio r\u00e1pido. Entrega em 48h e portes gr\u00e1tis em compras &gt;35\u20ac. Aproveite j\u00e1 na Lifenatura\" \/>\n<meta property=\"og:url\" content=\"https:\/\/www.lifenatura.com\/es\/produto\/atleta-bio-500g-salud-viva\/\" \/>\n<meta property=\"og:site_name\" content=\"Lifenatura\" \/>\n<meta property=\"article:publisher\" content=\"https:\/\/www.facebook.com\/lifenatura\" \/>\n<meta property=\"article:modified_time\" content=\"2025-06-09T06:43:58+00:00\" \/>\n<meta property=\"og:image\" content=\"https:\/\/www.lifenatura.com\/wp-content\/uploads\/2025\/05\/atleta-500g-salud-viva.jpg\" \/>\n\t<meta property=\"og:image:width\" content=\"1000\" \/>\n\t<meta property=\"og:image:height\" content=\"1000\" \/>\n\t<meta property=\"og:image:type\" content=\"image\/jpeg\" \/>\n<meta name=\"twitter:card\" content=\"summary_large_image\" \/>\n<meta name=\"twitter:label1\" content=\"Precio\" \/>\n\t<meta name=\"twitter:data1\" content=\"34,74&nbsp;&euro;\" \/>\n\t<meta name=\"twitter:label2\" content=\"Disponibilidad\" \/>\n\t<meta name=\"twitter:data2\" content=\"Disponible\" \/>\n<script type=\"application\/ld+json\" class=\"yoast-schema-graph\">{\"@context\":\"https:\\\/\\\/schema.org\",\"@graph\":[{\"@type\":\"WebPage\",\"@id\":\"https:\\\/\\\/www.lifenatura.com\\\/es\\\/produto\\\/atleta-bio-500g-salud-viva\\\/\",\"url\":\"https:\\\/\\\/www.lifenatura.com\\\/es\\\/produto\\\/atleta-bio-500g-salud-viva\\\/\",\"name\":\"Atleta Bio 500g - Salud Viva - Na Lifenatura ao Melhor Pre\u00e7o | Envio em 48h\",\"isPartOf\":{\"@id\":\"https:\\\/\\\/www.lifenatura.com\\\/es\\\/#website\"},\"primaryImageOfPage\":{\"@id\":\"https:\\\/\\\/www.lifenatura.com\\\/es\\\/produto\\\/atleta-bio-500g-salud-viva\\\/#primaryimage\"},\"image\":{\"@id\":\"https:\\\/\\\/www.lifenatura.com\\\/es\\\/produto\\\/atleta-bio-500g-salud-viva\\\/#primaryimage\"},\"thumbnailUrl\":\"https:\\\/\\\/www.lifenatura.com\\\/wp-content\\\/uploads\\\/2025\\\/05\\\/atleta-500g-salud-viva.jpg\",\"datePublished\":\"2025-05-13T14:03:42+00:00\",\"dateModified\":\"2025-06-09T06:43:58+00:00\",\"description\":\"Atleta Bio de Salud Viva: mezcla de plantas ecol\u00f3gicas que favorece la energ\u00eda, la recuperaci\u00f3n muscular y el rendimiento f\u00edsico. Ideal para deportistas.\",\"breadcrumb\":{\"@id\":\"https:\\\/\\\/www.lifenatura.com\\\/es\\\/produto\\\/atleta-bio-500g-salud-viva\\\/#breadcrumb\"},\"inLanguage\":\"es\",\"potentialAction\":[{\"@type\":\"ReadAction\",\"target\":[\"https:\\\/\\\/www.lifenatura.com\\\/es\\\/produto\\\/atleta-bio-500g-salud-viva\\\/\"]}]},{\"@type\":\"ImageObject\",\"inLanguage\":\"es\",\"@id\":\"https:\\\/\\\/www.lifenatura.com\\\/es\\\/produto\\\/atleta-bio-500g-salud-viva\\\/#primaryimage\",\"url\":\"https:\\\/\\\/www.lifenatura.com\\\/wp-content\\\/uploads\\\/2025\\\/05\\\/atleta-500g-salud-viva.jpg\",\"contentUrl\":\"https:\\\/\\\/www.lifenatura.com\\\/wp-content\\\/uploads\\\/2025\\\/05\\\/atleta-500g-salud-viva.jpg\",\"width\":1000,\"height\":1000},{\"@type\":\"BreadcrumbList\",\"@id\":\"https:\\\/\\\/www.lifenatura.com\\\/es\\\/produto\\\/atleta-bio-500g-salud-viva\\\/#breadcrumb\",\"itemListElement\":[{\"@type\":\"ListItem\",\"position\":1,\"name\":\"In\u00edcio\",\"item\":\"https:\\\/\\\/www.lifenatura.com\\\/es\\\/\"},{\"@type\":\"ListItem\",\"position\":2,\"name\":\"Todos los Productos\",\"item\":\"https:\\\/\\\/www.lifenatura.com\\\/es\\\/tienda\\\/\"},{\"@type\":\"ListItem\",\"position\":3,\"name\":\"Atleta Bio 500g &#8211; Salud Viva\"}]},{\"@type\":\"WebSite\",\"@id\":\"https:\\\/\\\/www.lifenatura.com\\\/es\\\/#website\",\"url\":\"https:\\\/\\\/www.lifenatura.com\\\/es\\\/\",\"name\":\"Lifenatura\",\"description\":\"A Lifenatura \u00e9 uma loja de produtos naturais, cosm\u00e9tica natural e alimenta\u00e7\u00e3o Biol\u00f3gica.\",\"publisher\":{\"@id\":\"https:\\\/\\\/www.lifenatura.com\\\/es\\\/#organization\"},\"potentialAction\":[{\"@type\":\"SearchAction\",\"target\":{\"@type\":\"EntryPoint\",\"urlTemplate\":\"https:\\\/\\\/www.lifenatura.com\\\/es\\\/?s={search_term_string}\"},\"query-input\":{\"@type\":\"PropertyValueSpecification\",\"valueRequired\":true,\"valueName\":\"search_term_string\"}}],\"inLanguage\":\"es\"},{\"@type\":\"Organization\",\"@id\":\"https:\\\/\\\/www.lifenatura.com\\\/es\\\/#organization\",\"name\":\"Lifenatura\",\"url\":\"https:\\\/\\\/www.lifenatura.com\\\/es\\\/\",\"logo\":{\"@type\":\"ImageObject\",\"inLanguage\":\"es\",\"@id\":\"https:\\\/\\\/www.lifenatura.com\\\/es\\\/#\\\/schema\\\/logo\\\/image\\\/\",\"url\":\"https:\\\/\\\/www.lifenatura.com\\\/wp-content\\\/uploads\\\/2021\\\/07\\\/logo.png\",\"contentUrl\":\"https:\\\/\\\/www.lifenatura.com\\\/wp-content\\\/uploads\\\/2021\\\/07\\\/logo.png\",\"width\":175,\"height\":55,\"caption\":\"Lifenatura\"},\"image\":{\"@id\":\"https:\\\/\\\/www.lifenatura.com\\\/es\\\/#\\\/schema\\\/logo\\\/image\\\/\"},\"sameAs\":[\"https:\\\/\\\/www.facebook.com\\\/lifenatura\",\"https:\\\/\\\/www.instagram.com\\\/lifenaturapt\\\/\"],\"hasMerchantReturnPolicy\":{\"@type\":\"MerchantReturnPolicy\",\"merchantReturnLink\":\"https:\\\/\\\/www.lifenatura.com\\\/termos-condicoes-lifenatura\\\/\"}}]}<\/script>\n<meta property=\"product:price:amount\" content=\"34.74\" \/>\n<meta property=\"product:price:currency\" content=\"EUR\" \/>\n<meta property=\"og:availability\" content=\"instock\" \/>\n<meta property=\"product:availability\" content=\"instock\" \/>\n<meta property=\"product:retailer_item_id\" content=\"16790000007\" \/>\n<meta property=\"product:condition\" content=\"new\" \/>\n<!-- \/ Yoast SEO Premium plugin. -->","yoast_head_json":{"title":"Atleta Bio 500g - Salud Viva - Na Lifenatura ao Melhor Pre\u00e7o | Envio em 48h","description":"Atleta Bio de Salud Viva: mezcla de plantas ecol\u00f3gicas que favorece la energ\u00eda, la recuperaci\u00f3n muscular y el rendimiento f\u00edsico. Ideal para deportistas.","robots":{"index":"index","follow":"follow","max-snippet":"max-snippet:-1","max-image-preview":"max-image-preview:large","max-video-preview":"max-video-preview:-1"},"canonical":"https:\/\/www.lifenatura.com\/es\/produto\/atleta-bio-500g-salud-viva\/","og_locale":"es_ES","og_type":"article","og_title":"Atleta Bio 500g - Salud Viva - Na Lifenatura ao Melhor Pre\u00e7o | Envio 48h","og_description":"Compre Atleta Bio 500g - Salud Viva com envio r\u00e1pido. Entrega em 48h e portes gr\u00e1tis em compras >35\u20ac. Aproveite j\u00e1 na Lifenatura","og_url":"https:\/\/www.lifenatura.com\/es\/produto\/atleta-bio-500g-salud-viva\/","og_site_name":"Lifenatura","article_publisher":"https:\/\/www.facebook.com\/lifenatura","article_modified_time":"2025-06-09T06:43:58+00:00","og_image":[{"width":1000,"height":1000,"url":"https:\/\/www.lifenatura.com\/wp-content\/uploads\/2025\/05\/atleta-500g-salud-viva.jpg","type":"image\/jpeg"}],"twitter_card":"summary_large_image","twitter_misc":{"Precio":"34,74&nbsp;&euro;","Disponibilidad":"Disponible"},"schema":{"@context":"https:\/\/schema.org","@graph":[{"@type":"WebPage","@id":"https:\/\/www.lifenatura.com\/es\/produto\/atleta-bio-500g-salud-viva\/","url":"https:\/\/www.lifenatura.com\/es\/produto\/atleta-bio-500g-salud-viva\/","name":"Atleta Bio 500g - Salud Viva - Na Lifenatura ao Melhor Pre\u00e7o | Envio em 48h","isPartOf":{"@id":"https:\/\/www.lifenatura.com\/es\/#website"},"primaryImageOfPage":{"@id":"https:\/\/www.lifenatura.com\/es\/produto\/atleta-bio-500g-salud-viva\/#primaryimage"},"image":{"@id":"https:\/\/www.lifenatura.com\/es\/produto\/atleta-bio-500g-salud-viva\/#primaryimage"},"thumbnailUrl":"https:\/\/www.lifenatura.com\/wp-content\/uploads\/2025\/05\/atleta-500g-salud-viva.jpg","datePublished":"2025-05-13T14:03:42+00:00","dateModified":"2025-06-09T06:43:58+00:00","description":"Atleta Bio de Salud Viva: mezcla de plantas ecol\u00f3gicas que favorece la energ\u00eda, la recuperaci\u00f3n muscular y el rendimiento f\u00edsico. Ideal para deportistas.","breadcrumb":{"@id":"https:\/\/www.lifenatura.com\/es\/produto\/atleta-bio-500g-salud-viva\/#breadcrumb"},"inLanguage":"es","potentialAction":[{"@type":"ReadAction","target":["https:\/\/www.lifenatura.com\/es\/produto\/atleta-bio-500g-salud-viva\/"]}]},{"@type":"ImageObject","inLanguage":"es","@id":"https:\/\/www.lifenatura.com\/es\/produto\/atleta-bio-500g-salud-viva\/#primaryimage","url":"https:\/\/www.lifenatura.com\/wp-content\/uploads\/2025\/05\/atleta-500g-salud-viva.jpg","contentUrl":"https:\/\/www.lifenatura.com\/wp-content\/uploads\/2025\/05\/atleta-500g-salud-viva.jpg","width":1000,"height":1000},{"@type":"BreadcrumbList","@id":"https:\/\/www.lifenatura.com\/es\/produto\/atleta-bio-500g-salud-viva\/#breadcrumb","itemListElement":[{"@type":"ListItem","position":1,"name":"In\u00edcio","item":"https:\/\/www.lifenatura.com\/es\/"},{"@type":"ListItem","position":2,"name":"Todos los Productos","item":"https:\/\/www.lifenatura.com\/es\/tienda\/"},{"@type":"ListItem","position":3,"name":"Atleta Bio 500g &#8211; Salud Viva"}]},{"@type":"WebSite","@id":"https:\/\/www.lifenatura.com\/es\/#website","url":"https:\/\/www.lifenatura.com\/es\/","name":"Lifenatura","description":"A Lifenatura \u00e9 uma loja de produtos naturais, cosm\u00e9tica natural e alimenta\u00e7\u00e3o Biol\u00f3gica.","publisher":{"@id":"https:\/\/www.lifenatura.com\/es\/#organization"},"potentialAction":[{"@type":"SearchAction","target":{"@type":"EntryPoint","urlTemplate":"https:\/\/www.lifenatura.com\/es\/?s={search_term_string}"},"query-input":{"@type":"PropertyValueSpecification","valueRequired":true,"valueName":"search_term_string"}}],"inLanguage":"es"},{"@type":"Organization","@id":"https:\/\/www.lifenatura.com\/es\/#organization","name":"Lifenatura","url":"https:\/\/www.lifenatura.com\/es\/","logo":{"@type":"ImageObject","inLanguage":"es","@id":"https:\/\/www.lifenatura.com\/es\/#\/schema\/logo\/image\/","url":"https:\/\/www.lifenatura.com\/wp-content\/uploads\/2021\/07\/logo.png","contentUrl":"https:\/\/www.lifenatura.com\/wp-content\/uploads\/2021\/07\/logo.png","width":175,"height":55,"caption":"Lifenatura"},"image":{"@id":"https:\/\/www.lifenatura.com\/es\/#\/schema\/logo\/image\/"},"sameAs":["https:\/\/www.facebook.com\/lifenatura","https:\/\/www.instagram.com\/lifenaturapt\/"],"hasMerchantReturnPolicy":{"@type":"MerchantReturnPolicy","merchantReturnLink":"https:\/\/www.lifenatura.com\/termos-condicoes-lifenatura\/"}}]},"product_price_amount":"34.74","product_price_currency":"EUR","og_availability":"instock","product_availability":"instock","product_retailer_item_id":"16790000007","product_condition":"new"},"df_price":34.74,"df_sale_price":"","df_regular_price":34.74,"df_image_link":"https:\/\/www.lifenatura.com\/wp-content\/uploads\/2025\/05\/atleta-500g-salud-viva-300x300.jpg","_links":{"self":[{"href":"https:\/\/www.lifenatura.com\/es\/wp-json\/wp\/v2\/product\/112675","targetHints":{"allow":["GET"]}}],"collection":[{"href":"https:\/\/www.lifenatura.com\/es\/wp-json\/wp\/v2\/product"}],"about":[{"href":"https:\/\/www.lifenatura.com\/es\/wp-json\/wp\/v2\/types\/product"}],"wp:featuredmedia":[{"embeddable":true,"href":"https:\/\/www.lifenatura.com\/es\/wp-json\/wp\/v2\/media\/111605"}],"wp:attachment":[{"href":"https:\/\/www.lifenatura.com\/es\/wp-json\/wp\/v2\/media?parent=112675"}],"wp:term":[{"taxonomy":"product_brand","embeddable":true,"href":"https:\/\/www.lifenatura.com\/es\/wp-json\/wp\/v2\/product_brand?post=112675"},{"taxonomy":"product_cat","embeddable":true,"href":"https:\/\/www.lifenatura.com\/es\/wp-json\/wp\/v2\/product_cat?post=112675"},{"taxonomy":"product_tag","embeddable":true,"href":"https:\/\/www.lifenatura.com\/es\/wp-json\/wp\/v2\/product_tag?post=112675"}],"curies":[{"name":"wp","href":"https:\/\/api.w.org\/{rel}","templated":true}]}}