{"id":112673,"date":"2025-05-13T14:03:38","date_gmt":"2025-05-13T14:03:38","guid":{"rendered":"https:\/\/www.lifenatura.com\/produto\/almidon-de-tapioca-bio-250g-salud-viva\/"},"modified":"2025-06-09T06:39:52","modified_gmt":"2025-06-09T06:39:52","slug":"almidon-de-tapioca-bio-250g-salud-viva","status":"publish","type":"product","link":"https:\/\/www.lifenatura.com\/es\/produto\/almidon-de-tapioca-bio-250g-salud-viva\/","title":{"rendered":"Almid\u00f3n de Tapioca Bio 250g &#8211; Salud viva"},"content":{"rendered":"<h2 style=\"text-align: left;\" data-start=\"224\" data-end=\"285\"><strong>Almid\u00f3n de tapioca de textura ligera y natural para una cocina vers\u00e1til y sin gluten<\/strong><\/h2>\n<p>&nbsp;<\/p>\n<p data-start=\"287\" data-end=\"648\"><strong data-start=\"289\" data-end=\"333\">El Almid\u00f3n de Tapioca Ecol\u00f3gico de Salud Viva<\/strong> es un ingrediente naturalmente sin gluten que se obtiene de la yuca (Manihot esculenta), una ra\u00edz rica en hidratos de carbono complejos. Este almid\u00f3n, tambi\u00e9n conocido como almid\u00f3n dulce, es un fino polvo blanco de sabor neutro, ideal para diversos usos culinarios, tanto dulces como salados.<\/p>\n<p data-start=\"650\" data-end=\"991\">Gracias a su textura ligera y a su capacidad para dar elasticidad y volumen a las preparaciones, se utiliza mucho en recetas de <strong data-start=\"767\" data-end=\"857\">pan sin gluten, pasteles, tortitas, crepes, salsas, postres, sopas y bebidas vegetales<\/strong>. El almid\u00f3n de tapioca es f\u00e1cilmente digerible y adecuado para todo el mundo, incluidos beb\u00e9s, ni\u00f1os, ancianos o personas con digestiones sensibles.<\/p>\n<p data-start=\"993\" data-end=\"1308\">Tambi\u00e9n es fuente de <strong data-start=\"1014\" data-end=\"1034\">almid\u00f3n resistente<\/strong>, un tipo de fibra con acci\u00f3n prebi\u00f3tica que ayuda a equilibrar la flora intestinal, favoreciendo una digesti\u00f3n saludable. El Almid\u00f3n de Tapioca Ecol\u00f3gico de Salud Viva es un producto puro, sin aditivos, conservantes ni ingredientes artificiales, ideal para una dieta sana y natural.<\/p>\n<h4 data-start=\"1310\" data-end=\"1337\">Principales ventajas:<\/h4>\n<ul data-start=\"1338\" data-end=\"1572\">\n<li data-start=\"1338\" data-end=\"1389\">\n<p data-start=\"1340\" data-end=\"1389\">Sin gluten: ideal para cel\u00edacos o intolerantes<\/p>\n<\/li>\n<li data-start=\"1390\" data-end=\"1441\">\n<p data-start=\"1392\" data-end=\"1441\">Textura ligera y neutra: versatilidad en la cocina<\/p>\n<\/li>\n<li data-start=\"1442\" data-end=\"1480\">\n<p data-start=\"1444\" data-end=\"1480\">Fuente de energ\u00eda f\u00e1cilmente digerible<\/p>\n<\/li>\n<li data-start=\"1481\" data-end=\"1535\">\n<p data-start=\"1483\" data-end=\"1535\">Rico en almid\u00f3n resistente: favorece la salud intestinal<\/p>\n<\/li>\n<li data-start=\"1536\" data-end=\"1572\">\n<p data-start=\"1538\" data-end=\"1572\">Producto ecol\u00f3gico y 100% natural<\/p>\n<\/li>\n<\/ul>\n<h4 data-start=\"1574\" data-end=\"1593\">Adecuado para:<\/h4>\n<ul data-start=\"1594\" data-end=\"1789\">\n<li data-start=\"1594\" data-end=\"1632\">\n<p data-start=\"1596\" data-end=\"1632\">Personas con intolerancia al gluten<\/p>\n<\/li>\n<li data-start=\"1633\" data-end=\"1684\">\n<p data-start=\"1635\" data-end=\"1684\">Comedores sanos, veganos o paleo<\/p>\n<\/li>\n<li data-start=\"1685\" data-end=\"1734\">\n<p data-start=\"1687\" data-end=\"1734\">Familias que buscan opciones luminosas y naturales<\/p>\n<\/li>\n<li data-start=\"1735\" data-end=\"1789\">\n<p data-start=\"1737\" data-end=\"1789\">Recetas funcionales sin ingredientes artificiales<\/p>\n<\/li>\n<\/ul>\n<p data-start=\"1791\" data-end=\"1864\"><strong data-start=\"1791\" data-end=\"1826\">Almid\u00f3n de Tapioca Bio Salud Viva<\/strong>: nutrici\u00f3n sencilla, ligera y deliciosa.<\/p>\n<p data-start=\"1791\" data-end=\"1864\"><strong>PRESENTACI\u00d3N<\/strong><\/p>\n<p data-start=\"1791\" data-end=\"1864\">250g<\/p>\n<p data-start=\"1791\" data-end=\"1864\">\n","protected":false},"excerpt":{"rendered":"<div class=\"relative flex-col gap-1 md:gap-3\">\n<div class=\"flex max-w-full flex-col grow\">\n<div class=\"min-h-8 text-message relative flex w-full flex-col items-end gap-2 text-start break-words whitespace-normal [.text-message+&amp;]:mt-5\" dir=\"auto\" data-message-author-role=\"assistant\" data-message-id=\"deff9984-c6f8-4ef0-a969-695e3d45102a\" data-message-model-slug=\"gpt-4o\">\n<div class=\"flex w-full flex-col gap-1 empty:hidden first:pt-[3px]\">\n<div class=\"markdown prose dark:prose-invert w-full break-words light\">\n<p data-start=\"1871\" data-end=\"2052\" data-is-last-node=\"\" data-is-only-node=\"\">Almid\u00f3n de Tapioca Bio Salud Viva: sin gluten, f\u00e1cil de digerir y vers\u00e1til. Ideal para panes, pasteles y platos saludables. Rico en almid\u00f3n resistente y 100% ecol\u00f3gico.<\/p>\n<\/div>\n<\/div>\n<\/div>\n<\/div>\n<\/div>\n<p> [&#8230;]<\/p>\n<p><a class=\"btn btn-secondary understrap-read-more-link\" href=\"https:\/\/www.lifenatura.com\/es\/produto\/almidon-de-tapioca-bio-250g-salud-viva\/\">Leer m\u00e1s&#8230;<span class=\"screen-reader-text\"> from Almid\u00f3n de Tapioca Bio 250g &#8211; Salud viva<\/span><\/a><\/p>\n","protected":false},"featured_media":111597,"template":"","meta":{"_acf_changed":false},"product_brand":[8295],"product_cat":[7064,7085,7074],"product_tag":[],"class_list":{"0":"post-112673","1":"product","2":"type-product","3":"status-publish","4":"has-post-thumbnail","6":"product_brand-salud-viva","7":"product_cat-alimentacion-sana","8":"product_cat-levaduras-y-fermentos","9":"product_cat-productos-alimenticios","10":"pa_caracteristicas-biologico","11":"pa_caracteristicas-sin-gluten","13":"first","14":"instock","15":"shipping-taxable","16":"purchasable","17":"product-type-simple","18":"add-to-wishlist-before_image"},"acf":[],"yoast_head":"<!-- This site is optimized with the Yoast SEO Premium plugin v27.1 (Yoast SEO v27.5) - https:\/\/yoast.com\/product\/yoast-seo-premium-wordpress\/ -->\n<title>Almid\u00f3n de Tapioca Bio 250g - Salud viva - Na Lifenatura ao Melhor Pre\u00e7o | Envio em 48h<\/title>\n<meta name=\"description\" content=\"Almid\u00f3n de Tapioca Bio Salud Viva sin gluten, f\u00e1cil de digerir y vers\u00e1til. Ideal para platos saludables. Rico en almid\u00f3n resistente y 100% ecol\u00f3gico.\" \/>\n<meta name=\"robots\" content=\"index, follow, max-snippet:-1, max-image-preview:large, max-video-preview:-1\" \/>\n<link rel=\"canonical\" href=\"https:\/\/www.lifenatura.com\/es\/produto\/almidon-de-tapioca-bio-250g-salud-viva\/\" \/>\n<meta property=\"og:locale\" content=\"es_ES\" \/>\n<meta property=\"og:type\" content=\"article\" \/>\n<meta property=\"og:title\" content=\"Almid\u00f3n de Tapioca Bio 250g - Salud viva - Na Lifenatura ao Melhor Pre\u00e7o | Envio 48h\" \/>\n<meta property=\"og:description\" content=\"Compre Almid\u00f3n de Tapioca Bio 250g - Salud viva com envio r\u00e1pido. Entrega em 48h e portes gr\u00e1tis em compras &gt;35\u20ac. Aproveite j\u00e1 na Lifenatura\" \/>\n<meta property=\"og:url\" content=\"https:\/\/www.lifenatura.com\/es\/produto\/almidon-de-tapioca-bio-250g-salud-viva\/\" \/>\n<meta property=\"og:site_name\" content=\"Lifenatura\" \/>\n<meta property=\"article:publisher\" content=\"https:\/\/www.facebook.com\/lifenatura\" \/>\n<meta property=\"article:modified_time\" content=\"2025-06-09T06:39:52+00:00\" \/>\n<meta property=\"og:image\" content=\"https:\/\/www.lifenatura.com\/wp-content\/uploads\/2025\/05\/amido-de-tapioca-250g-salud-viva.jpg\" \/>\n\t<meta property=\"og:image:width\" content=\"1000\" \/>\n\t<meta property=\"og:image:height\" content=\"1000\" \/>\n\t<meta property=\"og:image:type\" content=\"image\/jpeg\" \/>\n<meta name=\"twitter:card\" content=\"summary_large_image\" \/>\n<meta name=\"twitter:label1\" content=\"Precio\" \/>\n\t<meta name=\"twitter:data1\" content=\"3,29&nbsp;&euro;\" \/>\n\t<meta name=\"twitter:label2\" content=\"Disponibilidad\" \/>\n\t<meta name=\"twitter:data2\" content=\"Disponible\" \/>\n<script type=\"application\/ld+json\" class=\"yoast-schema-graph\">{\"@context\":\"https:\\\/\\\/schema.org\",\"@graph\":[{\"@type\":\"WebPage\",\"@id\":\"https:\\\/\\\/www.lifenatura.com\\\/es\\\/produto\\\/almidon-de-tapioca-bio-250g-salud-viva\\\/\",\"url\":\"https:\\\/\\\/www.lifenatura.com\\\/es\\\/produto\\\/almidon-de-tapioca-bio-250g-salud-viva\\\/\",\"name\":\"Almid\u00f3n de Tapioca Bio 250g - Salud viva - Na Lifenatura ao Melhor Pre\u00e7o | Envio em 48h\",\"isPartOf\":{\"@id\":\"https:\\\/\\\/www.lifenatura.com\\\/es\\\/#website\"},\"primaryImageOfPage\":{\"@id\":\"https:\\\/\\\/www.lifenatura.com\\\/es\\\/produto\\\/almidon-de-tapioca-bio-250g-salud-viva\\\/#primaryimage\"},\"image\":{\"@id\":\"https:\\\/\\\/www.lifenatura.com\\\/es\\\/produto\\\/almidon-de-tapioca-bio-250g-salud-viva\\\/#primaryimage\"},\"thumbnailUrl\":\"https:\\\/\\\/www.lifenatura.com\\\/wp-content\\\/uploads\\\/2025\\\/05\\\/amido-de-tapioca-250g-salud-viva.jpg\",\"datePublished\":\"2025-05-13T14:03:38+00:00\",\"dateModified\":\"2025-06-09T06:39:52+00:00\",\"description\":\"Almid\u00f3n de Tapioca Bio Salud Viva sin gluten, f\u00e1cil de digerir y vers\u00e1til. Ideal para platos saludables. Rico en almid\u00f3n resistente y 100% ecol\u00f3gico.\",\"breadcrumb\":{\"@id\":\"https:\\\/\\\/www.lifenatura.com\\\/es\\\/produto\\\/almidon-de-tapioca-bio-250g-salud-viva\\\/#breadcrumb\"},\"inLanguage\":\"es\",\"potentialAction\":[{\"@type\":\"ReadAction\",\"target\":[\"https:\\\/\\\/www.lifenatura.com\\\/es\\\/produto\\\/almidon-de-tapioca-bio-250g-salud-viva\\\/\"]}]},{\"@type\":\"ImageObject\",\"inLanguage\":\"es\",\"@id\":\"https:\\\/\\\/www.lifenatura.com\\\/es\\\/produto\\\/almidon-de-tapioca-bio-250g-salud-viva\\\/#primaryimage\",\"url\":\"https:\\\/\\\/www.lifenatura.com\\\/wp-content\\\/uploads\\\/2025\\\/05\\\/amido-de-tapioca-250g-salud-viva.jpg\",\"contentUrl\":\"https:\\\/\\\/www.lifenatura.com\\\/wp-content\\\/uploads\\\/2025\\\/05\\\/amido-de-tapioca-250g-salud-viva.jpg\",\"width\":1000,\"height\":1000},{\"@type\":\"BreadcrumbList\",\"@id\":\"https:\\\/\\\/www.lifenatura.com\\\/es\\\/produto\\\/almidon-de-tapioca-bio-250g-salud-viva\\\/#breadcrumb\",\"itemListElement\":[{\"@type\":\"ListItem\",\"position\":1,\"name\":\"In\u00edcio\",\"item\":\"https:\\\/\\\/www.lifenatura.com\\\/es\\\/\"},{\"@type\":\"ListItem\",\"position\":2,\"name\":\"Todos los Productos\",\"item\":\"https:\\\/\\\/www.lifenatura.com\\\/es\\\/tienda\\\/\"},{\"@type\":\"ListItem\",\"position\":3,\"name\":\"Almid\u00f3n de Tapioca Bio 250g &#8211; Salud viva\"}]},{\"@type\":\"WebSite\",\"@id\":\"https:\\\/\\\/www.lifenatura.com\\\/es\\\/#website\",\"url\":\"https:\\\/\\\/www.lifenatura.com\\\/es\\\/\",\"name\":\"Lifenatura\",\"description\":\"A Lifenatura \u00e9 uma loja de produtos naturais, cosm\u00e9tica natural e alimenta\u00e7\u00e3o Biol\u00f3gica.\",\"publisher\":{\"@id\":\"https:\\\/\\\/www.lifenatura.com\\\/es\\\/#organization\"},\"potentialAction\":[{\"@type\":\"SearchAction\",\"target\":{\"@type\":\"EntryPoint\",\"urlTemplate\":\"https:\\\/\\\/www.lifenatura.com\\\/es\\\/?s={search_term_string}\"},\"query-input\":{\"@type\":\"PropertyValueSpecification\",\"valueRequired\":true,\"valueName\":\"search_term_string\"}}],\"inLanguage\":\"es\"},{\"@type\":\"Organization\",\"@id\":\"https:\\\/\\\/www.lifenatura.com\\\/es\\\/#organization\",\"name\":\"Lifenatura\",\"url\":\"https:\\\/\\\/www.lifenatura.com\\\/es\\\/\",\"logo\":{\"@type\":\"ImageObject\",\"inLanguage\":\"es\",\"@id\":\"https:\\\/\\\/www.lifenatura.com\\\/es\\\/#\\\/schema\\\/logo\\\/image\\\/\",\"url\":\"https:\\\/\\\/www.lifenatura.com\\\/wp-content\\\/uploads\\\/2021\\\/07\\\/logo.png\",\"contentUrl\":\"https:\\\/\\\/www.lifenatura.com\\\/wp-content\\\/uploads\\\/2021\\\/07\\\/logo.png\",\"width\":175,\"height\":55,\"caption\":\"Lifenatura\"},\"image\":{\"@id\":\"https:\\\/\\\/www.lifenatura.com\\\/es\\\/#\\\/schema\\\/logo\\\/image\\\/\"},\"sameAs\":[\"https:\\\/\\\/www.facebook.com\\\/lifenatura\",\"https:\\\/\\\/www.instagram.com\\\/lifenaturapt\\\/\"],\"hasMerchantReturnPolicy\":{\"@type\":\"MerchantReturnPolicy\",\"merchantReturnLink\":\"https:\\\/\\\/www.lifenatura.com\\\/termos-condicoes-lifenatura\\\/\"}}]}<\/script>\n<meta property=\"product:price:amount\" content=\"3.29\" \/>\n<meta property=\"product:price:currency\" content=\"EUR\" \/>\n<meta property=\"og:availability\" content=\"instock\" \/>\n<meta property=\"product:availability\" content=\"instock\" \/>\n<meta property=\"product:retailer_item_id\" content=\"21790000001\" \/>\n<meta property=\"product:condition\" content=\"new\" \/>\n<!-- \/ Yoast SEO Premium plugin. -->","yoast_head_json":{"title":"Almid\u00f3n de Tapioca Bio 250g - Salud viva - Na Lifenatura ao Melhor Pre\u00e7o | Envio em 48h","description":"Almid\u00f3n de Tapioca Bio Salud Viva sin gluten, f\u00e1cil de digerir y vers\u00e1til. Ideal para platos saludables. Rico en almid\u00f3n resistente y 100% ecol\u00f3gico.","robots":{"index":"index","follow":"follow","max-snippet":"max-snippet:-1","max-image-preview":"max-image-preview:large","max-video-preview":"max-video-preview:-1"},"canonical":"https:\/\/www.lifenatura.com\/es\/produto\/almidon-de-tapioca-bio-250g-salud-viva\/","og_locale":"es_ES","og_type":"article","og_title":"Almid\u00f3n de Tapioca Bio 250g - Salud viva - Na Lifenatura ao Melhor Pre\u00e7o | Envio 48h","og_description":"Compre Almid\u00f3n de Tapioca Bio 250g - Salud viva com envio r\u00e1pido. Entrega em 48h e portes gr\u00e1tis em compras >35\u20ac. Aproveite j\u00e1 na Lifenatura","og_url":"https:\/\/www.lifenatura.com\/es\/produto\/almidon-de-tapioca-bio-250g-salud-viva\/","og_site_name":"Lifenatura","article_publisher":"https:\/\/www.facebook.com\/lifenatura","article_modified_time":"2025-06-09T06:39:52+00:00","og_image":[{"width":1000,"height":1000,"url":"https:\/\/www.lifenatura.com\/wp-content\/uploads\/2025\/05\/amido-de-tapioca-250g-salud-viva.jpg","type":"image\/jpeg"}],"twitter_card":"summary_large_image","twitter_misc":{"Precio":"3,29&nbsp;&euro;","Disponibilidad":"Disponible"},"schema":{"@context":"https:\/\/schema.org","@graph":[{"@type":"WebPage","@id":"https:\/\/www.lifenatura.com\/es\/produto\/almidon-de-tapioca-bio-250g-salud-viva\/","url":"https:\/\/www.lifenatura.com\/es\/produto\/almidon-de-tapioca-bio-250g-salud-viva\/","name":"Almid\u00f3n de Tapioca Bio 250g - Salud viva - Na Lifenatura ao Melhor Pre\u00e7o | Envio em 48h","isPartOf":{"@id":"https:\/\/www.lifenatura.com\/es\/#website"},"primaryImageOfPage":{"@id":"https:\/\/www.lifenatura.com\/es\/produto\/almidon-de-tapioca-bio-250g-salud-viva\/#primaryimage"},"image":{"@id":"https:\/\/www.lifenatura.com\/es\/produto\/almidon-de-tapioca-bio-250g-salud-viva\/#primaryimage"},"thumbnailUrl":"https:\/\/www.lifenatura.com\/wp-content\/uploads\/2025\/05\/amido-de-tapioca-250g-salud-viva.jpg","datePublished":"2025-05-13T14:03:38+00:00","dateModified":"2025-06-09T06:39:52+00:00","description":"Almid\u00f3n de Tapioca Bio Salud Viva sin gluten, f\u00e1cil de digerir y vers\u00e1til. Ideal para platos saludables. Rico en almid\u00f3n resistente y 100% ecol\u00f3gico.","breadcrumb":{"@id":"https:\/\/www.lifenatura.com\/es\/produto\/almidon-de-tapioca-bio-250g-salud-viva\/#breadcrumb"},"inLanguage":"es","potentialAction":[{"@type":"ReadAction","target":["https:\/\/www.lifenatura.com\/es\/produto\/almidon-de-tapioca-bio-250g-salud-viva\/"]}]},{"@type":"ImageObject","inLanguage":"es","@id":"https:\/\/www.lifenatura.com\/es\/produto\/almidon-de-tapioca-bio-250g-salud-viva\/#primaryimage","url":"https:\/\/www.lifenatura.com\/wp-content\/uploads\/2025\/05\/amido-de-tapioca-250g-salud-viva.jpg","contentUrl":"https:\/\/www.lifenatura.com\/wp-content\/uploads\/2025\/05\/amido-de-tapioca-250g-salud-viva.jpg","width":1000,"height":1000},{"@type":"BreadcrumbList","@id":"https:\/\/www.lifenatura.com\/es\/produto\/almidon-de-tapioca-bio-250g-salud-viva\/#breadcrumb","itemListElement":[{"@type":"ListItem","position":1,"name":"In\u00edcio","item":"https:\/\/www.lifenatura.com\/es\/"},{"@type":"ListItem","position":2,"name":"Todos los Productos","item":"https:\/\/www.lifenatura.com\/es\/tienda\/"},{"@type":"ListItem","position":3,"name":"Almid\u00f3n de Tapioca Bio 250g &#8211; Salud viva"}]},{"@type":"WebSite","@id":"https:\/\/www.lifenatura.com\/es\/#website","url":"https:\/\/www.lifenatura.com\/es\/","name":"Lifenatura","description":"A Lifenatura \u00e9 uma loja de produtos naturais, cosm\u00e9tica natural e alimenta\u00e7\u00e3o Biol\u00f3gica.","publisher":{"@id":"https:\/\/www.lifenatura.com\/es\/#organization"},"potentialAction":[{"@type":"SearchAction","target":{"@type":"EntryPoint","urlTemplate":"https:\/\/www.lifenatura.com\/es\/?s={search_term_string}"},"query-input":{"@type":"PropertyValueSpecification","valueRequired":true,"valueName":"search_term_string"}}],"inLanguage":"es"},{"@type":"Organization","@id":"https:\/\/www.lifenatura.com\/es\/#organization","name":"Lifenatura","url":"https:\/\/www.lifenatura.com\/es\/","logo":{"@type":"ImageObject","inLanguage":"es","@id":"https:\/\/www.lifenatura.com\/es\/#\/schema\/logo\/image\/","url":"https:\/\/www.lifenatura.com\/wp-content\/uploads\/2021\/07\/logo.png","contentUrl":"https:\/\/www.lifenatura.com\/wp-content\/uploads\/2021\/07\/logo.png","width":175,"height":55,"caption":"Lifenatura"},"image":{"@id":"https:\/\/www.lifenatura.com\/es\/#\/schema\/logo\/image\/"},"sameAs":["https:\/\/www.facebook.com\/lifenatura","https:\/\/www.instagram.com\/lifenaturapt\/"],"hasMerchantReturnPolicy":{"@type":"MerchantReturnPolicy","merchantReturnLink":"https:\/\/www.lifenatura.com\/termos-condicoes-lifenatura\/"}}]},"product_price_amount":"3.29","product_price_currency":"EUR","og_availability":"instock","product_availability":"instock","product_retailer_item_id":"21790000001","product_condition":"new"},"df_price":3.29,"df_sale_price":"","df_regular_price":3.29,"df_image_link":"https:\/\/www.lifenatura.com\/wp-content\/uploads\/2025\/05\/amido-de-tapioca-250g-salud-viva-300x300.jpg","_links":{"self":[{"href":"https:\/\/www.lifenatura.com\/es\/wp-json\/wp\/v2\/product\/112673","targetHints":{"allow":["GET"]}}],"collection":[{"href":"https:\/\/www.lifenatura.com\/es\/wp-json\/wp\/v2\/product"}],"about":[{"href":"https:\/\/www.lifenatura.com\/es\/wp-json\/wp\/v2\/types\/product"}],"wp:featuredmedia":[{"embeddable":true,"href":"https:\/\/www.lifenatura.com\/es\/wp-json\/wp\/v2\/media\/111597"}],"wp:attachment":[{"href":"https:\/\/www.lifenatura.com\/es\/wp-json\/wp\/v2\/media?parent=112673"}],"wp:term":[{"taxonomy":"product_brand","embeddable":true,"href":"https:\/\/www.lifenatura.com\/es\/wp-json\/wp\/v2\/product_brand?post=112673"},{"taxonomy":"product_cat","embeddable":true,"href":"https:\/\/www.lifenatura.com\/es\/wp-json\/wp\/v2\/product_cat?post=112673"},{"taxonomy":"product_tag","embeddable":true,"href":"https:\/\/www.lifenatura.com\/es\/wp-json\/wp\/v2\/product_tag?post=112673"}],"curies":[{"name":"wp","href":"https:\/\/api.w.org\/{rel}","templated":true}]}}