{"id":112669,"date":"2025-05-13T14:04:32","date_gmt":"2025-05-13T14:04:32","guid":{"rendered":"https:\/\/www.lifenatura.com\/produto\/arandano-bio-polvo-50g-salud-viva\/"},"modified":"2025-06-09T06:44:39","modified_gmt":"2025-06-09T06:44:39","slug":"arandano-bio-polvo-50g-salud-viva","status":"publish","type":"product","link":"https:\/\/www.lifenatura.com\/es\/produto\/arandano-bio-polvo-50g-salud-viva\/","title":{"rendered":"Arandano Bio polvo 50g &#8211; Salud Viva"},"content":{"rendered":"<h2 style=\"text-align: left;\" data-start=\"218\" data-end=\"283\"><strong>Arandano Bio un Antioxidante Natural para Mejorar la Salud Celular y Cognitiva<\/strong><\/h2>\n<p>&nbsp;<\/p>\n<p data-start=\"285\" data-end=\"637\"><strong data-start=\"287\" data-end=\"323\">El Polvo de Ar\u00e1ndanos Org\u00e1nicos de Salud<\/strong> Viva es un superalimento 100% natural y ecol\u00f3gico, obtenido de la deshidrataci\u00f3n de ar\u00e1ndanos maduros, conservando todas sus propiedades nutritivas. De color intenso y sabor delicadamente dulce y \u00e1cido, este polvo es una forma pr\u00e1ctica y concentrada de consumir los potentes nutrientes de los ar\u00e1ndanos.<\/p>\n<p data-start=\"639\" data-end=\"973\">Rica en <strong data-start=\"647\" data-end=\"664\">antioxidantes<\/strong>, sobre todo antocianinas, esta fruta contribuye a la <strong data-start=\"722\" data-end=\"759\">lucha contra el envejecimiento prematuro<\/strong>, la <strong data-start=\"763\" data-end=\"783\">protecci\u00f3n celular<\/strong> y el <strong data-start=\"789\" data-end=\"841\">buen funcionamiento de los sistemas nervioso y cognitivo<\/strong>. Los ar\u00e1ndanos tambi\u00e9n son conocidos por su efecto beneficioso sobre <strong data-start=\"910\" data-end=\"934\">la circulaci\u00f3n sangu\u00ednea<\/strong>, la <strong data-start=\"936\" data-end=\"945\">visi\u00f3n<\/strong> y la <strong data-start=\"948\" data-end=\"972\">salud cardiovascular<\/strong>.<\/p>\n<p data-start=\"975\" data-end=\"1190\">Vers\u00e1til y f\u00e1cil de usar, el polvo Ar\u00e1ndano Bio puede a\u00f1adirse a batidos, yogures, gachas, tortitas, postres o bebidas funcionales, enriqueciendo el valor nutritivo y el sabor de tus platos favoritos.<\/p>\n<h4 data-start=\"1192\" data-end=\"1219\">Principales ventajas:<\/h4>\n<ul data-start=\"1220\" data-end=\"1488\">\n<li data-start=\"1220\" data-end=\"1281\">\n<p data-start=\"1222\" data-end=\"1281\">Alto contenido en antioxidantes (antocianinas y polifenoles)<\/p>\n<\/li>\n<li data-start=\"1282\" data-end=\"1339\">\n<p data-start=\"1284\" data-end=\"1339\">Ayuda a proteger las c\u00e9lulas contra el estr\u00e9s oxidativo<\/p>\n<\/li>\n<li data-start=\"1340\" data-end=\"1392\">\n<p data-start=\"1342\" data-end=\"1392\">Contribuye a la salud cardiovascular y cerebral<\/p>\n<\/li>\n<li data-start=\"1393\" data-end=\"1430\">\n<p data-start=\"1395\" data-end=\"1430\">Favorece la funci\u00f3n cognitiva y visual<\/p>\n<\/li>\n<li data-start=\"1431\" data-end=\"1488\">\n<p data-start=\"1433\" data-end=\"1488\">Producto vegano, sin aditivos ni az\u00facares a\u00f1adidos<\/p>\n<\/li>\n<\/ul>\n<h4 data-start=\"1490\" data-end=\"1509\">Adecuado para:<\/h4>\n<ul data-start=\"1510\" data-end=\"1742\">\n<li data-start=\"1510\" data-end=\"1561\">\n<p data-start=\"1512\" data-end=\"1561\">Que quiere potenciar la salud celular y mental<\/p>\n<\/li>\n<li data-start=\"1562\" data-end=\"1629\">\n<p data-start=\"1564\" data-end=\"1629\">Personas con un estilo de vida activo o expuestas al estr\u00e9s oxidativo<\/p>\n<\/li>\n<li data-start=\"1630\" data-end=\"1683\">\n<p data-start=\"1632\" data-end=\"1683\">Dietas antienvejecimiento y de apoyo cognitivo<\/p>\n<\/li>\n<li data-start=\"1684\" data-end=\"1742\">\n<p data-start=\"1686\" data-end=\"1742\">Veganos, vegetarianos y amantes de la comida natural<\/p>\n<\/li>\n<\/ul>\n<p data-start=\"1744\" data-end=\"1875\"><strong data-start=\"1744\" data-end=\"1777\">Salud Viva Polvo de<\/strong> Ar\u00e1ndanos <strong data-start=\"1744\" data-end=\"1777\">Org\u00e1nicos<\/strong>: el poder de los ar\u00e1ndanos en una forma pr\u00e1ctica, nutritiva y deliciosa de cuidar tu cuerpo y tu mente.<\/p>\n<p data-start=\"1744\" data-end=\"1875\"><strong>PRESENTACI\u00d3N<\/strong><\/p>\n<p data-start=\"1744\" data-end=\"1875\">50g<\/p>\n<p data-start=\"1744\" data-end=\"1875\">\n","protected":false},"excerpt":{"rendered":"<p>R\u00e1bano Ecol\u00f3gico en Polvo Salud Viva: rico en antioxidantes, favorece la salud celular, cerebral y cardiovascular. Ideal para batidos y recetas saludables. 100% ecol\u00f3gico. [&#8230;]<\/p>\n<p><a class=\"btn btn-secondary understrap-read-more-link\" href=\"https:\/\/www.lifenatura.com\/es\/produto\/arandano-bio-polvo-50g-salud-viva\/\">Leer m\u00e1s&#8230;<span class=\"screen-reader-text\"> from Arandano Bio polvo 50g &#8211; Salud Viva<\/span><\/a><\/p>\n","protected":false},"featured_media":111495,"template":"","meta":{"_acf_changed":false},"product_brand":[8295],"product_cat":[7064,7086,7074],"product_tag":[],"class_list":{"0":"post-112669","1":"product","2":"type-product","3":"status-publish","4":"has-post-thumbnail","6":"product_brand-salud-viva","7":"product_cat-alimentacion-sana","8":"product_cat-frutos-secos-naturales","9":"product_cat-productos-alimenticios","10":"pa_caracteristicas-biologico","11":"pa_caracteristicas-sin-gluten","13":"first","14":"instock","15":"shipping-taxable","16":"purchasable","17":"product-type-simple","18":"add-to-wishlist-before_image"},"acf":[],"yoast_head":"<!-- This site is optimized with the Yoast SEO Premium plugin v27.1 (Yoast SEO v27.5) - https:\/\/yoast.com\/product\/yoast-seo-premium-wordpress\/ -->\n<title>Arandano Bio polvo 50g - Salud Viva - Na Lifenatura ao Melhor Pre\u00e7o | Envio em 48h<\/title>\n<meta name=\"description\" content=\"R\u00e1bano Ecol\u00f3gico en Polvo Salud Viva: rico en antioxidantes, favorece la salud celular, cerebral y cardiovascular. Ideal para batidos y recetas saludables.\" \/>\n<meta name=\"robots\" content=\"index, follow, max-snippet:-1, max-image-preview:large, max-video-preview:-1\" \/>\n<link rel=\"canonical\" href=\"https:\/\/www.lifenatura.com\/es\/produto\/arandano-bio-polvo-50g-salud-viva\/\" \/>\n<meta property=\"og:locale\" content=\"es_ES\" \/>\n<meta property=\"og:type\" content=\"article\" \/>\n<meta property=\"og:title\" content=\"Arandano Bio polvo 50g - Salud Viva - Na Lifenatura ao Melhor Pre\u00e7o | Envio 48h\" \/>\n<meta property=\"og:description\" content=\"Compre Arandano Bio polvo 50g - Salud Viva com envio r\u00e1pido. Entrega em 48h e portes gr\u00e1tis em compras &gt;35\u20ac. Aproveite j\u00e1 na Lifenatura\" \/>\n<meta property=\"og:url\" content=\"https:\/\/www.lifenatura.com\/es\/produto\/arandano-bio-polvo-50g-salud-viva\/\" \/>\n<meta property=\"og:site_name\" content=\"Lifenatura\" \/>\n<meta property=\"article:publisher\" content=\"https:\/\/www.facebook.com\/lifenatura\" \/>\n<meta property=\"article:modified_time\" content=\"2025-06-09T06:44:39+00:00\" \/>\n<meta property=\"og:image\" content=\"https:\/\/www.lifenatura.com\/wp-content\/uploads\/2025\/05\/maqui-berry-50g-salud-viva.jpg\" \/>\n\t<meta property=\"og:image:width\" content=\"1000\" \/>\n\t<meta property=\"og:image:height\" content=\"1000\" \/>\n\t<meta property=\"og:image:type\" content=\"image\/jpeg\" \/>\n<meta name=\"twitter:card\" content=\"summary_large_image\" \/>\n<meta name=\"twitter:label1\" content=\"Precio\" \/>\n\t<meta name=\"twitter:data1\" content=\"12,16&nbsp;&euro;\" \/>\n\t<meta name=\"twitter:label2\" content=\"Disponibilidad\" \/>\n\t<meta name=\"twitter:data2\" content=\"Disponible\" \/>\n<script type=\"application\/ld+json\" class=\"yoast-schema-graph\">{\"@context\":\"https:\\\/\\\/schema.org\",\"@graph\":[{\"@type\":\"WebPage\",\"@id\":\"https:\\\/\\\/www.lifenatura.com\\\/es\\\/produto\\\/arandano-bio-polvo-50g-salud-viva\\\/\",\"url\":\"https:\\\/\\\/www.lifenatura.com\\\/es\\\/produto\\\/arandano-bio-polvo-50g-salud-viva\\\/\",\"name\":\"Arandano Bio polvo 50g - Salud Viva - Na Lifenatura ao Melhor Pre\u00e7o | Envio em 48h\",\"isPartOf\":{\"@id\":\"https:\\\/\\\/www.lifenatura.com\\\/es\\\/#website\"},\"primaryImageOfPage\":{\"@id\":\"https:\\\/\\\/www.lifenatura.com\\\/es\\\/produto\\\/arandano-bio-polvo-50g-salud-viva\\\/#primaryimage\"},\"image\":{\"@id\":\"https:\\\/\\\/www.lifenatura.com\\\/es\\\/produto\\\/arandano-bio-polvo-50g-salud-viva\\\/#primaryimage\"},\"thumbnailUrl\":\"https:\\\/\\\/www.lifenatura.com\\\/wp-content\\\/uploads\\\/2025\\\/05\\\/maqui-berry-50g-salud-viva.jpg\",\"datePublished\":\"2025-05-13T14:04:32+00:00\",\"dateModified\":\"2025-06-09T06:44:39+00:00\",\"description\":\"R\u00e1bano Ecol\u00f3gico en Polvo Salud Viva: rico en antioxidantes, favorece la salud celular, cerebral y cardiovascular. Ideal para batidos y recetas saludables.\",\"breadcrumb\":{\"@id\":\"https:\\\/\\\/www.lifenatura.com\\\/es\\\/produto\\\/arandano-bio-polvo-50g-salud-viva\\\/#breadcrumb\"},\"inLanguage\":\"es\",\"potentialAction\":[{\"@type\":\"ReadAction\",\"target\":[\"https:\\\/\\\/www.lifenatura.com\\\/es\\\/produto\\\/arandano-bio-polvo-50g-salud-viva\\\/\"]}]},{\"@type\":\"ImageObject\",\"inLanguage\":\"es\",\"@id\":\"https:\\\/\\\/www.lifenatura.com\\\/es\\\/produto\\\/arandano-bio-polvo-50g-salud-viva\\\/#primaryimage\",\"url\":\"https:\\\/\\\/www.lifenatura.com\\\/wp-content\\\/uploads\\\/2025\\\/05\\\/maqui-berry-50g-salud-viva.jpg\",\"contentUrl\":\"https:\\\/\\\/www.lifenatura.com\\\/wp-content\\\/uploads\\\/2025\\\/05\\\/maqui-berry-50g-salud-viva.jpg\",\"width\":1000,\"height\":1000},{\"@type\":\"BreadcrumbList\",\"@id\":\"https:\\\/\\\/www.lifenatura.com\\\/es\\\/produto\\\/arandano-bio-polvo-50g-salud-viva\\\/#breadcrumb\",\"itemListElement\":[{\"@type\":\"ListItem\",\"position\":1,\"name\":\"In\u00edcio\",\"item\":\"https:\\\/\\\/www.lifenatura.com\\\/es\\\/\"},{\"@type\":\"ListItem\",\"position\":2,\"name\":\"Todos los Productos\",\"item\":\"https:\\\/\\\/www.lifenatura.com\\\/es\\\/tienda\\\/\"},{\"@type\":\"ListItem\",\"position\":3,\"name\":\"Arandano Bio polvo 50g &#8211; Salud Viva\"}]},{\"@type\":\"WebSite\",\"@id\":\"https:\\\/\\\/www.lifenatura.com\\\/es\\\/#website\",\"url\":\"https:\\\/\\\/www.lifenatura.com\\\/es\\\/\",\"name\":\"Lifenatura\",\"description\":\"A Lifenatura \u00e9 uma loja de produtos naturais, cosm\u00e9tica natural e alimenta\u00e7\u00e3o Biol\u00f3gica.\",\"publisher\":{\"@id\":\"https:\\\/\\\/www.lifenatura.com\\\/es\\\/#organization\"},\"potentialAction\":[{\"@type\":\"SearchAction\",\"target\":{\"@type\":\"EntryPoint\",\"urlTemplate\":\"https:\\\/\\\/www.lifenatura.com\\\/es\\\/?s={search_term_string}\"},\"query-input\":{\"@type\":\"PropertyValueSpecification\",\"valueRequired\":true,\"valueName\":\"search_term_string\"}}],\"inLanguage\":\"es\"},{\"@type\":\"Organization\",\"@id\":\"https:\\\/\\\/www.lifenatura.com\\\/es\\\/#organization\",\"name\":\"Lifenatura\",\"url\":\"https:\\\/\\\/www.lifenatura.com\\\/es\\\/\",\"logo\":{\"@type\":\"ImageObject\",\"inLanguage\":\"es\",\"@id\":\"https:\\\/\\\/www.lifenatura.com\\\/es\\\/#\\\/schema\\\/logo\\\/image\\\/\",\"url\":\"https:\\\/\\\/www.lifenatura.com\\\/wp-content\\\/uploads\\\/2021\\\/07\\\/logo.png\",\"contentUrl\":\"https:\\\/\\\/www.lifenatura.com\\\/wp-content\\\/uploads\\\/2021\\\/07\\\/logo.png\",\"width\":175,\"height\":55,\"caption\":\"Lifenatura\"},\"image\":{\"@id\":\"https:\\\/\\\/www.lifenatura.com\\\/es\\\/#\\\/schema\\\/logo\\\/image\\\/\"},\"sameAs\":[\"https:\\\/\\\/www.facebook.com\\\/lifenatura\",\"https:\\\/\\\/www.instagram.com\\\/lifenaturapt\\\/\"],\"hasMerchantReturnPolicy\":{\"@type\":\"MerchantReturnPolicy\",\"merchantReturnLink\":\"https:\\\/\\\/www.lifenatura.com\\\/termos-condicoes-lifenatura\\\/\"}}]}<\/script>\n<meta property=\"product:price:amount\" content=\"12.16\" \/>\n<meta property=\"product:price:currency\" content=\"EUR\" \/>\n<meta property=\"og:availability\" content=\"instock\" \/>\n<meta property=\"product:availability\" content=\"instock\" \/>\n<meta property=\"product:retailer_item_id\" content=\"1730000001\" \/>\n<meta property=\"product:condition\" content=\"new\" \/>\n<!-- \/ Yoast SEO Premium plugin. -->","yoast_head_json":{"title":"Arandano Bio polvo 50g - Salud Viva - Na Lifenatura ao Melhor Pre\u00e7o | Envio em 48h","description":"R\u00e1bano Ecol\u00f3gico en Polvo Salud Viva: rico en antioxidantes, favorece la salud celular, cerebral y cardiovascular. Ideal para batidos y recetas saludables.","robots":{"index":"index","follow":"follow","max-snippet":"max-snippet:-1","max-image-preview":"max-image-preview:large","max-video-preview":"max-video-preview:-1"},"canonical":"https:\/\/www.lifenatura.com\/es\/produto\/arandano-bio-polvo-50g-salud-viva\/","og_locale":"es_ES","og_type":"article","og_title":"Arandano Bio polvo 50g - Salud Viva - Na Lifenatura ao Melhor Pre\u00e7o | Envio 48h","og_description":"Compre Arandano Bio polvo 50g - Salud Viva com envio r\u00e1pido. Entrega em 48h e portes gr\u00e1tis em compras >35\u20ac. Aproveite j\u00e1 na Lifenatura","og_url":"https:\/\/www.lifenatura.com\/es\/produto\/arandano-bio-polvo-50g-salud-viva\/","og_site_name":"Lifenatura","article_publisher":"https:\/\/www.facebook.com\/lifenatura","article_modified_time":"2025-06-09T06:44:39+00:00","og_image":[{"width":1000,"height":1000,"url":"https:\/\/www.lifenatura.com\/wp-content\/uploads\/2025\/05\/maqui-berry-50g-salud-viva.jpg","type":"image\/jpeg"}],"twitter_card":"summary_large_image","twitter_misc":{"Precio":"12,16&nbsp;&euro;","Disponibilidad":"Disponible"},"schema":{"@context":"https:\/\/schema.org","@graph":[{"@type":"WebPage","@id":"https:\/\/www.lifenatura.com\/es\/produto\/arandano-bio-polvo-50g-salud-viva\/","url":"https:\/\/www.lifenatura.com\/es\/produto\/arandano-bio-polvo-50g-salud-viva\/","name":"Arandano Bio polvo 50g - Salud Viva - Na Lifenatura ao Melhor Pre\u00e7o | Envio em 48h","isPartOf":{"@id":"https:\/\/www.lifenatura.com\/es\/#website"},"primaryImageOfPage":{"@id":"https:\/\/www.lifenatura.com\/es\/produto\/arandano-bio-polvo-50g-salud-viva\/#primaryimage"},"image":{"@id":"https:\/\/www.lifenatura.com\/es\/produto\/arandano-bio-polvo-50g-salud-viva\/#primaryimage"},"thumbnailUrl":"https:\/\/www.lifenatura.com\/wp-content\/uploads\/2025\/05\/maqui-berry-50g-salud-viva.jpg","datePublished":"2025-05-13T14:04:32+00:00","dateModified":"2025-06-09T06:44:39+00:00","description":"R\u00e1bano Ecol\u00f3gico en Polvo Salud Viva: rico en antioxidantes, favorece la salud celular, cerebral y cardiovascular. Ideal para batidos y recetas saludables.","breadcrumb":{"@id":"https:\/\/www.lifenatura.com\/es\/produto\/arandano-bio-polvo-50g-salud-viva\/#breadcrumb"},"inLanguage":"es","potentialAction":[{"@type":"ReadAction","target":["https:\/\/www.lifenatura.com\/es\/produto\/arandano-bio-polvo-50g-salud-viva\/"]}]},{"@type":"ImageObject","inLanguage":"es","@id":"https:\/\/www.lifenatura.com\/es\/produto\/arandano-bio-polvo-50g-salud-viva\/#primaryimage","url":"https:\/\/www.lifenatura.com\/wp-content\/uploads\/2025\/05\/maqui-berry-50g-salud-viva.jpg","contentUrl":"https:\/\/www.lifenatura.com\/wp-content\/uploads\/2025\/05\/maqui-berry-50g-salud-viva.jpg","width":1000,"height":1000},{"@type":"BreadcrumbList","@id":"https:\/\/www.lifenatura.com\/es\/produto\/arandano-bio-polvo-50g-salud-viva\/#breadcrumb","itemListElement":[{"@type":"ListItem","position":1,"name":"In\u00edcio","item":"https:\/\/www.lifenatura.com\/es\/"},{"@type":"ListItem","position":2,"name":"Todos los Productos","item":"https:\/\/www.lifenatura.com\/es\/tienda\/"},{"@type":"ListItem","position":3,"name":"Arandano Bio polvo 50g &#8211; Salud Viva"}]},{"@type":"WebSite","@id":"https:\/\/www.lifenatura.com\/es\/#website","url":"https:\/\/www.lifenatura.com\/es\/","name":"Lifenatura","description":"A Lifenatura \u00e9 uma loja de produtos naturais, cosm\u00e9tica natural e alimenta\u00e7\u00e3o Biol\u00f3gica.","publisher":{"@id":"https:\/\/www.lifenatura.com\/es\/#organization"},"potentialAction":[{"@type":"SearchAction","target":{"@type":"EntryPoint","urlTemplate":"https:\/\/www.lifenatura.com\/es\/?s={search_term_string}"},"query-input":{"@type":"PropertyValueSpecification","valueRequired":true,"valueName":"search_term_string"}}],"inLanguage":"es"},{"@type":"Organization","@id":"https:\/\/www.lifenatura.com\/es\/#organization","name":"Lifenatura","url":"https:\/\/www.lifenatura.com\/es\/","logo":{"@type":"ImageObject","inLanguage":"es","@id":"https:\/\/www.lifenatura.com\/es\/#\/schema\/logo\/image\/","url":"https:\/\/www.lifenatura.com\/wp-content\/uploads\/2021\/07\/logo.png","contentUrl":"https:\/\/www.lifenatura.com\/wp-content\/uploads\/2021\/07\/logo.png","width":175,"height":55,"caption":"Lifenatura"},"image":{"@id":"https:\/\/www.lifenatura.com\/es\/#\/schema\/logo\/image\/"},"sameAs":["https:\/\/www.facebook.com\/lifenatura","https:\/\/www.instagram.com\/lifenaturapt\/"],"hasMerchantReturnPolicy":{"@type":"MerchantReturnPolicy","merchantReturnLink":"https:\/\/www.lifenatura.com\/termos-condicoes-lifenatura\/"}}]},"product_price_amount":"12.16","product_price_currency":"EUR","og_availability":"instock","product_availability":"instock","product_retailer_item_id":"1730000001","product_condition":"new"},"df_price":12.16,"df_sale_price":"","df_regular_price":12.16,"df_image_link":"https:\/\/www.lifenatura.com\/wp-content\/uploads\/2025\/05\/maqui-berry-50g-salud-viva-300x300.jpg","_links":{"self":[{"href":"https:\/\/www.lifenatura.com\/es\/wp-json\/wp\/v2\/product\/112669","targetHints":{"allow":["GET"]}}],"collection":[{"href":"https:\/\/www.lifenatura.com\/es\/wp-json\/wp\/v2\/product"}],"about":[{"href":"https:\/\/www.lifenatura.com\/es\/wp-json\/wp\/v2\/types\/product"}],"wp:featuredmedia":[{"embeddable":true,"href":"https:\/\/www.lifenatura.com\/es\/wp-json\/wp\/v2\/media\/111495"}],"wp:attachment":[{"href":"https:\/\/www.lifenatura.com\/es\/wp-json\/wp\/v2\/media?parent=112669"}],"wp:term":[{"taxonomy":"product_brand","embeddable":true,"href":"https:\/\/www.lifenatura.com\/es\/wp-json\/wp\/v2\/product_brand?post=112669"},{"taxonomy":"product_cat","embeddable":true,"href":"https:\/\/www.lifenatura.com\/es\/wp-json\/wp\/v2\/product_cat?post=112669"},{"taxonomy":"product_tag","embeddable":true,"href":"https:\/\/www.lifenatura.com\/es\/wp-json\/wp\/v2\/product_tag?post=112669"}],"curies":[{"name":"wp","href":"https:\/\/api.w.org\/{rel}","templated":true}]}}