{"id":112666,"date":"2025-05-15T16:58:20","date_gmt":"2025-05-15T16:58:20","guid":{"rendered":"https:\/\/www.lifenatura.com\/produto\/crema-solar-para-bebes-spf50-bio-40ml-bioregena\/"},"modified":"2025-06-02T13:11:59","modified_gmt":"2025-06-02T13:11:59","slug":"crema-solar-para-bebes-spf50-bio-40ml-bioregena","status":"publish","type":"product","link":"https:\/\/www.lifenatura.com\/es\/produto\/crema-solar-para-bebes-spf50-bio-40ml-bioregena\/","title":{"rendered":"Crema solar para beb\u00e9s SPF50+ Bio 40ml &#8211; Bioregena"},"content":{"rendered":"<h2 style=\"text-align: left;\" data-start=\"239\" data-end=\"309\"><strong>Crema protectora solar segura y natural para la piel sensible de los ni\u00f1os<\/strong><\/h2>\n<p>&nbsp;<\/p>\n<p data-start=\"311\" data-end=\"670\"><strong data-start=\"313\" data-end=\"374\">La Crema Solar SPF50 Bio para Ni\u00f1os de Bioregena<\/strong> se ha formulado espec\u00edficamente para garantizar una protecci\u00f3n eficaz e inmediata de la piel delicada y vulnerable de los ni\u00f1os. Con <strong data-start=\"497\" data-end=\"526\">filtros minerales naturales<\/strong>, ofrece <strong data-start=\"540\" data-end=\"596\">una protecci\u00f3n de amplio espectro contra los rayos UVA y UVB<\/strong>, sin utilizar filtros qu\u00edmicos, fragancias ni ingredientes agresivos.<\/p>\n<p data-start=\"672\" data-end=\"1032\">Su textura cremosa y f\u00e1cil de extender es <strong data-start=\"716\" data-end=\"737\">resistente al agua<\/strong>, ideal para actividades al aire libre, en la playa o en la piscina. Su f\u00f3rmula ecol\u00f3gica, certificada por <strong data-start=\"836\" data-end=\"854\">COSMOS BIO<\/strong>, combina ingredientes de alta calidad, como el <strong data-start=\"906\" data-end=\"929\">aceite de karanja ecol\u00f3gico<\/strong> y el <strong data-start=\"934\" data-end=\"956\">aceite de s\u00e9samo ecol\u00f3gico<\/strong>, conocidos por sus propiedades nutritivas, antioxidantes y protectoras.<\/p>\n<p data-start=\"1034\" data-end=\"1242\">Sin perfume y dermatol\u00f3gicamente testada, esta crema es ideal para las pieles sensibles y reactivas, ya que proporciona una protecci\u00f3n solar eficaz respetando el equilibrio natural de la piel de los ni\u00f1os.<\/p>\n<h4 data-start=\"1244\" data-end=\"1271\">Principales ventajas:<\/h4>\n<ul data-start=\"1272\" data-end=\"1570\">\n<li data-start=\"1272\" data-end=\"1335\">\n<p data-start=\"1274\" data-end=\"1335\">Filtros minerales 100% naturales: protecci\u00f3n inmediata y segura<\/p>\n<\/li>\n<li data-start=\"1336\" data-end=\"1379\">\n<p data-start=\"1338\" data-end=\"1379\">SPF50 &#8211; alta protecci\u00f3n contra los rayos UVA\/UVB<\/p>\n<\/li>\n<li data-start=\"1380\" data-end=\"1432\">\n<p data-start=\"1382\" data-end=\"1432\">Sin perfume, parabenos, alcohol ni nanopart\u00edculas<\/p>\n<\/li>\n<li data-start=\"1433\" data-end=\"1478\">\n<p data-start=\"1435\" data-end=\"1478\">Enriquecido con aceites vegetales nutritivos<\/p>\n<\/li>\n<li data-start=\"1479\" data-end=\"1533\">\n<p data-start=\"1481\" data-end=\"1533\">Resistente al agua: ideal para jugar al sol<\/p>\n<\/li>\n<li data-start=\"1534\" data-end=\"1570\">\n<p data-start=\"1536\" data-end=\"1570\">Textura suave y f\u00e1cil de aplicar<\/p>\n<\/li>\n<\/ul>\n<h4 data-start=\"1572\" data-end=\"1591\">Adecuado para:<\/h4>\n<ul data-start=\"1592\" data-end=\"1743\">\n<li data-start=\"1592\" data-end=\"1625\">\n<p data-start=\"1594\" data-end=\"1625\">Ni\u00f1os a partir de 6 meses<\/p>\n<\/li>\n<li data-start=\"1626\" data-end=\"1683\">\n<p data-start=\"1628\" data-end=\"1683\">Piel sensible, reactiva o propensa a las alergias<\/p>\n<\/li>\n<li data-start=\"1684\" data-end=\"1743\">\n<p data-start=\"1686\" data-end=\"1743\">Padres que buscan una protecci\u00f3n solar eficaz y ecol\u00f3gica<\/p>\n<\/li>\n<\/ul>\n<p data-start=\"1745\" data-end=\"1866\"><strong data-start=\"1745\" data-end=\"1806\">Bioregena Crema Solar Bio SPF50 para Ni\u00f1os<\/strong>: protecci\u00f3n eficaz, natural y segura para los d\u00edas soleados.<\/p>\n<p data-start=\"1745\" data-end=\"1866\"><strong>PRESENTACI\u00d3N<\/strong><\/p>\n<p data-start=\"1745\" data-end=\"1866\">40 ml<\/p>\n<p data-start=\"1745\" data-end=\"1866\">\n","protected":false},"excerpt":{"rendered":"<p>Crema Solar Bio SPF50 Ni\u00f1os Bioregena: protecci\u00f3n natural con filtros minerales, sin perfume, ideal para pieles sensibles. Resistente al agua. [&#8230;]<\/p>\n<p><a class=\"btn btn-secondary understrap-read-more-link\" href=\"https:\/\/www.lifenatura.com\/es\/produto\/crema-solar-para-bebes-spf50-bio-40ml-bioregena\/\">Leer m\u00e1s&#8230;<span class=\"screen-reader-text\"> from Crema solar para beb\u00e9s SPF50+ Bio 40ml &#8211; Bioregena<\/span><\/a><\/p>\n","protected":false},"featured_media":111846,"template":"","meta":{"_acf_changed":false},"product_brand":[8304],"product_cat":[7653,7139,7143],"product_tag":[],"class_list":{"0":"post-112666","1":"product","2":"type-product","3":"status-publish","4":"has-post-thumbnail","6":"product_brand-bioregena","7":"product_cat-cosmetica-natural-lifenatura","8":"product_cat-proteccion-solar","9":"product_cat-proteccion-spf-50","10":"pa_caracteristicas-biologico","12":"first","13":"instock","14":"shipping-taxable","15":"purchasable","16":"product-type-simple","17":"add-to-wishlist-before_image"},"acf":[],"yoast_head":"<!-- This site is optimized with the Yoast SEO Premium plugin v27.1 (Yoast SEO v27.4) - https:\/\/yoast.com\/product\/yoast-seo-premium-wordpress\/ -->\n<title>Crema solar para beb\u00e9s SPF50+ Bio 40ml - Bioregena - Lifenatura<\/title>\n<meta name=\"description\" content=\"Crema Solar Bio SPF50 Ni\u00f1os Bioregena: protecci\u00f3n natural con filtros minerales, sin perfume, ideal para pieles sensibles. Resistente al agua.\" \/>\n<meta name=\"robots\" content=\"index, follow, max-snippet:-1, max-image-preview:large, max-video-preview:-1\" \/>\n<link rel=\"canonical\" href=\"https:\/\/www.lifenatura.com\/es\/produto\/crema-solar-para-bebes-spf50-bio-40ml-bioregena\/\" \/>\n<meta property=\"og:locale\" content=\"es_ES\" \/>\n<meta property=\"og:type\" content=\"article\" \/>\n<meta property=\"og:title\" content=\"Crema solar para beb\u00e9s SPF50+ Bio 40ml - Bioregena - Lifenatura\" \/>\n<meta property=\"og:description\" content=\"Compre aqui o seu Crema solar para beb\u00e9s SPF50+ Bio 40ml - Bioregena e a Lifenatura Online envia em 48 H com Portes Gratis &gt;35\u20ac de Pedido.\" \/>\n<meta property=\"og:url\" content=\"https:\/\/www.lifenatura.com\/es\/produto\/crema-solar-para-bebes-spf50-bio-40ml-bioregena\/\" \/>\n<meta property=\"og:site_name\" content=\"Lifenatura\" \/>\n<meta property=\"article:publisher\" content=\"https:\/\/www.facebook.com\/lifenatura\" \/>\n<meta property=\"article:modified_time\" content=\"2025-06-02T13:11:59+00:00\" \/>\n<meta property=\"og:image\" content=\"https:\/\/www.lifenatura.com\/wp-content\/uploads\/2025\/05\/creme-protetor-solar-bebe-SPF50-40ml-bioregena.jpg\" \/>\n\t<meta property=\"og:image:width\" content=\"1000\" \/>\n\t<meta property=\"og:image:height\" content=\"1000\" \/>\n\t<meta property=\"og:image:type\" content=\"image\/jpeg\" \/>\n<meta name=\"twitter:card\" content=\"summary_large_image\" \/>\n<meta name=\"twitter:label1\" content=\"Precio\" \/>\n\t<meta name=\"twitter:data1\" content=\"24,74&nbsp;&euro;\" \/>\n\t<meta name=\"twitter:label2\" content=\"Disponibilidad\" \/>\n\t<meta name=\"twitter:data2\" content=\"Disponible\" \/>\n<meta property=\"product:price:amount\" content=\"24.74\" \/>\n<meta property=\"product:price:currency\" content=\"EUR\" \/>\n<meta property=\"og:availability\" content=\"instock\" \/>\n<meta property=\"product:availability\" content=\"instock\" \/>\n<meta property=\"product:retailer_item_id\" content=\"3700067371965\" \/>\n<meta property=\"product:condition\" content=\"new\" \/>\n<!-- \/ Yoast SEO Premium plugin. -->","yoast_head_json":{"title":"Crema solar para beb\u00e9s SPF50+ Bio 40ml - Bioregena - Lifenatura","description":"Crema Solar Bio SPF50 Ni\u00f1os Bioregena: protecci\u00f3n natural con filtros minerales, sin perfume, ideal para pieles sensibles. Resistente al agua.","robots":{"index":"index","follow":"follow","max-snippet":"max-snippet:-1","max-image-preview":"max-image-preview:large","max-video-preview":"max-video-preview:-1"},"canonical":"https:\/\/www.lifenatura.com\/es\/produto\/crema-solar-para-bebes-spf50-bio-40ml-bioregena\/","og_locale":"es_ES","og_type":"article","og_title":"Crema solar para beb\u00e9s SPF50+ Bio 40ml - Bioregena - Lifenatura","og_description":"Compre aqui o seu Crema solar para beb\u00e9s SPF50+ Bio 40ml - Bioregena e a Lifenatura Online envia em 48 H com Portes Gratis >35\u20ac de Pedido.","og_url":"https:\/\/www.lifenatura.com\/es\/produto\/crema-solar-para-bebes-spf50-bio-40ml-bioregena\/","og_site_name":"Lifenatura","article_publisher":"https:\/\/www.facebook.com\/lifenatura","article_modified_time":"2025-06-02T13:11:59+00:00","og_image":[{"width":1000,"height":1000,"url":"https:\/\/www.lifenatura.com\/wp-content\/uploads\/2025\/05\/creme-protetor-solar-bebe-SPF50-40ml-bioregena.jpg","type":"image\/jpeg"}],"twitter_card":"summary_large_image","twitter_misc":{"Precio":"24,74&nbsp;&euro;","Disponibilidad":"Disponible"},"schema":{"@context":"https:\/\/schema.org","@graph":[{"@type":"WebPage","@id":"https:\/\/www.lifenatura.com\/es\/produto\/crema-solar-para-bebes-spf50-bio-40ml-bioregena\/","url":"https:\/\/www.lifenatura.com\/es\/produto\/crema-solar-para-bebes-spf50-bio-40ml-bioregena\/","name":"Crema solar para beb\u00e9s SPF50+ Bio 40ml - Bioregena - Lifenatura","isPartOf":{"@id":"https:\/\/www.lifenatura.com\/es\/#website"},"primaryImageOfPage":{"@id":"https:\/\/www.lifenatura.com\/es\/produto\/crema-solar-para-bebes-spf50-bio-40ml-bioregena\/#primaryimage"},"image":{"@id":"https:\/\/www.lifenatura.com\/es\/produto\/crema-solar-para-bebes-spf50-bio-40ml-bioregena\/#primaryimage"},"thumbnailUrl":"https:\/\/www.lifenatura.com\/wp-content\/uploads\/2025\/05\/creme-protetor-solar-bebe-SPF50-40ml-bioregena.jpg","datePublished":"2025-05-15T16:58:20+00:00","dateModified":"2025-06-02T13:11:59+00:00","description":"Crema Solar Bio SPF50 Ni\u00f1os Bioregena: protecci\u00f3n natural con filtros minerales, sin perfume, ideal para pieles sensibles. Resistente al agua.","breadcrumb":{"@id":"https:\/\/www.lifenatura.com\/es\/produto\/crema-solar-para-bebes-spf50-bio-40ml-bioregena\/#breadcrumb"},"inLanguage":"es","potentialAction":[{"@type":"ReadAction","target":["https:\/\/www.lifenatura.com\/es\/produto\/crema-solar-para-bebes-spf50-bio-40ml-bioregena\/"]}]},{"@type":"ImageObject","inLanguage":"es","@id":"https:\/\/www.lifenatura.com\/es\/produto\/crema-solar-para-bebes-spf50-bio-40ml-bioregena\/#primaryimage","url":"https:\/\/www.lifenatura.com\/wp-content\/uploads\/2025\/05\/creme-protetor-solar-bebe-SPF50-40ml-bioregena.jpg","contentUrl":"https:\/\/www.lifenatura.com\/wp-content\/uploads\/2025\/05\/creme-protetor-solar-bebe-SPF50-40ml-bioregena.jpg","width":1000,"height":1000},{"@type":"BreadcrumbList","@id":"https:\/\/www.lifenatura.com\/es\/produto\/crema-solar-para-bebes-spf50-bio-40ml-bioregena\/#breadcrumb","itemListElement":[{"@type":"ListItem","position":1,"name":"In\u00edcio","item":"https:\/\/www.lifenatura.com\/es\/"},{"@type":"ListItem","position":2,"name":"Todos los Productos","item":"https:\/\/www.lifenatura.com\/es\/tienda\/"},{"@type":"ListItem","position":3,"name":"Crema solar para beb\u00e9s SPF50+ Bio 40ml &#8211; Bioregena"}]},{"@type":"WebSite","@id":"https:\/\/www.lifenatura.com\/es\/#website","url":"https:\/\/www.lifenatura.com\/es\/","name":"Lifenatura","description":"A Lifenatura \u00e9 uma loja de produtos naturais, cosm\u00e9tica natural e alimenta\u00e7\u00e3o Biol\u00f3gica.","publisher":{"@id":"https:\/\/www.lifenatura.com\/es\/#organization"},"potentialAction":[{"@type":"SearchAction","target":{"@type":"EntryPoint","urlTemplate":"https:\/\/www.lifenatura.com\/es\/?s={search_term_string}"},"query-input":{"@type":"PropertyValueSpecification","valueRequired":true,"valueName":"search_term_string"}}],"inLanguage":"es"},{"@type":"Organization","@id":"https:\/\/www.lifenatura.com\/es\/#organization","name":"Lifenatura","url":"https:\/\/www.lifenatura.com\/es\/","logo":{"@type":"ImageObject","inLanguage":"es","@id":"https:\/\/www.lifenatura.com\/es\/#\/schema\/logo\/image\/","url":"https:\/\/www.lifenatura.com\/wp-content\/uploads\/2021\/11\/logo.png","contentUrl":"https:\/\/www.lifenatura.com\/wp-content\/uploads\/2021\/11\/logo.png","width":175,"height":55,"caption":"Lifenatura"},"image":{"@id":"https:\/\/www.lifenatura.com\/es\/#\/schema\/logo\/image\/"},"sameAs":["https:\/\/www.facebook.com\/lifenatura","https:\/\/www.instagram.com\/lifenaturapt\/"]}]},"product_price_amount":"24.74","product_price_currency":"EUR","og_availability":"instock","product_availability":"instock","product_retailer_item_id":"3700067371965","product_condition":"new"},"df_price":24.74,"df_sale_price":"","df_regular_price":24.74,"df_image_link":"https:\/\/www.lifenatura.com\/wp-content\/uploads\/2025\/05\/creme-protetor-solar-bebe-SPF50-40ml-bioregena-300x300.jpg","_links":{"self":[{"href":"https:\/\/www.lifenatura.com\/es\/wp-json\/wp\/v2\/product\/112666","targetHints":{"allow":["GET"]}}],"collection":[{"href":"https:\/\/www.lifenatura.com\/es\/wp-json\/wp\/v2\/product"}],"about":[{"href":"https:\/\/www.lifenatura.com\/es\/wp-json\/wp\/v2\/types\/product"}],"wp:featuredmedia":[{"embeddable":true,"href":"https:\/\/www.lifenatura.com\/es\/wp-json\/wp\/v2\/media\/111846"}],"wp:attachment":[{"href":"https:\/\/www.lifenatura.com\/es\/wp-json\/wp\/v2\/media?parent=112666"}],"wp:term":[{"taxonomy":"product_brand","embeddable":true,"href":"https:\/\/www.lifenatura.com\/es\/wp-json\/wp\/v2\/product_brand?post=112666"},{"taxonomy":"product_cat","embeddable":true,"href":"https:\/\/www.lifenatura.com\/es\/wp-json\/wp\/v2\/product_cat?post=112666"},{"taxonomy":"product_tag","embeddable":true,"href":"https:\/\/www.lifenatura.com\/es\/wp-json\/wp\/v2\/product_tag?post=112666"}],"curies":[{"name":"wp","href":"https:\/\/api.w.org\/{rel}","templated":true}]}}