{"id":112650,"date":"2025-05-29T12:53:16","date_gmt":"2025-05-29T12:53:16","guid":{"rendered":"https:\/\/www.lifenatura.com\/?post_type=product&#038;p=112650"},"modified":"2026-04-21T00:04:01","modified_gmt":"2026-04-21T00:04:01","slug":"drenalight-drenante-y-reafirmante-pack","status":"publish","type":"product","link":"https:\/\/www.lifenatura.com\/es\/produto\/drenalight-drenante-y-reafirmante-pack\/","title":{"rendered":"Drenalight Drenante y Reafirmante Pack Lleva 4 Pago 3"},"content":{"rendered":"<h2 style=\"text-align: left;\"><strong>Drenalight drenaje y firme para combatir el sobrepeso &#8211; Lleva 4 Pago 3<\/strong><\/h2>\n<p>&nbsp;<\/p>\n<p>Drenalight drenaje firme de Dietmed es un complemento alimenticio a base de hierbas que, asociado con una dieta sana y equilibrada, ayuda a combatir el sobrepeso, combatir la retenci\u00f3n de l\u00edquidos.<\/p>\n<p><strong>Disponible ahora en pack promoci\u00f3n Lleva 4 Pago 3<\/strong><\/p>\n<p>Drenalight Drena y Reafirma de Dietmed es un complemento alimenticio l\u00edquido formulado para favorecer la eliminaci\u00f3n de l\u00edquidos retenidos y mejorar la firmeza de la piel.<\/p>\n<p>Con una combinaci\u00f3n de extractos de plantas como la alcachofa, el casta\u00f1o de indias, el hibisco y la vid roja, este producto trabaja para reducir la hinchaz\u00f3n y tonificar el cuerpo, contribuyendo a una silueta m\u00e1s definida y una piel de aspecto m\u00e1s joven.<\/p>\n<p>La alcachofa contribuye a la p\u00e9rdida de peso como parte de una dieta hipocal\u00f3rica. El casta\u00f1o de indias ayuda a mantener una piel normal. El hibisco favorece el drenaje del organismo, mientras que la vid roja ayuda a proteger las c\u00e9lulas contra la oxidaci\u00f3n no deseada.<\/p>\n<p><strong>Principales beneficios:<\/strong><\/p>\n<ul>\n<li>Favorece el drenaje del organismo, reduciendo la retenci\u00f3n de l\u00edquidos<\/li>\n<li>Contribuye a la p\u00e9rdida de peso cuando se combina con una dieta equilibrada<\/li>\n<li>Ayuda a mantener la piel firme y sana<\/li>\n<li>Protege las c\u00e9lulas contra el estr\u00e9s oxidativo<\/li>\n<\/ul>\n<p>Agradable sabor a frutos rojos<\/p>\n<p>Traducci\u00f3n realizada con la versi\u00f3n gratuita del traductor DeepL.com<\/p>\n<p>La Alcachofa en el contexto de una dieta de bajo valor energ\u00e9tico, contribuye a la p\u00e9rdida de peso. El Casta\u00f1o de Indias contribuye al mantenimiento de una piel normal<\/p>\n<p>El Hibisco ayuda a drenar el organismo La Vid Roja contribuye a la protecci\u00f3n de las c\u00e9lulas contra el estr\u00e9s oxidativo.<\/p>\n<p><strong>PRESENTACI\u00d3N<\/strong><\/p>\n<p>600 ml x 4<\/p>\n<p>&nbsp;<\/p>\n","protected":false},"excerpt":{"rendered":"<p>Drenalight drenante ahora en pack Lleva 4 Pago 3 a base de plantas que ayuda a combatir el exceso de peso, combatir la retenci\u00f3n de l\u00edquidos. [&#8230;]<\/p>\n<p><a class=\"btn btn-secondary understrap-read-more-link\" href=\"https:\/\/www.lifenatura.com\/es\/produto\/drenalight-drenante-y-reafirmante-pack\/\">Leer m\u00e1s&#8230;<span class=\"screen-reader-text\"> from Drenalight Drenante y Reafirmante Pack Lleva 4 Pago 3<\/span><\/a><\/p>\n","protected":false},"featured_media":112632,"template":"","meta":{"_acf_changed":false},"product_brand":[8499],"product_cat":[7190,7193,7263,8048,7179],"product_tag":[],"class_list":{"0":"post-112650","1":"product","2":"type-product","3":"status-publish","4":"has-post-thumbnail","6":"product_brand-drenalight","7":"product_cat-adelgazar","8":"product_cat-drenante-y-detox","9":"product_cat-packs-de-salud","10":"product_cat-paga-3-lleva-4","11":"product_cat-salud","13":"first","14":"instock","15":"sale","16":"shipping-taxable","17":"purchasable","18":"product-type-woosb","19":"add-to-wishlist-before_image"},"acf":[],"yoast_head":"<!-- This site is optimized with the Yoast SEO Premium plugin v27.1 (Yoast SEO v27.5) - https:\/\/yoast.com\/product\/yoast-seo-premium-wordpress\/ -->\n<title>Drenalight Drenante y Reafirmante Pack Lleva 4 Pago 3 - Na Lifenatura ao Melhor Pre\u00e7o | Envio em 48h<\/title>\n<meta name=\"description\" content=\"Drenalight drenante ahora en pack Lleva 4 Pago 3 a base de plantas que ayuda a combatir el exceso de peso, combatir la retenci\u00f3n de l\u00edquidos.\" \/>\n<meta name=\"robots\" content=\"index, follow, max-snippet:-1, max-image-preview:large, max-video-preview:-1\" \/>\n<link rel=\"canonical\" href=\"https:\/\/www.lifenatura.com\/es\/produto\/drenalight-drenante-y-reafirmante-pack\/\" \/>\n<meta property=\"og:locale\" content=\"es_ES\" \/>\n<meta property=\"og:type\" content=\"article\" \/>\n<meta property=\"og:title\" content=\"Drenalight Drenante y Reafirmante Pack Lleva 4 Pago 3 - Na Lifenatura ao Melhor Pre\u00e7o | Envio 48h\" \/>\n<meta property=\"og:description\" content=\"Compre Drenalight Drenante y Reafirmante Pack Lleva 4 Pago 3 com envio r\u00e1pido. Entrega em 48h e portes gr\u00e1tis em compras &gt;35\u20ac. Aproveite j\u00e1 na Lifenatura\" \/>\n<meta property=\"og:url\" content=\"https:\/\/www.lifenatura.com\/es\/produto\/drenalight-drenante-y-reafirmante-pack\/\" \/>\n<meta property=\"og:site_name\" content=\"Lifenatura\" \/>\n<meta property=\"article:publisher\" content=\"https:\/\/www.facebook.com\/lifenatura\" \/>\n<meta property=\"article:modified_time\" content=\"2026-04-21T00:04:01+00:00\" \/>\n<meta property=\"og:image\" content=\"https:\/\/www.lifenatura.com\/wp-content\/uploads\/2021\/09\/drenalight-drain-firm-l4p3.jpg\" \/>\n\t<meta property=\"og:image:width\" content=\"1000\" \/>\n\t<meta property=\"og:image:height\" content=\"1000\" \/>\n\t<meta property=\"og:image:type\" content=\"image\/jpeg\" \/>\n<meta name=\"twitter:card\" content=\"summary_large_image\" \/>\n<meta name=\"twitter:label1\" content=\"Precio\" \/>\n\t<meta name=\"twitter:data1\" content=\"72,32&nbsp;&euro;\" \/>\n\t<meta name=\"twitter:label2\" content=\"Disponibilidad\" \/>\n\t<meta name=\"twitter:data2\" content=\"Disponible\" \/>\n<script type=\"application\/ld+json\" class=\"yoast-schema-graph\">{\"@context\":\"https:\\\/\\\/schema.org\",\"@graph\":[{\"@type\":\"WebPage\",\"@id\":\"https:\\\/\\\/www.lifenatura.com\\\/es\\\/produto\\\/drenalight-drenante-y-reafirmante-pack\\\/\",\"url\":\"https:\\\/\\\/www.lifenatura.com\\\/es\\\/produto\\\/drenalight-drenante-y-reafirmante-pack\\\/\",\"name\":\"Drenalight Drenante y Reafirmante Pack Lleva 4 Pago 3 - Na Lifenatura ao Melhor Pre\u00e7o | Envio em 48h\",\"isPartOf\":{\"@id\":\"https:\\\/\\\/www.lifenatura.com\\\/es\\\/#website\"},\"primaryImageOfPage\":{\"@id\":\"https:\\\/\\\/www.lifenatura.com\\\/es\\\/produto\\\/drenalight-drenante-y-reafirmante-pack\\\/#primaryimage\"},\"image\":{\"@id\":\"https:\\\/\\\/www.lifenatura.com\\\/es\\\/produto\\\/drenalight-drenante-y-reafirmante-pack\\\/#primaryimage\"},\"thumbnailUrl\":\"https:\\\/\\\/www.lifenatura.com\\\/wp-content\\\/uploads\\\/2021\\\/09\\\/drenalight-drain-firm-l4p3.jpg\",\"datePublished\":\"2025-05-29T12:53:16+00:00\",\"dateModified\":\"2026-04-21T00:04:01+00:00\",\"description\":\"Drenalight drenante ahora en pack Lleva 4 Pago 3 a base de plantas que ayuda a combatir el exceso de peso, combatir la retenci\u00f3n de l\u00edquidos.\",\"breadcrumb\":{\"@id\":\"https:\\\/\\\/www.lifenatura.com\\\/es\\\/produto\\\/drenalight-drenante-y-reafirmante-pack\\\/#breadcrumb\"},\"inLanguage\":\"es\",\"potentialAction\":[{\"@type\":\"ReadAction\",\"target\":[\"https:\\\/\\\/www.lifenatura.com\\\/es\\\/produto\\\/drenalight-drenante-y-reafirmante-pack\\\/\"]}]},{\"@type\":\"ImageObject\",\"inLanguage\":\"es\",\"@id\":\"https:\\\/\\\/www.lifenatura.com\\\/es\\\/produto\\\/drenalight-drenante-y-reafirmante-pack\\\/#primaryimage\",\"url\":\"https:\\\/\\\/www.lifenatura.com\\\/wp-content\\\/uploads\\\/2021\\\/09\\\/drenalight-drain-firm-l4p3.jpg\",\"contentUrl\":\"https:\\\/\\\/www.lifenatura.com\\\/wp-content\\\/uploads\\\/2021\\\/09\\\/drenalight-drain-firm-l4p3.jpg\",\"width\":1000,\"height\":1000,\"caption\":\"Drenalight drenante e firmeza Leve 4 Pague 3\"},{\"@type\":\"BreadcrumbList\",\"@id\":\"https:\\\/\\\/www.lifenatura.com\\\/es\\\/produto\\\/drenalight-drenante-y-reafirmante-pack\\\/#breadcrumb\",\"itemListElement\":[{\"@type\":\"ListItem\",\"position\":1,\"name\":\"In\u00edcio\",\"item\":\"https:\\\/\\\/www.lifenatura.com\\\/es\\\/\"},{\"@type\":\"ListItem\",\"position\":2,\"name\":\"Todos los Productos\",\"item\":\"https:\\\/\\\/www.lifenatura.com\\\/es\\\/tienda\\\/\"},{\"@type\":\"ListItem\",\"position\":3,\"name\":\"Drenalight Drenante y Reafirmante Pack Lleva 4 Pago 3\"}]},{\"@type\":\"WebSite\",\"@id\":\"https:\\\/\\\/www.lifenatura.com\\\/es\\\/#website\",\"url\":\"https:\\\/\\\/www.lifenatura.com\\\/es\\\/\",\"name\":\"Lifenatura\",\"description\":\"A Lifenatura \u00e9 uma loja de produtos naturais, cosm\u00e9tica natural e alimenta\u00e7\u00e3o Biol\u00f3gica.\",\"publisher\":{\"@id\":\"https:\\\/\\\/www.lifenatura.com\\\/es\\\/#organization\"},\"potentialAction\":[{\"@type\":\"SearchAction\",\"target\":{\"@type\":\"EntryPoint\",\"urlTemplate\":\"https:\\\/\\\/www.lifenatura.com\\\/es\\\/?s={search_term_string}\"},\"query-input\":{\"@type\":\"PropertyValueSpecification\",\"valueRequired\":true,\"valueName\":\"search_term_string\"}}],\"inLanguage\":\"es\"},{\"@type\":\"Organization\",\"@id\":\"https:\\\/\\\/www.lifenatura.com\\\/es\\\/#organization\",\"name\":\"Lifenatura\",\"url\":\"https:\\\/\\\/www.lifenatura.com\\\/es\\\/\",\"logo\":{\"@type\":\"ImageObject\",\"inLanguage\":\"es\",\"@id\":\"https:\\\/\\\/www.lifenatura.com\\\/es\\\/#\\\/schema\\\/logo\\\/image\\\/\",\"url\":\"https:\\\/\\\/www.lifenatura.com\\\/wp-content\\\/uploads\\\/2021\\\/07\\\/logo.png\",\"contentUrl\":\"https:\\\/\\\/www.lifenatura.com\\\/wp-content\\\/uploads\\\/2021\\\/07\\\/logo.png\",\"width\":175,\"height\":55,\"caption\":\"Lifenatura\"},\"image\":{\"@id\":\"https:\\\/\\\/www.lifenatura.com\\\/es\\\/#\\\/schema\\\/logo\\\/image\\\/\"},\"sameAs\":[\"https:\\\/\\\/www.facebook.com\\\/lifenatura\",\"https:\\\/\\\/www.instagram.com\\\/lifenaturapt\\\/\"],\"hasMerchantReturnPolicy\":{\"@type\":\"MerchantReturnPolicy\",\"merchantReturnLink\":\"https:\\\/\\\/www.lifenatura.com\\\/termos-condicoes-lifenatura\\\/\"}}]}<\/script>\n<meta property=\"product:price:amount\" content=\"72.32\" \/>\n<meta property=\"product:price:currency\" content=\"EUR\" \/>\n<meta property=\"og:availability\" content=\"instock\" \/>\n<meta property=\"product:availability\" content=\"instock\" \/>\n<meta property=\"product:retailer_item_id\" content=\"56054811024000\" \/>\n<meta property=\"product:condition\" content=\"new\" \/>\n<!-- \/ Yoast SEO Premium plugin. -->","yoast_head_json":{"title":"Drenalight Drenante y Reafirmante Pack Lleva 4 Pago 3 - Na Lifenatura ao Melhor Pre\u00e7o | Envio em 48h","description":"Drenalight drenante ahora en pack Lleva 4 Pago 3 a base de plantas que ayuda a combatir el exceso de peso, combatir la retenci\u00f3n de l\u00edquidos.","robots":{"index":"index","follow":"follow","max-snippet":"max-snippet:-1","max-image-preview":"max-image-preview:large","max-video-preview":"max-video-preview:-1"},"canonical":"https:\/\/www.lifenatura.com\/es\/produto\/drenalight-drenante-y-reafirmante-pack\/","og_locale":"es_ES","og_type":"article","og_title":"Drenalight Drenante y Reafirmante Pack Lleva 4 Pago 3 - Na Lifenatura ao Melhor Pre\u00e7o | Envio 48h","og_description":"Compre Drenalight Drenante y Reafirmante Pack Lleva 4 Pago 3 com envio r\u00e1pido. Entrega em 48h e portes gr\u00e1tis em compras >35\u20ac. Aproveite j\u00e1 na Lifenatura","og_url":"https:\/\/www.lifenatura.com\/es\/produto\/drenalight-drenante-y-reafirmante-pack\/","og_site_name":"Lifenatura","article_publisher":"https:\/\/www.facebook.com\/lifenatura","article_modified_time":"2026-04-21T00:04:01+00:00","og_image":[{"width":1000,"height":1000,"url":"https:\/\/www.lifenatura.com\/wp-content\/uploads\/2021\/09\/drenalight-drain-firm-l4p3.jpg","type":"image\/jpeg"}],"twitter_card":"summary_large_image","twitter_misc":{"Precio":"72,32&nbsp;&euro;","Disponibilidad":"Disponible"},"schema":{"@context":"https:\/\/schema.org","@graph":[{"@type":"WebPage","@id":"https:\/\/www.lifenatura.com\/es\/produto\/drenalight-drenante-y-reafirmante-pack\/","url":"https:\/\/www.lifenatura.com\/es\/produto\/drenalight-drenante-y-reafirmante-pack\/","name":"Drenalight Drenante y Reafirmante Pack Lleva 4 Pago 3 - Na Lifenatura ao Melhor Pre\u00e7o | Envio em 48h","isPartOf":{"@id":"https:\/\/www.lifenatura.com\/es\/#website"},"primaryImageOfPage":{"@id":"https:\/\/www.lifenatura.com\/es\/produto\/drenalight-drenante-y-reafirmante-pack\/#primaryimage"},"image":{"@id":"https:\/\/www.lifenatura.com\/es\/produto\/drenalight-drenante-y-reafirmante-pack\/#primaryimage"},"thumbnailUrl":"https:\/\/www.lifenatura.com\/wp-content\/uploads\/2021\/09\/drenalight-drain-firm-l4p3.jpg","datePublished":"2025-05-29T12:53:16+00:00","dateModified":"2026-04-21T00:04:01+00:00","description":"Drenalight drenante ahora en pack Lleva 4 Pago 3 a base de plantas que ayuda a combatir el exceso de peso, combatir la retenci\u00f3n de l\u00edquidos.","breadcrumb":{"@id":"https:\/\/www.lifenatura.com\/es\/produto\/drenalight-drenante-y-reafirmante-pack\/#breadcrumb"},"inLanguage":"es","potentialAction":[{"@type":"ReadAction","target":["https:\/\/www.lifenatura.com\/es\/produto\/drenalight-drenante-y-reafirmante-pack\/"]}]},{"@type":"ImageObject","inLanguage":"es","@id":"https:\/\/www.lifenatura.com\/es\/produto\/drenalight-drenante-y-reafirmante-pack\/#primaryimage","url":"https:\/\/www.lifenatura.com\/wp-content\/uploads\/2021\/09\/drenalight-drain-firm-l4p3.jpg","contentUrl":"https:\/\/www.lifenatura.com\/wp-content\/uploads\/2021\/09\/drenalight-drain-firm-l4p3.jpg","width":1000,"height":1000,"caption":"Drenalight drenante e firmeza Leve 4 Pague 3"},{"@type":"BreadcrumbList","@id":"https:\/\/www.lifenatura.com\/es\/produto\/drenalight-drenante-y-reafirmante-pack\/#breadcrumb","itemListElement":[{"@type":"ListItem","position":1,"name":"In\u00edcio","item":"https:\/\/www.lifenatura.com\/es\/"},{"@type":"ListItem","position":2,"name":"Todos los Productos","item":"https:\/\/www.lifenatura.com\/es\/tienda\/"},{"@type":"ListItem","position":3,"name":"Drenalight Drenante y Reafirmante Pack Lleva 4 Pago 3"}]},{"@type":"WebSite","@id":"https:\/\/www.lifenatura.com\/es\/#website","url":"https:\/\/www.lifenatura.com\/es\/","name":"Lifenatura","description":"A Lifenatura \u00e9 uma loja de produtos naturais, cosm\u00e9tica natural e alimenta\u00e7\u00e3o Biol\u00f3gica.","publisher":{"@id":"https:\/\/www.lifenatura.com\/es\/#organization"},"potentialAction":[{"@type":"SearchAction","target":{"@type":"EntryPoint","urlTemplate":"https:\/\/www.lifenatura.com\/es\/?s={search_term_string}"},"query-input":{"@type":"PropertyValueSpecification","valueRequired":true,"valueName":"search_term_string"}}],"inLanguage":"es"},{"@type":"Organization","@id":"https:\/\/www.lifenatura.com\/es\/#organization","name":"Lifenatura","url":"https:\/\/www.lifenatura.com\/es\/","logo":{"@type":"ImageObject","inLanguage":"es","@id":"https:\/\/www.lifenatura.com\/es\/#\/schema\/logo\/image\/","url":"https:\/\/www.lifenatura.com\/wp-content\/uploads\/2021\/07\/logo.png","contentUrl":"https:\/\/www.lifenatura.com\/wp-content\/uploads\/2021\/07\/logo.png","width":175,"height":55,"caption":"Lifenatura"},"image":{"@id":"https:\/\/www.lifenatura.com\/es\/#\/schema\/logo\/image\/"},"sameAs":["https:\/\/www.facebook.com\/lifenatura","https:\/\/www.instagram.com\/lifenaturapt\/"],"hasMerchantReturnPolicy":{"@type":"MerchantReturnPolicy","merchantReturnLink":"https:\/\/www.lifenatura.com\/termos-condicoes-lifenatura\/"}}]},"product_price_amount":"72.32","product_price_currency":"EUR","og_availability":"instock","product_availability":"instock","product_retailer_item_id":"56054811024000","product_condition":"new"},"df_price":72.32,"df_sale_price":72.33,"df_regular_price":120.56,"df_image_link":"https:\/\/www.lifenatura.com\/wp-content\/uploads\/2021\/09\/drenalight-drain-firm-l4p3-300x300.jpg","_links":{"self":[{"href":"https:\/\/www.lifenatura.com\/es\/wp-json\/wp\/v2\/product\/112650","targetHints":{"allow":["GET"]}}],"collection":[{"href":"https:\/\/www.lifenatura.com\/es\/wp-json\/wp\/v2\/product"}],"about":[{"href":"https:\/\/www.lifenatura.com\/es\/wp-json\/wp\/v2\/types\/product"}],"wp:featuredmedia":[{"embeddable":true,"href":"https:\/\/www.lifenatura.com\/es\/wp-json\/wp\/v2\/media\/112632"}],"wp:attachment":[{"href":"https:\/\/www.lifenatura.com\/es\/wp-json\/wp\/v2\/media?parent=112650"}],"wp:term":[{"taxonomy":"product_brand","embeddable":true,"href":"https:\/\/www.lifenatura.com\/es\/wp-json\/wp\/v2\/product_brand?post=112650"},{"taxonomy":"product_cat","embeddable":true,"href":"https:\/\/www.lifenatura.com\/es\/wp-json\/wp\/v2\/product_cat?post=112650"},{"taxonomy":"product_tag","embeddable":true,"href":"https:\/\/www.lifenatura.com\/es\/wp-json\/wp\/v2\/product_tag?post=112650"}],"curies":[{"name":"wp","href":"https:\/\/api.w.org\/{rel}","templated":true}]}}