{"id":110775,"date":"2025-04-21T07:36:29","date_gmt":"2025-04-21T07:36:29","guid":{"rendered":"https:\/\/www.lifenatura.com\/produto\/forte-stress-balance-24-comprimidos-forte-pharma\/"},"modified":"2026-04-21T00:03:59","modified_gmt":"2026-04-21T00:03:59","slug":"forte-stress-balance-24-comprimidos-forte-pharma","status":"publish","type":"product","link":"https:\/\/www.lifenatura.com\/es\/produto\/forte-stress-balance-24-comprimidos-forte-pharma\/","title":{"rendered":"Forte Stress Balance 24 Comprimidos &#8211; Forte Pharma"},"content":{"rendered":"<h2 class=\"\" data-start=\"200\" data-end=\"273\"><strong>Forte Stress Balance &#8211; Equilibrio emocional y energ\u00eda para la vida cotidiana<\/strong><\/h2>\n<p>&nbsp;<\/p>\n<p class=\"\" data-start=\"275\" data-end=\"680\"><strong data-start=\"275\" data-end=\"315\">Forte Stress Balance de Forte<\/strong> Pharma es un complemento alimenticio completo dise\u00f1ado para ayudar al organismo a <strong data-start=\"391\" data-end=\"424\">hacer frente al estr\u00e9s prolongado<\/strong>, equilibrando el sistema nervioso y restaurando la energ\u00eda f\u00edsica y mental. Con una f\u00f3rmula cuidadosamente seleccionada, act\u00faa en varios frentes, favoreciendo <strong data-start=\"582\" data-end=\"632\">el bienestar emocional y la resistencia al cansancio<\/strong>, especialmente en situaciones de estr\u00e9s continuado.<\/p>\n<p class=\"\" data-start=\"682\" data-end=\"1088\">Su composici\u00f3n incluye <strong data-start=\"706\" data-end=\"718\">magnesio<\/strong>, <strong data-start=\"720\" data-end=\"769\">vitaminas del grupo B (B1, B3, B6, B8, B12)<\/strong>, <strong data-start=\"771\" data-end=\"787\">L-tript\u00f3fano<\/strong>, <strong data-start=\"789\" data-end=\"804\">ashwagandha<\/strong> (planta adapt\u00f3gena reconocida por sus propiedades relajantes) y <strong data-start=\"880\" data-end=\"894\">L-tirosina<\/strong>, que ayudan a mantener la funci\u00f3n psicol\u00f3gica normal y a reducir la fatiga. Es la soluci\u00f3n ideal para quienes viven bajo una presi\u00f3n constante y necesitan un apoyo natural y eficaz para recuperar el equilibrio.<\/p>\n<p class=\"\" data-start=\"1090\" data-end=\"1226\"><strong data-start=\"1090\" data-end=\"1114\">Forte Stress Balance<\/strong> act\u00faa gradualmente y es adecuado para su uso regular en periodos m\u00e1s exigentes de la vida personal o profesional.<\/p>\n<h3 class=\"\" data-start=\"1228\" data-end=\"1254\">Principales ventajas:<\/h3>\n<ul data-start=\"1255\" data-end=\"1512\">\n<li class=\"\" data-start=\"1255\" data-end=\"1320\">\n<p class=\"\" data-start=\"1257\" data-end=\"1320\">Ayuda a controlar el estr\u00e9s prolongado y las exigencias de la vida cotidiana;<\/p>\n<\/li>\n<li class=\"\" data-start=\"1321\" data-end=\"1369\">\n<p class=\"\" data-start=\"1323\" data-end=\"1369\">Contribuye al bienestar mental y emocional;<\/p>\n<\/li>\n<li class=\"\" data-start=\"1370\" data-end=\"1409\">\n<p class=\"\" data-start=\"1372\" data-end=\"1409\">Reduce el cansancio f\u00edsico y psicol\u00f3gico;<\/p>\n<\/li>\n<li class=\"\" data-start=\"1410\" data-end=\"1460\">\n<p class=\"\" data-start=\"1412\" data-end=\"1460\">Favorece la funci\u00f3n cognitiva y el equilibrio nervioso;<\/p>\n<\/li>\n<li class=\"\" data-start=\"1461\" data-end=\"1512\">\n<p class=\"\" data-start=\"1463\" data-end=\"1512\">F\u00f3rmula con adapt\u00f3genos y nutrientes esenciales.<\/p>\n<\/li>\n<\/ul>\n<h3 class=\"\" data-start=\"1514\" data-end=\"1529\">Indicaciones:<\/h3>\n<p class=\"\" data-start=\"1530\" data-end=\"1556\">Adecuado para adultos que:<\/p>\n<ul data-start=\"1557\" data-end=\"1793\">\n<li class=\"\" data-start=\"1557\" data-end=\"1615\">\n<p class=\"\" data-start=\"1559\" data-end=\"1615\">Sienten un estr\u00e9s continuo o un agotamiento emocional prolongado;<\/p>\n<\/li>\n<li class=\"\" data-start=\"1616\" data-end=\"1666\">\n<p class=\"\" data-start=\"1618\" data-end=\"1666\">Les cuesta relajarse o recuperar la energ\u00eda;<\/p>\n<\/li>\n<li class=\"\" data-start=\"1667\" data-end=\"1736\">\n<p class=\"\" data-start=\"1669\" data-end=\"1736\">Buscan mejorar el equilibrio emocional y la resistencia al estr\u00e9s;<\/p>\n<\/li>\n<li class=\"\" data-start=\"1737\" data-end=\"1793\">\n<p class=\"\" data-start=\"1739\" data-end=\"1793\">Quieren un suplemento completo con efecto acumulativo.<\/p>\n<\/li>\n<\/ul>\n<p class=\"\" data-start=\"1795\" data-end=\"1913\"><strong data-start=\"1795\" data-end=\"1819\">Forte Stress Balance<\/strong> es el aliado ideal para mantener el control emocional y la energ\u00eda, incluso en los d\u00edas m\u00e1s exigentes.<\/p>\n<p>Fort\u00e9 Stress 24h es una f\u00f3rmula completa que combina plantas adapt\u00f3genas y principios activos de origen natural en un comprimido de liberaci\u00f3n bicapa:<\/p>\n<p><strong>Un efecto inmediato para empezar el d\u00eda en paz<\/strong>: la primera capa del comprimido libera inmediatamente magnesio marino y vitamina B6 para reducir la fatiga y mejorar el equilibrio emocional. Tambi\u00e9n contiene vitaminas B1, B2, B3, B5 y B6, as\u00ed como el amino\u00e1cido L-teanina para mejorar el bienestar psicol\u00f3gico.<\/p>\n<p><strong>Un efecto duradero para resistir al estr\u00e9s durante todo el d\u00eda:<\/strong> gracias a la segunda capa del comprimido que libera gradualmente magnesio marino y vitaminas B6 y B9 para recargar el organismo a lo largo del d\u00eda y a un complejo sin\u00e9rgico de 3 plantas adapt\u00f3genas (rhodiola, ashwagandha y schisandra), para una mejor gesti\u00f3n del estr\u00e9s y una resistencia f\u00edsica y mental al sobreesfuerzo. Las plantas adapt\u00f3genas permiten al organismo adaptarse a diferentes estados de estr\u00e9s y responder mejor a estas situaciones.<\/p>\n<p data-start=\"1795\" data-end=\"1913\"><strong>PRESENTACI\u00d3N<\/strong><\/p>\n<p data-start=\"1795\" data-end=\"1913\">24 Comprimidos<\/p>\n<p data-start=\"1795\" data-end=\"1913\">\n","protected":false},"excerpt":{"rendered":"<p>Forte Stress Balance &#8211; un suplemento completo para el estr\u00e9s prolongado. Con ashwagandha, magnesio y vitaminas del grupo B. Equilibrio emocional y energ\u00eda diaria. [&#8230;]<\/p>\n<p><a class=\"btn btn-secondary understrap-read-more-link\" href=\"https:\/\/www.lifenatura.com\/es\/produto\/forte-stress-balance-24-comprimidos-forte-pharma\/\">Leer m\u00e1s&#8230;<span class=\"screen-reader-text\"> from Forte Stress Balance 24 Comprimidos &#8211; Forte Pharma<\/span><\/a><\/p>\n","protected":false},"featured_media":110231,"template":"","meta":{"_acf_changed":false},"product_brand":[8557],"product_cat":[7213,7179,7883],"product_tag":[],"class_list":{"0":"post-110775","1":"product","2":"type-product","3":"status-publish","4":"has-post-thumbnail","6":"product_brand-forte-pharma","7":"product_cat-ansiedad-y-depresion","8":"product_cat-salud","9":"product_cat-suplementos-alimenticios","11":"first","12":"instock","13":"sale","14":"shipping-taxable","15":"purchasable","16":"product-type-simple","17":"add-to-wishlist-before_image"},"acf":[],"yoast_head":"<!-- This site is optimized with the Yoast SEO Premium plugin v27.1 (Yoast SEO v27.5) - https:\/\/yoast.com\/product\/yoast-seo-premium-wordpress\/ -->\n<title>Forte Stress Balance 24 Comprimidos - Forte Pharma - Na Lifenatura ao Melhor Pre\u00e7o | Envio em 48h<\/title>\n<meta name=\"description\" content=\"Forte Stress Balance un suplemento para el estr\u00e9s prolongado. Con ashwagandha, magnesio y vitaminas del grupo B. Equilibrio emocional y energ\u00eda diaria.\" \/>\n<meta name=\"robots\" content=\"index, follow, max-snippet:-1, max-image-preview:large, max-video-preview:-1\" \/>\n<link rel=\"canonical\" href=\"https:\/\/www.lifenatura.com\/es\/produto\/forte-stress-balance-24-comprimidos-forte-pharma\/\" \/>\n<meta property=\"og:locale\" content=\"es_ES\" \/>\n<meta property=\"og:type\" content=\"article\" \/>\n<meta property=\"og:title\" content=\"Forte Stress Balance 24 Comprimidos - Forte Pharma - Na Lifenatura ao Melhor Pre\u00e7o | Envio 48h\" \/>\n<meta property=\"og:description\" content=\"Compre Forte Stress Balance 24 Comprimidos - Forte Pharma com envio r\u00e1pido. Entrega em 48h e portes gr\u00e1tis em compras &gt;35\u20ac. Aproveite j\u00e1 na Lifenatura\" \/>\n<meta property=\"og:url\" content=\"https:\/\/www.lifenatura.com\/es\/produto\/forte-stress-balance-24-comprimidos-forte-pharma\/\" \/>\n<meta property=\"og:site_name\" content=\"Lifenatura\" \/>\n<meta property=\"article:publisher\" content=\"https:\/\/www.facebook.com\/lifenatura\" \/>\n<meta property=\"article:modified_time\" content=\"2026-04-21T00:03:59+00:00\" \/>\n<meta property=\"og:image\" content=\"https:\/\/www.lifenatura.com\/wp-content\/uploads\/2025\/04\/forte-stress-balance-forte-pharma.jpg\" \/>\n\t<meta property=\"og:image:width\" content=\"1000\" \/>\n\t<meta property=\"og:image:height\" content=\"1000\" \/>\n\t<meta property=\"og:image:type\" content=\"image\/jpeg\" \/>\n<meta name=\"twitter:card\" content=\"summary_large_image\" \/>\n<meta name=\"twitter:label1\" content=\"Precio\" \/>\n\t<meta name=\"twitter:data1\" content=\"13,90&nbsp;&euro;\" \/>\n\t<meta name=\"twitter:label2\" content=\"Disponibilidad\" \/>\n\t<meta name=\"twitter:data2\" content=\"Disponible\" \/>\n<script type=\"application\/ld+json\" class=\"yoast-schema-graph\">{\"@context\":\"https:\\\/\\\/schema.org\",\"@graph\":[{\"@type\":\"WebPage\",\"@id\":\"https:\\\/\\\/www.lifenatura.com\\\/es\\\/produto\\\/forte-stress-balance-24-comprimidos-forte-pharma\\\/\",\"url\":\"https:\\\/\\\/www.lifenatura.com\\\/es\\\/produto\\\/forte-stress-balance-24-comprimidos-forte-pharma\\\/\",\"name\":\"Forte Stress Balance 24 Comprimidos - Forte Pharma - Na Lifenatura ao Melhor Pre\u00e7o | Envio em 48h\",\"isPartOf\":{\"@id\":\"https:\\\/\\\/www.lifenatura.com\\\/es\\\/#website\"},\"primaryImageOfPage\":{\"@id\":\"https:\\\/\\\/www.lifenatura.com\\\/es\\\/produto\\\/forte-stress-balance-24-comprimidos-forte-pharma\\\/#primaryimage\"},\"image\":{\"@id\":\"https:\\\/\\\/www.lifenatura.com\\\/es\\\/produto\\\/forte-stress-balance-24-comprimidos-forte-pharma\\\/#primaryimage\"},\"thumbnailUrl\":\"https:\\\/\\\/www.lifenatura.com\\\/wp-content\\\/uploads\\\/2025\\\/04\\\/forte-stress-balance-forte-pharma.jpg\",\"datePublished\":\"2025-04-21T07:36:29+00:00\",\"dateModified\":\"2026-04-21T00:03:59+00:00\",\"description\":\"Forte Stress Balance un suplemento para el estr\u00e9s prolongado. Con ashwagandha, magnesio y vitaminas del grupo B. Equilibrio emocional y energ\u00eda diaria.\",\"breadcrumb\":{\"@id\":\"https:\\\/\\\/www.lifenatura.com\\\/es\\\/produto\\\/forte-stress-balance-24-comprimidos-forte-pharma\\\/#breadcrumb\"},\"inLanguage\":\"es\",\"potentialAction\":[{\"@type\":\"ReadAction\",\"target\":[\"https:\\\/\\\/www.lifenatura.com\\\/es\\\/produto\\\/forte-stress-balance-24-comprimidos-forte-pharma\\\/\"]}]},{\"@type\":\"ImageObject\",\"inLanguage\":\"es\",\"@id\":\"https:\\\/\\\/www.lifenatura.com\\\/es\\\/produto\\\/forte-stress-balance-24-comprimidos-forte-pharma\\\/#primaryimage\",\"url\":\"https:\\\/\\\/www.lifenatura.com\\\/wp-content\\\/uploads\\\/2025\\\/04\\\/forte-stress-balance-forte-pharma.jpg\",\"contentUrl\":\"https:\\\/\\\/www.lifenatura.com\\\/wp-content\\\/uploads\\\/2025\\\/04\\\/forte-stress-balance-forte-pharma.jpg\",\"width\":1000,\"height\":1000,\"caption\":\"Forte Stress Balance de Forte Pharma\"},{\"@type\":\"BreadcrumbList\",\"@id\":\"https:\\\/\\\/www.lifenatura.com\\\/es\\\/produto\\\/forte-stress-balance-24-comprimidos-forte-pharma\\\/#breadcrumb\",\"itemListElement\":[{\"@type\":\"ListItem\",\"position\":1,\"name\":\"In\u00edcio\",\"item\":\"https:\\\/\\\/www.lifenatura.com\\\/es\\\/\"},{\"@type\":\"ListItem\",\"position\":2,\"name\":\"Todos los Productos\",\"item\":\"https:\\\/\\\/www.lifenatura.com\\\/es\\\/tienda\\\/\"},{\"@type\":\"ListItem\",\"position\":3,\"name\":\"Forte Stress Balance 24 Comprimidos &#8211; Forte Pharma\"}]},{\"@type\":\"WebSite\",\"@id\":\"https:\\\/\\\/www.lifenatura.com\\\/es\\\/#website\",\"url\":\"https:\\\/\\\/www.lifenatura.com\\\/es\\\/\",\"name\":\"Lifenatura\",\"description\":\"A Lifenatura \u00e9 uma loja de produtos naturais, cosm\u00e9tica natural e alimenta\u00e7\u00e3o Biol\u00f3gica.\",\"publisher\":{\"@id\":\"https:\\\/\\\/www.lifenatura.com\\\/es\\\/#organization\"},\"potentialAction\":[{\"@type\":\"SearchAction\",\"target\":{\"@type\":\"EntryPoint\",\"urlTemplate\":\"https:\\\/\\\/www.lifenatura.com\\\/es\\\/?s={search_term_string}\"},\"query-input\":{\"@type\":\"PropertyValueSpecification\",\"valueRequired\":true,\"valueName\":\"search_term_string\"}}],\"inLanguage\":\"es\"},{\"@type\":\"Organization\",\"@id\":\"https:\\\/\\\/www.lifenatura.com\\\/es\\\/#organization\",\"name\":\"Lifenatura\",\"url\":\"https:\\\/\\\/www.lifenatura.com\\\/es\\\/\",\"logo\":{\"@type\":\"ImageObject\",\"inLanguage\":\"es\",\"@id\":\"https:\\\/\\\/www.lifenatura.com\\\/es\\\/#\\\/schema\\\/logo\\\/image\\\/\",\"url\":\"https:\\\/\\\/www.lifenatura.com\\\/wp-content\\\/uploads\\\/2021\\\/07\\\/logo.png\",\"contentUrl\":\"https:\\\/\\\/www.lifenatura.com\\\/wp-content\\\/uploads\\\/2021\\\/07\\\/logo.png\",\"width\":175,\"height\":55,\"caption\":\"Lifenatura\"},\"image\":{\"@id\":\"https:\\\/\\\/www.lifenatura.com\\\/es\\\/#\\\/schema\\\/logo\\\/image\\\/\"},\"sameAs\":[\"https:\\\/\\\/www.facebook.com\\\/lifenatura\",\"https:\\\/\\\/www.instagram.com\\\/lifenaturapt\\\/\"],\"hasMerchantReturnPolicy\":{\"@type\":\"MerchantReturnPolicy\",\"merchantReturnLink\":\"https:\\\/\\\/www.lifenatura.com\\\/termos-condicoes-lifenatura\\\/\"}}]}<\/script>\n<meta property=\"product:price:amount\" content=\"13.90\" \/>\n<meta property=\"product:price:currency\" content=\"EUR\" \/>\n<meta property=\"og:availability\" content=\"instock\" \/>\n<meta property=\"product:availability\" content=\"instock\" \/>\n<meta property=\"product:retailer_item_id\" content=\"7530378\" \/>\n<meta property=\"product:condition\" content=\"new\" \/>\n<!-- \/ Yoast SEO Premium plugin. -->","yoast_head_json":{"title":"Forte Stress Balance 24 Comprimidos - Forte Pharma - Na Lifenatura ao Melhor Pre\u00e7o | Envio em 48h","description":"Forte Stress Balance un suplemento para el estr\u00e9s prolongado. Con ashwagandha, magnesio y vitaminas del grupo B. Equilibrio emocional y energ\u00eda diaria.","robots":{"index":"index","follow":"follow","max-snippet":"max-snippet:-1","max-image-preview":"max-image-preview:large","max-video-preview":"max-video-preview:-1"},"canonical":"https:\/\/www.lifenatura.com\/es\/produto\/forte-stress-balance-24-comprimidos-forte-pharma\/","og_locale":"es_ES","og_type":"article","og_title":"Forte Stress Balance 24 Comprimidos - Forte Pharma - Na Lifenatura ao Melhor Pre\u00e7o | Envio 48h","og_description":"Compre Forte Stress Balance 24 Comprimidos - Forte Pharma com envio r\u00e1pido. Entrega em 48h e portes gr\u00e1tis em compras >35\u20ac. Aproveite j\u00e1 na Lifenatura","og_url":"https:\/\/www.lifenatura.com\/es\/produto\/forte-stress-balance-24-comprimidos-forte-pharma\/","og_site_name":"Lifenatura","article_publisher":"https:\/\/www.facebook.com\/lifenatura","article_modified_time":"2026-04-21T00:03:59+00:00","og_image":[{"width":1000,"height":1000,"url":"https:\/\/www.lifenatura.com\/wp-content\/uploads\/2025\/04\/forte-stress-balance-forte-pharma.jpg","type":"image\/jpeg"}],"twitter_card":"summary_large_image","twitter_misc":{"Precio":"13,90&nbsp;&euro;","Disponibilidad":"Disponible"},"schema":{"@context":"https:\/\/schema.org","@graph":[{"@type":"WebPage","@id":"https:\/\/www.lifenatura.com\/es\/produto\/forte-stress-balance-24-comprimidos-forte-pharma\/","url":"https:\/\/www.lifenatura.com\/es\/produto\/forte-stress-balance-24-comprimidos-forte-pharma\/","name":"Forte Stress Balance 24 Comprimidos - Forte Pharma - Na Lifenatura ao Melhor Pre\u00e7o | Envio em 48h","isPartOf":{"@id":"https:\/\/www.lifenatura.com\/es\/#website"},"primaryImageOfPage":{"@id":"https:\/\/www.lifenatura.com\/es\/produto\/forte-stress-balance-24-comprimidos-forte-pharma\/#primaryimage"},"image":{"@id":"https:\/\/www.lifenatura.com\/es\/produto\/forte-stress-balance-24-comprimidos-forte-pharma\/#primaryimage"},"thumbnailUrl":"https:\/\/www.lifenatura.com\/wp-content\/uploads\/2025\/04\/forte-stress-balance-forte-pharma.jpg","datePublished":"2025-04-21T07:36:29+00:00","dateModified":"2026-04-21T00:03:59+00:00","description":"Forte Stress Balance un suplemento para el estr\u00e9s prolongado. Con ashwagandha, magnesio y vitaminas del grupo B. Equilibrio emocional y energ\u00eda diaria.","breadcrumb":{"@id":"https:\/\/www.lifenatura.com\/es\/produto\/forte-stress-balance-24-comprimidos-forte-pharma\/#breadcrumb"},"inLanguage":"es","potentialAction":[{"@type":"ReadAction","target":["https:\/\/www.lifenatura.com\/es\/produto\/forte-stress-balance-24-comprimidos-forte-pharma\/"]}]},{"@type":"ImageObject","inLanguage":"es","@id":"https:\/\/www.lifenatura.com\/es\/produto\/forte-stress-balance-24-comprimidos-forte-pharma\/#primaryimage","url":"https:\/\/www.lifenatura.com\/wp-content\/uploads\/2025\/04\/forte-stress-balance-forte-pharma.jpg","contentUrl":"https:\/\/www.lifenatura.com\/wp-content\/uploads\/2025\/04\/forte-stress-balance-forte-pharma.jpg","width":1000,"height":1000,"caption":"Forte Stress Balance de Forte Pharma"},{"@type":"BreadcrumbList","@id":"https:\/\/www.lifenatura.com\/es\/produto\/forte-stress-balance-24-comprimidos-forte-pharma\/#breadcrumb","itemListElement":[{"@type":"ListItem","position":1,"name":"In\u00edcio","item":"https:\/\/www.lifenatura.com\/es\/"},{"@type":"ListItem","position":2,"name":"Todos los Productos","item":"https:\/\/www.lifenatura.com\/es\/tienda\/"},{"@type":"ListItem","position":3,"name":"Forte Stress Balance 24 Comprimidos &#8211; Forte Pharma"}]},{"@type":"WebSite","@id":"https:\/\/www.lifenatura.com\/es\/#website","url":"https:\/\/www.lifenatura.com\/es\/","name":"Lifenatura","description":"A Lifenatura \u00e9 uma loja de produtos naturais, cosm\u00e9tica natural e alimenta\u00e7\u00e3o Biol\u00f3gica.","publisher":{"@id":"https:\/\/www.lifenatura.com\/es\/#organization"},"potentialAction":[{"@type":"SearchAction","target":{"@type":"EntryPoint","urlTemplate":"https:\/\/www.lifenatura.com\/es\/?s={search_term_string}"},"query-input":{"@type":"PropertyValueSpecification","valueRequired":true,"valueName":"search_term_string"}}],"inLanguage":"es"},{"@type":"Organization","@id":"https:\/\/www.lifenatura.com\/es\/#organization","name":"Lifenatura","url":"https:\/\/www.lifenatura.com\/es\/","logo":{"@type":"ImageObject","inLanguage":"es","@id":"https:\/\/www.lifenatura.com\/es\/#\/schema\/logo\/image\/","url":"https:\/\/www.lifenatura.com\/wp-content\/uploads\/2021\/07\/logo.png","contentUrl":"https:\/\/www.lifenatura.com\/wp-content\/uploads\/2021\/07\/logo.png","width":175,"height":55,"caption":"Lifenatura"},"image":{"@id":"https:\/\/www.lifenatura.com\/es\/#\/schema\/logo\/image\/"},"sameAs":["https:\/\/www.facebook.com\/lifenatura","https:\/\/www.instagram.com\/lifenaturapt\/"],"hasMerchantReturnPolicy":{"@type":"MerchantReturnPolicy","merchantReturnLink":"https:\/\/www.lifenatura.com\/termos-condicoes-lifenatura\/"}}]},"product_price_amount":"13.90","product_price_currency":"EUR","og_availability":"instock","product_availability":"instock","product_retailer_item_id":"7530378","product_condition":"new"},"df_price":13.9,"df_sale_price":13.9,"df_regular_price":15.61,"df_image_link":"https:\/\/www.lifenatura.com\/wp-content\/uploads\/2025\/04\/forte-stress-balance-forte-pharma-300x300.jpg","_links":{"self":[{"href":"https:\/\/www.lifenatura.com\/es\/wp-json\/wp\/v2\/product\/110775","targetHints":{"allow":["GET"]}}],"collection":[{"href":"https:\/\/www.lifenatura.com\/es\/wp-json\/wp\/v2\/product"}],"about":[{"href":"https:\/\/www.lifenatura.com\/es\/wp-json\/wp\/v2\/types\/product"}],"wp:featuredmedia":[{"embeddable":true,"href":"https:\/\/www.lifenatura.com\/es\/wp-json\/wp\/v2\/media\/110231"}],"wp:attachment":[{"href":"https:\/\/www.lifenatura.com\/es\/wp-json\/wp\/v2\/media?parent=110775"}],"wp:term":[{"taxonomy":"product_brand","embeddable":true,"href":"https:\/\/www.lifenatura.com\/es\/wp-json\/wp\/v2\/product_brand?post=110775"},{"taxonomy":"product_cat","embeddable":true,"href":"https:\/\/www.lifenatura.com\/es\/wp-json\/wp\/v2\/product_cat?post=110775"},{"taxonomy":"product_tag","embeddable":true,"href":"https:\/\/www.lifenatura.com\/es\/wp-json\/wp\/v2\/product_tag?post=110775"}],"curies":[{"name":"wp","href":"https:\/\/api.w.org\/{rel}","templated":true}]}}