{"id":110774,"date":"2025-04-21T07:45:05","date_gmt":"2025-04-21T07:45:05","guid":{"rendered":"https:\/\/www.lifenatura.com\/produto\/forte-stress-animo-30-comprimidos-forte-pharma\/"},"modified":"2026-04-21T00:03:59","modified_gmt":"2026-04-21T00:03:59","slug":"forte-stress-animo-30-comprimidos-forte-pharma","status":"publish","type":"product","link":"https:\/\/www.lifenatura.com\/es\/produto\/forte-stress-animo-30-comprimidos-forte-pharma\/","title":{"rendered":"Forte Stress Animo 30 Comprimidos &#8211; Forte Pharma"},"content":{"rendered":"<h2 class=\"\" data-start=\"142\" data-end=\"208\"><strong>Estr\u00e9s fuerte &#8211; Equilibrio emocional en 24 horas con la cronobiolog\u00eda<\/strong><\/h2>\n<p>&nbsp;<\/p>\n<p class=\"\" data-start=\"210\" data-end=\"329\"><span class=\"relative -mx-px my-[-0.2rem] rounded px-px py-[0.2rem] transition-colors duration-100 ease-in-out\"><strong data-start=\"0\" data-end=\"22\" data-is-only-node=\"\">Forte Stress Animo<\/strong> de <strong data-start=\"26\" data-end=\"42\">Fort\u00e9<\/strong> Pharma es un complemento alimenticio innovador que act\u00faa seg\u00fan los principios de la cronobiolog\u00eda, ofreciendo un apoyo completo para el bienestar emocional durante todo el d\u00eda y la noche.<\/span> <span class=\"relative -mx-px my-[-0.2rem] rounded px-px py-[0.2rem] transition-colors duration-100 ease-in-out\">Con una f\u00f3rmula bif\u00e1sica, este producto ayuda a hacer frente al estr\u00e9s diario y favorece un estado de \u00e1nimo equilibrado.<\/span><\/p>\n<p class=\"\" data-start=\"331\" data-end=\"450\"><span class=\"relative -mx-px my-[-0.2rem] rounded px-px py-[0.2rem] transition-colors duration-100 ease-in-out\">Durante el d\u00eda, el comprimido blanco combina <strong data-start=\"43\" data-end=\"57\">L-tirosina<\/strong>, <strong data-start=\"59\" data-end=\"77\">L-fenilalanina<\/strong> y <strong data-start=\"80\" data-end=\"103\">extracto de rodiola<\/strong>, ingredientes que contribuyen a la motivaci\u00f3n, la concentraci\u00f3n y la resistencia al estr\u00e9s.<\/span> <span class=\"relative -mx-px my-[-0.2rem] rounded px-px py-[0.2rem] transition-colors duration-100 ease-in-out\">Por la noche, el comprimido azul contiene <strong data-start=\"34\" data-end=\"50\">L-tript\u00f3fano<\/strong>, <strong data-start=\"52\" data-end=\"74\">extracto de azafr\u00e1n<\/strong> y <strong data-start=\"77\" data-end=\"98\">vitaminas B3 y B6<\/strong>, que favorecen la relajaci\u00f3n y preparan el cuerpo para un sue\u00f1o reparador.<\/span><\/p>\n<h3 class=\"\" data-start=\"452\" data-end=\"478\">Principales ventajas:<\/h3>\n<ul data-start=\"480\" data-end=\"819\">\n<li class=\"\" data-start=\"480\" data-end=\"551\">\n<p class=\"\" data-start=\"482\" data-end=\"551\"><strong data-start=\"482\" data-end=\"512\">Apoyo emocional completo<\/strong>: <span class=\"relative -mx-px my-[-0.2rem] rounded px-px py-[0.2rem] transition-colors duration-100 ease-in-out\">ayuda a mantener el equilibrio emocional durante el d\u00eda y la noche.<\/span><\/p>\n<\/li>\n<li class=\"\" data-start=\"552\" data-end=\"633\">\n<p class=\"\" data-start=\"554\" data-end=\"633\"><strong data-start=\"554\" data-end=\"594\">Mejora de la concentraci\u00f3n y la motivaci\u00f3n<\/strong>: <span class=\"relative -mx-px my-[-0.2rem] rounded px-px py-[0.2rem] transition-colors duration-100 ease-in-out\">gracias a la combinaci\u00f3n de amino\u00e1cidos y extracto de rodiola.<\/span><\/p>\n<\/li>\n<li class=\"\" data-start=\"634\" data-end=\"710\">\n<p class=\"\" data-start=\"636\" data-end=\"710\"><strong data-start=\"636\" data-end=\"671\">Favorece la relajaci\u00f3n nocturna<\/strong>: <span class=\"relative -mx-px my-[-0.2rem] rounded px-px py-[0.2rem] transition-colors duration-100 ease-in-out\">con L-tript\u00f3fano y extracto de azafr\u00e1n.<\/span><\/p>\n<\/li>\n<li class=\"\" data-start=\"711\" data-end=\"819\">\n<p class=\"\" data-start=\"713\" data-end=\"819\"><strong data-start=\"713\" data-end=\"734\">Reducci\u00f3n de la fatiga<\/strong>: <span class=\"relative -mx-px my-[-0.2rem] rounded px-px py-[0.2rem] transition-colors duration-100 ease-in-out\">las vitaminas B3 y B6 contribuyen al metabolismo energ\u00e9tico normal<\/span>.<\/p>\n<\/li>\n<\/ul>\n<h3 class=\"\" data-start=\"821\" data-end=\"836\">Indicaciones:<\/h3>\n<p class=\"\" data-start=\"838\" data-end=\"923\"><span class=\"relative -mx-px my-[-0.2rem] rounded px-px py-[0.2rem] transition-colors duration-100 ease-in-out\">Adecuado para adultos que se enfrentan a diario al estr\u00e9s, a cambios de humor o a dificultades para mantener un estado emocional equilibrado.<\/span><\/p>\n<p><strong>La p\u00edldora del d\u00eda<\/strong> contiene rodiola, que ayuda al organismo a adaptarse al estr\u00e9s emocional y contribuye a una actividad mental y cognitiva \u00f3ptima, y est\u00e1 enriquecida con dos amino\u00e1cidos precursores de la dopamina: la L-fenilamanina y la L-tirosina.<\/p>\n<p><strong>El comprimido nocturno<\/strong> contiene azafr\u00e1n para favorecer el buen humor y la relajaci\u00f3n, troptofano como precursor de la serotonina y vitaminas B3 y B5 para ayudar a reducir el cansancio y la fatiga.<\/p>\n<p class=\"\" data-start=\"838\" data-end=\"923\"><strong>PRESENTACI\u00d3N<\/strong><\/p>\n<p data-start=\"838\" data-end=\"923\">15 comprimidos<\/p>\n<p data-start=\"838\" data-end=\"923\">\n","protected":false},"excerpt":{"rendered":"<p>Forte Stress Animo &#8211; suplemento bif\u00e1sico para el equilibrio emocional durante 24 horas. Con rodiola, L-tript\u00f3fano, azafr\u00e1n y vitaminas del grupo B. Bienestar d\u00eda y noche. [&#8230;]<\/p>\n<p><a class=\"btn btn-secondary understrap-read-more-link\" href=\"https:\/\/www.lifenatura.com\/es\/produto\/forte-stress-animo-30-comprimidos-forte-pharma\/\">Leer m\u00e1s&#8230;<span class=\"screen-reader-text\"> from Forte Stress Animo 30 Comprimidos &#8211; Forte Pharma<\/span><\/a><\/p>\n","protected":false},"featured_media":110229,"template":"","meta":{"_acf_changed":false},"product_brand":[8557],"product_cat":[7213,7179,7883],"product_tag":[],"class_list":{"0":"post-110774","1":"product","2":"type-product","3":"status-publish","4":"has-post-thumbnail","6":"product_brand-forte-pharma","7":"product_cat-ansiedad-y-depresion","8":"product_cat-salud","9":"product_cat-suplementos-alimenticios","11":"first","12":"instock","13":"sale","14":"shipping-taxable","15":"purchasable","16":"product-type-simple","17":"add-to-wishlist-before_image"},"acf":[],"yoast_head":"<!-- This site is optimized with the Yoast SEO Premium plugin v27.1 (Yoast SEO v27.6) - https:\/\/yoast.com\/product\/yoast-seo-premium-wordpress\/ -->\n<title>Forte Stress Animo 30 Comprimidos - Forte Pharma - Na Lifenatura ao Melhor Pre\u00e7o | Envio em 48h<\/title>\n<meta name=\"description\" content=\"Forte Stress Animo suplemento para el equilibrio emocional durante 24h. Con rodiola, L-tript\u00f3fano, azafr\u00e1n y vitaminas del grupo B. Bienestar d\u00eda y noche.\" \/>\n<meta name=\"robots\" content=\"index, follow, max-snippet:-1, max-image-preview:large, max-video-preview:-1\" \/>\n<link rel=\"canonical\" href=\"https:\/\/www.lifenatura.com\/es\/produto\/forte-stress-animo-30-comprimidos-forte-pharma\/\" \/>\n<meta property=\"og:locale\" content=\"es_ES\" \/>\n<meta property=\"og:type\" content=\"article\" \/>\n<meta property=\"og:title\" content=\"Forte Stress Animo 30 Comprimidos - Forte Pharma - Na Lifenatura ao Melhor Pre\u00e7o | Envio 48h\" \/>\n<meta property=\"og:description\" content=\"Compre Forte Stress Animo 30 Comprimidos - Forte Pharma com envio r\u00e1pido. Entrega em 48h e portes gr\u00e1tis em compras &gt;35\u20ac. Aproveite j\u00e1 na Lifenatura\" \/>\n<meta property=\"og:url\" content=\"https:\/\/www.lifenatura.com\/es\/produto\/forte-stress-animo-30-comprimidos-forte-pharma\/\" \/>\n<meta property=\"og:site_name\" content=\"Lifenatura\" \/>\n<meta property=\"article:publisher\" content=\"https:\/\/www.facebook.com\/lifenatura\" \/>\n<meta property=\"article:modified_time\" content=\"2026-04-21T00:03:59+00:00\" \/>\n<meta property=\"og:image\" content=\"https:\/\/www.lifenatura.com\/wp-content\/uploads\/2025\/04\/forte-stress-animo-forte-pharma.jpg\" \/>\n\t<meta property=\"og:image:width\" content=\"1000\" \/>\n\t<meta property=\"og:image:height\" content=\"1000\" \/>\n\t<meta property=\"og:image:type\" content=\"image\/jpeg\" \/>\n<meta name=\"twitter:card\" content=\"summary_large_image\" \/>\n<meta name=\"twitter:label1\" content=\"Precio\" \/>\n\t<meta name=\"twitter:data1\" content=\"13,90&nbsp;&euro;\" \/>\n\t<meta name=\"twitter:label2\" content=\"Disponibilidad\" \/>\n\t<meta name=\"twitter:data2\" content=\"Disponible\" \/>\n<script type=\"application\/ld+json\" class=\"yoast-schema-graph\">{\"@context\":\"https:\\\/\\\/schema.org\",\"@graph\":[{\"@type\":\"WebPage\",\"@id\":\"https:\\\/\\\/www.lifenatura.com\\\/es\\\/produto\\\/forte-stress-animo-30-comprimidos-forte-pharma\\\/\",\"url\":\"https:\\\/\\\/www.lifenatura.com\\\/es\\\/produto\\\/forte-stress-animo-30-comprimidos-forte-pharma\\\/\",\"name\":\"Forte Stress Animo 30 Comprimidos - Forte Pharma - Na Lifenatura ao Melhor Pre\u00e7o | Envio em 48h\",\"isPartOf\":{\"@id\":\"https:\\\/\\\/www.lifenatura.com\\\/es\\\/#website\"},\"primaryImageOfPage\":{\"@id\":\"https:\\\/\\\/www.lifenatura.com\\\/es\\\/produto\\\/forte-stress-animo-30-comprimidos-forte-pharma\\\/#primaryimage\"},\"image\":{\"@id\":\"https:\\\/\\\/www.lifenatura.com\\\/es\\\/produto\\\/forte-stress-animo-30-comprimidos-forte-pharma\\\/#primaryimage\"},\"thumbnailUrl\":\"https:\\\/\\\/www.lifenatura.com\\\/wp-content\\\/uploads\\\/2025\\\/04\\\/forte-stress-animo-forte-pharma.jpg\",\"datePublished\":\"2025-04-21T07:45:05+00:00\",\"dateModified\":\"2026-04-21T00:03:59+00:00\",\"description\":\"Forte Stress Animo suplemento para el equilibrio emocional durante 24h. Con rodiola, L-tript\u00f3fano, azafr\u00e1n y vitaminas del grupo B. Bienestar d\u00eda y noche.\",\"breadcrumb\":{\"@id\":\"https:\\\/\\\/www.lifenatura.com\\\/es\\\/produto\\\/forte-stress-animo-30-comprimidos-forte-pharma\\\/#breadcrumb\"},\"inLanguage\":\"es\",\"potentialAction\":[{\"@type\":\"ReadAction\",\"target\":[\"https:\\\/\\\/www.lifenatura.com\\\/es\\\/produto\\\/forte-stress-animo-30-comprimidos-forte-pharma\\\/\"]}]},{\"@type\":\"ImageObject\",\"inLanguage\":\"es\",\"@id\":\"https:\\\/\\\/www.lifenatura.com\\\/es\\\/produto\\\/forte-stress-animo-30-comprimidos-forte-pharma\\\/#primaryimage\",\"url\":\"https:\\\/\\\/www.lifenatura.com\\\/wp-content\\\/uploads\\\/2025\\\/04\\\/forte-stress-animo-forte-pharma.jpg\",\"contentUrl\":\"https:\\\/\\\/www.lifenatura.com\\\/wp-content\\\/uploads\\\/2025\\\/04\\\/forte-stress-animo-forte-pharma.jpg\",\"width\":1000,\"height\":1000,\"caption\":\"Forte Stress de Forte Pharma\"},{\"@type\":\"BreadcrumbList\",\"@id\":\"https:\\\/\\\/www.lifenatura.com\\\/es\\\/produto\\\/forte-stress-animo-30-comprimidos-forte-pharma\\\/#breadcrumb\",\"itemListElement\":[{\"@type\":\"ListItem\",\"position\":1,\"name\":\"In\u00edcio\",\"item\":\"https:\\\/\\\/www.lifenatura.com\\\/es\\\/\"},{\"@type\":\"ListItem\",\"position\":2,\"name\":\"Todos los Productos\",\"item\":\"https:\\\/\\\/www.lifenatura.com\\\/es\\\/tienda\\\/\"},{\"@type\":\"ListItem\",\"position\":3,\"name\":\"Forte Stress Animo 30 Comprimidos &#8211; Forte Pharma\"}]},{\"@type\":\"WebSite\",\"@id\":\"https:\\\/\\\/www.lifenatura.com\\\/es\\\/#website\",\"url\":\"https:\\\/\\\/www.lifenatura.com\\\/es\\\/\",\"name\":\"Lifenatura\",\"description\":\"A Lifenatura \u00e9 uma loja de produtos naturais, cosm\u00e9tica natural e alimenta\u00e7\u00e3o Biol\u00f3gica.\",\"publisher\":{\"@id\":\"https:\\\/\\\/www.lifenatura.com\\\/es\\\/#organization\"},\"potentialAction\":[{\"@type\":\"SearchAction\",\"target\":{\"@type\":\"EntryPoint\",\"urlTemplate\":\"https:\\\/\\\/www.lifenatura.com\\\/es\\\/?s={search_term_string}\"},\"query-input\":{\"@type\":\"PropertyValueSpecification\",\"valueRequired\":true,\"valueName\":\"search_term_string\"}}],\"inLanguage\":\"es\"},{\"@type\":\"Organization\",\"@id\":\"https:\\\/\\\/www.lifenatura.com\\\/es\\\/#organization\",\"name\":\"Lifenatura\",\"url\":\"https:\\\/\\\/www.lifenatura.com\\\/es\\\/\",\"logo\":{\"@type\":\"ImageObject\",\"inLanguage\":\"es\",\"@id\":\"https:\\\/\\\/www.lifenatura.com\\\/es\\\/#\\\/schema\\\/logo\\\/image\\\/\",\"url\":\"https:\\\/\\\/www.lifenatura.com\\\/wp-content\\\/uploads\\\/2021\\\/07\\\/logo.png\",\"contentUrl\":\"https:\\\/\\\/www.lifenatura.com\\\/wp-content\\\/uploads\\\/2021\\\/07\\\/logo.png\",\"width\":175,\"height\":55,\"caption\":\"Lifenatura\"},\"image\":{\"@id\":\"https:\\\/\\\/www.lifenatura.com\\\/es\\\/#\\\/schema\\\/logo\\\/image\\\/\"},\"sameAs\":[\"https:\\\/\\\/www.facebook.com\\\/lifenatura\",\"https:\\\/\\\/www.instagram.com\\\/lifenaturapt\\\/\"],\"hasMerchantReturnPolicy\":{\"@type\":\"MerchantReturnPolicy\",\"merchantReturnLink\":\"https:\\\/\\\/www.lifenatura.com\\\/termos-condicoes-lifenatura\\\/\"}}]}<\/script>\n<meta property=\"product:price:amount\" content=\"13.90\" \/>\n<meta property=\"product:price:currency\" content=\"EUR\" \/>\n<meta property=\"og:availability\" content=\"instock\" \/>\n<meta property=\"product:availability\" content=\"instock\" \/>\n<meta property=\"product:retailer_item_id\" content=\"7526178\" \/>\n<meta property=\"product:condition\" content=\"new\" \/>\n<!-- \/ Yoast SEO Premium plugin. -->","yoast_head_json":{"title":"Forte Stress Animo 30 Comprimidos - Forte Pharma - Na Lifenatura ao Melhor Pre\u00e7o | Envio em 48h","description":"Forte Stress Animo suplemento para el equilibrio emocional durante 24h. Con rodiola, L-tript\u00f3fano, azafr\u00e1n y vitaminas del grupo B. Bienestar d\u00eda y noche.","robots":{"index":"index","follow":"follow","max-snippet":"max-snippet:-1","max-image-preview":"max-image-preview:large","max-video-preview":"max-video-preview:-1"},"canonical":"https:\/\/www.lifenatura.com\/es\/produto\/forte-stress-animo-30-comprimidos-forte-pharma\/","og_locale":"es_ES","og_type":"article","og_title":"Forte Stress Animo 30 Comprimidos - Forte Pharma - Na Lifenatura ao Melhor Pre\u00e7o | Envio 48h","og_description":"Compre Forte Stress Animo 30 Comprimidos - Forte Pharma com envio r\u00e1pido. Entrega em 48h e portes gr\u00e1tis em compras >35\u20ac. Aproveite j\u00e1 na Lifenatura","og_url":"https:\/\/www.lifenatura.com\/es\/produto\/forte-stress-animo-30-comprimidos-forte-pharma\/","og_site_name":"Lifenatura","article_publisher":"https:\/\/www.facebook.com\/lifenatura","article_modified_time":"2026-04-21T00:03:59+00:00","og_image":[{"width":1000,"height":1000,"url":"https:\/\/www.lifenatura.com\/wp-content\/uploads\/2025\/04\/forte-stress-animo-forte-pharma.jpg","type":"image\/jpeg"}],"twitter_card":"summary_large_image","twitter_misc":{"Precio":"13,90&nbsp;&euro;","Disponibilidad":"Disponible"},"schema":{"@context":"https:\/\/schema.org","@graph":[{"@type":"WebPage","@id":"https:\/\/www.lifenatura.com\/es\/produto\/forte-stress-animo-30-comprimidos-forte-pharma\/","url":"https:\/\/www.lifenatura.com\/es\/produto\/forte-stress-animo-30-comprimidos-forte-pharma\/","name":"Forte Stress Animo 30 Comprimidos - Forte Pharma - Na Lifenatura ao Melhor Pre\u00e7o | Envio em 48h","isPartOf":{"@id":"https:\/\/www.lifenatura.com\/es\/#website"},"primaryImageOfPage":{"@id":"https:\/\/www.lifenatura.com\/es\/produto\/forte-stress-animo-30-comprimidos-forte-pharma\/#primaryimage"},"image":{"@id":"https:\/\/www.lifenatura.com\/es\/produto\/forte-stress-animo-30-comprimidos-forte-pharma\/#primaryimage"},"thumbnailUrl":"https:\/\/www.lifenatura.com\/wp-content\/uploads\/2025\/04\/forte-stress-animo-forte-pharma.jpg","datePublished":"2025-04-21T07:45:05+00:00","dateModified":"2026-04-21T00:03:59+00:00","description":"Forte Stress Animo suplemento para el equilibrio emocional durante 24h. Con rodiola, L-tript\u00f3fano, azafr\u00e1n y vitaminas del grupo B. Bienestar d\u00eda y noche.","breadcrumb":{"@id":"https:\/\/www.lifenatura.com\/es\/produto\/forte-stress-animo-30-comprimidos-forte-pharma\/#breadcrumb"},"inLanguage":"es","potentialAction":[{"@type":"ReadAction","target":["https:\/\/www.lifenatura.com\/es\/produto\/forte-stress-animo-30-comprimidos-forte-pharma\/"]}]},{"@type":"ImageObject","inLanguage":"es","@id":"https:\/\/www.lifenatura.com\/es\/produto\/forte-stress-animo-30-comprimidos-forte-pharma\/#primaryimage","url":"https:\/\/www.lifenatura.com\/wp-content\/uploads\/2025\/04\/forte-stress-animo-forte-pharma.jpg","contentUrl":"https:\/\/www.lifenatura.com\/wp-content\/uploads\/2025\/04\/forte-stress-animo-forte-pharma.jpg","width":1000,"height":1000,"caption":"Forte Stress de Forte Pharma"},{"@type":"BreadcrumbList","@id":"https:\/\/www.lifenatura.com\/es\/produto\/forte-stress-animo-30-comprimidos-forte-pharma\/#breadcrumb","itemListElement":[{"@type":"ListItem","position":1,"name":"In\u00edcio","item":"https:\/\/www.lifenatura.com\/es\/"},{"@type":"ListItem","position":2,"name":"Todos los Productos","item":"https:\/\/www.lifenatura.com\/es\/tienda\/"},{"@type":"ListItem","position":3,"name":"Forte Stress Animo 30 Comprimidos &#8211; Forte Pharma"}]},{"@type":"WebSite","@id":"https:\/\/www.lifenatura.com\/es\/#website","url":"https:\/\/www.lifenatura.com\/es\/","name":"Lifenatura","description":"A Lifenatura \u00e9 uma loja de produtos naturais, cosm\u00e9tica natural e alimenta\u00e7\u00e3o Biol\u00f3gica.","publisher":{"@id":"https:\/\/www.lifenatura.com\/es\/#organization"},"potentialAction":[{"@type":"SearchAction","target":{"@type":"EntryPoint","urlTemplate":"https:\/\/www.lifenatura.com\/es\/?s={search_term_string}"},"query-input":{"@type":"PropertyValueSpecification","valueRequired":true,"valueName":"search_term_string"}}],"inLanguage":"es"},{"@type":"Organization","@id":"https:\/\/www.lifenatura.com\/es\/#organization","name":"Lifenatura","url":"https:\/\/www.lifenatura.com\/es\/","logo":{"@type":"ImageObject","inLanguage":"es","@id":"https:\/\/www.lifenatura.com\/es\/#\/schema\/logo\/image\/","url":"https:\/\/www.lifenatura.com\/wp-content\/uploads\/2021\/07\/logo.png","contentUrl":"https:\/\/www.lifenatura.com\/wp-content\/uploads\/2021\/07\/logo.png","width":175,"height":55,"caption":"Lifenatura"},"image":{"@id":"https:\/\/www.lifenatura.com\/es\/#\/schema\/logo\/image\/"},"sameAs":["https:\/\/www.facebook.com\/lifenatura","https:\/\/www.instagram.com\/lifenaturapt\/"],"hasMerchantReturnPolicy":{"@type":"MerchantReturnPolicy","merchantReturnLink":"https:\/\/www.lifenatura.com\/termos-condicoes-lifenatura\/"}}]},"product_price_amount":"13.90","product_price_currency":"EUR","og_availability":"instock","product_availability":"instock","product_retailer_item_id":"7526178","product_condition":"new"},"df_price":13.9,"df_sale_price":13.9,"df_regular_price":15.75,"df_image_link":"https:\/\/www.lifenatura.com\/wp-content\/uploads\/2025\/04\/forte-stress-animo-forte-pharma-300x300.jpg","_links":{"self":[{"href":"https:\/\/www.lifenatura.com\/es\/wp-json\/wp\/v2\/product\/110774","targetHints":{"allow":["GET"]}}],"collection":[{"href":"https:\/\/www.lifenatura.com\/es\/wp-json\/wp\/v2\/product"}],"about":[{"href":"https:\/\/www.lifenatura.com\/es\/wp-json\/wp\/v2\/types\/product"}],"wp:featuredmedia":[{"embeddable":true,"href":"https:\/\/www.lifenatura.com\/es\/wp-json\/wp\/v2\/media\/110229"}],"wp:attachment":[{"href":"https:\/\/www.lifenatura.com\/es\/wp-json\/wp\/v2\/media?parent=110774"}],"wp:term":[{"taxonomy":"product_brand","embeddable":true,"href":"https:\/\/www.lifenatura.com\/es\/wp-json\/wp\/v2\/product_brand?post=110774"},{"taxonomy":"product_cat","embeddable":true,"href":"https:\/\/www.lifenatura.com\/es\/wp-json\/wp\/v2\/product_cat?post=110774"},{"taxonomy":"product_tag","embeddable":true,"href":"https:\/\/www.lifenatura.com\/es\/wp-json\/wp\/v2\/product_tag?post=110774"}],"curies":[{"name":"wp","href":"https:\/\/api.w.org\/{rel}","templated":true}]}}