{"id":110773,"date":"2025-04-21T17:19:04","date_gmt":"2025-04-21T17:19:04","guid":{"rendered":"https:\/\/www.lifenatura.com\/produto\/calciforte-3-en-1-60-capsulas-fharmonat\/"},"modified":"2026-04-21T00:01:23","modified_gmt":"2026-04-21T00:01:23","slug":"calciforte-3-en-1-60-capsulas-fharmonat","status":"publish","type":"product","link":"https:\/\/www.lifenatura.com\/es\/produto\/calciforte-3-en-1-60-capsulas-fharmonat\/","title":{"rendered":"Calciforte 3 en 1 60 C\u00e1psulas &#8211; Fharmonat"},"content":{"rendered":"<h2 class=\"\" data-start=\"168\" data-end=\"243\"><strong>Calciforte 3 en 1 &#8211; Apoyo completo para huesos, articulaciones y m\u00fasculos<\/strong><\/h2>\n<p>&nbsp;<\/p>\n<p class=\"\" data-start=\"245\" data-end=\"586\"><strong data-start=\"245\" data-end=\"266\">Calciforte 3 en 1<\/strong> de <strong data-start=\"270\" data-end=\"283\">Fharmonat<\/strong> es un complemento alimenticio formulado para promover la salud osteoarticular y muscular. Su composici\u00f3n combina minerales esenciales, vitaminas e ingredientes activos que ayudan a mantener unos huesos fuertes, unas articulaciones sanas y unos m\u00fasculos funcionales.<\/p>\n<p class=\"\" data-start=\"588\" data-end=\"679\">Este suplemento tiene una f\u00f3rmula bif\u00e1sica.<\/p>\n<ul data-start=\"681\" data-end=\"1049\">\n<li class=\"\" data-start=\"681\" data-end=\"800\">\n<p class=\"\" data-start=\"683\" data-end=\"800\"><strong data-start=\"683\" data-end=\"709\">C\u00e1psula blanca (ma\u00f1ana)<\/strong>: enriquecida con calcio, magnesio y vitamina D3, esenciales para la salud \u00f3sea y muscular.<\/p>\n<\/li>\n<li class=\"\" data-start=\"801\" data-end=\"1049\">\n<p class=\"\" data-start=\"803\" data-end=\"1049\"><strong data-start=\"803\" data-end=\"831\">C\u00e1psula roja (noche)<\/strong>: contiene glucosamina, condroitina, vitamina C, harpagofito, cart\u00edlago de tibur\u00f3n y vitamina K2, que ayudan a lubricar y regenerar las articulaciones y los tejidos conjuntivos.<\/p>\n<\/li>\n<\/ul>\n<h3 class=\"\" data-start=\"1051\" data-end=\"1077\">Principales ventajas:<\/h3>\n<ul data-start=\"1079\" data-end=\"1329\">\n<li class=\"\" data-start=\"1079\" data-end=\"1132\">\n<p class=\"\" data-start=\"1081\" data-end=\"1132\">Contribuye a la funci\u00f3n muscular normal.<\/p>\n<\/li>\n<li class=\"\" data-start=\"1133\" data-end=\"1172\">\n<p class=\"\" data-start=\"1135\" data-end=\"1172\">Ayuda a mantener los huesos normales.<\/p>\n<\/li>\n<li class=\"\" data-start=\"1173\" data-end=\"1209\">\n<p class=\"\" data-start=\"1175\" data-end=\"1209\">Protege y refuerza las articulaciones.<\/p>\n<\/li>\n<li class=\"\" data-start=\"1210\" data-end=\"1329\">\n<p class=\"\" data-start=\"1212\" data-end=\"1329\">Ayuda a lubricar y reparar tendones, cart\u00edlagos y ligamentos.<\/p>\n<\/li>\n<\/ul>\n<h3 class=\"\" data-start=\"1331\" data-end=\"1346\">Indicaciones:<\/h3>\n<p class=\"\" data-start=\"1348\" data-end=\"1427\">Adecuado para adultos que buscan.<\/p>\n<ul data-start=\"1429\" data-end=\"1630\">\n<li class=\"\" data-start=\"1429\" data-end=\"1464\">\n<p class=\"\" data-start=\"1431\" data-end=\"1464\">Previene la descalcificaci\u00f3n \u00f3sea.<\/p>\n<\/li>\n<li class=\"\" data-start=\"1465\" data-end=\"1520\">\n<p class=\"\" data-start=\"1467\" data-end=\"1520\">Mantienen la salud de las articulaciones y los tejidos conjuntivos.<\/p>\n<\/li>\n<li class=\"\" data-start=\"1521\" data-end=\"1630\">\n<p class=\"\" data-start=\"1523\" data-end=\"1630\">Apoyo nutricional en casos de desgaste articular o muscular.<\/p>\n<\/li>\n<\/ul>\n<p>Calciforte es rico en calcio y vitamina D. La combinaci\u00f3n de ambos contribuye al funcionamiento normal de los m\u00fasculos y al mantenimiento de unos huesos normales, mientras que la vitamina D ayuda a la absorci\u00f3n del calcio, haciendo m\u00e1s eficaces sus efectos beneficiosos.<\/p>\n<p><strong>PRESENTACI\u00d3N<\/strong><\/p>\n<p>60 c\u00e1psulas<\/p>\n<p>&nbsp;<\/p>\n","protected":false},"excerpt":{"rendered":"<p>Calciforte 3 en 1 de Fharmonat: un suplemento completo para huesos, articulaciones y m\u00fasculos. Con calcio, magnesio, vitaminas D3 y K2, glucosamina y condroitina. [&#8230;]<\/p>\n<p><a class=\"btn btn-secondary understrap-read-more-link\" href=\"https:\/\/www.lifenatura.com\/es\/produto\/calciforte-3-en-1-60-capsulas-fharmonat\/\">Leer m\u00e1s&#8230;<span class=\"screen-reader-text\"> from Calciforte 3 en 1 60 C\u00e1psulas &#8211; Fharmonat<\/span><\/a><\/p>\n","protected":false},"featured_media":110327,"template":"","meta":{"_acf_changed":false},"product_brand":[8287],"product_cat":[7713,7659,7207,7179,7883],"product_tag":[8705],"class_list":{"0":"post-110773","1":"product","2":"type-product","3":"status-publish","4":"has-post-thumbnail","6":"product_brand-fharmonat","7":"product_cat-glucosamina-es","8":"product_cat-ingrediente-natural-bio","9":"product_cat-osteoporosis","10":"product_cat-salud","11":"product_cat-suplementos-alimenticios","12":"product_tag-fharmonat","14":"first","15":"instock","16":"sale","17":"shipping-taxable","18":"purchasable","19":"product-type-simple","20":"add-to-wishlist-before_image"},"acf":[],"yoast_head":"<!-- This site is optimized with the Yoast SEO Premium plugin v27.1 (Yoast SEO v27.5) - https:\/\/yoast.com\/product\/yoast-seo-premium-wordpress\/ -->\n<title>Calciforte 3 en 1 60 C\u00e1psulas - Fharmonat - Na Lifenatura ao Melhor Pre\u00e7o | Envio em 48h<\/title>\n<meta name=\"description\" content=\"Calciforte 3 en 1 es un suplemento completo para huesos, articulaciones y m\u00fasculos. Con calcio, magnesio, vitaminas D3 y K2, glucosamina y condroitina.\" \/>\n<meta name=\"robots\" content=\"index, follow, max-snippet:-1, max-image-preview:large, max-video-preview:-1\" \/>\n<link rel=\"canonical\" href=\"https:\/\/www.lifenatura.com\/es\/produto\/calciforte-3-en-1-60-capsulas-fharmonat\/\" \/>\n<meta property=\"og:locale\" content=\"es_ES\" \/>\n<meta property=\"og:type\" content=\"article\" \/>\n<meta property=\"og:title\" content=\"Calciforte 3 en 1 60 C\u00e1psulas - Fharmonat - Na Lifenatura ao Melhor Pre\u00e7o | Envio 48h\" \/>\n<meta property=\"og:description\" content=\"Compre Calciforte 3 en 1 60 C\u00e1psulas - Fharmonat com envio r\u00e1pido. Entrega em 48h e portes gr\u00e1tis em compras &gt;35\u20ac. Aproveite j\u00e1 na Lifenatura\" \/>\n<meta property=\"og:url\" content=\"https:\/\/www.lifenatura.com\/es\/produto\/calciforte-3-en-1-60-capsulas-fharmonat\/\" \/>\n<meta property=\"og:site_name\" content=\"Lifenatura\" \/>\n<meta property=\"article:publisher\" content=\"https:\/\/www.facebook.com\/lifenatura\" \/>\n<meta property=\"article:modified_time\" content=\"2026-04-21T00:01:23+00:00\" \/>\n<meta property=\"og:image\" content=\"https:\/\/www.lifenatura.com\/wp-content\/uploads\/2025\/04\/calciforte-fharmonat.jpg\" \/>\n\t<meta property=\"og:image:width\" content=\"1000\" \/>\n\t<meta property=\"og:image:height\" content=\"1000\" \/>\n\t<meta property=\"og:image:type\" content=\"image\/jpeg\" \/>\n<meta name=\"twitter:card\" content=\"summary_large_image\" \/>\n<meta name=\"twitter:label1\" content=\"Precio\" \/>\n\t<meta name=\"twitter:data1\" content=\"21,88&nbsp;&euro;\" \/>\n\t<meta name=\"twitter:label2\" content=\"Disponibilidad\" \/>\n\t<meta name=\"twitter:data2\" content=\"Disponible\" \/>\n<script type=\"application\/ld+json\" class=\"yoast-schema-graph\">{\"@context\":\"https:\\\/\\\/schema.org\",\"@graph\":[{\"@type\":\"WebPage\",\"@id\":\"https:\\\/\\\/www.lifenatura.com\\\/es\\\/produto\\\/calciforte-3-en-1-60-capsulas-fharmonat\\\/\",\"url\":\"https:\\\/\\\/www.lifenatura.com\\\/es\\\/produto\\\/calciforte-3-en-1-60-capsulas-fharmonat\\\/\",\"name\":\"Calciforte 3 en 1 60 C\u00e1psulas - Fharmonat - Na Lifenatura ao Melhor Pre\u00e7o | Envio em 48h\",\"isPartOf\":{\"@id\":\"https:\\\/\\\/www.lifenatura.com\\\/es\\\/#website\"},\"primaryImageOfPage\":{\"@id\":\"https:\\\/\\\/www.lifenatura.com\\\/es\\\/produto\\\/calciforte-3-en-1-60-capsulas-fharmonat\\\/#primaryimage\"},\"image\":{\"@id\":\"https:\\\/\\\/www.lifenatura.com\\\/es\\\/produto\\\/calciforte-3-en-1-60-capsulas-fharmonat\\\/#primaryimage\"},\"thumbnailUrl\":\"https:\\\/\\\/www.lifenatura.com\\\/wp-content\\\/uploads\\\/2025\\\/04\\\/calciforte-fharmonat.jpg\",\"datePublished\":\"2025-04-21T17:19:04+00:00\",\"dateModified\":\"2026-04-21T00:01:23+00:00\",\"description\":\"Calciforte 3 en 1 es un suplemento completo para huesos, articulaciones y m\u00fasculos. Con calcio, magnesio, vitaminas D3 y K2, glucosamina y condroitina.\",\"breadcrumb\":{\"@id\":\"https:\\\/\\\/www.lifenatura.com\\\/es\\\/produto\\\/calciforte-3-en-1-60-capsulas-fharmonat\\\/#breadcrumb\"},\"inLanguage\":\"es\",\"potentialAction\":[{\"@type\":\"ReadAction\",\"target\":[\"https:\\\/\\\/www.lifenatura.com\\\/es\\\/produto\\\/calciforte-3-en-1-60-capsulas-fharmonat\\\/\"]}]},{\"@type\":\"ImageObject\",\"inLanguage\":\"es\",\"@id\":\"https:\\\/\\\/www.lifenatura.com\\\/es\\\/produto\\\/calciforte-3-en-1-60-capsulas-fharmonat\\\/#primaryimage\",\"url\":\"https:\\\/\\\/www.lifenatura.com\\\/wp-content\\\/uploads\\\/2025\\\/04\\\/calciforte-fharmonat.jpg\",\"contentUrl\":\"https:\\\/\\\/www.lifenatura.com\\\/wp-content\\\/uploads\\\/2025\\\/04\\\/calciforte-fharmonat.jpg\",\"width\":1000,\"height\":1000,\"caption\":\"Calciforte de fharmonat\"},{\"@type\":\"BreadcrumbList\",\"@id\":\"https:\\\/\\\/www.lifenatura.com\\\/es\\\/produto\\\/calciforte-3-en-1-60-capsulas-fharmonat\\\/#breadcrumb\",\"itemListElement\":[{\"@type\":\"ListItem\",\"position\":1,\"name\":\"In\u00edcio\",\"item\":\"https:\\\/\\\/www.lifenatura.com\\\/es\\\/\"},{\"@type\":\"ListItem\",\"position\":2,\"name\":\"Todos los Productos\",\"item\":\"https:\\\/\\\/www.lifenatura.com\\\/es\\\/tienda\\\/\"},{\"@type\":\"ListItem\",\"position\":3,\"name\":\"Calciforte 3 en 1 60 C\u00e1psulas &#8211; Fharmonat\"}]},{\"@type\":\"WebSite\",\"@id\":\"https:\\\/\\\/www.lifenatura.com\\\/es\\\/#website\",\"url\":\"https:\\\/\\\/www.lifenatura.com\\\/es\\\/\",\"name\":\"Lifenatura\",\"description\":\"A Lifenatura \u00e9 uma loja de produtos naturais, cosm\u00e9tica natural e alimenta\u00e7\u00e3o Biol\u00f3gica.\",\"publisher\":{\"@id\":\"https:\\\/\\\/www.lifenatura.com\\\/es\\\/#organization\"},\"potentialAction\":[{\"@type\":\"SearchAction\",\"target\":{\"@type\":\"EntryPoint\",\"urlTemplate\":\"https:\\\/\\\/www.lifenatura.com\\\/es\\\/?s={search_term_string}\"},\"query-input\":{\"@type\":\"PropertyValueSpecification\",\"valueRequired\":true,\"valueName\":\"search_term_string\"}}],\"inLanguage\":\"es\"},{\"@type\":\"Organization\",\"@id\":\"https:\\\/\\\/www.lifenatura.com\\\/es\\\/#organization\",\"name\":\"Lifenatura\",\"url\":\"https:\\\/\\\/www.lifenatura.com\\\/es\\\/\",\"logo\":{\"@type\":\"ImageObject\",\"inLanguage\":\"es\",\"@id\":\"https:\\\/\\\/www.lifenatura.com\\\/es\\\/#\\\/schema\\\/logo\\\/image\\\/\",\"url\":\"https:\\\/\\\/www.lifenatura.com\\\/wp-content\\\/uploads\\\/2021\\\/07\\\/logo.png\",\"contentUrl\":\"https:\\\/\\\/www.lifenatura.com\\\/wp-content\\\/uploads\\\/2021\\\/07\\\/logo.png\",\"width\":175,\"height\":55,\"caption\":\"Lifenatura\"},\"image\":{\"@id\":\"https:\\\/\\\/www.lifenatura.com\\\/es\\\/#\\\/schema\\\/logo\\\/image\\\/\"},\"sameAs\":[\"https:\\\/\\\/www.facebook.com\\\/lifenatura\",\"https:\\\/\\\/www.instagram.com\\\/lifenaturapt\\\/\"],\"hasMerchantReturnPolicy\":{\"@type\":\"MerchantReturnPolicy\",\"merchantReturnLink\":\"https:\\\/\\\/www.lifenatura.com\\\/termos-condicoes-lifenatura\\\/\"}}]}<\/script>\n<meta property=\"product:price:amount\" content=\"21.88\" \/>\n<meta property=\"product:price:currency\" content=\"EUR\" \/>\n<meta property=\"og:availability\" content=\"instock\" \/>\n<meta property=\"product:availability\" content=\"instock\" \/>\n<meta property=\"product:retailer_item_id\" content=\"5600315082965\" \/>\n<meta property=\"product:condition\" content=\"new\" \/>\n<!-- \/ Yoast SEO Premium plugin. -->","yoast_head_json":{"title":"Calciforte 3 en 1 60 C\u00e1psulas - Fharmonat - Na Lifenatura ao Melhor Pre\u00e7o | Envio em 48h","description":"Calciforte 3 en 1 es un suplemento completo para huesos, articulaciones y m\u00fasculos. Con calcio, magnesio, vitaminas D3 y K2, glucosamina y condroitina.","robots":{"index":"index","follow":"follow","max-snippet":"max-snippet:-1","max-image-preview":"max-image-preview:large","max-video-preview":"max-video-preview:-1"},"canonical":"https:\/\/www.lifenatura.com\/es\/produto\/calciforte-3-en-1-60-capsulas-fharmonat\/","og_locale":"es_ES","og_type":"article","og_title":"Calciforte 3 en 1 60 C\u00e1psulas - Fharmonat - Na Lifenatura ao Melhor Pre\u00e7o | Envio 48h","og_description":"Compre Calciforte 3 en 1 60 C\u00e1psulas - Fharmonat com envio r\u00e1pido. Entrega em 48h e portes gr\u00e1tis em compras >35\u20ac. Aproveite j\u00e1 na Lifenatura","og_url":"https:\/\/www.lifenatura.com\/es\/produto\/calciforte-3-en-1-60-capsulas-fharmonat\/","og_site_name":"Lifenatura","article_publisher":"https:\/\/www.facebook.com\/lifenatura","article_modified_time":"2026-04-21T00:01:23+00:00","og_image":[{"width":1000,"height":1000,"url":"https:\/\/www.lifenatura.com\/wp-content\/uploads\/2025\/04\/calciforte-fharmonat.jpg","type":"image\/jpeg"}],"twitter_card":"summary_large_image","twitter_misc":{"Precio":"21,88&nbsp;&euro;","Disponibilidad":"Disponible"},"schema":{"@context":"https:\/\/schema.org","@graph":[{"@type":"WebPage","@id":"https:\/\/www.lifenatura.com\/es\/produto\/calciforte-3-en-1-60-capsulas-fharmonat\/","url":"https:\/\/www.lifenatura.com\/es\/produto\/calciforte-3-en-1-60-capsulas-fharmonat\/","name":"Calciforte 3 en 1 60 C\u00e1psulas - Fharmonat - Na Lifenatura ao Melhor Pre\u00e7o | Envio em 48h","isPartOf":{"@id":"https:\/\/www.lifenatura.com\/es\/#website"},"primaryImageOfPage":{"@id":"https:\/\/www.lifenatura.com\/es\/produto\/calciforte-3-en-1-60-capsulas-fharmonat\/#primaryimage"},"image":{"@id":"https:\/\/www.lifenatura.com\/es\/produto\/calciforte-3-en-1-60-capsulas-fharmonat\/#primaryimage"},"thumbnailUrl":"https:\/\/www.lifenatura.com\/wp-content\/uploads\/2025\/04\/calciforte-fharmonat.jpg","datePublished":"2025-04-21T17:19:04+00:00","dateModified":"2026-04-21T00:01:23+00:00","description":"Calciforte 3 en 1 es un suplemento completo para huesos, articulaciones y m\u00fasculos. Con calcio, magnesio, vitaminas D3 y K2, glucosamina y condroitina.","breadcrumb":{"@id":"https:\/\/www.lifenatura.com\/es\/produto\/calciforte-3-en-1-60-capsulas-fharmonat\/#breadcrumb"},"inLanguage":"es","potentialAction":[{"@type":"ReadAction","target":["https:\/\/www.lifenatura.com\/es\/produto\/calciforte-3-en-1-60-capsulas-fharmonat\/"]}]},{"@type":"ImageObject","inLanguage":"es","@id":"https:\/\/www.lifenatura.com\/es\/produto\/calciforte-3-en-1-60-capsulas-fharmonat\/#primaryimage","url":"https:\/\/www.lifenatura.com\/wp-content\/uploads\/2025\/04\/calciforte-fharmonat.jpg","contentUrl":"https:\/\/www.lifenatura.com\/wp-content\/uploads\/2025\/04\/calciforte-fharmonat.jpg","width":1000,"height":1000,"caption":"Calciforte de fharmonat"},{"@type":"BreadcrumbList","@id":"https:\/\/www.lifenatura.com\/es\/produto\/calciforte-3-en-1-60-capsulas-fharmonat\/#breadcrumb","itemListElement":[{"@type":"ListItem","position":1,"name":"In\u00edcio","item":"https:\/\/www.lifenatura.com\/es\/"},{"@type":"ListItem","position":2,"name":"Todos los Productos","item":"https:\/\/www.lifenatura.com\/es\/tienda\/"},{"@type":"ListItem","position":3,"name":"Calciforte 3 en 1 60 C\u00e1psulas &#8211; Fharmonat"}]},{"@type":"WebSite","@id":"https:\/\/www.lifenatura.com\/es\/#website","url":"https:\/\/www.lifenatura.com\/es\/","name":"Lifenatura","description":"A Lifenatura \u00e9 uma loja de produtos naturais, cosm\u00e9tica natural e alimenta\u00e7\u00e3o Biol\u00f3gica.","publisher":{"@id":"https:\/\/www.lifenatura.com\/es\/#organization"},"potentialAction":[{"@type":"SearchAction","target":{"@type":"EntryPoint","urlTemplate":"https:\/\/www.lifenatura.com\/es\/?s={search_term_string}"},"query-input":{"@type":"PropertyValueSpecification","valueRequired":true,"valueName":"search_term_string"}}],"inLanguage":"es"},{"@type":"Organization","@id":"https:\/\/www.lifenatura.com\/es\/#organization","name":"Lifenatura","url":"https:\/\/www.lifenatura.com\/es\/","logo":{"@type":"ImageObject","inLanguage":"es","@id":"https:\/\/www.lifenatura.com\/es\/#\/schema\/logo\/image\/","url":"https:\/\/www.lifenatura.com\/wp-content\/uploads\/2021\/07\/logo.png","contentUrl":"https:\/\/www.lifenatura.com\/wp-content\/uploads\/2021\/07\/logo.png","width":175,"height":55,"caption":"Lifenatura"},"image":{"@id":"https:\/\/www.lifenatura.com\/es\/#\/schema\/logo\/image\/"},"sameAs":["https:\/\/www.facebook.com\/lifenatura","https:\/\/www.instagram.com\/lifenaturapt\/"],"hasMerchantReturnPolicy":{"@type":"MerchantReturnPolicy","merchantReturnLink":"https:\/\/www.lifenatura.com\/termos-condicoes-lifenatura\/"}}]},"product_price_amount":"21.88","product_price_currency":"EUR","og_availability":"instock","product_availability":"instock","product_retailer_item_id":"5600315082965","product_condition":"new"},"df_price":21.88,"df_sale_price":21.88,"df_regular_price":36.47,"df_image_link":"https:\/\/www.lifenatura.com\/wp-content\/uploads\/2025\/04\/calciforte-fharmonat-300x300.jpg","_links":{"self":[{"href":"https:\/\/www.lifenatura.com\/es\/wp-json\/wp\/v2\/product\/110773","targetHints":{"allow":["GET"]}}],"collection":[{"href":"https:\/\/www.lifenatura.com\/es\/wp-json\/wp\/v2\/product"}],"about":[{"href":"https:\/\/www.lifenatura.com\/es\/wp-json\/wp\/v2\/types\/product"}],"wp:featuredmedia":[{"embeddable":true,"href":"https:\/\/www.lifenatura.com\/es\/wp-json\/wp\/v2\/media\/110327"}],"wp:attachment":[{"href":"https:\/\/www.lifenatura.com\/es\/wp-json\/wp\/v2\/media?parent=110773"}],"wp:term":[{"taxonomy":"product_brand","embeddable":true,"href":"https:\/\/www.lifenatura.com\/es\/wp-json\/wp\/v2\/product_brand?post=110773"},{"taxonomy":"product_cat","embeddable":true,"href":"https:\/\/www.lifenatura.com\/es\/wp-json\/wp\/v2\/product_cat?post=110773"},{"taxonomy":"product_tag","embeddable":true,"href":"https:\/\/www.lifenatura.com\/es\/wp-json\/wp\/v2\/product_tag?post=110773"}],"curies":[{"name":"wp","href":"https:\/\/api.w.org\/{rel}","templated":true}]}}