{"id":110772,"date":"2025-04-21T16:42:31","date_gmt":"2025-04-21T16:42:31","guid":{"rendered":"https:\/\/www.lifenatura.com\/produto\/lumbroquinasa-60-capsulas-vegi-doctors-best\/"},"modified":"2025-05-15T16:57:04","modified_gmt":"2025-05-15T16:57:04","slug":"lumbroquinasa-60-capsulas-vegi-doctors-best","status":"publish","type":"product","link":"https:\/\/www.lifenatura.com\/es\/produto\/lumbroquinasa-60-capsulas-vegi-doctors-best\/","title":{"rendered":"Lumbroquinase 60 c\u00e1psulas vegi &#8211; Doctor&#8217;s Best"},"content":{"rendered":"<h2 class=\"\" data-start=\"208\" data-end=\"284\"><strong>Lumbroquinase Doctor&#8217;s Best &#8211; Apoyo avanzado para la salud cardiovascular<\/strong><\/h2>\n<p>&nbsp;<\/p>\n<p class=\"\" data-start=\"286\" data-end=\"752\"><strong data-start=\"288\" data-end=\"321\">La lumbroquinasa de Doctor&#8217;s Best<\/strong> es un complemento alimenticio formulado con enzimas fibrinol\u00edticas altamente estables derivadas de especies de lombriz de tierra como la <em data-start=\"444\" data-end=\"464\">Lumbricus rubellus<\/em>. Estas enzimas son reconocidas por su capacidad para descomponer la fibrina, una prote\u00edna implicada en la formaci\u00f3n de co\u00e1gulos sangu\u00edneos, promoviendo as\u00ed una circulaci\u00f3n sangu\u00ednea sana y contribuyendo al mantenimiento de la funci\u00f3n cardiovascular.<\/p>\n<p class=\"\" data-start=\"754\" data-end=\"1005\">Cada dosis diaria (2 c\u00e1psulas) aporta 40 mg de lumbroquinasa, equivalentes a 720.000 unidades de actividad enzim\u00e1tica, lo que garantiza una absorci\u00f3n eficaz en el tracto intestinal.<\/p>\n<h3 class=\"\" data-start=\"1007\" data-end=\"1033\">Principales ventajas:<\/h3>\n<ul data-start=\"1035\" data-end=\"1454\">\n<li class=\"\" data-start=\"1035\" data-end=\"1135\">\n<p class=\"\" data-start=\"1037\" data-end=\"1135\"><strong data-start=\"1037\" data-end=\"1069\">Favorece la salud cardiovascular<\/strong>: ayuda a mantener el flujo sangu\u00edneo y el funcionamiento saludable del coraz\u00f3n.<\/p>\n<\/li>\n<li class=\"\" data-start=\"1136\" data-end=\"1243\">\n<p class=\"\" data-start=\"1138\" data-end=\"1243\"><strong data-start=\"1138\" data-end=\"1165\">Actividad fibrinol\u00edtica<\/strong>: contribuye a la descomposici\u00f3n de la fibrina, ayudando a prevenir los co\u00e1gulos.<\/p>\n<\/li>\n<li class=\"\" data-start=\"1244\" data-end=\"1326\">\n<p class=\"\" data-start=\"1246\" data-end=\"1326\"><strong data-start=\"1246\" data-end=\"1273\">Alta biodisponibilidad<\/strong>: formulado para una absorci\u00f3n optimizada en el intestino.<\/p>\n<\/li>\n<li class=\"\" data-start=\"1327\" data-end=\"1454\">\n<p class=\"\" data-start=\"1329\" data-end=\"1454\"><strong data-start=\"1329\" data-end=\"1345\">F\u00f3rmula pura<\/strong>: sin gluten, soja ni organismos modificados gen\u00e9ticamente (OMG).<\/p>\n<\/li>\n<\/ul>\n<h3 class=\"\" data-start=\"1456\" data-end=\"1471\">Indicaciones:<\/h3>\n<p class=\"\" data-start=\"1473\" data-end=\"1508\">Adecuado para adultos que buscan:<\/p>\n<ul data-start=\"1509\" data-end=\"1734\">\n<li class=\"\" data-start=\"1509\" data-end=\"1557\">\n<p class=\"\" data-start=\"1511\" data-end=\"1557\">Ayuda a mantener la salud cardiovascular.<\/p>\n<\/li>\n<li class=\"\" data-start=\"1558\" data-end=\"1617\">\n<p class=\"\" data-start=\"1560\" data-end=\"1617\">Ayuda a promover una circulaci\u00f3n sangu\u00ednea sana.<\/p>\n<\/li>\n<li class=\"\" data-start=\"1618\" data-end=\"1734\">\n<p class=\"\" data-start=\"1620\" data-end=\"1734\">Complemento en reg\u00edmenes de salud vascular, bajo orientaci\u00f3n profesional.<\/p>\n<\/li>\n<\/ul>\n<p>En Doctor&#8217;s Best, nuestra f\u00f3rmula de Lumbroquinasa aprovecha un legado de potentes enzimas fibrinol\u00edticas apreciadas en la rica historia de uso de China. Estas enzimas tienen la capacidad de descomponer las prote\u00ednas de fibrina para ayudar a mantener una circulaci\u00f3n sangu\u00ednea sana, lo que contribuye a la salud cardiovascular general.<\/p>\n<p><strong>PRESENTACI\u00d3N<\/strong><\/p>\n<p>60 c\u00e1psulas vegetales<\/p>\n<p>&nbsp;<\/p>\n","protected":false},"excerpt":{"rendered":"<p>Lumbroquinasa Doctor&#8217;s Best &#8211; enzimas fibrinol\u00edticas para el apoyo cardiovascular. 720.000 unidades por dosis. Favorece una circulaci\u00f3n sana. [&#8230;]<\/p>\n<p><a class=\"btn btn-secondary understrap-read-more-link\" href=\"https:\/\/www.lifenatura.com\/es\/produto\/lumbroquinasa-60-capsulas-vegi-doctors-best\/\">Leer m\u00e1s&#8230;<span class=\"screen-reader-text\"> from Lumbroquinase 60 c\u00e1psulas vegi &#8211; Doctor&#8217;s Best<\/span><\/a><\/p>\n","protected":false},"featured_media":110321,"template":"","meta":{"_acf_changed":false},"product_brand":[8286],"product_cat":[7221,7179,7883],"product_tag":[],"class_list":{"0":"post-110772","1":"product","2":"type-product","3":"status-publish","4":"has-post-thumbnail","6":"product_brand-dr-best","7":"product_cat-sistema-circulatorio","8":"product_cat-salud","9":"product_cat-suplementos-alimenticios","11":"first","12":"outofstock","13":"shipping-taxable","14":"purchasable","15":"product-type-simple","16":"add-to-wishlist-before_image"},"acf":[],"yoast_head":"<!-- This site is optimized with the Yoast SEO Premium plugin v27.1 (Yoast SEO v27.5) - https:\/\/yoast.com\/product\/yoast-seo-premium-wordpress\/ -->\n<title>Lumbroquinase 60 c\u00e1psulas vegi - Doctor&#039;s Best - Na Lifenatura ao Melhor Pre\u00e7o | Envio em 48h<\/title>\n<meta name=\"description\" content=\"Lumbroquinasa Doctor&#039;s Best - enzimas fibrinol\u00edticas para el apoyo cardiovascular. 720.000 unidades por dosis. Favorece una circulaci\u00f3n sana.\" \/>\n<meta name=\"robots\" content=\"index, follow, max-snippet:-1, max-image-preview:large, max-video-preview:-1\" \/>\n<link rel=\"canonical\" href=\"https:\/\/www.lifenatura.com\/es\/produto\/lumbroquinasa-60-capsulas-vegi-doctors-best\/\" \/>\n<meta property=\"og:locale\" content=\"es_ES\" \/>\n<meta property=\"og:type\" content=\"article\" \/>\n<meta property=\"og:title\" content=\"Lumbroquinase 60 c\u00e1psulas vegi - Doctor&#039;s Best - Na Lifenatura ao Melhor Pre\u00e7o | Envio 48h\" \/>\n<meta property=\"og:description\" content=\"Compre Lumbroquinase 60 c\u00e1psulas vegi - Doctor&#039;s Best com envio r\u00e1pido. Entrega em 48h e portes gr\u00e1tis em compras &gt;35\u20ac. Aproveite j\u00e1 na Lifenatura\" \/>\n<meta property=\"og:url\" content=\"https:\/\/www.lifenatura.com\/es\/produto\/lumbroquinasa-60-capsulas-vegi-doctors-best\/\" \/>\n<meta property=\"og:site_name\" content=\"Lifenatura\" \/>\n<meta property=\"article:publisher\" content=\"https:\/\/www.facebook.com\/lifenatura\" \/>\n<meta property=\"article:modified_time\" content=\"2025-05-15T16:57:04+00:00\" \/>\n<meta property=\"og:image\" content=\"https:\/\/www.lifenatura.com\/wp-content\/uploads\/2025\/04\/lumbrokinase-drs.best_.jpg\" \/>\n\t<meta property=\"og:image:width\" content=\"1000\" \/>\n\t<meta property=\"og:image:height\" content=\"1000\" \/>\n\t<meta property=\"og:image:type\" content=\"image\/jpeg\" \/>\n<meta name=\"twitter:card\" content=\"summary_large_image\" \/>\n<meta name=\"twitter:label1\" content=\"Precio\" \/>\n\t<meta name=\"twitter:data1\" content=\"67,90&nbsp;&euro;\" \/>\n\t<meta name=\"twitter:label2\" content=\"Disponibilidad\" \/>\n\t<meta name=\"twitter:data2\" content=\"Sin existencias\" \/>\n<script type=\"application\/ld+json\" class=\"yoast-schema-graph\">{\"@context\":\"https:\\\/\\\/schema.org\",\"@graph\":[{\"@type\":\"WebPage\",\"@id\":\"https:\\\/\\\/www.lifenatura.com\\\/es\\\/produto\\\/lumbroquinasa-60-capsulas-vegi-doctors-best\\\/\",\"url\":\"https:\\\/\\\/www.lifenatura.com\\\/es\\\/produto\\\/lumbroquinasa-60-capsulas-vegi-doctors-best\\\/\",\"name\":\"Lumbroquinase 60 c\u00e1psulas vegi - Doctor's Best - Na Lifenatura ao Melhor Pre\u00e7o | Envio em 48h\",\"isPartOf\":{\"@id\":\"https:\\\/\\\/www.lifenatura.com\\\/es\\\/#website\"},\"primaryImageOfPage\":{\"@id\":\"https:\\\/\\\/www.lifenatura.com\\\/es\\\/produto\\\/lumbroquinasa-60-capsulas-vegi-doctors-best\\\/#primaryimage\"},\"image\":{\"@id\":\"https:\\\/\\\/www.lifenatura.com\\\/es\\\/produto\\\/lumbroquinasa-60-capsulas-vegi-doctors-best\\\/#primaryimage\"},\"thumbnailUrl\":\"https:\\\/\\\/www.lifenatura.com\\\/wp-content\\\/uploads\\\/2025\\\/04\\\/lumbrokinase-drs.best_.jpg\",\"datePublished\":\"2025-04-21T16:42:31+00:00\",\"dateModified\":\"2025-05-15T16:57:04+00:00\",\"description\":\"Lumbroquinasa Doctor's Best - enzimas fibrinol\u00edticas para el apoyo cardiovascular. 720.000 unidades por dosis. Favorece una circulaci\u00f3n sana.\",\"breadcrumb\":{\"@id\":\"https:\\\/\\\/www.lifenatura.com\\\/es\\\/produto\\\/lumbroquinasa-60-capsulas-vegi-doctors-best\\\/#breadcrumb\"},\"inLanguage\":\"es\",\"potentialAction\":[{\"@type\":\"ReadAction\",\"target\":[\"https:\\\/\\\/www.lifenatura.com\\\/es\\\/produto\\\/lumbroquinasa-60-capsulas-vegi-doctors-best\\\/\"]}]},{\"@type\":\"ImageObject\",\"inLanguage\":\"es\",\"@id\":\"https:\\\/\\\/www.lifenatura.com\\\/es\\\/produto\\\/lumbroquinasa-60-capsulas-vegi-doctors-best\\\/#primaryimage\",\"url\":\"https:\\\/\\\/www.lifenatura.com\\\/wp-content\\\/uploads\\\/2025\\\/04\\\/lumbrokinase-drs.best_.jpg\",\"contentUrl\":\"https:\\\/\\\/www.lifenatura.com\\\/wp-content\\\/uploads\\\/2025\\\/04\\\/lumbrokinase-drs.best_.jpg\",\"width\":1000,\"height\":1000,\"caption\":\"Lumbroquinasa de los Dres. Best\"},{\"@type\":\"BreadcrumbList\",\"@id\":\"https:\\\/\\\/www.lifenatura.com\\\/es\\\/produto\\\/lumbroquinasa-60-capsulas-vegi-doctors-best\\\/#breadcrumb\",\"itemListElement\":[{\"@type\":\"ListItem\",\"position\":1,\"name\":\"In\u00edcio\",\"item\":\"https:\\\/\\\/www.lifenatura.com\\\/es\\\/\"},{\"@type\":\"ListItem\",\"position\":2,\"name\":\"Todos los Productos\",\"item\":\"https:\\\/\\\/www.lifenatura.com\\\/es\\\/tienda\\\/\"},{\"@type\":\"ListItem\",\"position\":3,\"name\":\"Lumbroquinase 60 c\u00e1psulas vegi &#8211; Doctor&#8217;s Best\"}]},{\"@type\":\"WebSite\",\"@id\":\"https:\\\/\\\/www.lifenatura.com\\\/es\\\/#website\",\"url\":\"https:\\\/\\\/www.lifenatura.com\\\/es\\\/\",\"name\":\"Lifenatura\",\"description\":\"A Lifenatura \u00e9 uma loja de produtos naturais, cosm\u00e9tica natural e alimenta\u00e7\u00e3o Biol\u00f3gica.\",\"publisher\":{\"@id\":\"https:\\\/\\\/www.lifenatura.com\\\/es\\\/#organization\"},\"potentialAction\":[{\"@type\":\"SearchAction\",\"target\":{\"@type\":\"EntryPoint\",\"urlTemplate\":\"https:\\\/\\\/www.lifenatura.com\\\/es\\\/?s={search_term_string}\"},\"query-input\":{\"@type\":\"PropertyValueSpecification\",\"valueRequired\":true,\"valueName\":\"search_term_string\"}}],\"inLanguage\":\"es\"},{\"@type\":\"Organization\",\"@id\":\"https:\\\/\\\/www.lifenatura.com\\\/es\\\/#organization\",\"name\":\"Lifenatura\",\"url\":\"https:\\\/\\\/www.lifenatura.com\\\/es\\\/\",\"logo\":{\"@type\":\"ImageObject\",\"inLanguage\":\"es\",\"@id\":\"https:\\\/\\\/www.lifenatura.com\\\/es\\\/#\\\/schema\\\/logo\\\/image\\\/\",\"url\":\"https:\\\/\\\/www.lifenatura.com\\\/wp-content\\\/uploads\\\/2021\\\/07\\\/logo.png\",\"contentUrl\":\"https:\\\/\\\/www.lifenatura.com\\\/wp-content\\\/uploads\\\/2021\\\/07\\\/logo.png\",\"width\":175,\"height\":55,\"caption\":\"Lifenatura\"},\"image\":{\"@id\":\"https:\\\/\\\/www.lifenatura.com\\\/es\\\/#\\\/schema\\\/logo\\\/image\\\/\"},\"sameAs\":[\"https:\\\/\\\/www.facebook.com\\\/lifenatura\",\"https:\\\/\\\/www.instagram.com\\\/lifenaturapt\\\/\"],\"hasMerchantReturnPolicy\":{\"@type\":\"MerchantReturnPolicy\",\"merchantReturnLink\":\"https:\\\/\\\/www.lifenatura.com\\\/termos-condicoes-lifenatura\\\/\"}}]}<\/script>\n<meta property=\"product:price:amount\" content=\"67.90\" \/>\n<meta property=\"product:price:currency\" content=\"EUR\" \/>\n<meta property=\"og:availability\" content=\"out of stock\" \/>\n<meta property=\"product:availability\" content=\"out of stock\" \/>\n<meta property=\"product:retailer_item_id\" content=\"753950001817\" \/>\n<meta property=\"product:condition\" content=\"new\" \/>\n<!-- \/ Yoast SEO Premium plugin. -->","yoast_head_json":{"title":"Lumbroquinase 60 c\u00e1psulas vegi - Doctor's Best - Na Lifenatura ao Melhor Pre\u00e7o | Envio em 48h","description":"Lumbroquinasa Doctor's Best - enzimas fibrinol\u00edticas para el apoyo cardiovascular. 720.000 unidades por dosis. Favorece una circulaci\u00f3n sana.","robots":{"index":"index","follow":"follow","max-snippet":"max-snippet:-1","max-image-preview":"max-image-preview:large","max-video-preview":"max-video-preview:-1"},"canonical":"https:\/\/www.lifenatura.com\/es\/produto\/lumbroquinasa-60-capsulas-vegi-doctors-best\/","og_locale":"es_ES","og_type":"article","og_title":"Lumbroquinase 60 c\u00e1psulas vegi - Doctor's Best - Na Lifenatura ao Melhor Pre\u00e7o | Envio 48h","og_description":"Compre Lumbroquinase 60 c\u00e1psulas vegi - Doctor's Best com envio r\u00e1pido. Entrega em 48h e portes gr\u00e1tis em compras >35\u20ac. Aproveite j\u00e1 na Lifenatura","og_url":"https:\/\/www.lifenatura.com\/es\/produto\/lumbroquinasa-60-capsulas-vegi-doctors-best\/","og_site_name":"Lifenatura","article_publisher":"https:\/\/www.facebook.com\/lifenatura","article_modified_time":"2025-05-15T16:57:04+00:00","og_image":[{"width":1000,"height":1000,"url":"https:\/\/www.lifenatura.com\/wp-content\/uploads\/2025\/04\/lumbrokinase-drs.best_.jpg","type":"image\/jpeg"}],"twitter_card":"summary_large_image","twitter_misc":{"Precio":"67,90&nbsp;&euro;","Disponibilidad":"Sin existencias"},"schema":{"@context":"https:\/\/schema.org","@graph":[{"@type":"WebPage","@id":"https:\/\/www.lifenatura.com\/es\/produto\/lumbroquinasa-60-capsulas-vegi-doctors-best\/","url":"https:\/\/www.lifenatura.com\/es\/produto\/lumbroquinasa-60-capsulas-vegi-doctors-best\/","name":"Lumbroquinase 60 c\u00e1psulas vegi - Doctor's Best - Na Lifenatura ao Melhor Pre\u00e7o | Envio em 48h","isPartOf":{"@id":"https:\/\/www.lifenatura.com\/es\/#website"},"primaryImageOfPage":{"@id":"https:\/\/www.lifenatura.com\/es\/produto\/lumbroquinasa-60-capsulas-vegi-doctors-best\/#primaryimage"},"image":{"@id":"https:\/\/www.lifenatura.com\/es\/produto\/lumbroquinasa-60-capsulas-vegi-doctors-best\/#primaryimage"},"thumbnailUrl":"https:\/\/www.lifenatura.com\/wp-content\/uploads\/2025\/04\/lumbrokinase-drs.best_.jpg","datePublished":"2025-04-21T16:42:31+00:00","dateModified":"2025-05-15T16:57:04+00:00","description":"Lumbroquinasa Doctor's Best - enzimas fibrinol\u00edticas para el apoyo cardiovascular. 720.000 unidades por dosis. Favorece una circulaci\u00f3n sana.","breadcrumb":{"@id":"https:\/\/www.lifenatura.com\/es\/produto\/lumbroquinasa-60-capsulas-vegi-doctors-best\/#breadcrumb"},"inLanguage":"es","potentialAction":[{"@type":"ReadAction","target":["https:\/\/www.lifenatura.com\/es\/produto\/lumbroquinasa-60-capsulas-vegi-doctors-best\/"]}]},{"@type":"ImageObject","inLanguage":"es","@id":"https:\/\/www.lifenatura.com\/es\/produto\/lumbroquinasa-60-capsulas-vegi-doctors-best\/#primaryimage","url":"https:\/\/www.lifenatura.com\/wp-content\/uploads\/2025\/04\/lumbrokinase-drs.best_.jpg","contentUrl":"https:\/\/www.lifenatura.com\/wp-content\/uploads\/2025\/04\/lumbrokinase-drs.best_.jpg","width":1000,"height":1000,"caption":"Lumbroquinasa de los Dres. Best"},{"@type":"BreadcrumbList","@id":"https:\/\/www.lifenatura.com\/es\/produto\/lumbroquinasa-60-capsulas-vegi-doctors-best\/#breadcrumb","itemListElement":[{"@type":"ListItem","position":1,"name":"In\u00edcio","item":"https:\/\/www.lifenatura.com\/es\/"},{"@type":"ListItem","position":2,"name":"Todos los Productos","item":"https:\/\/www.lifenatura.com\/es\/tienda\/"},{"@type":"ListItem","position":3,"name":"Lumbroquinase 60 c\u00e1psulas vegi &#8211; Doctor&#8217;s Best"}]},{"@type":"WebSite","@id":"https:\/\/www.lifenatura.com\/es\/#website","url":"https:\/\/www.lifenatura.com\/es\/","name":"Lifenatura","description":"A Lifenatura \u00e9 uma loja de produtos naturais, cosm\u00e9tica natural e alimenta\u00e7\u00e3o Biol\u00f3gica.","publisher":{"@id":"https:\/\/www.lifenatura.com\/es\/#organization"},"potentialAction":[{"@type":"SearchAction","target":{"@type":"EntryPoint","urlTemplate":"https:\/\/www.lifenatura.com\/es\/?s={search_term_string}"},"query-input":{"@type":"PropertyValueSpecification","valueRequired":true,"valueName":"search_term_string"}}],"inLanguage":"es"},{"@type":"Organization","@id":"https:\/\/www.lifenatura.com\/es\/#organization","name":"Lifenatura","url":"https:\/\/www.lifenatura.com\/es\/","logo":{"@type":"ImageObject","inLanguage":"es","@id":"https:\/\/www.lifenatura.com\/es\/#\/schema\/logo\/image\/","url":"https:\/\/www.lifenatura.com\/wp-content\/uploads\/2021\/07\/logo.png","contentUrl":"https:\/\/www.lifenatura.com\/wp-content\/uploads\/2021\/07\/logo.png","width":175,"height":55,"caption":"Lifenatura"},"image":{"@id":"https:\/\/www.lifenatura.com\/es\/#\/schema\/logo\/image\/"},"sameAs":["https:\/\/www.facebook.com\/lifenatura","https:\/\/www.instagram.com\/lifenaturapt\/"],"hasMerchantReturnPolicy":{"@type":"MerchantReturnPolicy","merchantReturnLink":"https:\/\/www.lifenatura.com\/termos-condicoes-lifenatura\/"}}]},"product_price_amount":"67.90","product_price_currency":"EUR","og_availability":"out of stock","product_availability":"out of stock","product_retailer_item_id":"753950001817","product_condition":"new"},"df_price":67.9,"df_sale_price":"","df_regular_price":67.9,"df_image_link":"https:\/\/www.lifenatura.com\/wp-content\/uploads\/2025\/04\/lumbrokinase-drs.best_-300x300.jpg","_links":{"self":[{"href":"https:\/\/www.lifenatura.com\/es\/wp-json\/wp\/v2\/product\/110772","targetHints":{"allow":["GET"]}}],"collection":[{"href":"https:\/\/www.lifenatura.com\/es\/wp-json\/wp\/v2\/product"}],"about":[{"href":"https:\/\/www.lifenatura.com\/es\/wp-json\/wp\/v2\/types\/product"}],"wp:featuredmedia":[{"embeddable":true,"href":"https:\/\/www.lifenatura.com\/es\/wp-json\/wp\/v2\/media\/110321"}],"wp:attachment":[{"href":"https:\/\/www.lifenatura.com\/es\/wp-json\/wp\/v2\/media?parent=110772"}],"wp:term":[{"taxonomy":"product_brand","embeddable":true,"href":"https:\/\/www.lifenatura.com\/es\/wp-json\/wp\/v2\/product_brand?post=110772"},{"taxonomy":"product_cat","embeddable":true,"href":"https:\/\/www.lifenatura.com\/es\/wp-json\/wp\/v2\/product_cat?post=110772"},{"taxonomy":"product_tag","embeddable":true,"href":"https:\/\/www.lifenatura.com\/es\/wp-json\/wp\/v2\/product_tag?post=110772"}],"curies":[{"name":"wp","href":"https:\/\/api.w.org\/{rel}","templated":true}]}}