{"id":110771,"date":"2025-04-21T07:26:27","date_gmt":"2025-04-21T07:26:27","guid":{"rendered":"https:\/\/www.lifenatura.com\/produto\/forte-stress-flash-spray-forte-pharma\/"},"modified":"2026-04-21T00:03:58","modified_gmt":"2026-04-21T00:03:58","slug":"forte-stress-flash-spray-forte-pharma","status":"publish","type":"product","link":"https:\/\/www.lifenatura.com\/es\/produto\/forte-stress-flash-spray-forte-pharma\/","title":{"rendered":"Forte Stress Flash Spray &#8211; Forte Pharma"},"content":{"rendered":"<h2 class=\"\" style=\"text-align: left;\" data-start=\"185\" data-end=\"259\"><strong>Forte Stress Flash Spray &#8211; Alivio inmediato del estr\u00e9s en un c\u00f3modo formato<\/strong><\/h2>\n<p>&nbsp;<\/p>\n<p class=\"\" data-start=\"261\" data-end=\"577\"><strong data-start=\"261\" data-end=\"289\">Forte Stress Flash Spray<\/strong> de <strong data-start=\"293\" data-end=\"309\">Forte<\/strong> Pharma es un complemento alimenticio en formato de spray sublingual, especialmente desarrollado para proporcionar un <strong data-start=\"413\" data-end=\"465\">efecto r\u00e1pido y eficaz contra el estr\u00e9s ocasional<\/strong>. Gracias a su <strong data-start=\"480\" data-end=\"497\">acci\u00f3n inmediata<\/strong>, es el aliado ideal en los momentos de mayor tensi\u00f3n, nerviosismo o ansiedad ocasional.<\/p>\n<p class=\"\" data-start=\"579\" data-end=\"909\">Su f\u00f3rmula innovadora combina ingredientes activos de origen natural, como <strong data-start=\"657\" data-end=\"680\">el extracto de rodiola<\/strong>, <strong data-start=\"684\" data-end=\"697\">la L-teanina<\/strong>, el <strong data-start=\"701\" data-end=\"713\">magnesio<\/strong> y <strong data-start=\"718\" data-end=\"733\">la vitamina B6<\/strong>, que contribuyen al <strong data-start=\"757\" data-end=\"800\">funcionamiento normal del sistema nervioso<\/strong>, ayudando a reducir la fatiga mental y fomentando una sensaci\u00f3n de <strong data-start=\"867\" data-end=\"906\">tranquilidad y bienestar emocional.<\/strong><\/p>\n<p class=\"\" data-start=\"911\" data-end=\"1134\">Con su agradable sabor y su <strong data-start=\"936\" data-end=\"956\">formato port\u00e1til<\/strong>, este spray es f\u00e1cil de llevar y utilizar en cualquier situaci\u00f3n cotidiana, ya sea antes de una reuni\u00f3n importante, en una situaci\u00f3n de conflicto o en un momento de tensi\u00f3n repentina.<\/p>\n<h3 class=\"\" data-start=\"1136\" data-end=\"1162\">Principales ventajas:<\/h3>\n<ul data-start=\"1163\" data-end=\"1439\">\n<li class=\"\" data-start=\"1163\" data-end=\"1224\">\n<p class=\"\" data-start=\"1165\" data-end=\"1224\">Acci\u00f3n inmediata para aliviar el estr\u00e9s y la ansiedad ocasional;<\/p>\n<\/li>\n<li class=\"\" data-start=\"1225\" data-end=\"1271\">\n<p class=\"\" data-start=\"1227\" data-end=\"1271\">Favorece la relajaci\u00f3n sin provocar somnolencia;<\/p>\n<\/li>\n<li class=\"\" data-start=\"1272\" data-end=\"1327\">\n<p class=\"\" data-start=\"1274\" data-end=\"1327\">Formato pr\u00e1ctico y discreto: ideal para llevar contigo;<\/p>\n<\/li>\n<li class=\"\" data-start=\"1328\" data-end=\"1391\">\n<p class=\"\" data-start=\"1330\" data-end=\"1391\">Rico en magnesio y vitamina B6, que favorecen el sistema nervioso;<\/p>\n<\/li>\n<li class=\"\" data-start=\"1392\" data-end=\"1439\">\n<p class=\"\" data-start=\"1394\" data-end=\"1439\">F\u00f3rmula natural, sin ingredientes excitantes.<\/p>\n<\/li>\n<\/ul>\n<h3 class=\"\" data-start=\"1441\" data-end=\"1456\">Indicaciones:<\/h3>\n<p class=\"\" data-start=\"1457\" data-end=\"1483\">Adecuado para adultos que:<\/p>\n<ul data-start=\"1484\" data-end=\"1737\">\n<li class=\"\" data-start=\"1484\" data-end=\"1537\">\n<p class=\"\" data-start=\"1486\" data-end=\"1537\">Se enfrentan a momentos de estr\u00e9s ocasional o inesperado;<\/p>\n<\/li>\n<li class=\"\" data-start=\"1538\" data-end=\"1602\">\n<p class=\"\" data-start=\"1540\" data-end=\"1602\">Necesitan un efecto r\u00e1pido para mantener el control emocional;<\/p>\n<\/li>\n<li class=\"\" data-start=\"1603\" data-end=\"1669\">\n<p class=\"\" data-start=\"1605\" data-end=\"1669\">Buscan una alternativa pr\u00e1ctica y eficaz al uso de tabletas;<\/p>\n<\/li>\n<li class=\"\" data-start=\"1670\" data-end=\"1737\">\n<p class=\"\" data-start=\"1672\" data-end=\"1737\">Quieren m\u00e1s serenidad en su vida cotidiana, sin comprometer su concentraci\u00f3n.<\/p>\n<\/li>\n<\/ul>\n<p class=\"\" data-start=\"1739\" data-end=\"1830\"><strong data-start=\"1739\" data-end=\"1767\">El Spray Flash Estr\u00e9s Forte<\/strong> es la respuesta inmediata para mantener la calma cuando m\u00e1s lo necesitas. Ayudan al organismo a adaptarse al estr\u00e9s emocional y contribuyen a una actividad mental y cognitiva \u00f3ptima, permiti\u00e9ndote afrontar mejor las situaciones estresantes.<\/p>\n<p class=\"\" data-start=\"1739\" data-end=\"1830\">Alivia los dolores de est\u00f3mago asociados al nerviosismo y contribuye al funcionamiento normal del sistema nervioso.<\/p>\n<p data-start=\"1739\" data-end=\"1830\"><strong>PRESENTACI\u00d3N<\/strong><\/p>\n<p data-start=\"1739\" data-end=\"1830\">15 ml<\/p>\n<p data-start=\"1739\" data-end=\"1830\">\n","protected":false},"excerpt":{"rendered":"<p>Forte Stress Flash Spray: alivio r\u00e1pido y natural del estr\u00e9s. C\u00f3modo formato sublingual con rodiola, L-teanina y magnesio. Efecto inmediato. [&#8230;]<\/p>\n<p><a class=\"btn btn-secondary understrap-read-more-link\" href=\"https:\/\/www.lifenatura.com\/es\/produto\/forte-stress-flash-spray-forte-pharma\/\">Leer m\u00e1s&#8230;<span class=\"screen-reader-text\"> from Forte Stress Flash Spray &#8211; Forte Pharma<\/span><\/a><\/p>\n","protected":false},"featured_media":110235,"template":"","meta":{"_acf_changed":false},"product_brand":[8557],"product_cat":[7213,7179,7883],"product_tag":[],"class_list":{"0":"post-110771","1":"product","2":"type-product","3":"status-publish","4":"has-post-thumbnail","6":"product_brand-forte-pharma","7":"product_cat-ansiedad-y-depresion","8":"product_cat-salud","9":"product_cat-suplementos-alimenticios","11":"first","12":"instock","13":"sale","14":"shipping-taxable","15":"purchasable","16":"product-type-simple","17":"add-to-wishlist-before_image"},"acf":[],"yoast_head":"<!-- This site is optimized with the Yoast SEO Premium plugin v27.1 (Yoast SEO v27.5) - https:\/\/yoast.com\/product\/yoast-seo-premium-wordpress\/ -->\n<title>Forte Stress Flash Spray - Forte Pharma - Na Lifenatura ao Melhor Pre\u00e7o | Envio em 48h<\/title>\n<meta name=\"description\" content=\"Forte Stress Flash Spray: alivio r\u00e1pido y natural del estr\u00e9s. C\u00f3modo formato sublingual con rodiola, L-teanina y magnesio. Efecto inmediato.\" \/>\n<meta name=\"robots\" content=\"index, follow, max-snippet:-1, max-image-preview:large, max-video-preview:-1\" \/>\n<link rel=\"canonical\" href=\"https:\/\/www.lifenatura.com\/es\/produto\/forte-stress-flash-spray-forte-pharma\/\" \/>\n<meta property=\"og:locale\" content=\"es_ES\" \/>\n<meta property=\"og:type\" content=\"article\" \/>\n<meta property=\"og:title\" content=\"Forte Stress Flash Spray - Forte Pharma - Na Lifenatura ao Melhor Pre\u00e7o | Envio 48h\" \/>\n<meta property=\"og:description\" content=\"Compre Forte Stress Flash Spray - Forte Pharma com envio r\u00e1pido. Entrega em 48h e portes gr\u00e1tis em compras &gt;35\u20ac. Aproveite j\u00e1 na Lifenatura\" \/>\n<meta property=\"og:url\" content=\"https:\/\/www.lifenatura.com\/es\/produto\/forte-stress-flash-spray-forte-pharma\/\" \/>\n<meta property=\"og:site_name\" content=\"Lifenatura\" \/>\n<meta property=\"article:publisher\" content=\"https:\/\/www.facebook.com\/lifenatura\" \/>\n<meta property=\"article:modified_time\" content=\"2026-04-21T00:03:58+00:00\" \/>\n<meta property=\"og:image\" content=\"https:\/\/www.lifenatura.com\/wp-content\/uploads\/2025\/04\/forte-stress-flash-spray-forte-pharma.jpg\" \/>\n\t<meta property=\"og:image:width\" content=\"1000\" \/>\n\t<meta property=\"og:image:height\" content=\"1000\" \/>\n\t<meta property=\"og:image:type\" content=\"image\/jpeg\" \/>\n<meta name=\"twitter:card\" content=\"summary_large_image\" \/>\n<meta name=\"twitter:label1\" content=\"Precio\" \/>\n\t<meta name=\"twitter:data1\" content=\"12,90&nbsp;&euro;\" \/>\n\t<meta name=\"twitter:label2\" content=\"Disponibilidad\" \/>\n\t<meta name=\"twitter:data2\" content=\"Disponible\" \/>\n<script type=\"application\/ld+json\" class=\"yoast-schema-graph\">{\"@context\":\"https:\\\/\\\/schema.org\",\"@graph\":[{\"@type\":\"WebPage\",\"@id\":\"https:\\\/\\\/www.lifenatura.com\\\/es\\\/produto\\\/forte-stress-flash-spray-forte-pharma\\\/\",\"url\":\"https:\\\/\\\/www.lifenatura.com\\\/es\\\/produto\\\/forte-stress-flash-spray-forte-pharma\\\/\",\"name\":\"Forte Stress Flash Spray - Forte Pharma - Na Lifenatura ao Melhor Pre\u00e7o | Envio em 48h\",\"isPartOf\":{\"@id\":\"https:\\\/\\\/www.lifenatura.com\\\/es\\\/#website\"},\"primaryImageOfPage\":{\"@id\":\"https:\\\/\\\/www.lifenatura.com\\\/es\\\/produto\\\/forte-stress-flash-spray-forte-pharma\\\/#primaryimage\"},\"image\":{\"@id\":\"https:\\\/\\\/www.lifenatura.com\\\/es\\\/produto\\\/forte-stress-flash-spray-forte-pharma\\\/#primaryimage\"},\"thumbnailUrl\":\"https:\\\/\\\/www.lifenatura.com\\\/wp-content\\\/uploads\\\/2025\\\/04\\\/forte-stress-flash-spray-forte-pharma.jpg\",\"datePublished\":\"2025-04-21T07:26:27+00:00\",\"dateModified\":\"2026-04-21T00:03:58+00:00\",\"description\":\"Forte Stress Flash Spray: alivio r\u00e1pido y natural del estr\u00e9s. C\u00f3modo formato sublingual con rodiola, L-teanina y magnesio. Efecto inmediato.\",\"breadcrumb\":{\"@id\":\"https:\\\/\\\/www.lifenatura.com\\\/es\\\/produto\\\/forte-stress-flash-spray-forte-pharma\\\/#breadcrumb\"},\"inLanguage\":\"es\",\"potentialAction\":[{\"@type\":\"ReadAction\",\"target\":[\"https:\\\/\\\/www.lifenatura.com\\\/es\\\/produto\\\/forte-stress-flash-spray-forte-pharma\\\/\"]}]},{\"@type\":\"ImageObject\",\"inLanguage\":\"es\",\"@id\":\"https:\\\/\\\/www.lifenatura.com\\\/es\\\/produto\\\/forte-stress-flash-spray-forte-pharma\\\/#primaryimage\",\"url\":\"https:\\\/\\\/www.lifenatura.com\\\/wp-content\\\/uploads\\\/2025\\\/04\\\/forte-stress-flash-spray-forte-pharma.jpg\",\"contentUrl\":\"https:\\\/\\\/www.lifenatura.com\\\/wp-content\\\/uploads\\\/2025\\\/04\\\/forte-stress-flash-spray-forte-pharma.jpg\",\"width\":1000,\"height\":1000,\"caption\":\"Forte Stress flash spray de Forte Pharma\"},{\"@type\":\"BreadcrumbList\",\"@id\":\"https:\\\/\\\/www.lifenatura.com\\\/es\\\/produto\\\/forte-stress-flash-spray-forte-pharma\\\/#breadcrumb\",\"itemListElement\":[{\"@type\":\"ListItem\",\"position\":1,\"name\":\"In\u00edcio\",\"item\":\"https:\\\/\\\/www.lifenatura.com\\\/es\\\/\"},{\"@type\":\"ListItem\",\"position\":2,\"name\":\"Todos los Productos\",\"item\":\"https:\\\/\\\/www.lifenatura.com\\\/es\\\/tienda\\\/\"},{\"@type\":\"ListItem\",\"position\":3,\"name\":\"Forte Stress Flash Spray &#8211; Forte Pharma\"}]},{\"@type\":\"WebSite\",\"@id\":\"https:\\\/\\\/www.lifenatura.com\\\/es\\\/#website\",\"url\":\"https:\\\/\\\/www.lifenatura.com\\\/es\\\/\",\"name\":\"Lifenatura\",\"description\":\"A Lifenatura \u00e9 uma loja de produtos naturais, cosm\u00e9tica natural e alimenta\u00e7\u00e3o Biol\u00f3gica.\",\"publisher\":{\"@id\":\"https:\\\/\\\/www.lifenatura.com\\\/es\\\/#organization\"},\"potentialAction\":[{\"@type\":\"SearchAction\",\"target\":{\"@type\":\"EntryPoint\",\"urlTemplate\":\"https:\\\/\\\/www.lifenatura.com\\\/es\\\/?s={search_term_string}\"},\"query-input\":{\"@type\":\"PropertyValueSpecification\",\"valueRequired\":true,\"valueName\":\"search_term_string\"}}],\"inLanguage\":\"es\"},{\"@type\":\"Organization\",\"@id\":\"https:\\\/\\\/www.lifenatura.com\\\/es\\\/#organization\",\"name\":\"Lifenatura\",\"url\":\"https:\\\/\\\/www.lifenatura.com\\\/es\\\/\",\"logo\":{\"@type\":\"ImageObject\",\"inLanguage\":\"es\",\"@id\":\"https:\\\/\\\/www.lifenatura.com\\\/es\\\/#\\\/schema\\\/logo\\\/image\\\/\",\"url\":\"https:\\\/\\\/www.lifenatura.com\\\/wp-content\\\/uploads\\\/2021\\\/07\\\/logo.png\",\"contentUrl\":\"https:\\\/\\\/www.lifenatura.com\\\/wp-content\\\/uploads\\\/2021\\\/07\\\/logo.png\",\"width\":175,\"height\":55,\"caption\":\"Lifenatura\"},\"image\":{\"@id\":\"https:\\\/\\\/www.lifenatura.com\\\/es\\\/#\\\/schema\\\/logo\\\/image\\\/\"},\"sameAs\":[\"https:\\\/\\\/www.facebook.com\\\/lifenatura\",\"https:\\\/\\\/www.instagram.com\\\/lifenaturapt\\\/\"],\"hasMerchantReturnPolicy\":{\"@type\":\"MerchantReturnPolicy\",\"merchantReturnLink\":\"https:\\\/\\\/www.lifenatura.com\\\/termos-condicoes-lifenatura\\\/\"}}]}<\/script>\n<meta property=\"product:price:amount\" content=\"12.90\" \/>\n<meta property=\"product:price:currency\" content=\"EUR\" \/>\n<meta property=\"og:availability\" content=\"instock\" \/>\n<meta property=\"product:availability\" content=\"instock\" \/>\n<meta property=\"product:retailer_item_id\" content=\"6275263\" \/>\n<meta property=\"product:condition\" content=\"new\" \/>\n<!-- \/ Yoast SEO Premium plugin. -->","yoast_head_json":{"title":"Forte Stress Flash Spray - Forte Pharma - Na Lifenatura ao Melhor Pre\u00e7o | Envio em 48h","description":"Forte Stress Flash Spray: alivio r\u00e1pido y natural del estr\u00e9s. C\u00f3modo formato sublingual con rodiola, L-teanina y magnesio. Efecto inmediato.","robots":{"index":"index","follow":"follow","max-snippet":"max-snippet:-1","max-image-preview":"max-image-preview:large","max-video-preview":"max-video-preview:-1"},"canonical":"https:\/\/www.lifenatura.com\/es\/produto\/forte-stress-flash-spray-forte-pharma\/","og_locale":"es_ES","og_type":"article","og_title":"Forte Stress Flash Spray - Forte Pharma - Na Lifenatura ao Melhor Pre\u00e7o | Envio 48h","og_description":"Compre Forte Stress Flash Spray - Forte Pharma com envio r\u00e1pido. Entrega em 48h e portes gr\u00e1tis em compras >35\u20ac. Aproveite j\u00e1 na Lifenatura","og_url":"https:\/\/www.lifenatura.com\/es\/produto\/forte-stress-flash-spray-forte-pharma\/","og_site_name":"Lifenatura","article_publisher":"https:\/\/www.facebook.com\/lifenatura","article_modified_time":"2026-04-21T00:03:58+00:00","og_image":[{"width":1000,"height":1000,"url":"https:\/\/www.lifenatura.com\/wp-content\/uploads\/2025\/04\/forte-stress-flash-spray-forte-pharma.jpg","type":"image\/jpeg"}],"twitter_card":"summary_large_image","twitter_misc":{"Precio":"12,90&nbsp;&euro;","Disponibilidad":"Disponible"},"schema":{"@context":"https:\/\/schema.org","@graph":[{"@type":"WebPage","@id":"https:\/\/www.lifenatura.com\/es\/produto\/forte-stress-flash-spray-forte-pharma\/","url":"https:\/\/www.lifenatura.com\/es\/produto\/forte-stress-flash-spray-forte-pharma\/","name":"Forte Stress Flash Spray - Forte Pharma - Na Lifenatura ao Melhor Pre\u00e7o | Envio em 48h","isPartOf":{"@id":"https:\/\/www.lifenatura.com\/es\/#website"},"primaryImageOfPage":{"@id":"https:\/\/www.lifenatura.com\/es\/produto\/forte-stress-flash-spray-forte-pharma\/#primaryimage"},"image":{"@id":"https:\/\/www.lifenatura.com\/es\/produto\/forte-stress-flash-spray-forte-pharma\/#primaryimage"},"thumbnailUrl":"https:\/\/www.lifenatura.com\/wp-content\/uploads\/2025\/04\/forte-stress-flash-spray-forte-pharma.jpg","datePublished":"2025-04-21T07:26:27+00:00","dateModified":"2026-04-21T00:03:58+00:00","description":"Forte Stress Flash Spray: alivio r\u00e1pido y natural del estr\u00e9s. C\u00f3modo formato sublingual con rodiola, L-teanina y magnesio. Efecto inmediato.","breadcrumb":{"@id":"https:\/\/www.lifenatura.com\/es\/produto\/forte-stress-flash-spray-forte-pharma\/#breadcrumb"},"inLanguage":"es","potentialAction":[{"@type":"ReadAction","target":["https:\/\/www.lifenatura.com\/es\/produto\/forte-stress-flash-spray-forte-pharma\/"]}]},{"@type":"ImageObject","inLanguage":"es","@id":"https:\/\/www.lifenatura.com\/es\/produto\/forte-stress-flash-spray-forte-pharma\/#primaryimage","url":"https:\/\/www.lifenatura.com\/wp-content\/uploads\/2025\/04\/forte-stress-flash-spray-forte-pharma.jpg","contentUrl":"https:\/\/www.lifenatura.com\/wp-content\/uploads\/2025\/04\/forte-stress-flash-spray-forte-pharma.jpg","width":1000,"height":1000,"caption":"Forte Stress flash spray de Forte Pharma"},{"@type":"BreadcrumbList","@id":"https:\/\/www.lifenatura.com\/es\/produto\/forte-stress-flash-spray-forte-pharma\/#breadcrumb","itemListElement":[{"@type":"ListItem","position":1,"name":"In\u00edcio","item":"https:\/\/www.lifenatura.com\/es\/"},{"@type":"ListItem","position":2,"name":"Todos los Productos","item":"https:\/\/www.lifenatura.com\/es\/tienda\/"},{"@type":"ListItem","position":3,"name":"Forte Stress Flash Spray &#8211; Forte Pharma"}]},{"@type":"WebSite","@id":"https:\/\/www.lifenatura.com\/es\/#website","url":"https:\/\/www.lifenatura.com\/es\/","name":"Lifenatura","description":"A Lifenatura \u00e9 uma loja de produtos naturais, cosm\u00e9tica natural e alimenta\u00e7\u00e3o Biol\u00f3gica.","publisher":{"@id":"https:\/\/www.lifenatura.com\/es\/#organization"},"potentialAction":[{"@type":"SearchAction","target":{"@type":"EntryPoint","urlTemplate":"https:\/\/www.lifenatura.com\/es\/?s={search_term_string}"},"query-input":{"@type":"PropertyValueSpecification","valueRequired":true,"valueName":"search_term_string"}}],"inLanguage":"es"},{"@type":"Organization","@id":"https:\/\/www.lifenatura.com\/es\/#organization","name":"Lifenatura","url":"https:\/\/www.lifenatura.com\/es\/","logo":{"@type":"ImageObject","inLanguage":"es","@id":"https:\/\/www.lifenatura.com\/es\/#\/schema\/logo\/image\/","url":"https:\/\/www.lifenatura.com\/wp-content\/uploads\/2021\/07\/logo.png","contentUrl":"https:\/\/www.lifenatura.com\/wp-content\/uploads\/2021\/07\/logo.png","width":175,"height":55,"caption":"Lifenatura"},"image":{"@id":"https:\/\/www.lifenatura.com\/es\/#\/schema\/logo\/image\/"},"sameAs":["https:\/\/www.facebook.com\/lifenatura","https:\/\/www.instagram.com\/lifenaturapt\/"],"hasMerchantReturnPolicy":{"@type":"MerchantReturnPolicy","merchantReturnLink":"https:\/\/www.lifenatura.com\/termos-condicoes-lifenatura\/"}}]},"product_price_amount":"12.90","product_price_currency":"EUR","og_availability":"instock","product_availability":"instock","product_retailer_item_id":"6275263","product_condition":"new"},"df_price":12.9,"df_sale_price":12.9,"df_regular_price":16.76,"df_image_link":"https:\/\/www.lifenatura.com\/wp-content\/uploads\/2025\/04\/forte-stress-flash-spray-forte-pharma-300x300.jpg","_links":{"self":[{"href":"https:\/\/www.lifenatura.com\/es\/wp-json\/wp\/v2\/product\/110771","targetHints":{"allow":["GET"]}}],"collection":[{"href":"https:\/\/www.lifenatura.com\/es\/wp-json\/wp\/v2\/product"}],"about":[{"href":"https:\/\/www.lifenatura.com\/es\/wp-json\/wp\/v2\/types\/product"}],"wp:featuredmedia":[{"embeddable":true,"href":"https:\/\/www.lifenatura.com\/es\/wp-json\/wp\/v2\/media\/110235"}],"wp:attachment":[{"href":"https:\/\/www.lifenatura.com\/es\/wp-json\/wp\/v2\/media?parent=110771"}],"wp:term":[{"taxonomy":"product_brand","embeddable":true,"href":"https:\/\/www.lifenatura.com\/es\/wp-json\/wp\/v2\/product_brand?post=110771"},{"taxonomy":"product_cat","embeddable":true,"href":"https:\/\/www.lifenatura.com\/es\/wp-json\/wp\/v2\/product_cat?post=110771"},{"taxonomy":"product_tag","embeddable":true,"href":"https:\/\/www.lifenatura.com\/es\/wp-json\/wp\/v2\/product_tag?post=110771"}],"curies":[{"name":"wp","href":"https:\/\/api.w.org\/{rel}","templated":true}]}}