{"id":110770,"date":"2025-04-18T14:17:40","date_gmt":"2025-04-18T14:17:40","guid":{"rendered":"https:\/\/www.lifenatura.com\/produto\/forte-stress-flash-10-comprimidos-forte-pharma\/"},"modified":"2026-04-08T01:19:34","modified_gmt":"2026-04-08T01:19:34","slug":"forte-stress-flash-10-comprimidos-forte-pharma","status":"publish","type":"product","link":"https:\/\/www.lifenatura.com\/es\/produto\/forte-stress-flash-10-comprimidos-forte-pharma\/","title":{"rendered":"Forte Stress Flash 10 Comprimidos &#8211; Forte Pharma"},"content":{"rendered":"<h2 style=\"text-align: left;\"><strong>Flash Estr\u00e9s Fuerte para reducir los picos de estr\u00e9s<\/strong><\/h2>\n<p>&nbsp;<\/p>\n<p class=\"\" data-start=\"232\" data-end=\"709\"><strong data-start=\"232\" data-end=\"270\">Forte Stress Flash de Forte<\/strong> Pharma es un complemento alimenticio especialmente formulado para <strong data-start=\"326\" data-end=\"365\">ayudar a reducir el estr\u00e9s ocasional<\/strong> y la tensi\u00f3n acumulada, proporcionando un efecto r\u00e1pido y eficaz. Su f\u00f3rmula combina ingredientes reconocidos por su papel en el <strong data-start=\"496\" data-end=\"539\">equilibrio emocional y el bienestar mental<\/strong>, en particular <strong data-start=\"561\" data-end=\"573\">magnesio<\/strong>, <strong data-start=\"577\" data-end=\"592\">vitamina B6<\/strong>, <strong data-start=\"596\" data-end=\"607\">rodiola<\/strong> y <strong data-start=\"612\" data-end=\"625\">L-teanina<\/strong>, sustancias que act\u00faan sin\u00e9rgicamente para promover la calma sin causar somnolencia.<\/p>\n<p class=\"\" data-start=\"711\" data-end=\"1003\">Gracias a su <strong data-start=\"725\" data-end=\"774\">pr\u00e1ctico formato en comprimidos de acci\u00f3n r\u00e1pida<\/strong>, es ideal para situaciones ocasionales de mayor estr\u00e9s, como reuniones importantes, ex\u00e1menes, viajes o momentos de tensi\u00f3n emocional. Act\u00faa r\u00e1pidamente, ayudando a recuperar la concentraci\u00f3n, la tranquilidad y la energ\u00eda mental en la vida cotidiana.<\/p>\n<p class=\"\" data-start=\"1005\" data-end=\"1174\"><strong data-start=\"1005\" data-end=\"1027\">Forte Stress Flash<\/strong> es una soluci\u00f3n eficaz, de origen natural, sin ingredientes estimulantes, bien tolerada y adecuada para adultos con un estilo de vida exigente.<\/p>\n<h3 class=\"\" data-start=\"1176\" data-end=\"1202\">Principales ventajas:<\/h3>\n<ul data-start=\"1203\" data-end=\"1506\">\n<li class=\"\" data-start=\"1203\" data-end=\"1264\">\n<p class=\"\" data-start=\"1205\" data-end=\"1264\">Alivio r\u00e1pido de los s\u00edntomas del estr\u00e9s y la ansiedad ocasional;<\/p>\n<\/li>\n<li class=\"\" data-start=\"1265\" data-end=\"1325\">\n<p class=\"\" data-start=\"1267\" data-end=\"1325\">Favorece la relajaci\u00f3n y el bienestar sin provocar somnolencia;<\/p>\n<\/li>\n<li class=\"\" data-start=\"1326\" data-end=\"1391\">\n<p class=\"\" data-start=\"1328\" data-end=\"1391\">Ayuda a mantener la concentraci\u00f3n y la claridad mental en momentos exigentes;<\/p>\n<\/li>\n<li class=\"\" data-start=\"1392\" data-end=\"1440\">\n<p class=\"\" data-start=\"1394\" data-end=\"1440\">Acci\u00f3n r\u00e1pida y pr\u00e1ctica, ideal para uso ocasional;<\/p>\n<\/li>\n<li class=\"\" data-start=\"1441\" data-end=\"1506\">\n<p class=\"\" data-start=\"1443\" data-end=\"1506\">F\u00f3rmula natural con magnesio, vitamina B6, L-teanina y rodiola.<\/p>\n<\/li>\n<\/ul>\n<h3 class=\"\" data-start=\"1508\" data-end=\"1523\">Indicaciones:<\/h3>\n<p class=\"\" data-start=\"1524\" data-end=\"1550\">Adecuado para adultos que:<\/p>\n<ul data-start=\"1551\" data-end=\"1835\">\n<li class=\"\" data-start=\"1551\" data-end=\"1623\">\n<p class=\"\" data-start=\"1553\" data-end=\"1623\">Experimentan estr\u00e9s repentino o momentos emocionalmente exigentes;<\/p>\n<\/li>\n<li class=\"\" data-start=\"1624\" data-end=\"1695\">\n<p class=\"\" data-start=\"1626\" data-end=\"1695\">Experimentan tensi\u00f3n nerviosa, irritabilidad o dificultad para concentrarse;<\/p>\n<\/li>\n<li class=\"\" data-start=\"1696\" data-end=\"1761\">\n<p class=\"\" data-start=\"1698\" data-end=\"1761\">Buscan una soluci\u00f3n natural para hacer frente al estr\u00e9s ocasional;<\/p>\n<\/li>\n<li class=\"\" data-start=\"1762\" data-end=\"1835\">\n<p class=\"\" data-start=\"1764\" data-end=\"1835\">Quieren un apoyo r\u00e1pido y eficaz sin comprometer su rendimiento diario.<\/p>\n<\/li>\n<\/ul>\n<p class=\"\" data-start=\"1837\" data-end=\"1933\">Forte Stress Flash es el aliado ideal para afrontar el d\u00eda con m\u00e1s calma, claridad y control.<\/p>\n<p data-start=\"1837\" data-end=\"1933\"><strong>PRESENTACI\u00d3N<\/strong><\/p>\n<p data-start=\"1837\" data-end=\"1933\">10 comprimidos<\/p>\n<p data-start=\"1837\" data-end=\"1933\">\n","protected":false},"excerpt":{"rendered":"<p>Forte Stress Flash &#8211; alivio r\u00e1pido del estr\u00e9s y la ansiedad ocasional. Acci\u00f3n inmediata con magnesio, B6, rodiola y L-teanina. Ideal para momentos exigentes. [&#8230;]<\/p>\n<p><a class=\"btn btn-secondary understrap-read-more-link\" href=\"https:\/\/www.lifenatura.com\/es\/produto\/forte-stress-flash-10-comprimidos-forte-pharma\/\">Leer m\u00e1s&#8230;<span class=\"screen-reader-text\"> from Forte Stress Flash 10 Comprimidos &#8211; Forte Pharma<\/span><\/a><\/p>\n","protected":false},"featured_media":110233,"template":"","meta":{"_acf_changed":false},"product_brand":[8557],"product_cat":[7213,7179,7883],"product_tag":[],"class_list":{"0":"post-110770","1":"product","2":"type-product","3":"status-publish","4":"has-post-thumbnail","6":"product_brand-forte-pharma","7":"product_cat-ansiedad-y-depresion","8":"product_cat-salud","9":"product_cat-suplementos-alimenticios","11":"first","12":"instock","13":"shipping-taxable","14":"purchasable","15":"product-type-simple","16":"add-to-wishlist-before_image"},"acf":[],"yoast_head":"<!-- This site is optimized with the Yoast SEO Premium plugin v27.1 (Yoast SEO v27.3) - https:\/\/yoast.com\/product\/yoast-seo-premium-wordpress\/ -->\n<title>Forte Stress Flash 10 Comprimidos - Forte Pharma - Lifenatura<\/title>\n<meta name=\"description\" content=\"Forte Stress Flash alivio r\u00e1pido del estr\u00e9s y la ansiedad ocasional. Acci\u00f3n inmediata con magnesio, B6, rodiola y L-teanina. Ideal para momentos exigentes.\" \/>\n<meta name=\"robots\" content=\"index, follow, max-snippet:-1, max-image-preview:large, max-video-preview:-1\" \/>\n<link rel=\"canonical\" href=\"https:\/\/www.lifenatura.com\/es\/produto\/forte-stress-flash-10-comprimidos-forte-pharma\/\" \/>\n<meta property=\"og:locale\" content=\"es_ES\" \/>\n<meta property=\"og:type\" content=\"article\" \/>\n<meta property=\"og:title\" content=\"Forte Stress Flash 10 Comprimidos - Forte Pharma - Lifenatura\" \/>\n<meta property=\"og:description\" content=\"Compre aqui o seu Forte Stress Flash 10 Comprimidos - Forte Pharma e a Lifenatura Online envia em 48 H com Portes Gratis &gt;35\u20ac de Pedido.\" \/>\n<meta property=\"og:url\" content=\"https:\/\/www.lifenatura.com\/es\/produto\/forte-stress-flash-10-comprimidos-forte-pharma\/\" \/>\n<meta property=\"og:site_name\" content=\"Lifenatura\" \/>\n<meta property=\"article:publisher\" content=\"https:\/\/www.facebook.com\/lifenatura\" \/>\n<meta property=\"article:modified_time\" content=\"2026-04-08T01:19:34+00:00\" \/>\n<meta property=\"og:image\" content=\"https:\/\/www.lifenatura.com\/wp-content\/uploads\/2025\/04\/forte-stress-flash-comprimidos-forte-pharma.jpg\" \/>\n\t<meta property=\"og:image:width\" content=\"1000\" \/>\n\t<meta property=\"og:image:height\" content=\"1000\" \/>\n\t<meta property=\"og:image:type\" content=\"image\/jpeg\" \/>\n<meta name=\"twitter:card\" content=\"summary_large_image\" \/>\n<meta name=\"twitter:label1\" content=\"Precio\" \/>\n\t<meta name=\"twitter:data1\" content=\"15,72&nbsp;&euro;\" \/>\n\t<meta name=\"twitter:label2\" content=\"Disponibilidad\" \/>\n\t<meta name=\"twitter:data2\" content=\"Disponible\" \/>\n<meta property=\"product:price:amount\" content=\"15.72\" \/>\n<meta property=\"product:price:currency\" content=\"EUR\" \/>\n<meta property=\"og:availability\" content=\"instock\" \/>\n<meta property=\"product:availability\" content=\"instock\" \/>\n<meta property=\"product:retailer_item_id\" content=\"7525824\" \/>\n<meta property=\"product:condition\" content=\"new\" \/>\n<!-- \/ Yoast SEO Premium plugin. -->","yoast_head_json":{"title":"Forte Stress Flash 10 Comprimidos - Forte Pharma - Lifenatura","description":"Forte Stress Flash alivio r\u00e1pido del estr\u00e9s y la ansiedad ocasional. Acci\u00f3n inmediata con magnesio, B6, rodiola y L-teanina. Ideal para momentos exigentes.","robots":{"index":"index","follow":"follow","max-snippet":"max-snippet:-1","max-image-preview":"max-image-preview:large","max-video-preview":"max-video-preview:-1"},"canonical":"https:\/\/www.lifenatura.com\/es\/produto\/forte-stress-flash-10-comprimidos-forte-pharma\/","og_locale":"es_ES","og_type":"article","og_title":"Forte Stress Flash 10 Comprimidos - Forte Pharma - Lifenatura","og_description":"Compre aqui o seu Forte Stress Flash 10 Comprimidos - Forte Pharma e a Lifenatura Online envia em 48 H com Portes Gratis >35\u20ac de Pedido.","og_url":"https:\/\/www.lifenatura.com\/es\/produto\/forte-stress-flash-10-comprimidos-forte-pharma\/","og_site_name":"Lifenatura","article_publisher":"https:\/\/www.facebook.com\/lifenatura","article_modified_time":"2026-04-08T01:19:34+00:00","og_image":[{"width":1000,"height":1000,"url":"https:\/\/www.lifenatura.com\/wp-content\/uploads\/2025\/04\/forte-stress-flash-comprimidos-forte-pharma.jpg","type":"image\/jpeg"}],"twitter_card":"summary_large_image","twitter_misc":{"Precio":"15,72&nbsp;&euro;","Disponibilidad":"Disponible"},"schema":{"@context":"https:\/\/schema.org","@graph":[{"@type":"WebPage","@id":"https:\/\/www.lifenatura.com\/es\/produto\/forte-stress-flash-10-comprimidos-forte-pharma\/","url":"https:\/\/www.lifenatura.com\/es\/produto\/forte-stress-flash-10-comprimidos-forte-pharma\/","name":"Forte Stress Flash 10 Comprimidos - Forte Pharma - Lifenatura","isPartOf":{"@id":"https:\/\/www.lifenatura.com\/es\/#website"},"primaryImageOfPage":{"@id":"https:\/\/www.lifenatura.com\/es\/produto\/forte-stress-flash-10-comprimidos-forte-pharma\/#primaryimage"},"image":{"@id":"https:\/\/www.lifenatura.com\/es\/produto\/forte-stress-flash-10-comprimidos-forte-pharma\/#primaryimage"},"thumbnailUrl":"https:\/\/www.lifenatura.com\/wp-content\/uploads\/2025\/04\/forte-stress-flash-comprimidos-forte-pharma.jpg","datePublished":"2025-04-18T14:17:40+00:00","dateModified":"2026-04-08T01:19:34+00:00","description":"Forte Stress Flash alivio r\u00e1pido del estr\u00e9s y la ansiedad ocasional. Acci\u00f3n inmediata con magnesio, B6, rodiola y L-teanina. Ideal para momentos exigentes.","breadcrumb":{"@id":"https:\/\/www.lifenatura.com\/es\/produto\/forte-stress-flash-10-comprimidos-forte-pharma\/#breadcrumb"},"inLanguage":"es","potentialAction":[{"@type":"ReadAction","target":["https:\/\/www.lifenatura.com\/es\/produto\/forte-stress-flash-10-comprimidos-forte-pharma\/"]}]},{"@type":"ImageObject","inLanguage":"es","@id":"https:\/\/www.lifenatura.com\/es\/produto\/forte-stress-flash-10-comprimidos-forte-pharma\/#primaryimage","url":"https:\/\/www.lifenatura.com\/wp-content\/uploads\/2025\/04\/forte-stress-flash-comprimidos-forte-pharma.jpg","contentUrl":"https:\/\/www.lifenatura.com\/wp-content\/uploads\/2025\/04\/forte-stress-flash-comprimidos-forte-pharma.jpg","width":1000,"height":1000,"caption":"Forte Stress Flash comprimidos de forte Pharma"},{"@type":"BreadcrumbList","@id":"https:\/\/www.lifenatura.com\/es\/produto\/forte-stress-flash-10-comprimidos-forte-pharma\/#breadcrumb","itemListElement":[{"@type":"ListItem","position":1,"name":"In\u00edcio","item":"https:\/\/www.lifenatura.com\/es\/"},{"@type":"ListItem","position":2,"name":"Todos los Productos","item":"https:\/\/www.lifenatura.com\/es\/tienda\/"},{"@type":"ListItem","position":3,"name":"Forte Stress Flash 10 Comprimidos &#8211; Forte Pharma"}]},{"@type":"WebSite","@id":"https:\/\/www.lifenatura.com\/es\/#website","url":"https:\/\/www.lifenatura.com\/es\/","name":"Lifenatura","description":"A Lifenatura \u00e9 uma loja de produtos naturais, cosm\u00e9tica natural e alimenta\u00e7\u00e3o Biol\u00f3gica.","publisher":{"@id":"https:\/\/www.lifenatura.com\/es\/#organization"},"potentialAction":[{"@type":"SearchAction","target":{"@type":"EntryPoint","urlTemplate":"https:\/\/www.lifenatura.com\/es\/?s={search_term_string}"},"query-input":{"@type":"PropertyValueSpecification","valueRequired":true,"valueName":"search_term_string"}}],"inLanguage":"es"},{"@type":"Organization","@id":"https:\/\/www.lifenatura.com\/es\/#organization","name":"Lifenatura","url":"https:\/\/www.lifenatura.com\/es\/","logo":{"@type":"ImageObject","inLanguage":"es","@id":"https:\/\/www.lifenatura.com\/es\/#\/schema\/logo\/image\/","url":"https:\/\/www.lifenatura.com\/wp-content\/uploads\/2021\/11\/logo.png","contentUrl":"https:\/\/www.lifenatura.com\/wp-content\/uploads\/2021\/11\/logo.png","width":175,"height":55,"caption":"Lifenatura"},"image":{"@id":"https:\/\/www.lifenatura.com\/es\/#\/schema\/logo\/image\/"},"sameAs":["https:\/\/www.facebook.com\/lifenatura","https:\/\/www.instagram.com\/lifenaturapt\/"]}]},"product_price_amount":"15.72","product_price_currency":"EUR","og_availability":"instock","product_availability":"instock","product_retailer_item_id":"7525824","product_condition":"new"},"df_price":15.72,"df_sale_price":11.9,"df_regular_price":15.72,"df_image_link":"https:\/\/www.lifenatura.com\/wp-content\/uploads\/2025\/04\/forte-stress-flash-comprimidos-forte-pharma-300x300.jpg","_links":{"self":[{"href":"https:\/\/www.lifenatura.com\/es\/wp-json\/wp\/v2\/product\/110770","targetHints":{"allow":["GET"]}}],"collection":[{"href":"https:\/\/www.lifenatura.com\/es\/wp-json\/wp\/v2\/product"}],"about":[{"href":"https:\/\/www.lifenatura.com\/es\/wp-json\/wp\/v2\/types\/product"}],"wp:featuredmedia":[{"embeddable":true,"href":"https:\/\/www.lifenatura.com\/es\/wp-json\/wp\/v2\/media\/110233"}],"wp:attachment":[{"href":"https:\/\/www.lifenatura.com\/es\/wp-json\/wp\/v2\/media?parent=110770"}],"wp:term":[{"taxonomy":"product_brand","embeddable":true,"href":"https:\/\/www.lifenatura.com\/es\/wp-json\/wp\/v2\/product_brand?post=110770"},{"taxonomy":"product_cat","embeddable":true,"href":"https:\/\/www.lifenatura.com\/es\/wp-json\/wp\/v2\/product_cat?post=110770"},{"taxonomy":"product_tag","embeddable":true,"href":"https:\/\/www.lifenatura.com\/es\/wp-json\/wp\/v2\/product_tag?post=110770"}],"curies":[{"name":"wp","href":"https:\/\/api.w.org\/{rel}","templated":true}]}}