{"id":110080,"date":"2025-04-10T07:48:32","date_gmt":"2025-04-10T07:48:32","guid":{"rendered":"https:\/\/www.lifenatura.com\/produto\/chocolate-62-cacao-con-caramelo-y-flor-de-sal-80g-vivani\/"},"modified":"2025-05-15T16:44:44","modified_gmt":"2025-05-15T16:44:44","slug":"chocolate-62-cacao-con-caramelo-y-flor-de-sal-80g-vivani","status":"publish","type":"product","link":"https:\/\/www.lifenatura.com\/es\/produto\/chocolate-62-cacao-con-caramelo-y-flor-de-sal-80g-vivani\/","title":{"rendered":"Chocolate 62% Cacao con Caramelo y Flor de Sal 80g &#8211; Vivani"},"content":{"rendered":"<h2 style=\"text-align: left;\"><strong>Chocolate negro al 62% con caramelo y sal de Mallorca<\/strong><\/h2>\n<p>&nbsp;<\/p>\n<p class=\"\" data-start=\"403\" data-end=\"749\"><strong data-start=\"405\" data-end=\"466\">El Chocolate Negro 62% Cacao con<\/strong> Flor de <strong data-start=\"405\" data-end=\"466\">Sal de Vivani<\/strong> es una combinaci\u00f3n sofisticada y sorprendente que combina el intenso sabor del cacao ecol\u00f3gico con el delicado toque mineral de la flor de sal. Esta fusi\u00f3n crea una experiencia gustativa \u00fanica, donde el contraste entre lo dulce y lo salado realza a\u00fan m\u00e1s la riqueza arom\u00e1tica del chocolate negro.<\/p>\n<p class=\"\" data-start=\"751\" data-end=\"1084\">Con <strong data-start=\"755\" data-end=\"796\">un 62% de cacao fino procedente de fuentes ecol\u00f3gicas<\/strong>, esta tableta ofrece una intensidad equilibrada, perfecta para quienes disfrutan del chocolate negro con una suavidad a\u00f1adida, pero sin sacrificar la calidad y el car\u00e1cter. La flor de sal utilizada es de origen natural y se integra cuidadosamente en la receta para mantener el equilibrio de sabores.<\/p>\n<p class=\"\" data-start=\"1086\" data-end=\"1310\"><strong data-start=\"1088\" data-end=\"1098\">Vivani<\/strong>, marca l\u00edder en la producci\u00f3n de chocolate ecol\u00f3gico, garantiza un envasado artesanal, sin gluten, sin lecitina, sin aromas artificiales y respetuoso con el medio ambiente, que combina placer, salud y sostenibilidad.<\/p>\n<h4 class=\"\" data-start=\"1312\" data-end=\"1339\">Principales ventajas:<\/h4>\n<ul data-start=\"1340\" data-end=\"1601\">\n<li class=\"\" data-start=\"1340\" data-end=\"1390\">\n<p class=\"\" data-start=\"1342\" data-end=\"1390\">Equilibrio ideal entre intensidad y suavidad<\/p>\n<\/li>\n<li class=\"\" data-start=\"1391\" data-end=\"1439\">\n<p class=\"\" data-start=\"1393\" data-end=\"1439\">Potenciaci\u00f3n natural del sabor con flor de sal pura<\/p>\n<\/li>\n<li class=\"\" data-start=\"1440\" data-end=\"1484\">\n<p class=\"\" data-start=\"1442\" data-end=\"1484\">Ingredientes ecol\u00f3gicos y producci\u00f3n \u00e9tica<\/p>\n<\/li>\n<li class=\"\" data-start=\"1485\" data-end=\"1558\">\n<p class=\"\" data-start=\"1487\" data-end=\"1558\">Sin gluten, sin aditivos artificiales y apto para dietas vegetarianas<\/p>\n<\/li>\n<li class=\"\" data-start=\"1559\" data-end=\"1601\">\n<p class=\"\" data-start=\"1561\" data-end=\"1601\">Envases ecol\u00f3gicos y sin pl\u00e1stico<\/p>\n<\/li>\n<\/ul>\n<h4 class=\"\" data-start=\"1603\" data-end=\"1622\">Adecuado para:<\/h4>\n<ul data-start=\"1623\" data-end=\"1868\">\n<li class=\"\" data-start=\"1623\" data-end=\"1684\">\n<p class=\"\" data-start=\"1625\" data-end=\"1684\">Amantes del chocolate negro con un paladar curioso y exigente<\/p>\n<\/li>\n<li class=\"\" data-start=\"1685\" data-end=\"1738\">\n<p class=\"\" data-start=\"1687\" data-end=\"1738\">Los que buscan una combinaci\u00f3n gourmet y sofisticada<\/p>\n<\/li>\n<li class=\"\" data-start=\"1739\" data-end=\"1798\">\n<p class=\"\" data-start=\"1741\" data-end=\"1798\">Personas que valoran los productos ecol\u00f3gicos y conscientes<\/p>\n<\/li>\n<li class=\"\" data-start=\"1799\" data-end=\"1868\">\n<p class=\"\" data-start=\"1801\" data-end=\"1868\">Ideal para saborearlo solo, con vino tinto o al final de una comida.<\/p>\n<\/li>\n<\/ul>\n<p class=\"\" data-start=\"1870\" data-end=\"1993\"><strong data-start=\"1870\" data-end=\"1922\">Chocolate negro 62% cacao con flor<\/strong> de <strong data-start=\"1870\" data-end=\"1922\">sal Vivani<\/strong>: un elegante contraste que lleva el placer del chocolate a otro nivel.<\/p>\n<p data-start=\"1870\" data-end=\"1993\"><strong>PRESENTACI\u00d3N<\/strong><\/p>\n<p data-start=\"1870\" data-end=\"1993\">80g<\/p>\n<p data-start=\"1870\" data-end=\"1993\">\n","protected":false},"excerpt":{"rendered":"<p>Chocolate negro 62% con flor de sal, cacao ecol\u00f3gico con un toque salado. Sabor equilibrado y gourmet con ingredientes puros. Ideal para paladares exigentes. [&#8230;]<\/p>\n<p><a class=\"btn btn-secondary understrap-read-more-link\" href=\"https:\/\/www.lifenatura.com\/es\/produto\/chocolate-62-cacao-con-caramelo-y-flor-de-sal-80g-vivani\/\">Leer m\u00e1s&#8230;<span class=\"screen-reader-text\"> from Chocolate 62% Cacao con Caramelo y Flor de Sal 80g &#8211; Vivani<\/span><\/a><\/p>\n","protected":false},"featured_media":109806,"template":"","meta":{"_acf_changed":false},"product_brand":[8277],"product_cat":[7064,7152,7081,7659,7074],"product_tag":[],"class_list":{"0":"post-110080","1":"product","2":"type-product","3":"status-publish","4":"has-post-thumbnail","6":"product_brand-vivani","7":"product_cat-alimentacion-sana","8":"product_cat-cacao","9":"product_cat-chocolate-negro","10":"product_cat-ingrediente-natural-bio","11":"product_cat-productos-alimenticios","12":"pa_caracteristicas-biologico","13":"pa_caracteristicas-vegano","15":"first","16":"instock","17":"shipping-taxable","18":"purchasable","19":"product-type-simple","20":"add-to-wishlist-before_image"},"acf":[],"yoast_head":"<!-- This site is optimized with the Yoast SEO Premium plugin v27.1 (Yoast SEO v27.5) - https:\/\/yoast.com\/product\/yoast-seo-premium-wordpress\/ -->\n<title>Chocolate 62% Cacao con Caramelo y Flor de Sal 80g - Vivani - Na Lifenatura ao Melhor Pre\u00e7o | Envio em 48h<\/title>\n<meta name=\"description\" content=\"Chocolate negro 62% con flor de sal, cacao eco con un toque salado. Sabor equilibrado y gourmet con ingredientes puros. Ideal para paladares exigentes.\" \/>\n<meta name=\"robots\" content=\"index, follow, max-snippet:-1, max-image-preview:large, max-video-preview:-1\" \/>\n<link rel=\"canonical\" href=\"https:\/\/www.lifenatura.com\/es\/produto\/chocolate-62-cacao-con-caramelo-y-flor-de-sal-80g-vivani\/\" \/>\n<meta property=\"og:locale\" content=\"es_ES\" \/>\n<meta property=\"og:type\" content=\"article\" \/>\n<meta property=\"og:title\" content=\"Chocolate 62% Cacao con Caramelo y Flor de Sal 80g - Vivani - Na Lifenatura ao Melhor Pre\u00e7o | Envio 48h\" \/>\n<meta property=\"og:description\" content=\"Compre Chocolate 62% Cacao con Caramelo y Flor de Sal 80g - Vivani com envio r\u00e1pido. Entrega em 48h e portes gr\u00e1tis em compras &gt;35\u20ac. Aproveite j\u00e1 na Lifenatura\" \/>\n<meta property=\"og:url\" content=\"https:\/\/www.lifenatura.com\/es\/produto\/chocolate-62-cacao-con-caramelo-y-flor-de-sal-80g-vivani\/\" \/>\n<meta property=\"og:site_name\" content=\"Lifenatura\" \/>\n<meta property=\"article:publisher\" content=\"https:\/\/www.facebook.com\/lifenatura\" \/>\n<meta property=\"article:modified_time\" content=\"2025-05-15T16:44:44+00:00\" \/>\n<meta property=\"og:image\" content=\"https:\/\/www.lifenatura.com\/wp-content\/uploads\/2025\/04\/chocolate-62cacau-caramelo-flor-de-sal-vivani.jpg\" \/>\n\t<meta property=\"og:image:width\" content=\"1000\" \/>\n\t<meta property=\"og:image:height\" content=\"1000\" \/>\n\t<meta property=\"og:image:type\" content=\"image\/jpeg\" \/>\n<meta name=\"twitter:card\" content=\"summary_large_image\" \/>\n<meta name=\"twitter:label1\" content=\"Precio\" \/>\n\t<meta name=\"twitter:data1\" content=\"3,87&nbsp;&euro;\" \/>\n\t<meta name=\"twitter:label2\" content=\"Disponibilidad\" \/>\n\t<meta name=\"twitter:data2\" content=\"Disponible\" \/>\n<script type=\"application\/ld+json\" class=\"yoast-schema-graph\">{\"@context\":\"https:\\\/\\\/schema.org\",\"@graph\":[{\"@type\":\"WebPage\",\"@id\":\"https:\\\/\\\/www.lifenatura.com\\\/es\\\/produto\\\/chocolate-62-cacao-con-caramelo-y-flor-de-sal-80g-vivani\\\/\",\"url\":\"https:\\\/\\\/www.lifenatura.com\\\/es\\\/produto\\\/chocolate-62-cacao-con-caramelo-y-flor-de-sal-80g-vivani\\\/\",\"name\":\"Chocolate 62% Cacao con Caramelo y Flor de Sal 80g - Vivani - Na Lifenatura ao Melhor Pre\u00e7o | Envio em 48h\",\"isPartOf\":{\"@id\":\"https:\\\/\\\/www.lifenatura.com\\\/es\\\/#website\"},\"primaryImageOfPage\":{\"@id\":\"https:\\\/\\\/www.lifenatura.com\\\/es\\\/produto\\\/chocolate-62-cacao-con-caramelo-y-flor-de-sal-80g-vivani\\\/#primaryimage\"},\"image\":{\"@id\":\"https:\\\/\\\/www.lifenatura.com\\\/es\\\/produto\\\/chocolate-62-cacao-con-caramelo-y-flor-de-sal-80g-vivani\\\/#primaryimage\"},\"thumbnailUrl\":\"https:\\\/\\\/www.lifenatura.com\\\/wp-content\\\/uploads\\\/2025\\\/04\\\/chocolate-62cacau-caramelo-flor-de-sal-vivani.jpg\",\"datePublished\":\"2025-04-10T07:48:32+00:00\",\"dateModified\":\"2025-05-15T16:44:44+00:00\",\"description\":\"Chocolate negro 62% con flor de sal, cacao eco con un toque salado. Sabor equilibrado y gourmet con ingredientes puros. Ideal para paladares exigentes.\",\"breadcrumb\":{\"@id\":\"https:\\\/\\\/www.lifenatura.com\\\/es\\\/produto\\\/chocolate-62-cacao-con-caramelo-y-flor-de-sal-80g-vivani\\\/#breadcrumb\"},\"inLanguage\":\"es\",\"potentialAction\":[{\"@type\":\"ReadAction\",\"target\":[\"https:\\\/\\\/www.lifenatura.com\\\/es\\\/produto\\\/chocolate-62-cacao-con-caramelo-y-flor-de-sal-80g-vivani\\\/\"]}]},{\"@type\":\"ImageObject\",\"inLanguage\":\"es\",\"@id\":\"https:\\\/\\\/www.lifenatura.com\\\/es\\\/produto\\\/chocolate-62-cacao-con-caramelo-y-flor-de-sal-80g-vivani\\\/#primaryimage\",\"url\":\"https:\\\/\\\/www.lifenatura.com\\\/wp-content\\\/uploads\\\/2025\\\/04\\\/chocolate-62cacau-caramelo-flor-de-sal-vivani.jpg\",\"contentUrl\":\"https:\\\/\\\/www.lifenatura.com\\\/wp-content\\\/uploads\\\/2025\\\/04\\\/chocolate-62cacau-caramelo-flor-de-sal-vivani.jpg\",\"width\":1000,\"height\":1000,\"caption\":\"Chocolate con 62% de cacao, caramelo y flor de sal.\"},{\"@type\":\"BreadcrumbList\",\"@id\":\"https:\\\/\\\/www.lifenatura.com\\\/es\\\/produto\\\/chocolate-62-cacao-con-caramelo-y-flor-de-sal-80g-vivani\\\/#breadcrumb\",\"itemListElement\":[{\"@type\":\"ListItem\",\"position\":1,\"name\":\"In\u00edcio\",\"item\":\"https:\\\/\\\/www.lifenatura.com\\\/es\\\/\"},{\"@type\":\"ListItem\",\"position\":2,\"name\":\"Todos los Productos\",\"item\":\"https:\\\/\\\/www.lifenatura.com\\\/es\\\/tienda\\\/\"},{\"@type\":\"ListItem\",\"position\":3,\"name\":\"Chocolate 62% Cacao con Caramelo y Flor de Sal 80g &#8211; Vivani\"}]},{\"@type\":\"WebSite\",\"@id\":\"https:\\\/\\\/www.lifenatura.com\\\/es\\\/#website\",\"url\":\"https:\\\/\\\/www.lifenatura.com\\\/es\\\/\",\"name\":\"Lifenatura\",\"description\":\"A Lifenatura \u00e9 uma loja de produtos naturais, cosm\u00e9tica natural e alimenta\u00e7\u00e3o Biol\u00f3gica.\",\"publisher\":{\"@id\":\"https:\\\/\\\/www.lifenatura.com\\\/es\\\/#organization\"},\"potentialAction\":[{\"@type\":\"SearchAction\",\"target\":{\"@type\":\"EntryPoint\",\"urlTemplate\":\"https:\\\/\\\/www.lifenatura.com\\\/es\\\/?s={search_term_string}\"},\"query-input\":{\"@type\":\"PropertyValueSpecification\",\"valueRequired\":true,\"valueName\":\"search_term_string\"}}],\"inLanguage\":\"es\"},{\"@type\":\"Organization\",\"@id\":\"https:\\\/\\\/www.lifenatura.com\\\/es\\\/#organization\",\"name\":\"Lifenatura\",\"url\":\"https:\\\/\\\/www.lifenatura.com\\\/es\\\/\",\"logo\":{\"@type\":\"ImageObject\",\"inLanguage\":\"es\",\"@id\":\"https:\\\/\\\/www.lifenatura.com\\\/es\\\/#\\\/schema\\\/logo\\\/image\\\/\",\"url\":\"https:\\\/\\\/www.lifenatura.com\\\/wp-content\\\/uploads\\\/2021\\\/07\\\/logo.png\",\"contentUrl\":\"https:\\\/\\\/www.lifenatura.com\\\/wp-content\\\/uploads\\\/2021\\\/07\\\/logo.png\",\"width\":175,\"height\":55,\"caption\":\"Lifenatura\"},\"image\":{\"@id\":\"https:\\\/\\\/www.lifenatura.com\\\/es\\\/#\\\/schema\\\/logo\\\/image\\\/\"},\"sameAs\":[\"https:\\\/\\\/www.facebook.com\\\/lifenatura\",\"https:\\\/\\\/www.instagram.com\\\/lifenaturapt\\\/\"],\"hasMerchantReturnPolicy\":{\"@type\":\"MerchantReturnPolicy\",\"merchantReturnLink\":\"https:\\\/\\\/www.lifenatura.com\\\/termos-condicoes-lifenatura\\\/\"}}]}<\/script>\n<meta property=\"product:price:amount\" content=\"3.87\" \/>\n<meta property=\"product:price:currency\" content=\"EUR\" \/>\n<meta property=\"og:availability\" content=\"instock\" \/>\n<meta property=\"product:availability\" content=\"instock\" \/>\n<meta property=\"product:retailer_item_id\" content=\"4044889004335\" \/>\n<meta property=\"product:condition\" content=\"new\" \/>\n<!-- \/ Yoast SEO Premium plugin. -->","yoast_head_json":{"title":"Chocolate 62% Cacao con Caramelo y Flor de Sal 80g - Vivani - Na Lifenatura ao Melhor Pre\u00e7o | Envio em 48h","description":"Chocolate negro 62% con flor de sal, cacao eco con un toque salado. Sabor equilibrado y gourmet con ingredientes puros. Ideal para paladares exigentes.","robots":{"index":"index","follow":"follow","max-snippet":"max-snippet:-1","max-image-preview":"max-image-preview:large","max-video-preview":"max-video-preview:-1"},"canonical":"https:\/\/www.lifenatura.com\/es\/produto\/chocolate-62-cacao-con-caramelo-y-flor-de-sal-80g-vivani\/","og_locale":"es_ES","og_type":"article","og_title":"Chocolate 62% Cacao con Caramelo y Flor de Sal 80g - Vivani - Na Lifenatura ao Melhor Pre\u00e7o | Envio 48h","og_description":"Compre Chocolate 62% Cacao con Caramelo y Flor de Sal 80g - Vivani com envio r\u00e1pido. Entrega em 48h e portes gr\u00e1tis em compras >35\u20ac. Aproveite j\u00e1 na Lifenatura","og_url":"https:\/\/www.lifenatura.com\/es\/produto\/chocolate-62-cacao-con-caramelo-y-flor-de-sal-80g-vivani\/","og_site_name":"Lifenatura","article_publisher":"https:\/\/www.facebook.com\/lifenatura","article_modified_time":"2025-05-15T16:44:44+00:00","og_image":[{"width":1000,"height":1000,"url":"https:\/\/www.lifenatura.com\/wp-content\/uploads\/2025\/04\/chocolate-62cacau-caramelo-flor-de-sal-vivani.jpg","type":"image\/jpeg"}],"twitter_card":"summary_large_image","twitter_misc":{"Precio":"3,87&nbsp;&euro;","Disponibilidad":"Disponible"},"schema":{"@context":"https:\/\/schema.org","@graph":[{"@type":"WebPage","@id":"https:\/\/www.lifenatura.com\/es\/produto\/chocolate-62-cacao-con-caramelo-y-flor-de-sal-80g-vivani\/","url":"https:\/\/www.lifenatura.com\/es\/produto\/chocolate-62-cacao-con-caramelo-y-flor-de-sal-80g-vivani\/","name":"Chocolate 62% Cacao con Caramelo y Flor de Sal 80g - Vivani - Na Lifenatura ao Melhor Pre\u00e7o | Envio em 48h","isPartOf":{"@id":"https:\/\/www.lifenatura.com\/es\/#website"},"primaryImageOfPage":{"@id":"https:\/\/www.lifenatura.com\/es\/produto\/chocolate-62-cacao-con-caramelo-y-flor-de-sal-80g-vivani\/#primaryimage"},"image":{"@id":"https:\/\/www.lifenatura.com\/es\/produto\/chocolate-62-cacao-con-caramelo-y-flor-de-sal-80g-vivani\/#primaryimage"},"thumbnailUrl":"https:\/\/www.lifenatura.com\/wp-content\/uploads\/2025\/04\/chocolate-62cacau-caramelo-flor-de-sal-vivani.jpg","datePublished":"2025-04-10T07:48:32+00:00","dateModified":"2025-05-15T16:44:44+00:00","description":"Chocolate negro 62% con flor de sal, cacao eco con un toque salado. Sabor equilibrado y gourmet con ingredientes puros. Ideal para paladares exigentes.","breadcrumb":{"@id":"https:\/\/www.lifenatura.com\/es\/produto\/chocolate-62-cacao-con-caramelo-y-flor-de-sal-80g-vivani\/#breadcrumb"},"inLanguage":"es","potentialAction":[{"@type":"ReadAction","target":["https:\/\/www.lifenatura.com\/es\/produto\/chocolate-62-cacao-con-caramelo-y-flor-de-sal-80g-vivani\/"]}]},{"@type":"ImageObject","inLanguage":"es","@id":"https:\/\/www.lifenatura.com\/es\/produto\/chocolate-62-cacao-con-caramelo-y-flor-de-sal-80g-vivani\/#primaryimage","url":"https:\/\/www.lifenatura.com\/wp-content\/uploads\/2025\/04\/chocolate-62cacau-caramelo-flor-de-sal-vivani.jpg","contentUrl":"https:\/\/www.lifenatura.com\/wp-content\/uploads\/2025\/04\/chocolate-62cacau-caramelo-flor-de-sal-vivani.jpg","width":1000,"height":1000,"caption":"Chocolate con 62% de cacao, caramelo y flor de sal."},{"@type":"BreadcrumbList","@id":"https:\/\/www.lifenatura.com\/es\/produto\/chocolate-62-cacao-con-caramelo-y-flor-de-sal-80g-vivani\/#breadcrumb","itemListElement":[{"@type":"ListItem","position":1,"name":"In\u00edcio","item":"https:\/\/www.lifenatura.com\/es\/"},{"@type":"ListItem","position":2,"name":"Todos los Productos","item":"https:\/\/www.lifenatura.com\/es\/tienda\/"},{"@type":"ListItem","position":3,"name":"Chocolate 62% Cacao con Caramelo y Flor de Sal 80g &#8211; Vivani"}]},{"@type":"WebSite","@id":"https:\/\/www.lifenatura.com\/es\/#website","url":"https:\/\/www.lifenatura.com\/es\/","name":"Lifenatura","description":"A Lifenatura \u00e9 uma loja de produtos naturais, cosm\u00e9tica natural e alimenta\u00e7\u00e3o Biol\u00f3gica.","publisher":{"@id":"https:\/\/www.lifenatura.com\/es\/#organization"},"potentialAction":[{"@type":"SearchAction","target":{"@type":"EntryPoint","urlTemplate":"https:\/\/www.lifenatura.com\/es\/?s={search_term_string}"},"query-input":{"@type":"PropertyValueSpecification","valueRequired":true,"valueName":"search_term_string"}}],"inLanguage":"es"},{"@type":"Organization","@id":"https:\/\/www.lifenatura.com\/es\/#organization","name":"Lifenatura","url":"https:\/\/www.lifenatura.com\/es\/","logo":{"@type":"ImageObject","inLanguage":"es","@id":"https:\/\/www.lifenatura.com\/es\/#\/schema\/logo\/image\/","url":"https:\/\/www.lifenatura.com\/wp-content\/uploads\/2021\/07\/logo.png","contentUrl":"https:\/\/www.lifenatura.com\/wp-content\/uploads\/2021\/07\/logo.png","width":175,"height":55,"caption":"Lifenatura"},"image":{"@id":"https:\/\/www.lifenatura.com\/es\/#\/schema\/logo\/image\/"},"sameAs":["https:\/\/www.facebook.com\/lifenatura","https:\/\/www.instagram.com\/lifenaturapt\/"],"hasMerchantReturnPolicy":{"@type":"MerchantReturnPolicy","merchantReturnLink":"https:\/\/www.lifenatura.com\/termos-condicoes-lifenatura\/"}}]},"product_price_amount":"3.87","product_price_currency":"EUR","og_availability":"instock","product_availability":"instock","product_retailer_item_id":"4044889004335","product_condition":"new"},"df_price":3.87,"df_sale_price":"","df_regular_price":3.87,"df_image_link":"https:\/\/www.lifenatura.com\/wp-content\/uploads\/2025\/04\/chocolate-62cacau-caramelo-flor-de-sal-vivani-300x300.jpg","_links":{"self":[{"href":"https:\/\/www.lifenatura.com\/es\/wp-json\/wp\/v2\/product\/110080","targetHints":{"allow":["GET"]}}],"collection":[{"href":"https:\/\/www.lifenatura.com\/es\/wp-json\/wp\/v2\/product"}],"about":[{"href":"https:\/\/www.lifenatura.com\/es\/wp-json\/wp\/v2\/types\/product"}],"wp:featuredmedia":[{"embeddable":true,"href":"https:\/\/www.lifenatura.com\/es\/wp-json\/wp\/v2\/media\/109806"}],"wp:attachment":[{"href":"https:\/\/www.lifenatura.com\/es\/wp-json\/wp\/v2\/media?parent=110080"}],"wp:term":[{"taxonomy":"product_brand","embeddable":true,"href":"https:\/\/www.lifenatura.com\/es\/wp-json\/wp\/v2\/product_brand?post=110080"},{"taxonomy":"product_cat","embeddable":true,"href":"https:\/\/www.lifenatura.com\/es\/wp-json\/wp\/v2\/product_cat?post=110080"},{"taxonomy":"product_tag","embeddable":true,"href":"https:\/\/www.lifenatura.com\/es\/wp-json\/wp\/v2\/product_tag?post=110080"}],"curies":[{"name":"wp","href":"https:\/\/api.w.org\/{rel}","templated":true}]}}